{"id":9656,"date":"2024-02-23T15:40:00","date_gmt":"2024-02-23T14:40:00","guid":{"rendered":"https:\/\/sybir.bialystok.pl\/restauracja-mozaika\/"},"modified":"2024-03-25T10:17:13","modified_gmt":"2024-03-25T09:17:13","slug":"mozaika","status":"publish","type":"page","link":"https:\/\/sybir.bialystok.pl\/ru\/mozaika\/","title":{"rendered":"\u0420\u0435\u0441\u0442\u043e\u0440\u0430\u043d \u041c\u043e\u0437\u0430\u0438\u043a\u0430"},"content":{"rendered":"\n<figure class=\"wp-block-gallery has-nested-images columns-default is-cropped wp-block-gallery-1 is-layout-flex wp-block-gallery-is-layout-flex\">\n<figure class=\"wp-block-image size-large\"><img loading=\"lazy\" decoding=\"async\" width=\"1024\" height=\"683\" data-id=\"25336\" src=\"https:\/\/sybir.bialystok.pl\/wp-content\/uploads\/2024\/02\/DSC00252-2048px-72dpi-podostrzane-Sredni-1-1024x683.jpg\" alt=\"Wn\u0119trze restauracji Mozaika.\" class=\"wp-image-25336\" srcset=\"https:\/\/sybir.bialystok.pl\/wp-content\/uploads\/2024\/02\/DSC00252-2048px-72dpi-podostrzane-Sredni-1-1024x683.jpg 1024w, https:\/\/sybir.bialystok.pl\/wp-content\/uploads\/2024\/02\/DSC00252-2048px-72dpi-podostrzane-Sredni-1-300x200.jpg 300w, https:\/\/sybir.bialystok.pl\/wp-content\/uploads\/2024\/02\/DSC00252-2048px-72dpi-podostrzane-Sredni-1-768x512.jpg 768w, https:\/\/sybir.bialystok.pl\/wp-content\/uploads\/2024\/02\/DSC00252-2048px-72dpi-podostrzane-Sredni-1.jpg 1152w\" sizes=\"auto, (max-width: 1024px) 100vw, 1024px\" \/><\/figure>\n<\/figure>\n\n\n\n<h2 class=\"wp-block-heading\">\u041e\u0422\u0414\u041e\u0425\u041d\u0418\u0422\u0415 \u041f\u041e\u0421\u041b\u0415 \u041f\u041e\u0421\u0415\u0429\u0415\u041d\u0418\u042f<\/h2>\n\n\n\n<p>\u041f\u043e\u0441\u043b\u0435 \u043f\u043e\u0441\u0435\u0449\u0435\u043d\u0438\u044f \u041c\u0443\u0437\u0435\u044f \u043f\u0430\u043c\u044f\u0442\u0438 \u0421\u0438\u0431\u0438\u0440\u0438 \u043f\u0440\u0438\u0433\u043b\u0430\u0448\u0430\u0435\u043c \u0432\u0430\u0441 \u043e\u0442\u0434\u043e\u0445\u043d\u0443\u0442\u044c \u0432 \u0440\u0435\u0441\u0442\u043e\u0440\u0430\u043d\u0435 \u041c\u043e\u0437\u0430\u0438\u043a\u0430, \u0440\u0430\u0441\u043f\u043e\u043b\u043e\u0436\u0435\u043d\u043d\u043e\u043c \u043d\u0430 \u043f\u0435\u0440\u0432\u043e\u043c \u044d\u0442\u0430\u0436\u0435 \u0437\u0434\u0430\u043d\u0438\u044f.<\/p>\n\n\n\n<p>\u0412\u0445\u043e\u0434 \u0432 \u0440\u0435\u0441\u0442\u043e\u0440\u0430\u043d \u043d\u0430\u0445\u043e\u0434\u0438\u0442\u0441\u044f \u0440\u044f\u0434\u043e\u043c \u0441 \u0430\u0443\u0434\u0438\u043e\u0432\u0438\u0437\u0443\u0430\u043b\u044c\u043d\u044b\u043c \u0437\u0430\u043b\u043e\u043c. \u0412 \u043f\u043e\u043c\u0435\u0449\u0435\u043d\u0438\u0435 \u043c\u043e\u0436\u043d\u043e \u0442\u0430\u043a\u0436\u0435 \u0432\u043e\u0439\u0442\u0438 \u0447\u0435\u0440\u0435\u0437 \u0442\u0435\u0440\u0440\u0430\u0441\u0443 \u0441\u043e \u0441\u0442\u043e\u0440\u043e\u043d\u044b \u043f\u0430\u0440\u043a\u043e\u0432\u043a\u0438 \u043f\u043e \u0443\u043b\u0438\u0446\u0435 \u0412\u0435\u043d\u0433\u043b\u043e\u0432\u043e\u0439.<\/p>\n\n\n\n<p>\u0418\u0437 \u043e\u043a\u043e\u043d \u0440\u0435\u0441\u0442\u043e\u0440\u0430\u043d\u0430 \u043e\u0442\u043a\u0440\u044b\u0432\u0430\u0435\u0442\u0441\u044f \u0432\u0438\u0434 \u043d\u0430 \u043f\u0440\u0443\u0434, \u0442\u0435\u0440\u0440\u0430\u0441\u043d\u044b\u0435 \u043a\u043b\u0443\u043c\u0431\u044b, \u043f\u043e\u043a\u0440\u044b\u0442\u044b\u0435 \u0442\u0440\u0430\u0432\u043e\u0439 \u0438 \u043b\u0430\u0432\u0430\u043d\u0434\u043e\u0439, \u0438 \u0440\u0430\u0441\u043a\u0438\u0434\u0438\u0441\u0442\u044b\u0435 \u0434\u0443\u0431\u044b, \u0437\u0430\u0442\u0435\u043d\u044f\u044e\u0449\u0438\u0435 \u0432\u0445\u043e\u0434 \u043d\u0430 \u043f\u0430\u0440\u043a\u043e\u0432\u043a\u0443 \u043c\u0443\u0437\u0435\u044f. \u041b\u044e\u0431\u0438\u0442\u0435\u043b\u0435\u0439 \u0441\u043e\u043b\u043d\u0435\u0447\u043d\u044b\u0445 \u043b\u0443\u0447\u0435\u0439 \u043f\u0440\u0438\u0433\u043b\u0430\u0448\u0430\u0435\u043c \u0432 \u0441\u0435\u0437\u043e\u043d \u043d\u0430 \u0442\u0435\u0440\u0440\u0430\u0441\u0443, \u0441 \u043a\u043e\u0442\u043e\u0440\u043e\u0439 \u043c\u043e\u0436\u043d\u043e \u043f\u043e\u043b\u044e\u0431\u043e\u0432\u0430\u0442\u044c\u0441\u044f \u0442\u0440\u0430\u0434\u0438\u0446\u0438\u043e\u043d\u043d\u044b\u043c\u0438 \u043f\u043e\u0441\u0442\u0440\u043e\u0439\u043a\u0430\u043c\u0438 \u0412\u0435\u043d\u0433\u043b\u0443\u0432\u043a\u0438.<\/p>\n\n\n\n<p>\u041c\u043e\u0437\u0430\u0438\u043a\u0430 \u0440\u0430\u0437\u043c\u0435\u0449\u0430\u0435\u0442\u0441\u044f \u0441\u0442\u043e\u0440\u043e\u043d\u043d\u0435\u0439 \u043a\u043e\u043c\u043f\u0430\u043d\u0438\u0435\u0439. \u0420\u0435\u0441\u0442\u043e\u0440\u0430\u043d \u0441\u043f\u0435\u0446\u0438\u0430\u043b\u0438\u0437\u0438\u0440\u0443\u0435\u0442\u0441\u044f \u043d\u0430 \u0431\u043b\u044e\u0434\u0430\u0445 \u0438\u0437 \u0443\u0442\u043a\u0438, \u043d\u043e \u0432 \u043c\u0435\u043d\u044e \u0442\u0430\u043a\u0436\u0435 \u0435\u0441\u0442\u044c \u0432\u0435\u0433\u0435\u0442\u0430\u0440\u0438\u0430\u043d\u0441\u043a\u0438\u0435 \u0438 \u0432\u0435\u0433\u0430\u043d\u0441\u043a\u0438\u0435 \u0431\u043b\u044e\u0434\u0430.<\/p>\n\n\n\n<p>\u041a\u0430\u0436\u0434\u044b\u0439 \u0434\u0435\u043d\u044c \u0412\u0430\u0441 \u0436\u0434\u0435\u0442 \u043a\u043e\u0444\u0435 \u0438 \u0441\u0432\u0435\u0436\u0438\u0439 \u0442\u043e\u0440\u0442 \u0438\u043b\u0438 \u0434\u0440\u0443\u0433\u043e\u0439 \u0434\u0435\u0441\u0435\u0440\u0442.<\/p>\n\n\n\n<figure class=\"wp-block-gallery has-nested-images columns-default is-cropped wp-block-gallery-2 is-layout-flex wp-block-gallery-is-layout-flex\">\n<figure class=\"wp-block-image size-large\"><img loading=\"lazy\" decoding=\"async\" width=\"1024\" height=\"683\" data-id=\"25339\" src=\"https:\/\/sybir.bialystok.pl\/wp-content\/uploads\/2024\/02\/DSC00253-2048px-72dpi-podostrzane-1024x683.jpg\" alt=\"Taras przy restauracji Mozaika.\" class=\"wp-image-25339\" srcset=\"https:\/\/sybir.bialystok.pl\/wp-content\/uploads\/2024\/02\/DSC00253-2048px-72dpi-podostrzane-1024x683.jpg 1024w, https:\/\/sybir.bialystok.pl\/wp-content\/uploads\/2024\/02\/DSC00253-2048px-72dpi-podostrzane-300x200.jpg 300w, https:\/\/sybir.bialystok.pl\/wp-content\/uploads\/2024\/02\/DSC00253-2048px-72dpi-podostrzane-768x512.jpg 768w, https:\/\/sybir.bialystok.pl\/wp-content\/uploads\/2024\/02\/DSC00253-2048px-72dpi-podostrzane-1536x1024.jpg 1536w, https:\/\/sybir.bialystok.pl\/wp-content\/uploads\/2024\/02\/DSC00253-2048px-72dpi-podostrzane.jpg 2048w\" sizes=\"auto, (max-width: 1024px) 100vw, 1024px\" \/><\/figure>\n<\/figure>\n\n\n\n<p><\/p>\n\n\n\n<!--more-->\n\n\n\n<h2 class=\"wp-block-heading\">\u0412\u0410\u0416\u041d\u041e<\/h2>\n\n\n\n<p>\u0420\u0435\u0441\u0442\u043e\u0440\u0430\u043d \u041c\u043e\u0437\u0430\u0438\u043a\u0430 \u0442\u0430\u043a\u0436\u0435 <strong>\u043e\u0442\u043a\u0440\u044b\u0442 \u043f\u043e \u043f\u043e\u043d\u0435\u0434\u0435\u043b\u044c\u043d\u0438\u043a\u0430\u043c \u0438 \u043f\u043e\u0441\u043b\u0435 \u0440\u0430\u0431\u043e\u0442\u044b \u041c\u0443\u0437\u0435\u044f \u043f\u0430\u043c\u044f\u0442\u0438 \u0421\u0438\u0431\u0438\u0440\u0438.<\/strong><\/p>\n\n\n\n<p><strong>\u0427\u0430\u0441\u044b \u0440\u0430\u0431\u043e\u0442\u044b:<\/strong><\/p>\n\n\n\n<p>\u043f\u043e\u043d\u0435\u0434\u0435\u043b\u044c\u043d\u0438\u043a \u2013 \u0447\u0435\u0442\u0432\u0435\u0440\u0433 11:00 &#8212; 21:00<\/p>\n\n\n\n<p>\u043f\u044f\u0442\u043d\u0438\u0446\u0430 \u2013 \u0441\u0443\u0431\u0431\u043e\u0442\u0430 11:00 &#8212; 22:00<\/p>\n\n\n\n<p>\u0432\u043e\u0441\u043a\u0440\u0435\u0441\u0435\u043d\u044c\u0435 12:00 &#8212; 21:00<\/p>\n\n\n\n<p><strong>Facebook:<\/strong> <a href=\"https:\/\/www.facebook.com\/RestauracjaMozaikaBialystok\/\">RestauracjaMozaikaBialystok<\/a><\/p>\n\n\n\n<p><strong>\u0410\u0434\u0440\u0435\u0441<\/strong><strong>:<\/strong> \u0443\u043b. \u0412\u0435\u043d\u0433\u043b\u043e\u0432\u0430 1 | 15-121 \u0411\u0435\u043b\u043e\u0441\u0442\u043e\u043a | \u0417\u0434\u0430\u043d\u0438\u0435 \u041c\u0443\u0437\u0435\u044f \u043f\u0430\u043c\u044f\u0442\u0438 \u0421\u0438\u0431\u0438\u0440\u0438<\/p>\n\n\n\n<figure class=\"wp-block-gallery has-nested-images columns-default is-cropped wp-block-gallery-3 is-layout-flex wp-block-gallery-is-layout-flex\">\n<figure class=\"wp-block-image size-large\"><a href=\"https:\/\/sybir.bialystok.pl\/wp-content\/uploads\/2021\/09\/CN_9913-Sredni.jpg\"><img loading=\"lazy\" decoding=\"async\" width=\"1024\" height=\"683\" data-id=\"9191\" src=\"https:\/\/sybir.bialystok.pl\/wp-content\/uploads\/2021\/09\/CN_9913-Sredni-1024x683.jpg\" alt=\"Wej\u015bcie na taras przy restauracji Mozaika\" class=\"wp-image-9191\" srcset=\"https:\/\/sybir.bialystok.pl\/wp-content\/uploads\/2021\/09\/CN_9913-Sredni-1024x683.jpg 1024w, https:\/\/sybir.bialystok.pl\/wp-content\/uploads\/2021\/09\/CN_9913-Sredni-300x200.jpg 300w, https:\/\/sybir.bialystok.pl\/wp-content\/uploads\/2021\/09\/CN_9913-Sredni-768x512.jpg 768w, https:\/\/sybir.bialystok.pl\/wp-content\/uploads\/2021\/09\/CN_9913-Sredni.jpg 1152w\" sizes=\"auto, (max-width: 1024px) 100vw, 1024px\" \/><\/a><\/figure>\n<\/figure>\n\n\n\n<p><\/p>\n\n\n\n<figure class=\"wp-block-image size-large\"><a href=\"https:\/\/sybir.bialystok.pl\/wp-content\/uploads\/2021\/09\/logo_mozaika-scaled.jpg\"><img loading=\"lazy\" decoding=\"async\" width=\"1024\" height=\"403\" src=\"https:\/\/sybir.bialystok.pl\/wp-content\/uploads\/2021\/09\/logo_mozaika-1024x403.jpg\" alt=\"Logo restauracji Mozaika\" class=\"wp-image-9160\" srcset=\"https:\/\/sybir.bialystok.pl\/wp-content\/uploads\/2021\/09\/logo_mozaika-1024x403.jpg 1024w, https:\/\/sybir.bialystok.pl\/wp-content\/uploads\/2021\/09\/logo_mozaika-300x118.jpg 300w, https:\/\/sybir.bialystok.pl\/wp-content\/uploads\/2021\/09\/logo_mozaika-768x302.jpg 768w, https:\/\/sybir.bialystok.pl\/wp-content\/uploads\/2021\/09\/logo_mozaika-1536x604.jpg 1536w, https:\/\/sybir.bialystok.pl\/wp-content\/uploads\/2021\/09\/logo_mozaika-2048x805.jpg 2048w\" sizes=\"auto, (max-width: 1024px) 100vw, 1024px\" \/><\/a><\/figure>\n\n\n\n<p>Fot. Maciej Nowosadko<\/p>\n","protected":false},"excerpt":{"rendered":"<p>\u041f\u043e\u0441\u043b\u0435 \u043f\u043e\u0441\u0435\u0449\u0435\u043d\u0438\u044f \u041c\u0443\u0437\u0435\u044f \u043f\u0430\u043c\u044f\u0442\u0438 \u0421\u0438\u0431\u0438\u0440\u0438 \u043f\u0440\u0438\u0433\u043b\u0430\u0448\u0430\u0435\u043c \u0412\u0430\u0441 \u0432 \u0440\u0435\u0441\u0442\u043e\u0440\u0430\u043d \u041c\u043e\u0437\u0430\u0438\u043a\u0430.<\/p>\n","protected":false},"author":10,"featured_media":9197,"parent":0,"menu_order":0,"comment_status":"closed","ping_status":"closed","template":"","meta":{"_acf_changed":false,"_editorskit_title_hidden":false,"_editorskit_reading_time":0,"_editorskit_is_block_options_detached":false,"_editorskit_block_options_position":"{}","footnotes":""},"class_list":["post-9656","page","type-page","status-publish","has-post-thumbnail","hentry"],"acf":[],"yoast_head":"<!-- This site is optimized with the Yoast SEO plugin v24.6 - https:\/\/yoast.com\/wordpress\/plugins\/seo\/ -->\n<title>\u0420\u0435\u0441\u0442\u043e\u0440\u0430\u043d \u041c\u043e\u0437\u0430\u0438\u043a\u0430 - Muzeum Pami\u0119ci Sybiru<\/title>\n<meta name=\"description\" content=\"Specjalno\u015bci\u0105 Mozaiki s\u0105 dania z kaczki, ale znajdziesz tu te\u017c dania wegetaria\u0144skie, dobr\u0105 kaw\u0119 i deser. Tak\u017ce w poniedzia\u0142ek!\" \/>\n<meta name=\"robots\" content=\"index, follow, max-snippet:-1, max-image-preview:large, max-video-preview:-1\" \/>\n<link rel=\"canonical\" href=\"https:\/\/sybir.bialystok.pl\/ru\/mozaika\/\" \/>\n<meta property=\"og:locale\" content=\"ru_RU\" \/>\n<meta property=\"og:type\" content=\"article\" \/>\n<meta property=\"og:title\" content=\"\u0420\u0435\u0441\u0442\u043e\u0440\u0430\u043d \u041c\u043e\u0437\u0430\u0438\u043a\u0430 - Muzeum Pami\u0119ci Sybiru\" \/>\n<meta property=\"og:description\" content=\"Specjalno\u015bci\u0105 Mozaiki s\u0105 dania z kaczki, ale znajdziesz tu te\u017c dania wegetaria\u0144skie, dobr\u0105 kaw\u0119 i deser. Tak\u017ce w poniedzia\u0142ek!\" \/>\n<meta property=\"og:url\" content=\"https:\/\/sybir.bialystok.pl\/ru\/mozaika\/\" \/>\n<meta property=\"og:site_name\" content=\"Muzeum Pami\u0119ci Sybiru\" \/>\n<meta property=\"article:modified_time\" content=\"2024-03-25T09:17:13+00:00\" \/>\n<meta property=\"og:image\" content=\"https:\/\/sybir.bialystok.pl\/wp-content\/uploads\/2021\/09\/DSC00252-2048px-72dpi-podostrzane-Sredni-1.jpg\" \/>\n\t<meta property=\"og:image:width\" content=\"1152\" \/>\n\t<meta property=\"og:image:height\" content=\"768\" \/>\n\t<meta property=\"og:image:type\" content=\"image\/jpeg\" \/>\n<meta name=\"twitter:card\" content=\"summary_large_image\" \/>\n<meta name=\"twitter:label1\" content=\"\u041f\u0440\u0438\u043c\u0435\u0440\u043d\u043e\u0435 \u0432\u0440\u0435\u043c\u044f \u0434\u043b\u044f \u0447\u0442\u0435\u043d\u0438\u044f\" \/>\n\t<meta name=\"twitter:data1\" content=\"3 \u043c\u0438\u043d\u0443\u0442\u044b\" \/>\n<script type=\"application\/ld+json\" class=\"yoast-schema-graph\">{\"@context\":\"https:\/\/schema.org\",\"@graph\":[{\"@type\":\"WebPage\",\"@id\":\"https:\/\/sybir.bialystok.pl\/ru\/mozaika\/\",\"url\":\"https:\/\/sybir.bialystok.pl\/ru\/mozaika\/\",\"name\":\"\u0420\u0435\u0441\u0442\u043e\u0440\u0430\u043d \u041c\u043e\u0437\u0430\u0438\u043a\u0430 - Muzeum Pami\u0119ci Sybiru\",\"isPartOf\":{\"@id\":\"https:\/\/sybir.bialystok.pl\/ru\/#website\"},\"primaryImageOfPage\":{\"@id\":\"https:\/\/sybir.bialystok.pl\/ru\/mozaika\/#primaryimage\"},\"image\":{\"@id\":\"https:\/\/sybir.bialystok.pl\/ru\/mozaika\/#primaryimage\"},\"thumbnailUrl\":\"https:\/\/sybir.bialystok.pl\/wp-content\/uploads\/2021\/09\/DSC00252-2048px-72dpi-podostrzane-Sredni-1.jpg\",\"datePublished\":\"2024-02-23T14:40:00+00:00\",\"dateModified\":\"2024-03-25T09:17:13+00:00\",\"description\":\"Specjalno\u015bci\u0105 Mozaiki s\u0105 dania z kaczki, ale znajdziesz tu te\u017c dania wegetaria\u0144skie, dobr\u0105 kaw\u0119 i deser. Tak\u017ce w poniedzia\u0142ek!\",\"breadcrumb\":{\"@id\":\"https:\/\/sybir.bialystok.pl\/ru\/mozaika\/#breadcrumb\"},\"inLanguage\":\"ru-RU\",\"potentialAction\":[{\"@type\":\"ReadAction\",\"target\":[\"https:\/\/sybir.bialystok.pl\/ru\/mozaika\/\"]}]},{\"@type\":\"ImageObject\",\"inLanguage\":\"ru-RU\",\"@id\":\"https:\/\/sybir.bialystok.pl\/ru\/mozaika\/#primaryimage\",\"url\":\"https:\/\/sybir.bialystok.pl\/wp-content\/uploads\/2021\/09\/DSC00252-2048px-72dpi-podostrzane-Sredni-1.jpg\",\"contentUrl\":\"https:\/\/sybir.bialystok.pl\/wp-content\/uploads\/2021\/09\/DSC00252-2048px-72dpi-podostrzane-Sredni-1.jpg\",\"width\":1152,\"height\":768},{\"@type\":\"BreadcrumbList\",\"@id\":\"https:\/\/sybir.bialystok.pl\/ru\/mozaika\/#breadcrumb\",\"itemListElement\":[{\"@type\":\"ListItem\",\"position\":1,\"name\":\"\u0414\u043e\u043c\",\"item\":\"https:\/\/sybir.bialystok.pl\/ru\/\"},{\"@type\":\"ListItem\",\"position\":2,\"name\":\"\u0420\u0435\u0441\u0442\u043e\u0440\u0430\u043d \u041c\u043e\u0437\u0430\u0438\u043a\u0430\"}]},{\"@type\":\"WebSite\",\"@id\":\"https:\/\/sybir.bialystok.pl\/ru\/#website\",\"url\":\"https:\/\/sybir.bialystok.pl\/ru\/\",\"name\":\"Muzeum Pami\u0119ci Sybiru\",\"description\":\"Muzeum Pami\u0119ci Sybiru jest po\u015bwi\u0119cone ludziom, kt\u00f3rzy od ko\u0144ca XVI a\u017c do po\u0142owy XX wieku byli niewoleni i zsy\u0142ani w g\u0142\u0105b Rosji, a p\u00f3\u017aniej Zwi\u0105zku Sowieckiego, jak te\u017c tym, kt\u00f3rzy pod\u0105\u017cali tam dobrowolnie.\",\"potentialAction\":[{\"@type\":\"SearchAction\",\"target\":{\"@type\":\"EntryPoint\",\"urlTemplate\":\"https:\/\/sybir.bialystok.pl\/ru\/?s={search_term_string}\"},\"query-input\":{\"@type\":\"PropertyValueSpecification\",\"valueRequired\":true,\"valueName\":\"search_term_string\"}}],\"inLanguage\":\"ru-RU\"}]}<\/script>\n<!-- \/ Yoast SEO plugin. -->","yoast_head_json":{"title":"\u0420\u0435\u0441\u0442\u043e\u0440\u0430\u043d \u041c\u043e\u0437\u0430\u0438\u043a\u0430 - Muzeum Pami\u0119ci Sybiru","description":"Specjalno\u015bci\u0105 Mozaiki s\u0105 dania z kaczki, ale znajdziesz tu te\u017c dania wegetaria\u0144skie, dobr\u0105 kaw\u0119 i deser. Tak\u017ce w poniedzia\u0142ek!","robots":{"index":"index","follow":"follow","max-snippet":"max-snippet:-1","max-image-preview":"max-image-preview:large","max-video-preview":"max-video-preview:-1"},"canonical":"https:\/\/sybir.bialystok.pl\/ru\/mozaika\/","og_locale":"ru_RU","og_type":"article","og_title":"\u0420\u0435\u0441\u0442\u043e\u0440\u0430\u043d \u041c\u043e\u0437\u0430\u0438\u043a\u0430 - Muzeum Pami\u0119ci Sybiru","og_description":"Specjalno\u015bci\u0105 Mozaiki s\u0105 dania z kaczki, ale znajdziesz tu te\u017c dania wegetaria\u0144skie, dobr\u0105 kaw\u0119 i deser. Tak\u017ce w poniedzia\u0142ek!","og_url":"https:\/\/sybir.bialystok.pl\/ru\/mozaika\/","og_site_name":"Muzeum Pami\u0119ci Sybiru","article_modified_time":"2024-03-25T09:17:13+00:00","og_image":[{"width":1152,"height":768,"url":"https:\/\/sybir.bialystok.pl\/wp-content\/uploads\/2021\/09\/DSC00252-2048px-72dpi-podostrzane-Sredni-1.jpg","type":"image\/jpeg"}],"twitter_card":"summary_large_image","twitter_misc":{"\u041f\u0440\u0438\u043c\u0435\u0440\u043d\u043e\u0435 \u0432\u0440\u0435\u043c\u044f \u0434\u043b\u044f \u0447\u0442\u0435\u043d\u0438\u044f":"3 \u043c\u0438\u043d\u0443\u0442\u044b"},"schema":{"@context":"https:\/\/schema.org","@graph":[{"@type":"WebPage","@id":"https:\/\/sybir.bialystok.pl\/ru\/mozaika\/","url":"https:\/\/sybir.bialystok.pl\/ru\/mozaika\/","name":"\u0420\u0435\u0441\u0442\u043e\u0440\u0430\u043d \u041c\u043e\u0437\u0430\u0438\u043a\u0430 - Muzeum Pami\u0119ci Sybiru","isPartOf":{"@id":"https:\/\/sybir.bialystok.pl\/ru\/#website"},"primaryImageOfPage":{"@id":"https:\/\/sybir.bialystok.pl\/ru\/mozaika\/#primaryimage"},"image":{"@id":"https:\/\/sybir.bialystok.pl\/ru\/mozaika\/#primaryimage"},"thumbnailUrl":"https:\/\/sybir.bialystok.pl\/wp-content\/uploads\/2021\/09\/DSC00252-2048px-72dpi-podostrzane-Sredni-1.jpg","datePublished":"2024-02-23T14:40:00+00:00","dateModified":"2024-03-25T09:17:13+00:00","description":"Specjalno\u015bci\u0105 Mozaiki s\u0105 dania z kaczki, ale znajdziesz tu te\u017c dania wegetaria\u0144skie, dobr\u0105 kaw\u0119 i deser. Tak\u017ce w poniedzia\u0142ek!","breadcrumb":{"@id":"https:\/\/sybir.bialystok.pl\/ru\/mozaika\/#breadcrumb"},"inLanguage":"ru-RU","potentialAction":[{"@type":"ReadAction","target":["https:\/\/sybir.bialystok.pl\/ru\/mozaika\/"]}]},{"@type":"ImageObject","inLanguage":"ru-RU","@id":"https:\/\/sybir.bialystok.pl\/ru\/mozaika\/#primaryimage","url":"https:\/\/sybir.bialystok.pl\/wp-content\/uploads\/2021\/09\/DSC00252-2048px-72dpi-podostrzane-Sredni-1.jpg","contentUrl":"https:\/\/sybir.bialystok.pl\/wp-content\/uploads\/2021\/09\/DSC00252-2048px-72dpi-podostrzane-Sredni-1.jpg","width":1152,"height":768},{"@type":"BreadcrumbList","@id":"https:\/\/sybir.bialystok.pl\/ru\/mozaika\/#breadcrumb","itemListElement":[{"@type":"ListItem","position":1,"name":"\u0414\u043e\u043c","item":"https:\/\/sybir.bialystok.pl\/ru\/"},{"@type":"ListItem","position":2,"name":"\u0420\u0435\u0441\u0442\u043e\u0440\u0430\u043d \u041c\u043e\u0437\u0430\u0438\u043a\u0430"}]},{"@type":"WebSite","@id":"https:\/\/sybir.bialystok.pl\/ru\/#website","url":"https:\/\/sybir.bialystok.pl\/ru\/","name":"Muzeum Pami\u0119ci Sybiru","description":"Muzeum Pami\u0119ci Sybiru jest po\u015bwi\u0119cone ludziom, kt\u00f3rzy od ko\u0144ca XVI a\u017c do po\u0142owy XX wieku byli niewoleni i zsy\u0142ani w g\u0142\u0105b Rosji, a p\u00f3\u017aniej Zwi\u0105zku Sowieckiego, jak te\u017c tym, kt\u00f3rzy pod\u0105\u017cali tam dobrowolnie.","potentialAction":[{"@type":"SearchAction","target":{"@type":"EntryPoint","urlTemplate":"https:\/\/sybir.bialystok.pl\/ru\/?s={search_term_string}"},"query-input":{"@type":"PropertyValueSpecification","valueRequired":true,"valueName":"search_term_string"}}],"inLanguage":"ru-RU"}]}},"_links":{"self":[{"href":"https:\/\/sybir.bialystok.pl\/ru\/wp-json\/wp\/v2\/pages\/9656","targetHints":{"allow":["GET"]}}],"collection":[{"href":"https:\/\/sybir.bialystok.pl\/ru\/wp-json\/wp\/v2\/pages"}],"about":[{"href":"https:\/\/sybir.bialystok.pl\/ru\/wp-json\/wp\/v2\/types\/page"}],"author":[{"embeddable":true,"href":"https:\/\/sybir.bialystok.pl\/ru\/wp-json\/wp\/v2\/users\/10"}],"replies":[{"embeddable":true,"href":"https:\/\/sybir.bialystok.pl\/ru\/wp-json\/wp\/v2\/comments?post=9656"}],"version-history":[{"count":5,"href":"https:\/\/sybir.bialystok.pl\/ru\/wp-json\/wp\/v2\/pages\/9656\/revisions"}],"predecessor-version":[{"id":26161,"href":"https:\/\/sybir.bialystok.pl\/ru\/wp-json\/wp\/v2\/pages\/9656\/revisions\/26161"}],"wp:featuredmedia":[{"embeddable":true,"href":"https:\/\/sybir.bialystok.pl\/ru\/wp-json\/wp\/v2\/media\/9197"}],"wp:attachment":[{"href":"https:\/\/sybir.bialystok.pl\/ru\/wp-json\/wp\/v2\/media?parent=9656"}],"curies":[{"name":"wp","href":"https:\/\/api.w.org\/{rel}","templated":true}]}}