{"id":6683,"date":"2021-02-15T12:31:00","date_gmt":"2021-02-15T11:31:00","guid":{"rendered":"https:\/\/sybir.bialystok.pl\/zaplanuj-wizyte\/zaplanuj-czas-w-muzeum\/"},"modified":"2021-07-30T09:56:15","modified_gmt":"2021-07-30T07:56:15","slug":"zaplanuj-czas-w-muzeum","status":"publish","type":"page","link":"https:\/\/sybir.bialystok.pl\/ru\/%d0%b7%d0%b0%d0%bf%d0%bb%d0%b0%d0%bd%d0%b8%d1%80%d0%be%d0%b2%d0%b0%d1%82%d1%8c-%d0%b2%d0%b8%d0%b7%d0%b8%d1%82\/zaplanuj-czas-w-muzeum\/","title":{"rendered":"Zaplanuj czas w Muzeum"},"content":{"rendered":"","protected":false},"excerpt":{"rendered":"<p>Zaplanuj sw\u00f3j czas w Muzeum Pami\u0119ci Sybiru.<\/p>\n","protected":false},"author":2,"featured_media":0,"parent":6620,"menu_order":11,"comment_status":"closed","ping_status":"closed","template":"","meta":{"_acf_changed":false,"_editorskit_title_hidden":false,"_editorskit_reading_time":0,"_editorskit_is_block_options_detached":false,"_editorskit_block_options_position":"{}","footnotes":""},"class_list":["post-6683","page","type-page","status-publish","hentry"],"acf":[],"yoast_head":"<!-- This site is optimized with the Yoast SEO plugin v24.6 - https:\/\/yoast.com\/wordpress\/plugins\/seo\/ -->\n<title>Zaplanuj czas w Muzeum - Muzeum Pami\u0119ci Sybiru<\/title>\n<meta name=\"description\" content=\"Poznaj Muzeum Pami\u0119ci Sybiru i jego okolic\u0119!\" \/>\n<meta name=\"robots\" content=\"index, follow, max-snippet:-1, max-image-preview:large, max-video-preview:-1\" \/>\n<link rel=\"canonical\" href=\"https:\/\/sybir.bialystok.pl\/ru\/%d0%b7%d0%b0%d0%bf%d0%bb%d0%b0%d0%bd%d0%b8%d1%80%d0%be%d0%b2%d0%b0%d1%82%d1%8c-%d0%b2%d0%b8%d0%b7%d0%b8%d1%82\/zaplanuj-czas-w-muzeum\/\" \/>\n<meta property=\"og:locale\" content=\"ru_RU\" \/>\n<meta property=\"og:type\" content=\"article\" \/>\n<meta property=\"og:title\" content=\"Zaplanuj czas w Muzeum - Muzeum Pami\u0119ci Sybiru\" \/>\n<meta property=\"og:description\" content=\"Poznaj Muzeum Pami\u0119ci Sybiru i jego okolic\u0119!\" \/>\n<meta property=\"og:url\" content=\"https:\/\/sybir.bialystok.pl\/ru\/%d0%b7%d0%b0%d0%bf%d0%bb%d0%b0%d0%bd%d0%b8%d1%80%d0%be%d0%b2%d0%b0%d1%82%d1%8c-%d0%b2%d0%b8%d0%b7%d0%b8%d1%82\/zaplanuj-czas-w-muzeum\/\" \/>\n<meta property=\"og:site_name\" content=\"Muzeum Pami\u0119ci Sybiru\" \/>\n<meta property=\"article:modified_time\" content=\"2021-07-30T07:56:15+00:00\" \/>\n<meta name=\"twitter:card\" content=\"summary_large_image\" \/>\n<script type=\"application\/ld+json\" class=\"yoast-schema-graph\">{\"@context\":\"https:\/\/schema.org\",\"@graph\":[{\"@type\":\"WebPage\",\"@id\":\"https:\/\/sybir.bialystok.pl\/ru\/%d0%b7%d0%b0%d0%bf%d0%bb%d0%b0%d0%bd%d0%b8%d1%80%d0%be%d0%b2%d0%b0%d1%82%d1%8c-%d0%b2%d0%b8%d0%b7%d0%b8%d1%82\/zaplanuj-czas-w-muzeum\/\",\"url\":\"https:\/\/sybir.bialystok.pl\/ru\/%d0%b7%d0%b0%d0%bf%d0%bb%d0%b0%d0%bd%d0%b8%d1%80%d0%be%d0%b2%d0%b0%d1%82%d1%8c-%d0%b2%d0%b8%d0%b7%d0%b8%d1%82\/zaplanuj-czas-w-muzeum\/\",\"name\":\"Zaplanuj czas w Muzeum - Muzeum Pami\u0119ci Sybiru\",\"isPartOf\":{\"@id\":\"https:\/\/sybir.bialystok.pl\/ru\/#website\"},\"datePublished\":\"2021-02-15T11:31:00+00:00\",\"dateModified\":\"2021-07-30T07:56:15+00:00\",\"description\":\"Poznaj Muzeum Pami\u0119ci Sybiru i jego okolic\u0119!\",\"breadcrumb\":{\"@id\":\"https:\/\/sybir.bialystok.pl\/ru\/%d0%b7%d0%b0%d0%bf%d0%bb%d0%b0%d0%bd%d0%b8%d1%80%d0%be%d0%b2%d0%b0%d1%82%d1%8c-%d0%b2%d0%b8%d0%b7%d0%b8%d1%82\/zaplanuj-czas-w-muzeum\/#breadcrumb\"},\"inLanguage\":\"ru-RU\",\"potentialAction\":[{\"@type\":\"ReadAction\",\"target\":[\"https:\/\/sybir.bialystok.pl\/ru\/%d0%b7%d0%b0%d0%bf%d0%bb%d0%b0%d0%bd%d0%b8%d1%80%d0%be%d0%b2%d0%b0%d1%82%d1%8c-%d0%b2%d0%b8%d0%b7%d0%b8%d1%82\/zaplanuj-czas-w-muzeum\/\"]}]},{\"@type\":\"BreadcrumbList\",\"@id\":\"https:\/\/sybir.bialystok.pl\/ru\/%d0%b7%d0%b0%d0%bf%d0%bb%d0%b0%d0%bd%d0%b8%d1%80%d0%be%d0%b2%d0%b0%d1%82%d1%8c-%d0%b2%d0%b8%d0%b7%d0%b8%d1%82\/zaplanuj-czas-w-muzeum\/#breadcrumb\",\"itemListElement\":[{\"@type\":\"ListItem\",\"position\":1,\"name\":\"\u0414\u043e\u043c\",\"item\":\"https:\/\/sybir.bialystok.pl\/ru\/\"},{\"@type\":\"ListItem\",\"position\":2,\"name\":\"\u0417\u0410\u041f\u041b\u0410\u041d\u0418\u0420\u041e\u0412\u0410\u0422\u042c \u0412\u0418\u0417\u0418\u0422\",\"item\":\"https:\/\/sybir.bialystok.pl\/ru\/%d0%b7%d0%b0%d0%bf%d0%bb%d0%b0%d0%bd%d0%b8%d1%80%d0%be%d0%b2%d0%b0%d1%82%d1%8c-%d0%b2%d0%b8%d0%b7%d0%b8%d1%82\/\"},{\"@type\":\"ListItem\",\"position\":3,\"name\":\"Zaplanuj czas w Muzeum\"}]},{\"@type\":\"WebSite\",\"@id\":\"https:\/\/sybir.bialystok.pl\/ru\/#website\",\"url\":\"https:\/\/sybir.bialystok.pl\/ru\/\",\"name\":\"Muzeum Pami\u0119ci Sybiru\",\"description\":\"Muzeum Pami\u0119ci Sybiru jest po\u015bwi\u0119cone ludziom, kt\u00f3rzy od ko\u0144ca XVI a\u017c do po\u0142owy XX wieku byli niewoleni i zsy\u0142ani w g\u0142\u0105b Rosji, a p\u00f3\u017aniej Zwi\u0105zku Sowieckiego, jak te\u017c tym, kt\u00f3rzy pod\u0105\u017cali tam dobrowolnie.\",\"potentialAction\":[{\"@type\":\"SearchAction\",\"target\":{\"@type\":\"EntryPoint\",\"urlTemplate\":\"https:\/\/sybir.bialystok.pl\/ru\/?s={search_term_string}\"},\"query-input\":{\"@type\":\"PropertyValueSpecification\",\"valueRequired\":true,\"valueName\":\"search_term_string\"}}],\"inLanguage\":\"ru-RU\"}]}<\/script>\n<!-- \/ Yoast SEO plugin. -->","yoast_head_json":{"title":"Zaplanuj czas w Muzeum - Muzeum Pami\u0119ci Sybiru","description":"Poznaj Muzeum Pami\u0119ci Sybiru i jego okolic\u0119!","robots":{"index":"index","follow":"follow","max-snippet":"max-snippet:-1","max-image-preview":"max-image-preview:large","max-video-preview":"max-video-preview:-1"},"canonical":"https:\/\/sybir.bialystok.pl\/ru\/%d0%b7%d0%b0%d0%bf%d0%bb%d0%b0%d0%bd%d0%b8%d1%80%d0%be%d0%b2%d0%b0%d1%82%d1%8c-%d0%b2%d0%b8%d0%b7%d0%b8%d1%82\/zaplanuj-czas-w-muzeum\/","og_locale":"ru_RU","og_type":"article","og_title":"Zaplanuj czas w Muzeum - Muzeum Pami\u0119ci Sybiru","og_description":"Poznaj Muzeum Pami\u0119ci Sybiru i jego okolic\u0119!","og_url":"https:\/\/sybir.bialystok.pl\/ru\/%d0%b7%d0%b0%d0%bf%d0%bb%d0%b0%d0%bd%d0%b8%d1%80%d0%be%d0%b2%d0%b0%d1%82%d1%8c-%d0%b2%d0%b8%d0%b7%d0%b8%d1%82\/zaplanuj-czas-w-muzeum\/","og_site_name":"Muzeum Pami\u0119ci Sybiru","article_modified_time":"2021-07-30T07:56:15+00:00","twitter_card":"summary_large_image","schema":{"@context":"https:\/\/schema.org","@graph":[{"@type":"WebPage","@id":"https:\/\/sybir.bialystok.pl\/ru\/%d0%b7%d0%b0%d0%bf%d0%bb%d0%b0%d0%bd%d0%b8%d1%80%d0%be%d0%b2%d0%b0%d1%82%d1%8c-%d0%b2%d0%b8%d0%b7%d0%b8%d1%82\/zaplanuj-czas-w-muzeum\/","url":"https:\/\/sybir.bialystok.pl\/ru\/%d0%b7%d0%b0%d0%bf%d0%bb%d0%b0%d0%bd%d0%b8%d1%80%d0%be%d0%b2%d0%b0%d1%82%d1%8c-%d0%b2%d0%b8%d0%b7%d0%b8%d1%82\/zaplanuj-czas-w-muzeum\/","name":"Zaplanuj czas w Muzeum - Muzeum Pami\u0119ci Sybiru","isPartOf":{"@id":"https:\/\/sybir.bialystok.pl\/ru\/#website"},"datePublished":"2021-02-15T11:31:00+00:00","dateModified":"2021-07-30T07:56:15+00:00","description":"Poznaj Muzeum Pami\u0119ci Sybiru i jego okolic\u0119!","breadcrumb":{"@id":"https:\/\/sybir.bialystok.pl\/ru\/%d0%b7%d0%b0%d0%bf%d0%bb%d0%b0%d0%bd%d0%b8%d1%80%d0%be%d0%b2%d0%b0%d1%82%d1%8c-%d0%b2%d0%b8%d0%b7%d0%b8%d1%82\/zaplanuj-czas-w-muzeum\/#breadcrumb"},"inLanguage":"ru-RU","potentialAction":[{"@type":"ReadAction","target":["https:\/\/sybir.bialystok.pl\/ru\/%d0%b7%d0%b0%d0%bf%d0%bb%d0%b0%d0%bd%d0%b8%d1%80%d0%be%d0%b2%d0%b0%d1%82%d1%8c-%d0%b2%d0%b8%d0%b7%d0%b8%d1%82\/zaplanuj-czas-w-muzeum\/"]}]},{"@type":"BreadcrumbList","@id":"https:\/\/sybir.bialystok.pl\/ru\/%d0%b7%d0%b0%d0%bf%d0%bb%d0%b0%d0%bd%d0%b8%d1%80%d0%be%d0%b2%d0%b0%d1%82%d1%8c-%d0%b2%d0%b8%d0%b7%d0%b8%d1%82\/zaplanuj-czas-w-muzeum\/#breadcrumb","itemListElement":[{"@type":"ListItem","position":1,"name":"\u0414\u043e\u043c","item":"https:\/\/sybir.bialystok.pl\/ru\/"},{"@type":"ListItem","position":2,"name":"\u0417\u0410\u041f\u041b\u0410\u041d\u0418\u0420\u041e\u0412\u0410\u0422\u042c \u0412\u0418\u0417\u0418\u0422","item":"https:\/\/sybir.bialystok.pl\/ru\/%d0%b7%d0%b0%d0%bf%d0%bb%d0%b0%d0%bd%d0%b8%d1%80%d0%be%d0%b2%d0%b0%d1%82%d1%8c-%d0%b2%d0%b8%d0%b7%d0%b8%d1%82\/"},{"@type":"ListItem","position":3,"name":"Zaplanuj czas w Muzeum"}]},{"@type":"WebSite","@id":"https:\/\/sybir.bialystok.pl\/ru\/#website","url":"https:\/\/sybir.bialystok.pl\/ru\/","name":"Muzeum Pami\u0119ci Sybiru","description":"Muzeum Pami\u0119ci Sybiru jest po\u015bwi\u0119cone ludziom, kt\u00f3rzy od ko\u0144ca XVI a\u017c do po\u0142owy XX wieku byli niewoleni i zsy\u0142ani w g\u0142\u0105b Rosji, a p\u00f3\u017aniej Zwi\u0105zku Sowieckiego, jak te\u017c tym, kt\u00f3rzy pod\u0105\u017cali tam dobrowolnie.","potentialAction":[{"@type":"SearchAction","target":{"@type":"EntryPoint","urlTemplate":"https:\/\/sybir.bialystok.pl\/ru\/?s={search_term_string}"},"query-input":{"@type":"PropertyValueSpecification","valueRequired":true,"valueName":"search_term_string"}}],"inLanguage":"ru-RU"}]}},"_links":{"self":[{"href":"https:\/\/sybir.bialystok.pl\/ru\/wp-json\/wp\/v2\/pages\/6683","targetHints":{"allow":["GET"]}}],"collection":[{"href":"https:\/\/sybir.bialystok.pl\/ru\/wp-json\/wp\/v2\/pages"}],"about":[{"href":"https:\/\/sybir.bialystok.pl\/ru\/wp-json\/wp\/v2\/types\/page"}],"author":[{"embeddable":true,"href":"https:\/\/sybir.bialystok.pl\/ru\/wp-json\/wp\/v2\/users\/2"}],"replies":[{"embeddable":true,"href":"https:\/\/sybir.bialystok.pl\/ru\/wp-json\/wp\/v2\/comments?post=6683"}],"version-history":[{"count":1,"href":"https:\/\/sybir.bialystok.pl\/ru\/wp-json\/wp\/v2\/pages\/6683\/revisions"}],"predecessor-version":[{"id":6686,"href":"https:\/\/sybir.bialystok.pl\/ru\/wp-json\/wp\/v2\/pages\/6683\/revisions\/6686"}],"up":[{"embeddable":true,"href":"https:\/\/sybir.bialystok.pl\/ru\/wp-json\/wp\/v2\/pages\/6620"}],"wp:attachment":[{"href":"https:\/\/sybir.bialystok.pl\/ru\/wp-json\/wp\/v2\/media?parent=6683"}],"curies":[{"name":"wp","href":"https:\/\/api.w.org\/{rel}","templated":true}]}}