{"id":6678,"date":"2021-03-04T13:42:18","date_gmt":"2021-03-04T12:42:18","guid":{"rendered":"https:\/\/sybir.bialystok.pl\/zaplanuj-wizyte\/zwiedzanie\/"},"modified":"2021-08-19T13:52:03","modified_gmt":"2021-08-19T11:52:03","slug":"%d0%bf%d0%be%d1%81%d0%b5%d1%89%d0%b5%d0%bd%d0%b8%d0%b5","status":"publish","type":"page","link":"https:\/\/sybir.bialystok.pl\/ru\/%d0%b7%d0%b0%d0%bf%d0%bb%d0%b0%d0%bd%d0%b8%d1%80%d0%be%d0%b2%d0%b0%d1%82%d1%8c-%d0%b2%d0%b8%d0%b7%d0%b8%d1%82\/%d0%bf%d0%be%d1%81%d0%b5%d1%89%d0%b5%d0%bd%d0%b8%d0%b5\/","title":{"rendered":"\u041f\u043e\u0441\u0435\u0449\u0435\u043d\u0438\u0435"},"content":{"rendered":"\n<p> \u041c\u0443\u0437\u0435\u0439 \u043f\u0430\u043c\u044f\u0442\u0438 \u0421\u0438\u0431\u0438\u0440\u0438 \u043e\u0442\u043a\u0440\u044b\u0442 \u0434\u043b\u044f \u0432\u0441\u0435\u0445. \u041c\u044b \u0440\u0435\u043a\u043e\u043c\u0435\u043d\u0434\u0443\u0435\u043c \u0432\u0430\u043c \u043e\u0437\u043d\u0430\u043a\u043e\u043c\u0438\u0442\u044c\u0441\u044f \u0441 \u043d\u0430\u0448\u0438\u043c\u0438 \u044d\u043a\u0441\u043a\u0443\u0440\u0441\u0438\u043e\u043d\u043d\u044b\u043c\u0438 \u043f\u0440\u0435\u0434\u043b\u043e\u0436\u0435\u043d\u0438\u044f\u043c\u0438 \u0438 \u0437\u0430\u043f\u043b\u0430\u043d\u0438\u0440\u043e\u0432\u0430\u0442\u044c \u0432\u0438\u0437\u0438\u0442. \u0414\u043e \u0432\u0441\u0442\u0440\u0435\u0447\u0438 \u0432 \u041c\u0443\u0437\u0435\u0435!<\/p>\n","protected":false},"excerpt":{"rendered":"<p>\u0423\u0437\u043d\u0430\u0439\u0442\u0435 \u0431\u043e\u043b\u044c\u0448\u0435 \u043e \u0432\u043e\u0437\u043c\u043e\u0436\u043d\u043e\u0441\u0442\u0438 \u043f\u043e\u0441\u0435\u0449\u0435\u043d\u0438\u044f \u041c\u0443\u0437\u0435\u044f \u043f\u0430\u043c\u044f\u0442\u0438 \u0421\u0438\u0431\u0438\u0440\u0438.<\/p>\n","protected":false},"author":2,"featured_media":2096,"parent":6620,"menu_order":7,"comment_status":"closed","ping_status":"closed","template":"","meta":{"_acf_changed":false,"_editorskit_title_hidden":false,"_editorskit_reading_time":0,"_editorskit_is_block_options_detached":false,"_editorskit_block_options_position":"{}","footnotes":""},"class_list":["post-6678","page","type-page","status-publish","has-post-thumbnail","hentry"],"acf":[],"yoast_head":"<!-- This site is optimized with the Yoast SEO plugin v24.6 - https:\/\/yoast.com\/wordpress\/plugins\/seo\/ -->\n<title>\u041f\u043e\u0441\u0435\u0449\u0435\u043d\u0438\u0435 - Muzeum Pami\u0119ci Sybiru<\/title>\n<meta name=\"robots\" content=\"index, follow, max-snippet:-1, max-image-preview:large, max-video-preview:-1\" \/>\n<link rel=\"canonical\" href=\"https:\/\/sybir.bialystok.pl\/ru\/%d0%b7%d0%b0%d0%bf%d0%bb%d0%b0%d0%bd%d0%b8%d1%80%d0%be%d0%b2%d0%b0%d1%82%d1%8c-%d0%b2%d0%b8%d0%b7%d0%b8%d1%82\/%d0%bf%d0%be%d1%81%d0%b5%d1%89%d0%b5%d0%bd%d0%b8%d0%b5\/\" \/>\n<meta property=\"og:locale\" content=\"ru_RU\" \/>\n<meta property=\"og:type\" content=\"article\" \/>\n<meta property=\"og:title\" content=\"\u041f\u043e\u0441\u0435\u0449\u0435\u043d\u0438\u0435 - Muzeum Pami\u0119ci Sybiru\" \/>\n<meta property=\"og:description\" content=\"\u0423\u0437\u043d\u0430\u0439\u0442\u0435 \u0431\u043e\u043b\u044c\u0448\u0435 \u043e \u0432\u043e\u0437\u043c\u043e\u0436\u043d\u043e\u0441\u0442\u0438 \u043f\u043e\u0441\u0435\u0449\u0435\u043d\u0438\u044f \u041c\u0443\u0437\u0435\u044f \u043f\u0430\u043c\u044f\u0442\u0438 \u0421\u0438\u0431\u0438\u0440\u0438.\" \/>\n<meta property=\"og:url\" content=\"https:\/\/sybir.bialystok.pl\/ru\/%d0%b7%d0%b0%d0%bf%d0%bb%d0%b0%d0%bd%d0%b8%d1%80%d0%be%d0%b2%d0%b0%d1%82%d1%8c-%d0%b2%d0%b8%d0%b7%d0%b8%d1%82\/%d0%bf%d0%be%d1%81%d0%b5%d1%89%d0%b5%d0%bd%d0%b8%d0%b5\/\" \/>\n<meta property=\"og:site_name\" content=\"Muzeum Pami\u0119ci Sybiru\" \/>\n<meta property=\"article:modified_time\" content=\"2021-08-19T11:52:03+00:00\" \/>\n<meta property=\"og:image\" content=\"https:\/\/sybir.bialystok.pl\/wp-content\/uploads\/2021\/03\/Zwiedzanie.png\" \/>\n\t<meta property=\"og:image:width\" content=\"1136\" \/>\n\t<meta property=\"og:image:height\" content=\"704\" \/>\n\t<meta property=\"og:image:type\" content=\"image\/png\" \/>\n<meta name=\"twitter:card\" content=\"summary_large_image\" \/>\n<meta name=\"twitter:label1\" content=\"\u041f\u0440\u0438\u043c\u0435\u0440\u043d\u043e\u0435 \u0432\u0440\u0435\u043c\u044f \u0434\u043b\u044f \u0447\u0442\u0435\u043d\u0438\u044f\" \/>\n\t<meta name=\"twitter:data1\" content=\"1 \u043c\u0438\u043d\u0443\u0442\u0430\" \/>\n<script type=\"application\/ld+json\" class=\"yoast-schema-graph\">{\"@context\":\"https:\/\/schema.org\",\"@graph\":[{\"@type\":\"WebPage\",\"@id\":\"https:\/\/sybir.bialystok.pl\/ru\/%d0%b7%d0%b0%d0%bf%d0%bb%d0%b0%d0%bd%d0%b8%d1%80%d0%be%d0%b2%d0%b0%d1%82%d1%8c-%d0%b2%d0%b8%d0%b7%d0%b8%d1%82\/%d0%bf%d0%be%d1%81%d0%b5%d1%89%d0%b5%d0%bd%d0%b8%d0%b5\/\",\"url\":\"https:\/\/sybir.bialystok.pl\/ru\/%d0%b7%d0%b0%d0%bf%d0%bb%d0%b0%d0%bd%d0%b8%d1%80%d0%be%d0%b2%d0%b0%d1%82%d1%8c-%d0%b2%d0%b8%d0%b7%d0%b8%d1%82\/%d0%bf%d0%be%d1%81%d0%b5%d1%89%d0%b5%d0%bd%d0%b8%d0%b5\/\",\"name\":\"\u041f\u043e\u0441\u0435\u0449\u0435\u043d\u0438\u0435 - Muzeum Pami\u0119ci Sybiru\",\"isPartOf\":{\"@id\":\"https:\/\/sybir.bialystok.pl\/ru\/#website\"},\"primaryImageOfPage\":{\"@id\":\"https:\/\/sybir.bialystok.pl\/ru\/%d0%b7%d0%b0%d0%bf%d0%bb%d0%b0%d0%bd%d0%b8%d1%80%d0%be%d0%b2%d0%b0%d1%82%d1%8c-%d0%b2%d0%b8%d0%b7%d0%b8%d1%82\/%d0%bf%d0%be%d1%81%d0%b5%d1%89%d0%b5%d0%bd%d0%b8%d0%b5\/#primaryimage\"},\"image\":{\"@id\":\"https:\/\/sybir.bialystok.pl\/ru\/%d0%b7%d0%b0%d0%bf%d0%bb%d0%b0%d0%bd%d0%b8%d1%80%d0%be%d0%b2%d0%b0%d1%82%d1%8c-%d0%b2%d0%b8%d0%b7%d0%b8%d1%82\/%d0%bf%d0%be%d1%81%d0%b5%d1%89%d0%b5%d0%bd%d0%b8%d0%b5\/#primaryimage\"},\"thumbnailUrl\":\"https:\/\/sybir.bialystok.pl\/wp-content\/uploads\/2021\/03\/Zwiedzanie.png\",\"datePublished\":\"2021-03-04T12:42:18+00:00\",\"dateModified\":\"2021-08-19T11:52:03+00:00\",\"breadcrumb\":{\"@id\":\"https:\/\/sybir.bialystok.pl\/ru\/%d0%b7%d0%b0%d0%bf%d0%bb%d0%b0%d0%bd%d0%b8%d1%80%d0%be%d0%b2%d0%b0%d1%82%d1%8c-%d0%b2%d0%b8%d0%b7%d0%b8%d1%82\/%d0%bf%d0%be%d1%81%d0%b5%d1%89%d0%b5%d0%bd%d0%b8%d0%b5\/#breadcrumb\"},\"inLanguage\":\"ru-RU\",\"potentialAction\":[{\"@type\":\"ReadAction\",\"target\":[\"https:\/\/sybir.bialystok.pl\/ru\/%d0%b7%d0%b0%d0%bf%d0%bb%d0%b0%d0%bd%d0%b8%d1%80%d0%be%d0%b2%d0%b0%d1%82%d1%8c-%d0%b2%d0%b8%d0%b7%d0%b8%d1%82\/%d0%bf%d0%be%d1%81%d0%b5%d1%89%d0%b5%d0%bd%d0%b8%d0%b5\/\"]}]},{\"@type\":\"ImageObject\",\"inLanguage\":\"ru-RU\",\"@id\":\"https:\/\/sybir.bialystok.pl\/ru\/%d0%b7%d0%b0%d0%bf%d0%bb%d0%b0%d0%bd%d0%b8%d1%80%d0%be%d0%b2%d0%b0%d1%82%d1%8c-%d0%b2%d0%b8%d0%b7%d0%b8%d1%82\/%d0%bf%d0%be%d1%81%d0%b5%d1%89%d0%b5%d0%bd%d0%b8%d0%b5\/#primaryimage\",\"url\":\"https:\/\/sybir.bialystok.pl\/wp-content\/uploads\/2021\/03\/Zwiedzanie.png\",\"contentUrl\":\"https:\/\/sybir.bialystok.pl\/wp-content\/uploads\/2021\/03\/Zwiedzanie.png\",\"width\":1136,\"height\":704},{\"@type\":\"BreadcrumbList\",\"@id\":\"https:\/\/sybir.bialystok.pl\/ru\/%d0%b7%d0%b0%d0%bf%d0%bb%d0%b0%d0%bd%d0%b8%d1%80%d0%be%d0%b2%d0%b0%d1%82%d1%8c-%d0%b2%d0%b8%d0%b7%d0%b8%d1%82\/%d0%bf%d0%be%d1%81%d0%b5%d1%89%d0%b5%d0%bd%d0%b8%d0%b5\/#breadcrumb\",\"itemListElement\":[{\"@type\":\"ListItem\",\"position\":1,\"name\":\"\u0414\u043e\u043c\",\"item\":\"https:\/\/sybir.bialystok.pl\/ru\/\"},{\"@type\":\"ListItem\",\"position\":2,\"name\":\"\u0417\u0410\u041f\u041b\u0410\u041d\u0418\u0420\u041e\u0412\u0410\u0422\u042c \u0412\u0418\u0417\u0418\u0422\",\"item\":\"https:\/\/sybir.bialystok.pl\/ru\/%d0%b7%d0%b0%d0%bf%d0%bb%d0%b0%d0%bd%d0%b8%d1%80%d0%be%d0%b2%d0%b0%d1%82%d1%8c-%d0%b2%d0%b8%d0%b7%d0%b8%d1%82\/\"},{\"@type\":\"ListItem\",\"position\":3,\"name\":\"\u041f\u043e\u0441\u0435\u0449\u0435\u043d\u0438\u0435\"}]},{\"@type\":\"WebSite\",\"@id\":\"https:\/\/sybir.bialystok.pl\/ru\/#website\",\"url\":\"https:\/\/sybir.bialystok.pl\/ru\/\",\"name\":\"Muzeum Pami\u0119ci Sybiru\",\"description\":\"Muzeum Pami\u0119ci Sybiru jest po\u015bwi\u0119cone ludziom, kt\u00f3rzy od ko\u0144ca XVI a\u017c do po\u0142owy XX wieku byli niewoleni i zsy\u0142ani w g\u0142\u0105b Rosji, a p\u00f3\u017aniej Zwi\u0105zku Sowieckiego, jak te\u017c tym, kt\u00f3rzy pod\u0105\u017cali tam dobrowolnie.\",\"potentialAction\":[{\"@type\":\"SearchAction\",\"target\":{\"@type\":\"EntryPoint\",\"urlTemplate\":\"https:\/\/sybir.bialystok.pl\/ru\/?s={search_term_string}\"},\"query-input\":{\"@type\":\"PropertyValueSpecification\",\"valueRequired\":true,\"valueName\":\"search_term_string\"}}],\"inLanguage\":\"ru-RU\"}]}<\/script>\n<!-- \/ Yoast SEO plugin. -->","yoast_head_json":{"title":"\u041f\u043e\u0441\u0435\u0449\u0435\u043d\u0438\u0435 - Muzeum Pami\u0119ci Sybiru","robots":{"index":"index","follow":"follow","max-snippet":"max-snippet:-1","max-image-preview":"max-image-preview:large","max-video-preview":"max-video-preview:-1"},"canonical":"https:\/\/sybir.bialystok.pl\/ru\/%d0%b7%d0%b0%d0%bf%d0%bb%d0%b0%d0%bd%d0%b8%d1%80%d0%be%d0%b2%d0%b0%d1%82%d1%8c-%d0%b2%d0%b8%d0%b7%d0%b8%d1%82\/%d0%bf%d0%be%d1%81%d0%b5%d1%89%d0%b5%d0%bd%d0%b8%d0%b5\/","og_locale":"ru_RU","og_type":"article","og_title":"\u041f\u043e\u0441\u0435\u0449\u0435\u043d\u0438\u0435 - Muzeum Pami\u0119ci Sybiru","og_description":"\u0423\u0437\u043d\u0430\u0439\u0442\u0435 \u0431\u043e\u043b\u044c\u0448\u0435 \u043e \u0432\u043e\u0437\u043c\u043e\u0436\u043d\u043e\u0441\u0442\u0438 \u043f\u043e\u0441\u0435\u0449\u0435\u043d\u0438\u044f \u041c\u0443\u0437\u0435\u044f \u043f\u0430\u043c\u044f\u0442\u0438 \u0421\u0438\u0431\u0438\u0440\u0438.","og_url":"https:\/\/sybir.bialystok.pl\/ru\/%d0%b7%d0%b0%d0%bf%d0%bb%d0%b0%d0%bd%d0%b8%d1%80%d0%be%d0%b2%d0%b0%d1%82%d1%8c-%d0%b2%d0%b8%d0%b7%d0%b8%d1%82\/%d0%bf%d0%be%d1%81%d0%b5%d1%89%d0%b5%d0%bd%d0%b8%d0%b5\/","og_site_name":"Muzeum Pami\u0119ci Sybiru","article_modified_time":"2021-08-19T11:52:03+00:00","og_image":[{"width":1136,"height":704,"url":"https:\/\/sybir.bialystok.pl\/wp-content\/uploads\/2021\/03\/Zwiedzanie.png","type":"image\/png"}],"twitter_card":"summary_large_image","twitter_misc":{"\u041f\u0440\u0438\u043c\u0435\u0440\u043d\u043e\u0435 \u0432\u0440\u0435\u043c\u044f \u0434\u043b\u044f \u0447\u0442\u0435\u043d\u0438\u044f":"1 \u043c\u0438\u043d\u0443\u0442\u0430"},"schema":{"@context":"https:\/\/schema.org","@graph":[{"@type":"WebPage","@id":"https:\/\/sybir.bialystok.pl\/ru\/%d0%b7%d0%b0%d0%bf%d0%bb%d0%b0%d0%bd%d0%b8%d1%80%d0%be%d0%b2%d0%b0%d1%82%d1%8c-%d0%b2%d0%b8%d0%b7%d0%b8%d1%82\/%d0%bf%d0%be%d1%81%d0%b5%d1%89%d0%b5%d0%bd%d0%b8%d0%b5\/","url":"https:\/\/sybir.bialystok.pl\/ru\/%d0%b7%d0%b0%d0%bf%d0%bb%d0%b0%d0%bd%d0%b8%d1%80%d0%be%d0%b2%d0%b0%d1%82%d1%8c-%d0%b2%d0%b8%d0%b7%d0%b8%d1%82\/%d0%bf%d0%be%d1%81%d0%b5%d1%89%d0%b5%d0%bd%d0%b8%d0%b5\/","name":"\u041f\u043e\u0441\u0435\u0449\u0435\u043d\u0438\u0435 - Muzeum Pami\u0119ci Sybiru","isPartOf":{"@id":"https:\/\/sybir.bialystok.pl\/ru\/#website"},"primaryImageOfPage":{"@id":"https:\/\/sybir.bialystok.pl\/ru\/%d0%b7%d0%b0%d0%bf%d0%bb%d0%b0%d0%bd%d0%b8%d1%80%d0%be%d0%b2%d0%b0%d1%82%d1%8c-%d0%b2%d0%b8%d0%b7%d0%b8%d1%82\/%d0%bf%d0%be%d1%81%d0%b5%d1%89%d0%b5%d0%bd%d0%b8%d0%b5\/#primaryimage"},"image":{"@id":"https:\/\/sybir.bialystok.pl\/ru\/%d0%b7%d0%b0%d0%bf%d0%bb%d0%b0%d0%bd%d0%b8%d1%80%d0%be%d0%b2%d0%b0%d1%82%d1%8c-%d0%b2%d0%b8%d0%b7%d0%b8%d1%82\/%d0%bf%d0%be%d1%81%d0%b5%d1%89%d0%b5%d0%bd%d0%b8%d0%b5\/#primaryimage"},"thumbnailUrl":"https:\/\/sybir.bialystok.pl\/wp-content\/uploads\/2021\/03\/Zwiedzanie.png","datePublished":"2021-03-04T12:42:18+00:00","dateModified":"2021-08-19T11:52:03+00:00","breadcrumb":{"@id":"https:\/\/sybir.bialystok.pl\/ru\/%d0%b7%d0%b0%d0%bf%d0%bb%d0%b0%d0%bd%d0%b8%d1%80%d0%be%d0%b2%d0%b0%d1%82%d1%8c-%d0%b2%d0%b8%d0%b7%d0%b8%d1%82\/%d0%bf%d0%be%d1%81%d0%b5%d1%89%d0%b5%d0%bd%d0%b8%d0%b5\/#breadcrumb"},"inLanguage":"ru-RU","potentialAction":[{"@type":"ReadAction","target":["https:\/\/sybir.bialystok.pl\/ru\/%d0%b7%d0%b0%d0%bf%d0%bb%d0%b0%d0%bd%d0%b8%d1%80%d0%be%d0%b2%d0%b0%d1%82%d1%8c-%d0%b2%d0%b8%d0%b7%d0%b8%d1%82\/%d0%bf%d0%be%d1%81%d0%b5%d1%89%d0%b5%d0%bd%d0%b8%d0%b5\/"]}]},{"@type":"ImageObject","inLanguage":"ru-RU","@id":"https:\/\/sybir.bialystok.pl\/ru\/%d0%b7%d0%b0%d0%bf%d0%bb%d0%b0%d0%bd%d0%b8%d1%80%d0%be%d0%b2%d0%b0%d1%82%d1%8c-%d0%b2%d0%b8%d0%b7%d0%b8%d1%82\/%d0%bf%d0%be%d1%81%d0%b5%d1%89%d0%b5%d0%bd%d0%b8%d0%b5\/#primaryimage","url":"https:\/\/sybir.bialystok.pl\/wp-content\/uploads\/2021\/03\/Zwiedzanie.png","contentUrl":"https:\/\/sybir.bialystok.pl\/wp-content\/uploads\/2021\/03\/Zwiedzanie.png","width":1136,"height":704},{"@type":"BreadcrumbList","@id":"https:\/\/sybir.bialystok.pl\/ru\/%d0%b7%d0%b0%d0%bf%d0%bb%d0%b0%d0%bd%d0%b8%d1%80%d0%be%d0%b2%d0%b0%d1%82%d1%8c-%d0%b2%d0%b8%d0%b7%d0%b8%d1%82\/%d0%bf%d0%be%d1%81%d0%b5%d1%89%d0%b5%d0%bd%d0%b8%d0%b5\/#breadcrumb","itemListElement":[{"@type":"ListItem","position":1,"name":"\u0414\u043e\u043c","item":"https:\/\/sybir.bialystok.pl\/ru\/"},{"@type":"ListItem","position":2,"name":"\u0417\u0410\u041f\u041b\u0410\u041d\u0418\u0420\u041e\u0412\u0410\u0422\u042c \u0412\u0418\u0417\u0418\u0422","item":"https:\/\/sybir.bialystok.pl\/ru\/%d0%b7%d0%b0%d0%bf%d0%bb%d0%b0%d0%bd%d0%b8%d1%80%d0%be%d0%b2%d0%b0%d1%82%d1%8c-%d0%b2%d0%b8%d0%b7%d0%b8%d1%82\/"},{"@type":"ListItem","position":3,"name":"\u041f\u043e\u0441\u0435\u0449\u0435\u043d\u0438\u0435"}]},{"@type":"WebSite","@id":"https:\/\/sybir.bialystok.pl\/ru\/#website","url":"https:\/\/sybir.bialystok.pl\/ru\/","name":"Muzeum Pami\u0119ci Sybiru","description":"Muzeum Pami\u0119ci Sybiru jest po\u015bwi\u0119cone ludziom, kt\u00f3rzy od ko\u0144ca XVI a\u017c do po\u0142owy XX wieku byli niewoleni i zsy\u0142ani w g\u0142\u0105b Rosji, a p\u00f3\u017aniej Zwi\u0105zku Sowieckiego, jak te\u017c tym, kt\u00f3rzy pod\u0105\u017cali tam dobrowolnie.","potentialAction":[{"@type":"SearchAction","target":{"@type":"EntryPoint","urlTemplate":"https:\/\/sybir.bialystok.pl\/ru\/?s={search_term_string}"},"query-input":{"@type":"PropertyValueSpecification","valueRequired":true,"valueName":"search_term_string"}}],"inLanguage":"ru-RU"}]}},"_links":{"self":[{"href":"https:\/\/sybir.bialystok.pl\/ru\/wp-json\/wp\/v2\/pages\/6678","targetHints":{"allow":["GET"]}}],"collection":[{"href":"https:\/\/sybir.bialystok.pl\/ru\/wp-json\/wp\/v2\/pages"}],"about":[{"href":"https:\/\/sybir.bialystok.pl\/ru\/wp-json\/wp\/v2\/types\/page"}],"author":[{"embeddable":true,"href":"https:\/\/sybir.bialystok.pl\/ru\/wp-json\/wp\/v2\/users\/2"}],"replies":[{"embeddable":true,"href":"https:\/\/sybir.bialystok.pl\/ru\/wp-json\/wp\/v2\/comments?post=6678"}],"version-history":[{"count":3,"href":"https:\/\/sybir.bialystok.pl\/ru\/wp-json\/wp\/v2\/pages\/6678\/revisions"}],"predecessor-version":[{"id":7406,"href":"https:\/\/sybir.bialystok.pl\/ru\/wp-json\/wp\/v2\/pages\/6678\/revisions\/7406"}],"up":[{"embeddable":true,"href":"https:\/\/sybir.bialystok.pl\/ru\/wp-json\/wp\/v2\/pages\/6620"}],"wp:featuredmedia":[{"embeddable":true,"href":"https:\/\/sybir.bialystok.pl\/ru\/wp-json\/wp\/v2\/media\/2096"}],"wp:attachment":[{"href":"https:\/\/sybir.bialystok.pl\/ru\/wp-json\/wp\/v2\/media?parent=6678"}],"curies":[{"name":"wp","href":"https:\/\/api.w.org\/{rel}","templated":true}]}}