{"id":6645,"date":"2021-02-12T10:52:45","date_gmt":"2021-02-12T09:52:45","guid":{"rendered":"https:\/\/sybir.bialystok.pl\/muzeum\/wystawy\/"},"modified":"2021-08-19T13:46:01","modified_gmt":"2021-08-19T11:46:01","slug":"%d0%b2%d1%8b%d1%81%d1%82%d0%b0%d0%b2%d0%ba%d0%b8","status":"publish","type":"page","link":"https:\/\/sybir.bialystok.pl\/ru\/%d0%bc%d1%83%d0%b7%d0%b5%d0%b9-2\/%d0%b2%d1%8b%d1%81%d1%82%d0%b0%d0%b2%d0%ba%d0%b8\/","title":{"rendered":"\u0412\u044b\u0441\u0442\u0430\u0432\u043a\u0438"},"content":{"rendered":"","protected":false},"excerpt":{"rendered":"<p>\u0421\u043c\u043e\u0442\u0440\u0438\u0442\u0435 \u043d\u0430\u0448\u0438 \u0432\u044b\u0441\u0442\u0430\u0432\u043a\u0438.<\/p>\n","protected":false},"author":2,"featured_media":0,"parent":6636,"menu_order":4,"comment_status":"closed","ping_status":"closed","template":"","meta":{"_acf_changed":false,"_editorskit_title_hidden":false,"_editorskit_reading_time":0,"_editorskit_is_block_options_detached":false,"_editorskit_block_options_position":"{}","footnotes":""},"class_list":["post-6645","page","type-page","status-publish","hentry"],"acf":[],"yoast_head":"<!-- This site is optimized with the Yoast SEO plugin v24.6 - https:\/\/yoast.com\/wordpress\/plugins\/seo\/ -->\n<title>\u0412\u044b\u0441\u0442\u0430\u0432\u043a\u0438 - Muzeum Pami\u0119ci Sybiru<\/title>\n<meta name=\"robots\" content=\"index, follow, max-snippet:-1, max-image-preview:large, max-video-preview:-1\" \/>\n<link rel=\"canonical\" href=\"https:\/\/sybir.bialystok.pl\/ru\/%d0%bc%d1%83%d0%b7%d0%b5%d0%b9-2\/%d0%b2%d1%8b%d1%81%d1%82%d0%b0%d0%b2%d0%ba%d0%b8\/\" \/>\n<meta property=\"og:locale\" content=\"ru_RU\" \/>\n<meta property=\"og:type\" content=\"article\" \/>\n<meta property=\"og:title\" content=\"\u0412\u044b\u0441\u0442\u0430\u0432\u043a\u0438 - Muzeum Pami\u0119ci Sybiru\" \/>\n<meta property=\"og:description\" content=\"\u0421\u043c\u043e\u0442\u0440\u0438\u0442\u0435 \u043d\u0430\u0448\u0438 \u0432\u044b\u0441\u0442\u0430\u0432\u043a\u0438.\" \/>\n<meta property=\"og:url\" content=\"https:\/\/sybir.bialystok.pl\/ru\/%d0%bc%d1%83%d0%b7%d0%b5%d0%b9-2\/%d0%b2%d1%8b%d1%81%d1%82%d0%b0%d0%b2%d0%ba%d0%b8\/\" \/>\n<meta property=\"og:site_name\" content=\"Muzeum Pami\u0119ci Sybiru\" \/>\n<meta property=\"article:modified_time\" content=\"2021-08-19T11:46:01+00:00\" \/>\n<meta name=\"twitter:card\" content=\"summary_large_image\" \/>\n<script type=\"application\/ld+json\" class=\"yoast-schema-graph\">{\"@context\":\"https:\/\/schema.org\",\"@graph\":[{\"@type\":\"WebPage\",\"@id\":\"https:\/\/sybir.bialystok.pl\/ru\/%d0%bc%d1%83%d0%b7%d0%b5%d0%b9-2\/%d0%b2%d1%8b%d1%81%d1%82%d0%b0%d0%b2%d0%ba%d0%b8\/\",\"url\":\"https:\/\/sybir.bialystok.pl\/ru\/%d0%bc%d1%83%d0%b7%d0%b5%d0%b9-2\/%d0%b2%d1%8b%d1%81%d1%82%d0%b0%d0%b2%d0%ba%d0%b8\/\",\"name\":\"\u0412\u044b\u0441\u0442\u0430\u0432\u043a\u0438 - Muzeum Pami\u0119ci Sybiru\",\"isPartOf\":{\"@id\":\"https:\/\/sybir.bialystok.pl\/ru\/#website\"},\"datePublished\":\"2021-02-12T09:52:45+00:00\",\"dateModified\":\"2021-08-19T11:46:01+00:00\",\"breadcrumb\":{\"@id\":\"https:\/\/sybir.bialystok.pl\/ru\/%d0%bc%d1%83%d0%b7%d0%b5%d0%b9-2\/%d0%b2%d1%8b%d1%81%d1%82%d0%b0%d0%b2%d0%ba%d0%b8\/#breadcrumb\"},\"inLanguage\":\"ru-RU\",\"potentialAction\":[{\"@type\":\"ReadAction\",\"target\":[\"https:\/\/sybir.bialystok.pl\/ru\/%d0%bc%d1%83%d0%b7%d0%b5%d0%b9-2\/%d0%b2%d1%8b%d1%81%d1%82%d0%b0%d0%b2%d0%ba%d0%b8\/\"]}]},{\"@type\":\"BreadcrumbList\",\"@id\":\"https:\/\/sybir.bialystok.pl\/ru\/%d0%bc%d1%83%d0%b7%d0%b5%d0%b9-2\/%d0%b2%d1%8b%d1%81%d1%82%d0%b0%d0%b2%d0%ba%d0%b8\/#breadcrumb\",\"itemListElement\":[{\"@type\":\"ListItem\",\"position\":1,\"name\":\"\u0414\u043e\u043c\",\"item\":\"https:\/\/sybir.bialystok.pl\/ru\/\"},{\"@type\":\"ListItem\",\"position\":2,\"name\":\"\u041c\u0443\u0437\u0435\u0439\",\"item\":\"https:\/\/sybir.bialystok.pl\/ru\/%d0%bc%d1%83%d0%b7%d0%b5%d0%b9-2\/\"},{\"@type\":\"ListItem\",\"position\":3,\"name\":\"\u0412\u044b\u0441\u0442\u0430\u0432\u043a\u0438\"}]},{\"@type\":\"WebSite\",\"@id\":\"https:\/\/sybir.bialystok.pl\/ru\/#website\",\"url\":\"https:\/\/sybir.bialystok.pl\/ru\/\",\"name\":\"Muzeum Pami\u0119ci Sybiru\",\"description\":\"Muzeum Pami\u0119ci Sybiru jest po\u015bwi\u0119cone ludziom, kt\u00f3rzy od ko\u0144ca XVI a\u017c do po\u0142owy XX wieku byli niewoleni i zsy\u0142ani w g\u0142\u0105b Rosji, a p\u00f3\u017aniej Zwi\u0105zku Sowieckiego, jak te\u017c tym, kt\u00f3rzy pod\u0105\u017cali tam dobrowolnie.\",\"potentialAction\":[{\"@type\":\"SearchAction\",\"target\":{\"@type\":\"EntryPoint\",\"urlTemplate\":\"https:\/\/sybir.bialystok.pl\/ru\/?s={search_term_string}\"},\"query-input\":{\"@type\":\"PropertyValueSpecification\",\"valueRequired\":true,\"valueName\":\"search_term_string\"}}],\"inLanguage\":\"ru-RU\"}]}<\/script>\n<!-- \/ Yoast SEO plugin. -->","yoast_head_json":{"title":"\u0412\u044b\u0441\u0442\u0430\u0432\u043a\u0438 - Muzeum Pami\u0119ci Sybiru","robots":{"index":"index","follow":"follow","max-snippet":"max-snippet:-1","max-image-preview":"max-image-preview:large","max-video-preview":"max-video-preview:-1"},"canonical":"https:\/\/sybir.bialystok.pl\/ru\/%d0%bc%d1%83%d0%b7%d0%b5%d0%b9-2\/%d0%b2%d1%8b%d1%81%d1%82%d0%b0%d0%b2%d0%ba%d0%b8\/","og_locale":"ru_RU","og_type":"article","og_title":"\u0412\u044b\u0441\u0442\u0430\u0432\u043a\u0438 - Muzeum Pami\u0119ci Sybiru","og_description":"\u0421\u043c\u043e\u0442\u0440\u0438\u0442\u0435 \u043d\u0430\u0448\u0438 \u0432\u044b\u0441\u0442\u0430\u0432\u043a\u0438.","og_url":"https:\/\/sybir.bialystok.pl\/ru\/%d0%bc%d1%83%d0%b7%d0%b5%d0%b9-2\/%d0%b2%d1%8b%d1%81%d1%82%d0%b0%d0%b2%d0%ba%d0%b8\/","og_site_name":"Muzeum Pami\u0119ci Sybiru","article_modified_time":"2021-08-19T11:46:01+00:00","twitter_card":"summary_large_image","schema":{"@context":"https:\/\/schema.org","@graph":[{"@type":"WebPage","@id":"https:\/\/sybir.bialystok.pl\/ru\/%d0%bc%d1%83%d0%b7%d0%b5%d0%b9-2\/%d0%b2%d1%8b%d1%81%d1%82%d0%b0%d0%b2%d0%ba%d0%b8\/","url":"https:\/\/sybir.bialystok.pl\/ru\/%d0%bc%d1%83%d0%b7%d0%b5%d0%b9-2\/%d0%b2%d1%8b%d1%81%d1%82%d0%b0%d0%b2%d0%ba%d0%b8\/","name":"\u0412\u044b\u0441\u0442\u0430\u0432\u043a\u0438 - Muzeum Pami\u0119ci Sybiru","isPartOf":{"@id":"https:\/\/sybir.bialystok.pl\/ru\/#website"},"datePublished":"2021-02-12T09:52:45+00:00","dateModified":"2021-08-19T11:46:01+00:00","breadcrumb":{"@id":"https:\/\/sybir.bialystok.pl\/ru\/%d0%bc%d1%83%d0%b7%d0%b5%d0%b9-2\/%d0%b2%d1%8b%d1%81%d1%82%d0%b0%d0%b2%d0%ba%d0%b8\/#breadcrumb"},"inLanguage":"ru-RU","potentialAction":[{"@type":"ReadAction","target":["https:\/\/sybir.bialystok.pl\/ru\/%d0%bc%d1%83%d0%b7%d0%b5%d0%b9-2\/%d0%b2%d1%8b%d1%81%d1%82%d0%b0%d0%b2%d0%ba%d0%b8\/"]}]},{"@type":"BreadcrumbList","@id":"https:\/\/sybir.bialystok.pl\/ru\/%d0%bc%d1%83%d0%b7%d0%b5%d0%b9-2\/%d0%b2%d1%8b%d1%81%d1%82%d0%b0%d0%b2%d0%ba%d0%b8\/#breadcrumb","itemListElement":[{"@type":"ListItem","position":1,"name":"\u0414\u043e\u043c","item":"https:\/\/sybir.bialystok.pl\/ru\/"},{"@type":"ListItem","position":2,"name":"\u041c\u0443\u0437\u0435\u0439","item":"https:\/\/sybir.bialystok.pl\/ru\/%d0%bc%d1%83%d0%b7%d0%b5%d0%b9-2\/"},{"@type":"ListItem","position":3,"name":"\u0412\u044b\u0441\u0442\u0430\u0432\u043a\u0438"}]},{"@type":"WebSite","@id":"https:\/\/sybir.bialystok.pl\/ru\/#website","url":"https:\/\/sybir.bialystok.pl\/ru\/","name":"Muzeum Pami\u0119ci Sybiru","description":"Muzeum Pami\u0119ci Sybiru jest po\u015bwi\u0119cone ludziom, kt\u00f3rzy od ko\u0144ca XVI a\u017c do po\u0142owy XX wieku byli niewoleni i zsy\u0142ani w g\u0142\u0105b Rosji, a p\u00f3\u017aniej Zwi\u0105zku Sowieckiego, jak te\u017c tym, kt\u00f3rzy pod\u0105\u017cali tam dobrowolnie.","potentialAction":[{"@type":"SearchAction","target":{"@type":"EntryPoint","urlTemplate":"https:\/\/sybir.bialystok.pl\/ru\/?s={search_term_string}"},"query-input":{"@type":"PropertyValueSpecification","valueRequired":true,"valueName":"search_term_string"}}],"inLanguage":"ru-RU"}]}},"_links":{"self":[{"href":"https:\/\/sybir.bialystok.pl\/ru\/wp-json\/wp\/v2\/pages\/6645","targetHints":{"allow":["GET"]}}],"collection":[{"href":"https:\/\/sybir.bialystok.pl\/ru\/wp-json\/wp\/v2\/pages"}],"about":[{"href":"https:\/\/sybir.bialystok.pl\/ru\/wp-json\/wp\/v2\/types\/page"}],"author":[{"embeddable":true,"href":"https:\/\/sybir.bialystok.pl\/ru\/wp-json\/wp\/v2\/users\/2"}],"replies":[{"embeddable":true,"href":"https:\/\/sybir.bialystok.pl\/ru\/wp-json\/wp\/v2\/comments?post=6645"}],"version-history":[{"count":3,"href":"https:\/\/sybir.bialystok.pl\/ru\/wp-json\/wp\/v2\/pages\/6645\/revisions"}],"predecessor-version":[{"id":7431,"href":"https:\/\/sybir.bialystok.pl\/ru\/wp-json\/wp\/v2\/pages\/6645\/revisions\/7431"}],"up":[{"embeddable":true,"href":"https:\/\/sybir.bialystok.pl\/ru\/wp-json\/wp\/v2\/pages\/6636"}],"wp:attachment":[{"href":"https:\/\/sybir.bialystok.pl\/ru\/wp-json\/wp\/v2\/media?parent=6645"}],"curies":[{"name":"wp","href":"https:\/\/api.w.org\/{rel}","templated":true}]}}