{"id":6629,"date":"2021-05-10T09:16:20","date_gmt":"2021-05-10T07:16:20","guid":{"rendered":"https:\/\/sybir.bialystok.pl\/materialy-do-pobrania\/"},"modified":"2021-07-29T14:38:53","modified_gmt":"2021-07-29T12:38:53","slug":"materialy-do-pobrania","status":"publish","type":"page","link":"https:\/\/sybir.bialystok.pl\/ru\/materialy-do-pobrania\/","title":{"rendered":"Materia\u0142y do pobrania"},"content":{"rendered":"\n<figure class=\"wp-block-gallery columns-1 is-cropped wp-block-gallery-1 is-layout-flex wp-block-gallery-is-layout-flex\"><ul class=\"blocks-gallery-grid\"><li class=\"blocks-gallery-item\"><figure><a href=\"https:\/\/sybir.bialystok.pl\/wp-content\/uploads\/2021\/05\/logo-5cm-z-polem.jpg\"><img loading=\"lazy\" decoding=\"async\" width=\"765\" height=\"262\" src=\"https:\/\/sybir.bialystok.pl\/wp-content\/uploads\/2021\/05\/logo-5cm-z-polem.jpg\" alt=\"\" data-id=\"4812\" data-full-url=\"https:\/\/sybir.bialystok.pl\/wp-content\/uploads\/2021\/05\/logo-5cm-z-polem.jpg\" data-link=\"https:\/\/sybir.bialystok.pl\/?attachment_id=4812\" class=\"wp-image-4812\" srcset=\"https:\/\/sybir.bialystok.pl\/wp-content\/uploads\/2021\/05\/logo-5cm-z-polem.jpg 765w, https:\/\/sybir.bialystok.pl\/wp-content\/uploads\/2021\/05\/logo-5cm-z-polem-300x103.jpg 300w\" sizes=\"auto, (max-width: 765px) 100vw, 765px\" \/><\/a><\/figure><\/li><\/ul><\/figure>\n\n\n\n<figure class=\"wp-block-gallery columns-1 is-cropped wp-block-gallery-2 is-layout-flex wp-block-gallery-is-layout-flex\"><ul class=\"blocks-gallery-grid\"><li class=\"blocks-gallery-item\"><figure><a href=\"https:\/\/sybir.bialystok.pl\/wp-content\/uploads\/2021\/05\/logo-7cm-z-polem.jpg\"><img loading=\"lazy\" decoding=\"async\" width=\"1024\" height=\"350\" src=\"https:\/\/sybir.bialystok.pl\/wp-content\/uploads\/2021\/05\/logo-7cm-z-polem-1024x350.jpg\" alt=\"\" data-id=\"4821\" data-full-url=\"https:\/\/sybir.bialystok.pl\/wp-content\/uploads\/2021\/05\/logo-7cm-z-polem.jpg\" data-link=\"https:\/\/sybir.bialystok.pl\/?attachment_id=4821\" class=\"wp-image-4821\" srcset=\"https:\/\/sybir.bialystok.pl\/wp-content\/uploads\/2021\/05\/logo-7cm-z-polem-1024x350.jpg 1024w, https:\/\/sybir.bialystok.pl\/wp-content\/uploads\/2021\/05\/logo-7cm-z-polem-300x103.jpg 300w, https:\/\/sybir.bialystok.pl\/wp-content\/uploads\/2021\/05\/logo-7cm-z-polem-768x262.jpg 768w, https:\/\/sybir.bialystok.pl\/wp-content\/uploads\/2021\/05\/logo-7cm-z-polem.jpg 1036w\" sizes=\"auto, (max-width: 1024px) 100vw, 1024px\" \/><\/a><\/figure><\/li><\/ul><\/figure>\n\n\n\n<figure class=\"wp-block-gallery columns-1 is-cropped wp-block-gallery-3 is-layout-flex wp-block-gallery-is-layout-flex\"><ul class=\"blocks-gallery-grid\"><li class=\"blocks-gallery-item\"><figure><a href=\"https:\/\/sybir.bialystok.pl\/wp-content\/uploads\/2021\/05\/logo-9cm-z-polem.jpg\"><img loading=\"lazy\" decoding=\"async\" width=\"1024\" height=\"345\" src=\"https:\/\/sybir.bialystok.pl\/wp-content\/uploads\/2021\/05\/logo-9cm-z-polem-1024x345.jpg\" alt=\"\" data-id=\"4827\" data-full-url=\"https:\/\/sybir.bialystok.pl\/wp-content\/uploads\/2021\/05\/logo-9cm-z-polem.jpg\" data-link=\"https:\/\/sybir.bialystok.pl\/?attachment_id=4827\" class=\"wp-image-4827\" srcset=\"https:\/\/sybir.bialystok.pl\/wp-content\/uploads\/2021\/05\/logo-9cm-z-polem-1024x345.jpg 1024w, https:\/\/sybir.bialystok.pl\/wp-content\/uploads\/2021\/05\/logo-9cm-z-polem-300x101.jpg 300w, https:\/\/sybir.bialystok.pl\/wp-content\/uploads\/2021\/05\/logo-9cm-z-polem-768x258.jpg 768w, https:\/\/sybir.bialystok.pl\/wp-content\/uploads\/2021\/05\/logo-9cm-z-polem.jpg 1370w\" sizes=\"auto, (max-width: 1024px) 100vw, 1024px\" \/><\/a><\/figure><\/li><\/ul><\/figure>\n\n\n\n<figure class=\"wp-block-gallery columns-1 is-cropped wp-block-gallery-4 is-layout-flex wp-block-gallery-is-layout-flex\"><ul class=\"blocks-gallery-grid\"><li class=\"blocks-gallery-item\"><figure><a href=\"https:\/\/sybir.bialystok.pl\/wp-content\/uploads\/2021\/05\/logo-7cm-z-czarnym-polem.jpg\"><img loading=\"lazy\" decoding=\"async\" width=\"1024\" height=\"350\" src=\"https:\/\/sybir.bialystok.pl\/wp-content\/uploads\/2021\/05\/logo-7cm-z-czarnym-polem-1024x350.jpg\" alt=\"\" data-id=\"4818\" data-full-url=\"https:\/\/sybir.bialystok.pl\/wp-content\/uploads\/2021\/05\/logo-7cm-z-czarnym-polem.jpg\" data-link=\"https:\/\/sybir.bialystok.pl\/?attachment_id=4818\" class=\"wp-image-4818\" srcset=\"https:\/\/sybir.bialystok.pl\/wp-content\/uploads\/2021\/05\/logo-7cm-z-czarnym-polem-1024x350.jpg 1024w, https:\/\/sybir.bialystok.pl\/wp-content\/uploads\/2021\/05\/logo-7cm-z-czarnym-polem-300x103.jpg 300w, https:\/\/sybir.bialystok.pl\/wp-content\/uploads\/2021\/05\/logo-7cm-z-czarnym-polem-768x262.jpg 768w, https:\/\/sybir.bialystok.pl\/wp-content\/uploads\/2021\/05\/logo-7cm-z-czarnym-polem.jpg 1036w\" sizes=\"auto, (max-width: 1024px) 100vw, 1024px\" \/><\/a><\/figure><\/li><\/ul><\/figure>\n\n\n\n<div style=\"height:56px\" aria-hidden=\"true\" class=\"wp-block-spacer\"><\/div>\n\n\n\n<figure class=\"wp-block-gallery columns-1 is-cropped wp-block-gallery-5 is-layout-flex wp-block-gallery-is-layout-flex\"><ul class=\"blocks-gallery-grid\"><li class=\"blocks-gallery-item\"><figure><a href=\"https:\/\/sybir.bialystok.pl\/wp-content\/uploads\/2021\/05\/MPS_logo_PDF-negatyw.png\"><img loading=\"lazy\" decoding=\"async\" width=\"1024\" height=\"151\" src=\"https:\/\/sybir.bialystok.pl\/wp-content\/uploads\/2021\/05\/MPS_logo_PDF-negatyw-1024x151.png\" alt=\"\" data-id=\"4833\" data-full-url=\"https:\/\/sybir.bialystok.pl\/wp-content\/uploads\/2021\/05\/MPS_logo_PDF-negatyw.png\" data-link=\"https:\/\/sybir.bialystok.pl\/?attachment_id=4833\" class=\"wp-image-4833\" srcset=\"https:\/\/sybir.bialystok.pl\/wp-content\/uploads\/2021\/05\/MPS_logo_PDF-negatyw-1024x151.png 1024w, https:\/\/sybir.bialystok.pl\/wp-content\/uploads\/2021\/05\/MPS_logo_PDF-negatyw-300x44.png 300w, https:\/\/sybir.bialystok.pl\/wp-content\/uploads\/2021\/05\/MPS_logo_PDF-negatyw-768x113.png 768w, https:\/\/sybir.bialystok.pl\/wp-content\/uploads\/2021\/05\/MPS_logo_PDF-negatyw-1536x227.png 1536w, https:\/\/sybir.bialystok.pl\/wp-content\/uploads\/2021\/05\/MPS_logo_PDF-negatyw-2048x302.png 2048w\" sizes=\"auto, (max-width: 1024px) 100vw, 1024px\" \/><\/a><\/figure><\/li><\/ul><\/figure>\n","protected":false},"excerpt":{"rendered":"","protected":false},"author":1,"featured_media":0,"parent":0,"menu_order":0,"comment_status":"closed","ping_status":"closed","template":"","meta":{"_acf_changed":false,"_editorskit_title_hidden":false,"_editorskit_reading_time":0,"_editorskit_is_block_options_detached":false,"_editorskit_block_options_position":"{}","footnotes":""},"class_list":["post-6629","page","type-page","status-publish","hentry"],"acf":[],"yoast_head":"<!-- This site is optimized with the Yoast SEO plugin v24.6 - https:\/\/yoast.com\/wordpress\/plugins\/seo\/ -->\n<title>Materia\u0142y do pobrania - Muzeum Pami\u0119ci Sybiru<\/title>\n<meta name=\"robots\" content=\"index, follow, max-snippet:-1, max-image-preview:large, max-video-preview:-1\" \/>\n<link rel=\"canonical\" href=\"https:\/\/sybir.bialystok.pl\/ru\/materialy-do-pobrania\/\" \/>\n<meta property=\"og:locale\" content=\"ru_RU\" \/>\n<meta property=\"og:type\" content=\"article\" \/>\n<meta property=\"og:title\" content=\"Materia\u0142y do pobrania - Muzeum Pami\u0119ci Sybiru\" \/>\n<meta property=\"og:url\" content=\"https:\/\/sybir.bialystok.pl\/ru\/materialy-do-pobrania\/\" \/>\n<meta property=\"og:site_name\" content=\"Muzeum Pami\u0119ci Sybiru\" \/>\n<meta property=\"article:modified_time\" content=\"2021-07-29T12:38:53+00:00\" \/>\n<meta property=\"og:image\" content=\"https:\/\/sybir.bialystok.pl\/wp-content\/uploads\/2021\/05\/logo-5cm-z-polem.jpg\" \/>\n<meta name=\"twitter:card\" content=\"summary_large_image\" \/>\n<meta name=\"twitter:label1\" content=\"\u041f\u0440\u0438\u043c\u0435\u0440\u043d\u043e\u0435 \u0432\u0440\u0435\u043c\u044f \u0434\u043b\u044f \u0447\u0442\u0435\u043d\u0438\u044f\" \/>\n\t<meta name=\"twitter:data1\" content=\"1 \u043c\u0438\u043d\u0443\u0442\u0430\" \/>\n<script type=\"application\/ld+json\" class=\"yoast-schema-graph\">{\"@context\":\"https:\/\/schema.org\",\"@graph\":[{\"@type\":\"WebPage\",\"@id\":\"https:\/\/sybir.bialystok.pl\/ru\/materialy-do-pobrania\/\",\"url\":\"https:\/\/sybir.bialystok.pl\/ru\/materialy-do-pobrania\/\",\"name\":\"Materia\u0142y do pobrania - Muzeum Pami\u0119ci Sybiru\",\"isPartOf\":{\"@id\":\"https:\/\/sybir.bialystok.pl\/ru\/#website\"},\"primaryImageOfPage\":{\"@id\":\"https:\/\/sybir.bialystok.pl\/ru\/materialy-do-pobrania\/#primaryimage\"},\"image\":{\"@id\":\"https:\/\/sybir.bialystok.pl\/ru\/materialy-do-pobrania\/#primaryimage\"},\"thumbnailUrl\":\"https:\/\/sybir.bialystok.pl\/wp-content\/uploads\/2021\/05\/logo-5cm-z-polem.jpg\",\"datePublished\":\"2021-05-10T07:16:20+00:00\",\"dateModified\":\"2021-07-29T12:38:53+00:00\",\"breadcrumb\":{\"@id\":\"https:\/\/sybir.bialystok.pl\/ru\/materialy-do-pobrania\/#breadcrumb\"},\"inLanguage\":\"ru-RU\",\"potentialAction\":[{\"@type\":\"ReadAction\",\"target\":[\"https:\/\/sybir.bialystok.pl\/ru\/materialy-do-pobrania\/\"]}]},{\"@type\":\"ImageObject\",\"inLanguage\":\"ru-RU\",\"@id\":\"https:\/\/sybir.bialystok.pl\/ru\/materialy-do-pobrania\/#primaryimage\",\"url\":\"https:\/\/sybir.bialystok.pl\/wp-content\/uploads\/2021\/05\/logo-5cm-z-polem.jpg\",\"contentUrl\":\"https:\/\/sybir.bialystok.pl\/wp-content\/uploads\/2021\/05\/logo-5cm-z-polem.jpg\"},{\"@type\":\"BreadcrumbList\",\"@id\":\"https:\/\/sybir.bialystok.pl\/ru\/materialy-do-pobrania\/#breadcrumb\",\"itemListElement\":[{\"@type\":\"ListItem\",\"position\":1,\"name\":\"\u0414\u043e\u043c\",\"item\":\"https:\/\/sybir.bialystok.pl\/ru\/\"},{\"@type\":\"ListItem\",\"position\":2,\"name\":\"Materia\u0142y do pobrania\"}]},{\"@type\":\"WebSite\",\"@id\":\"https:\/\/sybir.bialystok.pl\/ru\/#website\",\"url\":\"https:\/\/sybir.bialystok.pl\/ru\/\",\"name\":\"Muzeum Pami\u0119ci Sybiru\",\"description\":\"Muzeum Pami\u0119ci Sybiru jest po\u015bwi\u0119cone ludziom, kt\u00f3rzy od ko\u0144ca XVI a\u017c do po\u0142owy XX wieku byli niewoleni i zsy\u0142ani w g\u0142\u0105b Rosji, a p\u00f3\u017aniej Zwi\u0105zku Sowieckiego, jak te\u017c tym, kt\u00f3rzy pod\u0105\u017cali tam dobrowolnie.\",\"potentialAction\":[{\"@type\":\"SearchAction\",\"target\":{\"@type\":\"EntryPoint\",\"urlTemplate\":\"https:\/\/sybir.bialystok.pl\/ru\/?s={search_term_string}\"},\"query-input\":{\"@type\":\"PropertyValueSpecification\",\"valueRequired\":true,\"valueName\":\"search_term_string\"}}],\"inLanguage\":\"ru-RU\"}]}<\/script>\n<!-- \/ Yoast SEO plugin. -->","yoast_head_json":{"title":"Materia\u0142y do pobrania - Muzeum Pami\u0119ci Sybiru","robots":{"index":"index","follow":"follow","max-snippet":"max-snippet:-1","max-image-preview":"max-image-preview:large","max-video-preview":"max-video-preview:-1"},"canonical":"https:\/\/sybir.bialystok.pl\/ru\/materialy-do-pobrania\/","og_locale":"ru_RU","og_type":"article","og_title":"Materia\u0142y do pobrania - Muzeum Pami\u0119ci Sybiru","og_url":"https:\/\/sybir.bialystok.pl\/ru\/materialy-do-pobrania\/","og_site_name":"Muzeum Pami\u0119ci Sybiru","article_modified_time":"2021-07-29T12:38:53+00:00","og_image":[{"url":"https:\/\/sybir.bialystok.pl\/wp-content\/uploads\/2021\/05\/logo-5cm-z-polem.jpg","type":"","width":"","height":""}],"twitter_card":"summary_large_image","twitter_misc":{"\u041f\u0440\u0438\u043c\u0435\u0440\u043d\u043e\u0435 \u0432\u0440\u0435\u043c\u044f \u0434\u043b\u044f \u0447\u0442\u0435\u043d\u0438\u044f":"1 \u043c\u0438\u043d\u0443\u0442\u0430"},"schema":{"@context":"https:\/\/schema.org","@graph":[{"@type":"WebPage","@id":"https:\/\/sybir.bialystok.pl\/ru\/materialy-do-pobrania\/","url":"https:\/\/sybir.bialystok.pl\/ru\/materialy-do-pobrania\/","name":"Materia\u0142y do pobrania - Muzeum Pami\u0119ci Sybiru","isPartOf":{"@id":"https:\/\/sybir.bialystok.pl\/ru\/#website"},"primaryImageOfPage":{"@id":"https:\/\/sybir.bialystok.pl\/ru\/materialy-do-pobrania\/#primaryimage"},"image":{"@id":"https:\/\/sybir.bialystok.pl\/ru\/materialy-do-pobrania\/#primaryimage"},"thumbnailUrl":"https:\/\/sybir.bialystok.pl\/wp-content\/uploads\/2021\/05\/logo-5cm-z-polem.jpg","datePublished":"2021-05-10T07:16:20+00:00","dateModified":"2021-07-29T12:38:53+00:00","breadcrumb":{"@id":"https:\/\/sybir.bialystok.pl\/ru\/materialy-do-pobrania\/#breadcrumb"},"inLanguage":"ru-RU","potentialAction":[{"@type":"ReadAction","target":["https:\/\/sybir.bialystok.pl\/ru\/materialy-do-pobrania\/"]}]},{"@type":"ImageObject","inLanguage":"ru-RU","@id":"https:\/\/sybir.bialystok.pl\/ru\/materialy-do-pobrania\/#primaryimage","url":"https:\/\/sybir.bialystok.pl\/wp-content\/uploads\/2021\/05\/logo-5cm-z-polem.jpg","contentUrl":"https:\/\/sybir.bialystok.pl\/wp-content\/uploads\/2021\/05\/logo-5cm-z-polem.jpg"},{"@type":"BreadcrumbList","@id":"https:\/\/sybir.bialystok.pl\/ru\/materialy-do-pobrania\/#breadcrumb","itemListElement":[{"@type":"ListItem","position":1,"name":"\u0414\u043e\u043c","item":"https:\/\/sybir.bialystok.pl\/ru\/"},{"@type":"ListItem","position":2,"name":"Materia\u0142y do pobrania"}]},{"@type":"WebSite","@id":"https:\/\/sybir.bialystok.pl\/ru\/#website","url":"https:\/\/sybir.bialystok.pl\/ru\/","name":"Muzeum Pami\u0119ci Sybiru","description":"Muzeum Pami\u0119ci Sybiru jest po\u015bwi\u0119cone ludziom, kt\u00f3rzy od ko\u0144ca XVI a\u017c do po\u0142owy XX wieku byli niewoleni i zsy\u0142ani w g\u0142\u0105b Rosji, a p\u00f3\u017aniej Zwi\u0105zku Sowieckiego, jak te\u017c tym, kt\u00f3rzy pod\u0105\u017cali tam dobrowolnie.","potentialAction":[{"@type":"SearchAction","target":{"@type":"EntryPoint","urlTemplate":"https:\/\/sybir.bialystok.pl\/ru\/?s={search_term_string}"},"query-input":{"@type":"PropertyValueSpecification","valueRequired":true,"valueName":"search_term_string"}}],"inLanguage":"ru-RU"}]}},"_links":{"self":[{"href":"https:\/\/sybir.bialystok.pl\/ru\/wp-json\/wp\/v2\/pages\/6629","targetHints":{"allow":["GET"]}}],"collection":[{"href":"https:\/\/sybir.bialystok.pl\/ru\/wp-json\/wp\/v2\/pages"}],"about":[{"href":"https:\/\/sybir.bialystok.pl\/ru\/wp-json\/wp\/v2\/types\/page"}],"author":[{"embeddable":true,"href":"https:\/\/sybir.bialystok.pl\/ru\/wp-json\/wp\/v2\/users\/1"}],"replies":[{"embeddable":true,"href":"https:\/\/sybir.bialystok.pl\/ru\/wp-json\/wp\/v2\/comments?post=6629"}],"version-history":[{"count":1,"href":"https:\/\/sybir.bialystok.pl\/ru\/wp-json\/wp\/v2\/pages\/6629\/revisions"}],"predecessor-version":[{"id":6632,"href":"https:\/\/sybir.bialystok.pl\/ru\/wp-json\/wp\/v2\/pages\/6629\/revisions\/6632"}],"wp:attachment":[{"href":"https:\/\/sybir.bialystok.pl\/ru\/wp-json\/wp\/v2\/media?parent=6629"}],"curies":[{"name":"wp","href":"https:\/\/api.w.org\/{rel}","templated":true}]}}