{"id":6304,"date":"2021-05-06T11:47:41","date_gmt":"2021-05-06T09:47:41","guid":{"rendered":"https:\/\/sybir.bialystok.pl\/prof-dr-hab-wojciech-sleszynski\/"},"modified":"2026-02-23T14:22:23","modified_gmt":"2026-02-23T13:22:23","slug":"%d0%bf%d1%80%d0%be%d1%84-%d0%b4-%d1%80-%d1%85%d0%b0%d0%b1-%d0%b2%d0%be%d0%b9%d1%86%d0%b5%d1%85-%d1%81%d0%bb%d0%b5%d1%88%d0%b8%d0%bd%d1%8c%d1%81%d0%ba%d0%b8","status":"publish","type":"page","link":"https:\/\/sybir.bialystok.pl\/ru\/%d0%bf%d1%80%d0%be%d1%84-%d0%b4-%d1%80-%d1%85%d0%b0%d0%b1-%d0%b2%d0%be%d0%b9%d1%86%d0%b5%d1%85-%d1%81%d0%bb%d0%b5%d1%88%d0%b8%d0%bd%d1%8c%d1%81%d0%ba%d0%b8\/","title":{"rendered":"\u043f\u0440\u043e\u0444. \u0434-\u0440 \u0445\u0430\u0431. \u0412\u043e\u0439\u0446\u0435\u0445 \u0421\u043b\u0435\u0448\u0438\u043d\u044c\u0441\u043a\u0438"},"content":{"rendered":"\n<!--more-->\n\n\n\n<figure class=\"wp-block-gallery has-nested-images columns-default is-cropped wp-block-gallery-1 is-layout-flex wp-block-gallery-is-layout-flex\">\n<figure class=\"wp-block-image size-large\"><a href=\"https:\/\/sybir.bialystok.pl\/wp-content\/uploads\/2021\/05\/Dyrektor-Muzeum-Pamieci-Sybiru-1024x554.jpg\"><img loading=\"lazy\" decoding=\"async\" width=\"1024\" height=\"554\" data-id=\"4686\" src=\"https:\/\/sybir.bialystok.pl\/wp-content\/uploads\/2021\/05\/Dyrektor-Muzeum-Pamieci-Sybiru-1024x554.jpg\" alt=\"\" class=\"wp-image-4686\" srcset=\"https:\/\/sybir.bialystok.pl\/wp-content\/uploads\/2021\/05\/Dyrektor-Muzeum-Pamieci-Sybiru-1024x554.jpg 1024w, https:\/\/sybir.bialystok.pl\/wp-content\/uploads\/2021\/05\/Dyrektor-Muzeum-Pamieci-Sybiru-300x162.jpg 300w, https:\/\/sybir.bialystok.pl\/wp-content\/uploads\/2021\/05\/Dyrektor-Muzeum-Pamieci-Sybiru-768x415.jpg 768w, https:\/\/sybir.bialystok.pl\/wp-content\/uploads\/2021\/05\/Dyrektor-Muzeum-Pamieci-Sybiru-1536x830.jpg 1536w, https:\/\/sybir.bialystok.pl\/wp-content\/uploads\/2021\/05\/Dyrektor-Muzeum-Pamieci-Sybiru-2048x1107.jpg 2048w\" sizes=\"auto, (max-width: 1024px) 100vw, 1024px\" \/><\/a><\/figure>\n<\/figure>\n\n\n\n<p><strong><strong>\u0414\u0438\u0440\u0435\u043a\u0442\u043e\u0440 \u041c\u0443\u0437\u0435\u044f \u043f\u0430\u043c\u044f\u0442\u0438 \u0421\u0438\u0431\u0438\u0440\u0438<\/strong><\/strong><\/p>\n\n\n\n<p><strong>\u043f\u0440\u043e\u0444. \u0434-\u0440 \u0445\u0430\u0431. \u0412\u043e\u0439\u0446\u0435\u0445 \u0421\u043b\u0435\u0448\u0438\u043d\u044c\u0441\u043a\u0438<\/strong><\/p>\n\n\n\n<p class=\"has-small-font-size\"><strong><strong>\u041e\u0431\u0440\u0430\u0437\u043e\u0432\u0430\u043d\u0438\u0435:<\/strong><\/strong><\/p>\n\n\n\n<ul class=\"wp-block-list has-small-font-size has-small-font-size\">\n<li>1996 &#8212; \u043c\u0430\u0433\u0438\u0441\u0442\u0440, \u0412\u0430\u0440\u0448\u0430\u0432\u0441\u043a\u0438\u0439 \u0443\u043d\u0438\u0432\u0435\u0440\u0441\u0438\u0442\u0435\u0442, \u0444\u0438\u043b\u0438\u0430\u043b \u0432 \u0411\u0435\u043b\u043e\u0441\u0442\u043e\u043a\u0435, \u0418\u043d\u0441\u0442\u0438\u0442\u0443\u0442 \u0438\u0441\u0442\u043e\u0440\u0438\u0438, \u0438\u0441\u0442\u043e\u0440\u0438\u044f,<\/li>\n\n\n\n<li>2001 \u2013 \u043a\u0430\u043d\u0434\u0438\u0434\u0430\u0442 \u043d\u0430\u0443\u043a, \u0411\u0435\u043b\u043e\u0441\u0442\u043e\u043a\u0441\u043a\u0438\u0439 \u0443\u043d\u0438\u0432\u0435\u0440\u0441\u0438\u0442\u0435\u0442, \u0418\u043d\u0441\u0442\u0438\u0442\u0443\u0442 \u0438\u0441\u0442\u043e\u0440\u0438\u0438, \u0438\u0441\u0442\u043e\u0440\u0438\u044f,<\/li>\n\n\n\n<li>2008 \u2013 \u0434\u043e\u043a\u0442\u043e\u0440 \u043d\u0430\u0443\u043a, \u041f\u043e\u043b\u044c\u0441\u043a\u0430\u044f a\u043a\u0430\u0434\u0435\u043c\u0438\u044f \u043d\u0430\u0443\u043a, \u0418\u043d\u0441\u0442\u0438\u0442\u0443\u0442 \u043f\u043e\u043b\u0438\u0442\u0438\u0447\u0435\u0441\u043a\u0438\u0445 \u0438\u0441\u0441\u043b\u0435\u0434\u043e\u0432\u0430\u043d\u0438\u0439, \u043f\u043e\u043b\u0438\u0442\u043e\u043b\u043e\u0433\u0438\u044f,<\/li>\n\n\n\n<li>2019 \u2013 \u0437\u0432\u0430\u043d\u0438\u0435 \u043f\u0440\u043e\u0444\u0435\u0441\u0441\u043e\u0440\u0430 \u0433\u0443\u043c\u0430\u043d\u0438\u0442\u0430\u0440\u043d\u044b\u0445 \u043d\u0430\u0443\u043a, \u043f\u0440\u0438\u0441\u0432\u043e\u0435\u043d\u043d\u043e\u0435 \u041f\u0440\u0435\u0437\u0438\u0434\u0435\u043d\u0442\u043e\u043c \u0420\u0435\u0441\u043f\u0443\u0431\u043b\u0438\u043a\u0438 \u041f\u043e\u043b\u044c\u0448\u0430.<\/li>\n<\/ul>\n\n\n\n<div style=\"height:25px\" aria-hidden=\"true\" class=\"wp-block-spacer\"><\/div>\n\n\n\n<p class=\"has-small-font-size\"><strong>\u0417\u0430\u043d\u0438\u043c\u0430\u0435\u043c\u044b\u0435 \u0434\u043e\u043b\u0436\u043d\u043e\u0441\u0442\u0438:<\/strong><\/p>\n\n\n\n<ul class=\"wp-block-list has-small-font-size has-small-font-size\">\n<li>2006-2008 \u2013 \u0437\u0430\u043c\u0435\u0441\u0442\u0438\u0442\u0435\u043b\u044c \u0434\u0438\u0440\u0435\u043a\u0442\u043e\u0440\u0430 \u0418\u043d\u0441\u0442\u0438\u0442\u0443\u0442\u0430 \u0438\u0441\u0442\u043e\u0440\u0438\u0438 \u0423\u043d\u0438\u0432\u0435\u0440\u0441\u0438\u0442\u0435\u0442\u0430 \u0432 \u0411\u0435\u043b\u043e\u0441\u0442\u043e\u043a\u0435,<\/li>\n\n\n\n<li>2008-2012 \u2013 \u0434\u0438\u0440\u0435\u043a\u0442\u043e\u0440 \u0418\u043d\u0441\u0442\u0438\u0442\u0443\u0442\u0430 \u0438\u0441\u0442\u043e\u0440\u0438\u0438 (\u0441 2010 \u0433\u043e\u0434\u0430 \u0418\u043d\u0441\u0442\u0438\u0442\u0443\u0442 \u0438\u0441\u0442\u043e\u0440\u0438\u0438 \u0438 \u043f\u043e\u043b\u0438\u0442\u043e\u043b\u043e\u0433\u0438\u0438) \u0423\u043d\u0438\u0432\u0435\u0440\u0441\u0438\u0442\u0435\u0442\u0430 \u0432 \u0411\u0435\u043b\u043e\u0441\u0442\u043e\u043a\u0435,<\/li>\n\n\n\n<li>2012-2016 \u2013 \u0434\u0435\u043a\u0430\u043d \u0444\u0430\u043a\u0443\u043b\u044c\u0442\u0435\u0442\u0430 \u0438\u0441\u0442\u043e\u0440\u0438\u0438 \u0438 \u0441\u043e\u0446\u0438\u043e\u043b\u043e\u0433\u0438\u0438 \u0423\u043d\u0438\u0432\u0435\u0440\u0441\u0438\u0442\u0435\u0442\u0430 \u0432 \u0411\u0435\u043b\u043e\u0441\u0442\u043e\u043a\u0435,<\/li>\n\n\n\n<li>2016-2020 \u2013 \u043f\u0440\u043e\u0440\u0435\u043a\u0442\u043e\u0440 \u043f\u043e \u043e\u0431\u0440\u0430\u0437\u043e\u0432\u0430\u043d\u0438\u044e \u0423\u043d\u0438\u0432\u0435\u0440\u0441\u0438\u0442\u0435\u0442\u0430 \u0432 \u0411\u0435\u043b\u043e\u0441\u0442\u043e\u043a\u0435,<\/li>\n\n\n\n<li>2008-2020 \u2013 \u0440\u0443\u043a\u043e\u0432\u043e\u0434\u0438\u0442\u0435\u043b\u044c \u043a\u0430\u0444\u0435\u0434\u0440\u044b \u043f\u043e\u043b\u0438\u0442\u0438\u0447\u0435\u0441\u043a\u0438\u0445 \u043e\u0442\u043d\u043e\u0448\u0435\u043d\u0438\u0439 \u0423\u043d\u0438\u0432\u0435\u0440\u0441\u0438\u0442\u0435\u0442\u0430 \u0432 \u0411\u0435\u043b\u043e\u0441\u0442\u043e\u043a\u0435,<\/li>\n\n\n\n<li>\u0441 01.10.2020 \u2013 \u0440\u0443\u043a\u043e\u0432\u043e\u0434\u0438\u0442\u0435\u043b\u044c \u043a\u0430\u0444\u0435\u0434\u0440\u044b \u0432\u043e\u0441\u0442\u043e\u0447\u043d\u044b\u0445 \u0438\u0441\u0441\u043b\u0435\u0434\u043e\u0432\u0430\u043d\u0438\u0439 \u0438 \u043c\u0435\u0436\u0434\u0443\u043d\u0430\u0440\u043e\u0434\u043d\u044b\u0445 \u043f\u043e\u043b\u0438\u0442\u0438\u0447\u0435\u0441\u043a\u0438\u0445 \u043e\u0442\u043d\u043e\u0448\u0435\u043d\u0438\u0439 \u0423\u043d\u0438\u0432\u0435\u0440\u0441\u0438\u0442\u0435\u0442\u0430 \u0432 \u0411\u0435\u043b\u043e\u0441\u0442\u043e\u043a\u0435.<\/li>\n<\/ul>\n\n\n\n<div style=\"height:25px\" aria-hidden=\"true\" class=\"wp-block-spacer\"><\/div>\n\n\n\n<p class=\"has-small-font-size\"><strong>\u041d\u0430\u0443\u0447\u043d\u044b\u0435 \u0434\u043e\u0441\u0442\u0438\u0436\u0435\u043d\u0438\u044f:<\/strong><\/p>\n\n\n\n<ul class=\"wp-block-list has-small-font-size has-small-font-size\">\n<li>\u0410\u0432\u0442\u043e\u0440 \u0431\u043e\u043b\u0435\u0435 200 \u043d\u0430\u0443\u0447\u043d\u044b\u0445 \u043f\u0443\u0431\u043b\u0438\u043a\u0430\u0446\u0438\u0439 (\u0432 \u0442\u043e\u043c \u0447\u0438\u0441\u043b\u0435 10 \u043c\u043e\u043d\u043e\u0433\u0440\u0430\u0444\u0438\u0439, 2 \u0430\u043a\u0430\u0434\u0435\u043c\u0438\u0447\u0435\u0441\u043a\u0438\u0445 \u0443\u0447\u0435\u0431\u043d\u0438\u043a\u0430 \u0438 10 \u0438\u0441\u0442\u043e\u0447\u043d\u0438\u043a\u043e\u0432 \u0440\u0435\u0434\u0430\u043a\u0442\u0438\u0440\u043e\u0432\u0430\u043d\u0438\u044f).<\/li>\n<\/ul>\n","protected":false},"excerpt":{"rendered":"<p>\u0411\u0438\u043e\u0433\u0440\u0430\u0444\u0438\u044f \u0414\u0438\u0440\u0435\u043a\u0442\u043e\u0440\u0430 \u041c\u0443\u0437\u0435\u044f \u041f\u0430\u043c\u044f\u0442\u0438 \u0421\u0438\u0431\u0438\u0440\u0438<\/p>\n","protected":false},"author":2,"featured_media":0,"parent":0,"menu_order":0,"comment_status":"closed","ping_status":"closed","template":"","meta":{"_acf_changed":false,"_editorskit_title_hidden":false,"_editorskit_reading_time":0,"_editorskit_is_block_options_detached":false,"_editorskit_block_options_position":"{}","footnotes":""},"class_list":["post-6304","page","type-page","status-publish","hentry"],"acf":[],"yoast_head":"<!-- This site is optimized with the Yoast SEO plugin v24.6 - https:\/\/yoast.com\/wordpress\/plugins\/seo\/ -->\n<title>\u043f\u0440\u043e\u0444. \u0434-\u0440 \u0445\u0430\u0431. \u0412\u043e\u0439\u0446\u0435\u0445 \u0421\u043b\u0435\u0448\u0438\u043d\u044c\u0441\u043a\u0438 - Muzeum Pami\u0119ci Sybiru<\/title>\n<meta name=\"description\" content=\"\u0411\u0438\u043e\u0433\u0440\u0430\u0444\u0438\u044f \u0414\u0438\u0440\u0435\u043a\u0442\u043e\u0440\u0430 \u041c\u0443\u0437\u0435\u044f \u041f\u0430\u043c\u044f\u0442\u0438 \u0421\u0438\u0431\u0438\u0440\u0438 \u2013 \u043f\u0440\u043e\u0444. \u0434-\u0440 \u0445\u0430\u0431. \u0412\u043e\u0439\u0446\u0435\u0445\u0430 \u0421\u043b\u0435\u0448\u0438\u043d\u044c\u0441\u043a\u043e\u0433\u043e\" \/>\n<meta name=\"robots\" content=\"index, follow, max-snippet:-1, max-image-preview:large, max-video-preview:-1\" \/>\n<link rel=\"canonical\" href=\"https:\/\/sybir.bialystok.pl\/ru\/%d0%bf%d1%80%d0%be%d1%84-%d0%b4-%d1%80-%d1%85%d0%b0%d0%b1-%d0%b2%d0%be%d0%b9%d1%86%d0%b5%d1%85-%d1%81%d0%bb%d0%b5%d1%88%d0%b8%d0%bd%d1%8c%d1%81%d0%ba%d0%b8\/\" \/>\n<meta property=\"og:locale\" content=\"ru_RU\" \/>\n<meta property=\"og:type\" content=\"article\" \/>\n<meta property=\"og:title\" content=\"\u043f\u0440\u043e\u0444. \u0434-\u0440 \u0445\u0430\u0431. \u0412\u043e\u0439\u0446\u0435\u0445 \u0421\u043b\u0435\u0448\u0438\u043d\u044c\u0441\u043a\u0438 - Muzeum Pami\u0119ci Sybiru\" \/>\n<meta property=\"og:description\" content=\"\u0411\u0438\u043e\u0433\u0440\u0430\u0444\u0438\u044f \u0414\u0438\u0440\u0435\u043a\u0442\u043e\u0440\u0430 \u041c\u0443\u0437\u0435\u044f \u041f\u0430\u043c\u044f\u0442\u0438 \u0421\u0438\u0431\u0438\u0440\u0438 \u2013 \u043f\u0440\u043e\u0444. \u0434-\u0440 \u0445\u0430\u0431. \u0412\u043e\u0439\u0446\u0435\u0445\u0430 \u0421\u043b\u0435\u0448\u0438\u043d\u044c\u0441\u043a\u043e\u0433\u043e\" \/>\n<meta property=\"og:url\" content=\"https:\/\/sybir.bialystok.pl\/ru\/%d0%bf%d1%80%d0%be%d1%84-%d0%b4-%d1%80-%d1%85%d0%b0%d0%b1-%d0%b2%d0%be%d0%b9%d1%86%d0%b5%d1%85-%d1%81%d0%bb%d0%b5%d1%88%d0%b8%d0%bd%d1%8c%d1%81%d0%ba%d0%b8\/\" \/>\n<meta property=\"og:site_name\" content=\"Muzeum Pami\u0119ci Sybiru\" \/>\n<meta property=\"article:modified_time\" content=\"2026-02-23T13:22:23+00:00\" \/>\n<meta property=\"og:image\" content=\"https:\/\/sybir.bialystok.pl\/wp-content\/uploads\/2021\/05\/Dyrektor-Muzeum-Pamieci-Sybiru-scaled.jpg\" \/>\n\t<meta property=\"og:image:width\" content=\"2560\" \/>\n\t<meta property=\"og:image:height\" content=\"1384\" \/>\n\t<meta property=\"og:image:type\" content=\"image\/jpeg\" \/>\n<meta name=\"twitter:card\" content=\"summary_large_image\" \/>\n<meta name=\"twitter:label1\" content=\"\u041f\u0440\u0438\u043c\u0435\u0440\u043d\u043e\u0435 \u0432\u0440\u0435\u043c\u044f \u0434\u043b\u044f \u0447\u0442\u0435\u043d\u0438\u044f\" \/>\n\t<meta name=\"twitter:data1\" content=\"1 \u043c\u0438\u043d\u0443\u0442\u0430\" \/>\n<script type=\"application\/ld+json\" class=\"yoast-schema-graph\">{\"@context\":\"https:\/\/schema.org\",\"@graph\":[{\"@type\":\"WebPage\",\"@id\":\"https:\/\/sybir.bialystok.pl\/ru\/%d0%bf%d1%80%d0%be%d1%84-%d0%b4-%d1%80-%d1%85%d0%b0%d0%b1-%d0%b2%d0%be%d0%b9%d1%86%d0%b5%d1%85-%d1%81%d0%bb%d0%b5%d1%88%d0%b8%d0%bd%d1%8c%d1%81%d0%ba%d0%b8\/\",\"url\":\"https:\/\/sybir.bialystok.pl\/ru\/%d0%bf%d1%80%d0%be%d1%84-%d0%b4-%d1%80-%d1%85%d0%b0%d0%b1-%d0%b2%d0%be%d0%b9%d1%86%d0%b5%d1%85-%d1%81%d0%bb%d0%b5%d1%88%d0%b8%d0%bd%d1%8c%d1%81%d0%ba%d0%b8\/\",\"name\":\"\u043f\u0440\u043e\u0444. \u0434-\u0440 \u0445\u0430\u0431. \u0412\u043e\u0439\u0446\u0435\u0445 \u0421\u043b\u0435\u0448\u0438\u043d\u044c\u0441\u043a\u0438 - Muzeum Pami\u0119ci Sybiru\",\"isPartOf\":{\"@id\":\"https:\/\/sybir.bialystok.pl\/ru\/#website\"},\"primaryImageOfPage\":{\"@id\":\"https:\/\/sybir.bialystok.pl\/ru\/%d0%bf%d1%80%d0%be%d1%84-%d0%b4-%d1%80-%d1%85%d0%b0%d0%b1-%d0%b2%d0%be%d0%b9%d1%86%d0%b5%d1%85-%d1%81%d0%bb%d0%b5%d1%88%d0%b8%d0%bd%d1%8c%d1%81%d0%ba%d0%b8\/#primaryimage\"},\"image\":{\"@id\":\"https:\/\/sybir.bialystok.pl\/ru\/%d0%bf%d1%80%d0%be%d1%84-%d0%b4-%d1%80-%d1%85%d0%b0%d0%b1-%d0%b2%d0%be%d0%b9%d1%86%d0%b5%d1%85-%d1%81%d0%bb%d0%b5%d1%88%d0%b8%d0%bd%d1%8c%d1%81%d0%ba%d0%b8\/#primaryimage\"},\"thumbnailUrl\":\"https:\/\/sybir.bialystok.pl\/wp-content\/uploads\/2021\/05\/Dyrektor-Muzeum-Pamieci-Sybiru-1024x554.jpg\",\"datePublished\":\"2021-05-06T09:47:41+00:00\",\"dateModified\":\"2026-02-23T13:22:23+00:00\",\"description\":\"\u0411\u0438\u043e\u0433\u0440\u0430\u0444\u0438\u044f \u0414\u0438\u0440\u0435\u043a\u0442\u043e\u0440\u0430 \u041c\u0443\u0437\u0435\u044f \u041f\u0430\u043c\u044f\u0442\u0438 \u0421\u0438\u0431\u0438\u0440\u0438 \u2013 \u043f\u0440\u043e\u0444. \u0434-\u0440 \u0445\u0430\u0431. \u0412\u043e\u0439\u0446\u0435\u0445\u0430 \u0421\u043b\u0435\u0448\u0438\u043d\u044c\u0441\u043a\u043e\u0433\u043e\",\"breadcrumb\":{\"@id\":\"https:\/\/sybir.bialystok.pl\/ru\/%d0%bf%d1%80%d0%be%d1%84-%d0%b4-%d1%80-%d1%85%d0%b0%d0%b1-%d0%b2%d0%be%d0%b9%d1%86%d0%b5%d1%85-%d1%81%d0%bb%d0%b5%d1%88%d0%b8%d0%bd%d1%8c%d1%81%d0%ba%d0%b8\/#breadcrumb\"},\"inLanguage\":\"ru-RU\",\"potentialAction\":[{\"@type\":\"ReadAction\",\"target\":[\"https:\/\/sybir.bialystok.pl\/ru\/%d0%bf%d1%80%d0%be%d1%84-%d0%b4-%d1%80-%d1%85%d0%b0%d0%b1-%d0%b2%d0%be%d0%b9%d1%86%d0%b5%d1%85-%d1%81%d0%bb%d0%b5%d1%88%d0%b8%d0%bd%d1%8c%d1%81%d0%ba%d0%b8\/\"]}]},{\"@type\":\"ImageObject\",\"inLanguage\":\"ru-RU\",\"@id\":\"https:\/\/sybir.bialystok.pl\/ru\/%d0%bf%d1%80%d0%be%d1%84-%d0%b4-%d1%80-%d1%85%d0%b0%d0%b1-%d0%b2%d0%be%d0%b9%d1%86%d0%b5%d1%85-%d1%81%d0%bb%d0%b5%d1%88%d0%b8%d0%bd%d1%8c%d1%81%d0%ba%d0%b8\/#primaryimage\",\"url\":\"https:\/\/sybir.bialystok.pl\/wp-content\/uploads\/2021\/05\/Dyrektor-Muzeum-Pamieci-Sybiru-1024x554.jpg\",\"contentUrl\":\"https:\/\/sybir.bialystok.pl\/wp-content\/uploads\/2021\/05\/Dyrektor-Muzeum-Pamieci-Sybiru-1024x554.jpg\"},{\"@type\":\"BreadcrumbList\",\"@id\":\"https:\/\/sybir.bialystok.pl\/ru\/%d0%bf%d1%80%d0%be%d1%84-%d0%b4-%d1%80-%d1%85%d0%b0%d0%b1-%d0%b2%d0%be%d0%b9%d1%86%d0%b5%d1%85-%d1%81%d0%bb%d0%b5%d1%88%d0%b8%d0%bd%d1%8c%d1%81%d0%ba%d0%b8\/#breadcrumb\",\"itemListElement\":[{\"@type\":\"ListItem\",\"position\":1,\"name\":\"\u0414\u043e\u043c\",\"item\":\"https:\/\/sybir.bialystok.pl\/ru\/\"},{\"@type\":\"ListItem\",\"position\":2,\"name\":\"\u043f\u0440\u043e\u0444. \u0434-\u0440 \u0445\u0430\u0431. \u0412\u043e\u0439\u0446\u0435\u0445 \u0421\u043b\u0435\u0448\u0438\u043d\u044c\u0441\u043a\u0438\"}]},{\"@type\":\"WebSite\",\"@id\":\"https:\/\/sybir.bialystok.pl\/ru\/#website\",\"url\":\"https:\/\/sybir.bialystok.pl\/ru\/\",\"name\":\"Muzeum Pami\u0119ci Sybiru\",\"description\":\"Muzeum Pami\u0119ci Sybiru jest po\u015bwi\u0119cone ludziom, kt\u00f3rzy od ko\u0144ca XVI a\u017c do po\u0142owy XX wieku byli niewoleni i zsy\u0142ani w g\u0142\u0105b Rosji, a p\u00f3\u017aniej Zwi\u0105zku Sowieckiego, jak te\u017c tym, kt\u00f3rzy pod\u0105\u017cali tam dobrowolnie.\",\"potentialAction\":[{\"@type\":\"SearchAction\",\"target\":{\"@type\":\"EntryPoint\",\"urlTemplate\":\"https:\/\/sybir.bialystok.pl\/ru\/?s={search_term_string}\"},\"query-input\":{\"@type\":\"PropertyValueSpecification\",\"valueRequired\":true,\"valueName\":\"search_term_string\"}}],\"inLanguage\":\"ru-RU\"}]}<\/script>\n<!-- \/ Yoast SEO plugin. -->","yoast_head_json":{"title":"\u043f\u0440\u043e\u0444. \u0434-\u0440 \u0445\u0430\u0431. \u0412\u043e\u0439\u0446\u0435\u0445 \u0421\u043b\u0435\u0448\u0438\u043d\u044c\u0441\u043a\u0438 - Muzeum Pami\u0119ci Sybiru","description":"\u0411\u0438\u043e\u0433\u0440\u0430\u0444\u0438\u044f \u0414\u0438\u0440\u0435\u043a\u0442\u043e\u0440\u0430 \u041c\u0443\u0437\u0435\u044f \u041f\u0430\u043c\u044f\u0442\u0438 \u0421\u0438\u0431\u0438\u0440\u0438 \u2013 \u043f\u0440\u043e\u0444. \u0434-\u0440 \u0445\u0430\u0431. \u0412\u043e\u0439\u0446\u0435\u0445\u0430 \u0421\u043b\u0435\u0448\u0438\u043d\u044c\u0441\u043a\u043e\u0433\u043e","robots":{"index":"index","follow":"follow","max-snippet":"max-snippet:-1","max-image-preview":"max-image-preview:large","max-video-preview":"max-video-preview:-1"},"canonical":"https:\/\/sybir.bialystok.pl\/ru\/%d0%bf%d1%80%d0%be%d1%84-%d0%b4-%d1%80-%d1%85%d0%b0%d0%b1-%d0%b2%d0%be%d0%b9%d1%86%d0%b5%d1%85-%d1%81%d0%bb%d0%b5%d1%88%d0%b8%d0%bd%d1%8c%d1%81%d0%ba%d0%b8\/","og_locale":"ru_RU","og_type":"article","og_title":"\u043f\u0440\u043e\u0444. \u0434-\u0440 \u0445\u0430\u0431. \u0412\u043e\u0439\u0446\u0435\u0445 \u0421\u043b\u0435\u0448\u0438\u043d\u044c\u0441\u043a\u0438 - Muzeum Pami\u0119ci Sybiru","og_description":"\u0411\u0438\u043e\u0433\u0440\u0430\u0444\u0438\u044f \u0414\u0438\u0440\u0435\u043a\u0442\u043e\u0440\u0430 \u041c\u0443\u0437\u0435\u044f \u041f\u0430\u043c\u044f\u0442\u0438 \u0421\u0438\u0431\u0438\u0440\u0438 \u2013 \u043f\u0440\u043e\u0444. \u0434-\u0440 \u0445\u0430\u0431. \u0412\u043e\u0439\u0446\u0435\u0445\u0430 \u0421\u043b\u0435\u0448\u0438\u043d\u044c\u0441\u043a\u043e\u0433\u043e","og_url":"https:\/\/sybir.bialystok.pl\/ru\/%d0%bf%d1%80%d0%be%d1%84-%d0%b4-%d1%80-%d1%85%d0%b0%d0%b1-%d0%b2%d0%be%d0%b9%d1%86%d0%b5%d1%85-%d1%81%d0%bb%d0%b5%d1%88%d0%b8%d0%bd%d1%8c%d1%81%d0%ba%d0%b8\/","og_site_name":"Muzeum Pami\u0119ci Sybiru","article_modified_time":"2026-02-23T13:22:23+00:00","og_image":[{"width":2560,"height":1384,"url":"https:\/\/sybir.bialystok.pl\/wp-content\/uploads\/2021\/05\/Dyrektor-Muzeum-Pamieci-Sybiru-scaled.jpg","type":"image\/jpeg"}],"twitter_card":"summary_large_image","twitter_misc":{"\u041f\u0440\u0438\u043c\u0435\u0440\u043d\u043e\u0435 \u0432\u0440\u0435\u043c\u044f \u0434\u043b\u044f \u0447\u0442\u0435\u043d\u0438\u044f":"1 \u043c\u0438\u043d\u0443\u0442\u0430"},"schema":{"@context":"https:\/\/schema.org","@graph":[{"@type":"WebPage","@id":"https:\/\/sybir.bialystok.pl\/ru\/%d0%bf%d1%80%d0%be%d1%84-%d0%b4-%d1%80-%d1%85%d0%b0%d0%b1-%d0%b2%d0%be%d0%b9%d1%86%d0%b5%d1%85-%d1%81%d0%bb%d0%b5%d1%88%d0%b8%d0%bd%d1%8c%d1%81%d0%ba%d0%b8\/","url":"https:\/\/sybir.bialystok.pl\/ru\/%d0%bf%d1%80%d0%be%d1%84-%d0%b4-%d1%80-%d1%85%d0%b0%d0%b1-%d0%b2%d0%be%d0%b9%d1%86%d0%b5%d1%85-%d1%81%d0%bb%d0%b5%d1%88%d0%b8%d0%bd%d1%8c%d1%81%d0%ba%d0%b8\/","name":"\u043f\u0440\u043e\u0444. \u0434-\u0440 \u0445\u0430\u0431. \u0412\u043e\u0439\u0446\u0435\u0445 \u0421\u043b\u0435\u0448\u0438\u043d\u044c\u0441\u043a\u0438 - Muzeum Pami\u0119ci Sybiru","isPartOf":{"@id":"https:\/\/sybir.bialystok.pl\/ru\/#website"},"primaryImageOfPage":{"@id":"https:\/\/sybir.bialystok.pl\/ru\/%d0%bf%d1%80%d0%be%d1%84-%d0%b4-%d1%80-%d1%85%d0%b0%d0%b1-%d0%b2%d0%be%d0%b9%d1%86%d0%b5%d1%85-%d1%81%d0%bb%d0%b5%d1%88%d0%b8%d0%bd%d1%8c%d1%81%d0%ba%d0%b8\/#primaryimage"},"image":{"@id":"https:\/\/sybir.bialystok.pl\/ru\/%d0%bf%d1%80%d0%be%d1%84-%d0%b4-%d1%80-%d1%85%d0%b0%d0%b1-%d0%b2%d0%be%d0%b9%d1%86%d0%b5%d1%85-%d1%81%d0%bb%d0%b5%d1%88%d0%b8%d0%bd%d1%8c%d1%81%d0%ba%d0%b8\/#primaryimage"},"thumbnailUrl":"https:\/\/sybir.bialystok.pl\/wp-content\/uploads\/2021\/05\/Dyrektor-Muzeum-Pamieci-Sybiru-1024x554.jpg","datePublished":"2021-05-06T09:47:41+00:00","dateModified":"2026-02-23T13:22:23+00:00","description":"\u0411\u0438\u043e\u0433\u0440\u0430\u0444\u0438\u044f \u0414\u0438\u0440\u0435\u043a\u0442\u043e\u0440\u0430 \u041c\u0443\u0437\u0435\u044f \u041f\u0430\u043c\u044f\u0442\u0438 \u0421\u0438\u0431\u0438\u0440\u0438 \u2013 \u043f\u0440\u043e\u0444. \u0434-\u0440 \u0445\u0430\u0431. \u0412\u043e\u0439\u0446\u0435\u0445\u0430 \u0421\u043b\u0435\u0448\u0438\u043d\u044c\u0441\u043a\u043e\u0433\u043e","breadcrumb":{"@id":"https:\/\/sybir.bialystok.pl\/ru\/%d0%bf%d1%80%d0%be%d1%84-%d0%b4-%d1%80-%d1%85%d0%b0%d0%b1-%d0%b2%d0%be%d0%b9%d1%86%d0%b5%d1%85-%d1%81%d0%bb%d0%b5%d1%88%d0%b8%d0%bd%d1%8c%d1%81%d0%ba%d0%b8\/#breadcrumb"},"inLanguage":"ru-RU","potentialAction":[{"@type":"ReadAction","target":["https:\/\/sybir.bialystok.pl\/ru\/%d0%bf%d1%80%d0%be%d1%84-%d0%b4-%d1%80-%d1%85%d0%b0%d0%b1-%d0%b2%d0%be%d0%b9%d1%86%d0%b5%d1%85-%d1%81%d0%bb%d0%b5%d1%88%d0%b8%d0%bd%d1%8c%d1%81%d0%ba%d0%b8\/"]}]},{"@type":"ImageObject","inLanguage":"ru-RU","@id":"https:\/\/sybir.bialystok.pl\/ru\/%d0%bf%d1%80%d0%be%d1%84-%d0%b4-%d1%80-%d1%85%d0%b0%d0%b1-%d0%b2%d0%be%d0%b9%d1%86%d0%b5%d1%85-%d1%81%d0%bb%d0%b5%d1%88%d0%b8%d0%bd%d1%8c%d1%81%d0%ba%d0%b8\/#primaryimage","url":"https:\/\/sybir.bialystok.pl\/wp-content\/uploads\/2021\/05\/Dyrektor-Muzeum-Pamieci-Sybiru-1024x554.jpg","contentUrl":"https:\/\/sybir.bialystok.pl\/wp-content\/uploads\/2021\/05\/Dyrektor-Muzeum-Pamieci-Sybiru-1024x554.jpg"},{"@type":"BreadcrumbList","@id":"https:\/\/sybir.bialystok.pl\/ru\/%d0%bf%d1%80%d0%be%d1%84-%d0%b4-%d1%80-%d1%85%d0%b0%d0%b1-%d0%b2%d0%be%d0%b9%d1%86%d0%b5%d1%85-%d1%81%d0%bb%d0%b5%d1%88%d0%b8%d0%bd%d1%8c%d1%81%d0%ba%d0%b8\/#breadcrumb","itemListElement":[{"@type":"ListItem","position":1,"name":"\u0414\u043e\u043c","item":"https:\/\/sybir.bialystok.pl\/ru\/"},{"@type":"ListItem","position":2,"name":"\u043f\u0440\u043e\u0444. \u0434-\u0440 \u0445\u0430\u0431. \u0412\u043e\u0439\u0446\u0435\u0445 \u0421\u043b\u0435\u0448\u0438\u043d\u044c\u0441\u043a\u0438"}]},{"@type":"WebSite","@id":"https:\/\/sybir.bialystok.pl\/ru\/#website","url":"https:\/\/sybir.bialystok.pl\/ru\/","name":"Muzeum Pami\u0119ci Sybiru","description":"Muzeum Pami\u0119ci Sybiru jest po\u015bwi\u0119cone ludziom, kt\u00f3rzy od ko\u0144ca XVI a\u017c do po\u0142owy XX wieku byli niewoleni i zsy\u0142ani w g\u0142\u0105b Rosji, a p\u00f3\u017aniej Zwi\u0105zku Sowieckiego, jak te\u017c tym, kt\u00f3rzy pod\u0105\u017cali tam dobrowolnie.","potentialAction":[{"@type":"SearchAction","target":{"@type":"EntryPoint","urlTemplate":"https:\/\/sybir.bialystok.pl\/ru\/?s={search_term_string}"},"query-input":{"@type":"PropertyValueSpecification","valueRequired":true,"valueName":"search_term_string"}}],"inLanguage":"ru-RU"}]}},"_links":{"self":[{"href":"https:\/\/sybir.bialystok.pl\/ru\/wp-json\/wp\/v2\/pages\/6304","targetHints":{"allow":["GET"]}}],"collection":[{"href":"https:\/\/sybir.bialystok.pl\/ru\/wp-json\/wp\/v2\/pages"}],"about":[{"href":"https:\/\/sybir.bialystok.pl\/ru\/wp-json\/wp\/v2\/types\/page"}],"author":[{"embeddable":true,"href":"https:\/\/sybir.bialystok.pl\/ru\/wp-json\/wp\/v2\/users\/2"}],"replies":[{"embeddable":true,"href":"https:\/\/sybir.bialystok.pl\/ru\/wp-json\/wp\/v2\/comments?post=6304"}],"version-history":[{"count":5,"href":"https:\/\/sybir.bialystok.pl\/ru\/wp-json\/wp\/v2\/pages\/6304\/revisions"}],"predecessor-version":[{"id":44232,"href":"https:\/\/sybir.bialystok.pl\/ru\/wp-json\/wp\/v2\/pages\/6304\/revisions\/44232"}],"wp:attachment":[{"href":"https:\/\/sybir.bialystok.pl\/ru\/wp-json\/wp\/v2\/media?parent=6304"}],"curies":[{"name":"wp","href":"https:\/\/api.w.org\/{rel}","templated":true}]}}