{"id":6295,"date":"2020-11-27T19:00:29","date_gmt":"2020-11-27T18:00:29","guid":{"rendered":"https:\/\/sybir.bialystok.pl\/zbiory\/"},"modified":"2021-08-19T13:52:54","modified_gmt":"2021-08-19T11:52:54","slug":"%d0%ba%d0%be%d0%bb%d0%bb%d0%b5%d0%ba%d1%86%d0%b8%d0%b8","status":"publish","type":"page","link":"https:\/\/sybir.bialystok.pl\/ru\/%d0%ba%d0%be%d0%bb%d0%bb%d0%b5%d0%ba%d1%86%d0%b8%d0%b8\/","title":{"rendered":"\u041a\u043e\u043b\u043b\u0435\u043a\u0446\u0438\u0438"},"content":{"rendered":"\n<p>\u041d\u0435\u043f\u0440\u0438\u043c\u0435\u0442\u043d\u044b\u0439 \u0436\u0438\u043b\u0435\u0442, \u0440\u0430\u0437\u0431\u0438\u0442\u044b\u0439 \u0433\u043e\u0440\u0448\u043e\u043a, \u0438\u0441\u043f\u0430\u0447\u043a\u0430\u043d\u0430\u044f \u0442\u043a\u0430\u043d\u044c \u0441 \u0432\u044b\u0448\u0438\u0442\u043e\u0439 \u043a\u0430\u0440\u0442\u0438\u043d\u043a\u043e\u0439\u2026 \u041c\u043e\u0436\u0435\u0442 \u0431\u044b\u0442\u044c, \u0434\u043b\u044f \u043a\u043e\u0433\u043e-\u0442\u043e \u044d\u0442\u043e \u0431\u0435\u0441\u043f\u043e\u043b\u0435\u0437\u043d\u044b\u0435, \u0441\u0442\u0430\u0440\u044b\u0435 \u0438 \u0430\u043d\u043e\u043d\u0438\u043c\u043d\u044b\u0435 \u043f\u0440\u0435\u0434\u043c\u0435\u0442\u044b \u2013 \u0434\u043b\u044f \u043d\u0430\u0441 \u044d\u0442\u043e \u0431\u0435\u0441\u0446\u0435\u043d\u043d\u044b\u0435 \u0440\u0435\u043b\u0438\u043a\u0432\u0438\u0438, \u0441\u043a\u0440\u044b\u0432\u0430\u044e\u0449\u0438\u0435 \u0438\u0441\u0442\u043e\u0440\u0438\u0438 \u0438\u0445 \u0432\u043b\u0430\u0434\u0435\u043b\u044c\u0446\u0435\u0432: \u0440\u0435\u0431\u0435\u043d\u043a\u0430, \u043f\u0435\u0440\u0435\u0436\u0438\u0432\u0448\u0435\u0433\u043e \u043c\u043e\u0440\u043e\u0437 \u0438 \u0445\u043e\u043b\u043e\u0434, \u0437\u0430\u0432\u0435\u0440\u043d\u0443\u0442\u043e\u0433\u043e \u0432 \u0441\u043b\u0438\u0448\u043a\u043e\u043c \u0431\u043e\u043b\u044c\u0448\u0443\u044e \u043f\u043e \u0440\u0430\u0437\u043c\u0435\u0440\u0443 \u043e\u0434\u0435\u0436\u0434\u0443; \u0441\u0435\u043c\u044c\u0438, \u0443 \u043a\u043e\u0442\u043e\u0440\u043e\u0439 \u0431\u044b\u043b\u043e \u0432 \u0447\u0435\u043c \u043f\u0440\u0438\u0433\u043e\u0442\u043e\u0432\u0438\u0442\u044c \u043f\u0438\u0449\u0443, \u043f\u043e\u043b\u0443\u0447\u0435\u043d\u043d\u0443\u044e \u0441 \u0440\u0438\u0441\u043a\u043e\u043c \u0434\u043b\u044f \u0436\u0438\u0437\u043d\u0438; \u0436\u0435\u043d\u044b \u0438 \u0434\u043e\u0447\u0435\u0440\u0435\u0439, \u043a\u043e\u0442\u043e\u0440\u044b\u0435 \u043d\u0430\u0448\u043b\u0438 \u0432 \u0441\u0435\u0431\u0435 \u0441\u0438\u043b\u044b \u0432\u044b\u0436\u0438\u0442\u044c \u0431\u043b\u0430\u0433\u043e\u0434\u0430\u0440\u044f \u043e\u0434\u043d\u043e\u043c\u0443 \u043d\u0435\u043e\u0431\u044b\u0447\u043d\u043e\u043c\u0443 \u043f\u043e\u0441\u043b\u0430\u043d\u0438\u044e \u043e\u0442 \u043c\u0443\u0436\u0430 \u0438 \u043e\u0442\u0446\u0430.<\/p>\n\n\n\n<p>\u0422\u044b\u0441\u044f\u0447\u0438 \u043d\u0430\u0448\u0438\u0445 \u044d\u043a\u0441\u043f\u043e\u043d\u0430\u0442\u043e\u0432 \u2013 \u0434\u043e\u043a\u0443\u043c\u0435\u043d\u0442\u044b, \u0444\u043e\u0442\u043e\u0433\u0440\u0430\u0444\u0438\u0438, \u043f\u0440\u0435\u0434\u043c\u0435\u0442\u044b \u043f\u043e\u0432\u0441\u0435\u0434\u043d\u0435\u0432\u043d\u043e\u0433\u043e \u043e\u0431\u0438\u0445\u043e\u0434\u0430 \u2013\u043f\u043e\u0441\u0442\u043e\u044f\u043d\u043d\u043e \u0441 \u043d\u0430\u043c\u0438 \u00ab\u0431\u0435\u0441\u0435\u0434\u0443\u044e\u0442\u00bb. \u041e\u043d\u0438 \u0440\u0430\u0441\u0441\u043a\u0430\u0437\u044b\u0432\u0430\u044e\u0442 \u0441\u0432\u043e\u0438 \u0438\u0441\u0442\u043e\u0440\u0438\u0438 \u0432 \u0447\u0440\u0435\u0437\u0432\u044b\u0447\u0430\u0439\u043d\u043e \u0436\u0438\u0432\u043e\u043f\u0438\u0441\u043d\u044b\u0439 \u0441\u043f\u043e\u0441\u043e\u0431, \u0441\u0442\u0438\u043c\u0443\u043b\u0438\u0440\u0443\u044e\u0442 \u0432\u043e\u043e\u0431\u0440\u0430\u0436\u0435\u043d\u0438\u0435. \u0418 \u043d\u0438\u043a\u043e\u0433\u0434\u0430 \u043d\u0435 \u043b\u0433\u0443\u0442.<\/p>\n\n\n\n<p>\u0425\u043e\u0442\u0438\u0442\u0435 \u0438\u0445 \u0443\u0432\u0438\u0434\u0435\u0442\u044c? \u0420\u0435\u043a\u043e\u043c\u0435\u043d\u0434\u0443\u0435\u043c \u0432\u043e\u0441\u043f\u043e\u043b\u044c\u0437\u043e\u0432\u0430\u0442\u044c\u0441\u044f \u043d\u0430\u0448\u0438\u043c \u043e\u043d\u043b\u0430\u0439\u043d-\u043a\u0430\u0442\u0430\u043b\u043e\u0433\u043e\u043c. \u2013 <a href=\"http:\/\/zbiory.sybir.bialystok.pl\/zbiory\/\"><span class=\"has-inline-color has-pale-cyan-blue-color\"><span style=\"text-decoration: underline;\">http:\/\/zbiory.sybir.bialystok.pl\/zbiory\/<\/span><\/span><\/a>.<\/p>\n\n\n\n<p>\u0425\u0440\u0430\u043d\u0438\u0442\u0435 \u043b\u0438 \u0432\u044b \u0441\u0443\u0432\u0435\u043d\u0438\u0440\u044b \u0441 \u0434\u0430\u0432\u043d\u0438\u0445 \u0432\u0440\u0435\u043c\u0435\u043d, \u043a\u043e\u0442\u043e\u0440\u044b\u0435 \u043c\u0435\u0434\u043b\u0435\u043d\u043d\u043e, \u043d\u043e \u0431\u0435\u0437\u0432\u043e\u0437\u0432\u0440\u0430\u0442\u043d\u043e \u0440\u0430\u0437\u0440\u0443\u0448\u0430\u044e\u0442\u0441\u044f \u0438 \u0432\u0441\u0435 \u043c\u0435\u043d\u044c\u0448\u0435 \u043b\u044e\u0434\u0435\u0439 \u0438\u043d\u0442\u0435\u0440\u0435\u0441\u0443\u044e\u0442\u0441\u044f \u0438\u0445 \u043f\u0440\u043e\u0438\u0441\u0445\u043e\u0436\u0434\u0435\u043d\u0438\u0435\u043c? \u041f\u043e\u0434\u0430\u0440\u0438\u0442\u0435 \u0438\u0445 \u041c\u0443\u0437\u0435\u044e \u043f\u0430\u043c\u044f\u0442\u0438 \u0421\u0438\u0431\u0438\u0440\u0438. \u041c\u044b \u043f\u043e\u0437\u0430\u0431\u043e\u0442\u0438\u043c\u0441\u044f \u043e \u043d\u0438\u0445, \u0437\u0430\u0449\u0438\u0442\u0438\u043c \u0438\u0445 \u043e\u0442 \u0445\u043e\u0434\u0430 \u0432\u0440\u0435\u043c\u0435\u043d\u0438 \u0438 \u0434\u0430\u0434\u0438\u043c \u0438\u043c \u043d\u043e\u0432\u0443\u044e \u0436\u0438\u0437\u043d\u044c, \u043f\u043e\u043a\u0430\u0437\u044b\u0432\u0430\u044f \u0438\u0445 \u0442\u044b\u0441\u044f\u0447\u0430\u043c \u043b\u044e\u0434\u0435\u0439 \u0438 \u0440\u0430\u0441\u0441\u043a\u0430\u0437\u044b\u0432\u0430\u044f \u0438\u0445 \u0438\u0441\u0442\u043e\u0440\u0438\u0438.<\/p>\n\n\n\n<p>\u0423 \u0412\u0430\u0441 \u0435\u0441\u0442\u044c \u0441\u043e\u043c\u043d\u0435\u043d\u0438\u044f \u0438\u043b\u0438 \u0432\u043e\u043f\u0440\u043e\u0441\u044b? \u0421\u0432\u044f\u0436\u0438\u0442\u0435\u0441\u044c \u0441 \u043d\u0430\u043c\u0438. \u0414\u043b\u044f \u043f\u043e\u043b\u0443\u0447\u0435\u043d\u0438\u044f \u0434\u043e\u043f\u043e\u043b\u043d\u0438\u0442\u0435\u043b\u044c\u043d\u043e\u0439 \u0438\u043d\u0444\u043e\u0440\u043c\u0430\u0446\u0438\u0438 \u043e\u0431\u0440\u0430\u0449\u0430\u0439\u0442\u0435\u0441\u044c:<\/p>\n\n\n\n<p>\u041a\u0430\u0442\u0430\u0436\u0438\u043d\u0430 \u0421\u043b\u0438\u0432\u043e\u0432\u0441\u043a\u0430 &#8212; \u0440\u0443\u043a\u043e\u0432\u043e\u0434\u0438\u0442\u0435\u043b\u044c \u043e\u0442\u0434\u0435\u043b\u0430 \u043a\u043e\u043b\u043b\u0435\u043a\u0446\u0438\u0439<\/p>\n\n\n\n<ul class=\"wp-block-list\"><li>\u0442\u0435\u043b. 85 672 36 07<\/li><li>\u044d\u043b. \u043f\u043e\u0447\u0442\u0430: k.sliwowska@sybir.bialystok.pl<\/li><\/ul>\n\n\n\n<p>\u0411\u043b\u0430\u0433\u043e\u0434\u0430\u0440\u0438\u043c!<\/p>\n","protected":false},"excerpt":{"rendered":"<p>\u041d\u0430\u0448\u0430 \u043a\u043e\u043b\u043b\u0435\u043a\u0446\u0438\u044f &#8212; \u044d\u0442\u043e \u043c\u043e\u0441\u0442 \u043c\u0435\u0436\u0434\u0443 \u043f\u0440\u043e\u0448\u043b\u044b\u043c \u0438 \u0441\u0435\u0433\u043e\u0434\u043d\u044f\u0448\u043d\u0438\u043c \u0434\u043d\u0451\u043c. \u0417\u0430 \u043a\u0430\u0436\u0434\u044b\u043c, \u043a\u0430\u0437\u0430\u043b\u043e\u0441\u044c \u0431\u044b, \u0441\u0430\u043c\u044b\u043c \u043e\u0431\u044b\u043a\u043d\u043e\u0432\u0435\u043d\u043d\u044b\u043c \u043f\u0440\u0435\u0434\u043c\u0435\u0442\u043e\u043c, \u043c\u043e\u0436\u0435\u0442 \u0441\u043a\u0440\u044b\u0432\u0430\u0442\u044c\u0441\u044f \u043d\u0435\u043e\u0431\u044b\u0447\u043d\u0430\u044f \u0438\u0441\u0442\u043e\u0440\u0438\u044f.<\/p>\n","protected":false},"author":1,"featured_media":0,"parent":0,"menu_order":0,"comment_status":"closed","ping_status":"closed","template":"page-templates\/exhibits.php","meta":{"_acf_changed":false,"_editorskit_title_hidden":false,"_editorskit_reading_time":0,"_editorskit_is_block_options_detached":false,"_editorskit_block_options_position":"{}","footnotes":""},"class_list":["post-6295","page","type-page","status-publish","hentry"],"acf":[],"yoast_head":"<!-- This site is optimized with the Yoast SEO plugin v24.6 - https:\/\/yoast.com\/wordpress\/plugins\/seo\/ -->\n<title>\u041a\u043e\u043b\u043b\u0435\u043a\u0446\u0438\u0438 - Muzeum Pami\u0119ci Sybiru<\/title>\n<meta name=\"description\" content=\"\u041d\u0430\u0448\u0430 \u043a\u043e\u043b\u043b\u0435\u043a\u0446\u0438\u044f - \u044d\u0442\u043e \u043c\u043e\u0441\u0442 \u043c\u0435\u0436\u0434\u0443 \u043f\u0440\u043e\u0448\u043b\u044b\u043c \u0438 \u0441\u0435\u0433\u043e\u0434\u043d\u044f\u0448\u043d\u0438\u043c \u0434\u043d\u0451\u043c. \u0417\u0430 \u043a\u0430\u0436\u0434\u044b\u043c, \u043a\u0430\u0437\u0430\u043b\u043e\u0441\u044c \u0431\u044b, \u0441\u0430\u043c\u044b\u043c \u043e\u0431\u044b\u043a\u043d\u043e\u0432\u0435\u043d\u043d\u044b\u043c \u043f\u0440\u0435\u0434\u043c\u0435\u0442\u043e\u043c, \u043c\u043e\u0436\u0435\u0442 \u0441\u043a\u0440\u044b\u0432\u0430\u0442\u044c\u0441\u044f \u043d\u0435\u043e\u0431\u044b\u0447\u043d\u0430\u044f \u0438\u0441\u0442\u043e\u0440\u0438\u044f.\" \/>\n<meta name=\"robots\" content=\"index, follow, max-snippet:-1, max-image-preview:large, max-video-preview:-1\" \/>\n<link rel=\"canonical\" href=\"https:\/\/sybir.bialystok.pl\/ru\/%d0%ba%d0%be%d0%bb%d0%bb%d0%b5%d0%ba%d1%86%d0%b8%d0%b8\/\" \/>\n<meta property=\"og:locale\" content=\"ru_RU\" \/>\n<meta property=\"og:type\" content=\"article\" \/>\n<meta property=\"og:title\" content=\"\u041a\u043e\u043b\u043b\u0435\u043a\u0446\u0438\u0438 - Muzeum Pami\u0119ci Sybiru\" \/>\n<meta property=\"og:description\" content=\"\u041d\u0430\u0448\u0430 \u043a\u043e\u043b\u043b\u0435\u043a\u0446\u0438\u044f - \u044d\u0442\u043e \u043c\u043e\u0441\u0442 \u043c\u0435\u0436\u0434\u0443 \u043f\u0440\u043e\u0448\u043b\u044b\u043c \u0438 \u0441\u0435\u0433\u043e\u0434\u043d\u044f\u0448\u043d\u0438\u043c \u0434\u043d\u0451\u043c. \u0417\u0430 \u043a\u0430\u0436\u0434\u044b\u043c, \u043a\u0430\u0437\u0430\u043b\u043e\u0441\u044c \u0431\u044b, \u0441\u0430\u043c\u044b\u043c \u043e\u0431\u044b\u043a\u043d\u043e\u0432\u0435\u043d\u043d\u044b\u043c \u043f\u0440\u0435\u0434\u043c\u0435\u0442\u043e\u043c, \u043c\u043e\u0436\u0435\u0442 \u0441\u043a\u0440\u044b\u0432\u0430\u0442\u044c\u0441\u044f \u043d\u0435\u043e\u0431\u044b\u0447\u043d\u0430\u044f \u0438\u0441\u0442\u043e\u0440\u0438\u044f.\" \/>\n<meta property=\"og:url\" content=\"https:\/\/sybir.bialystok.pl\/ru\/%d0%ba%d0%be%d0%bb%d0%bb%d0%b5%d0%ba%d1%86%d0%b8%d0%b8\/\" \/>\n<meta property=\"og:site_name\" content=\"Muzeum Pami\u0119ci Sybiru\" \/>\n<meta property=\"article:modified_time\" content=\"2021-08-19T11:52:54+00:00\" \/>\n<meta name=\"twitter:card\" content=\"summary_large_image\" \/>\n<meta name=\"twitter:label1\" content=\"\u041f\u0440\u0438\u043c\u0435\u0440\u043d\u043e\u0435 \u0432\u0440\u0435\u043c\u044f \u0434\u043b\u044f \u0447\u0442\u0435\u043d\u0438\u044f\" \/>\n\t<meta name=\"twitter:data1\" content=\"1 \u043c\u0438\u043d\u0443\u0442\u0430\" \/>\n<script type=\"application\/ld+json\" class=\"yoast-schema-graph\">{\"@context\":\"https:\/\/schema.org\",\"@graph\":[{\"@type\":\"WebPage\",\"@id\":\"https:\/\/sybir.bialystok.pl\/ru\/%d0%ba%d0%be%d0%bb%d0%bb%d0%b5%d0%ba%d1%86%d0%b8%d0%b8\/\",\"url\":\"https:\/\/sybir.bialystok.pl\/ru\/%d0%ba%d0%be%d0%bb%d0%bb%d0%b5%d0%ba%d1%86%d0%b8%d0%b8\/\",\"name\":\"\u041a\u043e\u043b\u043b\u0435\u043a\u0446\u0438\u0438 - Muzeum Pami\u0119ci Sybiru\",\"isPartOf\":{\"@id\":\"https:\/\/sybir.bialystok.pl\/ru\/#website\"},\"datePublished\":\"2020-11-27T18:00:29+00:00\",\"dateModified\":\"2021-08-19T11:52:54+00:00\",\"description\":\"\u041d\u0430\u0448\u0430 \u043a\u043e\u043b\u043b\u0435\u043a\u0446\u0438\u044f - \u044d\u0442\u043e \u043c\u043e\u0441\u0442 \u043c\u0435\u0436\u0434\u0443 \u043f\u0440\u043e\u0448\u043b\u044b\u043c \u0438 \u0441\u0435\u0433\u043e\u0434\u043d\u044f\u0448\u043d\u0438\u043c \u0434\u043d\u0451\u043c. \u0417\u0430 \u043a\u0430\u0436\u0434\u044b\u043c, \u043a\u0430\u0437\u0430\u043b\u043e\u0441\u044c \u0431\u044b, \u0441\u0430\u043c\u044b\u043c \u043e\u0431\u044b\u043a\u043d\u043e\u0432\u0435\u043d\u043d\u044b\u043c \u043f\u0440\u0435\u0434\u043c\u0435\u0442\u043e\u043c, \u043c\u043e\u0436\u0435\u0442 \u0441\u043a\u0440\u044b\u0432\u0430\u0442\u044c\u0441\u044f \u043d\u0435\u043e\u0431\u044b\u0447\u043d\u0430\u044f \u0438\u0441\u0442\u043e\u0440\u0438\u044f.\",\"breadcrumb\":{\"@id\":\"https:\/\/sybir.bialystok.pl\/ru\/%d0%ba%d0%be%d0%bb%d0%bb%d0%b5%d0%ba%d1%86%d0%b8%d0%b8\/#breadcrumb\"},\"inLanguage\":\"ru-RU\",\"potentialAction\":[{\"@type\":\"ReadAction\",\"target\":[\"https:\/\/sybir.bialystok.pl\/ru\/%d0%ba%d0%be%d0%bb%d0%bb%d0%b5%d0%ba%d1%86%d0%b8%d0%b8\/\"]}]},{\"@type\":\"BreadcrumbList\",\"@id\":\"https:\/\/sybir.bialystok.pl\/ru\/%d0%ba%d0%be%d0%bb%d0%bb%d0%b5%d0%ba%d1%86%d0%b8%d0%b8\/#breadcrumb\",\"itemListElement\":[{\"@type\":\"ListItem\",\"position\":1,\"name\":\"\u0414\u043e\u043c\",\"item\":\"https:\/\/sybir.bialystok.pl\/ru\/\"},{\"@type\":\"ListItem\",\"position\":2,\"name\":\"\u041a\u043e\u043b\u043b\u0435\u043a\u0446\u0438\u0438\"}]},{\"@type\":\"WebSite\",\"@id\":\"https:\/\/sybir.bialystok.pl\/ru\/#website\",\"url\":\"https:\/\/sybir.bialystok.pl\/ru\/\",\"name\":\"Muzeum Pami\u0119ci Sybiru\",\"description\":\"Muzeum Pami\u0119ci Sybiru jest po\u015bwi\u0119cone ludziom, kt\u00f3rzy od ko\u0144ca XVI a\u017c do po\u0142owy XX wieku byli niewoleni i zsy\u0142ani w g\u0142\u0105b Rosji, a p\u00f3\u017aniej Zwi\u0105zku Sowieckiego, jak te\u017c tym, kt\u00f3rzy pod\u0105\u017cali tam dobrowolnie.\",\"potentialAction\":[{\"@type\":\"SearchAction\",\"target\":{\"@type\":\"EntryPoint\",\"urlTemplate\":\"https:\/\/sybir.bialystok.pl\/ru\/?s={search_term_string}\"},\"query-input\":{\"@type\":\"PropertyValueSpecification\",\"valueRequired\":true,\"valueName\":\"search_term_string\"}}],\"inLanguage\":\"ru-RU\"}]}<\/script>\n<!-- \/ Yoast SEO plugin. -->","yoast_head_json":{"title":"\u041a\u043e\u043b\u043b\u0435\u043a\u0446\u0438\u0438 - Muzeum Pami\u0119ci Sybiru","description":"\u041d\u0430\u0448\u0430 \u043a\u043e\u043b\u043b\u0435\u043a\u0446\u0438\u044f - \u044d\u0442\u043e \u043c\u043e\u0441\u0442 \u043c\u0435\u0436\u0434\u0443 \u043f\u0440\u043e\u0448\u043b\u044b\u043c \u0438 \u0441\u0435\u0433\u043e\u0434\u043d\u044f\u0448\u043d\u0438\u043c \u0434\u043d\u0451\u043c. \u0417\u0430 \u043a\u0430\u0436\u0434\u044b\u043c, \u043a\u0430\u0437\u0430\u043b\u043e\u0441\u044c \u0431\u044b, \u0441\u0430\u043c\u044b\u043c \u043e\u0431\u044b\u043a\u043d\u043e\u0432\u0435\u043d\u043d\u044b\u043c \u043f\u0440\u0435\u0434\u043c\u0435\u0442\u043e\u043c, \u043c\u043e\u0436\u0435\u0442 \u0441\u043a\u0440\u044b\u0432\u0430\u0442\u044c\u0441\u044f \u043d\u0435\u043e\u0431\u044b\u0447\u043d\u0430\u044f \u0438\u0441\u0442\u043e\u0440\u0438\u044f.","robots":{"index":"index","follow":"follow","max-snippet":"max-snippet:-1","max-image-preview":"max-image-preview:large","max-video-preview":"max-video-preview:-1"},"canonical":"https:\/\/sybir.bialystok.pl\/ru\/%d0%ba%d0%be%d0%bb%d0%bb%d0%b5%d0%ba%d1%86%d0%b8%d0%b8\/","og_locale":"ru_RU","og_type":"article","og_title":"\u041a\u043e\u043b\u043b\u0435\u043a\u0446\u0438\u0438 - Muzeum Pami\u0119ci Sybiru","og_description":"\u041d\u0430\u0448\u0430 \u043a\u043e\u043b\u043b\u0435\u043a\u0446\u0438\u044f - \u044d\u0442\u043e \u043c\u043e\u0441\u0442 \u043c\u0435\u0436\u0434\u0443 \u043f\u0440\u043e\u0448\u043b\u044b\u043c \u0438 \u0441\u0435\u0433\u043e\u0434\u043d\u044f\u0448\u043d\u0438\u043c \u0434\u043d\u0451\u043c. \u0417\u0430 \u043a\u0430\u0436\u0434\u044b\u043c, \u043a\u0430\u0437\u0430\u043b\u043e\u0441\u044c \u0431\u044b, \u0441\u0430\u043c\u044b\u043c \u043e\u0431\u044b\u043a\u043d\u043e\u0432\u0435\u043d\u043d\u044b\u043c \u043f\u0440\u0435\u0434\u043c\u0435\u0442\u043e\u043c, \u043c\u043e\u0436\u0435\u0442 \u0441\u043a\u0440\u044b\u0432\u0430\u0442\u044c\u0441\u044f \u043d\u0435\u043e\u0431\u044b\u0447\u043d\u0430\u044f \u0438\u0441\u0442\u043e\u0440\u0438\u044f.","og_url":"https:\/\/sybir.bialystok.pl\/ru\/%d0%ba%d0%be%d0%bb%d0%bb%d0%b5%d0%ba%d1%86%d0%b8%d0%b8\/","og_site_name":"Muzeum Pami\u0119ci Sybiru","article_modified_time":"2021-08-19T11:52:54+00:00","twitter_card":"summary_large_image","twitter_misc":{"\u041f\u0440\u0438\u043c\u0435\u0440\u043d\u043e\u0435 \u0432\u0440\u0435\u043c\u044f \u0434\u043b\u044f \u0447\u0442\u0435\u043d\u0438\u044f":"1 \u043c\u0438\u043d\u0443\u0442\u0430"},"schema":{"@context":"https:\/\/schema.org","@graph":[{"@type":"WebPage","@id":"https:\/\/sybir.bialystok.pl\/ru\/%d0%ba%d0%be%d0%bb%d0%bb%d0%b5%d0%ba%d1%86%d0%b8%d0%b8\/","url":"https:\/\/sybir.bialystok.pl\/ru\/%d0%ba%d0%be%d0%bb%d0%bb%d0%b5%d0%ba%d1%86%d0%b8%d0%b8\/","name":"\u041a\u043e\u043b\u043b\u0435\u043a\u0446\u0438\u0438 - Muzeum Pami\u0119ci Sybiru","isPartOf":{"@id":"https:\/\/sybir.bialystok.pl\/ru\/#website"},"datePublished":"2020-11-27T18:00:29+00:00","dateModified":"2021-08-19T11:52:54+00:00","description":"\u041d\u0430\u0448\u0430 \u043a\u043e\u043b\u043b\u0435\u043a\u0446\u0438\u044f - \u044d\u0442\u043e \u043c\u043e\u0441\u0442 \u043c\u0435\u0436\u0434\u0443 \u043f\u0440\u043e\u0448\u043b\u044b\u043c \u0438 \u0441\u0435\u0433\u043e\u0434\u043d\u044f\u0448\u043d\u0438\u043c \u0434\u043d\u0451\u043c. \u0417\u0430 \u043a\u0430\u0436\u0434\u044b\u043c, \u043a\u0430\u0437\u0430\u043b\u043e\u0441\u044c \u0431\u044b, \u0441\u0430\u043c\u044b\u043c \u043e\u0431\u044b\u043a\u043d\u043e\u0432\u0435\u043d\u043d\u044b\u043c \u043f\u0440\u0435\u0434\u043c\u0435\u0442\u043e\u043c, \u043c\u043e\u0436\u0435\u0442 \u0441\u043a\u0440\u044b\u0432\u0430\u0442\u044c\u0441\u044f \u043d\u0435\u043e\u0431\u044b\u0447\u043d\u0430\u044f \u0438\u0441\u0442\u043e\u0440\u0438\u044f.","breadcrumb":{"@id":"https:\/\/sybir.bialystok.pl\/ru\/%d0%ba%d0%be%d0%bb%d0%bb%d0%b5%d0%ba%d1%86%d0%b8%d0%b8\/#breadcrumb"},"inLanguage":"ru-RU","potentialAction":[{"@type":"ReadAction","target":["https:\/\/sybir.bialystok.pl\/ru\/%d0%ba%d0%be%d0%bb%d0%bb%d0%b5%d0%ba%d1%86%d0%b8%d0%b8\/"]}]},{"@type":"BreadcrumbList","@id":"https:\/\/sybir.bialystok.pl\/ru\/%d0%ba%d0%be%d0%bb%d0%bb%d0%b5%d0%ba%d1%86%d0%b8%d0%b8\/#breadcrumb","itemListElement":[{"@type":"ListItem","position":1,"name":"\u0414\u043e\u043c","item":"https:\/\/sybir.bialystok.pl\/ru\/"},{"@type":"ListItem","position":2,"name":"\u041a\u043e\u043b\u043b\u0435\u043a\u0446\u0438\u0438"}]},{"@type":"WebSite","@id":"https:\/\/sybir.bialystok.pl\/ru\/#website","url":"https:\/\/sybir.bialystok.pl\/ru\/","name":"Muzeum Pami\u0119ci Sybiru","description":"Muzeum Pami\u0119ci Sybiru jest po\u015bwi\u0119cone ludziom, kt\u00f3rzy od ko\u0144ca XVI a\u017c do po\u0142owy XX wieku byli niewoleni i zsy\u0142ani w g\u0142\u0105b Rosji, a p\u00f3\u017aniej Zwi\u0105zku Sowieckiego, jak te\u017c tym, kt\u00f3rzy pod\u0105\u017cali tam dobrowolnie.","potentialAction":[{"@type":"SearchAction","target":{"@type":"EntryPoint","urlTemplate":"https:\/\/sybir.bialystok.pl\/ru\/?s={search_term_string}"},"query-input":{"@type":"PropertyValueSpecification","valueRequired":true,"valueName":"search_term_string"}}],"inLanguage":"ru-RU"}]}},"_links":{"self":[{"href":"https:\/\/sybir.bialystok.pl\/ru\/wp-json\/wp\/v2\/pages\/6295","targetHints":{"allow":["GET"]}}],"collection":[{"href":"https:\/\/sybir.bialystok.pl\/ru\/wp-json\/wp\/v2\/pages"}],"about":[{"href":"https:\/\/sybir.bialystok.pl\/ru\/wp-json\/wp\/v2\/types\/page"}],"author":[{"embeddable":true,"href":"https:\/\/sybir.bialystok.pl\/ru\/wp-json\/wp\/v2\/users\/1"}],"replies":[{"embeddable":true,"href":"https:\/\/sybir.bialystok.pl\/ru\/wp-json\/wp\/v2\/comments?post=6295"}],"version-history":[{"count":3,"href":"https:\/\/sybir.bialystok.pl\/ru\/wp-json\/wp\/v2\/pages\/6295\/revisions"}],"predecessor-version":[{"id":6676,"href":"https:\/\/sybir.bialystok.pl\/ru\/wp-json\/wp\/v2\/pages\/6295\/revisions\/6676"}],"wp:attachment":[{"href":"https:\/\/sybir.bialystok.pl\/ru\/wp-json\/wp\/v2\/media?parent=6295"}],"curies":[{"name":"wp","href":"https:\/\/api.w.org\/{rel}","templated":true}]}}