{"id":6258,"date":"2020-11-24T16:28:49","date_gmt":"2020-11-24T15:28:49","guid":{"rendered":"https:\/\/sybir.bialystok.pl\/politykaprywatnosci\/"},"modified":"2024-01-31T13:36:12","modified_gmt":"2024-01-31T12:36:12","slug":"politykaprywatnosci","status":"publish","type":"page","link":"https:\/\/sybir.bialystok.pl\/ru\/politykaprywatnosci\/","title":{"rendered":"Polityka prywatno\u015bci"},"content":{"rendered":"\n<p><strong>\u00a7&nbsp;<\/strong>1<br><strong>Informacja o przetwarzaniu danych osobowych w Muzeum Pami\u0119ci Sybiru<\/strong><\/p>\n\n\n\n<p>Zgodnie z art. 13 ust. 1 i 2 oraz art. 14 ust. 1 i 2 Rozporz\u0105dzenia Parlamentu Europejskiego i rady (UE) 2016\/679 z dnia 27 kwietnia 2016r. w sprawie ochrony os\u00f3b fizycznych w zwi\u0105zku z przetwarzaniem danych osobowych i w sprawie swobodnego przep\u0142ywu takich danych oraz uchylenia dyrektywy 95\/46\/WE, Dz. Urz. UE L 119 z 4.5.2016 r. (zwanym jako: RODO) Muzeum Pami\u0119ci Sybiru informuje, \u017ce:<\/p>\n\n\n\n<p>1. Administratorem danych osobowych jest Muzeum Pami\u0119ci Sybiru w Bia\u0142ymstoku z siedzib\u0105 przy ul. W\u0119glowa 1, 15-121 Bia\u0142ystok, NIP: 5423264915, REGON: 366215932.<\/p>\n\n\n\n<p>2. Administrator wyznaczy\u0142 inspektora ochrony danych osobowych, z kt\u00f3rym mo\u017cne si\u0119 skontaktowa\u0107 poprzez e-mail: <span style=\"text-decoration: underline;\">iod@sybir.bialystok.pl <\/span>lub pisemnie na adres siedziby administratora z dopiskiem IOD. Z inspektorem ochrony danych osobowych mo\u017cna si\u0119 kontaktowa\u0107 we wszystkich sprawach dotycz\u0105cych przetwarzania i ochrony danych osobowych oraz korzystania z praw zwi\u0105zanych z przetwarzaniem danych w Muzeum Pami\u0119ci Sybiru.<\/p>\n\n\n\n<p>3. Dane osobowe mog\u0105 by\u0107 przetwarzane w celach realizacji statutowych dzia\u0142a\u0144 Muzeum Pami\u0119ci Sybiru jako wype\u0142nienie obowi\u0105zku prawnego ci\u0105\u017c\u0105cego na Administratorze okre\u015blonego w ustawie z dnia 21 listopada 1996r. o muzeach (Dz.U.2012, poz. 987) oraz ustawy z dnia 25 pa\u017adziernika 1991r. o organizowaniu i prowadzeniu dzia\u0142alno\u015bci kulturalnej (Dz.U.2012, poz. 406), na podstawie art. 6 ust. 1 lit. c RODO.<\/p>\n\n\n\n<p>Ponadto przetwarzanie danych osobowych mo\u017ce odbywa\u0107 si\u0119 w celu:<\/p>\n\n\n\n<ul class=\"wp-block-list\">\n<li>przeprowadzania rekrutacji &#8212; na podstawie art. 6 ust. 1 lit. a i c RODO,<\/li>\n\n\n\n<li>nawi\u0105zywania i utrzymywania kontakt\u00f3w biznesowych &#8212; na podstawie art. 6 ust. 1 lit. a i c RODO,<\/li>\n\n\n\n<li>realizacji dzia\u0142a\u0144 zwi\u0105zanych z promocj\u0105 i marketingiem Muzeum, w tym organizowania akcji, konkurs\u00f3w i wydarze\u0144 oraz prowadzenia Newsletter-a &nbsp;&#8212; na podstawie art. 6 ust. 1 lit. a i c RODO,<\/li>\n\n\n\n<li>zawierania i wykonywania um\u00f3w &#8212; na podstawie art. 6 ust. 1 lit. b RODO,<\/li>\n\n\n\n<li>realizacji roszcze\u0144 wynikaj\u0105cych z zawartej umowy &#8212; na podstawie art. 6 ust. 1 lit. c RODO,<\/li>\n\n\n\n<li>rezerwacji i sprzeda\u017cy bilet\u00f3w wst\u0119pu do Muzeum Pami\u0119ci Sybiru &#8212; na podstawie art. 6 ust. 1 lit. b RODO,<\/li>\n\n\n\n<li>realizacji dzia\u0142alno\u015bci edukacyjnej &#8212; na podstawie art. 6 ust. 1 lit. c RODO,<\/li>\n\n\n\n<li>zabezpieczenia zbior\u00f3w muzealnych przed gro\u017c\u0105cymi im niebezpiecze\u0144stwami, w szczeg\u00f3lno\u015bci uszkodzeniem lub kradzie\u017c\u0105 oraz zapewnienie bezpiecze\u0144stwa osobom przebywaj\u0105cym na terenie Muzeum za pomoc\u0105 systemu monitoringu wizyjnego CCTV &#8212; na podstawie art. 6 ust. 1 lit. c RODO,<\/li>\n\n\n\n<li>w pozosta\u0142ych przypadkach Pani\/Pana dane osobowe przetwarzane s\u0105 wy\u0142\u0105cznie na podstawie wcze\u015bniej udzielonej zgody w zakresie i celu okre\u015blonym w tre\u015bci zgody.<\/li>\n<\/ul>\n\n\n\n<p>4. Odbiorcami danych osobowych mog\u0105 by\u0107 podmioty zapewniaj\u0105ce na rzecz Administratora obs\u0142ug\u0119 techniczn\u0105 i organizacyjn\u0105, takie jak np. dostawcy oprogramowania i system\u00f3w informatycznych, podmioty \u015bwiadcz\u0105ce obs\u0142ug\u0119 techniczn\u0105, podmioty \u015bwiadcz\u0105ce us\u0142ugi ochrony os\u00f3b i mienia, &nbsp;podmioty \u015bwiadcz\u0105ce obs\u0142ug\u0119 prawn\u0105 Muzeum oraz podmioty upowa\u017cnione z mocy prawa.<\/p>\n\n\n\n<p>5. Dane osobowe przetwarzane b\u0119d\u0105 przez okres, kt\u00f3ry jest niezb\u0119dny do realizacji cel\u00f3w okre\u015blonych w pkt. 3 zgodnie z Instrukcj\u0105 Kancelaryjn\u0105 Muzeum Pami\u0119ci Sybiru i przechowywane przez okres wskazany w Jednolitym rzeczowym wykazie akt Muzeum Pami\u0119ci Sybiru lub do wycofania wcze\u015bniej udzielonej zgody, bez wp\u0142ywu na zgodno\u015b\u0107 z prawem przetwarzania, kt\u00f3rego dokonano na podstawie zgody przed jej wycofaniem.<\/p>\n\n\n\n<p>6. Zgodnie z obowi\u0105zuj\u0105cymi przepisami (art. 12-22 RODO) w zwi\u0105zku z przetwarzaniem przez Muzeum danych osobowych przys\u0142uguje Pa\u0144stwu:<\/p>\n\n\n\n<ul class=\"wp-block-list\">\n<li>prawo do informacji o przetwarzaniu Pani\/Pana danych osobowych oraz prawo dost\u0119pu do danych,<\/li>\n\n\n\n<li>prawo do sprostowania danych,<\/li>\n\n\n\n<li>prawo do usuni\u0119cia danych,<\/li>\n\n\n\n<li>prawo do ograniczenia przetwarzania,<\/li>\n\n\n\n<li>prawo do sprzeciwu wobec przetwarzania danych,<\/li>\n\n\n\n<li>prawo do wycofania wcze\u015bniej udzielonej zgody, <\/li>\n\n\n\n<li>prawo do przenoszenia danych,<\/li>\n\n\n\n<li>prawo wniesienia skargi do Prezesa Urz\u0119du Ochrony Danych Osobowych, gdy uznacie Pa\u0144stwo, \u017ce przetwarzanie danych osobowych narusza zapisy RODO.<\/li>\n<\/ul>\n\n\n\n<p>7. Osoba, kt\u00f3ra udzieli\u0142a zgod\u0119 na przetwarzanie swoich danych osobowych mo\u017ce j\u0105 wycofa\u0107 w ka\u017cdym momencie, klikaj\u0105c w link rezygnacji znajduj\u0105cy si\u0119 w stopce wiadomo\u015bci seryjnej wysy\u0142anej automatycznie lub przes\u0142a\u0107 tak\u0105 informacj\u0119 bezpo\u015brednio na adres e-mail: <span style=\"text-decoration: underline;\">iod@sybir.bialystok.pl.<\/span><\/p>\n\n\n\n<p>8. Dane osobowe przetwarzane przez Administratora nie b\u0119d\u0105 przekazywane do pa\u0144stw trzecich, ani do organizacji mi\u0119dzynarodowych.<\/p>\n\n\n\n<p>9. Pani\/Pana dane osobowe mog\u0142y zosta\u0107 pozyskane w wyniku przeprowadzonych czynno\u015bci cywilno-prawnych, zapyta\u0144 ofertowych, realizacji zawartej umowy z kontrahentem Administratora, prowadzonej korespondencji, jak r\u00f3wnie\u017c z publicznie dost\u0119pnych \u017ar\u00f3de\u0142 (wyszukiwarki internetowe, strony www, rejestry urz\u0119dowe).<\/p>\n\n\n\n<p>10. Pani\/Pana dane osobowe s\u0105 niezb\u0119dne do realizacji celu\/cel\u00f3w o kt\u00f3rych mowa w pkt 3. W sytuacji, gdy przetwarzanie danych osobowych odbywa si\u0119 na podstawie zgody osoby, kt\u00f3rej dane dotycz\u0105, podanie przez Pani\u0105\/Pana danych osobowych Administratorowi ma charakter dobrowolny.<\/p>\n\n\n\n<p>11. Zebrane dane osobowe nie b\u0119d\u0105 podlega\u0142y zautomatyzowanemu podejmowaniu decyzji, w tym profilowaniu.<\/p>\n\n\n\n<p><strong>\u00a7&nbsp;2<\/strong><br><strong><strong>Informacja o przetwarzaniu danych w serwisie internetowym<\/strong><\/strong><\/p>\n\n\n\n<p>1. Niniejsza Polityka Prywatno\u015bci r\u00f3wnie\u017c okre\u015bla zasady przetwarzania i ochrony danych przekazywanych przez u\u017cytkownik\u00f3w w zwi\u0105zku z korzystaniem przez nich z us\u0142ug serwis\u00f3w internetowych Muzeum Pami\u0119ci Sybiru, udost\u0119pnionych pod adresami internetowymi <a href=\"https:\/\/sybir.bialystok.pl\/ru\/\">https:\/\/sybir.bialystok.pl<\/a> i <a href=\"https:\/\/sklep-sybir.pl\/\">https:\/\/sklep-sybir.pl\/<\/a>, dalej zwanych Serwisem internetowym.<\/p>\n\n\n\n<p>2. W trosce o bezpiecze\u0144stwo powierzonych nam danych opracowali\u015bmy wewn\u0119trzne procedury i zalecenia, kt\u00f3re maj\u0105 zapobiec udost\u0119pnieniu danych osobom nieupowa\u017cnionym. Kontrolujemy ich przetwarzanie i stale sprawdzamy ich zgodno\u015b\u0107 z odpowiednimi aktami prawnymi.<\/p>\n\n\n\n<p>3. Serwis internetowy mo\u017ce posiada\u0107 funkcje pozyskiwania informacji o u\u017cytkownikach i ich zachowaniu w nast\u0119puj\u0105cy spos\u00f3b:<\/p>\n\n\n\n<ul class=\"wp-block-list\" id=\"block-e415d7b3-c982-48bd-931e-20e56035bc5c\">\n<li>poprzez dobrowolnie wprowadzone informacje przez u\u017cytkownika w formularzach internetowych takich jak newsletter, formularz kontaktowy, formularz zam\u00f3wienia produktu, formularz nawi\u0105zania wsp\u00f3\u0142pracy, itp.;<\/li>\n\n\n\n<li>poprzez automatyczne gromadzenie plik\u00f3w \u201ccookies\u201d.<\/li>\n<\/ul>\n\n\n\n<p>4. Zastrzegamy sobie prawo do wprowadzania zmian w niniejszej Polityce prywatno\u015bci, na kt\u00f3re mo\u017ce wp\u0142yn\u0105\u0107 rozw\u00f3j technologii internetowej, ewentualne zmiany prawa w zakresie ochrony danych osobowych oraz rozw\u00f3j naszego Serwisu internetowego. O wszelkich zmianach b\u0119dziemy informowa\u0107 w spos\u00f3b widoczny i zrozumia\u0142y.<\/p>\n\n\n\n<p>5. W Serwisie internetowym mog\u0105 pojawia\u0107 si\u0119 linki do innych stron internetowych. Takie strony internetowe dzia\u0142aj\u0105 niezale\u017cnie od Serwisu internetowego i nie s\u0105 w \u017caden spos\u00f3b nadzorowane przez ten serwis. Strony te mog\u0105 posiada\u0107 w\u0142asne polityki dotycz\u0105ce prywatno\u015bci oraz regulaminy, z kt\u00f3rymi zalecamy si\u0119 zapozna\u0107.<\/p>\n\n\n\n<p><strong>\u00a7&nbsp;3<\/strong><br><strong>Informacje o plikach cookie<\/strong><\/p>\n\n\n\n<p>1. W celu \u015bwiadczenia us\u0142ug na najwy\u017cszym poziomie Muzeum Pami\u0119ci Sybiru w udost\u0119pnionym Serwisie internetowym stosuje pliki cookies, tzw. ciasteczka. W niniejszym dokumencie, informacje dotycz\u0105ce plik\u00f3w cookies maj\u0105 zastosowanie r\u00f3wnie\u017c do innych naszych serwis\u00f3w internetowych.<\/p>\n\n\n\n<p>2. Pliki cookies stanowi\u0105 dane informatyczne, w szczeg\u00f3lno\u015bci pliki tekstowe, kt\u00f3re zapisywane i przechowywane s\u0105 w urz\u0105dzeniu ko\u0144cowym u\u017cytkownika Serwisu internetowego tj. komputer, tablet, smartfon, itp.<\/p>\n\n\n\n<p>3. Pliki cookies zazwyczaj zawieraj\u0105 nazw\u0119 domeny serwisu internetowego, z kt\u00f3rego pochodz\u0105, czas przechowywania ich na urz\u0105dzeniu ko\u0144cowym oraz unikalny numer s\u0142u\u017c\u0105cy do identyfikacji przegl\u0105darki, z jakiej nast\u0119puje po\u0142\u0105czenie ze Serwisem internetowym. Pliki cookies nie zawieraj\u0105 \u017cadnych danych osobowych..<\/p>\n\n\n\n<p>4. Pliki cookies wykorzystywane s\u0105 w celu:<\/p>\n\n\n\n<ul class=\"wp-block-list\">\n<li>dostosowania zawarto\u015bci stron serwisu internetowego do preferencji u\u017cytkownika oraz optymalizacji wy\u015bwietlanej zawarto\u015bci poprzez rozpoznanie urz\u0105dzenia ko\u0144cowego u\u017cytkownika serwisu;<\/li>\n\n\n\n<li>tworzenia analiz i statystyk, kt\u00f3re pomagaj\u0105 zrozumie\u0107, w jaki spos\u00f3b u\u017cytkownicy serwisu korzystaj\u0105 ze stron internetowych, co umo\u017cliwia ulepszanie ich struktury i zawarto\u015bci;<\/li>\n\n\n\n<li>logowania si\u0119 do serwisu, utrzymania sesji oraz zapami\u0119tania dokonanych wybor\u00f3w u\u017cytkownika Serwisu internetowego.<\/li>\n<\/ul>\n\n\n\n<p>5. W ramach serwisu internetowego Muzeum Pami\u0119ci Sybiru mo\u017ce stosowa\u0107 nast\u0119puj\u0105ce rodzaje plik\u00f3w cookies:<\/p>\n\n\n\n<p>a) wydajno\u015bciowe (zbieraj\u0105ce informacje na temat sposobu u\u017cywania serwisu internetowego przez u\u017cytkownik\u00f3w ko\u0144cowych, np. najcz\u0119\u015bciej odwiedzanych stron, komunikat\u00f3w o b\u0142\u0119dach, itp.);<\/p>\n\n\n\n<p>b) funkcjonalne, takie jak:<\/p>\n\n\n\n<ul class=\"wp-block-list\">\n<li>cookies sesyjne \u2013 s\u0105 to tymczasowe informacje przechowywane w pami\u0119ci przegl\u0105darki internetowej do momentu zako\u0144czenia sesji zawieraj\u0105ce ustawienia u\u017cytkownika np. j\u0119zyk, poziom kontrastu, wyra\u017cone zgody oraz umo\u017cliwiaj\u0105ce uwierzytelnianie u\u017cytkownik\u00f3w;<\/li>\n\n\n\n<li>cookies google-analytics.com \u2013 s\u0142u\u017c\u0105 do prowadzenia statystyk (dok\u0142adny spos\u00f3b dzia\u0142ania i polityk\u0119 prywatno\u015bci Google Analytics mo\u017cna znale\u017a\u0107 pod adresem: <a href=\"https:\/\/policies.google.com\/technologies\/cookies\/\">https:\/\/policies.google.com\/technologies\/cookies\/<\/a>);<\/li>\n<\/ul>\n\n\n\n<p>c) obce (pochodz\u0105ce z serwis\u00f3w medi\u00f3w spo\u0142eczno\u015bciowych w przypadku wy\u015bwietlania osadzonych materia\u0142\u00f3w multimedialnych), takie jak:<\/p>\n\n\n\n<ul class=\"wp-block-list\">\n<li>cookies youtube.com \u2013 (polityka prywatno\u015bci serwisu YouTube opisana jest pod adresem: <a href=\"http:\/\/www.google.pl\/intl\/pl\/policies\/privacy\/\">http:\/\/www.google.pl\/intl\/pl\/policies\/privacy\/<\/a>);<\/li>\n\n\n\n<li>cookies facebook.com \u2013 (zasady stosowania plik\u00f3w cookies serwisu Facebook dost\u0119pne s\u0105 pod adresem: <a href=\"https:\/\/www.facebook.com\/policies\/cookies\/\">https:\/\/www.facebook.com\/policies\/cookies\/<\/a>).<\/li>\n<\/ul>\n\n\n\n<p>6. W wielu przypadkach oprogramowanie s\u0142u\u017c\u0105ce do przegl\u0105dania stron internetowych (przegl\u0105darka internetowa) domy\u015blnie dopuszcza przechowywanie plik\u00f3w cookies w urz\u0105dzeniu ko\u0144cowym u\u017cytkownika. U\u017cytkownicy serwisu mog\u0105 dokona\u0107 w ka\u017cdym czasie zmiany ustawie\u0144 dotycz\u0105cych plik\u00f3w cookies. Ustawienia te mog\u0105 zosta\u0107 zmienione w szczeg\u00f3lno\u015bci w taki spos\u00f3b, aby blokowa\u0107 automatyczn\u0105 obs\u0142ug\u0119 plik\u00f3w cookies w ustawieniach przegl\u0105darki internetowej b\u0105d\u017a informowa\u0107 o ich ka\u017cdorazowym zamieszczeniu w urz\u0105dzeniu u\u017cytkownika Serwisu internetowego. Szczeg\u00f3\u0142owe informacje o mo\u017cliwo\u015bci i sposobach obs\u0142ugi plik\u00f3w cookies dost\u0119pne s\u0105 w ustawieniach oprogramowania (przegl\u0105darki internetowej).<\/p>\n\n\n\n<p>7. U\u017cytkownik Serwisu internetowego, kt\u00f3ry nie wyra\u017ca zgody na korzystanie z plik\u00f3w cookies obowi\u0105zany jest do zmodyfikowania ustawie\u0144 przegl\u0105darki internetowej. Konfiguracja systemu umo\u017cliwiaj\u0105ca korzystanie z plik\u00f3w cookies oznacza zgod\u0119 na przechowywanie przez Muzeum Pami\u0119ci Sybiru informacji o kt\u00f3rych mowa w \u00a7&nbsp;3 ust\u0119pie 4, zgodnie z art. 173 ust. 2 ustawy z dnia z dnia 16 lipca 2004 r. Prawo telekomunikacyjne (Dz.U. z 2017 r. poz. 1907 z p\u00f3\u017an. zm).<\/p>\n\n\n\n<p>8. Wy\u0142\u0105czenie stosowania cookies mo\u017ce spowodowa\u0107 utrudnienia korzystanie z niekt\u00f3rych us\u0142ug w ramach naszych Serwis\u00f3w internetowych, w szczeg\u00f3lno\u015bci wymagaj\u0105cych logowania. Wy\u0142\u0105czenie opcji przyjmowania cookies nie powoduje natomiast braku mo\u017cliwo\u015bci czytania lub ogl\u0105dania tre\u015bci zamieszczanych w Serwisie internetowym Muzeum Pami\u0119ci Sybiru z zastrze\u017ceniem tych, do kt\u00f3rych dost\u0119p wymaga logowania<\/p>\n\n\n\n<p>9. Pliki cookies mog\u0105 by\u0107 zamieszczane w urz\u0105dzeniu ko\u0144cowym u\u017cytkownika Serwisu internetowego Muzeum Pami\u0119ci Sybiru, a nast\u0119pnie wykorzystywane przez wsp\u00f3\u0142pracuj\u0105cych z serwisem reklamodawc\u00f3w, firmy badawcze oraz dostawc\u00f3w aplikacji multimedialnych.<\/p>\n\n\n\n<p>10. Poni\u017cej wskazujemy spos\u00f3b zmiany ustawie\u0144 cookies w najbardziej popularnych przegl\u0105darkach internetowych:<\/p>\n\n\n\n<ul class=\"wp-block-list\">\n<li><a href=\"https:\/\/help.opera.com\/pl\/latest\/web-preferences\/#cookies\" target=\"_blank\" rel=\"noreferrer noopener\">Opera<\/a><\/li>\n\n\n\n<li><a href=\"http:\/\/support.mozilla.org\/pl\/kb\/W\u0142\u0105czanie%20i%20wy\u0142\u0105czanie%20obs\u0142ugi%20ciasteczek\" target=\"_blank\" rel=\"noreferrer noopener\">Firefox<\/a><\/li>\n\n\n\n<li><a href=\"http:\/\/support.google.com\/chrome\/bin\/answer.py?hl=pl&amp;answer=95647\" target=\"_blank\" rel=\"noreferrer noopener\">Chrome<\/a><\/li>\n\n\n\n<li><a href=\"https:\/\/support.microsoft.com\/pl-pl\/help\/17442\/windows-internet-explorer-delete-manage-cookies\" target=\"_blank\" rel=\"noreferrer noopener\">Internet Explorer\/Egde<\/a><\/li>\n\n\n\n<li><a href=\"http:\/\/support.apple.com\/kb\/PH5042\" target=\"_blank\" rel=\"noreferrer noopener\">Safari<\/a><\/li>\n<\/ul>\n","protected":false},"excerpt":{"rendered":"<p>Informacja o przetwarzaniu danych osobowych przez Muzeum Pami\u0119ci Sybiru:<\/p>\n","protected":false},"author":1,"featured_media":0,"parent":0,"menu_order":0,"comment_status":"closed","ping_status":"open","template":"","meta":{"_acf_changed":false,"_editorskit_title_hidden":false,"_editorskit_reading_time":0,"_editorskit_is_block_options_detached":false,"_editorskit_block_options_position":"{}","footnotes":""},"class_list":["post-6258","page","type-page","status-publish","hentry"],"acf":[],"yoast_head":"<!-- This site is optimized with the Yoast SEO plugin v24.6 - https:\/\/yoast.com\/wordpress\/plugins\/seo\/ -->\n<title>Polityka prywatno\u015bci - Muzeum Pami\u0119ci Sybiru<\/title>\n<meta name=\"robots\" content=\"index, follow, max-snippet:-1, max-image-preview:large, max-video-preview:-1\" \/>\n<link rel=\"canonical\" href=\"https:\/\/sybir.bialystok.pl\/ru\/politykaprywatnosci\/\" \/>\n<meta property=\"og:locale\" content=\"ru_RU\" \/>\n<meta property=\"og:type\" content=\"article\" \/>\n<meta property=\"og:title\" content=\"Polityka prywatno\u015bci - Muzeum Pami\u0119ci Sybiru\" \/>\n<meta property=\"og:description\" content=\"Informacja o przetwarzaniu danych osobowych przez Muzeum Pami\u0119ci Sybiru:\" \/>\n<meta property=\"og:url\" content=\"https:\/\/sybir.bialystok.pl\/ru\/politykaprywatnosci\/\" \/>\n<meta property=\"og:site_name\" content=\"Muzeum Pami\u0119ci Sybiru\" \/>\n<meta property=\"article:modified_time\" content=\"2024-01-31T12:36:12+00:00\" \/>\n<meta name=\"twitter:card\" content=\"summary_large_image\" \/>\n<meta name=\"twitter:label1\" content=\"\u041f\u0440\u0438\u043c\u0435\u0440\u043d\u043e\u0435 \u0432\u0440\u0435\u043c\u044f \u0434\u043b\u044f \u0447\u0442\u0435\u043d\u0438\u044f\" \/>\n\t<meta name=\"twitter:data1\" content=\"7 \u043c\u0438\u043d\u0443\u0442\" \/>\n<script type=\"application\/ld+json\" class=\"yoast-schema-graph\">{\"@context\":\"https:\/\/schema.org\",\"@graph\":[{\"@type\":\"WebPage\",\"@id\":\"https:\/\/sybir.bialystok.pl\/ru\/politykaprywatnosci\/\",\"url\":\"https:\/\/sybir.bialystok.pl\/ru\/politykaprywatnosci\/\",\"name\":\"Polityka prywatno\u015bci - Muzeum Pami\u0119ci Sybiru\",\"isPartOf\":{\"@id\":\"https:\/\/sybir.bialystok.pl\/ru\/#website\"},\"datePublished\":\"2020-11-24T15:28:49+00:00\",\"dateModified\":\"2024-01-31T12:36:12+00:00\",\"breadcrumb\":{\"@id\":\"https:\/\/sybir.bialystok.pl\/ru\/politykaprywatnosci\/#breadcrumb\"},\"inLanguage\":\"ru-RU\",\"potentialAction\":[{\"@type\":\"ReadAction\",\"target\":[\"https:\/\/sybir.bialystok.pl\/ru\/politykaprywatnosci\/\"]}]},{\"@type\":\"BreadcrumbList\",\"@id\":\"https:\/\/sybir.bialystok.pl\/ru\/politykaprywatnosci\/#breadcrumb\",\"itemListElement\":[{\"@type\":\"ListItem\",\"position\":1,\"name\":\"\u0414\u043e\u043c\",\"item\":\"https:\/\/sybir.bialystok.pl\/ru\/\"},{\"@type\":\"ListItem\",\"position\":2,\"name\":\"Polityka prywatno\u015bci\"}]},{\"@type\":\"WebSite\",\"@id\":\"https:\/\/sybir.bialystok.pl\/ru\/#website\",\"url\":\"https:\/\/sybir.bialystok.pl\/ru\/\",\"name\":\"Muzeum Pami\u0119ci Sybiru\",\"description\":\"Muzeum Pami\u0119ci Sybiru jest po\u015bwi\u0119cone ludziom, kt\u00f3rzy od ko\u0144ca XVI a\u017c do po\u0142owy XX wieku byli niewoleni i zsy\u0142ani w g\u0142\u0105b Rosji, a p\u00f3\u017aniej Zwi\u0105zku Sowieckiego, jak te\u017c tym, kt\u00f3rzy pod\u0105\u017cali tam dobrowolnie.\",\"potentialAction\":[{\"@type\":\"SearchAction\",\"target\":{\"@type\":\"EntryPoint\",\"urlTemplate\":\"https:\/\/sybir.bialystok.pl\/ru\/?s={search_term_string}\"},\"query-input\":{\"@type\":\"PropertyValueSpecification\",\"valueRequired\":true,\"valueName\":\"search_term_string\"}}],\"inLanguage\":\"ru-RU\"}]}<\/script>\n<!-- \/ Yoast SEO plugin. -->","yoast_head_json":{"title":"Polityka prywatno\u015bci - Muzeum Pami\u0119ci Sybiru","robots":{"index":"index","follow":"follow","max-snippet":"max-snippet:-1","max-image-preview":"max-image-preview:large","max-video-preview":"max-video-preview:-1"},"canonical":"https:\/\/sybir.bialystok.pl\/ru\/politykaprywatnosci\/","og_locale":"ru_RU","og_type":"article","og_title":"Polityka prywatno\u015bci - Muzeum Pami\u0119ci Sybiru","og_description":"Informacja o przetwarzaniu danych osobowych przez Muzeum Pami\u0119ci Sybiru:","og_url":"https:\/\/sybir.bialystok.pl\/ru\/politykaprywatnosci\/","og_site_name":"Muzeum Pami\u0119ci Sybiru","article_modified_time":"2024-01-31T12:36:12+00:00","twitter_card":"summary_large_image","twitter_misc":{"\u041f\u0440\u0438\u043c\u0435\u0440\u043d\u043e\u0435 \u0432\u0440\u0435\u043c\u044f \u0434\u043b\u044f \u0447\u0442\u0435\u043d\u0438\u044f":"7 \u043c\u0438\u043d\u0443\u0442"},"schema":{"@context":"https:\/\/schema.org","@graph":[{"@type":"WebPage","@id":"https:\/\/sybir.bialystok.pl\/ru\/politykaprywatnosci\/","url":"https:\/\/sybir.bialystok.pl\/ru\/politykaprywatnosci\/","name":"Polityka prywatno\u015bci - Muzeum Pami\u0119ci Sybiru","isPartOf":{"@id":"https:\/\/sybir.bialystok.pl\/ru\/#website"},"datePublished":"2020-11-24T15:28:49+00:00","dateModified":"2024-01-31T12:36:12+00:00","breadcrumb":{"@id":"https:\/\/sybir.bialystok.pl\/ru\/politykaprywatnosci\/#breadcrumb"},"inLanguage":"ru-RU","potentialAction":[{"@type":"ReadAction","target":["https:\/\/sybir.bialystok.pl\/ru\/politykaprywatnosci\/"]}]},{"@type":"BreadcrumbList","@id":"https:\/\/sybir.bialystok.pl\/ru\/politykaprywatnosci\/#breadcrumb","itemListElement":[{"@type":"ListItem","position":1,"name":"\u0414\u043e\u043c","item":"https:\/\/sybir.bialystok.pl\/ru\/"},{"@type":"ListItem","position":2,"name":"Polityka prywatno\u015bci"}]},{"@type":"WebSite","@id":"https:\/\/sybir.bialystok.pl\/ru\/#website","url":"https:\/\/sybir.bialystok.pl\/ru\/","name":"Muzeum Pami\u0119ci Sybiru","description":"Muzeum Pami\u0119ci Sybiru jest po\u015bwi\u0119cone ludziom, kt\u00f3rzy od ko\u0144ca XVI a\u017c do po\u0142owy XX wieku byli niewoleni i zsy\u0142ani w g\u0142\u0105b Rosji, a p\u00f3\u017aniej Zwi\u0105zku Sowieckiego, jak te\u017c tym, kt\u00f3rzy pod\u0105\u017cali tam dobrowolnie.","potentialAction":[{"@type":"SearchAction","target":{"@type":"EntryPoint","urlTemplate":"https:\/\/sybir.bialystok.pl\/ru\/?s={search_term_string}"},"query-input":{"@type":"PropertyValueSpecification","valueRequired":true,"valueName":"search_term_string"}}],"inLanguage":"ru-RU"}]}},"_links":{"self":[{"href":"https:\/\/sybir.bialystok.pl\/ru\/wp-json\/wp\/v2\/pages\/6258","targetHints":{"allow":["GET"]}}],"collection":[{"href":"https:\/\/sybir.bialystok.pl\/ru\/wp-json\/wp\/v2\/pages"}],"about":[{"href":"https:\/\/sybir.bialystok.pl\/ru\/wp-json\/wp\/v2\/types\/page"}],"author":[{"embeddable":true,"href":"https:\/\/sybir.bialystok.pl\/ru\/wp-json\/wp\/v2\/users\/1"}],"replies":[{"embeddable":true,"href":"https:\/\/sybir.bialystok.pl\/ru\/wp-json\/wp\/v2\/comments?post=6258"}],"version-history":[{"count":3,"href":"https:\/\/sybir.bialystok.pl\/ru\/wp-json\/wp\/v2\/pages\/6258\/revisions"}],"predecessor-version":[{"id":24760,"href":"https:\/\/sybir.bialystok.pl\/ru\/wp-json\/wp\/v2\/pages\/6258\/revisions\/24760"}],"wp:attachment":[{"href":"https:\/\/sybir.bialystok.pl\/ru\/wp-json\/wp\/v2\/media?parent=6258"}],"curies":[{"name":"wp","href":"https:\/\/api.w.org\/{rel}","templated":true}]}}