{"id":6253,"date":"2021-02-15T13:31:59","date_gmt":"2021-02-15T12:31:59","guid":{"rendered":"https:\/\/sybir.bialystok.pl\/partnerzy\/"},"modified":"2021-08-19T13:57:40","modified_gmt":"2021-08-19T11:57:40","slug":"%d0%bf%d0%b0%d1%80%d1%82%d0%bd%d1%91%d1%80%d1%8b","status":"publish","type":"page","link":"https:\/\/sybir.bialystok.pl\/ru\/%d0%bf%d0%b0%d1%80%d1%82%d0%bd%d1%91%d1%80%d1%8b\/","title":{"rendered":"\u041f\u0430\u0440\u0442\u043d\u0451\u0440\u044b"},"content":{"rendered":"\n<figure class=\"wp-block-gallery columns-1 is-cropped wp-block-gallery-1 is-layout-flex wp-block-gallery-is-layout-flex\"><ul class=\"blocks-gallery-grid\"><li class=\"blocks-gallery-item\"><figure><a href=\"https:\/\/sybir.bialystok.pl\/wp-content\/uploads\/2021\/04\/IMG_4167-scaled.jpg\"><img loading=\"lazy\" decoding=\"async\" width=\"1024\" height=\"686\" src=\"https:\/\/sybir.bialystok.pl\/wp-content\/uploads\/2021\/04\/IMG_4167-1024x686.jpg\" alt=\"\" data-id=\"3342\" data-full-url=\"https:\/\/sybir.bialystok.pl\/wp-content\/uploads\/2021\/04\/IMG_4167-scaled.jpg\" data-link=\"https:\/\/sybir.bialystok.pl\/partnerzy\/img_4167\/\" class=\"wp-image-3342\" srcset=\"https:\/\/sybir.bialystok.pl\/wp-content\/uploads\/2021\/04\/IMG_4167-1024x686.jpg 1024w, https:\/\/sybir.bialystok.pl\/wp-content\/uploads\/2021\/04\/IMG_4167-300x201.jpg 300w, https:\/\/sybir.bialystok.pl\/wp-content\/uploads\/2021\/04\/IMG_4167-768x514.jpg 768w, https:\/\/sybir.bialystok.pl\/wp-content\/uploads\/2021\/04\/IMG_4167-1536x1028.jpg 1536w, https:\/\/sybir.bialystok.pl\/wp-content\/uploads\/2021\/04\/IMG_4167-2048x1371.jpg 2048w\" sizes=\"auto, (max-width: 1024px) 100vw, 1024px\" \/><\/a><\/figure><\/li><\/ul><\/figure>\n\n\n\n<p>\u041f\u043e\u0434\u0434\u0435\u0440\u0436\u043a\u0430 \u043d\u0430\u0448\u0438\u0445 \u0431\u043b\u0430\u0433\u043e\u0442\u0432\u043e\u0440\u0438\u0442\u0435\u043b\u0435\u0439 \u0438 \u043f\u0430\u0440\u0442\u043d\u0435\u0440\u043e\u0432 \u0441\u043f\u043e\u0441\u043e\u0431\u0441\u0442\u0432\u043e\u0432\u0430\u043b\u0430 \u043c\u043d\u043e\u0433\u0438\u043c \u043c\u0435\u0440\u043e\u043f\u0440\u0438\u044f\u0442\u0438\u044f\u043c \u0432 \u0440\u0430\u043c\u043a\u0430\u0445 \u0441\u043e\u0437\u0434\u0430\u043d\u0438\u044f \u041c\u0443\u0437\u0435\u044f \u043f\u0430\u043c\u044f\u0442\u0438 \u0421\u0438\u0431\u0438\u0440\u0438, \u0432 \u0442\u043e\u043c \u0447\u0438\u0441\u043b\u0435:<\/p>\n\n\n\n<ul class=\"wp-block-list\"><li>\u0441\u043e\u0442\u043d\u0438 \u044d\u043a\u0441\u043f\u043e\u043d\u0430\u0442\u043e\u0432 \u0431\u044b\u043b\u0438 \u043f\u0440\u0438\u043e\u0431\u0440\u0435\u0442\u0435\u043d\u044b \u0438 \u043e\u0431\u0435\u0441\u043f\u0435\u0447\u0435\u043d\u044b \u0432 \u0440\u0430\u043c\u043a\u0430\u0445 \u0438\u0441\u0442\u043e\u0440\u0438\u0438 \u043f\u0440\u0438\u0441\u0443\u0442\u0441\u0442\u0432\u0438\u044f \u043f\u043e\u043b\u044f\u043a\u043e\u0432 \u0432 \u0421\u0438\u0431\u0438\u0440\u0438;<\/li><li>\u0437\u0430\u0432\u0435\u0440\u0448\u0438\u043b\u0430\u0441\u044c \u0440\u0430\u0431\u043e\u0442\u0430 \u043d\u0430\u0434 \u043f\u043e\u0441\u0442\u043e\u044f\u043d\u043d\u043e\u0439 \u044d\u043a\u0441\u043f\u043e\u0437\u0438\u0446\u0438\u0435\u0439 \u041c\u0443\u0437\u0435\u044f \u043f\u0430\u043c\u044f\u0442\u0438 \u0421\u0438\u0431\u0438\u0440\u0438;<\/li><li>\u0431\u044b\u043b\u0438 \u043f\u043e\u0434\u0433\u043e\u0442\u043e\u0432\u043b\u0435\u043d\u044b \u0440\u0430\u0437\u043b\u0438\u0447\u043d\u044b\u0435 \u043a\u0443\u043b\u044c\u0442\u0443\u0440\u043d\u044b\u0435 \u043f\u0440\u0435\u0434\u043b\u043e\u0436\u0435\u043d\u0438\u044f \u0432 \u0441\u043e\u043e\u0442\u0432\u0435\u0442\u0441\u0442\u0432\u0438\u0438 \u0441 \u0432\u043e\u0437\u0440\u0430\u0441\u0442\u043e\u043c \u0438 \u0438\u043d\u0442\u0435\u0440\u0435\u0441\u0430\u043c\u0438 \u043f\u043e\u0441\u0435\u0442\u0438\u0442\u0435\u043b\u0435\u0439;<\/li><li>\u0441\u043e\u0442\u0440\u0443\u0434\u043d\u0438\u0447\u0435\u0441\u0442\u0432\u043e \u0441 \u043c\u043d\u043e\u0433\u0438\u043c\u0438 \u0434\u0440\u0443\u0436\u0435\u0441\u0442\u0432\u0435\u043d\u043d\u044b\u043c\u0438 \u0443\u0447\u0440\u0435\u0436\u0434\u0435\u043d\u0438\u044f\u043c\u0438 \u043a\u0430\u043a \u0432 \u0441\u0442\u0440\u0430\u043d\u0435, \u0442\u0430\u043a \u0438 \u0437\u0430 \u0440\u0443\u0431\u0435\u0436\u043e\u043c, \u0432 \u0442\u043e\u043c \u0447\u0438\u0441\u043b\u0435 c \u041d\u0430\u0446\u0438\u043e\u043d\u0430\u043b\u044c\u043d\u044b\u043c \u0430\u0440\u0445\u0438\u0432\u043e\u043c, \u041d\u0430\u0446\u0438\u043e\u043d\u0430\u043b\u044c\u043d\u044b\u043c \u0446\u0438\u0444\u0440\u043e\u0432\u044b\u043c \u0430\u0440\u0445\u0438\u0432\u043e\u043c, \u0424\u043e\u043d\u0434\u043e\u043c \u041c\u0443\u0437\u0435\u044f \u043f\u0430\u043c\u044f\u0442\u0438 2. \u041f\u043e\u043b\u044c\u0441\u043a\u043e\u0433\u043e \u043a\u043e\u0440\u043f\u0443\u0441\u0430 \u0432 \u041c\u043e\u043d\u0442\u0435-\u041a\u0430\u0441\u0441\u0438\u043d\u043e, \u0410\u0441\u0441\u043e\u0446\u0438\u0430\u0446\u0438e\u0439 \u043f\u043e\u043b\u044c\u0441\u043a\u0438\u0445 \u0432\u0435\u0442\u0435\u0440\u0430\u043d\u043e\u0432 \u0432 \u0410\u0440\u0433\u0435\u043d\u0442\u0438\u043d\u0435, \u0421\u043b\u0430\u0432\u044f\u043d\u0441\u043ao\u0439 \u0431\u0438\u0431\u043b\u0438\u043e\u0442\u0435\u043ao\u0439 \u0432 \u041f\u0440\u0430\u0433\u0435;<\/li><li>\u0431\u044b\u043b \u043f\u0440\u043e\u0432\u0435\u0434\u0451\u043d \u0440\u044f\u0434 \u0446\u0438\u043a\u043b\u0438\u0447\u0435\u0441\u043a\u0438\u0445 \u043c\u0435\u0440\u043e\u043f\u0440\u0438\u044f\u0442\u0438\u0439: \u0411\u0435\u0433 \u043f\u0430\u043c\u044f\u0442\u0438 \u0421\u0438\u0431\u0438\u0440\u0438, \u0430\u043a\u0446\u0438\u044f \u00ab\u0421\u0432\u0435\u0442 \u043f\u0430\u043c\u044f\u0442\u0438\u00bb, \u041f\u0435\u043b\u043e\u0442\u043e\u043d \u043f\u0430\u043c\u044f\u0442\u0438 17.09 \u0438\u043b\u0438 \u0441\u0435\u0440\u0438\u044f \u0432\u0441\u0442\u0440\u0435\u0447 \u00ab\u041d\u0430\u043f\u0440\u0430\u0432\u043b\u0435\u043d\u0438\u0435 &#8212; \u043c\u0443\u0437\u0435\u0439\u00bb.<br><br><\/li><\/ul>\n\n\n\n<figure class=\"wp-block-gallery columns-3 is-cropped wp-block-gallery-2 is-layout-flex wp-block-gallery-is-layout-flex\"><ul class=\"blocks-gallery-grid\"><li class=\"blocks-gallery-item\"><figure><a href=\"https:\/\/sybir.bialystok.pl\/wp-content\/uploads\/2021\/04\/DSC_0071-1024x683.jpg\"><img loading=\"lazy\" decoding=\"async\" width=\"1024\" height=\"683\" src=\"https:\/\/sybir.bialystok.pl\/wp-content\/uploads\/2021\/04\/DSC_0071-1024x683.jpg\" alt=\"\" data-id=\"3345\" data-link=\"https:\/\/sybir.bialystok.pl\/partnerzy\/dsc_0071\/\" class=\"wp-image-3345\" srcset=\"https:\/\/sybir.bialystok.pl\/wp-content\/uploads\/2021\/04\/DSC_0071-1024x683.jpg 1024w, https:\/\/sybir.bialystok.pl\/wp-content\/uploads\/2021\/04\/DSC_0071-300x200.jpg 300w, https:\/\/sybir.bialystok.pl\/wp-content\/uploads\/2021\/04\/DSC_0071-768x512.jpg 768w, https:\/\/sybir.bialystok.pl\/wp-content\/uploads\/2021\/04\/DSC_0071-1536x1024.jpg 1536w, https:\/\/sybir.bialystok.pl\/wp-content\/uploads\/2021\/04\/DSC_0071-2048x1365.jpg 2048w\" sizes=\"auto, (max-width: 1024px) 100vw, 1024px\" \/><\/a><\/figure><\/li><li class=\"blocks-gallery-item\"><figure><a href=\"https:\/\/sybir.bialystok.pl\/wp-content\/uploads\/2021\/04\/DSC_0154-1024x683.jpg\"><img loading=\"lazy\" decoding=\"async\" width=\"1024\" height=\"683\" src=\"https:\/\/sybir.bialystok.pl\/wp-content\/uploads\/2021\/04\/DSC_0154-1024x683.jpg\" alt=\"\" data-id=\"3388\" data-link=\"https:\/\/sybir.bialystok.pl\/partnerzy\/dsc_0154\/\" class=\"wp-image-3388\" srcset=\"https:\/\/sybir.bialystok.pl\/wp-content\/uploads\/2021\/04\/DSC_0154-1024x683.jpg 1024w, https:\/\/sybir.bialystok.pl\/wp-content\/uploads\/2021\/04\/DSC_0154-300x200.jpg 300w, https:\/\/sybir.bialystok.pl\/wp-content\/uploads\/2021\/04\/DSC_0154-768x512.jpg 768w, https:\/\/sybir.bialystok.pl\/wp-content\/uploads\/2021\/04\/DSC_0154-1536x1024.jpg 1536w, https:\/\/sybir.bialystok.pl\/wp-content\/uploads\/2021\/04\/DSC_0154-2048x1365.jpg 2048w\" sizes=\"auto, (max-width: 1024px) 100vw, 1024px\" \/><\/a><\/figure><\/li><li class=\"blocks-gallery-item\"><figure><a href=\"https:\/\/sybir.bialystok.pl\/wp-content\/uploads\/2021\/04\/20181210_105053-scaled.jpg\"><img loading=\"lazy\" decoding=\"async\" width=\"1024\" height=\"768\" src=\"https:\/\/sybir.bialystok.pl\/wp-content\/uploads\/2021\/04\/20181210_105053-1024x768.jpg\" alt=\"\" data-id=\"3391\" data-full-url=\"https:\/\/sybir.bialystok.pl\/wp-content\/uploads\/2021\/04\/20181210_105053-scaled.jpg\" data-link=\"https:\/\/sybir.bialystok.pl\/partnerzy\/20181210_105053\/\" class=\"wp-image-3391\" srcset=\"https:\/\/sybir.bialystok.pl\/wp-content\/uploads\/2021\/04\/20181210_105053-1024x768.jpg 1024w, https:\/\/sybir.bialystok.pl\/wp-content\/uploads\/2021\/04\/20181210_105053-300x225.jpg 300w, https:\/\/sybir.bialystok.pl\/wp-content\/uploads\/2021\/04\/20181210_105053-768x576.jpg 768w, https:\/\/sybir.bialystok.pl\/wp-content\/uploads\/2021\/04\/20181210_105053-1536x1152.jpg 1536w, https:\/\/sybir.bialystok.pl\/wp-content\/uploads\/2021\/04\/20181210_105053-2048x1536.jpg 2048w\" sizes=\"auto, (max-width: 1024px) 100vw, 1024px\" \/><\/a><\/figure><\/li><\/ul><\/figure>\n\n\n\n<p class=\"has-text-align-left\"><br><strong>\u041f\u0430\u0440\u0442\u043d\u0451\u0440\u044b \u043f\u043e\u0441\u0442\u043e\u044f\u043d\u043d\u043e\u0439 \u0432\u044b\u0441\u0442\u0430\u0432\u043a\u0438 \u041c\u0443\u0437\u0435\u044f \u043f\u0430\u043c\u044f\u0442\u0438 \u0421\u0438\u0431\u0438\u0440\u0438<\/strong><\/p>\n\n\n\n<div class=\"wp-block-image\"><figure class=\"alignleft size-medium is-resized\"><a href=\"https:\/\/www.nac.gov.pl\/\"><img loading=\"lazy\" decoding=\"async\" src=\"https:\/\/sybir.bialystok.pl\/wp-content\/uploads\/2021\/03\/logo-NAC-PL-poziom_CMYK-300x158.jpg\" alt=\"\" class=\"wp-image-1914\" width=\"150\" height=\"79\" srcset=\"https:\/\/sybir.bialystok.pl\/wp-content\/uploads\/2021\/03\/logo-NAC-PL-poziom_CMYK-300x158.jpg 300w, https:\/\/sybir.bialystok.pl\/wp-content\/uploads\/2021\/03\/logo-NAC-PL-poziom_CMYK-1024x538.jpg 1024w, https:\/\/sybir.bialystok.pl\/wp-content\/uploads\/2021\/03\/logo-NAC-PL-poziom_CMYK-768x403.jpg 768w, https:\/\/sybir.bialystok.pl\/wp-content\/uploads\/2021\/03\/logo-NAC-PL-poziom_CMYK-1536x807.jpg 1536w, https:\/\/sybir.bialystok.pl\/wp-content\/uploads\/2021\/03\/logo-NAC-PL-poziom_CMYK.jpg 1805w\" sizes=\"auto, (max-width: 150px) 100vw, 150px\" \/><\/a><\/figure><\/div>\n\n\n\n<p class=\"has-text-align-center\" style=\"font-size:14px\">          \u041d\u0430\u0446\u0438\u043e\u043d\u0430\u043b\u044c\u043d\u044b\u0439 \u0430\u0440\u0445\u0438\u0432 \u0438 \u041d\u0430\u0446\u0438\u043e\u043d\u0430\u043b\u044c\u043d\u044b\u0439 \u0446\u0438\u0444\u0440\u043e\u0432\u043e\u0439 \u0430\u0440\u0445\u0438\u0432<br><br><br><\/p>\n\n\n\n<hr class=\"wp-block-separator\"\/>\n\n\n\n<p><\/p>\n\n\n\n<div class=\"wp-block-image is-style-default\"><figure class=\"alignleft size-medium is-resized\"><a href=\"https:\/\/www.fondazionemm2c.org\/pl\/la-storia-del-museo\/\"><img loading=\"lazy\" decoding=\"async\" src=\"https:\/\/sybir.bialystok.pl\/wp-content\/uploads\/2021\/03\/logo-pl-300x141.png\" alt=\"\" class=\"wp-image-1969\" width=\"150\" height=\"71\" srcset=\"https:\/\/sybir.bialystok.pl\/wp-content\/uploads\/2021\/03\/logo-pl-300x141.png 300w, https:\/\/sybir.bialystok.pl\/wp-content\/uploads\/2021\/03\/logo-pl.png 384w\" sizes=\"auto, (max-width: 150px) 100vw, 150px\" \/><\/a><\/figure><\/div>\n\n\n\n<p class=\"has-text-align-center\" style=\"font-size:14px\">         \u041c\u0443\u0437\u0435\u0439 \u043f\u0430\u043c\u044f\u0442\u0438 2. \u041f\u043e\u043b\u044c\u0441\u043a\u043e\u0433\u043e \u043a\u043e\u0440\u043f\u0443\u0441\u0430 \u0432 \u041c\u043e\u043d\u0442\u0435-\u041a\u0430\u0441\u0441\u0438\u043d\u043e<\/p>\n\n\n\n<p><br><\/p>\n\n\n\n<hr class=\"wp-block-separator\"\/>\n\n\n\n<p class=\"has-text-align-left\"><\/p>\n\n\n\n<p class=\"has-text-align-left\"><strong>\u0421\u043e\u0442\u0440\u0443\u0434\u043d\u0438\u0447\u0435\u0441\u0442\u0432\u043e \u043d\u0430\u0434 \u0446\u0438\u043a\u043b\u0438\u0447\u0435\u0441\u043a\u0438\u043c\u0438 \u043c\u0435\u0440\u043e\u043f\u0440\u0438\u044f\u0442\u0438\u044f\u043c\u0438<\/strong><\/p>\n\n\n\n<div class=\"wp-block-image\"><figure class=\"alignleft size-medium is-resized\"><a href=\"https:\/\/bialystokbiega.pl\/\"><img loading=\"lazy\" decoding=\"async\" src=\"https:\/\/sybir.bialystok.pl\/wp-content\/uploads\/2021\/03\/FBB_LOGO-298x300.jpg\" alt=\"\" class=\"wp-image-1988\" width=\"75\" height=\"75\" srcset=\"https:\/\/sybir.bialystok.pl\/wp-content\/uploads\/2021\/03\/FBB_LOGO-298x300.jpg 298w, https:\/\/sybir.bialystok.pl\/wp-content\/uploads\/2021\/03\/FBB_LOGO-1016x1024.jpg 1016w, https:\/\/sybir.bialystok.pl\/wp-content\/uploads\/2021\/03\/FBB_LOGO-150x150.jpg 150w, https:\/\/sybir.bialystok.pl\/wp-content\/uploads\/2021\/03\/FBB_LOGO-768x774.jpg 768w, https:\/\/sybir.bialystok.pl\/wp-content\/uploads\/2021\/03\/FBB_LOGO-1524x1536.jpg 1524w, https:\/\/sybir.bialystok.pl\/wp-content\/uploads\/2021\/03\/FBB_LOGO.jpg 1896w\" sizes=\"auto, (max-width: 75px) 100vw, 75px\" \/><\/a><\/figure><\/div>\n\n\n\n<p class=\"has-text-align-center\" style=\"font-size:14px\">                               \u0424\u043e\u043d\u0434 \u00ab\u0411\u0435\u043b\u043e\u0441\u0442\u043e\u043a \u0411\u0435\u0433\u0430\u0435\u0442\u00bb<\/p>\n\n\n\n<p><br><\/p>\n\n\n\n<hr class=\"wp-block-separator\"\/>\n","protected":false},"excerpt":{"rendered":"<p>\u041f\u043e\u0441\u043c\u043e\u0442\u0440\u0438\u0442\u0435, \u0447\u0435\u0433\u043e \u043c\u044b \u0434\u043e\u0441\u0442\u0438\u0433\u043b\u0438 \u0431\u043b\u0430\u0433\u043e\u0434\u0430\u0440\u044f \u0434\u043e\u043b\u0433\u043e\u0441\u0440\u043e\u0447\u043d\u043e\u043c\u0443 \u0441\u043e\u0442\u0440\u0443\u0434\u043d\u0438\u0447\u0435\u0441\u0442\u0432\u0443.<\/p>\n","protected":false},"author":2,"featured_media":1249,"parent":0,"menu_order":0,"comment_status":"closed","ping_status":"closed","template":"","meta":{"_acf_changed":false,"_editorskit_title_hidden":false,"_editorskit_reading_time":0,"_editorskit_is_block_options_detached":false,"_editorskit_block_options_position":"{}","footnotes":""},"class_list":["post-6253","page","type-page","status-publish","has-post-thumbnail","hentry"],"acf":[],"yoast_head":"<!-- This site is optimized with the Yoast SEO plugin v24.6 - https:\/\/yoast.com\/wordpress\/plugins\/seo\/ -->\n<title>\u041f\u0430\u0440\u0442\u043d\u0451\u0440\u044b - Muzeum Pami\u0119ci Sybiru<\/title>\n<meta name=\"robots\" content=\"index, follow, max-snippet:-1, max-image-preview:large, max-video-preview:-1\" \/>\n<link rel=\"canonical\" href=\"https:\/\/sybir.bialystok.pl\/ru\/%d0%bf%d0%b0%d1%80%d1%82%d0%bd%d1%91%d1%80%d1%8b\/\" \/>\n<meta property=\"og:locale\" content=\"ru_RU\" \/>\n<meta property=\"og:type\" content=\"article\" \/>\n<meta property=\"og:title\" content=\"\u041f\u0430\u0440\u0442\u043d\u0451\u0440\u044b - Muzeum Pami\u0119ci Sybiru\" \/>\n<meta property=\"og:description\" content=\"\u041f\u043e\u0441\u043c\u043e\u0442\u0440\u0438\u0442\u0435, \u0447\u0435\u0433\u043e \u043c\u044b \u0434\u043e\u0441\u0442\u0438\u0433\u043b\u0438 \u0431\u043b\u0430\u0433\u043e\u0434\u0430\u0440\u044f \u0434\u043e\u043b\u0433\u043e\u0441\u0440\u043e\u0447\u043d\u043e\u043c\u0443 \u0441\u043e\u0442\u0440\u0443\u0434\u043d\u0438\u0447\u0435\u0441\u0442\u0432\u0443.\" \/>\n<meta property=\"og:url\" content=\"https:\/\/sybir.bialystok.pl\/ru\/%d0%bf%d0%b0%d1%80%d1%82%d0%bd%d1%91%d1%80%d1%8b\/\" \/>\n<meta property=\"og:site_name\" content=\"Muzeum Pami\u0119ci Sybiru\" \/>\n<meta property=\"article:modified_time\" content=\"2021-08-19T11:57:40+00:00\" \/>\n<meta property=\"og:image\" content=\"https:\/\/sybir.bialystok.pl\/wp-content\/uploads\/2021\/02\/Projekt-bez-tytu\u0142u-56.png\" \/>\n\t<meta property=\"og:image:width\" content=\"1136\" \/>\n\t<meta property=\"og:image:height\" content=\"704\" \/>\n\t<meta property=\"og:image:type\" content=\"image\/png\" \/>\n<meta name=\"twitter:card\" content=\"summary_large_image\" \/>\n<meta name=\"twitter:label1\" content=\"\u041f\u0440\u0438\u043c\u0435\u0440\u043d\u043e\u0435 \u0432\u0440\u0435\u043c\u044f \u0434\u043b\u044f \u0447\u0442\u0435\u043d\u0438\u044f\" \/>\n\t<meta name=\"twitter:data1\" content=\"2 \u043c\u0438\u043d\u0443\u0442\u044b\" \/>\n<script type=\"application\/ld+json\" class=\"yoast-schema-graph\">{\"@context\":\"https:\/\/schema.org\",\"@graph\":[{\"@type\":\"WebPage\",\"@id\":\"https:\/\/sybir.bialystok.pl\/ru\/%d0%bf%d0%b0%d1%80%d1%82%d0%bd%d1%91%d1%80%d1%8b\/\",\"url\":\"https:\/\/sybir.bialystok.pl\/ru\/%d0%bf%d0%b0%d1%80%d1%82%d0%bd%d1%91%d1%80%d1%8b\/\",\"name\":\"\u041f\u0430\u0440\u0442\u043d\u0451\u0440\u044b - Muzeum Pami\u0119ci Sybiru\",\"isPartOf\":{\"@id\":\"https:\/\/sybir.bialystok.pl\/ru\/#website\"},\"primaryImageOfPage\":{\"@id\":\"https:\/\/sybir.bialystok.pl\/ru\/%d0%bf%d0%b0%d1%80%d1%82%d0%bd%d1%91%d1%80%d1%8b\/#primaryimage\"},\"image\":{\"@id\":\"https:\/\/sybir.bialystok.pl\/ru\/%d0%bf%d0%b0%d1%80%d1%82%d0%bd%d1%91%d1%80%d1%8b\/#primaryimage\"},\"thumbnailUrl\":\"https:\/\/sybir.bialystok.pl\/wp-content\/uploads\/2021\/02\/Projekt-bez-tytu\u0142u-56.png\",\"datePublished\":\"2021-02-15T12:31:59+00:00\",\"dateModified\":\"2021-08-19T11:57:40+00:00\",\"breadcrumb\":{\"@id\":\"https:\/\/sybir.bialystok.pl\/ru\/%d0%bf%d0%b0%d1%80%d1%82%d0%bd%d1%91%d1%80%d1%8b\/#breadcrumb\"},\"inLanguage\":\"ru-RU\",\"potentialAction\":[{\"@type\":\"ReadAction\",\"target\":[\"https:\/\/sybir.bialystok.pl\/ru\/%d0%bf%d0%b0%d1%80%d1%82%d0%bd%d1%91%d1%80%d1%8b\/\"]}]},{\"@type\":\"ImageObject\",\"inLanguage\":\"ru-RU\",\"@id\":\"https:\/\/sybir.bialystok.pl\/ru\/%d0%bf%d0%b0%d1%80%d1%82%d0%bd%d1%91%d1%80%d1%8b\/#primaryimage\",\"url\":\"https:\/\/sybir.bialystok.pl\/wp-content\/uploads\/2021\/02\/Projekt-bez-tytu\u0142u-56.png\",\"contentUrl\":\"https:\/\/sybir.bialystok.pl\/wp-content\/uploads\/2021\/02\/Projekt-bez-tytu\u0142u-56.png\",\"width\":1136,\"height\":704},{\"@type\":\"BreadcrumbList\",\"@id\":\"https:\/\/sybir.bialystok.pl\/ru\/%d0%bf%d0%b0%d1%80%d1%82%d0%bd%d1%91%d1%80%d1%8b\/#breadcrumb\",\"itemListElement\":[{\"@type\":\"ListItem\",\"position\":1,\"name\":\"\u0414\u043e\u043c\",\"item\":\"https:\/\/sybir.bialystok.pl\/ru\/\"},{\"@type\":\"ListItem\",\"position\":2,\"name\":\"\u041f\u0430\u0440\u0442\u043d\u0451\u0440\u044b\"}]},{\"@type\":\"WebSite\",\"@id\":\"https:\/\/sybir.bialystok.pl\/ru\/#website\",\"url\":\"https:\/\/sybir.bialystok.pl\/ru\/\",\"name\":\"Muzeum Pami\u0119ci Sybiru\",\"description\":\"Muzeum Pami\u0119ci Sybiru jest po\u015bwi\u0119cone ludziom, kt\u00f3rzy od ko\u0144ca XVI a\u017c do po\u0142owy XX wieku byli niewoleni i zsy\u0142ani w g\u0142\u0105b Rosji, a p\u00f3\u017aniej Zwi\u0105zku Sowieckiego, jak te\u017c tym, kt\u00f3rzy pod\u0105\u017cali tam dobrowolnie.\",\"potentialAction\":[{\"@type\":\"SearchAction\",\"target\":{\"@type\":\"EntryPoint\",\"urlTemplate\":\"https:\/\/sybir.bialystok.pl\/ru\/?s={search_term_string}\"},\"query-input\":{\"@type\":\"PropertyValueSpecification\",\"valueRequired\":true,\"valueName\":\"search_term_string\"}}],\"inLanguage\":\"ru-RU\"}]}<\/script>\n<!-- \/ Yoast SEO plugin. -->","yoast_head_json":{"title":"\u041f\u0430\u0440\u0442\u043d\u0451\u0440\u044b - Muzeum Pami\u0119ci Sybiru","robots":{"index":"index","follow":"follow","max-snippet":"max-snippet:-1","max-image-preview":"max-image-preview:large","max-video-preview":"max-video-preview:-1"},"canonical":"https:\/\/sybir.bialystok.pl\/ru\/%d0%bf%d0%b0%d1%80%d1%82%d0%bd%d1%91%d1%80%d1%8b\/","og_locale":"ru_RU","og_type":"article","og_title":"\u041f\u0430\u0440\u0442\u043d\u0451\u0440\u044b - Muzeum Pami\u0119ci Sybiru","og_description":"\u041f\u043e\u0441\u043c\u043e\u0442\u0440\u0438\u0442\u0435, \u0447\u0435\u0433\u043e \u043c\u044b \u0434\u043e\u0441\u0442\u0438\u0433\u043b\u0438 \u0431\u043b\u0430\u0433\u043e\u0434\u0430\u0440\u044f \u0434\u043e\u043b\u0433\u043e\u0441\u0440\u043e\u0447\u043d\u043e\u043c\u0443 \u0441\u043e\u0442\u0440\u0443\u0434\u043d\u0438\u0447\u0435\u0441\u0442\u0432\u0443.","og_url":"https:\/\/sybir.bialystok.pl\/ru\/%d0%bf%d0%b0%d1%80%d1%82%d0%bd%d1%91%d1%80%d1%8b\/","og_site_name":"Muzeum Pami\u0119ci Sybiru","article_modified_time":"2021-08-19T11:57:40+00:00","og_image":[{"width":1136,"height":704,"url":"https:\/\/sybir.bialystok.pl\/wp-content\/uploads\/2021\/02\/Projekt-bez-tytu\u0142u-56.png","type":"image\/png"}],"twitter_card":"summary_large_image","twitter_misc":{"\u041f\u0440\u0438\u043c\u0435\u0440\u043d\u043e\u0435 \u0432\u0440\u0435\u043c\u044f \u0434\u043b\u044f \u0447\u0442\u0435\u043d\u0438\u044f":"2 \u043c\u0438\u043d\u0443\u0442\u044b"},"schema":{"@context":"https:\/\/schema.org","@graph":[{"@type":"WebPage","@id":"https:\/\/sybir.bialystok.pl\/ru\/%d0%bf%d0%b0%d1%80%d1%82%d0%bd%d1%91%d1%80%d1%8b\/","url":"https:\/\/sybir.bialystok.pl\/ru\/%d0%bf%d0%b0%d1%80%d1%82%d0%bd%d1%91%d1%80%d1%8b\/","name":"\u041f\u0430\u0440\u0442\u043d\u0451\u0440\u044b - Muzeum Pami\u0119ci Sybiru","isPartOf":{"@id":"https:\/\/sybir.bialystok.pl\/ru\/#website"},"primaryImageOfPage":{"@id":"https:\/\/sybir.bialystok.pl\/ru\/%d0%bf%d0%b0%d1%80%d1%82%d0%bd%d1%91%d1%80%d1%8b\/#primaryimage"},"image":{"@id":"https:\/\/sybir.bialystok.pl\/ru\/%d0%bf%d0%b0%d1%80%d1%82%d0%bd%d1%91%d1%80%d1%8b\/#primaryimage"},"thumbnailUrl":"https:\/\/sybir.bialystok.pl\/wp-content\/uploads\/2021\/02\/Projekt-bez-tytu\u0142u-56.png","datePublished":"2021-02-15T12:31:59+00:00","dateModified":"2021-08-19T11:57:40+00:00","breadcrumb":{"@id":"https:\/\/sybir.bialystok.pl\/ru\/%d0%bf%d0%b0%d1%80%d1%82%d0%bd%d1%91%d1%80%d1%8b\/#breadcrumb"},"inLanguage":"ru-RU","potentialAction":[{"@type":"ReadAction","target":["https:\/\/sybir.bialystok.pl\/ru\/%d0%bf%d0%b0%d1%80%d1%82%d0%bd%d1%91%d1%80%d1%8b\/"]}]},{"@type":"ImageObject","inLanguage":"ru-RU","@id":"https:\/\/sybir.bialystok.pl\/ru\/%d0%bf%d0%b0%d1%80%d1%82%d0%bd%d1%91%d1%80%d1%8b\/#primaryimage","url":"https:\/\/sybir.bialystok.pl\/wp-content\/uploads\/2021\/02\/Projekt-bez-tytu\u0142u-56.png","contentUrl":"https:\/\/sybir.bialystok.pl\/wp-content\/uploads\/2021\/02\/Projekt-bez-tytu\u0142u-56.png","width":1136,"height":704},{"@type":"BreadcrumbList","@id":"https:\/\/sybir.bialystok.pl\/ru\/%d0%bf%d0%b0%d1%80%d1%82%d0%bd%d1%91%d1%80%d1%8b\/#breadcrumb","itemListElement":[{"@type":"ListItem","position":1,"name":"\u0414\u043e\u043c","item":"https:\/\/sybir.bialystok.pl\/ru\/"},{"@type":"ListItem","position":2,"name":"\u041f\u0430\u0440\u0442\u043d\u0451\u0440\u044b"}]},{"@type":"WebSite","@id":"https:\/\/sybir.bialystok.pl\/ru\/#website","url":"https:\/\/sybir.bialystok.pl\/ru\/","name":"Muzeum Pami\u0119ci Sybiru","description":"Muzeum Pami\u0119ci Sybiru jest po\u015bwi\u0119cone ludziom, kt\u00f3rzy od ko\u0144ca XVI a\u017c do po\u0142owy XX wieku byli niewoleni i zsy\u0142ani w g\u0142\u0105b Rosji, a p\u00f3\u017aniej Zwi\u0105zku Sowieckiego, jak te\u017c tym, kt\u00f3rzy pod\u0105\u017cali tam dobrowolnie.","potentialAction":[{"@type":"SearchAction","target":{"@type":"EntryPoint","urlTemplate":"https:\/\/sybir.bialystok.pl\/ru\/?s={search_term_string}"},"query-input":{"@type":"PropertyValueSpecification","valueRequired":true,"valueName":"search_term_string"}}],"inLanguage":"ru-RU"}]}},"_links":{"self":[{"href":"https:\/\/sybir.bialystok.pl\/ru\/wp-json\/wp\/v2\/pages\/6253","targetHints":{"allow":["GET"]}}],"collection":[{"href":"https:\/\/sybir.bialystok.pl\/ru\/wp-json\/wp\/v2\/pages"}],"about":[{"href":"https:\/\/sybir.bialystok.pl\/ru\/wp-json\/wp\/v2\/types\/page"}],"author":[{"embeddable":true,"href":"https:\/\/sybir.bialystok.pl\/ru\/wp-json\/wp\/v2\/users\/2"}],"replies":[{"embeddable":true,"href":"https:\/\/sybir.bialystok.pl\/ru\/wp-json\/wp\/v2\/comments?post=6253"}],"version-history":[{"count":2,"href":"https:\/\/sybir.bialystok.pl\/ru\/wp-json\/wp\/v2\/pages\/6253\/revisions"}],"predecessor-version":[{"id":6889,"href":"https:\/\/sybir.bialystok.pl\/ru\/wp-json\/wp\/v2\/pages\/6253\/revisions\/6889"}],"wp:featuredmedia":[{"embeddable":true,"href":"https:\/\/sybir.bialystok.pl\/ru\/wp-json\/wp\/v2\/media\/1249"}],"wp:attachment":[{"href":"https:\/\/sybir.bialystok.pl\/ru\/wp-json\/wp\/v2\/media?parent=6253"}],"curies":[{"name":"wp","href":"https:\/\/api.w.org\/{rel}","templated":true}]}}