{"id":6249,"date":"2021-02-15T13:30:47","date_gmt":"2021-02-15T12:30:47","guid":{"rendered":"https:\/\/sybir.bialystok.pl\/dla-mediow\/"},"modified":"2023-03-02T11:10:11","modified_gmt":"2023-03-02T10:10:11","slug":"%d0%b4%d0%bb%d1%8f-%d1%81%d0%bc%d0%b8","status":"publish","type":"page","link":"https:\/\/sybir.bialystok.pl\/ru\/%d0%b4%d0%bb%d1%8f-%d1%81%d0%bc%d0%b8\/","title":{"rendered":"\u0414\u043b\u044f \u0421\u041c\u0418"},"content":{"rendered":"\n<figure class=\"wp-block-gallery has-nested-images columns-default is-cropped wp-block-gallery-1 is-layout-flex wp-block-gallery-is-layout-flex\">\n<figure class=\"wp-block-image size-large\"><a href=\"https:\/\/sybir.bialystok.pl\/wp-content\/uploads\/2021\/05\/Budynek-MPS-2.jpeg\"><img loading=\"lazy\" decoding=\"async\" width=\"1024\" height=\"683\" data-id=\"5744\" src=\"https:\/\/sybir.bialystok.pl\/wp-content\/uploads\/2021\/05\/Budynek-MPS-2.jpeg\" alt=\"\" class=\"wp-image-5744\" srcset=\"https:\/\/sybir.bialystok.pl\/wp-content\/uploads\/2021\/05\/Budynek-MPS-2.jpeg 1024w, https:\/\/sybir.bialystok.pl\/wp-content\/uploads\/2021\/05\/Budynek-MPS-2-300x200.jpeg 300w, https:\/\/sybir.bialystok.pl\/wp-content\/uploads\/2021\/05\/Budynek-MPS-2-768x512.jpeg 768w\" sizes=\"auto, (max-width: 1024px) 100vw, 1024px\" \/><\/a><\/figure>\n<\/figure>\n\n\n\n<p>\u0414\u043b\u044f \u043f\u043e\u043b\u0443\u0447\u0435\u043d\u0438\u044f \u0438\u043d\u0444\u043e\u0440\u043c\u0430\u0446\u0438\u0438 \u043e \u043f\u0440\u0435\u0441\u0441-\u043c\u0430\u0442\u0435\u0440\u0438\u0430\u043bax \u0438 \u0441\u043e\u0442\u0440\u0443\u0434\u043d\u0438\u0447\u0435\u0441\u0442\u0432\u0435, \u043f\u043e\u0436\u0430\u043b\u0443\u0439\u0441\u0442\u0430, \u0441\u0432\u044f\u0436\u0438\u0442\u0435\u0441\u044c \u0441 \u043e\u0444\u0438\u0441\u043e\u043c \u043c\u0443\u0437\u0435\u044f:<\/p>\n\n\n\n<ul class=\"wp-block-list\">\n<li>tel:<strong> 85 672 36 05<\/strong><\/li>\n\n\n\n<li>e-mail:<strong> <a href=\"mailto:p.roman@sybir.bialystok.pl\">p.roman@sybir.bialystok.pl<\/a><\/strong><\/li>\n<\/ul>\n\n\n\n<p>\u0414\u043b\u044f \u0437\u0430\u043f\u0438\u0441\u0438 \u0437\u0432\u0443\u043a\u0430 \u0438 \u0438\u0437\u043e\u0431\u0440\u0430\u0436\u0435\u043d\u0438\u044f \u043d\u0430 \u0432\u044b\u0441\u0442\u0430\u0432\u043a\u0430\u0445 \u043d\u0435\u043e\u0431\u0445\u043e\u0434\u0438\u043c\u043e \u0441\u043e\u0433\u043b\u0430\u0441\u0438\u0435 \u0434\u0438\u0440\u0435\u043a\u0442\u043e\u0440\u0430 \u041c\u0443\u0437\u0435\u044f \u043f\u0430\u043c\u044f\u0442\u0438 \u0421\u0438\u0431\u0438\u0440\u0438.<\/p>\n\n\n\n<div style=\"height:25px\" aria-hidden=\"true\" class=\"wp-block-spacer\"><\/div>\n\n\n\n<p><strong>\u041b\u043e\u0433\u043e\u0442\u0438\u043f\u044b \u041c\u0443\u0437\u0435\u044f \u043f\u0430\u043c\u044f\u0442\u0438 \u0421\u0438\u0431\u0438\u0440\u0438 \u0434\u043b\u044f \u0441\u043a\u0430\u0447\u0438\u0432\u0430\u043d\u0438\u044f:<\/strong><\/p>\n\n\n\n<div class=\"wp-block-file\"><a id=\"wp-block-file--media-cfaee5ac-0623-45da-8497-575d5d286640\" href=\"https:\/\/sybir.bialystok.pl\/wp-content\/uploads\/2021\/05\/logo-5cm-z-polem.jpg\">5 cm \u043b\u043e\u0433\u043e\u0442\u0438\u043f<\/a><a href=\"https:\/\/sybir.bialystok.pl\/wp-content\/uploads\/2021\/05\/logo-5cm-z-polem.jpg\" class=\"wp-block-file__button wp-element-button\" download aria-describedby=\"wp-block-file--media-cfaee5ac-0623-45da-8497-575d5d286640\">\u0421\u043a\u0430\u0447\u0430\u0442\u044c<\/a><\/div>\n\n\n\n<div class=\"wp-block-file\"><a id=\"wp-block-file--media-7373d0d1-fa8b-415e-a244-a7d399daf6ba\" href=\"https:\/\/sybir.bialystok.pl\/wp-content\/uploads\/2021\/05\/logo-7cm-z-czarnym-polem.jpg\">7 cm \u043b\u043e\u0433\u043e\u0442\u0438\u043f<\/a><a href=\"https:\/\/sybir.bialystok.pl\/wp-content\/uploads\/2021\/05\/logo-7cm-z-czarnym-polem.jpg\" class=\"wp-block-file__button wp-element-button\" download aria-describedby=\"wp-block-file--media-7373d0d1-fa8b-415e-a244-a7d399daf6ba\">\u0421\u043a\u0430\u0447\u0430\u0442\u044c<\/a><\/div>\n\n\n\n<div class=\"wp-block-file\"><a id=\"wp-block-file--media-a1653c65-3940-45c4-9a52-dff53a328368\" href=\"https:\/\/sybir.bialystok.pl\/wp-content\/uploads\/2021\/05\/logo-9cm-z-polem.jpg\">9 \u043b\u043e\u0433\u043e\u0442\u0438\u043f<\/a><a href=\"https:\/\/sybir.bialystok.pl\/wp-content\/uploads\/2021\/05\/logo-9cm-z-polem.jpg\" class=\"wp-block-file__button wp-element-button\" download aria-describedby=\"wp-block-file--media-a1653c65-3940-45c4-9a52-dff53a328368\">\u0421\u043a\u0430\u0447\u0430\u0442\u044c<\/a><\/div>\n\n\n\n<div class=\"wp-block-file\"><a id=\"wp-block-file--media-399d0d55-89c9-4fb3-806b-98bd060706c6\" href=\"https:\/\/sybir.bialystok.pl\/wp-content\/uploads\/2021\/05\/MPS_logo_PDF-negatyw.png\">\u043e\u0442\u0440\u0438\u0446\u0430\u0442\u0435\u043b\u044c\u043d\u044b\u0439 \u043b\u043e\u0433\u043e\u0442\u0438\u043f<br><\/a><a href=\"https:\/\/sybir.bialystok.pl\/wp-content\/uploads\/2021\/05\/MPS_logo_PDF-negatyw.png\" class=\"wp-block-file__button wp-element-button\" download aria-describedby=\"wp-block-file--media-399d0d55-89c9-4fb3-806b-98bd060706c6\">\u0421\u043a\u0430\u0447\u0430\u0442\u044c<\/a><\/div>\n","protected":false},"excerpt":{"rendered":"<p>\u0415\u0441\u043b\u0438 \u0432\u044b \u044f\u0432\u043b\u044f\u0435\u0442\u0435\u0441\u044c \u043f\u0440\u0435\u0434\u0441\u0442\u0430\u0432\u0438\u0442\u0435\u043b\u0435\u043c \u0421\u041c\u0418 \u0438 \u0445\u043e\u0442\u0435\u043b\u0438 \u0431\u044b \u043f\u043e\u043b\u0443\u0447\u0430\u0442\u044c \u0438\u043d\u0444\u043e\u0440\u043c\u0430\u0446\u0438\u044e \u043e \u0434\u0435\u044f\u0442\u0435\u043b\u044c\u043d\u043e\u0441\u0442\u0438 \u041c\u0443\u0437\u0435\u044f \u043f\u0430\u043c\u044f\u0442\u0438 \u0421\u0438\u0431\u0438\u0440\u0438, \u043f\u043e\u0436\u0430\u043b\u0443\u0439\u0441\u0442\u0430, \u0441\u0432\u044f\u0436\u0438\u0442\u0435\u0441\u044c \u0441 \u043d\u0430\u043c\u0438.<\/p>\n","protected":false},"author":2,"featured_media":0,"parent":0,"menu_order":0,"comment_status":"closed","ping_status":"closed","template":"","meta":{"_acf_changed":false,"_editorskit_title_hidden":false,"_editorskit_reading_time":0,"_editorskit_is_block_options_detached":false,"_editorskit_block_options_position":"{}","footnotes":""},"class_list":["post-6249","page","type-page","status-publish","hentry"],"acf":[],"yoast_head":"<!-- This site is optimized with the Yoast SEO plugin v24.6 - https:\/\/yoast.com\/wordpress\/plugins\/seo\/ -->\n<title>\u0414\u043b\u044f \u0421\u041c\u0418 - Muzeum Pami\u0119ci Sybiru<\/title>\n<meta name=\"description\" content=\"\u0415\u0441\u043b\u0438 \u0432\u044b \u044f\u0432\u043b\u044f\u0435\u0442\u0435\u0441\u044c \u043f\u0440\u0435\u0434\u0441\u0442\u0430\u0432\u0438\u0442\u0435\u043b\u0435\u043c \u0421\u041c\u0418 \u0438 \u0445\u043e\u0442\u0435\u043b\u0438 \u0431\u044b \u043f\u043e\u043b\u0443\u0447\u0430\u0442\u044c \u0438\u043d\u0444\u043e\u0440\u043c\u0430\u0446\u0438\u044e \u043e \u0434\u0435\u044f\u0442\u0435\u043b\u044c\u043d\u043e\u0441\u0442\u0438 \u041c\u0443\u0437\u0435\u044f \u043f\u0430\u043c\u044f\u0442\u0438 \u0421\u0438\u0431\u0438\u0440\u0438, \u043f\u043e\u0436\u0430\u043b\u0443\u0439\u0441\u0442\u0430, \u0441\u0432\u044f\u0436\u0438\u0442\u0435\u0441\u044c \u0441 \u043d\u0430\u043c\u0438.\" \/>\n<meta name=\"robots\" content=\"index, follow, max-snippet:-1, max-image-preview:large, max-video-preview:-1\" \/>\n<link rel=\"canonical\" href=\"https:\/\/sybir.bialystok.pl\/ru\/%d0%b4%d0%bb%d1%8f-%d1%81%d0%bc%d0%b8\/\" \/>\n<meta property=\"og:locale\" content=\"ru_RU\" \/>\n<meta property=\"og:type\" content=\"article\" \/>\n<meta property=\"og:title\" content=\"\u0414\u043b\u044f \u0421\u041c\u0418 - Muzeum Pami\u0119ci Sybiru\" \/>\n<meta property=\"og:description\" content=\"\u0415\u0441\u043b\u0438 \u0432\u044b \u044f\u0432\u043b\u044f\u0435\u0442\u0435\u0441\u044c \u043f\u0440\u0435\u0434\u0441\u0442\u0430\u0432\u0438\u0442\u0435\u043b\u0435\u043c \u0421\u041c\u0418 \u0438 \u0445\u043e\u0442\u0435\u043b\u0438 \u0431\u044b \u043f\u043e\u043b\u0443\u0447\u0430\u0442\u044c \u0438\u043d\u0444\u043e\u0440\u043c\u0430\u0446\u0438\u044e \u043e \u0434\u0435\u044f\u0442\u0435\u043b\u044c\u043d\u043e\u0441\u0442\u0438 \u041c\u0443\u0437\u0435\u044f \u043f\u0430\u043c\u044f\u0442\u0438 \u0421\u0438\u0431\u0438\u0440\u0438, \u043f\u043e\u0436\u0430\u043b\u0443\u0439\u0441\u0442\u0430, \u0441\u0432\u044f\u0436\u0438\u0442\u0435\u0441\u044c \u0441 \u043d\u0430\u043c\u0438.\" \/>\n<meta property=\"og:url\" content=\"https:\/\/sybir.bialystok.pl\/ru\/%d0%b4%d0%bb%d1%8f-%d1%81%d0%bc%d0%b8\/\" \/>\n<meta property=\"og:site_name\" content=\"Muzeum Pami\u0119ci Sybiru\" \/>\n<meta property=\"article:modified_time\" content=\"2023-03-02T10:10:11+00:00\" \/>\n<meta property=\"og:image\" content=\"https:\/\/sybir.bialystok.pl\/wp-content\/uploads\/2021\/05\/Budynek-MPS-2.jpeg\" \/>\n<meta name=\"twitter:card\" content=\"summary_large_image\" \/>\n<meta name=\"twitter:label1\" content=\"\u041f\u0440\u0438\u043c\u0435\u0440\u043d\u043e\u0435 \u0432\u0440\u0435\u043c\u044f \u0434\u043b\u044f \u0447\u0442\u0435\u043d\u0438\u044f\" \/>\n\t<meta name=\"twitter:data1\" content=\"1 \u043c\u0438\u043d\u0443\u0442\u0430\" \/>\n<script type=\"application\/ld+json\" class=\"yoast-schema-graph\">{\"@context\":\"https:\/\/schema.org\",\"@graph\":[{\"@type\":\"WebPage\",\"@id\":\"https:\/\/sybir.bialystok.pl\/ru\/%d0%b4%d0%bb%d1%8f-%d1%81%d0%bc%d0%b8\/\",\"url\":\"https:\/\/sybir.bialystok.pl\/ru\/%d0%b4%d0%bb%d1%8f-%d1%81%d0%bc%d0%b8\/\",\"name\":\"\u0414\u043b\u044f \u0421\u041c\u0418 - Muzeum Pami\u0119ci Sybiru\",\"isPartOf\":{\"@id\":\"https:\/\/sybir.bialystok.pl\/ru\/#website\"},\"primaryImageOfPage\":{\"@id\":\"https:\/\/sybir.bialystok.pl\/ru\/%d0%b4%d0%bb%d1%8f-%d1%81%d0%bc%d0%b8\/#primaryimage\"},\"image\":{\"@id\":\"https:\/\/sybir.bialystok.pl\/ru\/%d0%b4%d0%bb%d1%8f-%d1%81%d0%bc%d0%b8\/#primaryimage\"},\"thumbnailUrl\":\"https:\/\/sybir.bialystok.pl\/wp-content\/uploads\/2021\/05\/Budynek-MPS-2.jpeg\",\"datePublished\":\"2021-02-15T12:30:47+00:00\",\"dateModified\":\"2023-03-02T10:10:11+00:00\",\"description\":\"\u0415\u0441\u043b\u0438 \u0432\u044b \u044f\u0432\u043b\u044f\u0435\u0442\u0435\u0441\u044c \u043f\u0440\u0435\u0434\u0441\u0442\u0430\u0432\u0438\u0442\u0435\u043b\u0435\u043c \u0421\u041c\u0418 \u0438 \u0445\u043e\u0442\u0435\u043b\u0438 \u0431\u044b \u043f\u043e\u043b\u0443\u0447\u0430\u0442\u044c \u0438\u043d\u0444\u043e\u0440\u043c\u0430\u0446\u0438\u044e \u043e \u0434\u0435\u044f\u0442\u0435\u043b\u044c\u043d\u043e\u0441\u0442\u0438 \u041c\u0443\u0437\u0435\u044f \u043f\u0430\u043c\u044f\u0442\u0438 \u0421\u0438\u0431\u0438\u0440\u0438, \u043f\u043e\u0436\u0430\u043b\u0443\u0439\u0441\u0442\u0430, \u0441\u0432\u044f\u0436\u0438\u0442\u0435\u0441\u044c \u0441 \u043d\u0430\u043c\u0438.\",\"breadcrumb\":{\"@id\":\"https:\/\/sybir.bialystok.pl\/ru\/%d0%b4%d0%bb%d1%8f-%d1%81%d0%bc%d0%b8\/#breadcrumb\"},\"inLanguage\":\"ru-RU\",\"potentialAction\":[{\"@type\":\"ReadAction\",\"target\":[\"https:\/\/sybir.bialystok.pl\/ru\/%d0%b4%d0%bb%d1%8f-%d1%81%d0%bc%d0%b8\/\"]}]},{\"@type\":\"ImageObject\",\"inLanguage\":\"ru-RU\",\"@id\":\"https:\/\/sybir.bialystok.pl\/ru\/%d0%b4%d0%bb%d1%8f-%d1%81%d0%bc%d0%b8\/#primaryimage\",\"url\":\"https:\/\/sybir.bialystok.pl\/wp-content\/uploads\/2021\/05\/Budynek-MPS-2.jpeg\",\"contentUrl\":\"https:\/\/sybir.bialystok.pl\/wp-content\/uploads\/2021\/05\/Budynek-MPS-2.jpeg\"},{\"@type\":\"BreadcrumbList\",\"@id\":\"https:\/\/sybir.bialystok.pl\/ru\/%d0%b4%d0%bb%d1%8f-%d1%81%d0%bc%d0%b8\/#breadcrumb\",\"itemListElement\":[{\"@type\":\"ListItem\",\"position\":1,\"name\":\"\u0414\u043e\u043c\",\"item\":\"https:\/\/sybir.bialystok.pl\/ru\/\"},{\"@type\":\"ListItem\",\"position\":2,\"name\":\"\u0414\u043b\u044f \u0421\u041c\u0418\"}]},{\"@type\":\"WebSite\",\"@id\":\"https:\/\/sybir.bialystok.pl\/ru\/#website\",\"url\":\"https:\/\/sybir.bialystok.pl\/ru\/\",\"name\":\"Muzeum Pami\u0119ci Sybiru\",\"description\":\"Muzeum Pami\u0119ci Sybiru jest po\u015bwi\u0119cone ludziom, kt\u00f3rzy od ko\u0144ca XVI a\u017c do po\u0142owy XX wieku byli niewoleni i zsy\u0142ani w g\u0142\u0105b Rosji, a p\u00f3\u017aniej Zwi\u0105zku Sowieckiego, jak te\u017c tym, kt\u00f3rzy pod\u0105\u017cali tam dobrowolnie.\",\"potentialAction\":[{\"@type\":\"SearchAction\",\"target\":{\"@type\":\"EntryPoint\",\"urlTemplate\":\"https:\/\/sybir.bialystok.pl\/ru\/?s={search_term_string}\"},\"query-input\":{\"@type\":\"PropertyValueSpecification\",\"valueRequired\":true,\"valueName\":\"search_term_string\"}}],\"inLanguage\":\"ru-RU\"}]}<\/script>\n<!-- \/ Yoast SEO plugin. -->","yoast_head_json":{"title":"\u0414\u043b\u044f \u0421\u041c\u0418 - Muzeum Pami\u0119ci Sybiru","description":"\u0415\u0441\u043b\u0438 \u0432\u044b \u044f\u0432\u043b\u044f\u0435\u0442\u0435\u0441\u044c \u043f\u0440\u0435\u0434\u0441\u0442\u0430\u0432\u0438\u0442\u0435\u043b\u0435\u043c \u0421\u041c\u0418 \u0438 \u0445\u043e\u0442\u0435\u043b\u0438 \u0431\u044b \u043f\u043e\u043b\u0443\u0447\u0430\u0442\u044c \u0438\u043d\u0444\u043e\u0440\u043c\u0430\u0446\u0438\u044e \u043e \u0434\u0435\u044f\u0442\u0435\u043b\u044c\u043d\u043e\u0441\u0442\u0438 \u041c\u0443\u0437\u0435\u044f \u043f\u0430\u043c\u044f\u0442\u0438 \u0421\u0438\u0431\u0438\u0440\u0438, \u043f\u043e\u0436\u0430\u043b\u0443\u0439\u0441\u0442\u0430, \u0441\u0432\u044f\u0436\u0438\u0442\u0435\u0441\u044c \u0441 \u043d\u0430\u043c\u0438.","robots":{"index":"index","follow":"follow","max-snippet":"max-snippet:-1","max-image-preview":"max-image-preview:large","max-video-preview":"max-video-preview:-1"},"canonical":"https:\/\/sybir.bialystok.pl\/ru\/%d0%b4%d0%bb%d1%8f-%d1%81%d0%bc%d0%b8\/","og_locale":"ru_RU","og_type":"article","og_title":"\u0414\u043b\u044f \u0421\u041c\u0418 - Muzeum Pami\u0119ci Sybiru","og_description":"\u0415\u0441\u043b\u0438 \u0432\u044b \u044f\u0432\u043b\u044f\u0435\u0442\u0435\u0441\u044c \u043f\u0440\u0435\u0434\u0441\u0442\u0430\u0432\u0438\u0442\u0435\u043b\u0435\u043c \u0421\u041c\u0418 \u0438 \u0445\u043e\u0442\u0435\u043b\u0438 \u0431\u044b \u043f\u043e\u043b\u0443\u0447\u0430\u0442\u044c \u0438\u043d\u0444\u043e\u0440\u043c\u0430\u0446\u0438\u044e \u043e \u0434\u0435\u044f\u0442\u0435\u043b\u044c\u043d\u043e\u0441\u0442\u0438 \u041c\u0443\u0437\u0435\u044f \u043f\u0430\u043c\u044f\u0442\u0438 \u0421\u0438\u0431\u0438\u0440\u0438, \u043f\u043e\u0436\u0430\u043b\u0443\u0439\u0441\u0442\u0430, \u0441\u0432\u044f\u0436\u0438\u0442\u0435\u0441\u044c \u0441 \u043d\u0430\u043c\u0438.","og_url":"https:\/\/sybir.bialystok.pl\/ru\/%d0%b4%d0%bb%d1%8f-%d1%81%d0%bc%d0%b8\/","og_site_name":"Muzeum Pami\u0119ci Sybiru","article_modified_time":"2023-03-02T10:10:11+00:00","og_image":[{"url":"https:\/\/sybir.bialystok.pl\/wp-content\/uploads\/2021\/05\/Budynek-MPS-2.jpeg","type":"","width":"","height":""}],"twitter_card":"summary_large_image","twitter_misc":{"\u041f\u0440\u0438\u043c\u0435\u0440\u043d\u043e\u0435 \u0432\u0440\u0435\u043c\u044f \u0434\u043b\u044f \u0447\u0442\u0435\u043d\u0438\u044f":"1 \u043c\u0438\u043d\u0443\u0442\u0430"},"schema":{"@context":"https:\/\/schema.org","@graph":[{"@type":"WebPage","@id":"https:\/\/sybir.bialystok.pl\/ru\/%d0%b4%d0%bb%d1%8f-%d1%81%d0%bc%d0%b8\/","url":"https:\/\/sybir.bialystok.pl\/ru\/%d0%b4%d0%bb%d1%8f-%d1%81%d0%bc%d0%b8\/","name":"\u0414\u043b\u044f \u0421\u041c\u0418 - Muzeum Pami\u0119ci Sybiru","isPartOf":{"@id":"https:\/\/sybir.bialystok.pl\/ru\/#website"},"primaryImageOfPage":{"@id":"https:\/\/sybir.bialystok.pl\/ru\/%d0%b4%d0%bb%d1%8f-%d1%81%d0%bc%d0%b8\/#primaryimage"},"image":{"@id":"https:\/\/sybir.bialystok.pl\/ru\/%d0%b4%d0%bb%d1%8f-%d1%81%d0%bc%d0%b8\/#primaryimage"},"thumbnailUrl":"https:\/\/sybir.bialystok.pl\/wp-content\/uploads\/2021\/05\/Budynek-MPS-2.jpeg","datePublished":"2021-02-15T12:30:47+00:00","dateModified":"2023-03-02T10:10:11+00:00","description":"\u0415\u0441\u043b\u0438 \u0432\u044b \u044f\u0432\u043b\u044f\u0435\u0442\u0435\u0441\u044c \u043f\u0440\u0435\u0434\u0441\u0442\u0430\u0432\u0438\u0442\u0435\u043b\u0435\u043c \u0421\u041c\u0418 \u0438 \u0445\u043e\u0442\u0435\u043b\u0438 \u0431\u044b \u043f\u043e\u043b\u0443\u0447\u0430\u0442\u044c \u0438\u043d\u0444\u043e\u0440\u043c\u0430\u0446\u0438\u044e \u043e \u0434\u0435\u044f\u0442\u0435\u043b\u044c\u043d\u043e\u0441\u0442\u0438 \u041c\u0443\u0437\u0435\u044f \u043f\u0430\u043c\u044f\u0442\u0438 \u0421\u0438\u0431\u0438\u0440\u0438, \u043f\u043e\u0436\u0430\u043b\u0443\u0439\u0441\u0442\u0430, \u0441\u0432\u044f\u0436\u0438\u0442\u0435\u0441\u044c \u0441 \u043d\u0430\u043c\u0438.","breadcrumb":{"@id":"https:\/\/sybir.bialystok.pl\/ru\/%d0%b4%d0%bb%d1%8f-%d1%81%d0%bc%d0%b8\/#breadcrumb"},"inLanguage":"ru-RU","potentialAction":[{"@type":"ReadAction","target":["https:\/\/sybir.bialystok.pl\/ru\/%d0%b4%d0%bb%d1%8f-%d1%81%d0%bc%d0%b8\/"]}]},{"@type":"ImageObject","inLanguage":"ru-RU","@id":"https:\/\/sybir.bialystok.pl\/ru\/%d0%b4%d0%bb%d1%8f-%d1%81%d0%bc%d0%b8\/#primaryimage","url":"https:\/\/sybir.bialystok.pl\/wp-content\/uploads\/2021\/05\/Budynek-MPS-2.jpeg","contentUrl":"https:\/\/sybir.bialystok.pl\/wp-content\/uploads\/2021\/05\/Budynek-MPS-2.jpeg"},{"@type":"BreadcrumbList","@id":"https:\/\/sybir.bialystok.pl\/ru\/%d0%b4%d0%bb%d1%8f-%d1%81%d0%bc%d0%b8\/#breadcrumb","itemListElement":[{"@type":"ListItem","position":1,"name":"\u0414\u043e\u043c","item":"https:\/\/sybir.bialystok.pl\/ru\/"},{"@type":"ListItem","position":2,"name":"\u0414\u043b\u044f \u0421\u041c\u0418"}]},{"@type":"WebSite","@id":"https:\/\/sybir.bialystok.pl\/ru\/#website","url":"https:\/\/sybir.bialystok.pl\/ru\/","name":"Muzeum Pami\u0119ci Sybiru","description":"Muzeum Pami\u0119ci Sybiru jest po\u015bwi\u0119cone ludziom, kt\u00f3rzy od ko\u0144ca XVI a\u017c do po\u0142owy XX wieku byli niewoleni i zsy\u0142ani w g\u0142\u0105b Rosji, a p\u00f3\u017aniej Zwi\u0105zku Sowieckiego, jak te\u017c tym, kt\u00f3rzy pod\u0105\u017cali tam dobrowolnie.","potentialAction":[{"@type":"SearchAction","target":{"@type":"EntryPoint","urlTemplate":"https:\/\/sybir.bialystok.pl\/ru\/?s={search_term_string}"},"query-input":{"@type":"PropertyValueSpecification","valueRequired":true,"valueName":"search_term_string"}}],"inLanguage":"ru-RU"}]}},"_links":{"self":[{"href":"https:\/\/sybir.bialystok.pl\/ru\/wp-json\/wp\/v2\/pages\/6249","targetHints":{"allow":["GET"]}}],"collection":[{"href":"https:\/\/sybir.bialystok.pl\/ru\/wp-json\/wp\/v2\/pages"}],"about":[{"href":"https:\/\/sybir.bialystok.pl\/ru\/wp-json\/wp\/v2\/types\/page"}],"author":[{"embeddable":true,"href":"https:\/\/sybir.bialystok.pl\/ru\/wp-json\/wp\/v2\/users\/2"}],"replies":[{"embeddable":true,"href":"https:\/\/sybir.bialystok.pl\/ru\/wp-json\/wp\/v2\/comments?post=6249"}],"version-history":[{"count":5,"href":"https:\/\/sybir.bialystok.pl\/ru\/wp-json\/wp\/v2\/pages\/6249\/revisions"}],"predecessor-version":[{"id":17653,"href":"https:\/\/sybir.bialystok.pl\/ru\/wp-json\/wp\/v2\/pages\/6249\/revisions\/17653"}],"wp:attachment":[{"href":"https:\/\/sybir.bialystok.pl\/ru\/wp-json\/wp\/v2\/media?parent=6249"}],"curies":[{"name":"wp","href":"https:\/\/api.w.org\/{rel}","templated":true}]}}