{"id":6237,"date":"2021-02-15T13:07:06","date_gmt":"2021-02-15T12:07:06","guid":{"rendered":"https:\/\/sybir.bialystok.pl\/wesprzyj-muzeum\/zostan-fundatorem\/"},"modified":"2026-01-07T14:26:30","modified_gmt":"2026-01-07T13:26:30","slug":"zostan-fundatorem","status":"publish","type":"page","link":"https:\/\/sybir.bialystok.pl\/ru\/%d0%bf%d0%be%d0%b4%d0%b4%d0%b5%d1%80%d0%b6%d0%b8-%d0%bc%d1%83%d0%b7%d0%b5%d0%b9\/zostan-fundatorem\/","title":{"rendered":"\u0421\u0442\u0430\u0442\u044c \u0431\u043b\u0430\u0433\u043e\u0442\u0432\u043e\u0440\u0438\u0442\u0435\u043b\u0435\u043c"},"content":{"rendered":"\n<figure class=\"wp-block-gallery has-nested-images columns-default is-cropped wp-block-gallery-1 is-layout-flex wp-block-gallery-is-layout-flex\">\n<figure class=\"wp-block-image size-large\"><img loading=\"lazy\" decoding=\"async\" width=\"1024\" height=\"683\" data-id=\"5162\" src=\"https:\/\/sybir.bialystok.pl\/wp-content\/uploads\/2021\/05\/Darczyncy-3-1024x683.jpg\" alt=\"\" class=\"wp-image-5162\" srcset=\"https:\/\/sybir.bialystok.pl\/wp-content\/uploads\/2021\/05\/Darczyncy-3-1024x683.jpg 1024w, https:\/\/sybir.bialystok.pl\/wp-content\/uploads\/2021\/05\/Darczyncy-3-300x200.jpg 300w, https:\/\/sybir.bialystok.pl\/wp-content\/uploads\/2021\/05\/Darczyncy-3-768x512.jpg 768w, https:\/\/sybir.bialystok.pl\/wp-content\/uploads\/2021\/05\/Darczyncy-3.jpg 1151w\" sizes=\"auto, (max-width: 1024px) 100vw, 1024px\" \/><\/figure>\n<\/figure>\n\n\n\n<div style=\"height:20px\" aria-hidden=\"true\" class=\"wp-block-spacer\"><\/div>\n\n\n\n<p>Wsp\u00f3lnie tworzymy Muzeum Pami\u0119ci Sybiru! To nie tylko miejsce, ale przede wszystkim ludzie, ich pami\u0119\u0107 i zwi\u0105zane z ni\u0105 emocje.<\/p>\n\n\n\n<p>Nawet najmniejsza suma pozwala na dalszy rozw\u00f3j instytucji i pomaga tym samym ocali\u0107 od zapomnienia histori\u0119 setek tysi\u0119cy Sybirak\u00f3w.<\/p>\n\n\n\n<h2 class=\"wp-block-heading\">JESTE\u015aMY WDZI\u0118CZNI ZA KA\u017bDE WSPARCIE!<\/h2>\n\n\n\n<div style=\"height:20px\" aria-hidden=\"true\" class=\"wp-block-spacer\"><\/div>\n\n\n\n<figure class=\"wp-block-gallery has-nested-images columns-0 is-cropped wp-block-gallery-2 is-layout-flex wp-block-gallery-is-layout-flex\">\n<figure class=\"wp-block-image size-large\"><a href=\"https:\/\/sybir.bialystok.pl\/wp-content\/uploads\/2021\/05\/Darczyncy-1-1024x683.jpg\"><img loading=\"lazy\" decoding=\"async\" width=\"1024\" height=\"683\" data-id=\"5165\" src=\"https:\/\/sybir.bialystok.pl\/wp-content\/uploads\/2021\/05\/Darczyncy-1-1024x683.jpg\" alt=\"\" class=\"wp-image-5165\" srcset=\"https:\/\/sybir.bialystok.pl\/wp-content\/uploads\/2021\/05\/Darczyncy-1-1024x683.jpg 1024w, https:\/\/sybir.bialystok.pl\/wp-content\/uploads\/2021\/05\/Darczyncy-1-300x200.jpg 300w, https:\/\/sybir.bialystok.pl\/wp-content\/uploads\/2021\/05\/Darczyncy-1-768x512.jpg 768w, https:\/\/sybir.bialystok.pl\/wp-content\/uploads\/2021\/05\/Darczyncy-1.jpg 1151w\" sizes=\"auto, (max-width: 1024px) 100vw, 1024px\" \/><\/a><\/figure>\n\n\n\n<figure class=\"wp-block-image size-large\"><a href=\"https:\/\/sybir.bialystok.pl\/wp-content\/uploads\/2021\/05\/Darczyncy-2-1024x683.jpg\"><img loading=\"lazy\" decoding=\"async\" width=\"1024\" height=\"683\" data-id=\"5168\" src=\"https:\/\/sybir.bialystok.pl\/wp-content\/uploads\/2021\/05\/Darczyncy-2-1024x683.jpg\" alt=\"\" class=\"wp-image-5168\" srcset=\"https:\/\/sybir.bialystok.pl\/wp-content\/uploads\/2021\/05\/Darczyncy-2-1024x683.jpg 1024w, https:\/\/sybir.bialystok.pl\/wp-content\/uploads\/2021\/05\/Darczyncy-2-300x200.jpg 300w, https:\/\/sybir.bialystok.pl\/wp-content\/uploads\/2021\/05\/Darczyncy-2-768x512.jpg 768w, https:\/\/sybir.bialystok.pl\/wp-content\/uploads\/2021\/05\/Darczyncy-2.jpg 1151w\" sizes=\"auto, (max-width: 1024px) 100vw, 1024px\" \/><\/a><\/figure>\n<\/figure>\n\n\n\n<div style=\"height:25px\" aria-hidden=\"true\" class=\"wp-block-spacer\"><\/div>\n\n\n\n<p>Wyra\u017caj\u0105c wdzi\u0119czno\u015b\u0107 Przyjacio\u0142om i Darczy\u0144com Muzeum Pami\u0119ci Sybiru, pami\u0119tamy o nich podczas modlitwy na specjalnej Mszy \u015awi\u0119tej zamawianej w ich intencji ka\u017cdego roku w niedziel\u0119 poprzedzaj\u0105c\u0105 rocznic\u0119 drugiej wielkiej deportacji (13 kwietnia 1940 roku). Uk\u0142onem w stron\u0119 os\u00f3b wspieraj\u0105cych Muzeum jest tak\u017ce Dzie\u0144 Darczy\u0144cy, organizowany we wrze\u015bniu, w ramach Mi\u0119dzynarodowego Marszu Pami\u0119ci Zes\u0142a\u0144c\u00f3w Sybiru.<\/p>\n\n\n\n<p>Szczeg\u00f3lnie zas\u0142u\u017ceni Darczy\u0144cy s\u0105 wyr\u00f3\u017cniani statuetk\u0105 i trwale upami\u0119tniani w przestrzeni Muzeum Pami\u0119ci Sybiru.<\/p>\n\n\n\n<p>Dzi\u0119kujemy!<\/p>\n\n\n\n<div style=\"height:10px\" aria-hidden=\"true\" class=\"wp-block-spacer\"><\/div>\n\n\n\n<figure class=\"wp-block-gallery has-nested-images columns-default is-cropped wp-block-gallery-3 is-layout-flex wp-block-gallery-is-layout-flex\">\n<figure class=\"wp-block-image size-large\"><a href=\"https:\/\/sybir.bialystok.pl\/wp-content\/uploads\/2021\/04\/Wesprzyh-Muzeum-1024x684.jpg\"><img loading=\"lazy\" decoding=\"async\" width=\"1024\" height=\"684\" data-id=\"4425\" src=\"https:\/\/sybir.bialystok.pl\/wp-content\/uploads\/2021\/04\/Wesprzyh-Muzeum-1024x684.jpg\" alt=\"\" class=\"wp-image-4425\" srcset=\"https:\/\/sybir.bialystok.pl\/wp-content\/uploads\/2021\/04\/Wesprzyh-Muzeum-1024x684.jpg 1024w, https:\/\/sybir.bialystok.pl\/wp-content\/uploads\/2021\/04\/Wesprzyh-Muzeum-300x201.jpg 300w, https:\/\/sybir.bialystok.pl\/wp-content\/uploads\/2021\/04\/Wesprzyh-Muzeum-768x513.jpg 768w, https:\/\/sybir.bialystok.pl\/wp-content\/uploads\/2021\/04\/Wesprzyh-Muzeum-1536x1027.jpg 1536w, https:\/\/sybir.bialystok.pl\/wp-content\/uploads\/2021\/04\/Wesprzyh-Muzeum-2048x1369.jpg 2048w\" sizes=\"auto, (max-width: 1024px) 100vw, 1024px\" \/><\/a><\/figure>\n<\/figure>\n\n\n\n<div style=\"height:20px\" aria-hidden=\"true\" class=\"wp-block-spacer\"><\/div>\n\n\n\n<h2 class=\"wp-block-heading\" id=\"block-697e10c3-8b37-4e18-ac17-662bcea3d868\">\u041f\u043e\u0434\u0434\u0435\u0440\u0436\u0430\u0442\u044c \u041c\u0443\u0437\u0435\u0439<\/h2>\n\n\n\n<ul id=\"block-440ef0ef-d978-4f8c-a4d1-470a1ce398c2\" class=\"wp-block-list\">\n<li>nr konta:<strong>\u00a0<strong>58 1240 2890 1111 0010 7275 1313<\/strong><\/strong>; z dopiskiem:\u00a0<em>wp\u0142ata darowizny na cele statutowe Muzeum Pami\u0119ci Sybiru<\/em><\/li>\n\n\n\n<li>tel. <strong>+48 85\u00a0672 36 01<\/strong><\/li>\n\n\n\n<li>e-mail:<strong> <a href=\"mailto:sekretariat@sybir.bialystok.pl\">sekretariat@sybir.bialystok.pl<\/a><\/strong><\/li>\n<\/ul>\n\n\n\n<div style=\"height:40px\" aria-hidden=\"true\" class=\"wp-block-spacer\"><\/div>\n","protected":false},"excerpt":{"rendered":"<p>\u041c\u044b \u0431\u0435\u0440\u0435\u0436\u0435\u043c \u0438 \u043f\u0435\u0440\u0435\u0434\u0430\u0435\u043c \u043f\u0430\u043c\u044f\u0442\u044c \u043e \u0421\u0438\u0431\u0438\u0440\u0438 \u0431\u0443\u0434\u0443\u0449\u0438\u043c \u043f\u043e\u043a\u043e\u043b\u0435\u043d\u0438\u044f\u043c. \u041f\u043e\u0434\u0434\u0435\u0440\u0436\u0438\u0442\u0435 \u043d\u0430\u0441 \u0432 \u043d\u0430\u0448\u0435\u0439 \u0434\u0435\u044f\u0442\u0435\u043b\u044c\u043d\u043e\u0441\u0442\u0438!<\/p>\n","protected":false},"author":2,"featured_media":2498,"parent":230,"menu_order":2,"comment_status":"closed","ping_status":"closed","template":"","meta":{"_acf_changed":false,"_editorskit_title_hidden":false,"_editorskit_reading_time":0,"_editorskit_is_block_options_detached":false,"_editorskit_block_options_position":"{}","footnotes":""},"class_list":["post-6237","page","type-page","status-publish","has-post-thumbnail","hentry"],"acf":[],"yoast_head":"<!-- This site is optimized with the Yoast SEO plugin v24.6 - https:\/\/yoast.com\/wordpress\/plugins\/seo\/ -->\n<title>\u0421\u0442\u0430\u0442\u044c \u0431\u043b\u0430\u0433\u043e\u0442\u0432\u043e\u0440\u0438\u0442\u0435\u043b\u0435\u043c - Muzeum Pami\u0119ci Sybiru<\/title>\n<meta name=\"description\" content=\"Piel\u0119gnujemy i przekazujemy pami\u0119\u0107 o Sybirze dalszym pokoleniom. Wesprzyj nas w dzia\u0142aniach!\" \/>\n<meta name=\"robots\" content=\"index, follow, max-snippet:-1, max-image-preview:large, max-video-preview:-1\" \/>\n<link rel=\"canonical\" href=\"https:\/\/sybir.bialystok.pl\/ru\/%d0%bf%d0%be%d0%b4%d0%b4%d0%b5%d1%80%d0%b6%d0%b8-%d0%bc%d1%83%d0%b7%d0%b5%d0%b9\/zostan-fundatorem\/\" \/>\n<meta property=\"og:locale\" content=\"ru_RU\" \/>\n<meta property=\"og:type\" content=\"article\" \/>\n<meta property=\"og:title\" content=\"\u0421\u0442\u0430\u0442\u044c \u0431\u043b\u0430\u0433\u043e\u0442\u0432\u043e\u0440\u0438\u0442\u0435\u043b\u0435\u043c - Muzeum Pami\u0119ci Sybiru\" \/>\n<meta property=\"og:description\" content=\"Piel\u0119gnujemy i przekazujemy pami\u0119\u0107 o Sybirze dalszym pokoleniom. Wesprzyj nas w dzia\u0142aniach!\" \/>\n<meta property=\"og:url\" content=\"https:\/\/sybir.bialystok.pl\/ru\/%d0%bf%d0%be%d0%b4%d0%b4%d0%b5%d1%80%d0%b6%d0%b8-%d0%bc%d1%83%d0%b7%d0%b5%d0%b9\/zostan-fundatorem\/\" \/>\n<meta property=\"og:site_name\" content=\"Muzeum Pami\u0119ci Sybiru\" \/>\n<meta property=\"article:modified_time\" content=\"2026-01-07T13:26:30+00:00\" \/>\n<meta property=\"og:image\" content=\"https:\/\/sybir.bialystok.pl\/wp-content\/uploads\/2021\/03\/Wesprzyj-Muzeum.png\" \/>\n\t<meta property=\"og:image:width\" content=\"1490\" \/>\n\t<meta property=\"og:image:height\" content=\"940\" \/>\n\t<meta property=\"og:image:type\" content=\"image\/png\" \/>\n<meta name=\"twitter:card\" content=\"summary_large_image\" \/>\n<meta name=\"twitter:label1\" content=\"\u041f\u0440\u0438\u043c\u0435\u0440\u043d\u043e\u0435 \u0432\u0440\u0435\u043c\u044f \u0434\u043b\u044f \u0447\u0442\u0435\u043d\u0438\u044f\" \/>\n\t<meta name=\"twitter:data1\" content=\"2 \u043c\u0438\u043d\u0443\u0442\u044b\" \/>\n<script type=\"application\/ld+json\" class=\"yoast-schema-graph\">{\"@context\":\"https:\/\/schema.org\",\"@graph\":[{\"@type\":\"WebPage\",\"@id\":\"https:\/\/sybir.bialystok.pl\/ru\/%d0%bf%d0%be%d0%b4%d0%b4%d0%b5%d1%80%d0%b6%d0%b8-%d0%bc%d1%83%d0%b7%d0%b5%d0%b9\/zostan-fundatorem\/\",\"url\":\"https:\/\/sybir.bialystok.pl\/ru\/%d0%bf%d0%be%d0%b4%d0%b4%d0%b5%d1%80%d0%b6%d0%b8-%d0%bc%d1%83%d0%b7%d0%b5%d0%b9\/zostan-fundatorem\/\",\"name\":\"\u0421\u0442\u0430\u0442\u044c \u0431\u043b\u0430\u0433\u043e\u0442\u0432\u043e\u0440\u0438\u0442\u0435\u043b\u0435\u043c - Muzeum Pami\u0119ci Sybiru\",\"isPartOf\":{\"@id\":\"https:\/\/sybir.bialystok.pl\/ru\/#website\"},\"primaryImageOfPage\":{\"@id\":\"https:\/\/sybir.bialystok.pl\/ru\/%d0%bf%d0%be%d0%b4%d0%b4%d0%b5%d1%80%d0%b6%d0%b8-%d0%bc%d1%83%d0%b7%d0%b5%d0%b9\/zostan-fundatorem\/#primaryimage\"},\"image\":{\"@id\":\"https:\/\/sybir.bialystok.pl\/ru\/%d0%bf%d0%be%d0%b4%d0%b4%d0%b5%d1%80%d0%b6%d0%b8-%d0%bc%d1%83%d0%b7%d0%b5%d0%b9\/zostan-fundatorem\/#primaryimage\"},\"thumbnailUrl\":\"https:\/\/sybir.bialystok.pl\/wp-content\/uploads\/2021\/03\/Wesprzyj-Muzeum.png\",\"datePublished\":\"2021-02-15T12:07:06+00:00\",\"dateModified\":\"2026-01-07T13:26:30+00:00\",\"description\":\"Piel\u0119gnujemy i przekazujemy pami\u0119\u0107 o Sybirze dalszym pokoleniom. Wesprzyj nas w dzia\u0142aniach!\",\"breadcrumb\":{\"@id\":\"https:\/\/sybir.bialystok.pl\/ru\/%d0%bf%d0%be%d0%b4%d0%b4%d0%b5%d1%80%d0%b6%d0%b8-%d0%bc%d1%83%d0%b7%d0%b5%d0%b9\/zostan-fundatorem\/#breadcrumb\"},\"inLanguage\":\"ru-RU\",\"potentialAction\":[{\"@type\":\"ReadAction\",\"target\":[\"https:\/\/sybir.bialystok.pl\/ru\/%d0%bf%d0%be%d0%b4%d0%b4%d0%b5%d1%80%d0%b6%d0%b8-%d0%bc%d1%83%d0%b7%d0%b5%d0%b9\/zostan-fundatorem\/\"]}]},{\"@type\":\"ImageObject\",\"inLanguage\":\"ru-RU\",\"@id\":\"https:\/\/sybir.bialystok.pl\/ru\/%d0%bf%d0%be%d0%b4%d0%b4%d0%b5%d1%80%d0%b6%d0%b8-%d0%bc%d1%83%d0%b7%d0%b5%d0%b9\/zostan-fundatorem\/#primaryimage\",\"url\":\"https:\/\/sybir.bialystok.pl\/wp-content\/uploads\/2021\/03\/Wesprzyj-Muzeum.png\",\"contentUrl\":\"https:\/\/sybir.bialystok.pl\/wp-content\/uploads\/2021\/03\/Wesprzyj-Muzeum.png\",\"width\":1490,\"height\":940},{\"@type\":\"BreadcrumbList\",\"@id\":\"https:\/\/sybir.bialystok.pl\/ru\/%d0%bf%d0%be%d0%b4%d0%b4%d0%b5%d1%80%d0%b6%d0%b8-%d0%bc%d1%83%d0%b7%d0%b5%d0%b9\/zostan-fundatorem\/#breadcrumb\",\"itemListElement\":[{\"@type\":\"ListItem\",\"position\":1,\"name\":\"\u0414\u043e\u043c\",\"item\":\"https:\/\/sybir.bialystok.pl\/ru\/\"},{\"@type\":\"ListItem\",\"position\":2,\"name\":\"\u041f\u043e\u0434\u0434\u0435\u0440\u0436\u0438\u0442\u0435 \u043c\u0443\u0437\u0435\u0439\",\"item\":\"https:\/\/sybir.bialystok.pl\/ru\/%d0%bf%d0%be%d0%b4%d0%b4%d0%b5%d1%80%d0%b6%d0%b8-%d0%bc%d1%83%d0%b7%d0%b5%d0%b9\/\"},{\"@type\":\"ListItem\",\"position\":3,\"name\":\"\u0421\u0442\u0430\u0442\u044c \u0431\u043b\u0430\u0433\u043e\u0442\u0432\u043e\u0440\u0438\u0442\u0435\u043b\u0435\u043c\"}]},{\"@type\":\"WebSite\",\"@id\":\"https:\/\/sybir.bialystok.pl\/ru\/#website\",\"url\":\"https:\/\/sybir.bialystok.pl\/ru\/\",\"name\":\"Muzeum Pami\u0119ci Sybiru\",\"description\":\"Muzeum Pami\u0119ci Sybiru jest po\u015bwi\u0119cone ludziom, kt\u00f3rzy od ko\u0144ca XVI a\u017c do po\u0142owy XX wieku byli niewoleni i zsy\u0142ani w g\u0142\u0105b Rosji, a p\u00f3\u017aniej Zwi\u0105zku Sowieckiego, jak te\u017c tym, kt\u00f3rzy pod\u0105\u017cali tam dobrowolnie.\",\"potentialAction\":[{\"@type\":\"SearchAction\",\"target\":{\"@type\":\"EntryPoint\",\"urlTemplate\":\"https:\/\/sybir.bialystok.pl\/ru\/?s={search_term_string}\"},\"query-input\":{\"@type\":\"PropertyValueSpecification\",\"valueRequired\":true,\"valueName\":\"search_term_string\"}}],\"inLanguage\":\"ru-RU\"}]}<\/script>\n<!-- \/ Yoast SEO plugin. -->","yoast_head_json":{"title":"\u0421\u0442\u0430\u0442\u044c \u0431\u043b\u0430\u0433\u043e\u0442\u0432\u043e\u0440\u0438\u0442\u0435\u043b\u0435\u043c - Muzeum Pami\u0119ci Sybiru","description":"Piel\u0119gnujemy i przekazujemy pami\u0119\u0107 o Sybirze dalszym pokoleniom. Wesprzyj nas w dzia\u0142aniach!","robots":{"index":"index","follow":"follow","max-snippet":"max-snippet:-1","max-image-preview":"max-image-preview:large","max-video-preview":"max-video-preview:-1"},"canonical":"https:\/\/sybir.bialystok.pl\/ru\/%d0%bf%d0%be%d0%b4%d0%b4%d0%b5%d1%80%d0%b6%d0%b8-%d0%bc%d1%83%d0%b7%d0%b5%d0%b9\/zostan-fundatorem\/","og_locale":"ru_RU","og_type":"article","og_title":"\u0421\u0442\u0430\u0442\u044c \u0431\u043b\u0430\u0433\u043e\u0442\u0432\u043e\u0440\u0438\u0442\u0435\u043b\u0435\u043c - Muzeum Pami\u0119ci Sybiru","og_description":"Piel\u0119gnujemy i przekazujemy pami\u0119\u0107 o Sybirze dalszym pokoleniom. Wesprzyj nas w dzia\u0142aniach!","og_url":"https:\/\/sybir.bialystok.pl\/ru\/%d0%bf%d0%be%d0%b4%d0%b4%d0%b5%d1%80%d0%b6%d0%b8-%d0%bc%d1%83%d0%b7%d0%b5%d0%b9\/zostan-fundatorem\/","og_site_name":"Muzeum Pami\u0119ci Sybiru","article_modified_time":"2026-01-07T13:26:30+00:00","og_image":[{"width":1490,"height":940,"url":"https:\/\/sybir.bialystok.pl\/wp-content\/uploads\/2021\/03\/Wesprzyj-Muzeum.png","type":"image\/png"}],"twitter_card":"summary_large_image","twitter_misc":{"\u041f\u0440\u0438\u043c\u0435\u0440\u043d\u043e\u0435 \u0432\u0440\u0435\u043c\u044f \u0434\u043b\u044f \u0447\u0442\u0435\u043d\u0438\u044f":"2 \u043c\u0438\u043d\u0443\u0442\u044b"},"schema":{"@context":"https:\/\/schema.org","@graph":[{"@type":"WebPage","@id":"https:\/\/sybir.bialystok.pl\/ru\/%d0%bf%d0%be%d0%b4%d0%b4%d0%b5%d1%80%d0%b6%d0%b8-%d0%bc%d1%83%d0%b7%d0%b5%d0%b9\/zostan-fundatorem\/","url":"https:\/\/sybir.bialystok.pl\/ru\/%d0%bf%d0%be%d0%b4%d0%b4%d0%b5%d1%80%d0%b6%d0%b8-%d0%bc%d1%83%d0%b7%d0%b5%d0%b9\/zostan-fundatorem\/","name":"\u0421\u0442\u0430\u0442\u044c \u0431\u043b\u0430\u0433\u043e\u0442\u0432\u043e\u0440\u0438\u0442\u0435\u043b\u0435\u043c - Muzeum Pami\u0119ci Sybiru","isPartOf":{"@id":"https:\/\/sybir.bialystok.pl\/ru\/#website"},"primaryImageOfPage":{"@id":"https:\/\/sybir.bialystok.pl\/ru\/%d0%bf%d0%be%d0%b4%d0%b4%d0%b5%d1%80%d0%b6%d0%b8-%d0%bc%d1%83%d0%b7%d0%b5%d0%b9\/zostan-fundatorem\/#primaryimage"},"image":{"@id":"https:\/\/sybir.bialystok.pl\/ru\/%d0%bf%d0%be%d0%b4%d0%b4%d0%b5%d1%80%d0%b6%d0%b8-%d0%bc%d1%83%d0%b7%d0%b5%d0%b9\/zostan-fundatorem\/#primaryimage"},"thumbnailUrl":"https:\/\/sybir.bialystok.pl\/wp-content\/uploads\/2021\/03\/Wesprzyj-Muzeum.png","datePublished":"2021-02-15T12:07:06+00:00","dateModified":"2026-01-07T13:26:30+00:00","description":"Piel\u0119gnujemy i przekazujemy pami\u0119\u0107 o Sybirze dalszym pokoleniom. Wesprzyj nas w dzia\u0142aniach!","breadcrumb":{"@id":"https:\/\/sybir.bialystok.pl\/ru\/%d0%bf%d0%be%d0%b4%d0%b4%d0%b5%d1%80%d0%b6%d0%b8-%d0%bc%d1%83%d0%b7%d0%b5%d0%b9\/zostan-fundatorem\/#breadcrumb"},"inLanguage":"ru-RU","potentialAction":[{"@type":"ReadAction","target":["https:\/\/sybir.bialystok.pl\/ru\/%d0%bf%d0%be%d0%b4%d0%b4%d0%b5%d1%80%d0%b6%d0%b8-%d0%bc%d1%83%d0%b7%d0%b5%d0%b9\/zostan-fundatorem\/"]}]},{"@type":"ImageObject","inLanguage":"ru-RU","@id":"https:\/\/sybir.bialystok.pl\/ru\/%d0%bf%d0%be%d0%b4%d0%b4%d0%b5%d1%80%d0%b6%d0%b8-%d0%bc%d1%83%d0%b7%d0%b5%d0%b9\/zostan-fundatorem\/#primaryimage","url":"https:\/\/sybir.bialystok.pl\/wp-content\/uploads\/2021\/03\/Wesprzyj-Muzeum.png","contentUrl":"https:\/\/sybir.bialystok.pl\/wp-content\/uploads\/2021\/03\/Wesprzyj-Muzeum.png","width":1490,"height":940},{"@type":"BreadcrumbList","@id":"https:\/\/sybir.bialystok.pl\/ru\/%d0%bf%d0%be%d0%b4%d0%b4%d0%b5%d1%80%d0%b6%d0%b8-%d0%bc%d1%83%d0%b7%d0%b5%d0%b9\/zostan-fundatorem\/#breadcrumb","itemListElement":[{"@type":"ListItem","position":1,"name":"\u0414\u043e\u043c","item":"https:\/\/sybir.bialystok.pl\/ru\/"},{"@type":"ListItem","position":2,"name":"\u041f\u043e\u0434\u0434\u0435\u0440\u0436\u0438\u0442\u0435 \u043c\u0443\u0437\u0435\u0439","item":"https:\/\/sybir.bialystok.pl\/ru\/%d0%bf%d0%be%d0%b4%d0%b4%d0%b5%d1%80%d0%b6%d0%b8-%d0%bc%d1%83%d0%b7%d0%b5%d0%b9\/"},{"@type":"ListItem","position":3,"name":"\u0421\u0442\u0430\u0442\u044c \u0431\u043b\u0430\u0433\u043e\u0442\u0432\u043e\u0440\u0438\u0442\u0435\u043b\u0435\u043c"}]},{"@type":"WebSite","@id":"https:\/\/sybir.bialystok.pl\/ru\/#website","url":"https:\/\/sybir.bialystok.pl\/ru\/","name":"Muzeum Pami\u0119ci Sybiru","description":"Muzeum Pami\u0119ci Sybiru jest po\u015bwi\u0119cone ludziom, kt\u00f3rzy od ko\u0144ca XVI a\u017c do po\u0142owy XX wieku byli niewoleni i zsy\u0142ani w g\u0142\u0105b Rosji, a p\u00f3\u017aniej Zwi\u0105zku Sowieckiego, jak te\u017c tym, kt\u00f3rzy pod\u0105\u017cali tam dobrowolnie.","potentialAction":[{"@type":"SearchAction","target":{"@type":"EntryPoint","urlTemplate":"https:\/\/sybir.bialystok.pl\/ru\/?s={search_term_string}"},"query-input":{"@type":"PropertyValueSpecification","valueRequired":true,"valueName":"search_term_string"}}],"inLanguage":"ru-RU"}]}},"_links":{"self":[{"href":"https:\/\/sybir.bialystok.pl\/ru\/wp-json\/wp\/v2\/pages\/6237","targetHints":{"allow":["GET"]}}],"collection":[{"href":"https:\/\/sybir.bialystok.pl\/ru\/wp-json\/wp\/v2\/pages"}],"about":[{"href":"https:\/\/sybir.bialystok.pl\/ru\/wp-json\/wp\/v2\/types\/page"}],"author":[{"embeddable":true,"href":"https:\/\/sybir.bialystok.pl\/ru\/wp-json\/wp\/v2\/users\/2"}],"replies":[{"embeddable":true,"href":"https:\/\/sybir.bialystok.pl\/ru\/wp-json\/wp\/v2\/comments?post=6237"}],"version-history":[{"count":5,"href":"https:\/\/sybir.bialystok.pl\/ru\/wp-json\/wp\/v2\/pages\/6237\/revisions"}],"predecessor-version":[{"id":42666,"href":"https:\/\/sybir.bialystok.pl\/ru\/wp-json\/wp\/v2\/pages\/6237\/revisions\/42666"}],"up":[{"embeddable":true,"href":"https:\/\/sybir.bialystok.pl\/ru\/wp-json\/wp\/v2\/pages\/230"}],"wp:featuredmedia":[{"embeddable":true,"href":"https:\/\/sybir.bialystok.pl\/ru\/wp-json\/wp\/v2\/media\/2498"}],"wp:attachment":[{"href":"https:\/\/sybir.bialystok.pl\/ru\/wp-json\/wp\/v2\/media?parent=6237"}],"curies":[{"name":"wp","href":"https:\/\/api.w.org\/{rel}","templated":true}]}}