{"id":6185,"date":"2021-03-18T10:14:21","date_gmt":"2021-03-18T09:14:21","guid":{"rendered":"https:\/\/sybir.bialystok.pl\/wystawa-operacja-polska-nkwd-1937-1938\/"},"modified":"2021-08-19T13:49:02","modified_gmt":"2021-08-19T11:49:02","slug":"1937-1938","status":"publish","type":"page","link":"https:\/\/sybir.bialystok.pl\/ru\/1937-1938\/","title":{"rendered":"\u0412\u044b\u0441\u0442\u0430\u0432\u043a\u0430 \u00ab\u041f\u043e\u043b\u044c\u0441\u043a\u0430\u044f \u043e\u043f\u0435\u0440\u0430\u0446\u0438\u044f\u00bb \u041d\u041a\u0412\u0414 1937-1938 \u0433\u0433"},"content":{"rendered":"\n<figure class=\"wp-block-gallery columns-1 is-cropped wp-block-gallery-1 is-layout-flex wp-block-gallery-is-layout-flex\"><ul class=\"blocks-gallery-grid\"><li class=\"blocks-gallery-item\"><figure><img loading=\"lazy\" decoding=\"async\" width=\"1024\" height=\"645\" src=\"https:\/\/sybir.bialystok.pl\/wp-content\/uploads\/2021\/03\/Operacja-Polska-NKWD-1-1024x645.jpg\" alt=\"\" data-id=\"1667\" data-full-url=\"https:\/\/sybir.bialystok.pl\/wp-content\/uploads\/2021\/03\/Operacja-Polska-NKWD-1-scaled.jpg\" data-link=\"https:\/\/sybir.bialystok.pl\/wystawa-operacja-polska-nkwd-1937-1938\/operacja-polska-nkwd-1\/\" class=\"wp-image-1667\" srcset=\"https:\/\/sybir.bialystok.pl\/wp-content\/uploads\/2021\/03\/Operacja-Polska-NKWD-1-1024x645.jpg 1024w, https:\/\/sybir.bialystok.pl\/wp-content\/uploads\/2021\/03\/Operacja-Polska-NKWD-1-300x189.jpg 300w, https:\/\/sybir.bialystok.pl\/wp-content\/uploads\/2021\/03\/Operacja-Polska-NKWD-1-768x484.jpg 768w, https:\/\/sybir.bialystok.pl\/wp-content\/uploads\/2021\/03\/Operacja-Polska-NKWD-1-1536x968.jpg 1536w, https:\/\/sybir.bialystok.pl\/wp-content\/uploads\/2021\/03\/Operacja-Polska-NKWD-1-2048x1290.jpg 2048w\" sizes=\"auto, (max-width: 1024px) 100vw, 1024px\" \/><\/figure><\/li><\/ul><\/figure>\n\n\n\n<p>\u00ab\u041f\u043e\u043b\u044c\u0441\u043a\u0430\u044f \u043e\u043f\u0435\u0440\u0430\u0446\u0438\u044f\u00bb \u0431\u044b\u043b\u0430 \u043a\u0440\u0443\u043f\u043d\u0435\u0439\u0448\u0435\u0439 \u0438\u0437 \u0442\u0430\u043a \u043d\u0430\u0437\u044b\u0432\u0430\u0435\u043c\u044b\u0445 \u043d\u0430\u0446\u0438\u043e\u043d\u0430\u043b\u044c\u043d\u044b\u0445 \u043e\u043f\u0435\u0440\u0430\u0446\u0438\u0439, \u043f\u0440\u043e\u0432\u0435\u0434\u0435\u043d\u043d\u044b\u0445 \u041d\u041a\u0412\u0414 \u0432\u043e \u0432\u0440\u0435\u043c\u044f \u0411\u043e\u043b\u044c\u0448\u043e\u0433\u043e \u0442\u0435\u0440\u0440\u043e\u0440\u0430. \u0412 1937-1938 \u0433\u043e\u0434\u0430\u0445 \u0431\u0435\u0437\u0436\u0430\u043b\u043e\u0441\u0442\u043d\u044b\u0435 \u043e\u0444\u0438\u0446\u0435\u0440\u044b \u0443\u0431\u0438\u043b\u0438 \u0431\u043e\u043b\u0435\u0435 100 \u0442\u044b\u0441. \u043f\u043e\u043b\u044f\u043a\u043e\u0432, \u043f\u0440\u043e\u0436\u0438\u0432\u0430\u044e\u0449\u0438\u0445 \u0432 \u0421\u043e\u0432\u0435\u0442\u0441\u043a\u043e\u043c \u0421\u043e\u044e\u0437e.<\/p>\n\n\n\n<h2 class=\"wp-block-heading\"><a>\u0422\u0435\u0445\u043d\u0438\u0447\u0435\u0441\u043a\u0438\u0435 \u0434\u0430\u043d\u043d\u044b\u0435<\/a><\/h2>\n\n\n\n<p>\u0412\u044b\u0441\u0442\u0430\u0432\u043a\u0430 \u0441\u043e\u0441\u0442\u043e\u0438\u0442 \u0438\u0437 12 \u0434\u043e\u0441\u043e\u043a \u0432 \u0444\u043e\u0440\u043c\u0430\u0442\u0435 150 \u0441\u043c \u0445 100 \u0441\u043c \u0438 4 \u0434\u043e\u0441\u043e\u043a \u0432 \u0444\u043e\u0440\u043c\u0430\u0442\u0435 100 \u0441\u043c \u0445 100 \u0441\u043c. \u0412\u0441\u0435 \u0434\u043e\u0441\u043a\u0438 \u0431\u044b\u043b\u0438 \u043d\u0430\u043f\u0435\u0447\u0430\u0442\u0430\u043d\u044b \u0432 \u043e\u0434\u043d\u043e\u0441\u0442\u043e\u0440\u043e\u043d\u043d\u0435\u043c \u043f\u043e\u0440\u044f\u0434\u043a\u0435 \u043d\u0430 \u0434\u043e\u0441\u043a\u0430\u0445 \u0438\u0437 \u041f\u0412\u0425 \u0442\u043e\u043b\u0449\u0438\u043d\u043e\u0439 3 \u043c\u043c.<\/p>\n\n\n\n<p>\u0412\u044b \u043c\u043e\u0436\u0435\u0442\u0435 \u043f\u043e\u043b\u0443\u0447\u0438\u0442\u044c \u043b\u0438\u0446\u0435\u043d\u0437\u0438\u044e \u043d\u0430 \u043f\u0435\u0447\u0430\u0442\u044c \u0434\u043e\u0441\u043e\u043a \u0432 \u0446\u0438\u0444\u0440\u043e\u0432\u043e\u043c \u0444\u043e\u0440\u043c\u0430\u0442\u0435 TIFF (\u0437\u0430\u043f\u0438\u0441\u044c \u043d\u0430 \u043a\u043e\u043c\u043f\u0430\u043a\u0442-\u0434\u0438\u0441\u043a).<\/p>\n\n\n\n<figure class=\"wp-block-gallery columns-3 is-cropped wp-block-gallery-2 is-layout-flex wp-block-gallery-is-layout-flex\"><ul class=\"blocks-gallery-grid\"><li class=\"blocks-gallery-item\"><figure><a href=\"https:\/\/sybir.bialystok.pl\/?attachment_id=1670\"><img loading=\"lazy\" decoding=\"async\" width=\"1024\" height=\"1024\" src=\"https:\/\/sybir.bialystok.pl\/wp-content\/uploads\/2021\/03\/Operacja-Polska-NKWD-2-1024x1024.jpg\" alt=\"\" data-id=\"1670\" data-full-url=\"https:\/\/sybir.bialystok.pl\/wp-content\/uploads\/2021\/03\/Operacja-Polska-NKWD-2-scaled.jpg\" data-link=\"https:\/\/sybir.bialystok.pl\/?attachment_id=1670\" class=\"wp-image-1670\" srcset=\"https:\/\/sybir.bialystok.pl\/wp-content\/uploads\/2021\/03\/Operacja-Polska-NKWD-2-1024x1024.jpg 1024w, https:\/\/sybir.bialystok.pl\/wp-content\/uploads\/2021\/03\/Operacja-Polska-NKWD-2-300x300.jpg 300w, https:\/\/sybir.bialystok.pl\/wp-content\/uploads\/2021\/03\/Operacja-Polska-NKWD-2-150x150.jpg 150w, https:\/\/sybir.bialystok.pl\/wp-content\/uploads\/2021\/03\/Operacja-Polska-NKWD-2-768x768.jpg 768w, https:\/\/sybir.bialystok.pl\/wp-content\/uploads\/2021\/03\/Operacja-Polska-NKWD-2-1536x1536.jpg 1536w, https:\/\/sybir.bialystok.pl\/wp-content\/uploads\/2021\/03\/Operacja-Polska-NKWD-2-2048x2048.jpg 2048w\" sizes=\"auto, (max-width: 1024px) 100vw, 1024px\" \/><\/a><\/figure><\/li><li class=\"blocks-gallery-item\"><figure><a href=\"https:\/\/sybir.bialystok.pl\/?attachment_id=1673\"><img loading=\"lazy\" decoding=\"async\" width=\"1024\" height=\"683\" src=\"https:\/\/sybir.bialystok.pl\/wp-content\/uploads\/2021\/03\/Operacja-Polska-NKWD-3-1024x683.jpg\" alt=\"\" data-id=\"1673\" data-full-url=\"https:\/\/sybir.bialystok.pl\/wp-content\/uploads\/2021\/03\/Operacja-Polska-NKWD-3-scaled.jpg\" data-link=\"https:\/\/sybir.bialystok.pl\/?attachment_id=1673\" class=\"wp-image-1673\" srcset=\"https:\/\/sybir.bialystok.pl\/wp-content\/uploads\/2021\/03\/Operacja-Polska-NKWD-3-1024x683.jpg 1024w, https:\/\/sybir.bialystok.pl\/wp-content\/uploads\/2021\/03\/Operacja-Polska-NKWD-3-300x200.jpg 300w, https:\/\/sybir.bialystok.pl\/wp-content\/uploads\/2021\/03\/Operacja-Polska-NKWD-3-768x512.jpg 768w, https:\/\/sybir.bialystok.pl\/wp-content\/uploads\/2021\/03\/Operacja-Polska-NKWD-3-1536x1024.jpg 1536w, https:\/\/sybir.bialystok.pl\/wp-content\/uploads\/2021\/03\/Operacja-Polska-NKWD-3-2048x1365.jpg 2048w\" sizes=\"auto, (max-width: 1024px) 100vw, 1024px\" \/><\/a><\/figure><\/li><li class=\"blocks-gallery-item\"><figure><a href=\"https:\/\/sybir.bialystok.pl\/?attachment_id=1676\"><img loading=\"lazy\" decoding=\"async\" width=\"1024\" height=\"1024\" src=\"https:\/\/sybir.bialystok.pl\/wp-content\/uploads\/2021\/03\/Operacja-Polska-NKWD-1024x1024.jpg\" alt=\"\" data-id=\"1676\" data-full-url=\"https:\/\/sybir.bialystok.pl\/wp-content\/uploads\/2021\/03\/Operacja-Polska-NKWD-scaled.jpg\" data-link=\"https:\/\/sybir.bialystok.pl\/?attachment_id=1676\" class=\"wp-image-1676\" srcset=\"https:\/\/sybir.bialystok.pl\/wp-content\/uploads\/2021\/03\/Operacja-Polska-NKWD-1024x1024.jpg 1024w, https:\/\/sybir.bialystok.pl\/wp-content\/uploads\/2021\/03\/Operacja-Polska-NKWD-300x300.jpg 300w, https:\/\/sybir.bialystok.pl\/wp-content\/uploads\/2021\/03\/Operacja-Polska-NKWD-150x150.jpg 150w, https:\/\/sybir.bialystok.pl\/wp-content\/uploads\/2021\/03\/Operacja-Polska-NKWD-768x768.jpg 768w, https:\/\/sybir.bialystok.pl\/wp-content\/uploads\/2021\/03\/Operacja-Polska-NKWD-1536x1536.jpg 1536w, https:\/\/sybir.bialystok.pl\/wp-content\/uploads\/2021\/03\/Operacja-Polska-NKWD-2048x2048.jpg 2048w\" sizes=\"auto, (max-width: 1024px) 100vw, 1024px\" \/><\/a><\/figure><\/li><\/ul><\/figure>\n\n\n\n<p>\u041f\u043e\u0434\u0440\u043e\u0431\u043d\u0430\u044f \u0438\u043d\u0444\u043e\u0440\u043c\u0430\u0446\u0438\u044f \u043e\u0431 \u0443\u0441\u043b\u043e\u0432\u0438\u044f\u0445 \u0430\u0440\u0435\u043d\u0434\u044b \u043f\u0440\u0435\u0434\u043e\u0441\u0442\u0430\u0432\u043b\u044f\u0435\u0442\u0441\u044f \u043e\u0442\u0434\u0435\u043b\u043e\u043c \u043c\u0430\u0440\u043a\u0435\u0442\u0438\u043d\u0433\u0430 \u0438 \u043f\u0440\u043e\u0434\u0430\u0436.<\/p>\n\n\n\n<ul class=\"wp-block-list\" id=\"block-96e7e532-4d32-4925-bfaa-60be45e6e2ad\"><li>tel.<strong> <strong>+48 795 650 804<\/strong><\/strong><\/li><li>e-mail: <strong><a href=\"mailto:j.roguz@sybir.bialystok.pl\"><strong>marketing@sybir.bialystok.pl<\/strong><\/a><\/strong><\/li><\/ul>\n","protected":false},"excerpt":{"rendered":"<p>\u0411\u043e\u043b\u044c\u0448\u043e\u0439 \u0442\u0435\u0440\u0440\u043e\u0440, \u043d\u0430\u0447\u0430\u0442\u044b\u0439 \u0421\u0442\u0430\u043b\u0438\u043d\u044b\u043c \u0432 \u043a\u043e\u043d\u0446\u0435 1930-\u0445 \u0433\u043e\u0434\u043e\u0432, \u043d\u0435 \u043f\u043e\u0449\u0430\u0434\u0438\u043b \u043f\u043e\u043b\u044f\u043a\u043e\u0432, \u0436\u0438\u0432\u0448\u0438\u0445 \u0432 \u0421\u043e\u0432\u0435\u0442\u0441\u043a\u043e\u043c \u0421\u043e\u044e\u0437\u0435.<\/p>\n","protected":false},"author":1,"featured_media":1669,"parent":0,"menu_order":0,"comment_status":"closed","ping_status":"closed","template":"","meta":{"_acf_changed":false,"_editorskit_title_hidden":false,"_editorskit_reading_time":0,"_editorskit_is_block_options_detached":false,"_editorskit_block_options_position":"{}","footnotes":""},"class_list":["post-6185","page","type-page","status-publish","has-post-thumbnail","hentry"],"acf":[],"yoast_head":"<!-- This site is optimized with the Yoast SEO plugin v24.6 - https:\/\/yoast.com\/wordpress\/plugins\/seo\/ -->\n<title>\u0412\u044b\u0441\u0442\u0430\u0432\u043a\u0430 \u00ab\u041f\u043e\u043b\u044c\u0441\u043a\u0430\u044f \u043e\u043f\u0435\u0440\u0430\u0446\u0438\u044f\u00bb \u041d\u041a\u0412\u0414 1937-1938 \u0433\u0433 - Muzeum Pami\u0119ci Sybiru<\/title>\n<meta name=\"description\" content=\"Wielki Terror rozp\u0119tany przez Stalina w ko\u0144cu lat 30. XX w. nie omin\u0105\u0142 Polak\u00f3w zamieszkuj\u0105cych Zwi\u0105zek Sowiecki.\" \/>\n<meta name=\"robots\" content=\"index, follow, max-snippet:-1, max-image-preview:large, max-video-preview:-1\" \/>\n<link rel=\"canonical\" href=\"https:\/\/sybir.bialystok.pl\/ru\/1937-1938\/\" \/>\n<meta property=\"og:locale\" content=\"ru_RU\" \/>\n<meta property=\"og:type\" content=\"article\" \/>\n<meta property=\"og:title\" content=\"\u0412\u044b\u0441\u0442\u0430\u0432\u043a\u0430 \u00ab\u041f\u043e\u043b\u044c\u0441\u043a\u0430\u044f \u043e\u043f\u0435\u0440\u0430\u0446\u0438\u044f\u00bb \u041d\u041a\u0412\u0414 1937-1938 \u0433\u0433 - Muzeum Pami\u0119ci Sybiru\" \/>\n<meta property=\"og:description\" content=\"Wielki Terror rozp\u0119tany przez Stalina w ko\u0144cu lat 30. XX w. nie omin\u0105\u0142 Polak\u00f3w zamieszkuj\u0105cych Zwi\u0105zek Sowiecki.\" \/>\n<meta property=\"og:url\" content=\"https:\/\/sybir.bialystok.pl\/ru\/1937-1938\/\" \/>\n<meta property=\"og:site_name\" content=\"Muzeum Pami\u0119ci Sybiru\" \/>\n<meta property=\"article:modified_time\" content=\"2021-08-19T11:49:02+00:00\" \/>\n<meta property=\"og:image\" content=\"https:\/\/sybir.bialystok.pl\/wp-content\/uploads\/2021\/03\/Operacja-Polska-NKWD-1-scaled.jpg\" \/>\n\t<meta property=\"og:image:width\" content=\"2560\" \/>\n\t<meta property=\"og:image:height\" content=\"1613\" \/>\n\t<meta property=\"og:image:type\" content=\"image\/jpeg\" \/>\n<meta name=\"twitter:card\" content=\"summary_large_image\" \/>\n<meta name=\"twitter:label1\" content=\"\u041f\u0440\u0438\u043c\u0435\u0440\u043d\u043e\u0435 \u0432\u0440\u0435\u043c\u044f \u0434\u043b\u044f \u0447\u0442\u0435\u043d\u0438\u044f\" \/>\n\t<meta name=\"twitter:data1\" content=\"2 \u043c\u0438\u043d\u0443\u0442\u044b\" \/>\n<script type=\"application\/ld+json\" class=\"yoast-schema-graph\">{\"@context\":\"https:\/\/schema.org\",\"@graph\":[{\"@type\":\"WebPage\",\"@id\":\"https:\/\/sybir.bialystok.pl\/ru\/1937-1938\/\",\"url\":\"https:\/\/sybir.bialystok.pl\/ru\/1937-1938\/\",\"name\":\"\u0412\u044b\u0441\u0442\u0430\u0432\u043a\u0430 \u00ab\u041f\u043e\u043b\u044c\u0441\u043a\u0430\u044f \u043e\u043f\u0435\u0440\u0430\u0446\u0438\u044f\u00bb \u041d\u041a\u0412\u0414 1937-1938 \u0433\u0433 - Muzeum Pami\u0119ci Sybiru\",\"isPartOf\":{\"@id\":\"https:\/\/sybir.bialystok.pl\/ru\/#website\"},\"primaryImageOfPage\":{\"@id\":\"https:\/\/sybir.bialystok.pl\/ru\/1937-1938\/#primaryimage\"},\"image\":{\"@id\":\"https:\/\/sybir.bialystok.pl\/ru\/1937-1938\/#primaryimage\"},\"thumbnailUrl\":\"https:\/\/sybir.bialystok.pl\/wp-content\/uploads\/2021\/03\/Operacja-Polska-NKWD-1-scaled.jpg\",\"datePublished\":\"2021-03-18T09:14:21+00:00\",\"dateModified\":\"2021-08-19T11:49:02+00:00\",\"description\":\"Wielki Terror rozp\u0119tany przez Stalina w ko\u0144cu lat 30. XX w. nie omin\u0105\u0142 Polak\u00f3w zamieszkuj\u0105cych Zwi\u0105zek Sowiecki.\",\"breadcrumb\":{\"@id\":\"https:\/\/sybir.bialystok.pl\/ru\/1937-1938\/#breadcrumb\"},\"inLanguage\":\"ru-RU\",\"potentialAction\":[{\"@type\":\"ReadAction\",\"target\":[\"https:\/\/sybir.bialystok.pl\/ru\/1937-1938\/\"]}]},{\"@type\":\"ImageObject\",\"inLanguage\":\"ru-RU\",\"@id\":\"https:\/\/sybir.bialystok.pl\/ru\/1937-1938\/#primaryimage\",\"url\":\"https:\/\/sybir.bialystok.pl\/wp-content\/uploads\/2021\/03\/Operacja-Polska-NKWD-1-scaled.jpg\",\"contentUrl\":\"https:\/\/sybir.bialystok.pl\/wp-content\/uploads\/2021\/03\/Operacja-Polska-NKWD-1-scaled.jpg\",\"width\":2560,\"height\":1613},{\"@type\":\"BreadcrumbList\",\"@id\":\"https:\/\/sybir.bialystok.pl\/ru\/1937-1938\/#breadcrumb\",\"itemListElement\":[{\"@type\":\"ListItem\",\"position\":1,\"name\":\"\u0414\u043e\u043c\",\"item\":\"https:\/\/sybir.bialystok.pl\/ru\/\"},{\"@type\":\"ListItem\",\"position\":2,\"name\":\"\u0412\u044b\u0441\u0442\u0430\u0432\u043a\u0430 \u00ab\u041f\u043e\u043b\u044c\u0441\u043a\u0430\u044f \u043e\u043f\u0435\u0440\u0430\u0446\u0438\u044f\u00bb \u041d\u041a\u0412\u0414 1937-1938 \u0433\u0433\"}]},{\"@type\":\"WebSite\",\"@id\":\"https:\/\/sybir.bialystok.pl\/ru\/#website\",\"url\":\"https:\/\/sybir.bialystok.pl\/ru\/\",\"name\":\"Muzeum Pami\u0119ci Sybiru\",\"description\":\"Muzeum Pami\u0119ci Sybiru jest po\u015bwi\u0119cone ludziom, kt\u00f3rzy od ko\u0144ca XVI a\u017c do po\u0142owy XX wieku byli niewoleni i zsy\u0142ani w g\u0142\u0105b Rosji, a p\u00f3\u017aniej Zwi\u0105zku Sowieckiego, jak te\u017c tym, kt\u00f3rzy pod\u0105\u017cali tam dobrowolnie.\",\"potentialAction\":[{\"@type\":\"SearchAction\",\"target\":{\"@type\":\"EntryPoint\",\"urlTemplate\":\"https:\/\/sybir.bialystok.pl\/ru\/?s={search_term_string}\"},\"query-input\":{\"@type\":\"PropertyValueSpecification\",\"valueRequired\":true,\"valueName\":\"search_term_string\"}}],\"inLanguage\":\"ru-RU\"}]}<\/script>\n<!-- \/ Yoast SEO plugin. -->","yoast_head_json":{"title":"\u0412\u044b\u0441\u0442\u0430\u0432\u043a\u0430 \u00ab\u041f\u043e\u043b\u044c\u0441\u043a\u0430\u044f \u043e\u043f\u0435\u0440\u0430\u0446\u0438\u044f\u00bb \u041d\u041a\u0412\u0414 1937-1938 \u0433\u0433 - Muzeum Pami\u0119ci Sybiru","description":"Wielki Terror rozp\u0119tany przez Stalina w ko\u0144cu lat 30. XX w. nie omin\u0105\u0142 Polak\u00f3w zamieszkuj\u0105cych Zwi\u0105zek Sowiecki.","robots":{"index":"index","follow":"follow","max-snippet":"max-snippet:-1","max-image-preview":"max-image-preview:large","max-video-preview":"max-video-preview:-1"},"canonical":"https:\/\/sybir.bialystok.pl\/ru\/1937-1938\/","og_locale":"ru_RU","og_type":"article","og_title":"\u0412\u044b\u0441\u0442\u0430\u0432\u043a\u0430 \u00ab\u041f\u043e\u043b\u044c\u0441\u043a\u0430\u044f \u043e\u043f\u0435\u0440\u0430\u0446\u0438\u044f\u00bb \u041d\u041a\u0412\u0414 1937-1938 \u0433\u0433 - Muzeum Pami\u0119ci Sybiru","og_description":"Wielki Terror rozp\u0119tany przez Stalina w ko\u0144cu lat 30. XX w. nie omin\u0105\u0142 Polak\u00f3w zamieszkuj\u0105cych Zwi\u0105zek Sowiecki.","og_url":"https:\/\/sybir.bialystok.pl\/ru\/1937-1938\/","og_site_name":"Muzeum Pami\u0119ci Sybiru","article_modified_time":"2021-08-19T11:49:02+00:00","og_image":[{"width":2560,"height":1613,"url":"https:\/\/sybir.bialystok.pl\/wp-content\/uploads\/2021\/03\/Operacja-Polska-NKWD-1-scaled.jpg","type":"image\/jpeg"}],"twitter_card":"summary_large_image","twitter_misc":{"\u041f\u0440\u0438\u043c\u0435\u0440\u043d\u043e\u0435 \u0432\u0440\u0435\u043c\u044f \u0434\u043b\u044f \u0447\u0442\u0435\u043d\u0438\u044f":"2 \u043c\u0438\u043d\u0443\u0442\u044b"},"schema":{"@context":"https:\/\/schema.org","@graph":[{"@type":"WebPage","@id":"https:\/\/sybir.bialystok.pl\/ru\/1937-1938\/","url":"https:\/\/sybir.bialystok.pl\/ru\/1937-1938\/","name":"\u0412\u044b\u0441\u0442\u0430\u0432\u043a\u0430 \u00ab\u041f\u043e\u043b\u044c\u0441\u043a\u0430\u044f \u043e\u043f\u0435\u0440\u0430\u0446\u0438\u044f\u00bb \u041d\u041a\u0412\u0414 1937-1938 \u0433\u0433 - Muzeum Pami\u0119ci Sybiru","isPartOf":{"@id":"https:\/\/sybir.bialystok.pl\/ru\/#website"},"primaryImageOfPage":{"@id":"https:\/\/sybir.bialystok.pl\/ru\/1937-1938\/#primaryimage"},"image":{"@id":"https:\/\/sybir.bialystok.pl\/ru\/1937-1938\/#primaryimage"},"thumbnailUrl":"https:\/\/sybir.bialystok.pl\/wp-content\/uploads\/2021\/03\/Operacja-Polska-NKWD-1-scaled.jpg","datePublished":"2021-03-18T09:14:21+00:00","dateModified":"2021-08-19T11:49:02+00:00","description":"Wielki Terror rozp\u0119tany przez Stalina w ko\u0144cu lat 30. XX w. nie omin\u0105\u0142 Polak\u00f3w zamieszkuj\u0105cych Zwi\u0105zek Sowiecki.","breadcrumb":{"@id":"https:\/\/sybir.bialystok.pl\/ru\/1937-1938\/#breadcrumb"},"inLanguage":"ru-RU","potentialAction":[{"@type":"ReadAction","target":["https:\/\/sybir.bialystok.pl\/ru\/1937-1938\/"]}]},{"@type":"ImageObject","inLanguage":"ru-RU","@id":"https:\/\/sybir.bialystok.pl\/ru\/1937-1938\/#primaryimage","url":"https:\/\/sybir.bialystok.pl\/wp-content\/uploads\/2021\/03\/Operacja-Polska-NKWD-1-scaled.jpg","contentUrl":"https:\/\/sybir.bialystok.pl\/wp-content\/uploads\/2021\/03\/Operacja-Polska-NKWD-1-scaled.jpg","width":2560,"height":1613},{"@type":"BreadcrumbList","@id":"https:\/\/sybir.bialystok.pl\/ru\/1937-1938\/#breadcrumb","itemListElement":[{"@type":"ListItem","position":1,"name":"\u0414\u043e\u043c","item":"https:\/\/sybir.bialystok.pl\/ru\/"},{"@type":"ListItem","position":2,"name":"\u0412\u044b\u0441\u0442\u0430\u0432\u043a\u0430 \u00ab\u041f\u043e\u043b\u044c\u0441\u043a\u0430\u044f \u043e\u043f\u0435\u0440\u0430\u0446\u0438\u044f\u00bb \u041d\u041a\u0412\u0414 1937-1938 \u0433\u0433"}]},{"@type":"WebSite","@id":"https:\/\/sybir.bialystok.pl\/ru\/#website","url":"https:\/\/sybir.bialystok.pl\/ru\/","name":"Muzeum Pami\u0119ci Sybiru","description":"Muzeum Pami\u0119ci Sybiru jest po\u015bwi\u0119cone ludziom, kt\u00f3rzy od ko\u0144ca XVI a\u017c do po\u0142owy XX wieku byli niewoleni i zsy\u0142ani w g\u0142\u0105b Rosji, a p\u00f3\u017aniej Zwi\u0105zku Sowieckiego, jak te\u017c tym, kt\u00f3rzy pod\u0105\u017cali tam dobrowolnie.","potentialAction":[{"@type":"SearchAction","target":{"@type":"EntryPoint","urlTemplate":"https:\/\/sybir.bialystok.pl\/ru\/?s={search_term_string}"},"query-input":{"@type":"PropertyValueSpecification","valueRequired":true,"valueName":"search_term_string"}}],"inLanguage":"ru-RU"}]}},"_links":{"self":[{"href":"https:\/\/sybir.bialystok.pl\/ru\/wp-json\/wp\/v2\/pages\/6185","targetHints":{"allow":["GET"]}}],"collection":[{"href":"https:\/\/sybir.bialystok.pl\/ru\/wp-json\/wp\/v2\/pages"}],"about":[{"href":"https:\/\/sybir.bialystok.pl\/ru\/wp-json\/wp\/v2\/types\/page"}],"author":[{"embeddable":true,"href":"https:\/\/sybir.bialystok.pl\/ru\/wp-json\/wp\/v2\/users\/1"}],"replies":[{"embeddable":true,"href":"https:\/\/sybir.bialystok.pl\/ru\/wp-json\/wp\/v2\/comments?post=6185"}],"version-history":[{"count":2,"href":"https:\/\/sybir.bialystok.pl\/ru\/wp-json\/wp\/v2\/pages\/6185\/revisions"}],"predecessor-version":[{"id":6877,"href":"https:\/\/sybir.bialystok.pl\/ru\/wp-json\/wp\/v2\/pages\/6185\/revisions\/6877"}],"wp:featuredmedia":[{"embeddable":true,"href":"https:\/\/sybir.bialystok.pl\/ru\/wp-json\/wp\/v2\/media\/1669"}],"wp:attachment":[{"href":"https:\/\/sybir.bialystok.pl\/ru\/wp-json\/wp\/v2\/media?parent=6185"}],"curies":[{"name":"wp","href":"https:\/\/api.w.org\/{rel}","templated":true}]}}