{"id":6173,"date":"2021-02-11T14:02:50","date_gmt":"2021-02-11T13:02:50","guid":{"rendered":"https:\/\/sybir.bialystok.pl\/wspolpraca\/wynajem-sal-i-powierzchni\/"},"modified":"2024-03-14T10:59:44","modified_gmt":"2024-03-14T09:59:44","slug":"wynajem-sal-i-powierzchni","status":"publish","type":"page","link":"https:\/\/sybir.bialystok.pl\/ru\/%d0%bc%d1%83%d0%b7%d0%b5%d0%b9-2\/%d1%81%d0%be%d1%82%d1%80%d1%83%d0%b4%d0%bd%d0%b8%d1%87%d0%b5%d1%81%d1%82%d0%b2%d0%be\/wynajem-sal-i-powierzchni\/","title":{"rendered":"Wynajem sal i powierzchni"},"content":{"rendered":"\n<figure class=\"wp-block-gallery has-nested-images columns-default is-cropped wp-block-gallery-1 is-layout-flex wp-block-gallery-is-layout-flex\">\n<figure class=\"wp-block-image size-large\"><a href=\"https:\/\/sybir.bialystok.pl\/wp-content\/uploads\/2021\/09\/DSC09249-2048px-72dpi-podostrzane.jpg\"><img loading=\"lazy\" decoding=\"async\" width=\"1024\" height=\"683\" data-id=\"8031\" src=\"https:\/\/sybir.bialystok.pl\/wp-content\/uploads\/2021\/09\/DSC09249-2048px-72dpi-podostrzane-1024x683.jpg\" alt=\"Zdj\u0119cie przedstawia oszklone wej\u015bcie na sal\u0119 konferencyjn\u0105 wewn\u0105trz budynku Muzeum.\" class=\"wp-image-8031\" srcset=\"https:\/\/sybir.bialystok.pl\/wp-content\/uploads\/2021\/09\/DSC09249-2048px-72dpi-podostrzane-1024x683.jpg 1024w, https:\/\/sybir.bialystok.pl\/wp-content\/uploads\/2021\/09\/DSC09249-2048px-72dpi-podostrzane-300x200.jpg 300w, https:\/\/sybir.bialystok.pl\/wp-content\/uploads\/2021\/09\/DSC09249-2048px-72dpi-podostrzane-768x512.jpg 768w, https:\/\/sybir.bialystok.pl\/wp-content\/uploads\/2021\/09\/DSC09249-2048px-72dpi-podostrzane-1536x1024.jpg 1536w, https:\/\/sybir.bialystok.pl\/wp-content\/uploads\/2021\/09\/DSC09249-2048px-72dpi-podostrzane.jpg 2048w\" sizes=\"auto, (max-width: 1024px) 100vw, 1024px\" \/><\/a><\/figure>\n<\/figure>\n\n\n\n<div style=\"height:39px\" aria-hidden=\"true\" class=\"wp-block-spacer\"><\/div>\n\n\n\n<p>W Muzeum Pami\u0119ci Sybiru znajduje si\u0119 nowoczesna sala audiowizualna wyposa\u017cona w sprz\u0119t multimedialny: profesjonalne nag\u0142o\u015bnienie, wysokiej jako\u015bci projektor, mikrofony stoj\u0105ce, bezprzewodowe, czy mikrofony nag\u0142owne.<\/p>\n\n\n\n<p>W sk\u0142ad wyposa\u017cenia wchodzi r\u00f3wnie\u017c kabina do t\u0142umacze\u0144 symultanicznych, kt\u00f3ra pozwoli na zorganizowanie wydarzenia r\u00f3wnie\u017c dla go\u015bci obcoj\u0119zycznych.<\/p>\n\n\n\n<p>Inteligentny system zarz\u0105dzania sal\u0105 pozwala na dopasowanie rodzaju i nat\u0119\u017cenia o\u015bwietlenia, czy poziomu g\u0142o\u015bno\u015bci do specyfiki wydarzenia.<\/p>\n\n\n\n<div style=\"height:40px\" aria-hidden=\"true\" class=\"wp-block-spacer\"><\/div>\n\n\n\n<figure class=\"wp-block-gallery has-nested-images columns-default is-cropped wp-block-gallery-2 is-layout-flex wp-block-gallery-is-layout-flex\">\n<figure class=\"wp-block-image size-large\"><a href=\"https:\/\/sybir.bialystok.pl\/wp-content\/uploads\/2021\/10\/SALA-1.jpg\"><img loading=\"lazy\" decoding=\"async\" width=\"1024\" height=\"684\" data-id=\"10228\" src=\"https:\/\/sybir.bialystok.pl\/wp-content\/uploads\/2021\/10\/SALA-1-1024x684.jpg\" alt=\"Zdj\u0119cie przedstawia Pani\u0105, kt\u00f3ra przegl\u0105da dokumentacj\u0119 na sali konferencyjnej.\" class=\"wp-image-10228\" srcset=\"https:\/\/sybir.bialystok.pl\/wp-content\/uploads\/2021\/10\/SALA-1-1024x684.jpg 1024w, https:\/\/sybir.bialystok.pl\/wp-content\/uploads\/2021\/10\/SALA-1-300x200.jpg 300w, https:\/\/sybir.bialystok.pl\/wp-content\/uploads\/2021\/10\/SALA-1-768x513.jpg 768w, https:\/\/sybir.bialystok.pl\/wp-content\/uploads\/2021\/10\/SALA-1-1536x1025.jpg 1536w, https:\/\/sybir.bialystok.pl\/wp-content\/uploads\/2021\/10\/SALA-1.jpg 2048w\" sizes=\"auto, (max-width: 1024px) 100vw, 1024px\" \/><\/a><\/figure>\n\n\n\n<figure class=\"wp-block-image size-large\"><a href=\"https:\/\/sybir.bialystok.pl\/wp-content\/uploads\/2021\/10\/SALA-2.jpg\"><img loading=\"lazy\" decoding=\"async\" width=\"1024\" height=\"684\" data-id=\"10231\" src=\"https:\/\/sybir.bialystok.pl\/wp-content\/uploads\/2021\/10\/SALA-2-1024x684.jpg\" alt=\"Zdj\u0119cie przedstawia przyciemniony korytarz przy wej\u015bciu na sal\u0119 audiowizualn\u0105.\" class=\"wp-image-10231\" srcset=\"https:\/\/sybir.bialystok.pl\/wp-content\/uploads\/2021\/10\/SALA-2-1024x684.jpg 1024w, https:\/\/sybir.bialystok.pl\/wp-content\/uploads\/2021\/10\/SALA-2-300x200.jpg 300w, https:\/\/sybir.bialystok.pl\/wp-content\/uploads\/2021\/10\/SALA-2-768x513.jpg 768w, https:\/\/sybir.bialystok.pl\/wp-content\/uploads\/2021\/10\/SALA-2-1536x1025.jpg 1536w, https:\/\/sybir.bialystok.pl\/wp-content\/uploads\/2021\/10\/SALA-2.jpg 2048w\" sizes=\"auto, (max-width: 1024px) 100vw, 1024px\" \/><\/a><\/figure>\n\n\n\n<figure class=\"wp-block-image size-large\"><a href=\"https:\/\/sybir.bialystok.pl\/wp-content\/uploads\/2021\/10\/SALA-3.jpg\"><img loading=\"lazy\" decoding=\"async\" width=\"1024\" height=\"684\" data-id=\"10234\" src=\"https:\/\/sybir.bialystok.pl\/wp-content\/uploads\/2021\/10\/SALA-3-1024x684.jpg\" alt=\"Zdj\u0119cie przedstawia uczestnik\u00f3w podczas spotkania na sali konferencyjnej.\" class=\"wp-image-10234\" srcset=\"https:\/\/sybir.bialystok.pl\/wp-content\/uploads\/2021\/10\/SALA-3-1024x684.jpg 1024w, https:\/\/sybir.bialystok.pl\/wp-content\/uploads\/2021\/10\/SALA-3-300x200.jpg 300w, https:\/\/sybir.bialystok.pl\/wp-content\/uploads\/2021\/10\/SALA-3-768x513.jpg 768w, https:\/\/sybir.bialystok.pl\/wp-content\/uploads\/2021\/10\/SALA-3-1536x1025.jpg 1536w, https:\/\/sybir.bialystok.pl\/wp-content\/uploads\/2021\/10\/SALA-3.jpg 2048w\" sizes=\"auto, (max-width: 1024px) 100vw, 1024px\" \/><\/a><\/figure>\n\n\n\n<figure class=\"wp-block-image size-large\"><a href=\"https:\/\/sybir.bialystok.pl\/wp-content\/uploads\/2021\/10\/SALA-4.jpg\"><img loading=\"lazy\" decoding=\"async\" width=\"1024\" height=\"684\" data-id=\"10237\" src=\"https:\/\/sybir.bialystok.pl\/wp-content\/uploads\/2021\/10\/SALA-4-1024x684.jpg\" alt=\"Zdj\u0119cie przedstawia przem\u00f3wienie go\u015bcia w obecno\u015bci pracownika dzia\u0142u naukowego na sali konferencyjnej.\n\" class=\"wp-image-10237\" srcset=\"https:\/\/sybir.bialystok.pl\/wp-content\/uploads\/2021\/10\/SALA-4-1024x684.jpg 1024w, https:\/\/sybir.bialystok.pl\/wp-content\/uploads\/2021\/10\/SALA-4-300x200.jpg 300w, https:\/\/sybir.bialystok.pl\/wp-content\/uploads\/2021\/10\/SALA-4-768x513.jpg 768w, https:\/\/sybir.bialystok.pl\/wp-content\/uploads\/2021\/10\/SALA-4-1536x1025.jpg 1536w, https:\/\/sybir.bialystok.pl\/wp-content\/uploads\/2021\/10\/SALA-4.jpg 2048w\" sizes=\"auto, (max-width: 1024px) 100vw, 1024px\" \/><\/a><\/figure>\n<\/figure>\n\n\n\n<div style=\"height:40px\" aria-hidden=\"true\" class=\"wp-block-spacer\"><\/div>\n\n\n\n<p>W ofercie posiadamy kameralne sale edukacyjne, w kt\u00f3rych mo\u017cna zorganizowa\u0107 m.in. warsztaty szkolne, warsztaty dla indywidualnych grup zorganizowanych, czy zaj\u0119cia dotycz\u0105ce Sybiru dla doros\u0142ych.<\/p>\n\n\n\n<p>Wysoki standard wyposa\u017cenia, atrakcyjny wystr\u00f3j oraz\u00a0liczne mo\u017cliwo\u015bci aran\u017cacji pozwol\u0105 na zorganizowanie profesjonalnego wydarzenia. <\/p>\n\n\n\n<p><\/p>\n\n\n\n<h1 class=\"wp-block-heading has-medium-font-size\">INFROMACJE DOTYCZ\u0104CE MO\u017bLIWO\u015aCI WYNAJMU WKR\u00d3TCE <\/h1>\n","protected":false},"excerpt":{"rendered":"<p>Wysoki standard wyposa\u017cenia, atrakcyjny wystr\u00f3j oraz liczne mo\u017cliwo\u015bci aran\u017cacji pozwol\u0105 na zorganizowanie profesjonalnego wydarzenia.<\/p>\n","protected":false},"author":2,"featured_media":10227,"parent":6155,"menu_order":3,"comment_status":"closed","ping_status":"closed","template":"","meta":{"_acf_changed":false,"_editorskit_title_hidden":false,"_editorskit_reading_time":0,"_editorskit_is_block_options_detached":false,"_editorskit_block_options_position":"{}","footnotes":""},"class_list":["post-6173","page","type-page","status-publish","has-post-thumbnail","hentry"],"acf":[],"yoast_head":"<!-- This site is optimized with the Yoast SEO plugin v24.6 - https:\/\/yoast.com\/wordpress\/plugins\/seo\/ -->\n<title>Wynajem sal i powierzchni - Muzeum Pami\u0119ci Sybiru<\/title>\n<meta name=\"description\" content=\"Wysoki standard wyposa\u017cenia, atrakcyjny wystr\u00f3j oraz liczne mo\u017cliwo\u015bci aran\u017cacji pozwol\u0105 na zorganizowanie profesjonalnego wydarzenia.\" \/>\n<meta name=\"robots\" content=\"index, follow, max-snippet:-1, max-image-preview:large, max-video-preview:-1\" \/>\n<link rel=\"canonical\" href=\"https:\/\/sybir.bialystok.pl\/ru\/%d0%bc%d1%83%d0%b7%d0%b5%d0%b9-2\/%d1%81%d0%be%d1%82%d1%80%d1%83%d0%b4%d0%bd%d0%b8%d1%87%d0%b5%d1%81%d1%82%d0%b2%d0%be\/wynajem-sal-i-powierzchni\/\" \/>\n<meta property=\"og:locale\" content=\"ru_RU\" \/>\n<meta property=\"og:type\" content=\"article\" \/>\n<meta property=\"og:title\" content=\"Wynajem sal i powierzchni - Muzeum Pami\u0119ci Sybiru\" \/>\n<meta property=\"og:description\" content=\"Wysoki standard wyposa\u017cenia, atrakcyjny wystr\u00f3j oraz liczne mo\u017cliwo\u015bci aran\u017cacji pozwol\u0105 na zorganizowanie profesjonalnego wydarzenia.\" \/>\n<meta property=\"og:url\" content=\"https:\/\/sybir.bialystok.pl\/ru\/%d0%bc%d1%83%d0%b7%d0%b5%d0%b9-2\/%d1%81%d0%be%d1%82%d1%80%d1%83%d0%b4%d0%bd%d0%b8%d1%87%d0%b5%d1%81%d1%82%d0%b2%d0%be\/wynajem-sal-i-powierzchni\/\" \/>\n<meta property=\"og:site_name\" content=\"Muzeum Pami\u0119ci Sybiru\" \/>\n<meta property=\"article:modified_time\" content=\"2024-03-14T09:59:44+00:00\" \/>\n<meta property=\"og:image\" content=\"https:\/\/sybir.bialystok.pl\/wp-content\/uploads\/2021\/10\/SALA-AUDIO.jpg\" \/>\n\t<meta property=\"og:image:width\" content=\"1152\" \/>\n\t<meta property=\"og:image:height\" content=\"768\" \/>\n\t<meta property=\"og:image:type\" content=\"image\/jpeg\" \/>\n<meta name=\"twitter:card\" content=\"summary_large_image\" \/>\n<meta name=\"twitter:label1\" content=\"\u041f\u0440\u0438\u043c\u0435\u0440\u043d\u043e\u0435 \u0432\u0440\u0435\u043c\u044f \u0434\u043b\u044f \u0447\u0442\u0435\u043d\u0438\u044f\" \/>\n\t<meta name=\"twitter:data1\" content=\"2 \u043c\u0438\u043d\u0443\u0442\u044b\" \/>\n<script type=\"application\/ld+json\" class=\"yoast-schema-graph\">{\"@context\":\"https:\/\/schema.org\",\"@graph\":[{\"@type\":\"WebPage\",\"@id\":\"https:\/\/sybir.bialystok.pl\/ru\/%d0%bc%d1%83%d0%b7%d0%b5%d0%b9-2\/%d1%81%d0%be%d1%82%d1%80%d1%83%d0%b4%d0%bd%d0%b8%d1%87%d0%b5%d1%81%d1%82%d0%b2%d0%be\/wynajem-sal-i-powierzchni\/\",\"url\":\"https:\/\/sybir.bialystok.pl\/ru\/%d0%bc%d1%83%d0%b7%d0%b5%d0%b9-2\/%d1%81%d0%be%d1%82%d1%80%d1%83%d0%b4%d0%bd%d0%b8%d1%87%d0%b5%d1%81%d1%82%d0%b2%d0%be\/wynajem-sal-i-powierzchni\/\",\"name\":\"Wynajem sal i powierzchni - Muzeum Pami\u0119ci Sybiru\",\"isPartOf\":{\"@id\":\"https:\/\/sybir.bialystok.pl\/ru\/#website\"},\"primaryImageOfPage\":{\"@id\":\"https:\/\/sybir.bialystok.pl\/ru\/%d0%bc%d1%83%d0%b7%d0%b5%d0%b9-2\/%d1%81%d0%be%d1%82%d1%80%d1%83%d0%b4%d0%bd%d0%b8%d1%87%d0%b5%d1%81%d1%82%d0%b2%d0%be\/wynajem-sal-i-powierzchni\/#primaryimage\"},\"image\":{\"@id\":\"https:\/\/sybir.bialystok.pl\/ru\/%d0%bc%d1%83%d0%b7%d0%b5%d0%b9-2\/%d1%81%d0%be%d1%82%d1%80%d1%83%d0%b4%d0%bd%d0%b8%d1%87%d0%b5%d1%81%d1%82%d0%b2%d0%be\/wynajem-sal-i-powierzchni\/#primaryimage\"},\"thumbnailUrl\":\"https:\/\/sybir.bialystok.pl\/wp-content\/uploads\/2021\/10\/SALA-AUDIO.jpg\",\"datePublished\":\"2021-02-11T13:02:50+00:00\",\"dateModified\":\"2024-03-14T09:59:44+00:00\",\"description\":\"Wysoki standard wyposa\u017cenia, atrakcyjny wystr\u00f3j oraz liczne mo\u017cliwo\u015bci aran\u017cacji pozwol\u0105 na zorganizowanie profesjonalnego wydarzenia.\",\"breadcrumb\":{\"@id\":\"https:\/\/sybir.bialystok.pl\/ru\/%d0%bc%d1%83%d0%b7%d0%b5%d0%b9-2\/%d1%81%d0%be%d1%82%d1%80%d1%83%d0%b4%d0%bd%d0%b8%d1%87%d0%b5%d1%81%d1%82%d0%b2%d0%be\/wynajem-sal-i-powierzchni\/#breadcrumb\"},\"inLanguage\":\"ru-RU\",\"potentialAction\":[{\"@type\":\"ReadAction\",\"target\":[\"https:\/\/sybir.bialystok.pl\/ru\/%d0%bc%d1%83%d0%b7%d0%b5%d0%b9-2\/%d1%81%d0%be%d1%82%d1%80%d1%83%d0%b4%d0%bd%d0%b8%d1%87%d0%b5%d1%81%d1%82%d0%b2%d0%be\/wynajem-sal-i-powierzchni\/\"]}]},{\"@type\":\"ImageObject\",\"inLanguage\":\"ru-RU\",\"@id\":\"https:\/\/sybir.bialystok.pl\/ru\/%d0%bc%d1%83%d0%b7%d0%b5%d0%b9-2\/%d1%81%d0%be%d1%82%d1%80%d1%83%d0%b4%d0%bd%d0%b8%d1%87%d0%b5%d1%81%d1%82%d0%b2%d0%be\/wynajem-sal-i-powierzchni\/#primaryimage\",\"url\":\"https:\/\/sybir.bialystok.pl\/wp-content\/uploads\/2021\/10\/SALA-AUDIO.jpg\",\"contentUrl\":\"https:\/\/sybir.bialystok.pl\/wp-content\/uploads\/2021\/10\/SALA-AUDIO.jpg\",\"width\":1152,\"height\":768},{\"@type\":\"BreadcrumbList\",\"@id\":\"https:\/\/sybir.bialystok.pl\/ru\/%d0%bc%d1%83%d0%b7%d0%b5%d0%b9-2\/%d1%81%d0%be%d1%82%d1%80%d1%83%d0%b4%d0%bd%d0%b8%d1%87%d0%b5%d1%81%d1%82%d0%b2%d0%be\/wynajem-sal-i-powierzchni\/#breadcrumb\",\"itemListElement\":[{\"@type\":\"ListItem\",\"position\":1,\"name\":\"\u0414\u043e\u043c\",\"item\":\"https:\/\/sybir.bialystok.pl\/ru\/\"},{\"@type\":\"ListItem\",\"position\":2,\"name\":\"\u041c\u0443\u0437\u0435\u0439\",\"item\":\"https:\/\/sybir.bialystok.pl\/ru\/%d0%bc%d1%83%d0%b7%d0%b5%d0%b9-2\/\"},{\"@type\":\"ListItem\",\"position\":3,\"name\":\"\u0421\u043e\u0442\u0440\u0443\u0434\u043d\u0438\u0447\u0435\u0441\u0442\u0432\u043e\",\"item\":\"https:\/\/sybir.bialystok.pl\/ru\/%d0%bc%d1%83%d0%b7%d0%b5%d0%b9-2\/%d1%81%d0%be%d1%82%d1%80%d1%83%d0%b4%d0%bd%d0%b8%d1%87%d0%b5%d1%81%d1%82%d0%b2%d0%be\/\"},{\"@type\":\"ListItem\",\"position\":4,\"name\":\"Wynajem sal i powierzchni\"}]},{\"@type\":\"WebSite\",\"@id\":\"https:\/\/sybir.bialystok.pl\/ru\/#website\",\"url\":\"https:\/\/sybir.bialystok.pl\/ru\/\",\"name\":\"Muzeum Pami\u0119ci Sybiru\",\"description\":\"Muzeum Pami\u0119ci Sybiru jest po\u015bwi\u0119cone ludziom, kt\u00f3rzy od ko\u0144ca XVI a\u017c do po\u0142owy XX wieku byli niewoleni i zsy\u0142ani w g\u0142\u0105b Rosji, a p\u00f3\u017aniej Zwi\u0105zku Sowieckiego, jak te\u017c tym, kt\u00f3rzy pod\u0105\u017cali tam dobrowolnie.\",\"potentialAction\":[{\"@type\":\"SearchAction\",\"target\":{\"@type\":\"EntryPoint\",\"urlTemplate\":\"https:\/\/sybir.bialystok.pl\/ru\/?s={search_term_string}\"},\"query-input\":{\"@type\":\"PropertyValueSpecification\",\"valueRequired\":true,\"valueName\":\"search_term_string\"}}],\"inLanguage\":\"ru-RU\"}]}<\/script>\n<!-- \/ Yoast SEO plugin. -->","yoast_head_json":{"title":"Wynajem sal i powierzchni - Muzeum Pami\u0119ci Sybiru","description":"Wysoki standard wyposa\u017cenia, atrakcyjny wystr\u00f3j oraz liczne mo\u017cliwo\u015bci aran\u017cacji pozwol\u0105 na zorganizowanie profesjonalnego wydarzenia.","robots":{"index":"index","follow":"follow","max-snippet":"max-snippet:-1","max-image-preview":"max-image-preview:large","max-video-preview":"max-video-preview:-1"},"canonical":"https:\/\/sybir.bialystok.pl\/ru\/%d0%bc%d1%83%d0%b7%d0%b5%d0%b9-2\/%d1%81%d0%be%d1%82%d1%80%d1%83%d0%b4%d0%bd%d0%b8%d1%87%d0%b5%d1%81%d1%82%d0%b2%d0%be\/wynajem-sal-i-powierzchni\/","og_locale":"ru_RU","og_type":"article","og_title":"Wynajem sal i powierzchni - Muzeum Pami\u0119ci Sybiru","og_description":"Wysoki standard wyposa\u017cenia, atrakcyjny wystr\u00f3j oraz liczne mo\u017cliwo\u015bci aran\u017cacji pozwol\u0105 na zorganizowanie profesjonalnego wydarzenia.","og_url":"https:\/\/sybir.bialystok.pl\/ru\/%d0%bc%d1%83%d0%b7%d0%b5%d0%b9-2\/%d1%81%d0%be%d1%82%d1%80%d1%83%d0%b4%d0%bd%d0%b8%d1%87%d0%b5%d1%81%d1%82%d0%b2%d0%be\/wynajem-sal-i-powierzchni\/","og_site_name":"Muzeum Pami\u0119ci Sybiru","article_modified_time":"2024-03-14T09:59:44+00:00","og_image":[{"width":1152,"height":768,"url":"https:\/\/sybir.bialystok.pl\/wp-content\/uploads\/2021\/10\/SALA-AUDIO.jpg","type":"image\/jpeg"}],"twitter_card":"summary_large_image","twitter_misc":{"\u041f\u0440\u0438\u043c\u0435\u0440\u043d\u043e\u0435 \u0432\u0440\u0435\u043c\u044f \u0434\u043b\u044f \u0447\u0442\u0435\u043d\u0438\u044f":"2 \u043c\u0438\u043d\u0443\u0442\u044b"},"schema":{"@context":"https:\/\/schema.org","@graph":[{"@type":"WebPage","@id":"https:\/\/sybir.bialystok.pl\/ru\/%d0%bc%d1%83%d0%b7%d0%b5%d0%b9-2\/%d1%81%d0%be%d1%82%d1%80%d1%83%d0%b4%d0%bd%d0%b8%d1%87%d0%b5%d1%81%d1%82%d0%b2%d0%be\/wynajem-sal-i-powierzchni\/","url":"https:\/\/sybir.bialystok.pl\/ru\/%d0%bc%d1%83%d0%b7%d0%b5%d0%b9-2\/%d1%81%d0%be%d1%82%d1%80%d1%83%d0%b4%d0%bd%d0%b8%d1%87%d0%b5%d1%81%d1%82%d0%b2%d0%be\/wynajem-sal-i-powierzchni\/","name":"Wynajem sal i powierzchni - Muzeum Pami\u0119ci Sybiru","isPartOf":{"@id":"https:\/\/sybir.bialystok.pl\/ru\/#website"},"primaryImageOfPage":{"@id":"https:\/\/sybir.bialystok.pl\/ru\/%d0%bc%d1%83%d0%b7%d0%b5%d0%b9-2\/%d1%81%d0%be%d1%82%d1%80%d1%83%d0%b4%d0%bd%d0%b8%d1%87%d0%b5%d1%81%d1%82%d0%b2%d0%be\/wynajem-sal-i-powierzchni\/#primaryimage"},"image":{"@id":"https:\/\/sybir.bialystok.pl\/ru\/%d0%bc%d1%83%d0%b7%d0%b5%d0%b9-2\/%d1%81%d0%be%d1%82%d1%80%d1%83%d0%b4%d0%bd%d0%b8%d1%87%d0%b5%d1%81%d1%82%d0%b2%d0%be\/wynajem-sal-i-powierzchni\/#primaryimage"},"thumbnailUrl":"https:\/\/sybir.bialystok.pl\/wp-content\/uploads\/2021\/10\/SALA-AUDIO.jpg","datePublished":"2021-02-11T13:02:50+00:00","dateModified":"2024-03-14T09:59:44+00:00","description":"Wysoki standard wyposa\u017cenia, atrakcyjny wystr\u00f3j oraz liczne mo\u017cliwo\u015bci aran\u017cacji pozwol\u0105 na zorganizowanie profesjonalnego wydarzenia.","breadcrumb":{"@id":"https:\/\/sybir.bialystok.pl\/ru\/%d0%bc%d1%83%d0%b7%d0%b5%d0%b9-2\/%d1%81%d0%be%d1%82%d1%80%d1%83%d0%b4%d0%bd%d0%b8%d1%87%d0%b5%d1%81%d1%82%d0%b2%d0%be\/wynajem-sal-i-powierzchni\/#breadcrumb"},"inLanguage":"ru-RU","potentialAction":[{"@type":"ReadAction","target":["https:\/\/sybir.bialystok.pl\/ru\/%d0%bc%d1%83%d0%b7%d0%b5%d0%b9-2\/%d1%81%d0%be%d1%82%d1%80%d1%83%d0%b4%d0%bd%d0%b8%d1%87%d0%b5%d1%81%d1%82%d0%b2%d0%be\/wynajem-sal-i-powierzchni\/"]}]},{"@type":"ImageObject","inLanguage":"ru-RU","@id":"https:\/\/sybir.bialystok.pl\/ru\/%d0%bc%d1%83%d0%b7%d0%b5%d0%b9-2\/%d1%81%d0%be%d1%82%d1%80%d1%83%d0%b4%d0%bd%d0%b8%d1%87%d0%b5%d1%81%d1%82%d0%b2%d0%be\/wynajem-sal-i-powierzchni\/#primaryimage","url":"https:\/\/sybir.bialystok.pl\/wp-content\/uploads\/2021\/10\/SALA-AUDIO.jpg","contentUrl":"https:\/\/sybir.bialystok.pl\/wp-content\/uploads\/2021\/10\/SALA-AUDIO.jpg","width":1152,"height":768},{"@type":"BreadcrumbList","@id":"https:\/\/sybir.bialystok.pl\/ru\/%d0%bc%d1%83%d0%b7%d0%b5%d0%b9-2\/%d1%81%d0%be%d1%82%d1%80%d1%83%d0%b4%d0%bd%d0%b8%d1%87%d0%b5%d1%81%d1%82%d0%b2%d0%be\/wynajem-sal-i-powierzchni\/#breadcrumb","itemListElement":[{"@type":"ListItem","position":1,"name":"\u0414\u043e\u043c","item":"https:\/\/sybir.bialystok.pl\/ru\/"},{"@type":"ListItem","position":2,"name":"\u041c\u0443\u0437\u0435\u0439","item":"https:\/\/sybir.bialystok.pl\/ru\/%d0%bc%d1%83%d0%b7%d0%b5%d0%b9-2\/"},{"@type":"ListItem","position":3,"name":"\u0421\u043e\u0442\u0440\u0443\u0434\u043d\u0438\u0447\u0435\u0441\u0442\u0432\u043e","item":"https:\/\/sybir.bialystok.pl\/ru\/%d0%bc%d1%83%d0%b7%d0%b5%d0%b9-2\/%d1%81%d0%be%d1%82%d1%80%d1%83%d0%b4%d0%bd%d0%b8%d1%87%d0%b5%d1%81%d1%82%d0%b2%d0%be\/"},{"@type":"ListItem","position":4,"name":"Wynajem sal i powierzchni"}]},{"@type":"WebSite","@id":"https:\/\/sybir.bialystok.pl\/ru\/#website","url":"https:\/\/sybir.bialystok.pl\/ru\/","name":"Muzeum Pami\u0119ci Sybiru","description":"Muzeum Pami\u0119ci Sybiru jest po\u015bwi\u0119cone ludziom, kt\u00f3rzy od ko\u0144ca XVI a\u017c do po\u0142owy XX wieku byli niewoleni i zsy\u0142ani w g\u0142\u0105b Rosji, a p\u00f3\u017aniej Zwi\u0105zku Sowieckiego, jak te\u017c tym, kt\u00f3rzy pod\u0105\u017cali tam dobrowolnie.","potentialAction":[{"@type":"SearchAction","target":{"@type":"EntryPoint","urlTemplate":"https:\/\/sybir.bialystok.pl\/ru\/?s={search_term_string}"},"query-input":{"@type":"PropertyValueSpecification","valueRequired":true,"valueName":"search_term_string"}}],"inLanguage":"ru-RU"}]}},"_links":{"self":[{"href":"https:\/\/sybir.bialystok.pl\/ru\/wp-json\/wp\/v2\/pages\/6173","targetHints":{"allow":["GET"]}}],"collection":[{"href":"https:\/\/sybir.bialystok.pl\/ru\/wp-json\/wp\/v2\/pages"}],"about":[{"href":"https:\/\/sybir.bialystok.pl\/ru\/wp-json\/wp\/v2\/types\/page"}],"author":[{"embeddable":true,"href":"https:\/\/sybir.bialystok.pl\/ru\/wp-json\/wp\/v2\/users\/2"}],"replies":[{"embeddable":true,"href":"https:\/\/sybir.bialystok.pl\/ru\/wp-json\/wp\/v2\/comments?post=6173"}],"version-history":[{"count":5,"href":"https:\/\/sybir.bialystok.pl\/ru\/wp-json\/wp\/v2\/pages\/6173\/revisions"}],"predecessor-version":[{"id":25732,"href":"https:\/\/sybir.bialystok.pl\/ru\/wp-json\/wp\/v2\/pages\/6173\/revisions\/25732"}],"up":[{"embeddable":true,"href":"https:\/\/sybir.bialystok.pl\/ru\/wp-json\/wp\/v2\/pages\/6155"}],"wp:featuredmedia":[{"embeddable":true,"href":"https:\/\/sybir.bialystok.pl\/ru\/wp-json\/wp\/v2\/media\/10227"}],"wp:attachment":[{"href":"https:\/\/sybir.bialystok.pl\/ru\/wp-json\/wp\/v2\/media?parent=6173"}],"curies":[{"name":"wp","href":"https:\/\/api.w.org\/{rel}","templated":true}]}}