{"id":6169,"date":"2021-05-25T12:10:35","date_gmt":"2021-05-25T10:10:35","guid":{"rendered":"https:\/\/sybir.bialystok.pl\/wspolpraca\/wolontariat\/klauzula-informacyjna\/"},"modified":"2021-07-26T09:49:08","modified_gmt":"2021-07-26T07:49:08","slug":"klauzula-informacyjna","status":"publish","type":"page","link":"https:\/\/sybir.bialystok.pl\/ru\/b\/klauzula-informacyjna\/","title":{"rendered":"Klauzula informacyjna dot. wolontariatu"},"content":{"rendered":"\n<p>Zgodnie z art. 13 ust. 1 i 2 Rozporz\u0105dzenia Parlamentu Europejskiego i Rady (UE) 2016\/679 z dnia 27 kwietnia 2016 r. w sprawie ochrony os\u00f3b fizycznych w zwi\u0105zku z przetwarzaniem danych osobowych i w sprawie swobodnego przep\u0142ywu takich danych oraz uchylenia dyrektywy 95\/46\/WE (og\u00f3lnego rozporz\u0105dzenia o ochronie danych Dz. U. UE z dnia 04.05.2016 r. L 119\/1), zwanego w skr\u00f3cie \u201eRODO\u201d, Muzeum Pami\u0119ci Sybiru informuje, \u017ce:<\/p>\n\n\n\n<ol class=\"wp-block-list\"><li>Administratorem Pani\/Pana danych osobowych jest MUZEUM PAMI\u0118CI SYBIRU z siedzib\u0105 przy ul. W\u0119glowa 1, 15-121 Bia\u0142ystok, NIP: 5423264915, REGON: 366215932.<\/li><li>Kontakt z Inspektorem Ochrony Danych mo\u017cliwy jest za po\u015brednictwem poczty elektronicznej: <a href=\"mailto:iod@sybir.bialystok.pl\">iod@sybir.bialystok.pl<\/a>.<\/li><li>Otrzymane dane osobowe przetwarzane b\u0119d\u0105 w celu przeprowadzenia bie\u017c\u0105cej rekrutacji oraz sprawdzenia umiej\u0119tno\u015bci i zdolno\u015bci kandydata dla dokonania oceny, czy kandydat jest odpowiedni\u0105 osob\u0105 na rekrutowane stanowisko.<\/li><li>Podstaw\u0105 przetwarzania danych osobowych jest zgoda kandydata oraz uzasadniony interes administratora, kt\u00f3ry musi sprawdzi\u0107 umiej\u0119tno\u015bci i zdolno\u015bci kandydata dla dokonania oceny, czy kandydat jest odpowiedni\u0105 osob\u0105 na rekrutowane stanowisko (art. 6 ust. 1 lit. a,&nbsp; f RODO).<\/li><li>Pani\/Pana dane osobowe przechowywane b\u0119d\u0105 przez okres bie\u017c\u0105cej rekrutacji i zostan\u0105 usuni\u0119te po jej zako\u0144czeniu zgodnie z obowi\u0105zuj\u0105cymi u Administratora procedurami lub do wycofania wcze\u015bniej udzielonej zgody, bez wp\u0142ywu na zgodno\u015b\u0107 z prawem przetwarzania, kt\u00f3rego dokonano na podstawie zgody przed jej wycofaniem.<\/li><li>Odbiorcami Pani\/Pana danych osobowych mog\u0105 by\u0107 podmioty zapewniaj\u0105ce na rzecz Administratora obs\u0142ug\u0119 techniczn\u0105 i organizacyjn\u0105, takie jak np. dostawcy oprogramowania i system\u00f3w informatycznych, podmioty \u015bwiadcz\u0105ce us\u0142ugi IT, podmioty \u015bwiadcz\u0105ce obs\u0142ug\u0119 prawn\u0105 wsp\u00f3\u0142pracuj\u0105ce z Administratorem na \u015bci\u015ble okre\u015blonych zasadach.<\/li><li>Przys\u0142uguje Pani\/Panu prawo \u017c\u0105dania dost\u0119pu do swoich danych osobowych, ich sprostowania, usuni\u0119cia lub ograniczenia przetwarzania oraz prawo do wniesienia sprzeciwu wobec przetwarzania, a tak\u017ce prawo do przenoszenia danych osobowych.<\/li><li>W przypadku, gdy uzna Pani\/Pan, \u017ce przetwarzanie danych osobowych narusza zapisy RODO przys\u0142uguje Pani\/Panu prawo wniesienia skargi do Prezesa Urz\u0119du Ochrony Danych Osobowych.<\/li><li>Pani\/Pana dane osobowe nie b\u0119d\u0105 podlega\u0142y zautomatyzowanemu podejmowaniu decyzji, w tym profilowaniu.<\/li><li>Pani\/Pana dane nie b\u0119d\u0105 przekazywane do pa\u0144stw trzecich, ani do organizacji mi\u0119dzynarodowych.<\/li><li>Pani\/Pana dane osobowe s\u0105 niezb\u0119dne do realizacji celu o kt\u00f3rym mowa w pkt 3.<\/li><\/ol>\n","protected":false},"excerpt":{"rendered":"<p>Zapoznaj si\u0119 z klauzul\u0105 informacyjn\u0105 dotycz\u0105c\u0105 przetwarzania danych osobowych.<\/p>\n","protected":false},"author":2,"featured_media":0,"parent":6083,"menu_order":0,"comment_status":"closed","ping_status":"closed","template":"","meta":{"_acf_changed":false,"_editorskit_title_hidden":false,"_editorskit_reading_time":0,"_editorskit_is_block_options_detached":false,"_editorskit_block_options_position":"{}","footnotes":""},"class_list":["post-6169","page","type-page","status-publish","hentry"],"acf":[],"yoast_head":"<!-- This site is optimized with the Yoast SEO plugin v24.6 - https:\/\/yoast.com\/wordpress\/plugins\/seo\/ -->\n<title>Klauzula informacyjna dot. wolontariatu - Muzeum Pami\u0119ci Sybiru<\/title>\n<meta name=\"robots\" content=\"index, follow, max-snippet:-1, max-image-preview:large, max-video-preview:-1\" \/>\n<link rel=\"canonical\" href=\"https:\/\/sybir.bialystok.pl\/ru\/b\/klauzula-informacyjna\/\" \/>\n<meta property=\"og:locale\" content=\"ru_RU\" \/>\n<meta property=\"og:type\" content=\"article\" \/>\n<meta property=\"og:title\" content=\"Klauzula informacyjna dot. wolontariatu - Muzeum Pami\u0119ci Sybiru\" \/>\n<meta property=\"og:description\" content=\"Zapoznaj si\u0119 z klauzul\u0105 informacyjn\u0105 dotycz\u0105c\u0105 przetwarzania danych osobowych.\" \/>\n<meta property=\"og:url\" content=\"https:\/\/sybir.bialystok.pl\/ru\/b\/klauzula-informacyjna\/\" \/>\n<meta property=\"og:site_name\" content=\"Muzeum Pami\u0119ci Sybiru\" \/>\n<meta property=\"article:modified_time\" content=\"2021-07-26T07:49:08+00:00\" \/>\n<meta name=\"twitter:card\" content=\"summary_large_image\" \/>\n<meta name=\"twitter:label1\" content=\"\u041f\u0440\u0438\u043c\u0435\u0440\u043d\u043e\u0435 \u0432\u0440\u0435\u043c\u044f \u0434\u043b\u044f \u0447\u0442\u0435\u043d\u0438\u044f\" \/>\n\t<meta name=\"twitter:data1\" content=\"2 \u043c\u0438\u043d\u0443\u0442\u044b\" \/>\n<script type=\"application\/ld+json\" class=\"yoast-schema-graph\">{\"@context\":\"https:\/\/schema.org\",\"@graph\":[{\"@type\":\"WebPage\",\"@id\":\"https:\/\/sybir.bialystok.pl\/ru\/b\/klauzula-informacyjna\/\",\"url\":\"https:\/\/sybir.bialystok.pl\/ru\/b\/klauzula-informacyjna\/\",\"name\":\"Klauzula informacyjna dot. wolontariatu - Muzeum Pami\u0119ci Sybiru\",\"isPartOf\":{\"@id\":\"https:\/\/sybir.bialystok.pl\/ru\/#website\"},\"datePublished\":\"2021-05-25T10:10:35+00:00\",\"dateModified\":\"2021-07-26T07:49:08+00:00\",\"breadcrumb\":{\"@id\":\"https:\/\/sybir.bialystok.pl\/ru\/b\/klauzula-informacyjna\/#breadcrumb\"},\"inLanguage\":\"ru-RU\",\"potentialAction\":[{\"@type\":\"ReadAction\",\"target\":[\"https:\/\/sybir.bialystok.pl\/ru\/b\/klauzula-informacyjna\/\"]}]},{\"@type\":\"BreadcrumbList\",\"@id\":\"https:\/\/sybir.bialystok.pl\/ru\/b\/klauzula-informacyjna\/#breadcrumb\",\"itemListElement\":[{\"@type\":\"ListItem\",\"position\":1,\"name\":\"\u0414\u043e\u043c\",\"item\":\"https:\/\/sybir.bialystok.pl\/ru\/\"},{\"@type\":\"ListItem\",\"position\":2,\"name\":\"\u041c\u0443\u0437\u0435\u0439\",\"item\":\"https:\/\/sybir.bialystok.pl\/ru\/%d0%bc%d1%83%d0%b7%d0%b5%d0%b9-2\/\"},{\"@type\":\"ListItem\",\"position\":3,\"name\":\"\u0421\u043e\u0442\u0440\u0443\u0434\u043d\u0438\u0447\u0435\u0441\u0442\u0432\u043e\",\"item\":\"https:\/\/sybir.bialystok.pl\/ru\/%d0%bc%d1%83%d0%b7%d0%b5%d0%b9-2\/%d1%81%d0%be%d1%82%d1%80%d1%83%d0%b4%d0%bd%d0%b8%d1%87%d0%b5%d1%81%d1%82%d0%b2%d0%be\/\"},{\"@type\":\"ListItem\",\"position\":4,\"name\":\"B\u043e\u043b\u043e\u043d\u0442\u0435\u0440\u0441\u0442\u0432\u043e \u0432 \u041c\u0443\u0437\u0435\u0435 \u043f\u0430\u043c\u044f\u0442\u0438 \u0421\u0438\u0431\u0438\u0440\u0438\",\"item\":\"https:\/\/sybir.bialystok.pl\/ru\/%d0%bc%d1%83%d0%b7%d0%b5%d0%b9-2\/%d1%81%d0%be%d1%82%d1%80%d1%83%d0%b4%d0%bd%d0%b8%d1%87%d0%b5%d1%81%d1%82%d0%b2%d0%be\/b\/\"},{\"@type\":\"ListItem\",\"position\":5,\"name\":\"Klauzula informacyjna dot. wolontariatu\"}]},{\"@type\":\"WebSite\",\"@id\":\"https:\/\/sybir.bialystok.pl\/ru\/#website\",\"url\":\"https:\/\/sybir.bialystok.pl\/ru\/\",\"name\":\"Muzeum Pami\u0119ci Sybiru\",\"description\":\"Muzeum Pami\u0119ci Sybiru jest po\u015bwi\u0119cone ludziom, kt\u00f3rzy od ko\u0144ca XVI a\u017c do po\u0142owy XX wieku byli niewoleni i zsy\u0142ani w g\u0142\u0105b Rosji, a p\u00f3\u017aniej Zwi\u0105zku Sowieckiego, jak te\u017c tym, kt\u00f3rzy pod\u0105\u017cali tam dobrowolnie.\",\"potentialAction\":[{\"@type\":\"SearchAction\",\"target\":{\"@type\":\"EntryPoint\",\"urlTemplate\":\"https:\/\/sybir.bialystok.pl\/ru\/?s={search_term_string}\"},\"query-input\":{\"@type\":\"PropertyValueSpecification\",\"valueRequired\":true,\"valueName\":\"search_term_string\"}}],\"inLanguage\":\"ru-RU\"}]}<\/script>\n<!-- \/ Yoast SEO plugin. -->","yoast_head_json":{"title":"Klauzula informacyjna dot. wolontariatu - Muzeum Pami\u0119ci Sybiru","robots":{"index":"index","follow":"follow","max-snippet":"max-snippet:-1","max-image-preview":"max-image-preview:large","max-video-preview":"max-video-preview:-1"},"canonical":"https:\/\/sybir.bialystok.pl\/ru\/b\/klauzula-informacyjna\/","og_locale":"ru_RU","og_type":"article","og_title":"Klauzula informacyjna dot. wolontariatu - Muzeum Pami\u0119ci Sybiru","og_description":"Zapoznaj si\u0119 z klauzul\u0105 informacyjn\u0105 dotycz\u0105c\u0105 przetwarzania danych osobowych.","og_url":"https:\/\/sybir.bialystok.pl\/ru\/b\/klauzula-informacyjna\/","og_site_name":"Muzeum Pami\u0119ci Sybiru","article_modified_time":"2021-07-26T07:49:08+00:00","twitter_card":"summary_large_image","twitter_misc":{"\u041f\u0440\u0438\u043c\u0435\u0440\u043d\u043e\u0435 \u0432\u0440\u0435\u043c\u044f \u0434\u043b\u044f \u0447\u0442\u0435\u043d\u0438\u044f":"2 \u043c\u0438\u043d\u0443\u0442\u044b"},"schema":{"@context":"https:\/\/schema.org","@graph":[{"@type":"WebPage","@id":"https:\/\/sybir.bialystok.pl\/ru\/b\/klauzula-informacyjna\/","url":"https:\/\/sybir.bialystok.pl\/ru\/b\/klauzula-informacyjna\/","name":"Klauzula informacyjna dot. wolontariatu - Muzeum Pami\u0119ci Sybiru","isPartOf":{"@id":"https:\/\/sybir.bialystok.pl\/ru\/#website"},"datePublished":"2021-05-25T10:10:35+00:00","dateModified":"2021-07-26T07:49:08+00:00","breadcrumb":{"@id":"https:\/\/sybir.bialystok.pl\/ru\/b\/klauzula-informacyjna\/#breadcrumb"},"inLanguage":"ru-RU","potentialAction":[{"@type":"ReadAction","target":["https:\/\/sybir.bialystok.pl\/ru\/b\/klauzula-informacyjna\/"]}]},{"@type":"BreadcrumbList","@id":"https:\/\/sybir.bialystok.pl\/ru\/b\/klauzula-informacyjna\/#breadcrumb","itemListElement":[{"@type":"ListItem","position":1,"name":"\u0414\u043e\u043c","item":"https:\/\/sybir.bialystok.pl\/ru\/"},{"@type":"ListItem","position":2,"name":"\u041c\u0443\u0437\u0435\u0439","item":"https:\/\/sybir.bialystok.pl\/ru\/%d0%bc%d1%83%d0%b7%d0%b5%d0%b9-2\/"},{"@type":"ListItem","position":3,"name":"\u0421\u043e\u0442\u0440\u0443\u0434\u043d\u0438\u0447\u0435\u0441\u0442\u0432\u043e","item":"https:\/\/sybir.bialystok.pl\/ru\/%d0%bc%d1%83%d0%b7%d0%b5%d0%b9-2\/%d1%81%d0%be%d1%82%d1%80%d1%83%d0%b4%d0%bd%d0%b8%d1%87%d0%b5%d1%81%d1%82%d0%b2%d0%be\/"},{"@type":"ListItem","position":4,"name":"B\u043e\u043b\u043e\u043d\u0442\u0435\u0440\u0441\u0442\u0432\u043e \u0432 \u041c\u0443\u0437\u0435\u0435 \u043f\u0430\u043c\u044f\u0442\u0438 \u0421\u0438\u0431\u0438\u0440\u0438","item":"https:\/\/sybir.bialystok.pl\/ru\/%d0%bc%d1%83%d0%b7%d0%b5%d0%b9-2\/%d1%81%d0%be%d1%82%d1%80%d1%83%d0%b4%d0%bd%d0%b8%d1%87%d0%b5%d1%81%d1%82%d0%b2%d0%be\/b\/"},{"@type":"ListItem","position":5,"name":"Klauzula informacyjna dot. wolontariatu"}]},{"@type":"WebSite","@id":"https:\/\/sybir.bialystok.pl\/ru\/#website","url":"https:\/\/sybir.bialystok.pl\/ru\/","name":"Muzeum Pami\u0119ci Sybiru","description":"Muzeum Pami\u0119ci Sybiru jest po\u015bwi\u0119cone ludziom, kt\u00f3rzy od ko\u0144ca XVI a\u017c do po\u0142owy XX wieku byli niewoleni i zsy\u0142ani w g\u0142\u0105b Rosji, a p\u00f3\u017aniej Zwi\u0105zku Sowieckiego, jak te\u017c tym, kt\u00f3rzy pod\u0105\u017cali tam dobrowolnie.","potentialAction":[{"@type":"SearchAction","target":{"@type":"EntryPoint","urlTemplate":"https:\/\/sybir.bialystok.pl\/ru\/?s={search_term_string}"},"query-input":{"@type":"PropertyValueSpecification","valueRequired":true,"valueName":"search_term_string"}}],"inLanguage":"ru-RU"}]}},"_links":{"self":[{"href":"https:\/\/sybir.bialystok.pl\/ru\/wp-json\/wp\/v2\/pages\/6169","targetHints":{"allow":["GET"]}}],"collection":[{"href":"https:\/\/sybir.bialystok.pl\/ru\/wp-json\/wp\/v2\/pages"}],"about":[{"href":"https:\/\/sybir.bialystok.pl\/ru\/wp-json\/wp\/v2\/types\/page"}],"author":[{"embeddable":true,"href":"https:\/\/sybir.bialystok.pl\/ru\/wp-json\/wp\/v2\/users\/2"}],"replies":[{"embeddable":true,"href":"https:\/\/sybir.bialystok.pl\/ru\/wp-json\/wp\/v2\/comments?post=6169"}],"version-history":[{"count":1,"href":"https:\/\/sybir.bialystok.pl\/ru\/wp-json\/wp\/v2\/pages\/6169\/revisions"}],"predecessor-version":[{"id":6171,"href":"https:\/\/sybir.bialystok.pl\/ru\/wp-json\/wp\/v2\/pages\/6169\/revisions\/6171"}],"up":[{"embeddable":true,"href":"https:\/\/sybir.bialystok.pl\/ru\/wp-json\/wp\/v2\/pages\/6083"}],"wp:attachment":[{"href":"https:\/\/sybir.bialystok.pl\/ru\/wp-json\/wp\/v2\/media?parent=6169"}],"curies":[{"name":"wp","href":"https:\/\/api.w.org\/{rel}","templated":true}]}}