{"id":6164,"date":"2021-04-07T09:22:40","date_gmt":"2021-04-07T07:22:40","guid":{"rendered":"https:\/\/sybir.bialystok.pl\/wspolpraca\/udostepnianie-zbiorow\/"},"modified":"2021-07-26T09:48:35","modified_gmt":"2021-07-26T07:48:35","slug":"udostepnianie-zbiorow","status":"publish","type":"page","link":"https:\/\/sybir.bialystok.pl\/ru\/%d0%bc%d1%83%d0%b7%d0%b5%d0%b9-2\/%d1%81%d0%be%d1%82%d1%80%d1%83%d0%b4%d0%bd%d0%b8%d1%87%d0%b5%d1%81%d1%82%d0%b2%d0%be\/udostepnianie-zbiorow\/","title":{"rendered":"Udost\u0119pnianie zbior\u00f3w"},"content":{"rendered":"\n<figure class=\"wp-block-gallery columns-3 is-cropped wp-block-gallery-1 is-layout-flex wp-block-gallery-is-layout-flex\"><ul class=\"blocks-gallery-grid\"><li class=\"blocks-gallery-item\"><figure><a href=\"https:\/\/sybir.bialystok.pl\/exhibit\/maszyna-do-szycia-rodziny-sitarskich\/maszyna-do-szycia-anny-sitarskiej_mps_171\/\"><img loading=\"lazy\" decoding=\"async\" width=\"590\" height=\"376\" src=\"https:\/\/sybir.bialystok.pl\/wp-content\/uploads\/2020\/11\/maszyna-do-szycia-Anny-Sitarskiej_MPS_171.png\" alt=\"\" data-id=\"1444\" data-full-url=\"https:\/\/sybir.bialystok.pl\/wp-content\/uploads\/2020\/11\/maszyna-do-szycia-Anny-Sitarskiej_MPS_171.png\" data-link=\"https:\/\/sybir.bialystok.pl\/exhibit\/maszyna-do-szycia-rodziny-sitarskich\/maszyna-do-szycia-anny-sitarskiej_mps_171\/\" class=\"wp-image-1444\" srcset=\"https:\/\/sybir.bialystok.pl\/wp-content\/uploads\/2020\/11\/maszyna-do-szycia-Anny-Sitarskiej_MPS_171.png 590w, https:\/\/sybir.bialystok.pl\/wp-content\/uploads\/2020\/11\/maszyna-do-szycia-Anny-Sitarskiej_MPS_171-300x191.png 300w\" sizes=\"auto, (max-width: 590px) 100vw, 590px\" \/><\/a><\/figure><\/li><li class=\"blocks-gallery-item\"><figure><a href=\"https:\/\/sybir.bialystok.pl\/wesprzyj-muzeum\/przekaz-eksponat\/dsc_0123\/?lang=ru\"><img loading=\"lazy\" decoding=\"async\" width=\"1024\" height=\"683\" src=\"https:\/\/sybir.bialystok.pl\/wp-content\/uploads\/2021\/02\/DSC_0123-1024x683.jpg\" alt=\"\" data-id=\"1340\" data-full-url=\"https:\/\/sybir.bialystok.pl\/wp-content\/uploads\/2021\/02\/DSC_0123-scaled.jpg\" data-link=\"https:\/\/sybir.bialystok.pl\/wesprzyj-muzeum\/przekaz-eksponat\/dsc_0123\/\" class=\"wp-image-1340\" srcset=\"https:\/\/sybir.bialystok.pl\/wp-content\/uploads\/2021\/02\/DSC_0123-1024x683.jpg 1024w, https:\/\/sybir.bialystok.pl\/wp-content\/uploads\/2021\/02\/DSC_0123-300x200.jpg 300w, https:\/\/sybir.bialystok.pl\/wp-content\/uploads\/2021\/02\/DSC_0123-768x512.jpg 768w, https:\/\/sybir.bialystok.pl\/wp-content\/uploads\/2021\/02\/DSC_0123-1536x1024.jpg 1536w, https:\/\/sybir.bialystok.pl\/wp-content\/uploads\/2021\/02\/DSC_0123-2048x1365.jpg 2048w\" sizes=\"auto, (max-width: 1024px) 100vw, 1024px\" \/><\/a><\/figure><\/li><li class=\"blocks-gallery-item\"><figure><a href=\"https:\/\/sybir.bialystok.pl\/exhibit\/chusta-prof-smulkowej\/papierosnica_jana_gordona_mps_16\/\"><img loading=\"lazy\" decoding=\"async\" width=\"590\" height=\"376\" src=\"https:\/\/sybir.bialystok.pl\/wp-content\/uploads\/2020\/11\/Papierosnica_Jana_Gordona_MPS_16.png\" alt=\"\" data-id=\"1374\" data-full-url=\"https:\/\/sybir.bialystok.pl\/wp-content\/uploads\/2020\/11\/Papierosnica_Jana_Gordona_MPS_16.png\" data-link=\"https:\/\/sybir.bialystok.pl\/exhibit\/chusta-prof-smulkowej\/papierosnica_jana_gordona_mps_16\/\" class=\"wp-image-1374\" srcset=\"https:\/\/sybir.bialystok.pl\/wp-content\/uploads\/2020\/11\/Papierosnica_Jana_Gordona_MPS_16.png 590w, https:\/\/sybir.bialystok.pl\/wp-content\/uploads\/2020\/11\/Papierosnica_Jana_Gordona_MPS_16-300x191.png 300w\" sizes=\"auto, (max-width: 590px) 100vw, 590px\" \/><\/a><\/figure><\/li><\/ul><\/figure>\n\n\n\n<div style=\"height:20px\" aria-hidden=\"true\" class=\"wp-block-spacer\"><\/div>\n\n\n\n<p>Oferujemy mo\u017cliwo\u015b\u0107 przeprowadzenia kwerendy w naszych zbiorach. Po spe\u0142nieniu okre\u015blonych warunk\u00f3w (zapoznaj si\u0119 z nimi poni\u017cej), udost\u0119pnimy Ci cyfrowe wizerunki zbior\u00f3w, a tak\u017ce wypo\u017cyczymy obiekty z muzealnej kolekcji.<\/p>\n\n\n\n<p><strong>Do pobrania:<\/strong><\/p>\n\n\n\n<p>Regulamin kwerend i udost\u0119pniania cyfrowych wizerunk\u00f3w zbior\u00f3w Muzeum Pami\u0119ci Sybiru.<\/p>\n\n\n\n<p>Regulamin udost\u0119pniania zbior\u00f3w Muzeum Pami\u0119ci Sybiru.<\/p>\n\n\n\n<figure class=\"wp-block-gallery columns-3 is-cropped wp-block-gallery-2 is-layout-flex wp-block-gallery-is-layout-flex\"><ul class=\"blocks-gallery-grid\"><li class=\"blocks-gallery-item\"><figure><a href=\"https:\/\/sybir.bialystok.pl\/?attachment_id=3434\"><img loading=\"lazy\" decoding=\"async\" width=\"1024\" height=\"683\" src=\"https:\/\/sybir.bialystok.pl\/wp-content\/uploads\/2021\/04\/DSC_0171-1-1024x683.jpg\" alt=\"\" data-id=\"3434\" data-full-url=\"https:\/\/sybir.bialystok.pl\/wp-content\/uploads\/2021\/04\/DSC_0171-1-scaled.jpg\" data-link=\"https:\/\/sybir.bialystok.pl\/?attachment_id=3434\" class=\"wp-image-3434\" srcset=\"https:\/\/sybir.bialystok.pl\/wp-content\/uploads\/2021\/04\/DSC_0171-1-1024x683.jpg 1024w, https:\/\/sybir.bialystok.pl\/wp-content\/uploads\/2021\/04\/DSC_0171-1-300x200.jpg 300w, https:\/\/sybir.bialystok.pl\/wp-content\/uploads\/2021\/04\/DSC_0171-1-768x512.jpg 768w, https:\/\/sybir.bialystok.pl\/wp-content\/uploads\/2021\/04\/DSC_0171-1-1536x1024.jpg 1536w, https:\/\/sybir.bialystok.pl\/wp-content\/uploads\/2021\/04\/DSC_0171-1-2048x1365.jpg 2048w\" sizes=\"auto, (max-width: 1024px) 100vw, 1024px\" \/><\/a><\/figure><\/li><li class=\"blocks-gallery-item\"><figure><a href=\"https:\/\/sybir.bialystok.pl\/?attachment_id=3412\"><img loading=\"lazy\" decoding=\"async\" width=\"1024\" height=\"683\" src=\"https:\/\/sybir.bialystok.pl\/wp-content\/uploads\/2021\/04\/DSC_0479-1024x683.jpg\" alt=\"\" data-id=\"3412\" data-full-url=\"https:\/\/sybir.bialystok.pl\/wp-content\/uploads\/2021\/04\/DSC_0479-scaled.jpg\" data-link=\"https:\/\/sybir.bialystok.pl\/?attachment_id=3412\" class=\"wp-image-3412\" srcset=\"https:\/\/sybir.bialystok.pl\/wp-content\/uploads\/2021\/04\/DSC_0479-1024x683.jpg 1024w, https:\/\/sybir.bialystok.pl\/wp-content\/uploads\/2021\/04\/DSC_0479-300x200.jpg 300w, https:\/\/sybir.bialystok.pl\/wp-content\/uploads\/2021\/04\/DSC_0479-768x512.jpg 768w, https:\/\/sybir.bialystok.pl\/wp-content\/uploads\/2021\/04\/DSC_0479-1536x1024.jpg 1536w, https:\/\/sybir.bialystok.pl\/wp-content\/uploads\/2021\/04\/DSC_0479-2048x1365.jpg 2048w\" sizes=\"auto, (max-width: 1024px) 100vw, 1024px\" \/><\/a><\/figure><\/li><li class=\"blocks-gallery-item\"><figure><a href=\"https:\/\/sybir.bialystok.pl\/?attachment_id=3428\"><img loading=\"lazy\" decoding=\"async\" width=\"1024\" height=\"683\" src=\"https:\/\/sybir.bialystok.pl\/wp-content\/uploads\/2021\/04\/DSC_0616-1024x683.jpg\" alt=\"\" data-id=\"3428\" data-full-url=\"https:\/\/sybir.bialystok.pl\/wp-content\/uploads\/2021\/04\/DSC_0616-scaled.jpg\" data-link=\"https:\/\/sybir.bialystok.pl\/?attachment_id=3428\" class=\"wp-image-3428\" srcset=\"https:\/\/sybir.bialystok.pl\/wp-content\/uploads\/2021\/04\/DSC_0616-1024x683.jpg 1024w, https:\/\/sybir.bialystok.pl\/wp-content\/uploads\/2021\/04\/DSC_0616-300x200.jpg 300w, https:\/\/sybir.bialystok.pl\/wp-content\/uploads\/2021\/04\/DSC_0616-768x512.jpg 768w, https:\/\/sybir.bialystok.pl\/wp-content\/uploads\/2021\/04\/DSC_0616-1536x1024.jpg 1536w, https:\/\/sybir.bialystok.pl\/wp-content\/uploads\/2021\/04\/DSC_0616-2048x1365.jpg 2048w\" sizes=\"auto, (max-width: 1024px) 100vw, 1024px\" \/><\/a><\/figure><\/li><li class=\"blocks-gallery-item\"><figure><a href=\"https:\/\/sybir.bialystok.pl\/?attachment_id=3409\"><img loading=\"lazy\" decoding=\"async\" width=\"1024\" height=\"683\" src=\"https:\/\/sybir.bialystok.pl\/wp-content\/uploads\/2021\/04\/DSC_0208-1024x683.jpg\" alt=\"\" data-id=\"3409\" data-full-url=\"https:\/\/sybir.bialystok.pl\/wp-content\/uploads\/2021\/04\/DSC_0208-scaled.jpg\" data-link=\"https:\/\/sybir.bialystok.pl\/?attachment_id=3409\" class=\"wp-image-3409\" srcset=\"https:\/\/sybir.bialystok.pl\/wp-content\/uploads\/2021\/04\/DSC_0208-1024x683.jpg 1024w, https:\/\/sybir.bialystok.pl\/wp-content\/uploads\/2021\/04\/DSC_0208-300x200.jpg 300w, https:\/\/sybir.bialystok.pl\/wp-content\/uploads\/2021\/04\/DSC_0208-768x512.jpg 768w, https:\/\/sybir.bialystok.pl\/wp-content\/uploads\/2021\/04\/DSC_0208-1536x1024.jpg 1536w, https:\/\/sybir.bialystok.pl\/wp-content\/uploads\/2021\/04\/DSC_0208-2048x1365.jpg 2048w\" sizes=\"auto, (max-width: 1024px) 100vw, 1024px\" \/><\/a><\/figure><\/li><li class=\"blocks-gallery-item\"><figure><a href=\"https:\/\/sybir.bialystok.pl\/exhibit\/fajka-jana-cieplaka\/fajka-jana-cieplaka-2\/\"><img loading=\"lazy\" decoding=\"async\" width=\"1024\" height=\"683\" src=\"https:\/\/sybir.bialystok.pl\/wp-content\/uploads\/2021\/03\/Fajka-Jana-Cieplaka-2-1024x683.jpg\" alt=\"\" data-id=\"2431\" data-full-url=\"https:\/\/sybir.bialystok.pl\/wp-content\/uploads\/2021\/03\/Fajka-Jana-Cieplaka-2.jpg\" data-link=\"https:\/\/sybir.bialystok.pl\/exhibit\/fajka-jana-cieplaka\/fajka-jana-cieplaka-2\/\" class=\"wp-image-2431\" srcset=\"https:\/\/sybir.bialystok.pl\/wp-content\/uploads\/2021\/03\/Fajka-Jana-Cieplaka-2-1024x683.jpg 1024w, https:\/\/sybir.bialystok.pl\/wp-content\/uploads\/2021\/03\/Fajka-Jana-Cieplaka-2-300x200.jpg 300w, https:\/\/sybir.bialystok.pl\/wp-content\/uploads\/2021\/03\/Fajka-Jana-Cieplaka-2-768x512.jpg 768w, https:\/\/sybir.bialystok.pl\/wp-content\/uploads\/2021\/03\/Fajka-Jana-Cieplaka-2.jpg 1152w\" sizes=\"auto, (max-width: 1024px) 100vw, 1024px\" \/><\/a><\/figure><\/li><li class=\"blocks-gallery-item\"><figure><a href=\"https:\/\/sybir.bialystok.pl\/exhibit\/zofia-gacinska-i-jan-gacinski-z-rodzina\/medalik-dwuczesciowy-z-wizerunkiem-matki-boskiej-loretanskiej_mps_285\/\"><img loading=\"lazy\" decoding=\"async\" width=\"590\" height=\"376\" src=\"https:\/\/sybir.bialystok.pl\/wp-content\/uploads\/2020\/11\/Medalik-dwuczesciowy-z-wizerunkiem-Matki-Boskiej-Loretanskiej_MPS_285.png\" alt=\"\" data-id=\"1408\" data-full-url=\"https:\/\/sybir.bialystok.pl\/wp-content\/uploads\/2020\/11\/Medalik-dwuczesciowy-z-wizerunkiem-Matki-Boskiej-Loretanskiej_MPS_285.png\" data-link=\"https:\/\/sybir.bialystok.pl\/exhibit\/zofia-gacinska-i-jan-gacinski-z-rodzina\/medalik-dwuczesciowy-z-wizerunkiem-matki-boskiej-loretanskiej_mps_285\/\" class=\"wp-image-1408\" srcset=\"https:\/\/sybir.bialystok.pl\/wp-content\/uploads\/2020\/11\/Medalik-dwuczesciowy-z-wizerunkiem-Matki-Boskiej-Loretanskiej_MPS_285.png 590w, https:\/\/sybir.bialystok.pl\/wp-content\/uploads\/2020\/11\/Medalik-dwuczesciowy-z-wizerunkiem-Matki-Boskiej-Loretanskiej_MPS_285-300x191.png 300w\" sizes=\"auto, (max-width: 590px) 100vw, 590px\" \/><\/a><\/figure><\/li><\/ul><\/figure>\n\n\n\n<p><\/p>\n","protected":false},"excerpt":{"rendered":"<p>Nasze eksponaty s\u0105 dost\u0119pne. Korzystaj z nich online, zam\u00f3w cyfrow\u0105 kopi\u0119 lub wypo\u017cycz. <\/p>\n","protected":false},"author":1,"featured_media":4310,"parent":6155,"menu_order":3,"comment_status":"closed","ping_status":"closed","template":"","meta":{"_acf_changed":false,"_editorskit_title_hidden":false,"_editorskit_reading_time":0,"_editorskit_is_block_options_detached":false,"_editorskit_block_options_position":"{}","footnotes":""},"class_list":["post-6164","page","type-page","status-publish","has-post-thumbnail","hentry"],"acf":[],"yoast_head":"<!-- This site is optimized with the Yoast SEO plugin v24.6 - https:\/\/yoast.com\/wordpress\/plugins\/seo\/ -->\n<title>Udost\u0119pnianie zbior\u00f3w - Muzeum Pami\u0119ci Sybiru<\/title>\n<meta name=\"description\" content=\"Nasze eksponaty s\u0105 dost\u0119pne. Korzystaj z nich online, zam\u00f3w cyfrow\u0105 kopi\u0119 lub wypo\u017cycz.\" \/>\n<meta name=\"robots\" content=\"index, follow, max-snippet:-1, max-image-preview:large, max-video-preview:-1\" \/>\n<link rel=\"canonical\" href=\"https:\/\/sybir.bialystok.pl\/ru\/%d0%bc%d1%83%d0%b7%d0%b5%d0%b9-2\/%d1%81%d0%be%d1%82%d1%80%d1%83%d0%b4%d0%bd%d0%b8%d1%87%d0%b5%d1%81%d1%82%d0%b2%d0%be\/udostepnianie-zbiorow\/\" \/>\n<meta property=\"og:locale\" content=\"ru_RU\" \/>\n<meta property=\"og:type\" content=\"article\" \/>\n<meta property=\"og:title\" content=\"Udost\u0119pnianie zbior\u00f3w - Muzeum Pami\u0119ci Sybiru\" \/>\n<meta property=\"og:description\" content=\"Nasze eksponaty s\u0105 dost\u0119pne. Korzystaj z nich online, zam\u00f3w cyfrow\u0105 kopi\u0119 lub wypo\u017cycz.\" \/>\n<meta property=\"og:url\" content=\"https:\/\/sybir.bialystok.pl\/ru\/%d0%bc%d1%83%d0%b7%d0%b5%d0%b9-2\/%d1%81%d0%be%d1%82%d1%80%d1%83%d0%b4%d0%bd%d0%b8%d1%87%d0%b5%d1%81%d1%82%d0%b2%d0%be\/udostepnianie-zbiorow\/\" \/>\n<meta property=\"og:site_name\" content=\"Muzeum Pami\u0119ci Sybiru\" \/>\n<meta property=\"article:modified_time\" content=\"2021-07-26T07:48:35+00:00\" \/>\n<meta property=\"og:image\" content=\"https:\/\/sybir.bialystok.pl\/wp-content\/uploads\/2021\/04\/Eksponat-7-2-Sredni.jpg\" \/>\n\t<meta property=\"og:image:width\" content=\"1154\" \/>\n\t<meta property=\"og:image:height\" content=\"768\" \/>\n\t<meta property=\"og:image:type\" content=\"image\/jpeg\" \/>\n<meta name=\"twitter:card\" content=\"summary_large_image\" \/>\n<meta name=\"twitter:label1\" content=\"\u041f\u0440\u0438\u043c\u0435\u0440\u043d\u043e\u0435 \u0432\u0440\u0435\u043c\u044f \u0434\u043b\u044f \u0447\u0442\u0435\u043d\u0438\u044f\" \/>\n\t<meta name=\"twitter:data1\" content=\"3 \u043c\u0438\u043d\u0443\u0442\u044b\" \/>\n<script type=\"application\/ld+json\" class=\"yoast-schema-graph\">{\"@context\":\"https:\/\/schema.org\",\"@graph\":[{\"@type\":\"WebPage\",\"@id\":\"https:\/\/sybir.bialystok.pl\/ru\/%d0%bc%d1%83%d0%b7%d0%b5%d0%b9-2\/%d1%81%d0%be%d1%82%d1%80%d1%83%d0%b4%d0%bd%d0%b8%d1%87%d0%b5%d1%81%d1%82%d0%b2%d0%be\/udostepnianie-zbiorow\/\",\"url\":\"https:\/\/sybir.bialystok.pl\/ru\/%d0%bc%d1%83%d0%b7%d0%b5%d0%b9-2\/%d1%81%d0%be%d1%82%d1%80%d1%83%d0%b4%d0%bd%d0%b8%d1%87%d0%b5%d1%81%d1%82%d0%b2%d0%be\/udostepnianie-zbiorow\/\",\"name\":\"Udost\u0119pnianie zbior\u00f3w - Muzeum Pami\u0119ci Sybiru\",\"isPartOf\":{\"@id\":\"https:\/\/sybir.bialystok.pl\/ru\/#website\"},\"primaryImageOfPage\":{\"@id\":\"https:\/\/sybir.bialystok.pl\/ru\/%d0%bc%d1%83%d0%b7%d0%b5%d0%b9-2\/%d1%81%d0%be%d1%82%d1%80%d1%83%d0%b4%d0%bd%d0%b8%d1%87%d0%b5%d1%81%d1%82%d0%b2%d0%be\/udostepnianie-zbiorow\/#primaryimage\"},\"image\":{\"@id\":\"https:\/\/sybir.bialystok.pl\/ru\/%d0%bc%d1%83%d0%b7%d0%b5%d0%b9-2\/%d1%81%d0%be%d1%82%d1%80%d1%83%d0%b4%d0%bd%d0%b8%d1%87%d0%b5%d1%81%d1%82%d0%b2%d0%be\/udostepnianie-zbiorow\/#primaryimage\"},\"thumbnailUrl\":\"https:\/\/sybir.bialystok.pl\/wp-content\/uploads\/2021\/04\/Eksponat-7-2-Sredni.jpg\",\"datePublished\":\"2021-04-07T07:22:40+00:00\",\"dateModified\":\"2021-07-26T07:48:35+00:00\",\"description\":\"Nasze eksponaty s\u0105 dost\u0119pne. Korzystaj z nich online, zam\u00f3w cyfrow\u0105 kopi\u0119 lub wypo\u017cycz.\",\"breadcrumb\":{\"@id\":\"https:\/\/sybir.bialystok.pl\/ru\/%d0%bc%d1%83%d0%b7%d0%b5%d0%b9-2\/%d1%81%d0%be%d1%82%d1%80%d1%83%d0%b4%d0%bd%d0%b8%d1%87%d0%b5%d1%81%d1%82%d0%b2%d0%be\/udostepnianie-zbiorow\/#breadcrumb\"},\"inLanguage\":\"ru-RU\",\"potentialAction\":[{\"@type\":\"ReadAction\",\"target\":[\"https:\/\/sybir.bialystok.pl\/ru\/%d0%bc%d1%83%d0%b7%d0%b5%d0%b9-2\/%d1%81%d0%be%d1%82%d1%80%d1%83%d0%b4%d0%bd%d0%b8%d1%87%d0%b5%d1%81%d1%82%d0%b2%d0%be\/udostepnianie-zbiorow\/\"]}]},{\"@type\":\"ImageObject\",\"inLanguage\":\"ru-RU\",\"@id\":\"https:\/\/sybir.bialystok.pl\/ru\/%d0%bc%d1%83%d0%b7%d0%b5%d0%b9-2\/%d1%81%d0%be%d1%82%d1%80%d1%83%d0%b4%d0%bd%d0%b8%d1%87%d0%b5%d1%81%d1%82%d0%b2%d0%be\/udostepnianie-zbiorow\/#primaryimage\",\"url\":\"https:\/\/sybir.bialystok.pl\/wp-content\/uploads\/2021\/04\/Eksponat-7-2-Sredni.jpg\",\"contentUrl\":\"https:\/\/sybir.bialystok.pl\/wp-content\/uploads\/2021\/04\/Eksponat-7-2-Sredni.jpg\",\"width\":1154,\"height\":768},{\"@type\":\"BreadcrumbList\",\"@id\":\"https:\/\/sybir.bialystok.pl\/ru\/%d0%bc%d1%83%d0%b7%d0%b5%d0%b9-2\/%d1%81%d0%be%d1%82%d1%80%d1%83%d0%b4%d0%bd%d0%b8%d1%87%d0%b5%d1%81%d1%82%d0%b2%d0%be\/udostepnianie-zbiorow\/#breadcrumb\",\"itemListElement\":[{\"@type\":\"ListItem\",\"position\":1,\"name\":\"\u0414\u043e\u043c\",\"item\":\"https:\/\/sybir.bialystok.pl\/ru\/\"},{\"@type\":\"ListItem\",\"position\":2,\"name\":\"\u041c\u0443\u0437\u0435\u0439\",\"item\":\"https:\/\/sybir.bialystok.pl\/ru\/%d0%bc%d1%83%d0%b7%d0%b5%d0%b9-2\/\"},{\"@type\":\"ListItem\",\"position\":3,\"name\":\"\u0421\u043e\u0442\u0440\u0443\u0434\u043d\u0438\u0447\u0435\u0441\u0442\u0432\u043e\",\"item\":\"https:\/\/sybir.bialystok.pl\/ru\/%d0%bc%d1%83%d0%b7%d0%b5%d0%b9-2\/%d1%81%d0%be%d1%82%d1%80%d1%83%d0%b4%d0%bd%d0%b8%d1%87%d0%b5%d1%81%d1%82%d0%b2%d0%be\/\"},{\"@type\":\"ListItem\",\"position\":4,\"name\":\"Udost\u0119pnianie zbior\u00f3w\"}]},{\"@type\":\"WebSite\",\"@id\":\"https:\/\/sybir.bialystok.pl\/ru\/#website\",\"url\":\"https:\/\/sybir.bialystok.pl\/ru\/\",\"name\":\"Muzeum Pami\u0119ci Sybiru\",\"description\":\"Muzeum Pami\u0119ci Sybiru jest po\u015bwi\u0119cone ludziom, kt\u00f3rzy od ko\u0144ca XVI a\u017c do po\u0142owy XX wieku byli niewoleni i zsy\u0142ani w g\u0142\u0105b Rosji, a p\u00f3\u017aniej Zwi\u0105zku Sowieckiego, jak te\u017c tym, kt\u00f3rzy pod\u0105\u017cali tam dobrowolnie.\",\"potentialAction\":[{\"@type\":\"SearchAction\",\"target\":{\"@type\":\"EntryPoint\",\"urlTemplate\":\"https:\/\/sybir.bialystok.pl\/ru\/?s={search_term_string}\"},\"query-input\":{\"@type\":\"PropertyValueSpecification\",\"valueRequired\":true,\"valueName\":\"search_term_string\"}}],\"inLanguage\":\"ru-RU\"}]}<\/script>\n<!-- \/ Yoast SEO plugin. -->","yoast_head_json":{"title":"Udost\u0119pnianie zbior\u00f3w - Muzeum Pami\u0119ci Sybiru","description":"Nasze eksponaty s\u0105 dost\u0119pne. Korzystaj z nich online, zam\u00f3w cyfrow\u0105 kopi\u0119 lub wypo\u017cycz.","robots":{"index":"index","follow":"follow","max-snippet":"max-snippet:-1","max-image-preview":"max-image-preview:large","max-video-preview":"max-video-preview:-1"},"canonical":"https:\/\/sybir.bialystok.pl\/ru\/%d0%bc%d1%83%d0%b7%d0%b5%d0%b9-2\/%d1%81%d0%be%d1%82%d1%80%d1%83%d0%b4%d0%bd%d0%b8%d1%87%d0%b5%d1%81%d1%82%d0%b2%d0%be\/udostepnianie-zbiorow\/","og_locale":"ru_RU","og_type":"article","og_title":"Udost\u0119pnianie zbior\u00f3w - Muzeum Pami\u0119ci Sybiru","og_description":"Nasze eksponaty s\u0105 dost\u0119pne. Korzystaj z nich online, zam\u00f3w cyfrow\u0105 kopi\u0119 lub wypo\u017cycz.","og_url":"https:\/\/sybir.bialystok.pl\/ru\/%d0%bc%d1%83%d0%b7%d0%b5%d0%b9-2\/%d1%81%d0%be%d1%82%d1%80%d1%83%d0%b4%d0%bd%d0%b8%d1%87%d0%b5%d1%81%d1%82%d0%b2%d0%be\/udostepnianie-zbiorow\/","og_site_name":"Muzeum Pami\u0119ci Sybiru","article_modified_time":"2021-07-26T07:48:35+00:00","og_image":[{"width":1154,"height":768,"url":"https:\/\/sybir.bialystok.pl\/wp-content\/uploads\/2021\/04\/Eksponat-7-2-Sredni.jpg","type":"image\/jpeg"}],"twitter_card":"summary_large_image","twitter_misc":{"\u041f\u0440\u0438\u043c\u0435\u0440\u043d\u043e\u0435 \u0432\u0440\u0435\u043c\u044f \u0434\u043b\u044f \u0447\u0442\u0435\u043d\u0438\u044f":"3 \u043c\u0438\u043d\u0443\u0442\u044b"},"schema":{"@context":"https:\/\/schema.org","@graph":[{"@type":"WebPage","@id":"https:\/\/sybir.bialystok.pl\/ru\/%d0%bc%d1%83%d0%b7%d0%b5%d0%b9-2\/%d1%81%d0%be%d1%82%d1%80%d1%83%d0%b4%d0%bd%d0%b8%d1%87%d0%b5%d1%81%d1%82%d0%b2%d0%be\/udostepnianie-zbiorow\/","url":"https:\/\/sybir.bialystok.pl\/ru\/%d0%bc%d1%83%d0%b7%d0%b5%d0%b9-2\/%d1%81%d0%be%d1%82%d1%80%d1%83%d0%b4%d0%bd%d0%b8%d1%87%d0%b5%d1%81%d1%82%d0%b2%d0%be\/udostepnianie-zbiorow\/","name":"Udost\u0119pnianie zbior\u00f3w - Muzeum Pami\u0119ci Sybiru","isPartOf":{"@id":"https:\/\/sybir.bialystok.pl\/ru\/#website"},"primaryImageOfPage":{"@id":"https:\/\/sybir.bialystok.pl\/ru\/%d0%bc%d1%83%d0%b7%d0%b5%d0%b9-2\/%d1%81%d0%be%d1%82%d1%80%d1%83%d0%b4%d0%bd%d0%b8%d1%87%d0%b5%d1%81%d1%82%d0%b2%d0%be\/udostepnianie-zbiorow\/#primaryimage"},"image":{"@id":"https:\/\/sybir.bialystok.pl\/ru\/%d0%bc%d1%83%d0%b7%d0%b5%d0%b9-2\/%d1%81%d0%be%d1%82%d1%80%d1%83%d0%b4%d0%bd%d0%b8%d1%87%d0%b5%d1%81%d1%82%d0%b2%d0%be\/udostepnianie-zbiorow\/#primaryimage"},"thumbnailUrl":"https:\/\/sybir.bialystok.pl\/wp-content\/uploads\/2021\/04\/Eksponat-7-2-Sredni.jpg","datePublished":"2021-04-07T07:22:40+00:00","dateModified":"2021-07-26T07:48:35+00:00","description":"Nasze eksponaty s\u0105 dost\u0119pne. Korzystaj z nich online, zam\u00f3w cyfrow\u0105 kopi\u0119 lub wypo\u017cycz.","breadcrumb":{"@id":"https:\/\/sybir.bialystok.pl\/ru\/%d0%bc%d1%83%d0%b7%d0%b5%d0%b9-2\/%d1%81%d0%be%d1%82%d1%80%d1%83%d0%b4%d0%bd%d0%b8%d1%87%d0%b5%d1%81%d1%82%d0%b2%d0%be\/udostepnianie-zbiorow\/#breadcrumb"},"inLanguage":"ru-RU","potentialAction":[{"@type":"ReadAction","target":["https:\/\/sybir.bialystok.pl\/ru\/%d0%bc%d1%83%d0%b7%d0%b5%d0%b9-2\/%d1%81%d0%be%d1%82%d1%80%d1%83%d0%b4%d0%bd%d0%b8%d1%87%d0%b5%d1%81%d1%82%d0%b2%d0%be\/udostepnianie-zbiorow\/"]}]},{"@type":"ImageObject","inLanguage":"ru-RU","@id":"https:\/\/sybir.bialystok.pl\/ru\/%d0%bc%d1%83%d0%b7%d0%b5%d0%b9-2\/%d1%81%d0%be%d1%82%d1%80%d1%83%d0%b4%d0%bd%d0%b8%d1%87%d0%b5%d1%81%d1%82%d0%b2%d0%be\/udostepnianie-zbiorow\/#primaryimage","url":"https:\/\/sybir.bialystok.pl\/wp-content\/uploads\/2021\/04\/Eksponat-7-2-Sredni.jpg","contentUrl":"https:\/\/sybir.bialystok.pl\/wp-content\/uploads\/2021\/04\/Eksponat-7-2-Sredni.jpg","width":1154,"height":768},{"@type":"BreadcrumbList","@id":"https:\/\/sybir.bialystok.pl\/ru\/%d0%bc%d1%83%d0%b7%d0%b5%d0%b9-2\/%d1%81%d0%be%d1%82%d1%80%d1%83%d0%b4%d0%bd%d0%b8%d1%87%d0%b5%d1%81%d1%82%d0%b2%d0%be\/udostepnianie-zbiorow\/#breadcrumb","itemListElement":[{"@type":"ListItem","position":1,"name":"\u0414\u043e\u043c","item":"https:\/\/sybir.bialystok.pl\/ru\/"},{"@type":"ListItem","position":2,"name":"\u041c\u0443\u0437\u0435\u0439","item":"https:\/\/sybir.bialystok.pl\/ru\/%d0%bc%d1%83%d0%b7%d0%b5%d0%b9-2\/"},{"@type":"ListItem","position":3,"name":"\u0421\u043e\u0442\u0440\u0443\u0434\u043d\u0438\u0447\u0435\u0441\u0442\u0432\u043e","item":"https:\/\/sybir.bialystok.pl\/ru\/%d0%bc%d1%83%d0%b7%d0%b5%d0%b9-2\/%d1%81%d0%be%d1%82%d1%80%d1%83%d0%b4%d0%bd%d0%b8%d1%87%d0%b5%d1%81%d1%82%d0%b2%d0%be\/"},{"@type":"ListItem","position":4,"name":"Udost\u0119pnianie zbior\u00f3w"}]},{"@type":"WebSite","@id":"https:\/\/sybir.bialystok.pl\/ru\/#website","url":"https:\/\/sybir.bialystok.pl\/ru\/","name":"Muzeum Pami\u0119ci Sybiru","description":"Muzeum Pami\u0119ci Sybiru jest po\u015bwi\u0119cone ludziom, kt\u00f3rzy od ko\u0144ca XVI a\u017c do po\u0142owy XX wieku byli niewoleni i zsy\u0142ani w g\u0142\u0105b Rosji, a p\u00f3\u017aniej Zwi\u0105zku Sowieckiego, jak te\u017c tym, kt\u00f3rzy pod\u0105\u017cali tam dobrowolnie.","potentialAction":[{"@type":"SearchAction","target":{"@type":"EntryPoint","urlTemplate":"https:\/\/sybir.bialystok.pl\/ru\/?s={search_term_string}"},"query-input":{"@type":"PropertyValueSpecification","valueRequired":true,"valueName":"search_term_string"}}],"inLanguage":"ru-RU"}]}},"_links":{"self":[{"href":"https:\/\/sybir.bialystok.pl\/ru\/wp-json\/wp\/v2\/pages\/6164","targetHints":{"allow":["GET"]}}],"collection":[{"href":"https:\/\/sybir.bialystok.pl\/ru\/wp-json\/wp\/v2\/pages"}],"about":[{"href":"https:\/\/sybir.bialystok.pl\/ru\/wp-json\/wp\/v2\/types\/page"}],"author":[{"embeddable":true,"href":"https:\/\/sybir.bialystok.pl\/ru\/wp-json\/wp\/v2\/users\/1"}],"replies":[{"embeddable":true,"href":"https:\/\/sybir.bialystok.pl\/ru\/wp-json\/wp\/v2\/comments?post=6164"}],"version-history":[{"count":1,"href":"https:\/\/sybir.bialystok.pl\/ru\/wp-json\/wp\/v2\/pages\/6164\/revisions"}],"predecessor-version":[{"id":6167,"href":"https:\/\/sybir.bialystok.pl\/ru\/wp-json\/wp\/v2\/pages\/6164\/revisions\/6167"}],"up":[{"embeddable":true,"href":"https:\/\/sybir.bialystok.pl\/ru\/wp-json\/wp\/v2\/pages\/6155"}],"wp:featuredmedia":[{"embeddable":true,"href":"https:\/\/sybir.bialystok.pl\/ru\/wp-json\/wp\/v2\/media\/4310"}],"wp:attachment":[{"href":"https:\/\/sybir.bialystok.pl\/ru\/wp-json\/wp\/v2\/media?parent=6164"}],"curies":[{"name":"wp","href":"https:\/\/api.w.org\/{rel}","templated":true}]}}