{"id":6151,"date":"2021-02-11T15:29:15","date_gmt":"2021-02-11T14:29:15","guid":{"rendered":"https:\/\/sybir.bialystok.pl\/o-nas\/struktura-organizacyjna\/"},"modified":"2025-02-06T13:54:08","modified_gmt":"2025-02-06T12:54:08","slug":"%d0%be%d1%80%d0%b3%d0%b0%d0%bd%d0%b8%d0%b7%d0%b0%d1%86%d0%b8%d0%be%d0%bd%d0%bd%d0%b0%d1%8f-%d1%81%d1%82%d1%80%d1%83%d0%ba%d1%82%d1%83%d1%80%d0%b0","status":"publish","type":"page","link":"https:\/\/sybir.bialystok.pl\/ru\/%d0%bc%d1%83%d0%b7%d0%b5%d0%b9-2\/%d0%be-%d0%bd%d0%b0%d1%81\/%d0%be%d1%80%d0%b3%d0%b0%d0%bd%d0%b8%d0%b7%d0%b0%d1%86%d0%b8%d0%be%d0%bd%d0%bd%d0%b0%d1%8f-%d1%81%d1%82%d1%80%d1%83%d0%ba%d1%82%d1%83%d1%80%d0%b0\/","title":{"rendered":"\u041e\u0440\u0433\u0430\u043d\u0438\u0437\u0430\u0446\u0438\u043e\u043d\u043d\u0430\u044f \u0441\u0442\u0440\u0443\u043a\u0442\u0443\u0440\u0430"},"content":{"rendered":"\n<!--more-->\n\n\n\n<ul class=\"wp-block-list\">\n<li><strong><strong>\u0414\u0438\u0440\u0435\u043a\u0442\u043e\u0440 \u041c\u0443\u0437\u0435\u044f \u043f\u0430\u043c\u044f\u0442\u0438 \u0421\u0438\u0431\u0438\u0440\u0438<\/strong><\/strong><\/li>\n<\/ul>\n\n\n\n<p>\u043f\u0440\u043e\u0444. \u0434-\u0440 \u043d\u0430\u0443\u043a \u0412\u043e\u0439\u0446\u0435\u0445 \u0421\u043b\u0435\u0448\u0438\u043d\u044c\u0441\u043a\u0438 (<span class=\"has-inline-color has-vivid-cyan-blue-color\"><span style=\"text-decoration: underline;\"><a href=\"https:\/\/sybir.bialystok.pl\/ru\/%d0%bf%d1%80%d0%be%d1%84-%d0%b4-%d1%80-%d1%85%d0%b0%d0%b1-%d0%b2%d0%be%d0%b9%d1%86%d0%b5%d1%85-%d1%81%d0%bb%d0%b5%d1%88%d0%b8%d0%bd%d1%8c%d1%81%d0%ba%d0%b8\/\" target=\"_blank\" rel=\"noreferrer noopener\">\u0431\u0438\u043e\u0433\u0440\u0430\u0444\u0438\u044f<\/a><\/span><\/span>)<\/p>\n\n\n\n<ul class=\"wp-block-list\">\n<li><strong><strong>\u0413\u043b\u0430\u0432\u043d\u044b\u0439 \u0431\u0443\u0445\u0433\u0430\u043b\u0442\u0435\u0440<\/strong><\/strong><\/li>\n<\/ul>\n\n\n\n<p>\u042d\u0432\u0430 \u042d\u0434\u0438\u0442\u0430 \u042f\u0446\u0435\u0432\u0438\u0447<\/p>\n\n\n\n<p>\u044d\u043b\u0435\u043a\u0442\u0440\u043e\u043d\u043d\u0430\u044f \u043f\u043e\u0447\u0442\u0430: <a href=\"mailto:ksiegowosc@sybir.bialystok.pl\">ksiegowosc@sybir.bialystok.pl<\/a><\/p>\n\n\n\n<p>\u0442\u0435\u043b. +48 85 672 36 08<\/p>\n\n\n\n<ul class=\"wp-block-list\">\n<li><strong><strong>\u0411\u044e\u0440\u043e \u041c\u0443\u0437\u0435\u044f<\/strong><\/strong><\/li>\n<\/ul>\n\n\n\n<p>\u0414\u0436\u043e\u0430\u043d\u043d\u0430 \u041de\u0440o\u0434\u0437\u0438\u043a \u2013 \u0420\u0443\u043a\u043e\u0432\u043e\u0434\u0438\u0442\u0435\u043b\u044c<\/p>\n\n\n\n<p>\u044d\u043b\u0435\u043a\u0442\u0440\u043e\u043d\u043d\u0430\u044f \u043f\u043e\u0447\u0442\u0430: <a href=\"mailto:j.nierodzikt@sybir.bialystok.pl\">j.nierodzik@sybir.bialystok.pl<\/a><\/p>\n\n\n\n<p>\u0442\u0435\u043b. +48 <a href=\"tel:85 672 36 08\"><\/a>85 672 35 73<\/p>\n\n\n\n<ul class=\"wp-block-list\">\n<li><strong><strong>\u043a\u043e\u043d\u0442\u0430\u043a\u0442 \u0434\u043b\u044f \u0421\u041c\u0418<\/strong><\/strong><\/li>\n<\/ul>\n\n\n\n<p>\u044d\u043b\u0435\u043a\u0442\u0440\u043e\u043d\u043d\u0430\u044f \u043f\u043e\u0447\u0442\u0430: <a href=\"mailto:p.roman@sybir.bialystok.pl\">media@sybir.bialystok.pl<\/a><\/p>\n\n\n\n<p>\u0442\u0435\u043b. +48 85 672 36 05<\/p>\n\n\n\n<ul class=\"wp-block-list\">\n<li><strong><strong>\u0410\u0434\u043c\u0438\u043d\u0438\u0441\u0442\u0440\u0430\u0442\u0438\u0432\u043d\u044b\u0439 o\u0442\u0434\u0435\u043b<\/strong><\/strong><\/li>\n<\/ul>\n\n\n\n<p>\u0410\u043d\u0436\u0435\u043b\u0438\u043a\u0430 \u042d\u0439\u0445\u043b\u0435\u0440 \u2013 \u0420\u0443\u043a\u043e\u0432\u043e\u0434\u0438\u0442\u0435\u043b\u044c<\/p>\n\n\n\n<p>\u044d\u043b\u0435\u043a\u0442\u0440\u043e\u043d\u043d\u0430\u044f \u043f\u043e\u0447\u0442\u0430: <a href=\"mailto:a.ejchler@sybir.bialystok.pl\">a.ejchler@sybir.bialystok.pl<\/a><\/p>\n\n\n\n<p>\u0442\u0435\u043b. +48 85 672 36 02<\/p>\n\n\n\n<ul class=\"wp-block-list\">\n<li><strong><strong>\u041e\u0442\u0434\u0435\u043b \u043f\u043e\u0441\u0442\u043e\u044f\u043d\u043d\u043e\u0439 \u0432\u044b\u0441\u0442\u0430\u0432\u043a\u0438<\/strong><\/strong><\/li>\n<\/ul>\n\n\n\n<p>\u041c\u043e\u043d\u0438\u043a\u0430 \u0428\u0430\u0440\u0435\u0439\u043a\u043e \u2013 \u0420\u0443\u043a\u043e\u0432\u043e\u0434\u0438\u0442\u0435\u043b\u044c<\/p>\n\n\n\n<p>\u044d\u043b\u0435\u043a\u0442\u0440\u043e\u043d\u043d\u0430\u044f \u043f\u043e\u0447\u0442\u0430: <a href=\"mailto:m.szarejko@sybir.bialystok.pl\">m.szarejko@sybir.bialystok.pl<\/a><\/p>\n\n\n\n<p>\u0442\u0435\u043b. +48 85 672 36 06<\/p>\n\n\n\n<ul class=\"wp-block-list\">\n<li><strong><strong>\u041e\u0442\u0434\u0435\u043b \u043e\u0431\u0440\u0430\u0437\u043e\u0432\u0430\u0442\u0435\u043b\u044c\u043d\u044b\u0445 \u0438&nbsp;\u043a\u0443\u043b\u044c\u0442\u0443\u0440\u043d\u044b\u0445 \u043f\u0440\u043e\u0435\u043a\u0442\u043e\u0432<\/strong><\/strong><\/li>\n<\/ul>\n\n\n\n<p>\u043a\u0430\u043d\u0434. \u043d\u0430\u0443\u043a \u041f\u0435\u0442\u0440 \u041f\u043e\u043f\u043b\u0430\u0432\u0441\u043a\u0438 \u2013 \u0420\u0443\u043a\u043e\u0432\u043e\u0434\u0438\u0442\u0435\u043b\u044c<\/p>\n\n\n\n<p>\u044d\u043b\u0435\u043a\u0442\u0440\u043e\u043d\u043d\u0430\u044f \u043f\u043e\u0447\u0442\u0430: <a href=\"mailto:p.poplawski@sybir.bialystok.pl\">p.poplawski@sybir.bialystok.pl<\/a> <\/p>\n\n\n\n<p>\u0442\u0435\u043b. +48 85 672 36 03<\/p>\n\n\n\n<ul class=\"wp-block-list\">\n<li><strong><strong>\u041d\u0430\u0443\u0447\u043d\u044b\u0439 \u043e\u0442\u0434\u0435\u043b &#8212; \u0418\u0441\u0441\u043b\u0435\u0434\u043e\u0432\u0430\u0442\u0435\u043b\u044c\u0441\u043a\u0438\u0439 \u0438\u043d\u0441\u0442\u0438\u0442\u0443\u0442 \u0438\u043c. \u041f\u0440\u0435\u0437\u0438\u0434\u0435\u043d\u0442\u0430 \u0421\u0435\u0432\u0435\u0440\u0438\u043d\u0430 \u041d\u043e\u0432\u0430\u043a\u043e\u0432\u0441\u043a\u043e\u0433\u043e<\/strong><\/strong><\/li>\n<\/ul>\n\n\n\n<p>\u043a\u0430\u043d\u0434. \u043d\u0430\u0443\u043a \u041c\u0430\u0440\u0446\u0438\u043d \u0417\u0432\u043e\u043b\u044c\u0441\u043a\u0438 \u2013 \u0420\u0443\u043a\u043e\u0432\u043e\u0434\u0438\u0442\u0435\u043b\u044c<\/p>\n\n\n\n<p>\u044d\u043b\u0435\u043a\u0442\u0440\u043e\u043d\u043d\u0430\u044f \u043f\u043e\u0447\u0442\u0430: <a href=\"mailto:m.zwolski@sybir.bialystok.pl\">m.zwolski@sybir.bialystok.pl<\/a><\/p>\n\n\n\n<p>\u0442\u0435\u043b. +48 85 672 36 04<\/p>\n\n\n\n<ul class=\"wp-block-list\">\n<li><strong><strong>\u041e\u0442\u0434\u0435\u043b \u043a\u043e\u043b\u043b\u0435\u043a\u0446\u0438\u0438 \u043c\u0443\u0437\u0435\u044f<\/strong><\/strong><\/li>\n<\/ul>\n\n\n\n<p>\u041a\u0430\u0442\u0430\u0436\u0438\u043d\u0430 \u0421\u043b\u0438\u0432\u043e\u0432\u0441\u043a\u0430 \u2013 \u0420\u0443\u043a\u043e\u0432\u043e\u0434\u0438\u0442\u0435\u043b\u044c<\/p>\n\n\n\n<p>\u044d\u043b\u0435\u043a\u0442\u0440\u043e\u043d\u043d\u0430\u044f \u043f\u043e\u0447\u0442\u0430: <a href=\"mailto:k.sliwowska@sybir.bialystok.pl\">k.sliwowska@sybir.bialystok.pl<\/a><\/p>\n\n\n\n<p>\u0442\u0435\u043b. +48 85 672 36 07<\/p>\n\n\n\n<ul class=\"wp-block-list\">\n<li><strong><strong>\u041e\u0442\u0434\u0435\u043b \u0433\u0440\u0430\u0444\u0438\u0447\u0435\u0441\u043a\u043e\u0433\u043e \u0434\u0438\u0437\u0430\u0439\u043d\u0430<\/strong><\/strong><\/li>\n<\/ul>\n\n\n\n<p>\u041c\u0430\u0433\u0434\u0430\u043b\u0435\u043d\u0430 \u0417\u0435\u043d\u0446\u043a\u043e\u0432\u0441\u043aa-\u0422\u0443\u0445\u043b\u0438\u043d\u0441\u043a\u0430 \u2013 \u0420\u0443\u043a\u043e\u0432\u043e\u0434\u0438\u0442\u0435\u043b\u044c<\/p>\n\n\n\n<p>\u044d\u043b\u0435\u043a\u0442\u0440\u043e\u043d\u043d\u0430\u044f \u043f\u043e\u0447\u0442\u0430: <a href=\"mailto:m.tuchlinska@sybir.bialystok.pl\">m.tuchlinska@sybir.bialystok.pl<\/a><\/p>\n\n\n\n<p>\u0442\u0435\u043b. +48 85 672 35 82<\/p>\n","protected":false},"excerpt":{"rendered":"<p>\u041f\u043e\u0437\u043d\u0430\u043a\u043e\u043c\u044c\u0442\u0435\u0441\u044c \u0441 \u043a\u043e\u043c\u0430\u043d\u0434\u043e\u0439 \u041c\u0443\u0437\u0435\u044f \u043f\u0430\u043c\u044f\u0442\u0438 \u0421\u0438\u0431\u0438\u0440\u0438!<\/p>\n","protected":false},"author":1,"featured_media":0,"parent":6146,"menu_order":2,"comment_status":"closed","ping_status":"closed","template":"","meta":{"_acf_changed":false,"_editorskit_title_hidden":false,"_editorskit_reading_time":0,"_editorskit_is_block_options_detached":false,"_editorskit_block_options_position":"{}","footnotes":""},"class_list":["post-6151","page","type-page","status-publish","hentry"],"acf":[],"yoast_head":"<!-- This site is optimized with the Yoast SEO plugin v24.6 - https:\/\/yoast.com\/wordpress\/plugins\/seo\/ -->\n<title>\u041e\u0440\u0433\u0430\u043d\u0438\u0437\u0430\u0446\u0438\u043e\u043d\u043d\u0430\u044f \u0441\u0442\u0440\u0443\u043a\u0442\u0443\u0440\u0430 - Muzeum Pami\u0119ci Sybiru<\/title>\n<meta name=\"description\" content=\"\u041f\u043e\u0437\u043d\u0430\u043a\u043e\u043c\u044c\u0442\u0435\u0441\u044c \u0441 \u043a\u043e\u043c\u0430\u043d\u0434\u043e\u0439 \u041c\u0443\u0437\u0435\u044f \u043f\u0430\u043c\u044f\u0442\u0438 \u0421\u0438\u0431\u0438\u0440\u0438!\" \/>\n<meta name=\"robots\" content=\"index, follow, max-snippet:-1, max-image-preview:large, max-video-preview:-1\" \/>\n<link rel=\"canonical\" href=\"https:\/\/sybir.bialystok.pl\/ru\/%d0%bc%d1%83%d0%b7%d0%b5%d0%b9-2\/%d0%be-%d0%bd%d0%b0%d1%81\/%d0%be%d1%80%d0%b3%d0%b0%d0%bd%d0%b8%d0%b7%d0%b0%d1%86%d0%b8%d0%be%d0%bd%d0%bd%d0%b0%d1%8f-%d1%81%d1%82%d1%80%d1%83%d0%ba%d1%82%d1%83%d1%80%d0%b0\/\" \/>\n<meta property=\"og:locale\" content=\"ru_RU\" \/>\n<meta property=\"og:type\" content=\"article\" \/>\n<meta property=\"og:title\" content=\"\u041e\u0440\u0433\u0430\u043d\u0438\u0437\u0430\u0446\u0438\u043e\u043d\u043d\u0430\u044f \u0441\u0442\u0440\u0443\u043a\u0442\u0443\u0440\u0430 - Muzeum Pami\u0119ci Sybiru\" \/>\n<meta property=\"og:description\" content=\"\u041f\u043e\u0437\u043d\u0430\u043a\u043e\u043c\u044c\u0442\u0435\u0441\u044c \u0441 \u043a\u043e\u043c\u0430\u043d\u0434\u043e\u0439 \u041c\u0443\u0437\u0435\u044f \u043f\u0430\u043c\u044f\u0442\u0438 \u0421\u0438\u0431\u0438\u0440\u0438!\" \/>\n<meta property=\"og:url\" content=\"https:\/\/sybir.bialystok.pl\/ru\/%d0%bc%d1%83%d0%b7%d0%b5%d0%b9-2\/%d0%be-%d0%bd%d0%b0%d1%81\/%d0%be%d1%80%d0%b3%d0%b0%d0%bd%d0%b8%d0%b7%d0%b0%d1%86%d0%b8%d0%be%d0%bd%d0%bd%d0%b0%d1%8f-%d1%81%d1%82%d1%80%d1%83%d0%ba%d1%82%d1%83%d1%80%d0%b0\/\" \/>\n<meta property=\"og:site_name\" content=\"Muzeum Pami\u0119ci Sybiru\" \/>\n<meta property=\"article:modified_time\" content=\"2025-02-06T12:54:08+00:00\" \/>\n<meta name=\"twitter:card\" content=\"summary_large_image\" \/>\n<meta name=\"twitter:label1\" content=\"\u041f\u0440\u0438\u043c\u0435\u0440\u043d\u043e\u0435 \u0432\u0440\u0435\u043c\u044f \u0434\u043b\u044f \u0447\u0442\u0435\u043d\u0438\u044f\" \/>\n\t<meta name=\"twitter:data1\" content=\"1 \u043c\u0438\u043d\u0443\u0442\u0430\" \/>\n<script type=\"application\/ld+json\" class=\"yoast-schema-graph\">{\"@context\":\"https:\/\/schema.org\",\"@graph\":[{\"@type\":\"WebPage\",\"@id\":\"https:\/\/sybir.bialystok.pl\/ru\/%d0%bc%d1%83%d0%b7%d0%b5%d0%b9-2\/%d0%be-%d0%bd%d0%b0%d1%81\/%d0%be%d1%80%d0%b3%d0%b0%d0%bd%d0%b8%d0%b7%d0%b0%d1%86%d0%b8%d0%be%d0%bd%d0%bd%d0%b0%d1%8f-%d1%81%d1%82%d1%80%d1%83%d0%ba%d1%82%d1%83%d1%80%d0%b0\/\",\"url\":\"https:\/\/sybir.bialystok.pl\/ru\/%d0%bc%d1%83%d0%b7%d0%b5%d0%b9-2\/%d0%be-%d0%bd%d0%b0%d1%81\/%d0%be%d1%80%d0%b3%d0%b0%d0%bd%d0%b8%d0%b7%d0%b0%d1%86%d0%b8%d0%be%d0%bd%d0%bd%d0%b0%d1%8f-%d1%81%d1%82%d1%80%d1%83%d0%ba%d1%82%d1%83%d1%80%d0%b0\/\",\"name\":\"\u041e\u0440\u0433\u0430\u043d\u0438\u0437\u0430\u0446\u0438\u043e\u043d\u043d\u0430\u044f \u0441\u0442\u0440\u0443\u043a\u0442\u0443\u0440\u0430 - Muzeum Pami\u0119ci Sybiru\",\"isPartOf\":{\"@id\":\"https:\/\/sybir.bialystok.pl\/ru\/#website\"},\"datePublished\":\"2021-02-11T14:29:15+00:00\",\"dateModified\":\"2025-02-06T12:54:08+00:00\",\"description\":\"\u041f\u043e\u0437\u043d\u0430\u043a\u043e\u043c\u044c\u0442\u0435\u0441\u044c \u0441 \u043a\u043e\u043c\u0430\u043d\u0434\u043e\u0439 \u041c\u0443\u0437\u0435\u044f \u043f\u0430\u043c\u044f\u0442\u0438 \u0421\u0438\u0431\u0438\u0440\u0438!\",\"breadcrumb\":{\"@id\":\"https:\/\/sybir.bialystok.pl\/ru\/%d0%bc%d1%83%d0%b7%d0%b5%d0%b9-2\/%d0%be-%d0%bd%d0%b0%d1%81\/%d0%be%d1%80%d0%b3%d0%b0%d0%bd%d0%b8%d0%b7%d0%b0%d1%86%d0%b8%d0%be%d0%bd%d0%bd%d0%b0%d1%8f-%d1%81%d1%82%d1%80%d1%83%d0%ba%d1%82%d1%83%d1%80%d0%b0\/#breadcrumb\"},\"inLanguage\":\"ru-RU\",\"potentialAction\":[{\"@type\":\"ReadAction\",\"target\":[\"https:\/\/sybir.bialystok.pl\/ru\/%d0%bc%d1%83%d0%b7%d0%b5%d0%b9-2\/%d0%be-%d0%bd%d0%b0%d1%81\/%d0%be%d1%80%d0%b3%d0%b0%d0%bd%d0%b8%d0%b7%d0%b0%d1%86%d0%b8%d0%be%d0%bd%d0%bd%d0%b0%d1%8f-%d1%81%d1%82%d1%80%d1%83%d0%ba%d1%82%d1%83%d1%80%d0%b0\/\"]}]},{\"@type\":\"BreadcrumbList\",\"@id\":\"https:\/\/sybir.bialystok.pl\/ru\/%d0%bc%d1%83%d0%b7%d0%b5%d0%b9-2\/%d0%be-%d0%bd%d0%b0%d1%81\/%d0%be%d1%80%d0%b3%d0%b0%d0%bd%d0%b8%d0%b7%d0%b0%d1%86%d0%b8%d0%be%d0%bd%d0%bd%d0%b0%d1%8f-%d1%81%d1%82%d1%80%d1%83%d0%ba%d1%82%d1%83%d1%80%d0%b0\/#breadcrumb\",\"itemListElement\":[{\"@type\":\"ListItem\",\"position\":1,\"name\":\"\u0414\u043e\u043c\",\"item\":\"https:\/\/sybir.bialystok.pl\/ru\/\"},{\"@type\":\"ListItem\",\"position\":2,\"name\":\"\u041c\u0443\u0437\u0435\u0439\",\"item\":\"https:\/\/sybir.bialystok.pl\/ru\/%d0%bc%d1%83%d0%b7%d0%b5%d0%b9-2\/\"},{\"@type\":\"ListItem\",\"position\":3,\"name\":\"\u041e \u043d\u0430\u0441\",\"item\":\"https:\/\/sybir.bialystok.pl\/ru\/%d0%bc%d1%83%d0%b7%d0%b5%d0%b9-2\/%d0%be-%d0%bd%d0%b0%d1%81\/\"},{\"@type\":\"ListItem\",\"position\":4,\"name\":\"\u041e\u0440\u0433\u0430\u043d\u0438\u0437\u0430\u0446\u0438\u043e\u043d\u043d\u0430\u044f \u0441\u0442\u0440\u0443\u043a\u0442\u0443\u0440\u0430\"}]},{\"@type\":\"WebSite\",\"@id\":\"https:\/\/sybir.bialystok.pl\/ru\/#website\",\"url\":\"https:\/\/sybir.bialystok.pl\/ru\/\",\"name\":\"Muzeum Pami\u0119ci Sybiru\",\"description\":\"Muzeum Pami\u0119ci Sybiru jest po\u015bwi\u0119cone ludziom, kt\u00f3rzy od ko\u0144ca XVI a\u017c do po\u0142owy XX wieku byli niewoleni i zsy\u0142ani w g\u0142\u0105b Rosji, a p\u00f3\u017aniej Zwi\u0105zku Sowieckiego, jak te\u017c tym, kt\u00f3rzy pod\u0105\u017cali tam dobrowolnie.\",\"potentialAction\":[{\"@type\":\"SearchAction\",\"target\":{\"@type\":\"EntryPoint\",\"urlTemplate\":\"https:\/\/sybir.bialystok.pl\/ru\/?s={search_term_string}\"},\"query-input\":{\"@type\":\"PropertyValueSpecification\",\"valueRequired\":true,\"valueName\":\"search_term_string\"}}],\"inLanguage\":\"ru-RU\"}]}<\/script>\n<!-- \/ Yoast SEO plugin. -->","yoast_head_json":{"title":"\u041e\u0440\u0433\u0430\u043d\u0438\u0437\u0430\u0446\u0438\u043e\u043d\u043d\u0430\u044f \u0441\u0442\u0440\u0443\u043a\u0442\u0443\u0440\u0430 - Muzeum Pami\u0119ci Sybiru","description":"\u041f\u043e\u0437\u043d\u0430\u043a\u043e\u043c\u044c\u0442\u0435\u0441\u044c \u0441 \u043a\u043e\u043c\u0430\u043d\u0434\u043e\u0439 \u041c\u0443\u0437\u0435\u044f \u043f\u0430\u043c\u044f\u0442\u0438 \u0421\u0438\u0431\u0438\u0440\u0438!","robots":{"index":"index","follow":"follow","max-snippet":"max-snippet:-1","max-image-preview":"max-image-preview:large","max-video-preview":"max-video-preview:-1"},"canonical":"https:\/\/sybir.bialystok.pl\/ru\/%d0%bc%d1%83%d0%b7%d0%b5%d0%b9-2\/%d0%be-%d0%bd%d0%b0%d1%81\/%d0%be%d1%80%d0%b3%d0%b0%d0%bd%d0%b8%d0%b7%d0%b0%d1%86%d0%b8%d0%be%d0%bd%d0%bd%d0%b0%d1%8f-%d1%81%d1%82%d1%80%d1%83%d0%ba%d1%82%d1%83%d1%80%d0%b0\/","og_locale":"ru_RU","og_type":"article","og_title":"\u041e\u0440\u0433\u0430\u043d\u0438\u0437\u0430\u0446\u0438\u043e\u043d\u043d\u0430\u044f \u0441\u0442\u0440\u0443\u043a\u0442\u0443\u0440\u0430 - Muzeum Pami\u0119ci Sybiru","og_description":"\u041f\u043e\u0437\u043d\u0430\u043a\u043e\u043c\u044c\u0442\u0435\u0441\u044c \u0441 \u043a\u043e\u043c\u0430\u043d\u0434\u043e\u0439 \u041c\u0443\u0437\u0435\u044f \u043f\u0430\u043c\u044f\u0442\u0438 \u0421\u0438\u0431\u0438\u0440\u0438!","og_url":"https:\/\/sybir.bialystok.pl\/ru\/%d0%bc%d1%83%d0%b7%d0%b5%d0%b9-2\/%d0%be-%d0%bd%d0%b0%d1%81\/%d0%be%d1%80%d0%b3%d0%b0%d0%bd%d0%b8%d0%b7%d0%b0%d1%86%d0%b8%d0%be%d0%bd%d0%bd%d0%b0%d1%8f-%d1%81%d1%82%d1%80%d1%83%d0%ba%d1%82%d1%83%d1%80%d0%b0\/","og_site_name":"Muzeum Pami\u0119ci Sybiru","article_modified_time":"2025-02-06T12:54:08+00:00","twitter_card":"summary_large_image","twitter_misc":{"\u041f\u0440\u0438\u043c\u0435\u0440\u043d\u043e\u0435 \u0432\u0440\u0435\u043c\u044f \u0434\u043b\u044f \u0447\u0442\u0435\u043d\u0438\u044f":"1 \u043c\u0438\u043d\u0443\u0442\u0430"},"schema":{"@context":"https:\/\/schema.org","@graph":[{"@type":"WebPage","@id":"https:\/\/sybir.bialystok.pl\/ru\/%d0%bc%d1%83%d0%b7%d0%b5%d0%b9-2\/%d0%be-%d0%bd%d0%b0%d1%81\/%d0%be%d1%80%d0%b3%d0%b0%d0%bd%d0%b8%d0%b7%d0%b0%d1%86%d0%b8%d0%be%d0%bd%d0%bd%d0%b0%d1%8f-%d1%81%d1%82%d1%80%d1%83%d0%ba%d1%82%d1%83%d1%80%d0%b0\/","url":"https:\/\/sybir.bialystok.pl\/ru\/%d0%bc%d1%83%d0%b7%d0%b5%d0%b9-2\/%d0%be-%d0%bd%d0%b0%d1%81\/%d0%be%d1%80%d0%b3%d0%b0%d0%bd%d0%b8%d0%b7%d0%b0%d1%86%d0%b8%d0%be%d0%bd%d0%bd%d0%b0%d1%8f-%d1%81%d1%82%d1%80%d1%83%d0%ba%d1%82%d1%83%d1%80%d0%b0\/","name":"\u041e\u0440\u0433\u0430\u043d\u0438\u0437\u0430\u0446\u0438\u043e\u043d\u043d\u0430\u044f \u0441\u0442\u0440\u0443\u043a\u0442\u0443\u0440\u0430 - Muzeum Pami\u0119ci Sybiru","isPartOf":{"@id":"https:\/\/sybir.bialystok.pl\/ru\/#website"},"datePublished":"2021-02-11T14:29:15+00:00","dateModified":"2025-02-06T12:54:08+00:00","description":"\u041f\u043e\u0437\u043d\u0430\u043a\u043e\u043c\u044c\u0442\u0435\u0441\u044c \u0441 \u043a\u043e\u043c\u0430\u043d\u0434\u043e\u0439 \u041c\u0443\u0437\u0435\u044f \u043f\u0430\u043c\u044f\u0442\u0438 \u0421\u0438\u0431\u0438\u0440\u0438!","breadcrumb":{"@id":"https:\/\/sybir.bialystok.pl\/ru\/%d0%bc%d1%83%d0%b7%d0%b5%d0%b9-2\/%d0%be-%d0%bd%d0%b0%d1%81\/%d0%be%d1%80%d0%b3%d0%b0%d0%bd%d0%b8%d0%b7%d0%b0%d1%86%d0%b8%d0%be%d0%bd%d0%bd%d0%b0%d1%8f-%d1%81%d1%82%d1%80%d1%83%d0%ba%d1%82%d1%83%d1%80%d0%b0\/#breadcrumb"},"inLanguage":"ru-RU","potentialAction":[{"@type":"ReadAction","target":["https:\/\/sybir.bialystok.pl\/ru\/%d0%bc%d1%83%d0%b7%d0%b5%d0%b9-2\/%d0%be-%d0%bd%d0%b0%d1%81\/%d0%be%d1%80%d0%b3%d0%b0%d0%bd%d0%b8%d0%b7%d0%b0%d1%86%d0%b8%d0%be%d0%bd%d0%bd%d0%b0%d1%8f-%d1%81%d1%82%d1%80%d1%83%d0%ba%d1%82%d1%83%d1%80%d0%b0\/"]}]},{"@type":"BreadcrumbList","@id":"https:\/\/sybir.bialystok.pl\/ru\/%d0%bc%d1%83%d0%b7%d0%b5%d0%b9-2\/%d0%be-%d0%bd%d0%b0%d1%81\/%d0%be%d1%80%d0%b3%d0%b0%d0%bd%d0%b8%d0%b7%d0%b0%d1%86%d0%b8%d0%be%d0%bd%d0%bd%d0%b0%d1%8f-%d1%81%d1%82%d1%80%d1%83%d0%ba%d1%82%d1%83%d1%80%d0%b0\/#breadcrumb","itemListElement":[{"@type":"ListItem","position":1,"name":"\u0414\u043e\u043c","item":"https:\/\/sybir.bialystok.pl\/ru\/"},{"@type":"ListItem","position":2,"name":"\u041c\u0443\u0437\u0435\u0439","item":"https:\/\/sybir.bialystok.pl\/ru\/%d0%bc%d1%83%d0%b7%d0%b5%d0%b9-2\/"},{"@type":"ListItem","position":3,"name":"\u041e \u043d\u0430\u0441","item":"https:\/\/sybir.bialystok.pl\/ru\/%d0%bc%d1%83%d0%b7%d0%b5%d0%b9-2\/%d0%be-%d0%bd%d0%b0%d1%81\/"},{"@type":"ListItem","position":4,"name":"\u041e\u0440\u0433\u0430\u043d\u0438\u0437\u0430\u0446\u0438\u043e\u043d\u043d\u0430\u044f \u0441\u0442\u0440\u0443\u043a\u0442\u0443\u0440\u0430"}]},{"@type":"WebSite","@id":"https:\/\/sybir.bialystok.pl\/ru\/#website","url":"https:\/\/sybir.bialystok.pl\/ru\/","name":"Muzeum Pami\u0119ci Sybiru","description":"Muzeum Pami\u0119ci Sybiru jest po\u015bwi\u0119cone ludziom, kt\u00f3rzy od ko\u0144ca XVI a\u017c do po\u0142owy XX wieku byli niewoleni i zsy\u0142ani w g\u0142\u0105b Rosji, a p\u00f3\u017aniej Zwi\u0105zku Sowieckiego, jak te\u017c tym, kt\u00f3rzy pod\u0105\u017cali tam dobrowolnie.","potentialAction":[{"@type":"SearchAction","target":{"@type":"EntryPoint","urlTemplate":"https:\/\/sybir.bialystok.pl\/ru\/?s={search_term_string}"},"query-input":{"@type":"PropertyValueSpecification","valueRequired":true,"valueName":"search_term_string"}}],"inLanguage":"ru-RU"}]}},"_links":{"self":[{"href":"https:\/\/sybir.bialystok.pl\/ru\/wp-json\/wp\/v2\/pages\/6151","targetHints":{"allow":["GET"]}}],"collection":[{"href":"https:\/\/sybir.bialystok.pl\/ru\/wp-json\/wp\/v2\/pages"}],"about":[{"href":"https:\/\/sybir.bialystok.pl\/ru\/wp-json\/wp\/v2\/types\/page"}],"author":[{"embeddable":true,"href":"https:\/\/sybir.bialystok.pl\/ru\/wp-json\/wp\/v2\/users\/1"}],"replies":[{"embeddable":true,"href":"https:\/\/sybir.bialystok.pl\/ru\/wp-json\/wp\/v2\/comments?post=6151"}],"version-history":[{"count":6,"href":"https:\/\/sybir.bialystok.pl\/ru\/wp-json\/wp\/v2\/pages\/6151\/revisions"}],"predecessor-version":[{"id":34912,"href":"https:\/\/sybir.bialystok.pl\/ru\/wp-json\/wp\/v2\/pages\/6151\/revisions\/34912"}],"up":[{"embeddable":true,"href":"https:\/\/sybir.bialystok.pl\/ru\/wp-json\/wp\/v2\/pages\/6146"}],"wp:attachment":[{"href":"https:\/\/sybir.bialystok.pl\/ru\/wp-json\/wp\/v2\/media?parent=6151"}],"curies":[{"name":"wp","href":"https:\/\/api.w.org\/{rel}","templated":true}]}}