{"id":6133,"date":"2023-11-27T17:06:00","date_gmt":"2023-11-27T16:06:00","guid":{"rendered":"https:\/\/sybir.bialystok.pl\/edukacja\/"},"modified":"2026-02-05T12:11:25","modified_gmt":"2026-02-05T11:11:25","slug":"edukacja","status":"publish","type":"page","link":"https:\/\/sybir.bialystok.pl\/ru\/edukacja\/","title":{"rendered":"\u041e\u0437\u043d\u0430\u043a\u043e\u043c\u044c\u0442\u0435\u0441\u044c \u0441 \u043e\u0431\u0440\u0430\u0437\u043e\u0432\u0430\u0442\u0435\u043b\u044c\u043d\u043e\u0439 \u043f\u0440\u043e\u0433\u0440\u0430\u043c\u043c\u043e\u0439 \u041c\u0443\u0437\u0435\u044f \u043f\u0430\u043c\u044f\u0442\u0438 \u0421\u0438\u0431\u0438\u0440\u0438"},"content":{"rendered":"\n<p class=\"has-text-align-center\">\u041e\u0437\u043d\u0430\u043a\u043e\u043c\u044c\u0442\u0435\u0441\u044c \u0441 \u043e\u0431\u0440\u0430\u0437\u043e\u0432\u0430\u0442\u0435\u043b\u044c\u043d\u043e\u0439 \u043f\u0440\u043e\u0433\u0440\u0430\u043c\u043c\u043e\u0439 \u041c\u0443\u0437\u0435\u044f \u043f\u0430\u043c\u044f\u0442\u0438 \u0421\u0438\u0431\u0438\u0440\u0438 \u043e\u0441\u043d\u043e\u0432\u0430\u043d\u043e\u0439 \u043d\u0430 \u0444\u043e\u0440\u043c\u0430\u0445, \u043f\u043e\u0431\u0443\u0436\u0434\u0430\u044e\u0449\u0438\u0445 \u0443\u0447\u0430\u0441\u0442\u043d\u0438\u043a\u043e\u0432 \u043a \u0441\u043e\u0442\u0440\u0443\u0434\u043d\u0438\u0447\u0435\u0441\u0442\u0432\u0443 \u0438 \u0430\u043a\u0442\u0438\u0432\u043d\u044b\u043c \u0434\u0435\u0439\u0441\u0442\u0432\u0438\u044f\u043c, \u043f\u0440\u0438 \u043f\u0440\u043e\u0434\u0443\u043c\u0430\u043d\u043d\u043e\u0439 \u043f\u043e\u0434\u0434\u0435\u0440\u0436\u043a\u0435 \u043c\u0443\u043b\u044c\u0442\u0438\u043c\u0435\u0434\u0438\u0439\u043d\u044b\u0445 \u0441\u0440\u0435\u0434\u0441\u0442\u0432.\u00a0\u200b<\/p>\n\n\n\n<p class=\"has-text-align-center\"><\/p>\n\n\n\n<div class=\"wp-block-group\"><div class=\"wp-block-group__inner-container is-layout-constrained wp-block-group-is-layout-constrained\">\n<div class=\"wp-block-group\"><div class=\"wp-block-group__inner-container is-layout-constrained wp-block-group-is-layout-constrained\">\n<div class=\"wp-block-file alignleft\"><a id=\"wp-block-file--media-691cb562-bc9c-4148-80e1-0b63b4d4ab57\" href=\"https:\/\/sybir.bialystok.pl\/wp-content\/uploads\/2024\/12\/ETR-Muzeum-Sybiru.pdf\" target=\"_blank\" rel=\"noreferrer noopener\"><br><br><br><br><strong>ETR MUZEUM PAMI\u0118CI SYBIRU<\/strong><\/a><a href=\"https:\/\/sybir.bialystok.pl\/wp-content\/uploads\/2024\/12\/ETR-Muzeum-Sybiru.pdf\" class=\"wp-block-file__button wp-element-button\" download aria-describedby=\"wp-block-file--media-691cb562-bc9c-4148-80e1-0b63b4d4ab57\">Pobierz<\/a><\/div>\n\n\n\n<p class=\"has-text-align-left\"><\/p>\n\n\n\n<p><\/p>\n\n\n\n<p class=\"has-text-align-left\"><strong>Ko\u043d\u0442\u0430\u043a\u0442:<\/strong><\/p>\n\n\n\n<p class=\"has-text-align-left\"><strong>\u0442\u0435\u043b. +48 85 672 36 03<\/strong><\/p>\n\n\n\n<p class=\"has-text-align-left\"><strong>\u0442\u0435\u043b. +48\u00a085 672 36 00<\/strong><\/p>\n\n\n\n<p class=\"has-text-align-left\"><strong>e-mail:&nbsp;<a href=\"mailto:edukacja@sybir.bialystok.pl\">edukacja@sybir.bialystok.pl<\/a><\/strong><\/p>\n\n\n\n<p class=\"has-text-align-left\"><\/p>\n\n\n\n<p><\/p>\n<\/div><\/div>\n<\/div><\/div>\n","protected":false},"excerpt":{"rendered":"<p>Przekazujemy wiedz\u0119 m.in. na temat Sybiru i losu polskich zes\u0142a\u0144c\u00f3w w spos\u00f3b przyst\u0119pny dla ka\u017cdej grupy wiekowej. Przez ca\u0142y rok!<\/p>\n","protected":false},"author":1,"featured_media":2324,"parent":0,"menu_order":0,"comment_status":"closed","ping_status":"closed","template":"page-templates\/educations.php","meta":{"_acf_changed":false,"_editorskit_title_hidden":false,"_editorskit_reading_time":0,"_editorskit_is_block_options_detached":false,"_editorskit_block_options_position":"{}","footnotes":""},"class_list":["post-6133","page","type-page","status-publish","has-post-thumbnail","hentry"],"acf":[],"yoast_head":"<!-- This site is optimized with the Yoast SEO plugin v24.6 - https:\/\/yoast.com\/wordpress\/plugins\/seo\/ -->\n<title>\u041e\u0437\u043d\u0430\u043a\u043e\u043c\u044c\u0442\u0435\u0441\u044c \u0441 \u043e\u0431\u0440\u0430\u0437\u043e\u0432\u0430\u0442\u0435\u043b\u044c\u043d\u043e\u0439 \u043f\u0440\u043e\u0433\u0440\u0430\u043c\u043c\u043e\u0439 \u041c\u0443\u0437\u0435\u044f \u043f\u0430\u043c\u044f\u0442\u0438 \u0421\u0438\u0431\u0438\u0440\u0438 - Muzeum Pami\u0119ci Sybiru<\/title>\n<meta name=\"description\" content=\"Muzeum Pami\u0119ci Sybiru prowadzi dzia\u0142ania edukacyjne skierowane do zr\u00f3\u017cnicowanych wiekowo odbiorc\u00f3w. Przez ca\u0142y rok!\" \/>\n<meta name=\"robots\" content=\"index, follow, max-snippet:-1, max-image-preview:large, max-video-preview:-1\" \/>\n<link rel=\"canonical\" href=\"https:\/\/sybir.bialystok.pl\/ru\/edukacja\/\" \/>\n<meta property=\"og:locale\" content=\"ru_RU\" \/>\n<meta property=\"og:type\" content=\"article\" \/>\n<meta property=\"og:title\" content=\"\u041e\u0437\u043d\u0430\u043a\u043e\u043c\u044c\u0442\u0435\u0441\u044c \u0441 \u043e\u0431\u0440\u0430\u0437\u043e\u0432\u0430\u0442\u0435\u043b\u044c\u043d\u043e\u0439 \u043f\u0440\u043e\u0433\u0440\u0430\u043c\u043c\u043e\u0439 \u041c\u0443\u0437\u0435\u044f \u043f\u0430\u043c\u044f\u0442\u0438 \u0421\u0438\u0431\u0438\u0440\u0438 - Muzeum Pami\u0119ci Sybiru\" \/>\n<meta property=\"og:description\" content=\"Muzeum Pami\u0119ci Sybiru prowadzi dzia\u0142ania edukacyjne skierowane do zr\u00f3\u017cnicowanych wiekowo odbiorc\u00f3w. Przez ca\u0142y rok!\" \/>\n<meta property=\"og:url\" content=\"https:\/\/sybir.bialystok.pl\/ru\/edukacja\/\" \/>\n<meta property=\"og:site_name\" content=\"Muzeum Pami\u0119ci Sybiru\" \/>\n<meta property=\"article:modified_time\" content=\"2026-02-05T11:11:25+00:00\" \/>\n<meta property=\"og:image\" content=\"https:\/\/sybir.bialystok.pl\/wp-content\/uploads\/2021\/03\/2018.01.20-Dzien-babci-w-MPS-7-scaled.jpg\" \/>\n\t<meta property=\"og:image:width\" content=\"2560\" \/>\n\t<meta property=\"og:image:height\" content=\"1707\" \/>\n\t<meta property=\"og:image:type\" content=\"image\/jpeg\" \/>\n<meta name=\"twitter:card\" content=\"summary_large_image\" \/>\n<meta name=\"twitter:label1\" content=\"\u041f\u0440\u0438\u043c\u0435\u0440\u043d\u043e\u0435 \u0432\u0440\u0435\u043c\u044f \u0434\u043b\u044f \u0447\u0442\u0435\u043d\u0438\u044f\" \/>\n\t<meta name=\"twitter:data1\" content=\"1 \u043c\u0438\u043d\u0443\u0442\u0430\" \/>\n<script type=\"application\/ld+json\" class=\"yoast-schema-graph\">{\"@context\":\"https:\/\/schema.org\",\"@graph\":[{\"@type\":\"WebPage\",\"@id\":\"https:\/\/sybir.bialystok.pl\/ru\/edukacja\/\",\"url\":\"https:\/\/sybir.bialystok.pl\/ru\/edukacja\/\",\"name\":\"\u041e\u0437\u043d\u0430\u043a\u043e\u043c\u044c\u0442\u0435\u0441\u044c \u0441 \u043e\u0431\u0440\u0430\u0437\u043e\u0432\u0430\u0442\u0435\u043b\u044c\u043d\u043e\u0439 \u043f\u0440\u043e\u0433\u0440\u0430\u043c\u043c\u043e\u0439 \u041c\u0443\u0437\u0435\u044f \u043f\u0430\u043c\u044f\u0442\u0438 \u0421\u0438\u0431\u0438\u0440\u0438 - Muzeum Pami\u0119ci Sybiru\",\"isPartOf\":{\"@id\":\"https:\/\/sybir.bialystok.pl\/ru\/#website\"},\"primaryImageOfPage\":{\"@id\":\"https:\/\/sybir.bialystok.pl\/ru\/edukacja\/#primaryimage\"},\"image\":{\"@id\":\"https:\/\/sybir.bialystok.pl\/ru\/edukacja\/#primaryimage\"},\"thumbnailUrl\":\"https:\/\/sybir.bialystok.pl\/wp-content\/uploads\/2021\/03\/2018.01.20-Dzien-babci-w-MPS-7-scaled.jpg\",\"datePublished\":\"2023-11-27T16:06:00+00:00\",\"dateModified\":\"2026-02-05T11:11:25+00:00\",\"description\":\"Muzeum Pami\u0119ci Sybiru prowadzi dzia\u0142ania edukacyjne skierowane do zr\u00f3\u017cnicowanych wiekowo odbiorc\u00f3w. Przez ca\u0142y rok!\",\"breadcrumb\":{\"@id\":\"https:\/\/sybir.bialystok.pl\/ru\/edukacja\/#breadcrumb\"},\"inLanguage\":\"ru-RU\",\"potentialAction\":[{\"@type\":\"ReadAction\",\"target\":[\"https:\/\/sybir.bialystok.pl\/ru\/edukacja\/\"]}]},{\"@type\":\"ImageObject\",\"inLanguage\":\"ru-RU\",\"@id\":\"https:\/\/sybir.bialystok.pl\/ru\/edukacja\/#primaryimage\",\"url\":\"https:\/\/sybir.bialystok.pl\/wp-content\/uploads\/2021\/03\/2018.01.20-Dzien-babci-w-MPS-7-scaled.jpg\",\"contentUrl\":\"https:\/\/sybir.bialystok.pl\/wp-content\/uploads\/2021\/03\/2018.01.20-Dzien-babci-w-MPS-7-scaled.jpg\",\"width\":2560,\"height\":1707},{\"@type\":\"BreadcrumbList\",\"@id\":\"https:\/\/sybir.bialystok.pl\/ru\/edukacja\/#breadcrumb\",\"itemListElement\":[{\"@type\":\"ListItem\",\"position\":1,\"name\":\"\u0414\u043e\u043c\",\"item\":\"https:\/\/sybir.bialystok.pl\/ru\/\"},{\"@type\":\"ListItem\",\"position\":2,\"name\":\"\u041e\u0437\u043d\u0430\u043a\u043e\u043c\u044c\u0442\u0435\u0441\u044c \u0441 \u043e\u0431\u0440\u0430\u0437\u043e\u0432\u0430\u0442\u0435\u043b\u044c\u043d\u043e\u0439 \u043f\u0440\u043e\u0433\u0440\u0430\u043c\u043c\u043e\u0439 \u041c\u0443\u0437\u0435\u044f \u043f\u0430\u043c\u044f\u0442\u0438 \u0421\u0438\u0431\u0438\u0440\u0438\"}]},{\"@type\":\"WebSite\",\"@id\":\"https:\/\/sybir.bialystok.pl\/ru\/#website\",\"url\":\"https:\/\/sybir.bialystok.pl\/ru\/\",\"name\":\"Muzeum Pami\u0119ci Sybiru\",\"description\":\"Muzeum Pami\u0119ci Sybiru jest po\u015bwi\u0119cone ludziom, kt\u00f3rzy od ko\u0144ca XVI a\u017c do po\u0142owy XX wieku byli niewoleni i zsy\u0142ani w g\u0142\u0105b Rosji, a p\u00f3\u017aniej Zwi\u0105zku Sowieckiego, jak te\u017c tym, kt\u00f3rzy pod\u0105\u017cali tam dobrowolnie.\",\"potentialAction\":[{\"@type\":\"SearchAction\",\"target\":{\"@type\":\"EntryPoint\",\"urlTemplate\":\"https:\/\/sybir.bialystok.pl\/ru\/?s={search_term_string}\"},\"query-input\":{\"@type\":\"PropertyValueSpecification\",\"valueRequired\":true,\"valueName\":\"search_term_string\"}}],\"inLanguage\":\"ru-RU\"}]}<\/script>\n<!-- \/ Yoast SEO plugin. -->","yoast_head_json":{"title":"\u041e\u0437\u043d\u0430\u043a\u043e\u043c\u044c\u0442\u0435\u0441\u044c \u0441 \u043e\u0431\u0440\u0430\u0437\u043e\u0432\u0430\u0442\u0435\u043b\u044c\u043d\u043e\u0439 \u043f\u0440\u043e\u0433\u0440\u0430\u043c\u043c\u043e\u0439 \u041c\u0443\u0437\u0435\u044f \u043f\u0430\u043c\u044f\u0442\u0438 \u0421\u0438\u0431\u0438\u0440\u0438 - Muzeum Pami\u0119ci Sybiru","description":"Muzeum Pami\u0119ci Sybiru prowadzi dzia\u0142ania edukacyjne skierowane do zr\u00f3\u017cnicowanych wiekowo odbiorc\u00f3w. Przez ca\u0142y rok!","robots":{"index":"index","follow":"follow","max-snippet":"max-snippet:-1","max-image-preview":"max-image-preview:large","max-video-preview":"max-video-preview:-1"},"canonical":"https:\/\/sybir.bialystok.pl\/ru\/edukacja\/","og_locale":"ru_RU","og_type":"article","og_title":"\u041e\u0437\u043d\u0430\u043a\u043e\u043c\u044c\u0442\u0435\u0441\u044c \u0441 \u043e\u0431\u0440\u0430\u0437\u043e\u0432\u0430\u0442\u0435\u043b\u044c\u043d\u043e\u0439 \u043f\u0440\u043e\u0433\u0440\u0430\u043c\u043c\u043e\u0439 \u041c\u0443\u0437\u0435\u044f \u043f\u0430\u043c\u044f\u0442\u0438 \u0421\u0438\u0431\u0438\u0440\u0438 - Muzeum Pami\u0119ci Sybiru","og_description":"Muzeum Pami\u0119ci Sybiru prowadzi dzia\u0142ania edukacyjne skierowane do zr\u00f3\u017cnicowanych wiekowo odbiorc\u00f3w. Przez ca\u0142y rok!","og_url":"https:\/\/sybir.bialystok.pl\/ru\/edukacja\/","og_site_name":"Muzeum Pami\u0119ci Sybiru","article_modified_time":"2026-02-05T11:11:25+00:00","og_image":[{"width":2560,"height":1707,"url":"https:\/\/sybir.bialystok.pl\/wp-content\/uploads\/2021\/03\/2018.01.20-Dzien-babci-w-MPS-7-scaled.jpg","type":"image\/jpeg"}],"twitter_card":"summary_large_image","twitter_misc":{"\u041f\u0440\u0438\u043c\u0435\u0440\u043d\u043e\u0435 \u0432\u0440\u0435\u043c\u044f \u0434\u043b\u044f \u0447\u0442\u0435\u043d\u0438\u044f":"1 \u043c\u0438\u043d\u0443\u0442\u0430"},"schema":{"@context":"https:\/\/schema.org","@graph":[{"@type":"WebPage","@id":"https:\/\/sybir.bialystok.pl\/ru\/edukacja\/","url":"https:\/\/sybir.bialystok.pl\/ru\/edukacja\/","name":"\u041e\u0437\u043d\u0430\u043a\u043e\u043c\u044c\u0442\u0435\u0441\u044c \u0441 \u043e\u0431\u0440\u0430\u0437\u043e\u0432\u0430\u0442\u0435\u043b\u044c\u043d\u043e\u0439 \u043f\u0440\u043e\u0433\u0440\u0430\u043c\u043c\u043e\u0439 \u041c\u0443\u0437\u0435\u044f \u043f\u0430\u043c\u044f\u0442\u0438 \u0421\u0438\u0431\u0438\u0440\u0438 - Muzeum Pami\u0119ci Sybiru","isPartOf":{"@id":"https:\/\/sybir.bialystok.pl\/ru\/#website"},"primaryImageOfPage":{"@id":"https:\/\/sybir.bialystok.pl\/ru\/edukacja\/#primaryimage"},"image":{"@id":"https:\/\/sybir.bialystok.pl\/ru\/edukacja\/#primaryimage"},"thumbnailUrl":"https:\/\/sybir.bialystok.pl\/wp-content\/uploads\/2021\/03\/2018.01.20-Dzien-babci-w-MPS-7-scaled.jpg","datePublished":"2023-11-27T16:06:00+00:00","dateModified":"2026-02-05T11:11:25+00:00","description":"Muzeum Pami\u0119ci Sybiru prowadzi dzia\u0142ania edukacyjne skierowane do zr\u00f3\u017cnicowanych wiekowo odbiorc\u00f3w. Przez ca\u0142y rok!","breadcrumb":{"@id":"https:\/\/sybir.bialystok.pl\/ru\/edukacja\/#breadcrumb"},"inLanguage":"ru-RU","potentialAction":[{"@type":"ReadAction","target":["https:\/\/sybir.bialystok.pl\/ru\/edukacja\/"]}]},{"@type":"ImageObject","inLanguage":"ru-RU","@id":"https:\/\/sybir.bialystok.pl\/ru\/edukacja\/#primaryimage","url":"https:\/\/sybir.bialystok.pl\/wp-content\/uploads\/2021\/03\/2018.01.20-Dzien-babci-w-MPS-7-scaled.jpg","contentUrl":"https:\/\/sybir.bialystok.pl\/wp-content\/uploads\/2021\/03\/2018.01.20-Dzien-babci-w-MPS-7-scaled.jpg","width":2560,"height":1707},{"@type":"BreadcrumbList","@id":"https:\/\/sybir.bialystok.pl\/ru\/edukacja\/#breadcrumb","itemListElement":[{"@type":"ListItem","position":1,"name":"\u0414\u043e\u043c","item":"https:\/\/sybir.bialystok.pl\/ru\/"},{"@type":"ListItem","position":2,"name":"\u041e\u0437\u043d\u0430\u043a\u043e\u043c\u044c\u0442\u0435\u0441\u044c \u0441 \u043e\u0431\u0440\u0430\u0437\u043e\u0432\u0430\u0442\u0435\u043b\u044c\u043d\u043e\u0439 \u043f\u0440\u043e\u0433\u0440\u0430\u043c\u043c\u043e\u0439 \u041c\u0443\u0437\u0435\u044f \u043f\u0430\u043c\u044f\u0442\u0438 \u0421\u0438\u0431\u0438\u0440\u0438"}]},{"@type":"WebSite","@id":"https:\/\/sybir.bialystok.pl\/ru\/#website","url":"https:\/\/sybir.bialystok.pl\/ru\/","name":"Muzeum Pami\u0119ci Sybiru","description":"Muzeum Pami\u0119ci Sybiru jest po\u015bwi\u0119cone ludziom, kt\u00f3rzy od ko\u0144ca XVI a\u017c do po\u0142owy XX wieku byli niewoleni i zsy\u0142ani w g\u0142\u0105b Rosji, a p\u00f3\u017aniej Zwi\u0105zku Sowieckiego, jak te\u017c tym, kt\u00f3rzy pod\u0105\u017cali tam dobrowolnie.","potentialAction":[{"@type":"SearchAction","target":{"@type":"EntryPoint","urlTemplate":"https:\/\/sybir.bialystok.pl\/ru\/?s={search_term_string}"},"query-input":{"@type":"PropertyValueSpecification","valueRequired":true,"valueName":"search_term_string"}}],"inLanguage":"ru-RU"}]}},"_links":{"self":[{"href":"https:\/\/sybir.bialystok.pl\/ru\/wp-json\/wp\/v2\/pages\/6133","targetHints":{"allow":["GET"]}}],"collection":[{"href":"https:\/\/sybir.bialystok.pl\/ru\/wp-json\/wp\/v2\/pages"}],"about":[{"href":"https:\/\/sybir.bialystok.pl\/ru\/wp-json\/wp\/v2\/types\/page"}],"author":[{"embeddable":true,"href":"https:\/\/sybir.bialystok.pl\/ru\/wp-json\/wp\/v2\/users\/1"}],"replies":[{"embeddable":true,"href":"https:\/\/sybir.bialystok.pl\/ru\/wp-json\/wp\/v2\/comments?post=6133"}],"version-history":[{"count":5,"href":"https:\/\/sybir.bialystok.pl\/ru\/wp-json\/wp\/v2\/pages\/6133\/revisions"}],"predecessor-version":[{"id":43868,"href":"https:\/\/sybir.bialystok.pl\/ru\/wp-json\/wp\/v2\/pages\/6133\/revisions\/43868"}],"wp:featuredmedia":[{"embeddable":true,"href":"https:\/\/sybir.bialystok.pl\/ru\/wp-json\/wp\/v2\/media\/2324"}],"wp:attachment":[{"href":"https:\/\/sybir.bialystok.pl\/ru\/wp-json\/wp\/v2\/media?parent=6133"}],"curies":[{"name":"wp","href":"https:\/\/api.w.org\/{rel}","templated":true}]}}