{"id":6124,"date":"2021-05-06T11:36:58","date_gmt":"2021-05-06T09:36:58","guid":{"rendered":"https:\/\/sybir.bialystok.pl\/noc-muzeow-2021\/"},"modified":"2022-09-06T13:02:28","modified_gmt":"2022-09-06T11:02:28","slug":"noc-muzeow-2021","status":"publish","type":"page","link":"https:\/\/sybir.bialystok.pl\/ru\/noc-muzeow-2021\/","title":{"rendered":"\u041d\u043e\u0447\u044c \u043c\u0443\u0437\u0435\u0435\u0432 2021"},"content":{"rendered":"\n<p>\u041d\u043e\u0447\u044c \u043c\u0443\u0437\u0435\u0435\u0432 2021 \u0432 \u041c\u0443\u0437\u0435\u0435 \u043f\u0430\u043c\u044f\u0442\u0438 \u0421\u0438\u0431\u0438\u0440\u0438 \u0441\u043e\u0441\u0442\u043e\u0438\u0442 \u0438\u0437 \u0442\u0440\u0435\u0445 \u0444\u0438\u043b\u044c\u043c\u043e\u0432, \u0441\u043d\u044f\u0442\u044b\u0445 \u0432\u043d\u0443\u0442\u0440\u0438 \u0437\u0434\u0430\u043d\u0438\u044f \u043f\u043e \u0430\u0434\u0440\u0435\u0441\u0443 \u0443\u043b. \u0412\u0435\u043d\u0433\u043b\u043e\u0432\u0430, 1 \u0432 \u0433\u043e\u0440\u043e\u0434\u0435 \u0411\u0435\u043b\u043e\u0441\u0442\u043e\u043a\u0435. \u041f\u0435\u0440\u0432\u044b\u0439 \u0431\u044b\u043b \u0441\u043e\u0437\u0434\u0430\u043d \u043f\u0435\u0440\u0435\u0434 \u0432\u0430\u0433\u043e\u043d\u043e\u043c \u0422\u0435\u043f\u043b\u0443\u0448\u0435\u043a, \u043a\u043e\u0442\u043e\u0440\u044b\u0439 \u044f\u0432\u043b\u044f\u0435\u0442\u0441\u044f \u0432\u0445\u043e\u0434\u043e\u043c \u043d\u0430 \u0432\u044b\u0441\u0442\u0430\u0432\u043a\u0443, \u0430 \u0434\u0432\u0430 \u0434\u0440\u0443\u0433\u0438\u0445 \u0431\u044b\u043b\u0438 \u0437\u0430\u043f\u0438\u0441\u0430\u043d\u044b \u043d\u0430 \u043f\u0435\u0440\u0432\u043e\u043c \u044d\u0442\u0430\u0436\u0435 \u0432\u044b\u0441\u0442\u0430\u0432\u043a\u0438.<\/p>\n\n\n\n<h2 class=\"wp-block-heading\">#1 \u041d\u041e\u0412\u042b\u0419 \u0412\u0415\u0411-\u0421\u0410\u0419\u0422<\/h2>\n\n\n\n<p>\u0412 \u043f\u0435\u0440\u0432\u043e\u043c \u0444\u0438\u043b\u044c\u043c\u0435 \u043f\u0440\u043e\u0444. \u0412\u043e\u0439\u0446\u0435\u0445 \u0421\u043b\u0435\u0448\u0438\u043d\u044c\u0441\u043a\u0438, \u0434\u0438\u0440\u0435\u043a\u0442\u043e\u0440 \u041c\u0443\u0437\u0435\u044f \u043f\u0430\u043c\u044f\u0442\u0438 \u0421\u0438\u0431\u0438\u0440\u0438, \u043f\u0440\u0438\u0433\u043b\u0430\u0448\u0430\u0435\u0442 \u0432\u0430\u0441 \u043d\u0430 \u043e\u0442\u043a\u0440\u044b\u0442\u0438\u0435 \u043c\u0443\u0437\u0435\u044f \u0438 \u0440\u0430\u0441\u0441\u043a\u0430\u0437\u044b\u0432\u0430\u0435\u0442 \u043e \u043d\u043e\u0432\u043e\u043c \u0441\u0430\u0439\u0442\u0435.<\/p>\n\n\n\n<figure class=\"wp-block-embed is-type-video is-provider-youtube wp-block-embed-youtube wp-embed-aspect-16-9 wp-has-aspect-ratio\"><div class=\"wp-block-embed__wrapper\">\n<iframe loading=\"lazy\" title=\"Muzeum Pami\u0119ci Sybiru \u2013 Noc Muze\u00f3w 2021\" width=\"640\" height=\"360\" src=\"https:\/\/www.youtube.com\/embed\/kfWYFXc38cE?feature=oembed\" frameborder=\"0\" allow=\"accelerometer; autoplay; clipboard-write; encrypted-media; gyroscope; picture-in-picture; web-share\" referrerpolicy=\"strict-origin-when-cross-origin\" allowfullscreen><\/iframe>\n<\/div><\/figure>\n\n\n\n<h2 class=\"wp-block-heading\">#2 \u0412\u042b\u0414\u0410\u042e\u0429\u0410\u042f\u0421\u042f \u042d\u041a\u0421\u041f\u041e\u0417\u0418\u0426\u0418\u042f \u041d\u0410 \u041f\u041e\u0421\u0422\u041e\u042f\u041d\u041d\u041e\u0419 \u0412\u042b\u0421\u0422\u0410\u0412\u041a\u0415<\/h2>\n\n\n\n<p>\u0415\u0449\u0435 \u043e\u0434\u043d\u043e \u0432\u0438\u0434\u0435\u043e \u0431\u044b\u043b\u043e \u0441\u043d\u044f\u0442\u043e \u043d\u0430 \u043e\u0441\u043d\u043e\u0432\u043d\u043e\u0439 \u0432\u044b\u0441\u0442\u0430\u0432\u043a\u0435 \u043c\u0443\u0437\u0435\u044f. \u041d\u0430 \u044d\u0442\u043e\u0442 \u0440\u0430\u0437 \u041a\u0430\u0442\u0430\u0436\u0438\u043d\u0430 \u0421\u043b\u0438\u0432\u043e\u0432\u0441\u043a\u0430\u044f, \u0437\u0430\u0432\u0435\u0434\u0443\u044e\u0449\u0430\u044f \u043e\u0442\u0434\u0435\u043b\u043e\u043c \u043a\u043e\u043b\u043b\u0435\u043a\u0446\u0438\u0439, \u0440\u0430\u0441\u0441\u043a\u0430\u0437\u044b\u0432\u0430\u0435\u0442 \u043e \u043d\u0435\u043e\u0431\u044b\u0447\u043d\u043e\u043c \u044d\u043a\u0441\u043f\u043e\u043d\u0430\u0442\u0435 \u2013 \u043c\u043e\u043b\u0438\u0442\u0432\u0435\u043d\u043d\u0438\u043a\u0435.<\/p>\n\n\n\n<p>\u041a\u0430\u043a\u043e\u0432\u0430 \u0438\u0441\u0442\u043e\u0440\u0438\u044f \u044d\u0442\u043e\u0433\u043e \u043f\u0440\u0435\u0434\u043c\u0435\u0442\u0430? \u041e\u0431\u044f\u0437\u0430\u0442\u0435\u043b\u044c\u043d\u043e \u043f\u043e\u0441\u043c\u043e\u0442\u0440\u0438\u0442\u0435 \u0432\u0438\u0434\u0435\u043e:<\/p>\n\n\n\n<figure class=\"wp-block-embed is-type-video is-provider-youtube wp-block-embed-youtube wp-embed-aspect-16-9 wp-has-aspect-ratio\"><div class=\"wp-block-embed__wrapper\">\n<iframe loading=\"lazy\" title=\"Muzeum Pami\u0119ci Sybiru \u2013 eksponaty na wystawie sta\u0142ej.\" width=\"640\" height=\"360\" src=\"https:\/\/www.youtube.com\/embed\/iv1xWD7f6Tg?feature=oembed\" frameborder=\"0\" allow=\"accelerometer; autoplay; clipboard-write; encrypted-media; gyroscope; picture-in-picture; web-share\" referrerpolicy=\"strict-origin-when-cross-origin\" allowfullscreen><\/iframe>\n<\/div><\/figure>\n\n\n\n<h2 class=\"wp-block-heading\"><strong>#3 \u0421\u0422\u0420\u041e\u0418\u0422\u0415\u041b\u042c\u0421\u0422\u0412\u041e \u0421\u0426\u0415\u041d\u042b \u041d\u0410 \u041f\u041e\u0421\u0422\u041e\u042f\u041d\u041d\u041e\u0419 \u0412\u042b\u0421\u0422\u0410\u0412\u041a\u0415 &#8212; \u0412\u0410\u0413\u041e\u041d<\/strong> <\/h2>\n\n\n\n<p>\u0425\u043e\u0442\u0438\u0442\u0435 \u0443\u0437\u043d\u0430\u0442\u044c, \u043a\u0430\u043a \u0441\u043e\u0437\u0434\u0430\u0432\u0430\u043b\u0430\u0441\u044c \u0434\u0435\u043a\u043e\u0440\u0430\u0446\u0438\u044f \u0434\u043b\u044f \u043e\u0434\u043d\u043e\u0439 \u0438\u0437 \u043c\u0443\u0437\u0435\u0439\u043d\u044b\u0445 \u043d\u0438\u0448 \u2013 \u0432\u0430\u0433\u043e\u043d\u0430? \u041e\u0431 \u044d\u0442\u043e\u043c \u0432\u0438\u0434\u0435\u043e \u043d\u0438\u0436\u0435:<\/p>\n\n\n\n<figure class=\"wp-block-embed is-type-video is-provider-youtube wp-block-embed-youtube wp-embed-aspect-16-9 wp-has-aspect-ratio\"><div class=\"wp-block-embed__wrapper\">\n<iframe loading=\"lazy\" title=\"Muzeum Pami\u0119ci Sybiru \u2013 budowa jednej z niszy \u2013 wagonu.\" width=\"640\" height=\"360\" src=\"https:\/\/www.youtube.com\/embed\/xocBfyNH6Co?feature=oembed\" frameborder=\"0\" allow=\"accelerometer; autoplay; clipboard-write; encrypted-media; gyroscope; picture-in-picture; web-share\" referrerpolicy=\"strict-origin-when-cross-origin\" allowfullscreen><\/iframe>\n<\/div><\/figure>\n\n\n\n<p><\/p>\n","protected":false},"excerpt":{"rendered":"<p>\u0412 \u044d\u0442\u043e\u043c \u0433\u043e\u0434\u0443 \u041d\u043e\u0447\u044c \u043c\u0443\u0437\u0435\u0435\u0432 \u043f\u0440\u043e\u0448\u043b\u0430 \u0432 \u043e\u043d\u043b\u0430\u0439\u043d-\u0444\u043e\u0440\u043c\u0430\u0442\u0435. \u0412 \u0440\u0430\u043c\u043a\u0430\u0445 \u043c\u0435\u0440\u043e\u043f\u0440\u0438\u044f\u0442\u0438\u044f \u0431\u044b\u043b\u0438 \u0441\u043d\u044f\u0442\u044b \u0442\u0440\u0438 \u0444\u0438\u043b\u044c\u043c\u0430, \u0441\u043d\u044f\u0442\u044b\u0435 \u043d\u0430 \u043e\u0441\u043d\u043e\u0432\u043d\u043e\u0439 \u0432\u044b\u0441\u0442\u0430\u0432\u043a\u0435.<\/p>\n","protected":false},"author":1,"featured_media":4794,"parent":0,"menu_order":0,"comment_status":"closed","ping_status":"closed","template":"","meta":{"_acf_changed":false,"_editorskit_title_hidden":false,"_editorskit_reading_time":0,"_editorskit_is_block_options_detached":false,"_editorskit_block_options_position":"{}","footnotes":""},"class_list":["post-6124","page","type-page","status-publish","has-post-thumbnail","hentry"],"acf":[],"yoast_head":"<!-- This site is optimized with the Yoast SEO plugin v24.6 - https:\/\/yoast.com\/wordpress\/plugins\/seo\/ -->\n<title>\u041d\u043e\u0447\u044c \u043c\u0443\u0437\u0435\u0435\u0432 2021 - Muzeum Pami\u0119ci Sybiru<\/title>\n<meta name=\"description\" content=\"Tegoroczna Noc Muze\u00f3w w Muzeum Pami\u0119ci Sybiru przybra\u0142a formu\u0142\u0119 online. W ramach wydarzenia powsta\u0142y trzy filmy nakr\u0119cone na wystawie sta\u0142ej.\" \/>\n<meta name=\"robots\" content=\"index, follow, max-snippet:-1, max-image-preview:large, max-video-preview:-1\" \/>\n<link rel=\"canonical\" href=\"https:\/\/sybir.bialystok.pl\/ru\/noc-muzeow-2021\/\" \/>\n<meta property=\"og:locale\" content=\"ru_RU\" \/>\n<meta property=\"og:type\" content=\"article\" \/>\n<meta property=\"og:title\" content=\"\u041d\u043e\u0447\u044c \u043c\u0443\u0437\u0435\u0435\u0432 2021 - Muzeum Pami\u0119ci Sybiru\" \/>\n<meta property=\"og:description\" content=\"Tegoroczna Noc Muze\u00f3w w Muzeum Pami\u0119ci Sybiru przybra\u0142a formu\u0142\u0119 online. W ramach wydarzenia powsta\u0142y trzy filmy nakr\u0119cone na wystawie sta\u0142ej.\" \/>\n<meta property=\"og:url\" content=\"https:\/\/sybir.bialystok.pl\/ru\/noc-muzeow-2021\/\" \/>\n<meta property=\"og:site_name\" content=\"Muzeum Pami\u0119ci Sybiru\" \/>\n<meta property=\"article:modified_time\" content=\"2022-09-06T11:02:28+00:00\" \/>\n<meta property=\"og:image\" content=\"https:\/\/sybir.bialystok.pl\/wp-content\/uploads\/2021\/05\/Bez-nazwy-2.jpg_.jpg\" \/>\n\t<meta property=\"og:image:width\" content=\"1216\" \/>\n\t<meta property=\"og:image:height\" content=\"580\" \/>\n\t<meta property=\"og:image:type\" content=\"image\/jpeg\" \/>\n<meta name=\"twitter:card\" content=\"summary_large_image\" \/>\n<meta name=\"twitter:label1\" content=\"\u041f\u0440\u0438\u043c\u0435\u0440\u043d\u043e\u0435 \u0432\u0440\u0435\u043c\u044f \u0434\u043b\u044f \u0447\u0442\u0435\u043d\u0438\u044f\" \/>\n\t<meta name=\"twitter:data1\" content=\"1 \u043c\u0438\u043d\u0443\u0442\u0430\" \/>\n<script type=\"application\/ld+json\" class=\"yoast-schema-graph\">{\"@context\":\"https:\/\/schema.org\",\"@graph\":[{\"@type\":\"WebPage\",\"@id\":\"https:\/\/sybir.bialystok.pl\/ru\/noc-muzeow-2021\/\",\"url\":\"https:\/\/sybir.bialystok.pl\/ru\/noc-muzeow-2021\/\",\"name\":\"\u041d\u043e\u0447\u044c \u043c\u0443\u0437\u0435\u0435\u0432 2021 - Muzeum Pami\u0119ci Sybiru\",\"isPartOf\":{\"@id\":\"https:\/\/sybir.bialystok.pl\/ru\/#website\"},\"primaryImageOfPage\":{\"@id\":\"https:\/\/sybir.bialystok.pl\/ru\/noc-muzeow-2021\/#primaryimage\"},\"image\":{\"@id\":\"https:\/\/sybir.bialystok.pl\/ru\/noc-muzeow-2021\/#primaryimage\"},\"thumbnailUrl\":\"https:\/\/sybir.bialystok.pl\/wp-content\/uploads\/2021\/05\/Bez-nazwy-2.jpg_.jpg\",\"datePublished\":\"2021-05-06T09:36:58+00:00\",\"dateModified\":\"2022-09-06T11:02:28+00:00\",\"description\":\"Tegoroczna Noc Muze\u00f3w w Muzeum Pami\u0119ci Sybiru przybra\u0142a formu\u0142\u0119 online. W ramach wydarzenia powsta\u0142y trzy filmy nakr\u0119cone na wystawie sta\u0142ej.\",\"breadcrumb\":{\"@id\":\"https:\/\/sybir.bialystok.pl\/ru\/noc-muzeow-2021\/#breadcrumb\"},\"inLanguage\":\"ru-RU\",\"potentialAction\":[{\"@type\":\"ReadAction\",\"target\":[\"https:\/\/sybir.bialystok.pl\/ru\/noc-muzeow-2021\/\"]}]},{\"@type\":\"ImageObject\",\"inLanguage\":\"ru-RU\",\"@id\":\"https:\/\/sybir.bialystok.pl\/ru\/noc-muzeow-2021\/#primaryimage\",\"url\":\"https:\/\/sybir.bialystok.pl\/wp-content\/uploads\/2021\/05\/Bez-nazwy-2.jpg_.jpg\",\"contentUrl\":\"https:\/\/sybir.bialystok.pl\/wp-content\/uploads\/2021\/05\/Bez-nazwy-2.jpg_.jpg\",\"width\":1216,\"height\":580},{\"@type\":\"BreadcrumbList\",\"@id\":\"https:\/\/sybir.bialystok.pl\/ru\/noc-muzeow-2021\/#breadcrumb\",\"itemListElement\":[{\"@type\":\"ListItem\",\"position\":1,\"name\":\"\u0414\u043e\u043c\",\"item\":\"https:\/\/sybir.bialystok.pl\/ru\/\"},{\"@type\":\"ListItem\",\"position\":2,\"name\":\"\u041d\u043e\u0447\u044c \u043c\u0443\u0437\u0435\u0435\u0432 2021\"}]},{\"@type\":\"WebSite\",\"@id\":\"https:\/\/sybir.bialystok.pl\/ru\/#website\",\"url\":\"https:\/\/sybir.bialystok.pl\/ru\/\",\"name\":\"Muzeum Pami\u0119ci Sybiru\",\"description\":\"Muzeum Pami\u0119ci Sybiru jest po\u015bwi\u0119cone ludziom, kt\u00f3rzy od ko\u0144ca XVI a\u017c do po\u0142owy XX wieku byli niewoleni i zsy\u0142ani w g\u0142\u0105b Rosji, a p\u00f3\u017aniej Zwi\u0105zku Sowieckiego, jak te\u017c tym, kt\u00f3rzy pod\u0105\u017cali tam dobrowolnie.\",\"potentialAction\":[{\"@type\":\"SearchAction\",\"target\":{\"@type\":\"EntryPoint\",\"urlTemplate\":\"https:\/\/sybir.bialystok.pl\/ru\/?s={search_term_string}\"},\"query-input\":{\"@type\":\"PropertyValueSpecification\",\"valueRequired\":true,\"valueName\":\"search_term_string\"}}],\"inLanguage\":\"ru-RU\"}]}<\/script>\n<!-- \/ Yoast SEO plugin. -->","yoast_head_json":{"title":"\u041d\u043e\u0447\u044c \u043c\u0443\u0437\u0435\u0435\u0432 2021 - Muzeum Pami\u0119ci Sybiru","description":"Tegoroczna Noc Muze\u00f3w w Muzeum Pami\u0119ci Sybiru przybra\u0142a formu\u0142\u0119 online. W ramach wydarzenia powsta\u0142y trzy filmy nakr\u0119cone na wystawie sta\u0142ej.","robots":{"index":"index","follow":"follow","max-snippet":"max-snippet:-1","max-image-preview":"max-image-preview:large","max-video-preview":"max-video-preview:-1"},"canonical":"https:\/\/sybir.bialystok.pl\/ru\/noc-muzeow-2021\/","og_locale":"ru_RU","og_type":"article","og_title":"\u041d\u043e\u0447\u044c \u043c\u0443\u0437\u0435\u0435\u0432 2021 - Muzeum Pami\u0119ci Sybiru","og_description":"Tegoroczna Noc Muze\u00f3w w Muzeum Pami\u0119ci Sybiru przybra\u0142a formu\u0142\u0119 online. W ramach wydarzenia powsta\u0142y trzy filmy nakr\u0119cone na wystawie sta\u0142ej.","og_url":"https:\/\/sybir.bialystok.pl\/ru\/noc-muzeow-2021\/","og_site_name":"Muzeum Pami\u0119ci Sybiru","article_modified_time":"2022-09-06T11:02:28+00:00","og_image":[{"width":1216,"height":580,"url":"https:\/\/sybir.bialystok.pl\/wp-content\/uploads\/2021\/05\/Bez-nazwy-2.jpg_.jpg","type":"image\/jpeg"}],"twitter_card":"summary_large_image","twitter_misc":{"\u041f\u0440\u0438\u043c\u0435\u0440\u043d\u043e\u0435 \u0432\u0440\u0435\u043c\u044f \u0434\u043b\u044f \u0447\u0442\u0435\u043d\u0438\u044f":"1 \u043c\u0438\u043d\u0443\u0442\u0430"},"schema":{"@context":"https:\/\/schema.org","@graph":[{"@type":"WebPage","@id":"https:\/\/sybir.bialystok.pl\/ru\/noc-muzeow-2021\/","url":"https:\/\/sybir.bialystok.pl\/ru\/noc-muzeow-2021\/","name":"\u041d\u043e\u0447\u044c \u043c\u0443\u0437\u0435\u0435\u0432 2021 - Muzeum Pami\u0119ci Sybiru","isPartOf":{"@id":"https:\/\/sybir.bialystok.pl\/ru\/#website"},"primaryImageOfPage":{"@id":"https:\/\/sybir.bialystok.pl\/ru\/noc-muzeow-2021\/#primaryimage"},"image":{"@id":"https:\/\/sybir.bialystok.pl\/ru\/noc-muzeow-2021\/#primaryimage"},"thumbnailUrl":"https:\/\/sybir.bialystok.pl\/wp-content\/uploads\/2021\/05\/Bez-nazwy-2.jpg_.jpg","datePublished":"2021-05-06T09:36:58+00:00","dateModified":"2022-09-06T11:02:28+00:00","description":"Tegoroczna Noc Muze\u00f3w w Muzeum Pami\u0119ci Sybiru przybra\u0142a formu\u0142\u0119 online. W ramach wydarzenia powsta\u0142y trzy filmy nakr\u0119cone na wystawie sta\u0142ej.","breadcrumb":{"@id":"https:\/\/sybir.bialystok.pl\/ru\/noc-muzeow-2021\/#breadcrumb"},"inLanguage":"ru-RU","potentialAction":[{"@type":"ReadAction","target":["https:\/\/sybir.bialystok.pl\/ru\/noc-muzeow-2021\/"]}]},{"@type":"ImageObject","inLanguage":"ru-RU","@id":"https:\/\/sybir.bialystok.pl\/ru\/noc-muzeow-2021\/#primaryimage","url":"https:\/\/sybir.bialystok.pl\/wp-content\/uploads\/2021\/05\/Bez-nazwy-2.jpg_.jpg","contentUrl":"https:\/\/sybir.bialystok.pl\/wp-content\/uploads\/2021\/05\/Bez-nazwy-2.jpg_.jpg","width":1216,"height":580},{"@type":"BreadcrumbList","@id":"https:\/\/sybir.bialystok.pl\/ru\/noc-muzeow-2021\/#breadcrumb","itemListElement":[{"@type":"ListItem","position":1,"name":"\u0414\u043e\u043c","item":"https:\/\/sybir.bialystok.pl\/ru\/"},{"@type":"ListItem","position":2,"name":"\u041d\u043e\u0447\u044c \u043c\u0443\u0437\u0435\u0435\u0432 2021"}]},{"@type":"WebSite","@id":"https:\/\/sybir.bialystok.pl\/ru\/#website","url":"https:\/\/sybir.bialystok.pl\/ru\/","name":"Muzeum Pami\u0119ci Sybiru","description":"Muzeum Pami\u0119ci Sybiru jest po\u015bwi\u0119cone ludziom, kt\u00f3rzy od ko\u0144ca XVI a\u017c do po\u0142owy XX wieku byli niewoleni i zsy\u0142ani w g\u0142\u0105b Rosji, a p\u00f3\u017aniej Zwi\u0105zku Sowieckiego, jak te\u017c tym, kt\u00f3rzy pod\u0105\u017cali tam dobrowolnie.","potentialAction":[{"@type":"SearchAction","target":{"@type":"EntryPoint","urlTemplate":"https:\/\/sybir.bialystok.pl\/ru\/?s={search_term_string}"},"query-input":{"@type":"PropertyValueSpecification","valueRequired":true,"valueName":"search_term_string"}}],"inLanguage":"ru-RU"}]}},"_links":{"self":[{"href":"https:\/\/sybir.bialystok.pl\/ru\/wp-json\/wp\/v2\/pages\/6124","targetHints":{"allow":["GET"]}}],"collection":[{"href":"https:\/\/sybir.bialystok.pl\/ru\/wp-json\/wp\/v2\/pages"}],"about":[{"href":"https:\/\/sybir.bialystok.pl\/ru\/wp-json\/wp\/v2\/types\/page"}],"author":[{"embeddable":true,"href":"https:\/\/sybir.bialystok.pl\/ru\/wp-json\/wp\/v2\/users\/1"}],"replies":[{"embeddable":true,"href":"https:\/\/sybir.bialystok.pl\/ru\/wp-json\/wp\/v2\/comments?post=6124"}],"version-history":[{"count":2,"href":"https:\/\/sybir.bialystok.pl\/ru\/wp-json\/wp\/v2\/pages\/6124\/revisions"}],"predecessor-version":[{"id":14749,"href":"https:\/\/sybir.bialystok.pl\/ru\/wp-json\/wp\/v2\/pages\/6124\/revisions\/14749"}],"wp:featuredmedia":[{"embeddable":true,"href":"https:\/\/sybir.bialystok.pl\/ru\/wp-json\/wp\/v2\/media\/4794"}],"wp:attachment":[{"href":"https:\/\/sybir.bialystok.pl\/ru\/wp-json\/wp\/v2\/media?parent=6124"}],"curies":[{"name":"wp","href":"https:\/\/api.w.org\/{rel}","templated":true}]}}