{"id":6091,"date":"2020-11-27T18:02:10","date_gmt":"2020-11-27T17:02:10","guid":{"rendered":"https:\/\/sybir.bialystok.pl\/wydarzenia-cykliczne\/"},"modified":"2026-02-05T14:17:35","modified_gmt":"2026-02-05T13:17:35","slug":"%d0%bf%d0%be%d0%b2%d1%82%d0%be%d1%80%d1%8f%d1%8e%d1%89%d0%b8%d0%b5%d1%81%d1%8f-%d1%81%d0%be%d0%b1%d1%8b%d1%82%d0%b8%d1%8f","status":"publish","type":"page","link":"https:\/\/sybir.bialystok.pl\/ru\/%d0%bf%d0%be%d0%b2%d1%82%d0%be%d1%80%d1%8f%d1%8e%d1%89%d0%b8%d0%b5%d1%81%d1%8f-%d1%81%d0%be%d0%b1%d1%8b%d1%82%d0%b8%d1%8f\/","title":{"rendered":"\u043f\u043e\u0432\u0442\u043e\u0440\u044f\u044e\u0449\u0438\u0435\u0441\u044f \u0441\u043e\u0431\u044b\u0442\u0438\u044f"},"content":{"rendered":"","protected":false},"excerpt":{"rendered":"<p>\u041f\u0440\u043e\u0432\u0435\u0440\u044c\u0442\u0435 \u043c\u0435\u0440\u043e\u043f\u0440\u0438\u044f\u0442\u0438\u044f, \u043e\u0440\u0433\u0430\u043d\u0438\u0437\u043e\u0432\u0430\u043d\u043d\u044b\u0435 \u041c\u0443\u0437\u0435\u0435\u043c \u043f\u0430\u043c\u044f\u0442\u0438 \u0421\u0438\u0431\u0438\u0440\u0438!<\/p>\n","protected":false},"author":1,"featured_media":510,"parent":0,"menu_order":0,"comment_status":"closed","ping_status":"closed","template":"page-templates\/events.php","meta":{"_acf_changed":false,"_editorskit_title_hidden":false,"_editorskit_reading_time":0,"_editorskit_is_block_options_detached":false,"_editorskit_block_options_position":"{}","footnotes":""},"class_list":["post-6091","page","type-page","status-publish","has-post-thumbnail","hentry"],"acf":[],"yoast_head":"<!-- This site is optimized with the Yoast SEO plugin v24.6 - https:\/\/yoast.com\/wordpress\/plugins\/seo\/ -->\n<title>\u043f\u043e\u0432\u0442\u043e\u0440\u044f\u044e\u0449\u0438\u0435\u0441\u044f \u0441\u043e\u0431\u044b\u0442\u0438\u044f - Muzeum Pami\u0119ci Sybiru<\/title>\n<meta name=\"description\" content=\"\u041f\u0440\u043e\u0432\u0435\u0440\u044c\u0442\u0435 \u043c\u0435\u0440\u043e\u043f\u0440\u0438\u044f\u0442\u0438\u044f, \u043e\u0440\u0433\u0430\u043d\u0438\u0437\u043e\u0432\u0430\u043d\u043d\u044b\u0435 \u041c\u0443\u0437\u0435\u0435\u043c \u043f\u0430\u043c\u044f\u0442\u0438 \u0421\u0438\u0431\u0438\u0440\u0438!\" \/>\n<meta name=\"robots\" content=\"index, follow, max-snippet:-1, max-image-preview:large, max-video-preview:-1\" \/>\n<link rel=\"canonical\" href=\"https:\/\/sybir.bialystok.pl\/ru\/%d0%bf%d0%be%d0%b2%d1%82%d0%be%d1%80%d1%8f%d1%8e%d1%89%d0%b8%d0%b5%d1%81%d1%8f-%d1%81%d0%be%d0%b1%d1%8b%d1%82%d0%b8%d1%8f\/\" \/>\n<meta property=\"og:locale\" content=\"ru_RU\" \/>\n<meta property=\"og:type\" content=\"article\" \/>\n<meta property=\"og:title\" content=\"\u043f\u043e\u0432\u0442\u043e\u0440\u044f\u044e\u0449\u0438\u0435\u0441\u044f \u0441\u043e\u0431\u044b\u0442\u0438\u044f - Muzeum Pami\u0119ci Sybiru\" \/>\n<meta property=\"og:description\" content=\"\u041f\u0440\u043e\u0432\u0435\u0440\u044c\u0442\u0435 \u043c\u0435\u0440\u043e\u043f\u0440\u0438\u044f\u0442\u0438\u044f, \u043e\u0440\u0433\u0430\u043d\u0438\u0437\u043e\u0432\u0430\u043d\u043d\u044b\u0435 \u041c\u0443\u0437\u0435\u0435\u043c \u043f\u0430\u043c\u044f\u0442\u0438 \u0421\u0438\u0431\u0438\u0440\u0438!\" \/>\n<meta property=\"og:url\" content=\"https:\/\/sybir.bialystok.pl\/ru\/%d0%bf%d0%be%d0%b2%d1%82%d0%be%d1%80%d1%8f%d1%8e%d1%89%d0%b8%d0%b5%d1%81%d1%8f-%d1%81%d0%be%d0%b1%d1%8b%d1%82%d0%b8%d1%8f\/\" \/>\n<meta property=\"og:site_name\" content=\"Muzeum Pami\u0119ci Sybiru\" \/>\n<meta property=\"article:modified_time\" content=\"2026-02-05T13:17:35+00:00\" \/>\n<meta property=\"og:image\" content=\"https:\/\/sybir.bialystok.pl\/wp-content\/uploads\/2021\/02\/1-Bieg-Pamieci-Sybiru-41.jpg\" \/>\n\t<meta property=\"og:image:width\" content=\"1618\" \/>\n\t<meta property=\"og:image:height\" content=\"1080\" \/>\n\t<meta property=\"og:image:type\" content=\"image\/jpeg\" \/>\n<meta name=\"twitter:card\" content=\"summary_large_image\" \/>\n<script type=\"application\/ld+json\" class=\"yoast-schema-graph\">{\"@context\":\"https:\/\/schema.org\",\"@graph\":[{\"@type\":\"WebPage\",\"@id\":\"https:\/\/sybir.bialystok.pl\/ru\/%d0%bf%d0%be%d0%b2%d1%82%d0%be%d1%80%d1%8f%d1%8e%d1%89%d0%b8%d0%b5%d1%81%d1%8f-%d1%81%d0%be%d0%b1%d1%8b%d1%82%d0%b8%d1%8f\/\",\"url\":\"https:\/\/sybir.bialystok.pl\/ru\/%d0%bf%d0%be%d0%b2%d1%82%d0%be%d1%80%d1%8f%d1%8e%d1%89%d0%b8%d0%b5%d1%81%d1%8f-%d1%81%d0%be%d0%b1%d1%8b%d1%82%d0%b8%d1%8f\/\",\"name\":\"\u043f\u043e\u0432\u0442\u043e\u0440\u044f\u044e\u0449\u0438\u0435\u0441\u044f \u0441\u043e\u0431\u044b\u0442\u0438\u044f - Muzeum Pami\u0119ci Sybiru\",\"isPartOf\":{\"@id\":\"https:\/\/sybir.bialystok.pl\/ru\/#website\"},\"primaryImageOfPage\":{\"@id\":\"https:\/\/sybir.bialystok.pl\/ru\/%d0%bf%d0%be%d0%b2%d1%82%d0%be%d1%80%d1%8f%d1%8e%d1%89%d0%b8%d0%b5%d1%81%d1%8f-%d1%81%d0%be%d0%b1%d1%8b%d1%82%d0%b8%d1%8f\/#primaryimage\"},\"image\":{\"@id\":\"https:\/\/sybir.bialystok.pl\/ru\/%d0%bf%d0%be%d0%b2%d1%82%d0%be%d1%80%d1%8f%d1%8e%d1%89%d0%b8%d0%b5%d1%81%d1%8f-%d1%81%d0%be%d0%b1%d1%8b%d1%82%d0%b8%d1%8f\/#primaryimage\"},\"thumbnailUrl\":\"https:\/\/sybir.bialystok.pl\/wp-content\/uploads\/2021\/02\/1-Bieg-Pamieci-Sybiru-41.jpg\",\"datePublished\":\"2020-11-27T17:02:10+00:00\",\"dateModified\":\"2026-02-05T13:17:35+00:00\",\"description\":\"\u041f\u0440\u043e\u0432\u0435\u0440\u044c\u0442\u0435 \u043c\u0435\u0440\u043e\u043f\u0440\u0438\u044f\u0442\u0438\u044f, \u043e\u0440\u0433\u0430\u043d\u0438\u0437\u043e\u0432\u0430\u043d\u043d\u044b\u0435 \u041c\u0443\u0437\u0435\u0435\u043c \u043f\u0430\u043c\u044f\u0442\u0438 \u0421\u0438\u0431\u0438\u0440\u0438!\",\"breadcrumb\":{\"@id\":\"https:\/\/sybir.bialystok.pl\/ru\/%d0%bf%d0%be%d0%b2%d1%82%d0%be%d1%80%d1%8f%d1%8e%d1%89%d0%b8%d0%b5%d1%81%d1%8f-%d1%81%d0%be%d0%b1%d1%8b%d1%82%d0%b8%d1%8f\/#breadcrumb\"},\"inLanguage\":\"ru-RU\",\"potentialAction\":[{\"@type\":\"ReadAction\",\"target\":[\"https:\/\/sybir.bialystok.pl\/ru\/%d0%bf%d0%be%d0%b2%d1%82%d0%be%d1%80%d1%8f%d1%8e%d1%89%d0%b8%d0%b5%d1%81%d1%8f-%d1%81%d0%be%d0%b1%d1%8b%d1%82%d0%b8%d1%8f\/\"]}]},{\"@type\":\"ImageObject\",\"inLanguage\":\"ru-RU\",\"@id\":\"https:\/\/sybir.bialystok.pl\/ru\/%d0%bf%d0%be%d0%b2%d1%82%d0%be%d1%80%d1%8f%d1%8e%d1%89%d0%b8%d0%b5%d1%81%d1%8f-%d1%81%d0%be%d0%b1%d1%8b%d1%82%d0%b8%d1%8f\/#primaryimage\",\"url\":\"https:\/\/sybir.bialystok.pl\/wp-content\/uploads\/2021\/02\/1-Bieg-Pamieci-Sybiru-41.jpg\",\"contentUrl\":\"https:\/\/sybir.bialystok.pl\/wp-content\/uploads\/2021\/02\/1-Bieg-Pamieci-Sybiru-41.jpg\",\"width\":1618,\"height\":1080},{\"@type\":\"BreadcrumbList\",\"@id\":\"https:\/\/sybir.bialystok.pl\/ru\/%d0%bf%d0%be%d0%b2%d1%82%d0%be%d1%80%d1%8f%d1%8e%d1%89%d0%b8%d0%b5%d1%81%d1%8f-%d1%81%d0%be%d0%b1%d1%8b%d1%82%d0%b8%d1%8f\/#breadcrumb\",\"itemListElement\":[{\"@type\":\"ListItem\",\"position\":1,\"name\":\"\u0414\u043e\u043c\",\"item\":\"https:\/\/sybir.bialystok.pl\/ru\/\"},{\"@type\":\"ListItem\",\"position\":2,\"name\":\"\u043f\u043e\u0432\u0442\u043e\u0440\u044f\u044e\u0449\u0438\u0435\u0441\u044f \u0441\u043e\u0431\u044b\u0442\u0438\u044f\"}]},{\"@type\":\"WebSite\",\"@id\":\"https:\/\/sybir.bialystok.pl\/ru\/#website\",\"url\":\"https:\/\/sybir.bialystok.pl\/ru\/\",\"name\":\"Muzeum Pami\u0119ci Sybiru\",\"description\":\"Muzeum Pami\u0119ci Sybiru jest po\u015bwi\u0119cone ludziom, kt\u00f3rzy od ko\u0144ca XVI a\u017c do po\u0142owy XX wieku byli niewoleni i zsy\u0142ani w g\u0142\u0105b Rosji, a p\u00f3\u017aniej Zwi\u0105zku Sowieckiego, jak te\u017c tym, kt\u00f3rzy pod\u0105\u017cali tam dobrowolnie.\",\"potentialAction\":[{\"@type\":\"SearchAction\",\"target\":{\"@type\":\"EntryPoint\",\"urlTemplate\":\"https:\/\/sybir.bialystok.pl\/ru\/?s={search_term_string}\"},\"query-input\":{\"@type\":\"PropertyValueSpecification\",\"valueRequired\":true,\"valueName\":\"search_term_string\"}}],\"inLanguage\":\"ru-RU\"}]}<\/script>\n<!-- \/ Yoast SEO plugin. -->","yoast_head_json":{"title":"\u043f\u043e\u0432\u0442\u043e\u0440\u044f\u044e\u0449\u0438\u0435\u0441\u044f \u0441\u043e\u0431\u044b\u0442\u0438\u044f - Muzeum Pami\u0119ci Sybiru","description":"\u041f\u0440\u043e\u0432\u0435\u0440\u044c\u0442\u0435 \u043c\u0435\u0440\u043e\u043f\u0440\u0438\u044f\u0442\u0438\u044f, \u043e\u0440\u0433\u0430\u043d\u0438\u0437\u043e\u0432\u0430\u043d\u043d\u044b\u0435 \u041c\u0443\u0437\u0435\u0435\u043c \u043f\u0430\u043c\u044f\u0442\u0438 \u0421\u0438\u0431\u0438\u0440\u0438!","robots":{"index":"index","follow":"follow","max-snippet":"max-snippet:-1","max-image-preview":"max-image-preview:large","max-video-preview":"max-video-preview:-1"},"canonical":"https:\/\/sybir.bialystok.pl\/ru\/%d0%bf%d0%be%d0%b2%d1%82%d0%be%d1%80%d1%8f%d1%8e%d1%89%d0%b8%d0%b5%d1%81%d1%8f-%d1%81%d0%be%d0%b1%d1%8b%d1%82%d0%b8%d1%8f\/","og_locale":"ru_RU","og_type":"article","og_title":"\u043f\u043e\u0432\u0442\u043e\u0440\u044f\u044e\u0449\u0438\u0435\u0441\u044f \u0441\u043e\u0431\u044b\u0442\u0438\u044f - Muzeum Pami\u0119ci Sybiru","og_description":"\u041f\u0440\u043e\u0432\u0435\u0440\u044c\u0442\u0435 \u043c\u0435\u0440\u043e\u043f\u0440\u0438\u044f\u0442\u0438\u044f, \u043e\u0440\u0433\u0430\u043d\u0438\u0437\u043e\u0432\u0430\u043d\u043d\u044b\u0435 \u041c\u0443\u0437\u0435\u0435\u043c \u043f\u0430\u043c\u044f\u0442\u0438 \u0421\u0438\u0431\u0438\u0440\u0438!","og_url":"https:\/\/sybir.bialystok.pl\/ru\/%d0%bf%d0%be%d0%b2%d1%82%d0%be%d1%80%d1%8f%d1%8e%d1%89%d0%b8%d0%b5%d1%81%d1%8f-%d1%81%d0%be%d0%b1%d1%8b%d1%82%d0%b8%d1%8f\/","og_site_name":"Muzeum Pami\u0119ci Sybiru","article_modified_time":"2026-02-05T13:17:35+00:00","og_image":[{"width":1618,"height":1080,"url":"https:\/\/sybir.bialystok.pl\/wp-content\/uploads\/2021\/02\/1-Bieg-Pamieci-Sybiru-41.jpg","type":"image\/jpeg"}],"twitter_card":"summary_large_image","schema":{"@context":"https:\/\/schema.org","@graph":[{"@type":"WebPage","@id":"https:\/\/sybir.bialystok.pl\/ru\/%d0%bf%d0%be%d0%b2%d1%82%d0%be%d1%80%d1%8f%d1%8e%d1%89%d0%b8%d0%b5%d1%81%d1%8f-%d1%81%d0%be%d0%b1%d1%8b%d1%82%d0%b8%d1%8f\/","url":"https:\/\/sybir.bialystok.pl\/ru\/%d0%bf%d0%be%d0%b2%d1%82%d0%be%d1%80%d1%8f%d1%8e%d1%89%d0%b8%d0%b5%d1%81%d1%8f-%d1%81%d0%be%d0%b1%d1%8b%d1%82%d0%b8%d1%8f\/","name":"\u043f\u043e\u0432\u0442\u043e\u0440\u044f\u044e\u0449\u0438\u0435\u0441\u044f \u0441\u043e\u0431\u044b\u0442\u0438\u044f - Muzeum Pami\u0119ci Sybiru","isPartOf":{"@id":"https:\/\/sybir.bialystok.pl\/ru\/#website"},"primaryImageOfPage":{"@id":"https:\/\/sybir.bialystok.pl\/ru\/%d0%bf%d0%be%d0%b2%d1%82%d0%be%d1%80%d1%8f%d1%8e%d1%89%d0%b8%d0%b5%d1%81%d1%8f-%d1%81%d0%be%d0%b1%d1%8b%d1%82%d0%b8%d1%8f\/#primaryimage"},"image":{"@id":"https:\/\/sybir.bialystok.pl\/ru\/%d0%bf%d0%be%d0%b2%d1%82%d0%be%d1%80%d1%8f%d1%8e%d1%89%d0%b8%d0%b5%d1%81%d1%8f-%d1%81%d0%be%d0%b1%d1%8b%d1%82%d0%b8%d1%8f\/#primaryimage"},"thumbnailUrl":"https:\/\/sybir.bialystok.pl\/wp-content\/uploads\/2021\/02\/1-Bieg-Pamieci-Sybiru-41.jpg","datePublished":"2020-11-27T17:02:10+00:00","dateModified":"2026-02-05T13:17:35+00:00","description":"\u041f\u0440\u043e\u0432\u0435\u0440\u044c\u0442\u0435 \u043c\u0435\u0440\u043e\u043f\u0440\u0438\u044f\u0442\u0438\u044f, \u043e\u0440\u0433\u0430\u043d\u0438\u0437\u043e\u0432\u0430\u043d\u043d\u044b\u0435 \u041c\u0443\u0437\u0435\u0435\u043c \u043f\u0430\u043c\u044f\u0442\u0438 \u0421\u0438\u0431\u0438\u0440\u0438!","breadcrumb":{"@id":"https:\/\/sybir.bialystok.pl\/ru\/%d0%bf%d0%be%d0%b2%d1%82%d0%be%d1%80%d1%8f%d1%8e%d1%89%d0%b8%d0%b5%d1%81%d1%8f-%d1%81%d0%be%d0%b1%d1%8b%d1%82%d0%b8%d1%8f\/#breadcrumb"},"inLanguage":"ru-RU","potentialAction":[{"@type":"ReadAction","target":["https:\/\/sybir.bialystok.pl\/ru\/%d0%bf%d0%be%d0%b2%d1%82%d0%be%d1%80%d1%8f%d1%8e%d1%89%d0%b8%d0%b5%d1%81%d1%8f-%d1%81%d0%be%d0%b1%d1%8b%d1%82%d0%b8%d1%8f\/"]}]},{"@type":"ImageObject","inLanguage":"ru-RU","@id":"https:\/\/sybir.bialystok.pl\/ru\/%d0%bf%d0%be%d0%b2%d1%82%d0%be%d1%80%d1%8f%d1%8e%d1%89%d0%b8%d0%b5%d1%81%d1%8f-%d1%81%d0%be%d0%b1%d1%8b%d1%82%d0%b8%d1%8f\/#primaryimage","url":"https:\/\/sybir.bialystok.pl\/wp-content\/uploads\/2021\/02\/1-Bieg-Pamieci-Sybiru-41.jpg","contentUrl":"https:\/\/sybir.bialystok.pl\/wp-content\/uploads\/2021\/02\/1-Bieg-Pamieci-Sybiru-41.jpg","width":1618,"height":1080},{"@type":"BreadcrumbList","@id":"https:\/\/sybir.bialystok.pl\/ru\/%d0%bf%d0%be%d0%b2%d1%82%d0%be%d1%80%d1%8f%d1%8e%d1%89%d0%b8%d0%b5%d1%81%d1%8f-%d1%81%d0%be%d0%b1%d1%8b%d1%82%d0%b8%d1%8f\/#breadcrumb","itemListElement":[{"@type":"ListItem","position":1,"name":"\u0414\u043e\u043c","item":"https:\/\/sybir.bialystok.pl\/ru\/"},{"@type":"ListItem","position":2,"name":"\u043f\u043e\u0432\u0442\u043e\u0440\u044f\u044e\u0449\u0438\u0435\u0441\u044f \u0441\u043e\u0431\u044b\u0442\u0438\u044f"}]},{"@type":"WebSite","@id":"https:\/\/sybir.bialystok.pl\/ru\/#website","url":"https:\/\/sybir.bialystok.pl\/ru\/","name":"Muzeum Pami\u0119ci Sybiru","description":"Muzeum Pami\u0119ci Sybiru jest po\u015bwi\u0119cone ludziom, kt\u00f3rzy od ko\u0144ca XVI a\u017c do po\u0142owy XX wieku byli niewoleni i zsy\u0142ani w g\u0142\u0105b Rosji, a p\u00f3\u017aniej Zwi\u0105zku Sowieckiego, jak te\u017c tym, kt\u00f3rzy pod\u0105\u017cali tam dobrowolnie.","potentialAction":[{"@type":"SearchAction","target":{"@type":"EntryPoint","urlTemplate":"https:\/\/sybir.bialystok.pl\/ru\/?s={search_term_string}"},"query-input":{"@type":"PropertyValueSpecification","valueRequired":true,"valueName":"search_term_string"}}],"inLanguage":"ru-RU"}]}},"_links":{"self":[{"href":"https:\/\/sybir.bialystok.pl\/ru\/wp-json\/wp\/v2\/pages\/6091","targetHints":{"allow":["GET"]}}],"collection":[{"href":"https:\/\/sybir.bialystok.pl\/ru\/wp-json\/wp\/v2\/pages"}],"about":[{"href":"https:\/\/sybir.bialystok.pl\/ru\/wp-json\/wp\/v2\/types\/page"}],"author":[{"embeddable":true,"href":"https:\/\/sybir.bialystok.pl\/ru\/wp-json\/wp\/v2\/users\/1"}],"replies":[{"embeddable":true,"href":"https:\/\/sybir.bialystok.pl\/ru\/wp-json\/wp\/v2\/comments?post=6091"}],"version-history":[{"count":3,"href":"https:\/\/sybir.bialystok.pl\/ru\/wp-json\/wp\/v2\/pages\/6091\/revisions"}],"predecessor-version":[{"id":12278,"href":"https:\/\/sybir.bialystok.pl\/ru\/wp-json\/wp\/v2\/pages\/6091\/revisions\/12278"}],"wp:featuredmedia":[{"embeddable":true,"href":"https:\/\/sybir.bialystok.pl\/ru\/wp-json\/wp\/v2\/media\/510"}],"wp:attachment":[{"href":"https:\/\/sybir.bialystok.pl\/ru\/wp-json\/wp\/v2\/media?parent=6091"}],"curies":[{"name":"wp","href":"https:\/\/api.w.org\/{rel}","templated":true}]}}