{"id":33860,"date":"2024-12-20T11:35:46","date_gmt":"2024-12-20T10:35:46","guid":{"rendered":"https:\/\/sybir.bialystok.pl\/?page_id=33860"},"modified":"2025-01-10T10:23:07","modified_gmt":"2025-01-10T09:23:07","slug":"%d1%81%d0%be%d0%b2%d0%b5%d1%82-%d0%bc%d1%83%d0%b7%d0%b5%d1%8f","status":"publish","type":"page","link":"https:\/\/sybir.bialystok.pl\/ru\/%d1%81%d0%be%d0%b2%d0%b5%d1%82-%d0%bc%d1%83%d0%b7%d0%b5%d1%8f\/","title":{"rendered":"\u0421\u043e\u0432\u0435\u0442 \u043c\u0443\u0437\u0435\u044f"},"content":{"rendered":"\n<p>\u0412 \u0441\u043e\u0441\u0442\u0430\u0432 \u0421\u043e\u0432\u0435\u0442\u0430 \u041c\u0443\u0437\u0435\u044f \u043f\u0430\u043c\u044f\u0442\u0438 \u0421\u0438\u0431\u0438\u0440\u0438 \u0432\u0445\u043e\u0434\u044f\u0442:<\/p>\n\n\n\n<ul class=\"wp-block-list\">\n<li>\u041a\u0448\u0438\u0448\u0442\u043e\u0444 \u0422\u0440\u0443\u0441\u043a\u043e\u043b\u0430\u0441\u043a\u0438 \u2013 \u043f\u0440\u0435\u0434\u0441\u0435\u0434\u0430\u0442\u0435\u043b\u044c<\/li>\n\n\n\n<li>\u043f\u0440\u043e\u0444., \u0434\u043e\u043a\u0442\u043e\u0440 \u043d\u0430\u0443\u043a&nbsp; \u0410\u043b\u044c\u0431\u0438\u043d \u0413\u043b\u043e\u0432\u0430\u0446\u043a\u0438 \u2013 \u0437\u0430\u043c\u0435\u0441\u0442\u0438\u0442\u0435\u043b\u044c \u043f\u0440\u0435\u0434\u0441\u0435\u0434\u0430\u0442\u0435\u043b\u044f<\/li>\n\n\n\n<li>\u041f\u0448\u0435\u043c\u044b\u0441\u043b\u0430\u0432 \u0422\u0443\u0445\u043b\u0438\u043d\u0441\u043a\u0438 \u2013 \u0437\u0430\u043c\u0435\u0441\u0442\u0438\u0442\u0435\u043b\u044c \u043f\u0440\u0435\u0434\u0441\u0435\u0434\u0430\u0442\u0435\u043b\u044f<\/li>\n\n\n\n<li>\u041a\u043e\u0440\u0434\u0438\u0430\u043d \u0411\u043e\u0440\u0435\u0439\u043a\u043e<\/li>\n\n\n\n<li>\u043a\u0430\u043d\u0434. \u043d\u0430\u0443\u043a \u042f\u0446\u0435\u043a \u0411\u0436\u043e\u0437\u043e\u0432\u0441\u043a\u0438<\/li>\n\n\n\n<li>\u043a\u0430\u043d\u0434. \u043d\u0430\u0443\u043a \u0410\u0440\u0443\u043d\u0430\u0441 \u0411\u0443\u0431\u043d\u0438\u0441<\/li>\n\n\n\n<li>\u0412\u0430\u0441\u0438\u043b\u0438\u0439 \u0425\u0430\u043d\u0435\u0432\u0438\u0447<\/li>\n\n\n\n<li>\u043f\u0440\u043e\u0444. \u0434\u043e\u043a\u0442\u043e\u0440 \u0444\u0438\u043b\u043e\u0441\u043e\u0444\u0438\u0438 \u041d\u0438\u043a\u043e\u043b\u0430\u0439 \u0418\u0432\u0430\u043d\u043e\u0432<\/li>\n\n\n\n<li>\u0412\u0438\u0442\u043e\u043b\u044c\u0434 \u041a\u0430\u0440\u0447\u0435\u0432\u0441\u043a\u0438<\/li>\n\n\n\n<li>\u042d\u0434\u0438\u0442\u0430 \u041c\u0430\u0440\u0436\u0435\u043d\u0430 \u041c\u043e\u0437\u044b\u0440\u0441\u043a\u0430<\/li>\n\n\n\n<li>\u041f\u044c\u0435\u0442\u0440\u043e \u0420\u043e\u0433\u0430\u0446\u0435\u043d\u044c<\/li>\n\n\n\n<li>\u0420\u0430\u0444\u0430\u043b \u0420\u0443\u0434\u043d\u0438\u0446\u043a\u0438<\/li>\n\n\n\n<li>\u0420\u043e\u0431\u0435\u0440\u0442 \u0415\u0436\u0438 \u0421\u0430\u0434\u043e\u0432\u0441\u043a\u0438\u0439<\/li>\n\n\n\n<li>\u0434\u043e\u043a\u0442\u043e\u0440 \u043d\u0430\u0443\u043a \u042f\u043d \u0421\u043d\u043e\u043f\u043a\u043e, \u043f\u0440\u043e\u0444. \u0423\u043d\u0438\u0432\u0435\u0440\u0441\u0438\u0442\u0435\u0442\u0430 \u0432 \u0411\u0435\u043b\u043e\u0441\u0442\u043e\u043a\u0435<\/li>\n\n\n\n<li>\u043a\u0430\u043d\u0434. \u043d\u0430\u0443\u043a \u0412\u0430\u043b\u044c\u0434\u0435\u043c\u0430\u0440 \u0424\u0440\u0430\u043d\u0446\u0438\u0448\u0435\u043a \u0412\u0438\u043b\u044c\u0447\u0435\u0432\u0441\u043a\u0438<\/li>\n<\/ul>\n\n\n\n<figure class=\"wp-block-gallery has-nested-images columns-default is-cropped wp-block-gallery-1 is-layout-flex wp-block-gallery-is-layout-flex\">\n<figure class=\"wp-block-image size-large\"><img loading=\"lazy\" decoding=\"async\" width=\"1024\" height=\"683\" data-id=\"34093\" src=\"https:\/\/sybir.bialystok.pl\/wp-content\/uploads\/2025\/01\/DSC_0027-1024x683.jpg\" alt=\"\" class=\"wp-image-34093\" srcset=\"https:\/\/sybir.bialystok.pl\/wp-content\/uploads\/2025\/01\/DSC_0027-1024x683.jpg 1024w, https:\/\/sybir.bialystok.pl\/wp-content\/uploads\/2025\/01\/DSC_0027-300x200.jpg 300w, https:\/\/sybir.bialystok.pl\/wp-content\/uploads\/2025\/01\/DSC_0027-768x512.jpg 768w, https:\/\/sybir.bialystok.pl\/wp-content\/uploads\/2025\/01\/DSC_0027-1536x1024.jpg 1536w, https:\/\/sybir.bialystok.pl\/wp-content\/uploads\/2025\/01\/DSC_0027-2048x1365.jpg 2048w\" sizes=\"auto, (max-width: 1024px) 100vw, 1024px\" \/><\/figure>\n\n\n\n<figure class=\"wp-block-image size-large\"><img loading=\"lazy\" decoding=\"async\" width=\"1024\" height=\"683\" data-id=\"33993\" src=\"https:\/\/sybir.bialystok.pl\/wp-content\/uploads\/2025\/01\/DSC_0077-1024x683.jpg\" alt=\"\" class=\"wp-image-33993\" srcset=\"https:\/\/sybir.bialystok.pl\/wp-content\/uploads\/2025\/01\/DSC_0077-1024x683.jpg 1024w, https:\/\/sybir.bialystok.pl\/wp-content\/uploads\/2025\/01\/DSC_0077-300x200.jpg 300w, https:\/\/sybir.bialystok.pl\/wp-content\/uploads\/2025\/01\/DSC_0077-768x512.jpg 768w, https:\/\/sybir.bialystok.pl\/wp-content\/uploads\/2025\/01\/DSC_0077-1536x1024.jpg 1536w, https:\/\/sybir.bialystok.pl\/wp-content\/uploads\/2025\/01\/DSC_0077-2048x1366.jpg 2048w\" sizes=\"auto, (max-width: 1024px) 100vw, 1024px\" \/><\/figure>\n\n\n\n<figure class=\"wp-block-image size-large\"><img loading=\"lazy\" decoding=\"async\" width=\"1024\" height=\"683\" data-id=\"34083\" src=\"https:\/\/sybir.bialystok.pl\/wp-content\/uploads\/2025\/01\/DSC_0079-1-1024x683.jpg\" alt=\"\" class=\"wp-image-34083\" srcset=\"https:\/\/sybir.bialystok.pl\/wp-content\/uploads\/2025\/01\/DSC_0079-1-1024x683.jpg 1024w, https:\/\/sybir.bialystok.pl\/wp-content\/uploads\/2025\/01\/DSC_0079-1-300x200.jpg 300w, https:\/\/sybir.bialystok.pl\/wp-content\/uploads\/2025\/01\/DSC_0079-1-768x512.jpg 768w, https:\/\/sybir.bialystok.pl\/wp-content\/uploads\/2025\/01\/DSC_0079-1-1536x1024.jpg 1536w, https:\/\/sybir.bialystok.pl\/wp-content\/uploads\/2025\/01\/DSC_0079-1-2048x1366.jpg 2048w\" sizes=\"auto, (max-width: 1024px) 100vw, 1024px\" \/><\/figure>\n\n\n\n<figure class=\"wp-block-image size-large\"><img loading=\"lazy\" decoding=\"async\" width=\"1024\" height=\"683\" data-id=\"33972\" src=\"https:\/\/sybir.bialystok.pl\/wp-content\/uploads\/2025\/01\/DSC_0053-1024x683.jpg\" alt=\"\" class=\"wp-image-33972\" srcset=\"https:\/\/sybir.bialystok.pl\/wp-content\/uploads\/2025\/01\/DSC_0053-1024x683.jpg 1024w, https:\/\/sybir.bialystok.pl\/wp-content\/uploads\/2025\/01\/DSC_0053-300x200.jpg 300w, https:\/\/sybir.bialystok.pl\/wp-content\/uploads\/2025\/01\/DSC_0053-768x512.jpg 768w, https:\/\/sybir.bialystok.pl\/wp-content\/uploads\/2025\/01\/DSC_0053-1536x1024.jpg 1536w, https:\/\/sybir.bialystok.pl\/wp-content\/uploads\/2025\/01\/DSC_0053-2048x1365.jpg 2048w\" sizes=\"auto, (max-width: 1024px) 100vw, 1024px\" \/><\/figure>\n\n\n\n<figure class=\"wp-block-image size-large\"><img loading=\"lazy\" decoding=\"async\" width=\"1024\" height=\"683\" data-id=\"34090\" src=\"https:\/\/sybir.bialystok.pl\/wp-content\/uploads\/2025\/01\/DSC_0012-1024x683.jpg\" alt=\"\" class=\"wp-image-34090\" srcset=\"https:\/\/sybir.bialystok.pl\/wp-content\/uploads\/2025\/01\/DSC_0012-1024x683.jpg 1024w, https:\/\/sybir.bialystok.pl\/wp-content\/uploads\/2025\/01\/DSC_0012-300x200.jpg 300w, https:\/\/sybir.bialystok.pl\/wp-content\/uploads\/2025\/01\/DSC_0012-768x512.jpg 768w, https:\/\/sybir.bialystok.pl\/wp-content\/uploads\/2025\/01\/DSC_0012-1536x1024.jpg 1536w, https:\/\/sybir.bialystok.pl\/wp-content\/uploads\/2025\/01\/DSC_0012-2048x1365.jpg 2048w\" sizes=\"auto, (max-width: 1024px) 100vw, 1024px\" \/><\/figure>\n\n\n\n<figure class=\"wp-block-image size-large\"><img loading=\"lazy\" decoding=\"async\" width=\"1024\" height=\"683\" data-id=\"34086\" src=\"https:\/\/sybir.bialystok.pl\/wp-content\/uploads\/2025\/01\/DSC_0050-1024x683.jpg\" alt=\"\" class=\"wp-image-34086\" srcset=\"https:\/\/sybir.bialystok.pl\/wp-content\/uploads\/2025\/01\/DSC_0050-1024x683.jpg 1024w, https:\/\/sybir.bialystok.pl\/wp-content\/uploads\/2025\/01\/DSC_0050-300x200.jpg 300w, https:\/\/sybir.bialystok.pl\/wp-content\/uploads\/2025\/01\/DSC_0050-768x512.jpg 768w, https:\/\/sybir.bialystok.pl\/wp-content\/uploads\/2025\/01\/DSC_0050-1536x1024.jpg 1536w, https:\/\/sybir.bialystok.pl\/wp-content\/uploads\/2025\/01\/DSC_0050-2048x1365.jpg 2048w\" sizes=\"auto, (max-width: 1024px) 100vw, 1024px\" \/><\/figure>\n\n\n\n<figure class=\"wp-block-image size-large\"><img loading=\"lazy\" decoding=\"async\" width=\"1024\" height=\"683\" data-id=\"34080\" src=\"https:\/\/sybir.bialystok.pl\/wp-content\/uploads\/2025\/01\/DSC_0068-1024x683.jpg\" alt=\"\" class=\"wp-image-34080\" srcset=\"https:\/\/sybir.bialystok.pl\/wp-content\/uploads\/2025\/01\/DSC_0068-1024x683.jpg 1024w, https:\/\/sybir.bialystok.pl\/wp-content\/uploads\/2025\/01\/DSC_0068-300x200.jpg 300w, https:\/\/sybir.bialystok.pl\/wp-content\/uploads\/2025\/01\/DSC_0068-768x512.jpg 768w, https:\/\/sybir.bialystok.pl\/wp-content\/uploads\/2025\/01\/DSC_0068-1536x1024.jpg 1536w, https:\/\/sybir.bialystok.pl\/wp-content\/uploads\/2025\/01\/DSC_0068-2048x1365.jpg 2048w\" sizes=\"auto, (max-width: 1024px) 100vw, 1024px\" \/><\/figure>\n\n\n\n<figure class=\"wp-block-image size-large\"><img loading=\"lazy\" decoding=\"async\" width=\"1024\" height=\"683\" data-id=\"33978\" src=\"https:\/\/sybir.bialystok.pl\/wp-content\/uploads\/2025\/01\/DSC_0016-1024x683.jpg\" alt=\"\" class=\"wp-image-33978\" srcset=\"https:\/\/sybir.bialystok.pl\/wp-content\/uploads\/2025\/01\/DSC_0016-1024x683.jpg 1024w, https:\/\/sybir.bialystok.pl\/wp-content\/uploads\/2025\/01\/DSC_0016-300x200.jpg 300w, https:\/\/sybir.bialystok.pl\/wp-content\/uploads\/2025\/01\/DSC_0016-768x512.jpg 768w, https:\/\/sybir.bialystok.pl\/wp-content\/uploads\/2025\/01\/DSC_0016-1536x1024.jpg 1536w, https:\/\/sybir.bialystok.pl\/wp-content\/uploads\/2025\/01\/DSC_0016-2048x1365.jpg 2048w\" sizes=\"auto, (max-width: 1024px) 100vw, 1024px\" \/><\/figure>\n<\/figure>\n\n\n\n<!--more-->\n","protected":false},"excerpt":{"rendered":"<p>\u0417\u0430\u0434\u0430\u0447\u0435\u0439 \u0421\u043e\u0432\u0435\u0442\u0430 \u043c\u0443\u0437\u0435\u044f \u044f\u0432\u043b\u044f\u0435\u0442\u0441\u044f \u043a\u043e\u043d\u0442\u0440\u043e\u043b\u044c \u043d\u0430\u0434 \u0432\u044b\u043f\u043e\u043b\u043d\u0435\u043d\u0438\u0435\u043c \u0443\u0441\u0442\u0430\u0432\u043d\u044b\u0445 \u0446\u0435\u043b\u0435\u0439 \u043c\u0443\u0437\u0435\u044f. \u0421\u043e\u0432\u0435\u0442 \u0442\u0430\u043a\u0436\u0435 \u043e\u0446\u0435\u043d\u0438\u0432\u0430\u0435\u0442 \u0438 \u0434\u0430\u0435\u0442 \u0437\u0430\u043a\u043b\u044e\u0447\u0435\u043d\u0438\u044f \u043e \u0434\u0435\u044f\u0442\u0435\u043b\u044c\u043d\u043e\u0441\u0442\u0438 \u0443\u0447\u0440\u0435\u0436\u0434\u0435\u043d\u0438\u044f.<\/p>\n","protected":false},"author":18,"featured_media":1513,"parent":0,"menu_order":0,"comment_status":"closed","ping_status":"closed","template":"","meta":{"_acf_changed":false,"_editorskit_title_hidden":false,"_editorskit_reading_time":0,"_editorskit_is_block_options_detached":false,"_editorskit_block_options_position":"{}","footnotes":""},"class_list":["post-33860","page","type-page","status-publish","has-post-thumbnail","hentry"],"acf":[],"yoast_head":"<!-- This site is optimized with the Yoast SEO plugin v24.6 - https:\/\/yoast.com\/wordpress\/plugins\/seo\/ -->\n<title>\u0421\u043e\u0432\u0435\u0442 \u043c\u0443\u0437\u0435\u044f - Muzeum Pami\u0119ci Sybiru<\/title>\n<meta name=\"robots\" content=\"index, follow, max-snippet:-1, max-image-preview:large, max-video-preview:-1\" \/>\n<link rel=\"canonical\" href=\"https:\/\/sybir.bialystok.pl\/ru\/%d1%81%d0%be%d0%b2%d0%b5%d1%82-%d0%bc%d1%83%d0%b7%d0%b5%d1%8f\/\" \/>\n<meta property=\"og:locale\" content=\"ru_RU\" \/>\n<meta property=\"og:type\" content=\"article\" \/>\n<meta property=\"og:title\" content=\"\u0421\u043e\u0432\u0435\u0442 \u043c\u0443\u0437\u0435\u044f - Muzeum Pami\u0119ci Sybiru\" \/>\n<meta property=\"og:description\" content=\"\u0417\u0430\u0434\u0430\u0447\u0435\u0439 \u0421\u043e\u0432\u0435\u0442\u0430 \u043c\u0443\u0437\u0435\u044f \u044f\u0432\u043b\u044f\u0435\u0442\u0441\u044f \u043a\u043e\u043d\u0442\u0440\u043e\u043b\u044c \u043d\u0430\u0434 \u0432\u044b\u043f\u043e\u043b\u043d\u0435\u043d\u0438\u0435\u043c \u0443\u0441\u0442\u0430\u0432\u043d\u044b\u0445 \u0446\u0435\u043b\u0435\u0439 \u043c\u0443\u0437\u0435\u044f. \u0421\u043e\u0432\u0435\u0442 \u0442\u0430\u043a\u0436\u0435 \u043e\u0446\u0435\u043d\u0438\u0432\u0430\u0435\u0442 \u0438 \u0434\u0430\u0435\u0442 \u0437\u0430\u043a\u043b\u044e\u0447\u0435\u043d\u0438\u044f \u043e \u0434\u0435\u044f\u0442\u0435\u043b\u044c\u043d\u043e\u0441\u0442\u0438 \u0443\u0447\u0440\u0435\u0436\u0434\u0435\u043d\u0438\u044f.\" \/>\n<meta property=\"og:url\" content=\"https:\/\/sybir.bialystok.pl\/ru\/%d1%81%d0%be%d0%b2%d0%b5%d1%82-%d0%bc%d1%83%d0%b7%d0%b5%d1%8f\/\" \/>\n<meta property=\"og:site_name\" content=\"Muzeum Pami\u0119ci Sybiru\" \/>\n<meta property=\"article:modified_time\" content=\"2025-01-10T09:23:07+00:00\" \/>\n<meta property=\"og:image\" content=\"https:\/\/sybir.bialystok.pl\/wp-content\/uploads\/2021\/03\/Muzeum-wejscie-glowne.png\" \/>\n\t<meta property=\"og:image:width\" content=\"1024\" \/>\n\t<meta property=\"og:image:height\" content=\"683\" \/>\n\t<meta property=\"og:image:type\" content=\"image\/png\" \/>\n<meta name=\"twitter:card\" content=\"summary_large_image\" \/>\n<script type=\"application\/ld+json\" class=\"yoast-schema-graph\">{\"@context\":\"https:\/\/schema.org\",\"@graph\":[{\"@type\":\"WebPage\",\"@id\":\"https:\/\/sybir.bialystok.pl\/ru\/%d1%81%d0%be%d0%b2%d0%b5%d1%82-%d0%bc%d1%83%d0%b7%d0%b5%d1%8f\/\",\"url\":\"https:\/\/sybir.bialystok.pl\/ru\/%d1%81%d0%be%d0%b2%d0%b5%d1%82-%d0%bc%d1%83%d0%b7%d0%b5%d1%8f\/\",\"name\":\"\u0421\u043e\u0432\u0435\u0442 \u043c\u0443\u0437\u0435\u044f - Muzeum Pami\u0119ci Sybiru\",\"isPartOf\":{\"@id\":\"https:\/\/sybir.bialystok.pl\/ru\/#website\"},\"primaryImageOfPage\":{\"@id\":\"https:\/\/sybir.bialystok.pl\/ru\/%d1%81%d0%be%d0%b2%d0%b5%d1%82-%d0%bc%d1%83%d0%b7%d0%b5%d1%8f\/#primaryimage\"},\"image\":{\"@id\":\"https:\/\/sybir.bialystok.pl\/ru\/%d1%81%d0%be%d0%b2%d0%b5%d1%82-%d0%bc%d1%83%d0%b7%d0%b5%d1%8f\/#primaryimage\"},\"thumbnailUrl\":\"https:\/\/sybir.bialystok.pl\/wp-content\/uploads\/2021\/03\/Muzeum-wejscie-glowne.png\",\"datePublished\":\"2024-12-20T10:35:46+00:00\",\"dateModified\":\"2025-01-10T09:23:07+00:00\",\"breadcrumb\":{\"@id\":\"https:\/\/sybir.bialystok.pl\/ru\/%d1%81%d0%be%d0%b2%d0%b5%d1%82-%d0%bc%d1%83%d0%b7%d0%b5%d1%8f\/#breadcrumb\"},\"inLanguage\":\"ru-RU\",\"potentialAction\":[{\"@type\":\"ReadAction\",\"target\":[\"https:\/\/sybir.bialystok.pl\/ru\/%d1%81%d0%be%d0%b2%d0%b5%d1%82-%d0%bc%d1%83%d0%b7%d0%b5%d1%8f\/\"]}]},{\"@type\":\"ImageObject\",\"inLanguage\":\"ru-RU\",\"@id\":\"https:\/\/sybir.bialystok.pl\/ru\/%d1%81%d0%be%d0%b2%d0%b5%d1%82-%d0%bc%d1%83%d0%b7%d0%b5%d1%8f\/#primaryimage\",\"url\":\"https:\/\/sybir.bialystok.pl\/wp-content\/uploads\/2021\/03\/Muzeum-wejscie-glowne.png\",\"contentUrl\":\"https:\/\/sybir.bialystok.pl\/wp-content\/uploads\/2021\/03\/Muzeum-wejscie-glowne.png\",\"width\":1024,\"height\":683},{\"@type\":\"BreadcrumbList\",\"@id\":\"https:\/\/sybir.bialystok.pl\/ru\/%d1%81%d0%be%d0%b2%d0%b5%d1%82-%d0%bc%d1%83%d0%b7%d0%b5%d1%8f\/#breadcrumb\",\"itemListElement\":[{\"@type\":\"ListItem\",\"position\":1,\"name\":\"\u0414\u043e\u043c\",\"item\":\"https:\/\/sybir.bialystok.pl\/ru\/\"},{\"@type\":\"ListItem\",\"position\":2,\"name\":\"\u0421\u043e\u0432\u0435\u0442 \u043c\u0443\u0437\u0435\u044f\"}]},{\"@type\":\"WebSite\",\"@id\":\"https:\/\/sybir.bialystok.pl\/ru\/#website\",\"url\":\"https:\/\/sybir.bialystok.pl\/ru\/\",\"name\":\"Muzeum Pami\u0119ci Sybiru\",\"description\":\"Muzeum Pami\u0119ci Sybiru jest po\u015bwi\u0119cone ludziom, kt\u00f3rzy od ko\u0144ca XVI a\u017c do po\u0142owy XX wieku byli niewoleni i zsy\u0142ani w g\u0142\u0105b Rosji, a p\u00f3\u017aniej Zwi\u0105zku Sowieckiego, jak te\u017c tym, kt\u00f3rzy pod\u0105\u017cali tam dobrowolnie.\",\"potentialAction\":[{\"@type\":\"SearchAction\",\"target\":{\"@type\":\"EntryPoint\",\"urlTemplate\":\"https:\/\/sybir.bialystok.pl\/ru\/?s={search_term_string}\"},\"query-input\":{\"@type\":\"PropertyValueSpecification\",\"valueRequired\":true,\"valueName\":\"search_term_string\"}}],\"inLanguage\":\"ru-RU\"}]}<\/script>\n<!-- \/ Yoast SEO plugin. -->","yoast_head_json":{"title":"\u0421\u043e\u0432\u0435\u0442 \u043c\u0443\u0437\u0435\u044f - Muzeum Pami\u0119ci Sybiru","robots":{"index":"index","follow":"follow","max-snippet":"max-snippet:-1","max-image-preview":"max-image-preview:large","max-video-preview":"max-video-preview:-1"},"canonical":"https:\/\/sybir.bialystok.pl\/ru\/%d1%81%d0%be%d0%b2%d0%b5%d1%82-%d0%bc%d1%83%d0%b7%d0%b5%d1%8f\/","og_locale":"ru_RU","og_type":"article","og_title":"\u0421\u043e\u0432\u0435\u0442 \u043c\u0443\u0437\u0435\u044f - Muzeum Pami\u0119ci Sybiru","og_description":"\u0417\u0430\u0434\u0430\u0447\u0435\u0439 \u0421\u043e\u0432\u0435\u0442\u0430 \u043c\u0443\u0437\u0435\u044f \u044f\u0432\u043b\u044f\u0435\u0442\u0441\u044f \u043a\u043e\u043d\u0442\u0440\u043e\u043b\u044c \u043d\u0430\u0434 \u0432\u044b\u043f\u043e\u043b\u043d\u0435\u043d\u0438\u0435\u043c \u0443\u0441\u0442\u0430\u0432\u043d\u044b\u0445 \u0446\u0435\u043b\u0435\u0439 \u043c\u0443\u0437\u0435\u044f. \u0421\u043e\u0432\u0435\u0442 \u0442\u0430\u043a\u0436\u0435 \u043e\u0446\u0435\u043d\u0438\u0432\u0430\u0435\u0442 \u0438 \u0434\u0430\u0435\u0442 \u0437\u0430\u043a\u043b\u044e\u0447\u0435\u043d\u0438\u044f \u043e \u0434\u0435\u044f\u0442\u0435\u043b\u044c\u043d\u043e\u0441\u0442\u0438 \u0443\u0447\u0440\u0435\u0436\u0434\u0435\u043d\u0438\u044f.","og_url":"https:\/\/sybir.bialystok.pl\/ru\/%d1%81%d0%be%d0%b2%d0%b5%d1%82-%d0%bc%d1%83%d0%b7%d0%b5%d1%8f\/","og_site_name":"Muzeum Pami\u0119ci Sybiru","article_modified_time":"2025-01-10T09:23:07+00:00","og_image":[{"width":1024,"height":683,"url":"https:\/\/sybir.bialystok.pl\/wp-content\/uploads\/2021\/03\/Muzeum-wejscie-glowne.png","type":"image\/png"}],"twitter_card":"summary_large_image","schema":{"@context":"https:\/\/schema.org","@graph":[{"@type":"WebPage","@id":"https:\/\/sybir.bialystok.pl\/ru\/%d1%81%d0%be%d0%b2%d0%b5%d1%82-%d0%bc%d1%83%d0%b7%d0%b5%d1%8f\/","url":"https:\/\/sybir.bialystok.pl\/ru\/%d1%81%d0%be%d0%b2%d0%b5%d1%82-%d0%bc%d1%83%d0%b7%d0%b5%d1%8f\/","name":"\u0421\u043e\u0432\u0435\u0442 \u043c\u0443\u0437\u0435\u044f - Muzeum Pami\u0119ci Sybiru","isPartOf":{"@id":"https:\/\/sybir.bialystok.pl\/ru\/#website"},"primaryImageOfPage":{"@id":"https:\/\/sybir.bialystok.pl\/ru\/%d1%81%d0%be%d0%b2%d0%b5%d1%82-%d0%bc%d1%83%d0%b7%d0%b5%d1%8f\/#primaryimage"},"image":{"@id":"https:\/\/sybir.bialystok.pl\/ru\/%d1%81%d0%be%d0%b2%d0%b5%d1%82-%d0%bc%d1%83%d0%b7%d0%b5%d1%8f\/#primaryimage"},"thumbnailUrl":"https:\/\/sybir.bialystok.pl\/wp-content\/uploads\/2021\/03\/Muzeum-wejscie-glowne.png","datePublished":"2024-12-20T10:35:46+00:00","dateModified":"2025-01-10T09:23:07+00:00","breadcrumb":{"@id":"https:\/\/sybir.bialystok.pl\/ru\/%d1%81%d0%be%d0%b2%d0%b5%d1%82-%d0%bc%d1%83%d0%b7%d0%b5%d1%8f\/#breadcrumb"},"inLanguage":"ru-RU","potentialAction":[{"@type":"ReadAction","target":["https:\/\/sybir.bialystok.pl\/ru\/%d1%81%d0%be%d0%b2%d0%b5%d1%82-%d0%bc%d1%83%d0%b7%d0%b5%d1%8f\/"]}]},{"@type":"ImageObject","inLanguage":"ru-RU","@id":"https:\/\/sybir.bialystok.pl\/ru\/%d1%81%d0%be%d0%b2%d0%b5%d1%82-%d0%bc%d1%83%d0%b7%d0%b5%d1%8f\/#primaryimage","url":"https:\/\/sybir.bialystok.pl\/wp-content\/uploads\/2021\/03\/Muzeum-wejscie-glowne.png","contentUrl":"https:\/\/sybir.bialystok.pl\/wp-content\/uploads\/2021\/03\/Muzeum-wejscie-glowne.png","width":1024,"height":683},{"@type":"BreadcrumbList","@id":"https:\/\/sybir.bialystok.pl\/ru\/%d1%81%d0%be%d0%b2%d0%b5%d1%82-%d0%bc%d1%83%d0%b7%d0%b5%d1%8f\/#breadcrumb","itemListElement":[{"@type":"ListItem","position":1,"name":"\u0414\u043e\u043c","item":"https:\/\/sybir.bialystok.pl\/ru\/"},{"@type":"ListItem","position":2,"name":"\u0421\u043e\u0432\u0435\u0442 \u043c\u0443\u0437\u0435\u044f"}]},{"@type":"WebSite","@id":"https:\/\/sybir.bialystok.pl\/ru\/#website","url":"https:\/\/sybir.bialystok.pl\/ru\/","name":"Muzeum Pami\u0119ci Sybiru","description":"Muzeum Pami\u0119ci Sybiru jest po\u015bwi\u0119cone ludziom, kt\u00f3rzy od ko\u0144ca XVI a\u017c do po\u0142owy XX wieku byli niewoleni i zsy\u0142ani w g\u0142\u0105b Rosji, a p\u00f3\u017aniej Zwi\u0105zku Sowieckiego, jak te\u017c tym, kt\u00f3rzy pod\u0105\u017cali tam dobrowolnie.","potentialAction":[{"@type":"SearchAction","target":{"@type":"EntryPoint","urlTemplate":"https:\/\/sybir.bialystok.pl\/ru\/?s={search_term_string}"},"query-input":{"@type":"PropertyValueSpecification","valueRequired":true,"valueName":"search_term_string"}}],"inLanguage":"ru-RU"}]}},"_links":{"self":[{"href":"https:\/\/sybir.bialystok.pl\/ru\/wp-json\/wp\/v2\/pages\/33860","targetHints":{"allow":["GET"]}}],"collection":[{"href":"https:\/\/sybir.bialystok.pl\/ru\/wp-json\/wp\/v2\/pages"}],"about":[{"href":"https:\/\/sybir.bialystok.pl\/ru\/wp-json\/wp\/v2\/types\/page"}],"author":[{"embeddable":true,"href":"https:\/\/sybir.bialystok.pl\/ru\/wp-json\/wp\/v2\/users\/18"}],"replies":[{"embeddable":true,"href":"https:\/\/sybir.bialystok.pl\/ru\/wp-json\/wp\/v2\/comments?post=33860"}],"version-history":[{"count":3,"href":"https:\/\/sybir.bialystok.pl\/ru\/wp-json\/wp\/v2\/pages\/33860\/revisions"}],"predecessor-version":[{"id":34098,"href":"https:\/\/sybir.bialystok.pl\/ru\/wp-json\/wp\/v2\/pages\/33860\/revisions\/34098"}],"wp:featuredmedia":[{"embeddable":true,"href":"https:\/\/sybir.bialystok.pl\/ru\/wp-json\/wp\/v2\/media\/1513"}],"wp:attachment":[{"href":"https:\/\/sybir.bialystok.pl\/ru\/wp-json\/wp\/v2\/media?parent=33860"}],"curies":[{"name":"wp","href":"https:\/\/api.w.org\/{rel}","templated":true}]}}