{"id":210,"date":"2020-11-24T17:44:53","date_gmt":"2020-11-24T16:44:53","guid":{"rendered":"http:\/\/nowy.sybir.bialystok.pl\/strona-glowna\/"},"modified":"2026-04-01T16:27:43","modified_gmt":"2026-04-01T14:27:43","slug":"strona-glowna","status":"publish","type":"page","link":"https:\/\/sybir.bialystok.pl\/ru\/","title":{"rendered":""},"content":{"rendered":"","protected":false},"excerpt":{"rendered":"<p>Gad\u017cety, publikacje i nie tylko. Zajrzyj do sklepu Muzeum Pami\u0119ci Sybiru<\/p>\n","protected":false},"author":1,"featured_media":1113,"parent":0,"menu_order":0,"comment_status":"closed","ping_status":"closed","template":"page-templates\/front-page.php","meta":{"_acf_changed":false,"_editorskit_title_hidden":false,"_editorskit_reading_time":0,"_editorskit_is_block_options_detached":false,"_editorskit_block_options_position":"{}","footnotes":""},"class_list":["post-210","page","type-page","status-publish","has-post-thumbnail","hentry"],"acf":[],"yoast_head":"<!-- This site is optimized with the Yoast SEO plugin v24.6 - https:\/\/yoast.com\/wordpress\/plugins\/seo\/ -->\n<title>Muzeum Pami\u0119ci Sybiru<\/title>\n<meta name=\"description\" content=\"Zapraszamy do Muzeum Pami\u0119ci Sybiru, gdzie o\u017cywa historia cierpienia i walki o przetrwanie, gdzie wszystkie opowie\u015bci zamykaj\u0105 si\u0119 w s\u0142owie Sybir.\" \/>\n<meta name=\"robots\" content=\"index, follow, max-snippet:-1, max-image-preview:large, max-video-preview:-1\" \/>\n<link rel=\"canonical\" href=\"https:\/\/sybir.bialystok.pl\/ru\/\" \/>\n<meta property=\"og:locale\" content=\"ru_RU\" \/>\n<meta property=\"og:type\" content=\"article\" \/>\n<meta property=\"og:title\" content=\"Muzeum Pami\u0119ci Sybiru\" \/>\n<meta property=\"og:description\" content=\"Zapraszamy do Muzeum Pami\u0119ci Sybiru, gdzie o\u017cywa historia cierpienia i walki o przetrwanie, gdzie wszystkie opowie\u015bci zamykaj\u0105 si\u0119 w s\u0142owie Sybir.\" \/>\n<meta property=\"og:url\" content=\"https:\/\/sybir.bialystok.pl\/ru\/\" \/>\n<meta property=\"og:site_name\" content=\"Muzeum Pami\u0119ci Sybiru\" \/>\n<meta property=\"article:modified_time\" content=\"2026-04-01T14:27:43+00:00\" \/>\n<meta property=\"og:image\" content=\"https:\/\/sybir.bialystok.pl\/wp-content\/uploads\/2021\/02\/Wszystkie-wspomnienia.jpg\" \/>\n\t<meta property=\"og:image:width\" content=\"2560\" \/>\n\t<meta property=\"og:image:height\" content=\"1707\" \/>\n\t<meta property=\"og:image:type\" content=\"image\/jpeg\" \/>\n<meta name=\"twitter:card\" content=\"summary_large_image\" \/>\n<script type=\"application\/ld+json\" class=\"yoast-schema-graph\">{\"@context\":\"https:\/\/schema.org\",\"@graph\":[{\"@type\":\"WebPage\",\"@id\":\"https:\/\/sybir.bialystok.pl\/ru\/\",\"url\":\"https:\/\/sybir.bialystok.pl\/ru\/\",\"name\":\"Muzeum Pami\u0119ci Sybiru\",\"isPartOf\":{\"@id\":\"https:\/\/sybir.bialystok.pl\/ru\/#website\"},\"primaryImageOfPage\":{\"@id\":\"https:\/\/sybir.bialystok.pl\/ru\/#primaryimage\"},\"image\":{\"@id\":\"https:\/\/sybir.bialystok.pl\/ru\/#primaryimage\"},\"thumbnailUrl\":\"https:\/\/sybir.bialystok.pl\/wp-content\/uploads\/2021\/02\/Wszystkie-wspomnienia.jpg\",\"datePublished\":\"2020-11-24T16:44:53+00:00\",\"dateModified\":\"2026-04-01T14:27:43+00:00\",\"description\":\"Zapraszamy do Muzeum Pami\u0119ci Sybiru, gdzie o\u017cywa historia cierpienia i walki o przetrwanie, gdzie wszystkie opowie\u015bci zamykaj\u0105 si\u0119 w s\u0142owie Sybir.\",\"inLanguage\":\"ru-RU\",\"potentialAction\":[{\"@type\":\"ReadAction\",\"target\":[\"https:\/\/sybir.bialystok.pl\/ru\/\"]}]},{\"@type\":\"ImageObject\",\"inLanguage\":\"ru-RU\",\"@id\":\"https:\/\/sybir.bialystok.pl\/ru\/#primaryimage\",\"url\":\"https:\/\/sybir.bialystok.pl\/wp-content\/uploads\/2021\/02\/Wszystkie-wspomnienia.jpg\",\"contentUrl\":\"https:\/\/sybir.bialystok.pl\/wp-content\/uploads\/2021\/02\/Wszystkie-wspomnienia.jpg\",\"width\":2560,\"height\":1707},{\"@type\":\"WebSite\",\"@id\":\"https:\/\/sybir.bialystok.pl\/ru\/#website\",\"url\":\"https:\/\/sybir.bialystok.pl\/ru\/\",\"name\":\"Muzeum Pami\u0119ci Sybiru\",\"description\":\"Muzeum Pami\u0119ci Sybiru jest po\u015bwi\u0119cone ludziom, kt\u00f3rzy od ko\u0144ca XVI a\u017c do po\u0142owy XX wieku byli niewoleni i zsy\u0142ani w g\u0142\u0105b Rosji, a p\u00f3\u017aniej Zwi\u0105zku Sowieckiego, jak te\u017c tym, kt\u00f3rzy pod\u0105\u017cali tam dobrowolnie.\",\"potentialAction\":[{\"@type\":\"SearchAction\",\"target\":{\"@type\":\"EntryPoint\",\"urlTemplate\":\"https:\/\/sybir.bialystok.pl\/ru\/?s={search_term_string}\"},\"query-input\":{\"@type\":\"PropertyValueSpecification\",\"valueRequired\":true,\"valueName\":\"search_term_string\"}}],\"inLanguage\":\"ru-RU\"}]}<\/script>\n<!-- \/ Yoast SEO plugin. -->","yoast_head_json":{"title":"Muzeum Pami\u0119ci Sybiru","description":"Zapraszamy do Muzeum Pami\u0119ci Sybiru, gdzie o\u017cywa historia cierpienia i walki o przetrwanie, gdzie wszystkie opowie\u015bci zamykaj\u0105 si\u0119 w s\u0142owie Sybir.","robots":{"index":"index","follow":"follow","max-snippet":"max-snippet:-1","max-image-preview":"max-image-preview:large","max-video-preview":"max-video-preview:-1"},"canonical":"https:\/\/sybir.bialystok.pl\/ru\/","og_locale":"ru_RU","og_type":"article","og_title":"Muzeum Pami\u0119ci Sybiru","og_description":"Zapraszamy do Muzeum Pami\u0119ci Sybiru, gdzie o\u017cywa historia cierpienia i walki o przetrwanie, gdzie wszystkie opowie\u015bci zamykaj\u0105 si\u0119 w s\u0142owie Sybir.","og_url":"https:\/\/sybir.bialystok.pl\/ru\/","og_site_name":"Muzeum Pami\u0119ci Sybiru","article_modified_time":"2026-04-01T14:27:43+00:00","og_image":[{"width":2560,"height":1707,"url":"https:\/\/sybir.bialystok.pl\/wp-content\/uploads\/2021\/02\/Wszystkie-wspomnienia.jpg","type":"image\/jpeg"}],"twitter_card":"summary_large_image","schema":{"@context":"https:\/\/schema.org","@graph":[{"@type":"WebPage","@id":"https:\/\/sybir.bialystok.pl\/ru\/","url":"https:\/\/sybir.bialystok.pl\/ru\/","name":"Muzeum Pami\u0119ci Sybiru","isPartOf":{"@id":"https:\/\/sybir.bialystok.pl\/ru\/#website"},"primaryImageOfPage":{"@id":"https:\/\/sybir.bialystok.pl\/ru\/#primaryimage"},"image":{"@id":"https:\/\/sybir.bialystok.pl\/ru\/#primaryimage"},"thumbnailUrl":"https:\/\/sybir.bialystok.pl\/wp-content\/uploads\/2021\/02\/Wszystkie-wspomnienia.jpg","datePublished":"2020-11-24T16:44:53+00:00","dateModified":"2026-04-01T14:27:43+00:00","description":"Zapraszamy do Muzeum Pami\u0119ci Sybiru, gdzie o\u017cywa historia cierpienia i walki o przetrwanie, gdzie wszystkie opowie\u015bci zamykaj\u0105 si\u0119 w s\u0142owie Sybir.","inLanguage":"ru-RU","potentialAction":[{"@type":"ReadAction","target":["https:\/\/sybir.bialystok.pl\/ru\/"]}]},{"@type":"ImageObject","inLanguage":"ru-RU","@id":"https:\/\/sybir.bialystok.pl\/ru\/#primaryimage","url":"https:\/\/sybir.bialystok.pl\/wp-content\/uploads\/2021\/02\/Wszystkie-wspomnienia.jpg","contentUrl":"https:\/\/sybir.bialystok.pl\/wp-content\/uploads\/2021\/02\/Wszystkie-wspomnienia.jpg","width":2560,"height":1707},{"@type":"WebSite","@id":"https:\/\/sybir.bialystok.pl\/ru\/#website","url":"https:\/\/sybir.bialystok.pl\/ru\/","name":"Muzeum Pami\u0119ci Sybiru","description":"Muzeum Pami\u0119ci Sybiru jest po\u015bwi\u0119cone ludziom, kt\u00f3rzy od ko\u0144ca XVI a\u017c do po\u0142owy XX wieku byli niewoleni i zsy\u0142ani w g\u0142\u0105b Rosji, a p\u00f3\u017aniej Zwi\u0105zku Sowieckiego, jak te\u017c tym, kt\u00f3rzy pod\u0105\u017cali tam dobrowolnie.","potentialAction":[{"@type":"SearchAction","target":{"@type":"EntryPoint","urlTemplate":"https:\/\/sybir.bialystok.pl\/ru\/?s={search_term_string}"},"query-input":{"@type":"PropertyValueSpecification","valueRequired":true,"valueName":"search_term_string"}}],"inLanguage":"ru-RU"}]}},"_links":{"self":[{"href":"https:\/\/sybir.bialystok.pl\/ru\/wp-json\/wp\/v2\/pages\/210","targetHints":{"allow":["GET"]}}],"collection":[{"href":"https:\/\/sybir.bialystok.pl\/ru\/wp-json\/wp\/v2\/pages"}],"about":[{"href":"https:\/\/sybir.bialystok.pl\/ru\/wp-json\/wp\/v2\/types\/page"}],"author":[{"embeddable":true,"href":"https:\/\/sybir.bialystok.pl\/ru\/wp-json\/wp\/v2\/users\/1"}],"replies":[{"embeddable":true,"href":"https:\/\/sybir.bialystok.pl\/ru\/wp-json\/wp\/v2\/comments?post=210"}],"version-history":[{"count":37,"href":"https:\/\/sybir.bialystok.pl\/ru\/wp-json\/wp\/v2\/pages\/210\/revisions"}],"predecessor-version":[{"id":44813,"href":"https:\/\/sybir.bialystok.pl\/ru\/wp-json\/wp\/v2\/pages\/210\/revisions\/44813"}],"wp:featuredmedia":[{"embeddable":true,"href":"https:\/\/sybir.bialystok.pl\/ru\/wp-json\/wp\/v2\/media\/1113"}],"wp:attachment":[{"href":"https:\/\/sybir.bialystok.pl\/ru\/wp-json\/wp\/v2\/media?parent=210"}],"curies":[{"name":"wp","href":"https:\/\/api.w.org\/{rel}","templated":true}]}}