{"id":9989,"date":"2021-10-19T10:19:05","date_gmt":"2021-10-19T08:19:05","guid":{"rendered":"https:\/\/sybir.bialystok.pl\/?page_id=9989"},"modified":"2021-10-19T10:25:16","modified_gmt":"2021-10-19T08:25:16","slug":"remembered","status":"publish","type":"page","link":"https:\/\/sybir.bialystok.pl\/en\/remembered\/","title":{"rendered":"#Remembered"},"content":{"rendered":"\n<p>The Sybir Memorial Museum looks for people, who will send their photos within the framework of the #Zapami\u0119tani (#Remembered) action. Pictures should be sent through the contact form on the website \u00a0<a href=\"http:\/\/www.zapamietani.eu\">www.zapamietani.eu<\/a><\/p>\n\n\n\n<p>Images of people, who decide to take part in the action will be in the final hall of the Sybir Memorial Museum. The photos, that have been sent so far can already be seen at the permanent exhibition.<\/p>\n\n\n\n<p>The aim of the action is to commemorate people exiled to Sybir and their families \u2014 children, grandchildren and great-grandchildren \u2014 with the help of contemporary photographs.<\/p>\n\n\n\n<p><strong>How to take a good picture?<\/strong><\/p>\n\n\n\n<ul class=\"wp-block-list\"><li>Picture should be taken in a vertical position by a camera or phone.<\/li><li>The best will be natural light.<\/li><li>Choose a neutral background and remove items from behind your back.<\/li><\/ul>\n\n\n\n<p>Pictures should show \u00be of the characters. The wrists frame should not be cut off!<\/p>\n","protected":false},"excerpt":{"rendered":"<p>The Sybir Memorial Museum runs an action aiming at commemorating people deported to Sybir.<\/p>\n","protected":false},"author":8,"featured_media":9286,"parent":0,"menu_order":0,"comment_status":"closed","ping_status":"closed","template":"","meta":{"_acf_changed":false,"_editorskit_title_hidden":false,"_editorskit_reading_time":0,"_editorskit_is_block_options_detached":false,"_editorskit_block_options_position":"{}","footnotes":""},"class_list":["post-9989","page","type-page","status-publish","has-post-thumbnail","hentry"],"acf":[],"yoast_head":"<!-- This site is optimized with the Yoast SEO plugin v24.6 - https:\/\/yoast.com\/wordpress\/plugins\/seo\/ -->\n<title>#Remembered - Muzeum Pami\u0119ci Sybiru<\/title>\n<meta name=\"robots\" content=\"index, follow, max-snippet:-1, max-image-preview:large, max-video-preview:-1\" \/>\n<link rel=\"canonical\" href=\"https:\/\/sybir.bialystok.pl\/en\/remembered\/\" \/>\n<meta property=\"og:locale\" content=\"en_US\" \/>\n<meta property=\"og:type\" content=\"article\" \/>\n<meta property=\"og:title\" content=\"#Remembered - Muzeum Pami\u0119ci Sybiru\" \/>\n<meta property=\"og:description\" content=\"The Sybir Memorial Museum runs an action aiming at commemorating people deported to Sybir.\" \/>\n<meta property=\"og:url\" content=\"https:\/\/sybir.bialystok.pl\/en\/remembered\/\" \/>\n<meta property=\"og:site_name\" content=\"Muzeum Pami\u0119ci Sybiru\" \/>\n<meta property=\"article:modified_time\" content=\"2021-10-19T08:25:16+00:00\" \/>\n<meta property=\"og:image\" content=\"https:\/\/sybir.bialystok.pl\/wp-content\/uploads\/2021\/09\/2021-MPS-zwiedzanie-Karpinski-3-Sredni.jpg\" \/>\n\t<meta property=\"og:image:width\" content=\"1151\" \/>\n\t<meta property=\"og:image:height\" content=\"768\" \/>\n\t<meta property=\"og:image:type\" content=\"image\/jpeg\" \/>\n<meta name=\"twitter:card\" content=\"summary_large_image\" \/>\n<meta name=\"twitter:label1\" content=\"Est. reading time\" \/>\n\t<meta name=\"twitter:data1\" content=\"1 minute\" \/>\n<script type=\"application\/ld+json\" class=\"yoast-schema-graph\">{\"@context\":\"https:\/\/schema.org\",\"@graph\":[{\"@type\":\"WebPage\",\"@id\":\"https:\/\/sybir.bialystok.pl\/en\/remembered\/\",\"url\":\"https:\/\/sybir.bialystok.pl\/en\/remembered\/\",\"name\":\"#Remembered - Muzeum Pami\u0119ci Sybiru\",\"isPartOf\":{\"@id\":\"https:\/\/sybir.bialystok.pl\/en\/#website\"},\"primaryImageOfPage\":{\"@id\":\"https:\/\/sybir.bialystok.pl\/en\/remembered\/#primaryimage\"},\"image\":{\"@id\":\"https:\/\/sybir.bialystok.pl\/en\/remembered\/#primaryimage\"},\"thumbnailUrl\":\"https:\/\/sybir.bialystok.pl\/wp-content\/uploads\/2021\/09\/2021-MPS-zwiedzanie-Karpinski-3-Sredni.jpg\",\"datePublished\":\"2021-10-19T08:19:05+00:00\",\"dateModified\":\"2021-10-19T08:25:16+00:00\",\"breadcrumb\":{\"@id\":\"https:\/\/sybir.bialystok.pl\/en\/remembered\/#breadcrumb\"},\"inLanguage\":\"en-US\",\"potentialAction\":[{\"@type\":\"ReadAction\",\"target\":[\"https:\/\/sybir.bialystok.pl\/en\/remembered\/\"]}]},{\"@type\":\"ImageObject\",\"inLanguage\":\"en-US\",\"@id\":\"https:\/\/sybir.bialystok.pl\/en\/remembered\/#primaryimage\",\"url\":\"https:\/\/sybir.bialystok.pl\/wp-content\/uploads\/2021\/09\/2021-MPS-zwiedzanie-Karpinski-3-Sredni.jpg\",\"contentUrl\":\"https:\/\/sybir.bialystok.pl\/wp-content\/uploads\/2021\/09\/2021-MPS-zwiedzanie-Karpinski-3-Sredni.jpg\",\"width\":1151,\"height\":768},{\"@type\":\"BreadcrumbList\",\"@id\":\"https:\/\/sybir.bialystok.pl\/en\/remembered\/#breadcrumb\",\"itemListElement\":[{\"@type\":\"ListItem\",\"position\":1,\"name\":\"Home page\",\"item\":\"https:\/\/sybir.bialystok.pl\/en\/\"},{\"@type\":\"ListItem\",\"position\":2,\"name\":\"#Remembered\"}]},{\"@type\":\"WebSite\",\"@id\":\"https:\/\/sybir.bialystok.pl\/en\/#website\",\"url\":\"https:\/\/sybir.bialystok.pl\/en\/\",\"name\":\"Muzeum Pami\u0119ci Sybiru\",\"description\":\"Muzeum Pami\u0119ci Sybiru jest po\u015bwi\u0119cone ludziom, kt\u00f3rzy od ko\u0144ca XVI a\u017c do po\u0142owy XX wieku byli niewoleni i zsy\u0142ani w g\u0142\u0105b Rosji, a p\u00f3\u017aniej Zwi\u0105zku Sowieckiego, jak te\u017c tym, kt\u00f3rzy pod\u0105\u017cali tam dobrowolnie.\",\"potentialAction\":[{\"@type\":\"SearchAction\",\"target\":{\"@type\":\"EntryPoint\",\"urlTemplate\":\"https:\/\/sybir.bialystok.pl\/en\/?s={search_term_string}\"},\"query-input\":{\"@type\":\"PropertyValueSpecification\",\"valueRequired\":true,\"valueName\":\"search_term_string\"}}],\"inLanguage\":\"en-US\"}]}<\/script>\n<!-- \/ Yoast SEO plugin. -->","yoast_head_json":{"title":"#Remembered - Muzeum Pami\u0119ci Sybiru","robots":{"index":"index","follow":"follow","max-snippet":"max-snippet:-1","max-image-preview":"max-image-preview:large","max-video-preview":"max-video-preview:-1"},"canonical":"https:\/\/sybir.bialystok.pl\/en\/remembered\/","og_locale":"en_US","og_type":"article","og_title":"#Remembered - Muzeum Pami\u0119ci Sybiru","og_description":"The Sybir Memorial Museum runs an action aiming at commemorating people deported to Sybir.","og_url":"https:\/\/sybir.bialystok.pl\/en\/remembered\/","og_site_name":"Muzeum Pami\u0119ci Sybiru","article_modified_time":"2021-10-19T08:25:16+00:00","og_image":[{"width":1151,"height":768,"url":"https:\/\/sybir.bialystok.pl\/wp-content\/uploads\/2021\/09\/2021-MPS-zwiedzanie-Karpinski-3-Sredni.jpg","type":"image\/jpeg"}],"twitter_card":"summary_large_image","twitter_misc":{"Est. reading time":"1 minute"},"schema":{"@context":"https:\/\/schema.org","@graph":[{"@type":"WebPage","@id":"https:\/\/sybir.bialystok.pl\/en\/remembered\/","url":"https:\/\/sybir.bialystok.pl\/en\/remembered\/","name":"#Remembered - Muzeum Pami\u0119ci Sybiru","isPartOf":{"@id":"https:\/\/sybir.bialystok.pl\/en\/#website"},"primaryImageOfPage":{"@id":"https:\/\/sybir.bialystok.pl\/en\/remembered\/#primaryimage"},"image":{"@id":"https:\/\/sybir.bialystok.pl\/en\/remembered\/#primaryimage"},"thumbnailUrl":"https:\/\/sybir.bialystok.pl\/wp-content\/uploads\/2021\/09\/2021-MPS-zwiedzanie-Karpinski-3-Sredni.jpg","datePublished":"2021-10-19T08:19:05+00:00","dateModified":"2021-10-19T08:25:16+00:00","breadcrumb":{"@id":"https:\/\/sybir.bialystok.pl\/en\/remembered\/#breadcrumb"},"inLanguage":"en-US","potentialAction":[{"@type":"ReadAction","target":["https:\/\/sybir.bialystok.pl\/en\/remembered\/"]}]},{"@type":"ImageObject","inLanguage":"en-US","@id":"https:\/\/sybir.bialystok.pl\/en\/remembered\/#primaryimage","url":"https:\/\/sybir.bialystok.pl\/wp-content\/uploads\/2021\/09\/2021-MPS-zwiedzanie-Karpinski-3-Sredni.jpg","contentUrl":"https:\/\/sybir.bialystok.pl\/wp-content\/uploads\/2021\/09\/2021-MPS-zwiedzanie-Karpinski-3-Sredni.jpg","width":1151,"height":768},{"@type":"BreadcrumbList","@id":"https:\/\/sybir.bialystok.pl\/en\/remembered\/#breadcrumb","itemListElement":[{"@type":"ListItem","position":1,"name":"Home page","item":"https:\/\/sybir.bialystok.pl\/en\/"},{"@type":"ListItem","position":2,"name":"#Remembered"}]},{"@type":"WebSite","@id":"https:\/\/sybir.bialystok.pl\/en\/#website","url":"https:\/\/sybir.bialystok.pl\/en\/","name":"Muzeum Pami\u0119ci Sybiru","description":"Muzeum Pami\u0119ci Sybiru jest po\u015bwi\u0119cone ludziom, kt\u00f3rzy od ko\u0144ca XVI a\u017c do po\u0142owy XX wieku byli niewoleni i zsy\u0142ani w g\u0142\u0105b Rosji, a p\u00f3\u017aniej Zwi\u0105zku Sowieckiego, jak te\u017c tym, kt\u00f3rzy pod\u0105\u017cali tam dobrowolnie.","potentialAction":[{"@type":"SearchAction","target":{"@type":"EntryPoint","urlTemplate":"https:\/\/sybir.bialystok.pl\/en\/?s={search_term_string}"},"query-input":{"@type":"PropertyValueSpecification","valueRequired":true,"valueName":"search_term_string"}}],"inLanguage":"en-US"}]}},"_links":{"self":[{"href":"https:\/\/sybir.bialystok.pl\/en\/wp-json\/wp\/v2\/pages\/9989","targetHints":{"allow":["GET"]}}],"collection":[{"href":"https:\/\/sybir.bialystok.pl\/en\/wp-json\/wp\/v2\/pages"}],"about":[{"href":"https:\/\/sybir.bialystok.pl\/en\/wp-json\/wp\/v2\/types\/page"}],"author":[{"embeddable":true,"href":"https:\/\/sybir.bialystok.pl\/en\/wp-json\/wp\/v2\/users\/8"}],"replies":[{"embeddable":true,"href":"https:\/\/sybir.bialystok.pl\/en\/wp-json\/wp\/v2\/comments?post=9989"}],"version-history":[{"count":3,"href":"https:\/\/sybir.bialystok.pl\/en\/wp-json\/wp\/v2\/pages\/9989\/revisions"}],"predecessor-version":[{"id":9993,"href":"https:\/\/sybir.bialystok.pl\/en\/wp-json\/wp\/v2\/pages\/9989\/revisions\/9993"}],"wp:featuredmedia":[{"embeddable":true,"href":"https:\/\/sybir.bialystok.pl\/en\/wp-json\/wp\/v2\/media\/9286"}],"wp:attachment":[{"href":"https:\/\/sybir.bialystok.pl\/en\/wp-json\/wp\/v2\/media?parent=9989"}],"curies":[{"name":"wp","href":"https:\/\/api.w.org\/{rel}","templated":true}]}}