{"id":9655,"date":"2024-02-23T08:40:00","date_gmt":"2024-02-23T07:40:00","guid":{"rendered":"https:\/\/sybir.bialystok.pl\/restauracja-mozaika\/"},"modified":"2025-01-16T13:16:13","modified_gmt":"2025-01-16T12:16:13","slug":"mozaika-restaurant","status":"publish","type":"page","link":"https:\/\/sybir.bialystok.pl\/en\/mozaika-restaurant\/","title":{"rendered":"Mozaika Restaurant"},"content":{"rendered":"\n<p><\/p>\n\n\n\n<figure class=\"wp-block-gallery has-nested-images columns-default is-cropped wp-block-gallery-1 is-layout-flex wp-block-gallery-is-layout-flex\">\n<figure class=\"wp-block-image size-large\"><img loading=\"lazy\" decoding=\"async\" width=\"1024\" height=\"683\" data-id=\"25336\" src=\"https:\/\/sybir.bialystok.pl\/wp-content\/uploads\/2024\/02\/DSC00252-2048px-72dpi-podostrzane-Sredni-1-1024x683.jpg\" alt=\"\" class=\"wp-image-25336\" srcset=\"https:\/\/sybir.bialystok.pl\/wp-content\/uploads\/2024\/02\/DSC00252-2048px-72dpi-podostrzane-Sredni-1-1024x683.jpg 1024w, https:\/\/sybir.bialystok.pl\/wp-content\/uploads\/2024\/02\/DSC00252-2048px-72dpi-podostrzane-Sredni-1-300x200.jpg 300w, https:\/\/sybir.bialystok.pl\/wp-content\/uploads\/2024\/02\/DSC00252-2048px-72dpi-podostrzane-Sredni-1-768x512.jpg 768w, https:\/\/sybir.bialystok.pl\/wp-content\/uploads\/2024\/02\/DSC00252-2048px-72dpi-podostrzane-Sredni-1.jpg 1152w\" sizes=\"auto, (max-width: 1024px) 100vw, 1024px\" \/><\/figure>\n<\/figure>\n\n\n\n<h2 class=\"wp-block-heading\">GET SOME REST AFTER SIGHTSEEING<\/h2>\n\n\n\n<p>After visiting the Sybir Memorial Museum, we invite you to rest for a moment in the Mozaika restaurant, located on the ground floor of the building. <\/p>\n\n\n\n<p>The entrance to the restaurant can be found next to the auditorium. You can also enter the premises through the terrace from the parking lot at W\u0119glowa Street. The restaurant&#8217;s windows offer a view of the pond, terrace beds covered with grass and lavender, and sprawling oak trees shading the entrance to the museum parking lot. <\/p>\n\n\n\n<p>During the season, you are welcome to the terrace, from which you can admire the traditional buildings of W\u0119gl\u00f3wka district.<\/p>\n\n\n\n<figure class=\"wp-block-image size-large\"><img loading=\"lazy\" decoding=\"async\" width=\"1024\" height=\"683\" src=\"https:\/\/sybir.bialystok.pl\/wp-content\/uploads\/2024\/02\/DSC00253-2048px-72dpi-podostrzane-1024x683.jpg\" alt=\"\" class=\"wp-image-25339\" srcset=\"https:\/\/sybir.bialystok.pl\/wp-content\/uploads\/2024\/02\/DSC00253-2048px-72dpi-podostrzane-1024x683.jpg 1024w, https:\/\/sybir.bialystok.pl\/wp-content\/uploads\/2024\/02\/DSC00253-2048px-72dpi-podostrzane-300x200.jpg 300w, https:\/\/sybir.bialystok.pl\/wp-content\/uploads\/2024\/02\/DSC00253-2048px-72dpi-podostrzane-768x512.jpg 768w, https:\/\/sybir.bialystok.pl\/wp-content\/uploads\/2024\/02\/DSC00253-2048px-72dpi-podostrzane-1536x1024.jpg 1536w, https:\/\/sybir.bialystok.pl\/wp-content\/uploads\/2024\/02\/DSC00253-2048px-72dpi-podostrzane.jpg 2048w\" sizes=\"auto, (max-width: 1024px) 100vw, 1024px\" \/><\/figure>\n\n\n\n<p>Mosaic is hosted by an external company. The restaurant specializes in duck dishes, but the menu also includes vegetarian and vegan dishes. <\/p>\n\n\n\n<p>Coffee and fresh cake or another type of dessert await you every day.<\/p>\n\n\n\n<h2 class=\"wp-block-heading\"><strong>IMPORTANT<\/strong><\/h2>\n\n\n\n<p>The Mozaika restaurant is <strong>also open on Mondays and after opening hours of the Sybir Memorial Museum<\/strong>.<\/p>\n\n\n\n<p><strong>Opening hours<\/strong>: <\/p>\n\n\n\n<p>Monday \u2013 Thursday: 11.00 a.m. &#8211; 9.00 p.m.<\/p>\n\n\n\n<p>Friday \u2013 Saturday: 11.00 a.m. &#8211; 10.00 p.m.<\/p>\n\n\n\n<p>Sunday: 12.00 &#8211; 9.00 p.m.<\/p>\n\n\n\n<p><strong>Facebook<\/strong>: <a href=\"https:\/\/www.facebook.com\/RestauracjaMozaikaBialystok\/\">RestauracjaMozaikaBialystok<\/a><\/p>\n\n\n\n<p><strong>Address<\/strong>: 1 W\u0119glowa Street | 15-121 Bialystok | Building of the Sybir Memorial Museum<\/p>\n\n\n\n<p>Photo by Maciej Nowosadko<\/p>\n\n\n\n<figure class=\"wp-block-gallery has-nested-images columns-default is-cropped wp-block-gallery-2 is-layout-flex wp-block-gallery-is-layout-flex\">\n<figure class=\"wp-block-image size-large\"><a href=\"https:\/\/sybir.bialystok.pl\/wp-content\/uploads\/2021\/09\/CN_9913-Sredni-1024x683.jpg\"><img loading=\"lazy\" decoding=\"async\" width=\"1024\" height=\"683\" data-id=\"9191\" src=\"https:\/\/sybir.bialystok.pl\/wp-content\/uploads\/2021\/09\/CN_9913-Sredni-1024x683.jpg\" alt=\"\" class=\"wp-image-9191\" srcset=\"https:\/\/sybir.bialystok.pl\/wp-content\/uploads\/2021\/09\/CN_9913-Sredni-1024x683.jpg 1024w, https:\/\/sybir.bialystok.pl\/wp-content\/uploads\/2021\/09\/CN_9913-Sredni-300x200.jpg 300w, https:\/\/sybir.bialystok.pl\/wp-content\/uploads\/2021\/09\/CN_9913-Sredni-768x512.jpg 768w, https:\/\/sybir.bialystok.pl\/wp-content\/uploads\/2021\/09\/CN_9913-Sredni.jpg 1152w\" sizes=\"auto, (max-width: 1024px) 100vw, 1024px\" \/><\/a><\/figure>\n<\/figure>\n\n\n<div class=\"wp-block-image\">\n<figure class=\"aligncenter size-large\"><img loading=\"lazy\" decoding=\"async\" width=\"1024\" height=\"403\" src=\"https:\/\/sybir.bialystok.pl\/wp-content\/uploads\/2021\/09\/logo_mozaika-1024x403.jpg\" alt=\"\" class=\"wp-image-9160\" srcset=\"https:\/\/sybir.bialystok.pl\/wp-content\/uploads\/2021\/09\/logo_mozaika-1024x403.jpg 1024w, https:\/\/sybir.bialystok.pl\/wp-content\/uploads\/2021\/09\/logo_mozaika-300x118.jpg 300w, https:\/\/sybir.bialystok.pl\/wp-content\/uploads\/2021\/09\/logo_mozaika-768x302.jpg 768w, https:\/\/sybir.bialystok.pl\/wp-content\/uploads\/2021\/09\/logo_mozaika-1536x604.jpg 1536w, https:\/\/sybir.bialystok.pl\/wp-content\/uploads\/2021\/09\/logo_mozaika-2048x805.jpg 2048w\" sizes=\"auto, (max-width: 1024px) 100vw, 1024px\" \/><\/figure>\n<\/div>","protected":false},"excerpt":{"rendered":"<p>After visiting the Sybir Memorial Museum we invite you to the Mozaika Restaurant.<\/p>\n","protected":false},"author":10,"featured_media":9196,"parent":0,"menu_order":0,"comment_status":"closed","ping_status":"closed","template":"","meta":{"_acf_changed":false,"_editorskit_title_hidden":false,"_editorskit_reading_time":0,"_editorskit_is_block_options_detached":false,"_editorskit_block_options_position":"{}","footnotes":""},"class_list":["post-9655","page","type-page","status-publish","has-post-thumbnail","hentry"],"acf":[],"yoast_head":"<!-- This site is optimized with the Yoast SEO plugin v24.6 - https:\/\/yoast.com\/wordpress\/plugins\/seo\/ -->\n<title>Mozaika Restaurant - Muzeum Pami\u0119ci Sybiru<\/title>\n<meta name=\"description\" content=\"Mozaika&#039;s specialty is duck dishes, but you will also find vegetarian dishes, good coffee and dessert. Also on Monday!\" \/>\n<meta name=\"robots\" content=\"index, follow, max-snippet:-1, max-image-preview:large, max-video-preview:-1\" \/>\n<link rel=\"canonical\" href=\"https:\/\/sybir.bialystok.pl\/en\/mozaika-restaurant\/\" \/>\n<meta property=\"og:locale\" content=\"en_US\" \/>\n<meta property=\"og:type\" content=\"article\" \/>\n<meta property=\"og:title\" content=\"Mozaika Restaurant - Muzeum Pami\u0119ci Sybiru\" \/>\n<meta property=\"og:description\" content=\"Mozaika&#039;s specialty is duck dishes, but you will also find vegetarian dishes, good coffee and dessert. Also on Monday!\" \/>\n<meta property=\"og:url\" content=\"https:\/\/sybir.bialystok.pl\/en\/mozaika-restaurant\/\" \/>\n<meta property=\"og:site_name\" content=\"Muzeum Pami\u0119ci Sybiru\" \/>\n<meta property=\"article:modified_time\" content=\"2025-01-16T12:16:13+00:00\" \/>\n<meta property=\"og:image\" content=\"https:\/\/sybir.bialystok.pl\/wp-content\/uploads\/2021\/09\/DSC00252-2048px-72dpi-podostrzane-Sredni-1.jpg\" \/>\n\t<meta property=\"og:image:width\" content=\"1152\" \/>\n\t<meta property=\"og:image:height\" content=\"768\" \/>\n\t<meta property=\"og:image:type\" content=\"image\/jpeg\" \/>\n<meta name=\"twitter:card\" content=\"summary_large_image\" \/>\n<meta name=\"twitter:label1\" content=\"Est. reading time\" \/>\n\t<meta name=\"twitter:data1\" content=\"3 minutes\" \/>\n<script type=\"application\/ld+json\" class=\"yoast-schema-graph\">{\"@context\":\"https:\/\/schema.org\",\"@graph\":[{\"@type\":\"WebPage\",\"@id\":\"https:\/\/sybir.bialystok.pl\/en\/mozaika-restaurant\/\",\"url\":\"https:\/\/sybir.bialystok.pl\/en\/mozaika-restaurant\/\",\"name\":\"Mozaika Restaurant - Muzeum Pami\u0119ci Sybiru\",\"isPartOf\":{\"@id\":\"https:\/\/sybir.bialystok.pl\/en\/#website\"},\"primaryImageOfPage\":{\"@id\":\"https:\/\/sybir.bialystok.pl\/en\/mozaika-restaurant\/#primaryimage\"},\"image\":{\"@id\":\"https:\/\/sybir.bialystok.pl\/en\/mozaika-restaurant\/#primaryimage\"},\"thumbnailUrl\":\"https:\/\/sybir.bialystok.pl\/wp-content\/uploads\/2021\/09\/DSC00252-2048px-72dpi-podostrzane-Sredni-1.jpg\",\"datePublished\":\"2024-02-23T07:40:00+00:00\",\"dateModified\":\"2025-01-16T12:16:13+00:00\",\"description\":\"Mozaika's specialty is duck dishes, but you will also find vegetarian dishes, good coffee and dessert. Also on Monday!\",\"breadcrumb\":{\"@id\":\"https:\/\/sybir.bialystok.pl\/en\/mozaika-restaurant\/#breadcrumb\"},\"inLanguage\":\"en-US\",\"potentialAction\":[{\"@type\":\"ReadAction\",\"target\":[\"https:\/\/sybir.bialystok.pl\/en\/mozaika-restaurant\/\"]}]},{\"@type\":\"ImageObject\",\"inLanguage\":\"en-US\",\"@id\":\"https:\/\/sybir.bialystok.pl\/en\/mozaika-restaurant\/#primaryimage\",\"url\":\"https:\/\/sybir.bialystok.pl\/wp-content\/uploads\/2021\/09\/DSC00252-2048px-72dpi-podostrzane-Sredni-1.jpg\",\"contentUrl\":\"https:\/\/sybir.bialystok.pl\/wp-content\/uploads\/2021\/09\/DSC00252-2048px-72dpi-podostrzane-Sredni-1.jpg\",\"width\":1152,\"height\":768},{\"@type\":\"BreadcrumbList\",\"@id\":\"https:\/\/sybir.bialystok.pl\/en\/mozaika-restaurant\/#breadcrumb\",\"itemListElement\":[{\"@type\":\"ListItem\",\"position\":1,\"name\":\"Home page\",\"item\":\"https:\/\/sybir.bialystok.pl\/en\/\"},{\"@type\":\"ListItem\",\"position\":2,\"name\":\"Mozaika Restaurant\"}]},{\"@type\":\"WebSite\",\"@id\":\"https:\/\/sybir.bialystok.pl\/en\/#website\",\"url\":\"https:\/\/sybir.bialystok.pl\/en\/\",\"name\":\"Muzeum Pami\u0119ci Sybiru\",\"description\":\"Muzeum Pami\u0119ci Sybiru jest po\u015bwi\u0119cone ludziom, kt\u00f3rzy od ko\u0144ca XVI a\u017c do po\u0142owy XX wieku byli niewoleni i zsy\u0142ani w g\u0142\u0105b Rosji, a p\u00f3\u017aniej Zwi\u0105zku Sowieckiego, jak te\u017c tym, kt\u00f3rzy pod\u0105\u017cali tam dobrowolnie.\",\"potentialAction\":[{\"@type\":\"SearchAction\",\"target\":{\"@type\":\"EntryPoint\",\"urlTemplate\":\"https:\/\/sybir.bialystok.pl\/en\/?s={search_term_string}\"},\"query-input\":{\"@type\":\"PropertyValueSpecification\",\"valueRequired\":true,\"valueName\":\"search_term_string\"}}],\"inLanguage\":\"en-US\"}]}<\/script>\n<!-- \/ Yoast SEO plugin. -->","yoast_head_json":{"title":"Mozaika Restaurant - Muzeum Pami\u0119ci Sybiru","description":"Mozaika's specialty is duck dishes, but you will also find vegetarian dishes, good coffee and dessert. Also on Monday!","robots":{"index":"index","follow":"follow","max-snippet":"max-snippet:-1","max-image-preview":"max-image-preview:large","max-video-preview":"max-video-preview:-1"},"canonical":"https:\/\/sybir.bialystok.pl\/en\/mozaika-restaurant\/","og_locale":"en_US","og_type":"article","og_title":"Mozaika Restaurant - Muzeum Pami\u0119ci Sybiru","og_description":"Mozaika's specialty is duck dishes, but you will also find vegetarian dishes, good coffee and dessert. Also on Monday!","og_url":"https:\/\/sybir.bialystok.pl\/en\/mozaika-restaurant\/","og_site_name":"Muzeum Pami\u0119ci Sybiru","article_modified_time":"2025-01-16T12:16:13+00:00","og_image":[{"width":1152,"height":768,"url":"https:\/\/sybir.bialystok.pl\/wp-content\/uploads\/2021\/09\/DSC00252-2048px-72dpi-podostrzane-Sredni-1.jpg","type":"image\/jpeg"}],"twitter_card":"summary_large_image","twitter_misc":{"Est. reading time":"3 minutes"},"schema":{"@context":"https:\/\/schema.org","@graph":[{"@type":"WebPage","@id":"https:\/\/sybir.bialystok.pl\/en\/mozaika-restaurant\/","url":"https:\/\/sybir.bialystok.pl\/en\/mozaika-restaurant\/","name":"Mozaika Restaurant - Muzeum Pami\u0119ci Sybiru","isPartOf":{"@id":"https:\/\/sybir.bialystok.pl\/en\/#website"},"primaryImageOfPage":{"@id":"https:\/\/sybir.bialystok.pl\/en\/mozaika-restaurant\/#primaryimage"},"image":{"@id":"https:\/\/sybir.bialystok.pl\/en\/mozaika-restaurant\/#primaryimage"},"thumbnailUrl":"https:\/\/sybir.bialystok.pl\/wp-content\/uploads\/2021\/09\/DSC00252-2048px-72dpi-podostrzane-Sredni-1.jpg","datePublished":"2024-02-23T07:40:00+00:00","dateModified":"2025-01-16T12:16:13+00:00","description":"Mozaika's specialty is duck dishes, but you will also find vegetarian dishes, good coffee and dessert. Also on Monday!","breadcrumb":{"@id":"https:\/\/sybir.bialystok.pl\/en\/mozaika-restaurant\/#breadcrumb"},"inLanguage":"en-US","potentialAction":[{"@type":"ReadAction","target":["https:\/\/sybir.bialystok.pl\/en\/mozaika-restaurant\/"]}]},{"@type":"ImageObject","inLanguage":"en-US","@id":"https:\/\/sybir.bialystok.pl\/en\/mozaika-restaurant\/#primaryimage","url":"https:\/\/sybir.bialystok.pl\/wp-content\/uploads\/2021\/09\/DSC00252-2048px-72dpi-podostrzane-Sredni-1.jpg","contentUrl":"https:\/\/sybir.bialystok.pl\/wp-content\/uploads\/2021\/09\/DSC00252-2048px-72dpi-podostrzane-Sredni-1.jpg","width":1152,"height":768},{"@type":"BreadcrumbList","@id":"https:\/\/sybir.bialystok.pl\/en\/mozaika-restaurant\/#breadcrumb","itemListElement":[{"@type":"ListItem","position":1,"name":"Home page","item":"https:\/\/sybir.bialystok.pl\/en\/"},{"@type":"ListItem","position":2,"name":"Mozaika Restaurant"}]},{"@type":"WebSite","@id":"https:\/\/sybir.bialystok.pl\/en\/#website","url":"https:\/\/sybir.bialystok.pl\/en\/","name":"Muzeum Pami\u0119ci Sybiru","description":"Muzeum Pami\u0119ci Sybiru jest po\u015bwi\u0119cone ludziom, kt\u00f3rzy od ko\u0144ca XVI a\u017c do po\u0142owy XX wieku byli niewoleni i zsy\u0142ani w g\u0142\u0105b Rosji, a p\u00f3\u017aniej Zwi\u0105zku Sowieckiego, jak te\u017c tym, kt\u00f3rzy pod\u0105\u017cali tam dobrowolnie.","potentialAction":[{"@type":"SearchAction","target":{"@type":"EntryPoint","urlTemplate":"https:\/\/sybir.bialystok.pl\/en\/?s={search_term_string}"},"query-input":{"@type":"PropertyValueSpecification","valueRequired":true,"valueName":"search_term_string"}}],"inLanguage":"en-US"}]}},"_links":{"self":[{"href":"https:\/\/sybir.bialystok.pl\/en\/wp-json\/wp\/v2\/pages\/9655","targetHints":{"allow":["GET"]}}],"collection":[{"href":"https:\/\/sybir.bialystok.pl\/en\/wp-json\/wp\/v2\/pages"}],"about":[{"href":"https:\/\/sybir.bialystok.pl\/en\/wp-json\/wp\/v2\/types\/page"}],"author":[{"embeddable":true,"href":"https:\/\/sybir.bialystok.pl\/en\/wp-json\/wp\/v2\/users\/10"}],"replies":[{"embeddable":true,"href":"https:\/\/sybir.bialystok.pl\/en\/wp-json\/wp\/v2\/comments?post=9655"}],"version-history":[{"count":8,"href":"https:\/\/sybir.bialystok.pl\/en\/wp-json\/wp\/v2\/pages\/9655\/revisions"}],"predecessor-version":[{"id":34276,"href":"https:\/\/sybir.bialystok.pl\/en\/wp-json\/wp\/v2\/pages\/9655\/revisions\/34276"}],"wp:featuredmedia":[{"embeddable":true,"href":"https:\/\/sybir.bialystok.pl\/en\/wp-json\/wp\/v2\/media\/9196"}],"wp:attachment":[{"href":"https:\/\/sybir.bialystok.pl\/en\/wp-json\/wp\/v2\/media?parent=9655"}],"curies":[{"name":"wp","href":"https:\/\/api.w.org\/{rel}","templated":true}]}}