{"id":6303,"date":"2021-05-06T11:47:41","date_gmt":"2021-05-06T09:47:41","guid":{"rendered":"https:\/\/sybir.bialystok.pl\/prof-dr-hab-wojciech-sleszynski\/"},"modified":"2026-02-23T14:21:37","modified_gmt":"2026-02-23T13:21:37","slug":"wojciech-sleszynski","status":"publish","type":"page","link":"https:\/\/sybir.bialystok.pl\/en\/wojciech-sleszynski\/","title":{"rendered":"Wojciech \u015aleszy\u0144ski PhD, DSc, ProfTit"},"content":{"rendered":"\n<!--more-->\n\n\n\n<figure class=\"wp-block-gallery has-nested-images columns-default is-cropped wp-block-gallery-1 is-layout-flex wp-block-gallery-is-layout-flex\">\n<figure class=\"wp-block-image size-large\"><a href=\"https:\/\/sybir.bialystok.pl\/wp-content\/uploads\/2021\/05\/Dyrektor-Muzeum-Pamieci-Sybiru-1024x554.jpg\"><img loading=\"lazy\" decoding=\"async\" width=\"1024\" height=\"554\" data-id=\"4686\" src=\"https:\/\/sybir.bialystok.pl\/wp-content\/uploads\/2021\/05\/Dyrektor-Muzeum-Pamieci-Sybiru-1024x554.jpg\" alt=\"\" class=\"wp-image-4686\" srcset=\"https:\/\/sybir.bialystok.pl\/wp-content\/uploads\/2021\/05\/Dyrektor-Muzeum-Pamieci-Sybiru-1024x554.jpg 1024w, https:\/\/sybir.bialystok.pl\/wp-content\/uploads\/2021\/05\/Dyrektor-Muzeum-Pamieci-Sybiru-300x162.jpg 300w, https:\/\/sybir.bialystok.pl\/wp-content\/uploads\/2021\/05\/Dyrektor-Muzeum-Pamieci-Sybiru-768x415.jpg 768w, https:\/\/sybir.bialystok.pl\/wp-content\/uploads\/2021\/05\/Dyrektor-Muzeum-Pamieci-Sybiru-1536x830.jpg 1536w, https:\/\/sybir.bialystok.pl\/wp-content\/uploads\/2021\/05\/Dyrektor-Muzeum-Pamieci-Sybiru-2048x1107.jpg 2048w\" sizes=\"auto, (max-width: 1024px) 100vw, 1024px\" \/><\/a><\/figure>\n<\/figure>\n\n\n\n<p><strong>Director of the Sybir Memorial Museum<\/strong><\/p>\n\n\n\n<p><strong>Wojciech \u015aleszy\u0144ski PhD, DSc, ProfTit<\/strong><\/p>\n\n\n\n<p class=\"has-small-font-size\"><strong>Education:<\/strong><\/p>\n\n\n\n<ul class=\"wp-block-list has-small-font-size has-small-font-size\">\n<li>1996 \u2014 MA, University of Warsaw, Branch in Bialystok, Institute of History, history,<\/li>\n\n\n\n<li>2001 \u2014 PhD, University of Bialystok, Institute of History, history,<\/li>\n\n\n\n<li>2008 \u2013 Assistant Professor, Polish Academy of Sciences, Institute of Political Studies, political science,<\/li>\n\n\n\n<li>2019 \u2014 title of professor of humanities conferred by the President of the Republic of Poland.<\/li>\n<\/ul>\n\n\n\n<div style=\"height:25px\" aria-hidden=\"true\" class=\"wp-block-spacer\"><\/div>\n\n\n\n<p class=\"has-small-font-size\"><strong>Held Positions:<\/strong><\/p>\n\n\n\n<ul class=\"wp-block-list has-small-font-size has-small-font-size\">\n<li>2006-2008 \u2014 deputy director of the Institute of History at the University of Bialystok,,<\/li>\n\n\n\n<li>2008-2012 \u2014 director of the Institute of History (since 2010, the Institute of History and Political Science) at the University of Bialystok,<\/li>\n\n\n\n<li>2012-2016 \u2014 dean of the Faculty of History and Sociology at the University of Bialystok,<\/li>\n\n\n\n<li>2016-2020 \u2014 vice-rector for education at the University of Bialystok,<\/li>\n\n\n\n<li>2008-2020 \u2014 head of the Department of Political Relations at the University of Bialystok,<\/li>\n\n\n\n<li>from\u00a001\/10\/2020\u00a0\u2013 head of the\u00a0 Department of Eastern Studies and International Political Relations.<\/li>\n<\/ul>\n\n\n\n<div style=\"height:25px\" aria-hidden=\"true\" class=\"wp-block-spacer\"><\/div>\n\n\n\n<p class=\"has-small-font-size\"><strong>Academic Achievements:<\/strong><\/p>\n\n\n\n<ul class=\"wp-block-list has-small-font-size has-small-font-size\">\n<li>Author of over 200 scientific publications (including 10 monographs, 2 academic textbooks and 10 editions of sources).<\/li>\n<\/ul>\n","protected":false},"excerpt":{"rendered":"<p>Biography of the Director of the Sybir Memorial Museum<\/p>\n","protected":false},"author":2,"featured_media":0,"parent":0,"menu_order":0,"comment_status":"closed","ping_status":"closed","template":"","meta":{"_acf_changed":false,"_editorskit_title_hidden":false,"_editorskit_reading_time":0,"_editorskit_is_block_options_detached":false,"_editorskit_block_options_position":"{}","footnotes":""},"class_list":["post-6303","page","type-page","status-publish","hentry"],"acf":[],"yoast_head":"<!-- This site is optimized with the Yoast SEO plugin v24.6 - https:\/\/yoast.com\/wordpress\/plugins\/seo\/ -->\n<title>Wojciech \u015aleszy\u0144ski PhD, DSc, ProfTit - Muzeum Pami\u0119ci Sybiru<\/title>\n<meta name=\"description\" content=\"Biography of the Director of the Sybir Memorial Museum.\" \/>\n<meta name=\"robots\" content=\"index, follow, max-snippet:-1, max-image-preview:large, max-video-preview:-1\" \/>\n<link rel=\"canonical\" href=\"https:\/\/sybir.bialystok.pl\/en\/wojciech-sleszynski\/\" \/>\n<meta property=\"og:locale\" content=\"en_US\" \/>\n<meta property=\"og:type\" content=\"article\" \/>\n<meta property=\"og:title\" content=\"Wojciech \u015aleszy\u0144ski PhD, DSc, ProfTit - Muzeum Pami\u0119ci Sybiru\" \/>\n<meta property=\"og:description\" content=\"Biography of the Director of the Sybir Memorial Museum.\" \/>\n<meta property=\"og:url\" content=\"https:\/\/sybir.bialystok.pl\/en\/wojciech-sleszynski\/\" \/>\n<meta property=\"og:site_name\" content=\"Muzeum Pami\u0119ci Sybiru\" \/>\n<meta property=\"article:modified_time\" content=\"2026-02-23T13:21:37+00:00\" \/>\n<meta property=\"og:image\" content=\"https:\/\/sybir.bialystok.pl\/wp-content\/uploads\/2021\/05\/Dyrektor-Muzeum-Pamieci-Sybiru-scaled.jpg\" \/>\n\t<meta property=\"og:image:width\" content=\"2560\" \/>\n\t<meta property=\"og:image:height\" content=\"1384\" \/>\n\t<meta property=\"og:image:type\" content=\"image\/jpeg\" \/>\n<meta name=\"twitter:card\" content=\"summary_large_image\" \/>\n<meta name=\"twitter:label1\" content=\"Est. reading time\" \/>\n\t<meta name=\"twitter:data1\" content=\"1 minute\" \/>\n<script type=\"application\/ld+json\" class=\"yoast-schema-graph\">{\"@context\":\"https:\/\/schema.org\",\"@graph\":[{\"@type\":\"WebPage\",\"@id\":\"https:\/\/sybir.bialystok.pl\/en\/wojciech-sleszynski\/\",\"url\":\"https:\/\/sybir.bialystok.pl\/en\/wojciech-sleszynski\/\",\"name\":\"Wojciech \u015aleszy\u0144ski PhD, DSc, ProfTit - Muzeum Pami\u0119ci Sybiru\",\"isPartOf\":{\"@id\":\"https:\/\/sybir.bialystok.pl\/en\/#website\"},\"primaryImageOfPage\":{\"@id\":\"https:\/\/sybir.bialystok.pl\/en\/wojciech-sleszynski\/#primaryimage\"},\"image\":{\"@id\":\"https:\/\/sybir.bialystok.pl\/en\/wojciech-sleszynski\/#primaryimage\"},\"thumbnailUrl\":\"https:\/\/sybir.bialystok.pl\/wp-content\/uploads\/2021\/05\/Dyrektor-Muzeum-Pamieci-Sybiru-1024x554.jpg\",\"datePublished\":\"2021-05-06T09:47:41+00:00\",\"dateModified\":\"2026-02-23T13:21:37+00:00\",\"description\":\"Biography of the Director of the Sybir Memorial Museum.\",\"breadcrumb\":{\"@id\":\"https:\/\/sybir.bialystok.pl\/en\/wojciech-sleszynski\/#breadcrumb\"},\"inLanguage\":\"en-US\",\"potentialAction\":[{\"@type\":\"ReadAction\",\"target\":[\"https:\/\/sybir.bialystok.pl\/en\/wojciech-sleszynski\/\"]}]},{\"@type\":\"ImageObject\",\"inLanguage\":\"en-US\",\"@id\":\"https:\/\/sybir.bialystok.pl\/en\/wojciech-sleszynski\/#primaryimage\",\"url\":\"https:\/\/sybir.bialystok.pl\/wp-content\/uploads\/2021\/05\/Dyrektor-Muzeum-Pamieci-Sybiru-1024x554.jpg\",\"contentUrl\":\"https:\/\/sybir.bialystok.pl\/wp-content\/uploads\/2021\/05\/Dyrektor-Muzeum-Pamieci-Sybiru-1024x554.jpg\"},{\"@type\":\"BreadcrumbList\",\"@id\":\"https:\/\/sybir.bialystok.pl\/en\/wojciech-sleszynski\/#breadcrumb\",\"itemListElement\":[{\"@type\":\"ListItem\",\"position\":1,\"name\":\"Home page\",\"item\":\"https:\/\/sybir.bialystok.pl\/en\/\"},{\"@type\":\"ListItem\",\"position\":2,\"name\":\"Wojciech \u015aleszy\u0144ski PhD, DSc, ProfTit\"}]},{\"@type\":\"WebSite\",\"@id\":\"https:\/\/sybir.bialystok.pl\/en\/#website\",\"url\":\"https:\/\/sybir.bialystok.pl\/en\/\",\"name\":\"Muzeum Pami\u0119ci Sybiru\",\"description\":\"Muzeum Pami\u0119ci Sybiru jest po\u015bwi\u0119cone ludziom, kt\u00f3rzy od ko\u0144ca XVI a\u017c do po\u0142owy XX wieku byli niewoleni i zsy\u0142ani w g\u0142\u0105b Rosji, a p\u00f3\u017aniej Zwi\u0105zku Sowieckiego, jak te\u017c tym, kt\u00f3rzy pod\u0105\u017cali tam dobrowolnie.\",\"potentialAction\":[{\"@type\":\"SearchAction\",\"target\":{\"@type\":\"EntryPoint\",\"urlTemplate\":\"https:\/\/sybir.bialystok.pl\/en\/?s={search_term_string}\"},\"query-input\":{\"@type\":\"PropertyValueSpecification\",\"valueRequired\":true,\"valueName\":\"search_term_string\"}}],\"inLanguage\":\"en-US\"}]}<\/script>\n<!-- \/ Yoast SEO plugin. -->","yoast_head_json":{"title":"Wojciech \u015aleszy\u0144ski PhD, DSc, ProfTit - Muzeum Pami\u0119ci Sybiru","description":"Biography of the Director of the Sybir Memorial Museum.","robots":{"index":"index","follow":"follow","max-snippet":"max-snippet:-1","max-image-preview":"max-image-preview:large","max-video-preview":"max-video-preview:-1"},"canonical":"https:\/\/sybir.bialystok.pl\/en\/wojciech-sleszynski\/","og_locale":"en_US","og_type":"article","og_title":"Wojciech \u015aleszy\u0144ski PhD, DSc, ProfTit - Muzeum Pami\u0119ci Sybiru","og_description":"Biography of the Director of the Sybir Memorial Museum.","og_url":"https:\/\/sybir.bialystok.pl\/en\/wojciech-sleszynski\/","og_site_name":"Muzeum Pami\u0119ci Sybiru","article_modified_time":"2026-02-23T13:21:37+00:00","og_image":[{"width":2560,"height":1384,"url":"https:\/\/sybir.bialystok.pl\/wp-content\/uploads\/2021\/05\/Dyrektor-Muzeum-Pamieci-Sybiru-scaled.jpg","type":"image\/jpeg"}],"twitter_card":"summary_large_image","twitter_misc":{"Est. reading time":"1 minute"},"schema":{"@context":"https:\/\/schema.org","@graph":[{"@type":"WebPage","@id":"https:\/\/sybir.bialystok.pl\/en\/wojciech-sleszynski\/","url":"https:\/\/sybir.bialystok.pl\/en\/wojciech-sleszynski\/","name":"Wojciech \u015aleszy\u0144ski PhD, DSc, ProfTit - Muzeum Pami\u0119ci Sybiru","isPartOf":{"@id":"https:\/\/sybir.bialystok.pl\/en\/#website"},"primaryImageOfPage":{"@id":"https:\/\/sybir.bialystok.pl\/en\/wojciech-sleszynski\/#primaryimage"},"image":{"@id":"https:\/\/sybir.bialystok.pl\/en\/wojciech-sleszynski\/#primaryimage"},"thumbnailUrl":"https:\/\/sybir.bialystok.pl\/wp-content\/uploads\/2021\/05\/Dyrektor-Muzeum-Pamieci-Sybiru-1024x554.jpg","datePublished":"2021-05-06T09:47:41+00:00","dateModified":"2026-02-23T13:21:37+00:00","description":"Biography of the Director of the Sybir Memorial Museum.","breadcrumb":{"@id":"https:\/\/sybir.bialystok.pl\/en\/wojciech-sleszynski\/#breadcrumb"},"inLanguage":"en-US","potentialAction":[{"@type":"ReadAction","target":["https:\/\/sybir.bialystok.pl\/en\/wojciech-sleszynski\/"]}]},{"@type":"ImageObject","inLanguage":"en-US","@id":"https:\/\/sybir.bialystok.pl\/en\/wojciech-sleszynski\/#primaryimage","url":"https:\/\/sybir.bialystok.pl\/wp-content\/uploads\/2021\/05\/Dyrektor-Muzeum-Pamieci-Sybiru-1024x554.jpg","contentUrl":"https:\/\/sybir.bialystok.pl\/wp-content\/uploads\/2021\/05\/Dyrektor-Muzeum-Pamieci-Sybiru-1024x554.jpg"},{"@type":"BreadcrumbList","@id":"https:\/\/sybir.bialystok.pl\/en\/wojciech-sleszynski\/#breadcrumb","itemListElement":[{"@type":"ListItem","position":1,"name":"Home page","item":"https:\/\/sybir.bialystok.pl\/en\/"},{"@type":"ListItem","position":2,"name":"Wojciech \u015aleszy\u0144ski PhD, DSc, ProfTit"}]},{"@type":"WebSite","@id":"https:\/\/sybir.bialystok.pl\/en\/#website","url":"https:\/\/sybir.bialystok.pl\/en\/","name":"Muzeum Pami\u0119ci Sybiru","description":"Muzeum Pami\u0119ci Sybiru jest po\u015bwi\u0119cone ludziom, kt\u00f3rzy od ko\u0144ca XVI a\u017c do po\u0142owy XX wieku byli niewoleni i zsy\u0142ani w g\u0142\u0105b Rosji, a p\u00f3\u017aniej Zwi\u0105zku Sowieckiego, jak te\u017c tym, kt\u00f3rzy pod\u0105\u017cali tam dobrowolnie.","potentialAction":[{"@type":"SearchAction","target":{"@type":"EntryPoint","urlTemplate":"https:\/\/sybir.bialystok.pl\/en\/?s={search_term_string}"},"query-input":{"@type":"PropertyValueSpecification","valueRequired":true,"valueName":"search_term_string"}}],"inLanguage":"en-US"}]}},"_links":{"self":[{"href":"https:\/\/sybir.bialystok.pl\/en\/wp-json\/wp\/v2\/pages\/6303","targetHints":{"allow":["GET"]}}],"collection":[{"href":"https:\/\/sybir.bialystok.pl\/en\/wp-json\/wp\/v2\/pages"}],"about":[{"href":"https:\/\/sybir.bialystok.pl\/en\/wp-json\/wp\/v2\/types\/page"}],"author":[{"embeddable":true,"href":"https:\/\/sybir.bialystok.pl\/en\/wp-json\/wp\/v2\/users\/2"}],"replies":[{"embeddable":true,"href":"https:\/\/sybir.bialystok.pl\/en\/wp-json\/wp\/v2\/comments?post=6303"}],"version-history":[{"count":3,"href":"https:\/\/sybir.bialystok.pl\/en\/wp-json\/wp\/v2\/pages\/6303\/revisions"}],"predecessor-version":[{"id":44231,"href":"https:\/\/sybir.bialystok.pl\/en\/wp-json\/wp\/v2\/pages\/6303\/revisions\/44231"}],"wp:attachment":[{"href":"https:\/\/sybir.bialystok.pl\/en\/wp-json\/wp\/v2\/media?parent=6303"}],"curies":[{"name":"wp","href":"https:\/\/api.w.org\/{rel}","templated":true}]}}