{"id":6294,"date":"2020-11-27T19:00:29","date_gmt":"2020-11-27T18:00:29","guid":{"rendered":"https:\/\/sybir.bialystok.pl\/zbiory\/"},"modified":"2021-12-28T16:09:30","modified_gmt":"2021-12-28T15:09:30","slug":"collections","status":"publish","type":"page","link":"https:\/\/sybir.bialystok.pl\/en\/collections\/","title":{"rendered":"Collections"},"content":{"rendered":"\n<p>An inconspicuous vest, a damaged pot, a dirty cloth with an embroidered picture\u2026 Maybe for someone it is worthless, old and anonymous objects &#8211; for us these are priceless relics hiding the stories of their owners: a child who survived the frost wrapped in much too large clothes; a family who had some food obtained with the risk of their life to cook; wives and daughters who found the strength to survive thanks to one such an unusual message from their husband and father.<\/p>\n\n\n\n<p>Thousands of our exhibits \u2014- documents, photographs, everyday objects \u2014 appeal to us. They tell stories in a very vivid way and stimulate the imagination. And they never lie.<\/p>\n\n\n\n<p class=\"has-black-color has-text-color\">Do you want to know them? We encourage you to use the online catalog: \u2013 <a href=\"http:\/\/zbiory.sybir.bialystok.pl\/zbiory\/\"><span class=\"has-inline-color has-pale-cyan-blue-color\"><span style=\"text-decoration: underline;\">http:\/\/zbiory.sybir.bialystok.pl\/zbiory\/<\/span><\/span><\/a>.<\/p>\n\n\n\n<p>Do you store memorabilia from the past, which slowly but irretrievably deteriorate and only a few people are interested in their origin? Give them to the Sybir Memorial Museum. We will take care of them, protect them against the passage of time and give them a new life by showing them to thousands of people and telling their stories.<\/p>\n\n\n\n<p>Do you have doubts or questions? Contact us. Detailed information can be obtained from:<\/p>\n\n\n\n<p>Katarzyna \u015aliwowska \u2013 The menager of the Collections Department<\/p>\n\n\n\n<ul class=\"wp-block-list\"><li>phone: 85 672 36 07<\/li><li>e-mail: k.sliwowska@sybir.bialystok.pl<\/li><\/ul>\n\n\n\n<p>Thank you!<\/p>\n","protected":false},"excerpt":{"rendered":"<p>Our collections are a bridge between past and present. Behind every, seemigly usual, object an amazing story might be hiding.<\/p>\n","protected":false},"author":1,"featured_media":0,"parent":0,"menu_order":0,"comment_status":"closed","ping_status":"closed","template":"page-templates\/exhibits.php","meta":{"_acf_changed":false,"_editorskit_title_hidden":false,"_editorskit_reading_time":0,"_editorskit_is_block_options_detached":false,"_editorskit_block_options_position":"{}","footnotes":""},"class_list":["post-6294","page","type-page","status-publish","hentry"],"acf":[],"yoast_head":"<!-- This site is optimized with the Yoast SEO plugin v24.6 - https:\/\/yoast.com\/wordpress\/plugins\/seo\/ -->\n<title>Collections - Muzeum Pami\u0119ci Sybiru<\/title>\n<meta name=\"description\" content=\"Our collections are a bridge between past and present. Behind every, seemigly usual, object an amazing story might be hiding.\" \/>\n<meta name=\"robots\" content=\"index, follow, max-snippet:-1, max-image-preview:large, max-video-preview:-1\" \/>\n<link rel=\"canonical\" href=\"https:\/\/sybir.bialystok.pl\/en\/collections\/\" \/>\n<meta property=\"og:locale\" content=\"en_US\" \/>\n<meta property=\"og:type\" content=\"article\" \/>\n<meta property=\"og:title\" content=\"Collections - Muzeum Pami\u0119ci Sybiru\" \/>\n<meta property=\"og:description\" content=\"Our collections are a bridge between past and present. Behind every, seemigly usual, object an amazing story might be hiding.\" \/>\n<meta property=\"og:url\" content=\"https:\/\/sybir.bialystok.pl\/en\/collections\/\" \/>\n<meta property=\"og:site_name\" content=\"Muzeum Pami\u0119ci Sybiru\" \/>\n<meta property=\"article:modified_time\" content=\"2021-12-28T15:09:30+00:00\" \/>\n<meta name=\"twitter:card\" content=\"summary_large_image\" \/>\n<meta name=\"twitter:label1\" content=\"Est. reading time\" \/>\n\t<meta name=\"twitter:data1\" content=\"1 minute\" \/>\n<script type=\"application\/ld+json\" class=\"yoast-schema-graph\">{\"@context\":\"https:\/\/schema.org\",\"@graph\":[{\"@type\":\"WebPage\",\"@id\":\"https:\/\/sybir.bialystok.pl\/en\/collections\/\",\"url\":\"https:\/\/sybir.bialystok.pl\/en\/collections\/\",\"name\":\"Collections - Muzeum Pami\u0119ci Sybiru\",\"isPartOf\":{\"@id\":\"https:\/\/sybir.bialystok.pl\/en\/#website\"},\"datePublished\":\"2020-11-27T18:00:29+00:00\",\"dateModified\":\"2021-12-28T15:09:30+00:00\",\"description\":\"Our collections are a bridge between past and present. Behind every, seemigly usual, object an amazing story might be hiding.\",\"breadcrumb\":{\"@id\":\"https:\/\/sybir.bialystok.pl\/en\/collections\/#breadcrumb\"},\"inLanguage\":\"en-US\",\"potentialAction\":[{\"@type\":\"ReadAction\",\"target\":[\"https:\/\/sybir.bialystok.pl\/en\/collections\/\"]}]},{\"@type\":\"BreadcrumbList\",\"@id\":\"https:\/\/sybir.bialystok.pl\/en\/collections\/#breadcrumb\",\"itemListElement\":[{\"@type\":\"ListItem\",\"position\":1,\"name\":\"Home page\",\"item\":\"https:\/\/sybir.bialystok.pl\/en\/\"},{\"@type\":\"ListItem\",\"position\":2,\"name\":\"Collections\"}]},{\"@type\":\"WebSite\",\"@id\":\"https:\/\/sybir.bialystok.pl\/en\/#website\",\"url\":\"https:\/\/sybir.bialystok.pl\/en\/\",\"name\":\"Muzeum Pami\u0119ci Sybiru\",\"description\":\"Muzeum Pami\u0119ci Sybiru jest po\u015bwi\u0119cone ludziom, kt\u00f3rzy od ko\u0144ca XVI a\u017c do po\u0142owy XX wieku byli niewoleni i zsy\u0142ani w g\u0142\u0105b Rosji, a p\u00f3\u017aniej Zwi\u0105zku Sowieckiego, jak te\u017c tym, kt\u00f3rzy pod\u0105\u017cali tam dobrowolnie.\",\"potentialAction\":[{\"@type\":\"SearchAction\",\"target\":{\"@type\":\"EntryPoint\",\"urlTemplate\":\"https:\/\/sybir.bialystok.pl\/en\/?s={search_term_string}\"},\"query-input\":{\"@type\":\"PropertyValueSpecification\",\"valueRequired\":true,\"valueName\":\"search_term_string\"}}],\"inLanguage\":\"en-US\"}]}<\/script>\n<!-- \/ Yoast SEO plugin. -->","yoast_head_json":{"title":"Collections - Muzeum Pami\u0119ci Sybiru","description":"Our collections are a bridge between past and present. Behind every, seemigly usual, object an amazing story might be hiding.","robots":{"index":"index","follow":"follow","max-snippet":"max-snippet:-1","max-image-preview":"max-image-preview:large","max-video-preview":"max-video-preview:-1"},"canonical":"https:\/\/sybir.bialystok.pl\/en\/collections\/","og_locale":"en_US","og_type":"article","og_title":"Collections - Muzeum Pami\u0119ci Sybiru","og_description":"Our collections are a bridge between past and present. Behind every, seemigly usual, object an amazing story might be hiding.","og_url":"https:\/\/sybir.bialystok.pl\/en\/collections\/","og_site_name":"Muzeum Pami\u0119ci Sybiru","article_modified_time":"2021-12-28T15:09:30+00:00","twitter_card":"summary_large_image","twitter_misc":{"Est. reading time":"1 minute"},"schema":{"@context":"https:\/\/schema.org","@graph":[{"@type":"WebPage","@id":"https:\/\/sybir.bialystok.pl\/en\/collections\/","url":"https:\/\/sybir.bialystok.pl\/en\/collections\/","name":"Collections - Muzeum Pami\u0119ci Sybiru","isPartOf":{"@id":"https:\/\/sybir.bialystok.pl\/en\/#website"},"datePublished":"2020-11-27T18:00:29+00:00","dateModified":"2021-12-28T15:09:30+00:00","description":"Our collections are a bridge between past and present. Behind every, seemigly usual, object an amazing story might be hiding.","breadcrumb":{"@id":"https:\/\/sybir.bialystok.pl\/en\/collections\/#breadcrumb"},"inLanguage":"en-US","potentialAction":[{"@type":"ReadAction","target":["https:\/\/sybir.bialystok.pl\/en\/collections\/"]}]},{"@type":"BreadcrumbList","@id":"https:\/\/sybir.bialystok.pl\/en\/collections\/#breadcrumb","itemListElement":[{"@type":"ListItem","position":1,"name":"Home page","item":"https:\/\/sybir.bialystok.pl\/en\/"},{"@type":"ListItem","position":2,"name":"Collections"}]},{"@type":"WebSite","@id":"https:\/\/sybir.bialystok.pl\/en\/#website","url":"https:\/\/sybir.bialystok.pl\/en\/","name":"Muzeum Pami\u0119ci Sybiru","description":"Muzeum Pami\u0119ci Sybiru jest po\u015bwi\u0119cone ludziom, kt\u00f3rzy od ko\u0144ca XVI a\u017c do po\u0142owy XX wieku byli niewoleni i zsy\u0142ani w g\u0142\u0105b Rosji, a p\u00f3\u017aniej Zwi\u0105zku Sowieckiego, jak te\u017c tym, kt\u00f3rzy pod\u0105\u017cali tam dobrowolnie.","potentialAction":[{"@type":"SearchAction","target":{"@type":"EntryPoint","urlTemplate":"https:\/\/sybir.bialystok.pl\/en\/?s={search_term_string}"},"query-input":{"@type":"PropertyValueSpecification","valueRequired":true,"valueName":"search_term_string"}}],"inLanguage":"en-US"}]}},"_links":{"self":[{"href":"https:\/\/sybir.bialystok.pl\/en\/wp-json\/wp\/v2\/pages\/6294","targetHints":{"allow":["GET"]}}],"collection":[{"href":"https:\/\/sybir.bialystok.pl\/en\/wp-json\/wp\/v2\/pages"}],"about":[{"href":"https:\/\/sybir.bialystok.pl\/en\/wp-json\/wp\/v2\/types\/page"}],"author":[{"embeddable":true,"href":"https:\/\/sybir.bialystok.pl\/en\/wp-json\/wp\/v2\/users\/1"}],"replies":[{"embeddable":true,"href":"https:\/\/sybir.bialystok.pl\/en\/wp-json\/wp\/v2\/comments?post=6294"}],"version-history":[{"count":4,"href":"https:\/\/sybir.bialystok.pl\/en\/wp-json\/wp\/v2\/pages\/6294\/revisions"}],"predecessor-version":[{"id":11211,"href":"https:\/\/sybir.bialystok.pl\/en\/wp-json\/wp\/v2\/pages\/6294\/revisions\/11211"}],"wp:attachment":[{"href":"https:\/\/sybir.bialystok.pl\/en\/wp-json\/wp\/v2\/media?parent=6294"}],"curies":[{"name":"wp","href":"https:\/\/api.w.org\/{rel}","templated":true}]}}