{"id":6252,"date":"2021-02-15T13:31:59","date_gmt":"2021-02-15T12:31:59","guid":{"rendered":"https:\/\/sybir.bialystok.pl\/partnerzy\/"},"modified":"2021-08-06T13:50:03","modified_gmt":"2021-08-06T11:50:03","slug":"partners","status":"publish","type":"page","link":"https:\/\/sybir.bialystok.pl\/en\/partners\/","title":{"rendered":"Partners"},"content":{"rendered":"\n<figure class=\"wp-block-gallery columns-1 is-cropped wp-block-gallery-1 is-layout-flex wp-block-gallery-is-layout-flex\"><ul class=\"blocks-gallery-grid\"><li class=\"blocks-gallery-item\"><figure><a href=\"https:\/\/sybir.bialystok.pl\/wp-content\/uploads\/2021\/04\/IMG_4167-scaled.jpg\"><img loading=\"lazy\" decoding=\"async\" width=\"1024\" height=\"686\" src=\"https:\/\/sybir.bialystok.pl\/wp-content\/uploads\/2021\/04\/IMG_4167-1024x686.jpg\" alt=\"\" data-id=\"3342\" data-full-url=\"https:\/\/sybir.bialystok.pl\/wp-content\/uploads\/2021\/04\/IMG_4167-scaled.jpg\" data-link=\"https:\/\/sybir.bialystok.pl\/partnerzy\/img_4167\/\" class=\"wp-image-3342\" srcset=\"https:\/\/sybir.bialystok.pl\/wp-content\/uploads\/2021\/04\/IMG_4167-1024x686.jpg 1024w, https:\/\/sybir.bialystok.pl\/wp-content\/uploads\/2021\/04\/IMG_4167-300x201.jpg 300w, https:\/\/sybir.bialystok.pl\/wp-content\/uploads\/2021\/04\/IMG_4167-768x514.jpg 768w, https:\/\/sybir.bialystok.pl\/wp-content\/uploads\/2021\/04\/IMG_4167-1536x1028.jpg 1536w, https:\/\/sybir.bialystok.pl\/wp-content\/uploads\/2021\/04\/IMG_4167-2048x1371.jpg 2048w\" sizes=\"auto, (max-width: 1024px) 100vw, 1024px\" \/><\/a><\/figure><\/li><\/ul><\/figure>\n\n\n\n<p>The support of our donors and partners contributed to the implementation of many activities as part of the creation of the Sybir Memorial Museum, including:<\/p>\n\n\n\n<ul class=\"wp-block-list\"><li>hundreds of exhibits, that were a part of the history of the presence of Poles in Siberia were acquired and secured;<\/li><li>work on the permanent exhibition of the Sybir Memorial Museum has been completed;<\/li><li>a diverse cultural offer was prepared, adjusted to the age and interests of visitors;<\/li><li>cooperation with many friendly institutions both in Poland and abroad was started, including: the State Archives, the National Digital Archives, the Memorial Museum of the 2nd Polish Corps at Monte Cassino, the Association of Polish Combatants in Argentina, the Slavic Library in Prague;<\/li><li>a series of cyclical events was undertaken: the Sybir Memorial Run, the &#8220;Light of Remembrance&#8221; campaign, the Memorial Peloton on September 17 or the &#8220;Direction of the Museum&#8221; series of meetings.<br><br><\/li><\/ul>\n\n\n\n<figure class=\"wp-block-gallery columns-3 is-cropped wp-block-gallery-2 is-layout-flex wp-block-gallery-is-layout-flex\"><ul class=\"blocks-gallery-grid\"><li class=\"blocks-gallery-item\"><figure><a href=\"https:\/\/sybir.bialystok.pl\/wp-content\/uploads\/2021\/04\/DSC_0071-1024x683.jpg\"><img loading=\"lazy\" decoding=\"async\" width=\"1024\" height=\"683\" src=\"https:\/\/sybir.bialystok.pl\/wp-content\/uploads\/2021\/04\/DSC_0071-1024x683.jpg\" alt=\"\" data-id=\"3345\" data-link=\"https:\/\/sybir.bialystok.pl\/partnerzy\/dsc_0071\/\" class=\"wp-image-3345\" srcset=\"https:\/\/sybir.bialystok.pl\/wp-content\/uploads\/2021\/04\/DSC_0071-1024x683.jpg 1024w, https:\/\/sybir.bialystok.pl\/wp-content\/uploads\/2021\/04\/DSC_0071-300x200.jpg 300w, https:\/\/sybir.bialystok.pl\/wp-content\/uploads\/2021\/04\/DSC_0071-768x512.jpg 768w, https:\/\/sybir.bialystok.pl\/wp-content\/uploads\/2021\/04\/DSC_0071-1536x1024.jpg 1536w, https:\/\/sybir.bialystok.pl\/wp-content\/uploads\/2021\/04\/DSC_0071-2048x1365.jpg 2048w\" sizes=\"auto, (max-width: 1024px) 100vw, 1024px\" \/><\/a><\/figure><\/li><li class=\"blocks-gallery-item\"><figure><a href=\"https:\/\/sybir.bialystok.pl\/wp-content\/uploads\/2021\/04\/DSC_0154-1024x683.jpg\"><img loading=\"lazy\" decoding=\"async\" width=\"1024\" height=\"683\" src=\"https:\/\/sybir.bialystok.pl\/wp-content\/uploads\/2021\/04\/DSC_0154-1024x683.jpg\" alt=\"\" data-id=\"3388\" data-link=\"https:\/\/sybir.bialystok.pl\/partnerzy\/dsc_0154\/\" class=\"wp-image-3388\" srcset=\"https:\/\/sybir.bialystok.pl\/wp-content\/uploads\/2021\/04\/DSC_0154-1024x683.jpg 1024w, https:\/\/sybir.bialystok.pl\/wp-content\/uploads\/2021\/04\/DSC_0154-300x200.jpg 300w, https:\/\/sybir.bialystok.pl\/wp-content\/uploads\/2021\/04\/DSC_0154-768x512.jpg 768w, https:\/\/sybir.bialystok.pl\/wp-content\/uploads\/2021\/04\/DSC_0154-1536x1024.jpg 1536w, https:\/\/sybir.bialystok.pl\/wp-content\/uploads\/2021\/04\/DSC_0154-2048x1365.jpg 2048w\" sizes=\"auto, (max-width: 1024px) 100vw, 1024px\" \/><\/a><\/figure><\/li><li class=\"blocks-gallery-item\"><figure><a href=\"https:\/\/sybir.bialystok.pl\/wp-content\/uploads\/2021\/04\/20181210_105053-scaled.jpg\"><img loading=\"lazy\" decoding=\"async\" width=\"1024\" height=\"768\" src=\"https:\/\/sybir.bialystok.pl\/wp-content\/uploads\/2021\/04\/20181210_105053-1024x768.jpg\" alt=\"\" data-id=\"3391\" data-full-url=\"https:\/\/sybir.bialystok.pl\/wp-content\/uploads\/2021\/04\/20181210_105053-scaled.jpg\" data-link=\"https:\/\/sybir.bialystok.pl\/partnerzy\/20181210_105053\/\" class=\"wp-image-3391\" srcset=\"https:\/\/sybir.bialystok.pl\/wp-content\/uploads\/2021\/04\/20181210_105053-1024x768.jpg 1024w, https:\/\/sybir.bialystok.pl\/wp-content\/uploads\/2021\/04\/20181210_105053-300x225.jpg 300w, https:\/\/sybir.bialystok.pl\/wp-content\/uploads\/2021\/04\/20181210_105053-768x576.jpg 768w, https:\/\/sybir.bialystok.pl\/wp-content\/uploads\/2021\/04\/20181210_105053-1536x1152.jpg 1536w, https:\/\/sybir.bialystok.pl\/wp-content\/uploads\/2021\/04\/20181210_105053-2048x1536.jpg 2048w\" sizes=\"auto, (max-width: 1024px) 100vw, 1024px\" \/><\/a><\/figure><\/li><\/ul><\/figure>\n\n\n\n<p class=\"has-text-align-left\"><br><strong>Partners of the permanent exhibition of the Sybir Memorial Museum<\/strong><\/p>\n\n\n\n<div class=\"wp-block-image\"><figure class=\"alignleft size-medium is-resized\"><a href=\"https:\/\/www.nac.gov.pl\/\"><img loading=\"lazy\" decoding=\"async\" src=\"https:\/\/sybir.bialystok.pl\/wp-content\/uploads\/2021\/03\/logo-NAC-PL-poziom_CMYK-300x158.jpg\" alt=\"\" class=\"wp-image-1914\" width=\"150\" height=\"79\" srcset=\"https:\/\/sybir.bialystok.pl\/wp-content\/uploads\/2021\/03\/logo-NAC-PL-poziom_CMYK-300x158.jpg 300w, https:\/\/sybir.bialystok.pl\/wp-content\/uploads\/2021\/03\/logo-NAC-PL-poziom_CMYK-1024x538.jpg 1024w, https:\/\/sybir.bialystok.pl\/wp-content\/uploads\/2021\/03\/logo-NAC-PL-poziom_CMYK-768x403.jpg 768w, https:\/\/sybir.bialystok.pl\/wp-content\/uploads\/2021\/03\/logo-NAC-PL-poziom_CMYK-1536x807.jpg 1536w, https:\/\/sybir.bialystok.pl\/wp-content\/uploads\/2021\/03\/logo-NAC-PL-poziom_CMYK.jpg 1805w\" sizes=\"auto, (max-width: 150px) 100vw, 150px\" \/><\/a><\/figure><\/div>\n\n\n\n<p class=\"has-text-align-center\" style=\"font-size:14px\">          The National Digital Archives<br><br><br><\/p>\n\n\n\n<hr class=\"wp-block-separator\"\/>\n\n\n\n<p><\/p>\n\n\n\n<div class=\"wp-block-image is-style-default\"><figure class=\"alignleft size-medium is-resized\"><a href=\"https:\/\/www.fondazionemm2c.org\/pl\/la-storia-del-museo\/\"><img loading=\"lazy\" decoding=\"async\" src=\"https:\/\/sybir.bialystok.pl\/wp-content\/uploads\/2021\/03\/logo-pl-300x141.png\" alt=\"\" class=\"wp-image-1969\" width=\"150\" height=\"71\" srcset=\"https:\/\/sybir.bialystok.pl\/wp-content\/uploads\/2021\/03\/logo-pl-300x141.png 300w, https:\/\/sybir.bialystok.pl\/wp-content\/uploads\/2021\/03\/logo-pl.png 384w\" sizes=\"auto, (max-width: 150px) 100vw, 150px\" \/><\/a><\/figure><\/div>\n\n\n\n<p class=\"has-text-align-center\" style=\"font-size:14px\">          Memorial Museum of the 2nd Polish Corps at Monte Cassino<\/p>\n\n\n\n<p><br><\/p>\n\n\n\n<hr class=\"wp-block-separator\"\/>\n\n\n\n<p class=\"has-text-align-left\"><\/p>\n\n\n\n<p class=\"has-text-align-left\"><strong>Cooperation on the recurring events<\/strong><\/p>\n\n\n\n<div class=\"wp-block-image\"><figure class=\"alignleft size-medium is-resized\"><a href=\"https:\/\/bialystokbiega.pl\/\"><img loading=\"lazy\" decoding=\"async\" src=\"https:\/\/sybir.bialystok.pl\/wp-content\/uploads\/2021\/03\/FBB_LOGO-298x300.jpg\" alt=\"\" class=\"wp-image-1988\" width=\"75\" height=\"75\" srcset=\"https:\/\/sybir.bialystok.pl\/wp-content\/uploads\/2021\/03\/FBB_LOGO-298x300.jpg 298w, https:\/\/sybir.bialystok.pl\/wp-content\/uploads\/2021\/03\/FBB_LOGO-1016x1024.jpg 1016w, https:\/\/sybir.bialystok.pl\/wp-content\/uploads\/2021\/03\/FBB_LOGO-150x150.jpg 150w, https:\/\/sybir.bialystok.pl\/wp-content\/uploads\/2021\/03\/FBB_LOGO-768x774.jpg 768w, https:\/\/sybir.bialystok.pl\/wp-content\/uploads\/2021\/03\/FBB_LOGO-1524x1536.jpg 1524w, https:\/\/sybir.bialystok.pl\/wp-content\/uploads\/2021\/03\/FBB_LOGO.jpg 1896w\" sizes=\"auto, (max-width: 75px) 100vw, 75px\" \/><\/a><\/figure><\/div>\n\n\n\n<p class=\"has-text-align-center\" style=\"font-size:14px\">                                Bialystok Biega Foundation<\/p>\n\n\n\n<p><br><\/p>\n\n\n\n<hr class=\"wp-block-separator\"\/>\n","protected":false},"excerpt":{"rendered":"<p>Take a look what we have achieved thanks to our long-term cooperation.<\/p>\n","protected":false},"author":2,"featured_media":1248,"parent":0,"menu_order":0,"comment_status":"closed","ping_status":"closed","template":"","meta":{"_acf_changed":false,"_editorskit_title_hidden":false,"_editorskit_reading_time":0,"_editorskit_is_block_options_detached":false,"_editorskit_block_options_position":"{}","footnotes":""},"class_list":["post-6252","page","type-page","status-publish","has-post-thumbnail","hentry"],"acf":[],"yoast_head":"<!-- This site is optimized with the Yoast SEO plugin v24.6 - https:\/\/yoast.com\/wordpress\/plugins\/seo\/ -->\n<title>Partners - Muzeum Pami\u0119ci Sybiru<\/title>\n<meta name=\"robots\" content=\"index, follow, max-snippet:-1, max-image-preview:large, max-video-preview:-1\" \/>\n<link rel=\"canonical\" href=\"https:\/\/sybir.bialystok.pl\/en\/partners\/\" \/>\n<meta property=\"og:locale\" content=\"en_US\" \/>\n<meta property=\"og:type\" content=\"article\" \/>\n<meta property=\"og:title\" content=\"Partners - Muzeum Pami\u0119ci Sybiru\" \/>\n<meta property=\"og:description\" content=\"Take a look what we have achieved thanks to our long-term cooperation.\" \/>\n<meta property=\"og:url\" content=\"https:\/\/sybir.bialystok.pl\/en\/partners\/\" \/>\n<meta property=\"og:site_name\" content=\"Muzeum Pami\u0119ci Sybiru\" \/>\n<meta property=\"article:modified_time\" content=\"2021-08-06T11:50:03+00:00\" \/>\n<meta property=\"og:image\" content=\"https:\/\/sybir.bialystok.pl\/wp-content\/uploads\/2021\/02\/Projekt-bez-tytu\u0142u-56.png\" \/>\n\t<meta property=\"og:image:width\" content=\"1136\" \/>\n\t<meta property=\"og:image:height\" content=\"704\" \/>\n\t<meta property=\"og:image:type\" content=\"image\/png\" \/>\n<meta name=\"twitter:card\" content=\"summary_large_image\" \/>\n<meta name=\"twitter:label1\" content=\"Est. reading time\" \/>\n\t<meta name=\"twitter:data1\" content=\"3 minutes\" \/>\n<script type=\"application\/ld+json\" class=\"yoast-schema-graph\">{\"@context\":\"https:\/\/schema.org\",\"@graph\":[{\"@type\":\"WebPage\",\"@id\":\"https:\/\/sybir.bialystok.pl\/en\/partners\/\",\"url\":\"https:\/\/sybir.bialystok.pl\/en\/partners\/\",\"name\":\"Partners - Muzeum Pami\u0119ci Sybiru\",\"isPartOf\":{\"@id\":\"https:\/\/sybir.bialystok.pl\/en\/#website\"},\"primaryImageOfPage\":{\"@id\":\"https:\/\/sybir.bialystok.pl\/en\/partners\/#primaryimage\"},\"image\":{\"@id\":\"https:\/\/sybir.bialystok.pl\/en\/partners\/#primaryimage\"},\"thumbnailUrl\":\"https:\/\/sybir.bialystok.pl\/wp-content\/uploads\/2021\/02\/Projekt-bez-tytu\u0142u-56.png\",\"datePublished\":\"2021-02-15T12:31:59+00:00\",\"dateModified\":\"2021-08-06T11:50:03+00:00\",\"breadcrumb\":{\"@id\":\"https:\/\/sybir.bialystok.pl\/en\/partners\/#breadcrumb\"},\"inLanguage\":\"en-US\",\"potentialAction\":[{\"@type\":\"ReadAction\",\"target\":[\"https:\/\/sybir.bialystok.pl\/en\/partners\/\"]}]},{\"@type\":\"ImageObject\",\"inLanguage\":\"en-US\",\"@id\":\"https:\/\/sybir.bialystok.pl\/en\/partners\/#primaryimage\",\"url\":\"https:\/\/sybir.bialystok.pl\/wp-content\/uploads\/2021\/02\/Projekt-bez-tytu\u0142u-56.png\",\"contentUrl\":\"https:\/\/sybir.bialystok.pl\/wp-content\/uploads\/2021\/02\/Projekt-bez-tytu\u0142u-56.png\",\"width\":1136,\"height\":704},{\"@type\":\"BreadcrumbList\",\"@id\":\"https:\/\/sybir.bialystok.pl\/en\/partners\/#breadcrumb\",\"itemListElement\":[{\"@type\":\"ListItem\",\"position\":1,\"name\":\"Home page\",\"item\":\"https:\/\/sybir.bialystok.pl\/en\/\"},{\"@type\":\"ListItem\",\"position\":2,\"name\":\"Partners\"}]},{\"@type\":\"WebSite\",\"@id\":\"https:\/\/sybir.bialystok.pl\/en\/#website\",\"url\":\"https:\/\/sybir.bialystok.pl\/en\/\",\"name\":\"Muzeum Pami\u0119ci Sybiru\",\"description\":\"Muzeum Pami\u0119ci Sybiru jest po\u015bwi\u0119cone ludziom, kt\u00f3rzy od ko\u0144ca XVI a\u017c do po\u0142owy XX wieku byli niewoleni i zsy\u0142ani w g\u0142\u0105b Rosji, a p\u00f3\u017aniej Zwi\u0105zku Sowieckiego, jak te\u017c tym, kt\u00f3rzy pod\u0105\u017cali tam dobrowolnie.\",\"potentialAction\":[{\"@type\":\"SearchAction\",\"target\":{\"@type\":\"EntryPoint\",\"urlTemplate\":\"https:\/\/sybir.bialystok.pl\/en\/?s={search_term_string}\"},\"query-input\":{\"@type\":\"PropertyValueSpecification\",\"valueRequired\":true,\"valueName\":\"search_term_string\"}}],\"inLanguage\":\"en-US\"}]}<\/script>\n<!-- \/ Yoast SEO plugin. -->","yoast_head_json":{"title":"Partners - Muzeum Pami\u0119ci Sybiru","robots":{"index":"index","follow":"follow","max-snippet":"max-snippet:-1","max-image-preview":"max-image-preview:large","max-video-preview":"max-video-preview:-1"},"canonical":"https:\/\/sybir.bialystok.pl\/en\/partners\/","og_locale":"en_US","og_type":"article","og_title":"Partners - Muzeum Pami\u0119ci Sybiru","og_description":"Take a look what we have achieved thanks to our long-term cooperation.","og_url":"https:\/\/sybir.bialystok.pl\/en\/partners\/","og_site_name":"Muzeum Pami\u0119ci Sybiru","article_modified_time":"2021-08-06T11:50:03+00:00","og_image":[{"width":1136,"height":704,"url":"https:\/\/sybir.bialystok.pl\/wp-content\/uploads\/2021\/02\/Projekt-bez-tytu\u0142u-56.png","type":"image\/png"}],"twitter_card":"summary_large_image","twitter_misc":{"Est. reading time":"3 minutes"},"schema":{"@context":"https:\/\/schema.org","@graph":[{"@type":"WebPage","@id":"https:\/\/sybir.bialystok.pl\/en\/partners\/","url":"https:\/\/sybir.bialystok.pl\/en\/partners\/","name":"Partners - Muzeum Pami\u0119ci Sybiru","isPartOf":{"@id":"https:\/\/sybir.bialystok.pl\/en\/#website"},"primaryImageOfPage":{"@id":"https:\/\/sybir.bialystok.pl\/en\/partners\/#primaryimage"},"image":{"@id":"https:\/\/sybir.bialystok.pl\/en\/partners\/#primaryimage"},"thumbnailUrl":"https:\/\/sybir.bialystok.pl\/wp-content\/uploads\/2021\/02\/Projekt-bez-tytu\u0142u-56.png","datePublished":"2021-02-15T12:31:59+00:00","dateModified":"2021-08-06T11:50:03+00:00","breadcrumb":{"@id":"https:\/\/sybir.bialystok.pl\/en\/partners\/#breadcrumb"},"inLanguage":"en-US","potentialAction":[{"@type":"ReadAction","target":["https:\/\/sybir.bialystok.pl\/en\/partners\/"]}]},{"@type":"ImageObject","inLanguage":"en-US","@id":"https:\/\/sybir.bialystok.pl\/en\/partners\/#primaryimage","url":"https:\/\/sybir.bialystok.pl\/wp-content\/uploads\/2021\/02\/Projekt-bez-tytu\u0142u-56.png","contentUrl":"https:\/\/sybir.bialystok.pl\/wp-content\/uploads\/2021\/02\/Projekt-bez-tytu\u0142u-56.png","width":1136,"height":704},{"@type":"BreadcrumbList","@id":"https:\/\/sybir.bialystok.pl\/en\/partners\/#breadcrumb","itemListElement":[{"@type":"ListItem","position":1,"name":"Home page","item":"https:\/\/sybir.bialystok.pl\/en\/"},{"@type":"ListItem","position":2,"name":"Partners"}]},{"@type":"WebSite","@id":"https:\/\/sybir.bialystok.pl\/en\/#website","url":"https:\/\/sybir.bialystok.pl\/en\/","name":"Muzeum Pami\u0119ci Sybiru","description":"Muzeum Pami\u0119ci Sybiru jest po\u015bwi\u0119cone ludziom, kt\u00f3rzy od ko\u0144ca XVI a\u017c do po\u0142owy XX wieku byli niewoleni i zsy\u0142ani w g\u0142\u0105b Rosji, a p\u00f3\u017aniej Zwi\u0105zku Sowieckiego, jak te\u017c tym, kt\u00f3rzy pod\u0105\u017cali tam dobrowolnie.","potentialAction":[{"@type":"SearchAction","target":{"@type":"EntryPoint","urlTemplate":"https:\/\/sybir.bialystok.pl\/en\/?s={search_term_string}"},"query-input":{"@type":"PropertyValueSpecification","valueRequired":true,"valueName":"search_term_string"}}],"inLanguage":"en-US"}]}},"_links":{"self":[{"href":"https:\/\/sybir.bialystok.pl\/en\/wp-json\/wp\/v2\/pages\/6252","targetHints":{"allow":["GET"]}}],"collection":[{"href":"https:\/\/sybir.bialystok.pl\/en\/wp-json\/wp\/v2\/pages"}],"about":[{"href":"https:\/\/sybir.bialystok.pl\/en\/wp-json\/wp\/v2\/types\/page"}],"author":[{"embeddable":true,"href":"https:\/\/sybir.bialystok.pl\/en\/wp-json\/wp\/v2\/users\/2"}],"replies":[{"embeddable":true,"href":"https:\/\/sybir.bialystok.pl\/en\/wp-json\/wp\/v2\/comments?post=6252"}],"version-history":[{"count":2,"href":"https:\/\/sybir.bialystok.pl\/en\/wp-json\/wp\/v2\/pages\/6252\/revisions"}],"predecessor-version":[{"id":6651,"href":"https:\/\/sybir.bialystok.pl\/en\/wp-json\/wp\/v2\/pages\/6252\/revisions\/6651"}],"wp:featuredmedia":[{"embeddable":true,"href":"https:\/\/sybir.bialystok.pl\/en\/wp-json\/wp\/v2\/media\/1248"}],"wp:attachment":[{"href":"https:\/\/sybir.bialystok.pl\/en\/wp-json\/wp\/v2\/media?parent=6252"}],"curies":[{"name":"wp","href":"https:\/\/api.w.org\/{rel}","templated":true}]}}