{"id":6248,"date":"2021-02-15T13:30:47","date_gmt":"2021-02-15T12:30:47","guid":{"rendered":"https:\/\/sybir.bialystok.pl\/dla-mediow\/"},"modified":"2023-03-02T11:09:10","modified_gmt":"2023-03-02T10:09:10","slug":"for-media","status":"publish","type":"page","link":"https:\/\/sybir.bialystok.pl\/en\/for-media\/","title":{"rendered":"For media"},"content":{"rendered":"\n<figure class=\"wp-block-gallery has-nested-images columns-default is-cropped wp-block-gallery-1 is-layout-flex wp-block-gallery-is-layout-flex\">\n<figure class=\"wp-block-image size-large\"><a href=\"https:\/\/sybir.bialystok.pl\/wp-content\/uploads\/2021\/05\/Budynek-MPS-2.jpeg\"><img loading=\"lazy\" decoding=\"async\" width=\"1024\" height=\"683\" data-id=\"5744\" src=\"https:\/\/sybir.bialystok.pl\/wp-content\/uploads\/2021\/05\/Budynek-MPS-2.jpeg\" alt=\"\" class=\"wp-image-5744\" srcset=\"https:\/\/sybir.bialystok.pl\/wp-content\/uploads\/2021\/05\/Budynek-MPS-2.jpeg 1024w, https:\/\/sybir.bialystok.pl\/wp-content\/uploads\/2021\/05\/Budynek-MPS-2-300x200.jpeg 300w, https:\/\/sybir.bialystok.pl\/wp-content\/uploads\/2021\/05\/Budynek-MPS-2-768x512.jpeg 768w\" sizes=\"auto, (max-width: 1024px) 100vw, 1024px\" \/><\/a><\/figure>\n<\/figure>\n\n\n\n<p>Information about the provision of press materials and cooperation is provided by the Museum Office:<\/p>\n\n\n\n<ul class=\"wp-block-list\">\n<li>phone number:<strong> 85 672 36 05<\/strong><\/li>\n\n\n\n<li>e-mail:<strong> <a href=\"mailto:p.roman@sybir.bialystok.pl\">p.roman@sybir.bialystok.pl<\/a><\/strong><\/li>\n<\/ul>\n\n\n\n<p>Recording of sound and images at the exhibitions requires the consent of the Director of the Sybir Memorial Museum.<\/p>\n\n\n\n<div style=\"height:25px\" aria-hidden=\"true\" class=\"wp-block-spacer\"><\/div>\n\n\n\n<p><strong>Logos of the Sybir Memorial Museum to download:<\/strong><\/p>\n\n\n\n<div class=\"wp-block-file\"><a id=\"wp-block-file--media-5369e84d-3362-41ad-ac99-62828f4c2450\" href=\"https:\/\/sybir.bialystok.pl\/wp-content\/uploads\/2021\/05\/logo-5cm-z-polem.jpg\">5 cm logo<\/a><a href=\"https:\/\/sybir.bialystok.pl\/wp-content\/uploads\/2021\/05\/logo-5cm-z-polem.jpg\" class=\"wp-block-file__button wp-element-button\" download aria-describedby=\"wp-block-file--media-5369e84d-3362-41ad-ac99-62828f4c2450\">Download<\/a><\/div>\n\n\n\n<div class=\"wp-block-file\"><a id=\"wp-block-file--media-7952c0b6-8de5-4470-93ec-4704ad1f47fc\" href=\"https:\/\/sybir.bialystok.pl\/wp-content\/uploads\/2021\/05\/logo-7cm-z-czarnym-polem.jpg\">7 cm logo with black background<\/a><a href=\"https:\/\/sybir.bialystok.pl\/wp-content\/uploads\/2021\/05\/logo-7cm-z-czarnym-polem.jpg\" class=\"wp-block-file__button wp-element-button\" download aria-describedby=\"wp-block-file--media-7952c0b6-8de5-4470-93ec-4704ad1f47fc\">Download <\/a><\/div>\n\n\n\n<div class=\"wp-block-file\"><a id=\"wp-block-file--media-afa787dd-1c4f-45de-ae36-1dd81f4f18b7\" href=\"https:\/\/sybir.bialystok.pl\/wp-content\/uploads\/2021\/05\/logo-7cm-z-polem.jpg\">7 cm logo<\/a><a href=\"https:\/\/sybir.bialystok.pl\/wp-content\/uploads\/2021\/05\/logo-7cm-z-polem.jpg\" class=\"wp-block-file__button wp-element-button\" download aria-describedby=\"wp-block-file--media-afa787dd-1c4f-45de-ae36-1dd81f4f18b7\"> Download <\/a><\/div>\n\n\n\n<div class=\"wp-block-file\"><a id=\"wp-block-file--media-f4a4cae8-7cc9-4202-b37b-ce3521477648\" href=\"https:\/\/sybir.bialystok.pl\/wp-content\/uploads\/2021\/05\/logo-9cm-z-polem.jpg\">9 cm logo<\/a><a href=\"https:\/\/sybir.bialystok.pl\/wp-content\/uploads\/2021\/05\/logo-9cm-z-polem.jpg\" class=\"wp-block-file__button wp-element-button\" download aria-describedby=\"wp-block-file--media-f4a4cae8-7cc9-4202-b37b-ce3521477648\">Download <\/a><\/div>\n\n\n\n<div class=\"wp-block-file\"><a id=\"wp-block-file--media-a10d2731-b96b-4cf7-99fb-b23110b95dd1\" href=\"https:\/\/sybir.bialystok.pl\/wp-content\/uploads\/2021\/05\/MPS_logo_PDF-negatyw.png\">negative<\/a><a href=\"https:\/\/sybir.bialystok.pl\/wp-content\/uploads\/2021\/05\/MPS_logo_PDF-negatyw.png\" class=\"wp-block-file__button wp-element-button\" download aria-describedby=\"wp-block-file--media-a10d2731-b96b-4cf7-99fb-b23110b95dd1\">Download <\/a><\/div>\n","protected":false},"excerpt":{"rendered":"<p>If you are a representative of the media and would like to receive information about the activities of the Sybir Memorial Museum, please contact us.<\/p>\n","protected":false},"author":2,"featured_media":0,"parent":0,"menu_order":0,"comment_status":"closed","ping_status":"closed","template":"","meta":{"_acf_changed":false,"_editorskit_title_hidden":false,"_editorskit_reading_time":0,"_editorskit_is_block_options_detached":false,"_editorskit_block_options_position":"{}","footnotes":""},"class_list":["post-6248","page","type-page","status-publish","hentry"],"acf":[],"yoast_head":"<!-- This site is optimized with the Yoast SEO plugin v24.6 - https:\/\/yoast.com\/wordpress\/plugins\/seo\/ -->\n<title>For media - Muzeum Pami\u0119ci Sybiru<\/title>\n<meta name=\"description\" content=\"If you are a representative of the media and would like to receive information about the activities of the Sybir Memorial Museum, please contact us.\" \/>\n<meta name=\"robots\" content=\"index, follow, max-snippet:-1, max-image-preview:large, max-video-preview:-1\" \/>\n<link rel=\"canonical\" href=\"https:\/\/sybir.bialystok.pl\/en\/for-media\/\" \/>\n<meta property=\"og:locale\" content=\"en_US\" \/>\n<meta property=\"og:type\" content=\"article\" \/>\n<meta property=\"og:title\" content=\"For media - Muzeum Pami\u0119ci Sybiru\" \/>\n<meta property=\"og:description\" content=\"If you are a representative of the media and would like to receive information about the activities of the Sybir Memorial Museum, please contact us.\" \/>\n<meta property=\"og:url\" content=\"https:\/\/sybir.bialystok.pl\/en\/for-media\/\" \/>\n<meta property=\"og:site_name\" content=\"Muzeum Pami\u0119ci Sybiru\" \/>\n<meta property=\"article:modified_time\" content=\"2023-03-02T10:09:10+00:00\" \/>\n<meta property=\"og:image\" content=\"https:\/\/sybir.bialystok.pl\/wp-content\/uploads\/2021\/05\/Budynek-MPS-2.jpeg\" \/>\n<meta name=\"twitter:card\" content=\"summary_large_image\" \/>\n<meta name=\"twitter:label1\" content=\"Est. reading time\" \/>\n\t<meta name=\"twitter:data1\" content=\"1 minute\" \/>\n<script type=\"application\/ld+json\" class=\"yoast-schema-graph\">{\"@context\":\"https:\/\/schema.org\",\"@graph\":[{\"@type\":\"WebPage\",\"@id\":\"https:\/\/sybir.bialystok.pl\/en\/for-media\/\",\"url\":\"https:\/\/sybir.bialystok.pl\/en\/for-media\/\",\"name\":\"For media - Muzeum Pami\u0119ci Sybiru\",\"isPartOf\":{\"@id\":\"https:\/\/sybir.bialystok.pl\/en\/#website\"},\"primaryImageOfPage\":{\"@id\":\"https:\/\/sybir.bialystok.pl\/en\/for-media\/#primaryimage\"},\"image\":{\"@id\":\"https:\/\/sybir.bialystok.pl\/en\/for-media\/#primaryimage\"},\"thumbnailUrl\":\"https:\/\/sybir.bialystok.pl\/wp-content\/uploads\/2021\/05\/Budynek-MPS-2.jpeg\",\"datePublished\":\"2021-02-15T12:30:47+00:00\",\"dateModified\":\"2023-03-02T10:09:10+00:00\",\"description\":\"If you are a representative of the media and would like to receive information about the activities of the Sybir Memorial Museum, please contact us.\",\"breadcrumb\":{\"@id\":\"https:\/\/sybir.bialystok.pl\/en\/for-media\/#breadcrumb\"},\"inLanguage\":\"en-US\",\"potentialAction\":[{\"@type\":\"ReadAction\",\"target\":[\"https:\/\/sybir.bialystok.pl\/en\/for-media\/\"]}]},{\"@type\":\"ImageObject\",\"inLanguage\":\"en-US\",\"@id\":\"https:\/\/sybir.bialystok.pl\/en\/for-media\/#primaryimage\",\"url\":\"https:\/\/sybir.bialystok.pl\/wp-content\/uploads\/2021\/05\/Budynek-MPS-2.jpeg\",\"contentUrl\":\"https:\/\/sybir.bialystok.pl\/wp-content\/uploads\/2021\/05\/Budynek-MPS-2.jpeg\"},{\"@type\":\"BreadcrumbList\",\"@id\":\"https:\/\/sybir.bialystok.pl\/en\/for-media\/#breadcrumb\",\"itemListElement\":[{\"@type\":\"ListItem\",\"position\":1,\"name\":\"Home page\",\"item\":\"https:\/\/sybir.bialystok.pl\/en\/\"},{\"@type\":\"ListItem\",\"position\":2,\"name\":\"For media\"}]},{\"@type\":\"WebSite\",\"@id\":\"https:\/\/sybir.bialystok.pl\/en\/#website\",\"url\":\"https:\/\/sybir.bialystok.pl\/en\/\",\"name\":\"Muzeum Pami\u0119ci Sybiru\",\"description\":\"Muzeum Pami\u0119ci Sybiru jest po\u015bwi\u0119cone ludziom, kt\u00f3rzy od ko\u0144ca XVI a\u017c do po\u0142owy XX wieku byli niewoleni i zsy\u0142ani w g\u0142\u0105b Rosji, a p\u00f3\u017aniej Zwi\u0105zku Sowieckiego, jak te\u017c tym, kt\u00f3rzy pod\u0105\u017cali tam dobrowolnie.\",\"potentialAction\":[{\"@type\":\"SearchAction\",\"target\":{\"@type\":\"EntryPoint\",\"urlTemplate\":\"https:\/\/sybir.bialystok.pl\/en\/?s={search_term_string}\"},\"query-input\":{\"@type\":\"PropertyValueSpecification\",\"valueRequired\":true,\"valueName\":\"search_term_string\"}}],\"inLanguage\":\"en-US\"}]}<\/script>\n<!-- \/ Yoast SEO plugin. -->","yoast_head_json":{"title":"For media - Muzeum Pami\u0119ci Sybiru","description":"If you are a representative of the media and would like to receive information about the activities of the Sybir Memorial Museum, please contact us.","robots":{"index":"index","follow":"follow","max-snippet":"max-snippet:-1","max-image-preview":"max-image-preview:large","max-video-preview":"max-video-preview:-1"},"canonical":"https:\/\/sybir.bialystok.pl\/en\/for-media\/","og_locale":"en_US","og_type":"article","og_title":"For media - Muzeum Pami\u0119ci Sybiru","og_description":"If you are a representative of the media and would like to receive information about the activities of the Sybir Memorial Museum, please contact us.","og_url":"https:\/\/sybir.bialystok.pl\/en\/for-media\/","og_site_name":"Muzeum Pami\u0119ci Sybiru","article_modified_time":"2023-03-02T10:09:10+00:00","og_image":[{"url":"https:\/\/sybir.bialystok.pl\/wp-content\/uploads\/2021\/05\/Budynek-MPS-2.jpeg","type":"","width":"","height":""}],"twitter_card":"summary_large_image","twitter_misc":{"Est. reading time":"1 minute"},"schema":{"@context":"https:\/\/schema.org","@graph":[{"@type":"WebPage","@id":"https:\/\/sybir.bialystok.pl\/en\/for-media\/","url":"https:\/\/sybir.bialystok.pl\/en\/for-media\/","name":"For media - Muzeum Pami\u0119ci Sybiru","isPartOf":{"@id":"https:\/\/sybir.bialystok.pl\/en\/#website"},"primaryImageOfPage":{"@id":"https:\/\/sybir.bialystok.pl\/en\/for-media\/#primaryimage"},"image":{"@id":"https:\/\/sybir.bialystok.pl\/en\/for-media\/#primaryimage"},"thumbnailUrl":"https:\/\/sybir.bialystok.pl\/wp-content\/uploads\/2021\/05\/Budynek-MPS-2.jpeg","datePublished":"2021-02-15T12:30:47+00:00","dateModified":"2023-03-02T10:09:10+00:00","description":"If you are a representative of the media and would like to receive information about the activities of the Sybir Memorial Museum, please contact us.","breadcrumb":{"@id":"https:\/\/sybir.bialystok.pl\/en\/for-media\/#breadcrumb"},"inLanguage":"en-US","potentialAction":[{"@type":"ReadAction","target":["https:\/\/sybir.bialystok.pl\/en\/for-media\/"]}]},{"@type":"ImageObject","inLanguage":"en-US","@id":"https:\/\/sybir.bialystok.pl\/en\/for-media\/#primaryimage","url":"https:\/\/sybir.bialystok.pl\/wp-content\/uploads\/2021\/05\/Budynek-MPS-2.jpeg","contentUrl":"https:\/\/sybir.bialystok.pl\/wp-content\/uploads\/2021\/05\/Budynek-MPS-2.jpeg"},{"@type":"BreadcrumbList","@id":"https:\/\/sybir.bialystok.pl\/en\/for-media\/#breadcrumb","itemListElement":[{"@type":"ListItem","position":1,"name":"Home page","item":"https:\/\/sybir.bialystok.pl\/en\/"},{"@type":"ListItem","position":2,"name":"For media"}]},{"@type":"WebSite","@id":"https:\/\/sybir.bialystok.pl\/en\/#website","url":"https:\/\/sybir.bialystok.pl\/en\/","name":"Muzeum Pami\u0119ci Sybiru","description":"Muzeum Pami\u0119ci Sybiru jest po\u015bwi\u0119cone ludziom, kt\u00f3rzy od ko\u0144ca XVI a\u017c do po\u0142owy XX wieku byli niewoleni i zsy\u0142ani w g\u0142\u0105b Rosji, a p\u00f3\u017aniej Zwi\u0105zku Sowieckiego, jak te\u017c tym, kt\u00f3rzy pod\u0105\u017cali tam dobrowolnie.","potentialAction":[{"@type":"SearchAction","target":{"@type":"EntryPoint","urlTemplate":"https:\/\/sybir.bialystok.pl\/en\/?s={search_term_string}"},"query-input":{"@type":"PropertyValueSpecification","valueRequired":true,"valueName":"search_term_string"}}],"inLanguage":"en-US"}]}},"_links":{"self":[{"href":"https:\/\/sybir.bialystok.pl\/en\/wp-json\/wp\/v2\/pages\/6248","targetHints":{"allow":["GET"]}}],"collection":[{"href":"https:\/\/sybir.bialystok.pl\/en\/wp-json\/wp\/v2\/pages"}],"about":[{"href":"https:\/\/sybir.bialystok.pl\/en\/wp-json\/wp\/v2\/types\/page"}],"author":[{"embeddable":true,"href":"https:\/\/sybir.bialystok.pl\/en\/wp-json\/wp\/v2\/users\/2"}],"replies":[{"embeddable":true,"href":"https:\/\/sybir.bialystok.pl\/en\/wp-json\/wp\/v2\/comments?post=6248"}],"version-history":[{"count":5,"href":"https:\/\/sybir.bialystok.pl\/en\/wp-json\/wp\/v2\/pages\/6248\/revisions"}],"predecessor-version":[{"id":17652,"href":"https:\/\/sybir.bialystok.pl\/en\/wp-json\/wp\/v2\/pages\/6248\/revisions\/17652"}],"wp:attachment":[{"href":"https:\/\/sybir.bialystok.pl\/en\/wp-json\/wp\/v2\/media?parent=6248"}],"curies":[{"name":"wp","href":"https:\/\/api.w.org\/{rel}","templated":true}]}}