{"id":6240,"date":"2021-02-15T13:07:47","date_gmt":"2021-02-15T12:07:47","guid":{"rendered":"https:\/\/sybir.bialystok.pl\/wesprzyj-muzeum\/przekaz-eksponat\/"},"modified":"2024-07-10T13:55:56","modified_gmt":"2024-07-10T11:55:56","slug":"give-an-exhibit","status":"publish","type":"page","link":"https:\/\/sybir.bialystok.pl\/en\/support-the-museum\/give-an-exhibit\/","title":{"rendered":"Give an exhibit"},"content":{"rendered":"\n<!--more-->\n\n\n\n<p><\/p>\n\n\n\n<figure class=\"wp-block-embed is-type-video is-provider-youtube wp-block-embed-youtube wp-embed-aspect-16-9 wp-has-aspect-ratio\"><div class=\"wp-block-embed__wrapper\">\n<iframe loading=\"lazy\" title=\"Niech pami\u0119\u0107 po nas pozostanie PL\" width=\"640\" height=\"360\" src=\"https:\/\/www.youtube.com\/embed\/RRkAfSBZ5mE?feature=oembed\" frameborder=\"0\" allow=\"accelerometer; autoplay; clipboard-write; encrypted-media; gyroscope; picture-in-picture; web-share\" referrerpolicy=\"strict-origin-when-cross-origin\" allowfullscreen><\/iframe>\n<\/div><\/figure>\n\n\n\n<p>Gathering collections is the basic task of every museum institution. They are of fundamental importance for museums \u2014 they condition their existence and distinguish them from any other cultural institution. Museums proudly present their acquisitions, treating them as real treasures.<\/p>\n\n\n\n<figure class=\"wp-block-gallery has-nested-images columns-default is-cropped wp-block-gallery-1 is-layout-flex wp-block-gallery-is-layout-flex\">\n<figure class=\"wp-block-image size-large\"><a href=\"https:\/\/sybir.bialystok.pl\/wp-content\/uploads\/2024\/07\/IDA_SCHOLTYSEK_PRZEKAZANIE_EKSPONATOW_29.05.2024_01.jpg\"><img loading=\"lazy\" decoding=\"async\" width=\"1024\" height=\"683\" data-id=\"30198\" src=\"https:\/\/sybir.bialystok.pl\/wp-content\/uploads\/2024\/07\/IDA_SCHOLTYSEK_PRZEKAZANIE_EKSPONATOW_29.05.2024_01-1024x683.jpg\" alt=\"\" class=\"wp-image-30198\" srcset=\"https:\/\/sybir.bialystok.pl\/wp-content\/uploads\/2024\/07\/IDA_SCHOLTYSEK_PRZEKAZANIE_EKSPONATOW_29.05.2024_01-1024x683.jpg 1024w, https:\/\/sybir.bialystok.pl\/wp-content\/uploads\/2024\/07\/IDA_SCHOLTYSEK_PRZEKAZANIE_EKSPONATOW_29.05.2024_01-300x200.jpg 300w, https:\/\/sybir.bialystok.pl\/wp-content\/uploads\/2024\/07\/IDA_SCHOLTYSEK_PRZEKAZANIE_EKSPONATOW_29.05.2024_01-768x512.jpg 768w, https:\/\/sybir.bialystok.pl\/wp-content\/uploads\/2024\/07\/IDA_SCHOLTYSEK_PRZEKAZANIE_EKSPONATOW_29.05.2024_01-1536x1024.jpg 1536w, https:\/\/sybir.bialystok.pl\/wp-content\/uploads\/2024\/07\/IDA_SCHOLTYSEK_PRZEKAZANIE_EKSPONATOW_29.05.2024_01.jpg 2048w\" sizes=\"auto, (max-width: 1024px) 100vw, 1024px\" \/><\/a><\/figure>\n\n\n\n<figure class=\"wp-block-image size-large\"><a href=\"https:\/\/sybir.bialystok.pl\/wp-content\/uploads\/2024\/07\/IDA_SCHOLTYSEK_PRZEKAZANIE_EKSPONATOW_29.05.2024_04.jpg\"><img loading=\"lazy\" decoding=\"async\" width=\"1024\" height=\"683\" data-id=\"30200\" src=\"https:\/\/sybir.bialystok.pl\/wp-content\/uploads\/2024\/07\/IDA_SCHOLTYSEK_PRZEKAZANIE_EKSPONATOW_29.05.2024_04-1024x683.jpg\" alt=\"\" class=\"wp-image-30200\" srcset=\"https:\/\/sybir.bialystok.pl\/wp-content\/uploads\/2024\/07\/IDA_SCHOLTYSEK_PRZEKAZANIE_EKSPONATOW_29.05.2024_04-1024x683.jpg 1024w, https:\/\/sybir.bialystok.pl\/wp-content\/uploads\/2024\/07\/IDA_SCHOLTYSEK_PRZEKAZANIE_EKSPONATOW_29.05.2024_04-300x200.jpg 300w, https:\/\/sybir.bialystok.pl\/wp-content\/uploads\/2024\/07\/IDA_SCHOLTYSEK_PRZEKAZANIE_EKSPONATOW_29.05.2024_04-768x512.jpg 768w, https:\/\/sybir.bialystok.pl\/wp-content\/uploads\/2024\/07\/IDA_SCHOLTYSEK_PRZEKAZANIE_EKSPONATOW_29.05.2024_04-1536x1024.jpg 1536w, https:\/\/sybir.bialystok.pl\/wp-content\/uploads\/2024\/07\/IDA_SCHOLTYSEK_PRZEKAZANIE_EKSPONATOW_29.05.2024_04.jpg 2048w\" sizes=\"auto, (max-width: 1024px) 100vw, 1024px\" \/><\/a><\/figure>\n<\/figure>\n\n\n\n<h2 class=\"wp-block-heading\">EVERY EXHIBIT HAS AN UNUSUAL HISTORY<\/h2>\n\n\n\n<p>Behind each, even inconspicuous item that is in the collection of the Sybir Memorial Museum, there is a great history. Each of them tells a story about its owners, the dramas, the goodbyes, the longing and the pain accompanying the loss of loved ones. There are also memories of beautiful moments, before the outbreak of the war\u2026<\/p>\n\n\n\n<p>The Sybir Memorial Museum gathers collections documenting the fate of Polish citizens exiled and deported to Sybir and the settlement of Poles in Russia and the USSR.<\/p>\n\n\n\n<figure class=\"wp-block-gallery has-nested-images columns-default is-cropped wp-block-gallery-2 is-layout-flex wp-block-gallery-is-layout-flex\">\n<figure class=\"wp-block-image size-large\"><img loading=\"lazy\" decoding=\"async\" width=\"1024\" height=\"683\" data-id=\"29125\" src=\"https:\/\/sybir.bialystok.pl\/wp-content\/uploads\/2024\/05\/SKARB_Z_MAGAZYNU_14.05.2024_01-1-1024x683.jpg\" alt=\"\" class=\"wp-image-29125\" srcset=\"https:\/\/sybir.bialystok.pl\/wp-content\/uploads\/2024\/05\/SKARB_Z_MAGAZYNU_14.05.2024_01-1-1024x683.jpg 1024w, https:\/\/sybir.bialystok.pl\/wp-content\/uploads\/2024\/05\/SKARB_Z_MAGAZYNU_14.05.2024_01-1-300x200.jpg 300w, https:\/\/sybir.bialystok.pl\/wp-content\/uploads\/2024\/05\/SKARB_Z_MAGAZYNU_14.05.2024_01-1-768x512.jpg 768w, https:\/\/sybir.bialystok.pl\/wp-content\/uploads\/2024\/05\/SKARB_Z_MAGAZYNU_14.05.2024_01-1-1536x1024.jpg 1536w, https:\/\/sybir.bialystok.pl\/wp-content\/uploads\/2024\/05\/SKARB_Z_MAGAZYNU_14.05.2024_01-1.jpg 2048w\" sizes=\"auto, (max-width: 1024px) 100vw, 1024px\" \/><\/figure>\n\n\n\n<figure class=\"wp-block-image size-large\"><img loading=\"lazy\" decoding=\"async\" width=\"683\" height=\"1024\" data-id=\"29121\" src=\"https:\/\/sybir.bialystok.pl\/wp-content\/uploads\/2024\/05\/SKARB_Z_MAGAZYNU_14.05.2024_02-683x1024.jpg\" alt=\"\" class=\"wp-image-29121\" srcset=\"https:\/\/sybir.bialystok.pl\/wp-content\/uploads\/2024\/05\/SKARB_Z_MAGAZYNU_14.05.2024_02-683x1024.jpg 683w, https:\/\/sybir.bialystok.pl\/wp-content\/uploads\/2024\/05\/SKARB_Z_MAGAZYNU_14.05.2024_02-200x300.jpg 200w, https:\/\/sybir.bialystok.pl\/wp-content\/uploads\/2024\/05\/SKARB_Z_MAGAZYNU_14.05.2024_02-768x1152.jpg 768w, https:\/\/sybir.bialystok.pl\/wp-content\/uploads\/2024\/05\/SKARB_Z_MAGAZYNU_14.05.2024_02-1024x1536.jpg 1024w, https:\/\/sybir.bialystok.pl\/wp-content\/uploads\/2024\/05\/SKARB_Z_MAGAZYNU_14.05.2024_02.jpg 1365w\" sizes=\"auto, (max-width: 683px) 100vw, 683px\" \/><\/figure>\n\n\n\n<figure class=\"wp-block-image size-large\"><img loading=\"lazy\" decoding=\"async\" width=\"1024\" height=\"683\" data-id=\"29119\" src=\"https:\/\/sybir.bialystok.pl\/wp-content\/uploads\/2024\/05\/SKARB_Z_MAGAZYNU_14.05.2024_06-1024x683.jpg\" alt=\"\" class=\"wp-image-29119\" srcset=\"https:\/\/sybir.bialystok.pl\/wp-content\/uploads\/2024\/05\/SKARB_Z_MAGAZYNU_14.05.2024_06-1024x683.jpg 1024w, https:\/\/sybir.bialystok.pl\/wp-content\/uploads\/2024\/05\/SKARB_Z_MAGAZYNU_14.05.2024_06-300x200.jpg 300w, https:\/\/sybir.bialystok.pl\/wp-content\/uploads\/2024\/05\/SKARB_Z_MAGAZYNU_14.05.2024_06-768x512.jpg 768w, https:\/\/sybir.bialystok.pl\/wp-content\/uploads\/2024\/05\/SKARB_Z_MAGAZYNU_14.05.2024_06-1536x1024.jpg 1536w, https:\/\/sybir.bialystok.pl\/wp-content\/uploads\/2024\/05\/SKARB_Z_MAGAZYNU_14.05.2024_06.jpg 2048w\" sizes=\"auto, (max-width: 1024px) 100vw, 1024px\" \/><\/figure>\n<\/figure>\n\n\n\n<h2 class=\"wp-block-heading\">MEMORABILIA FOR FUTURE GENERATIONS<\/h2>\n\n\n\n<p>Memorabilia that drift into the museum, will not be stored only in the warehouses. We want to show them at the permanent exhibition and temporary exhibitions, use them in educational and cultural activities, present them in the museum\u2019s publications and make them available in the online catalog. All of this to serve the present and future generations.<\/p>\n\n\n\n<p><\/p>\n\n\n\n<figure class=\"wp-block-gallery has-nested-images columns-default is-cropped wp-block-gallery-3 is-layout-flex wp-block-gallery-is-layout-flex\">\n<figure class=\"wp-block-image size-large\"><img loading=\"lazy\" decoding=\"async\" width=\"1024\" height=\"683\" data-id=\"30194\" src=\"https:\/\/sybir.bialystok.pl\/wp-content\/uploads\/2024\/07\/konserwacja_fotografii_Gleba_Bogdanowicza_12.23_003-1024x683.jpg\" alt=\"\" class=\"wp-image-30194\" srcset=\"https:\/\/sybir.bialystok.pl\/wp-content\/uploads\/2024\/07\/konserwacja_fotografii_Gleba_Bogdanowicza_12.23_003-1024x683.jpg 1024w, https:\/\/sybir.bialystok.pl\/wp-content\/uploads\/2024\/07\/konserwacja_fotografii_Gleba_Bogdanowicza_12.23_003-300x200.jpg 300w, https:\/\/sybir.bialystok.pl\/wp-content\/uploads\/2024\/07\/konserwacja_fotografii_Gleba_Bogdanowicza_12.23_003-768x512.jpg 768w, https:\/\/sybir.bialystok.pl\/wp-content\/uploads\/2024\/07\/konserwacja_fotografii_Gleba_Bogdanowicza_12.23_003-1536x1024.jpg 1536w, https:\/\/sybir.bialystok.pl\/wp-content\/uploads\/2024\/07\/konserwacja_fotografii_Gleba_Bogdanowicza_12.23_003.jpg 2048w\" sizes=\"auto, (max-width: 1024px) 100vw, 1024px\" \/><\/figure>\n\n\n\n<figure class=\"wp-block-image size-large\"><img loading=\"lazy\" decoding=\"async\" width=\"683\" height=\"1024\" data-id=\"30189\" src=\"https:\/\/sybir.bialystok.pl\/wp-content\/uploads\/2024\/07\/konserwacja_fotografii_Gleba_Bogdanowicza_12.23_004-683x1024.jpg\" alt=\"\" class=\"wp-image-30189\" srcset=\"https:\/\/sybir.bialystok.pl\/wp-content\/uploads\/2024\/07\/konserwacja_fotografii_Gleba_Bogdanowicza_12.23_004-683x1024.jpg 683w, https:\/\/sybir.bialystok.pl\/wp-content\/uploads\/2024\/07\/konserwacja_fotografii_Gleba_Bogdanowicza_12.23_004-200x300.jpg 200w, https:\/\/sybir.bialystok.pl\/wp-content\/uploads\/2024\/07\/konserwacja_fotografii_Gleba_Bogdanowicza_12.23_004-768x1152.jpg 768w, https:\/\/sybir.bialystok.pl\/wp-content\/uploads\/2024\/07\/konserwacja_fotografii_Gleba_Bogdanowicza_12.23_004-1024x1536.jpg 1024w, https:\/\/sybir.bialystok.pl\/wp-content\/uploads\/2024\/07\/konserwacja_fotografii_Gleba_Bogdanowicza_12.23_004.jpg 1365w\" sizes=\"auto, (max-width: 683px) 100vw, 683px\" \/><\/figure>\n\n\n\n<figure class=\"wp-block-image size-large\"><img loading=\"lazy\" decoding=\"async\" width=\"1024\" height=\"683\" data-id=\"30192\" src=\"https:\/\/sybir.bialystok.pl\/wp-content\/uploads\/2024\/07\/konserwacja_fotografii_Gleba_Bogdanowicza_12.23_006-1024x683.jpg\" alt=\"\" class=\"wp-image-30192\" srcset=\"https:\/\/sybir.bialystok.pl\/wp-content\/uploads\/2024\/07\/konserwacja_fotografii_Gleba_Bogdanowicza_12.23_006-1024x683.jpg 1024w, https:\/\/sybir.bialystok.pl\/wp-content\/uploads\/2024\/07\/konserwacja_fotografii_Gleba_Bogdanowicza_12.23_006-300x200.jpg 300w, https:\/\/sybir.bialystok.pl\/wp-content\/uploads\/2024\/07\/konserwacja_fotografii_Gleba_Bogdanowicza_12.23_006-768x512.jpg 768w, https:\/\/sybir.bialystok.pl\/wp-content\/uploads\/2024\/07\/konserwacja_fotografii_Gleba_Bogdanowicza_12.23_006-1536x1024.jpg 1536w, https:\/\/sybir.bialystok.pl\/wp-content\/uploads\/2024\/07\/konserwacja_fotografii_Gleba_Bogdanowicza_12.23_006.jpg 2048w\" sizes=\"auto, (max-width: 1024px) 100vw, 1024px\" \/><\/figure>\n<\/figure>\n\n\n\n<div style=\"height:20px\" aria-hidden=\"true\" class=\"wp-block-spacer\"><\/div>\n\n\n\n<p>To gain more information, please contact Katarzyna \u015aliwowska, the Manager of the Collection Department :<\/p>\n\n\n\n<ul class=\"wp-block-list\">\n<li>phone number:<strong> +48\u00a0795 650 760<\/strong><\/li>\n\n\n\n<li>e-mail:<strong>\u00a0<\/strong><a href=\"mailto:k.sliwowska@sybir.bialystok.pl\"><strong>k.sliwowska@sybir.bialystok.pl<\/strong><\/a><\/li>\n<\/ul>\n","protected":false},"excerpt":{"rendered":"<p>The Sybir Memorial Museum gathers collections documenting the fate of Polish citizens exiled and deported to Sybir and the settlement of Poles in Russia and the Union of Soviet Socialist Republics.<\/p>\n","protected":false},"author":2,"featured_media":1096,"parent":229,"menu_order":4,"comment_status":"closed","ping_status":"closed","template":"","meta":{"_acf_changed":false,"_editorskit_title_hidden":false,"_editorskit_reading_time":0,"_editorskit_is_block_options_detached":false,"_editorskit_block_options_position":"{}","footnotes":""},"class_list":["post-6240","page","type-page","status-publish","has-post-thumbnail","hentry"],"acf":[],"yoast_head":"<!-- This site is optimized with the Yoast SEO plugin v24.6 - https:\/\/yoast.com\/wordpress\/plugins\/seo\/ -->\n<title>Give an exhibit - Muzeum Pami\u0119ci Sybiru<\/title>\n<meta name=\"description\" content=\"The Sybir Memorial Museum gathers collections documenting the fate of Polish citizens exiled and deported to Sybir and the settlement of Poles in Russia and the Union of Soviet Socialist Republics.\" \/>\n<meta name=\"robots\" content=\"index, follow, max-snippet:-1, max-image-preview:large, max-video-preview:-1\" \/>\n<link rel=\"canonical\" href=\"https:\/\/sybir.bialystok.pl\/en\/support-the-museum\/give-an-exhibit\/\" \/>\n<meta property=\"og:locale\" content=\"en_US\" \/>\n<meta property=\"og:type\" content=\"article\" \/>\n<meta property=\"og:title\" content=\"Give an exhibit - Muzeum Pami\u0119ci Sybiru\" \/>\n<meta property=\"og:description\" content=\"The Sybir Memorial Museum gathers collections documenting the fate of Polish citizens exiled and deported to Sybir and the settlement of Poles in Russia and the Union of Soviet Socialist Republics.\" \/>\n<meta property=\"og:url\" content=\"https:\/\/sybir.bialystok.pl\/en\/support-the-museum\/give-an-exhibit\/\" \/>\n<meta property=\"og:site_name\" content=\"Muzeum Pami\u0119ci Sybiru\" \/>\n<meta property=\"article:modified_time\" content=\"2024-07-10T11:55:56+00:00\" \/>\n<meta property=\"og:image\" content=\"https:\/\/sybir.bialystok.pl\/wp-content\/uploads\/2021\/02\/DSC_0358-scaled.jpg\" \/>\n\t<meta property=\"og:image:width\" content=\"2560\" \/>\n\t<meta property=\"og:image:height\" content=\"1707\" \/>\n\t<meta property=\"og:image:type\" content=\"image\/jpeg\" \/>\n<meta name=\"twitter:card\" content=\"summary_large_image\" \/>\n<meta name=\"twitter:label1\" content=\"Est. reading time\" \/>\n\t<meta name=\"twitter:data1\" content=\"3 minutes\" \/>\n<script type=\"application\/ld+json\" class=\"yoast-schema-graph\">{\"@context\":\"https:\/\/schema.org\",\"@graph\":[{\"@type\":\"WebPage\",\"@id\":\"https:\/\/sybir.bialystok.pl\/en\/support-the-museum\/give-an-exhibit\/\",\"url\":\"https:\/\/sybir.bialystok.pl\/en\/support-the-museum\/give-an-exhibit\/\",\"name\":\"Give an exhibit - Muzeum Pami\u0119ci Sybiru\",\"isPartOf\":{\"@id\":\"https:\/\/sybir.bialystok.pl\/en\/#website\"},\"primaryImageOfPage\":{\"@id\":\"https:\/\/sybir.bialystok.pl\/en\/support-the-museum\/give-an-exhibit\/#primaryimage\"},\"image\":{\"@id\":\"https:\/\/sybir.bialystok.pl\/en\/support-the-museum\/give-an-exhibit\/#primaryimage\"},\"thumbnailUrl\":\"https:\/\/sybir.bialystok.pl\/wp-content\/uploads\/2021\/02\/DSC_0358-scaled.jpg\",\"datePublished\":\"2021-02-15T12:07:47+00:00\",\"dateModified\":\"2024-07-10T11:55:56+00:00\",\"description\":\"The Sybir Memorial Museum gathers collections documenting the fate of Polish citizens exiled and deported to Sybir and the settlement of Poles in Russia and the Union of Soviet Socialist Republics.\",\"breadcrumb\":{\"@id\":\"https:\/\/sybir.bialystok.pl\/en\/support-the-museum\/give-an-exhibit\/#breadcrumb\"},\"inLanguage\":\"en-US\",\"potentialAction\":[{\"@type\":\"ReadAction\",\"target\":[\"https:\/\/sybir.bialystok.pl\/en\/support-the-museum\/give-an-exhibit\/\"]}]},{\"@type\":\"ImageObject\",\"inLanguage\":\"en-US\",\"@id\":\"https:\/\/sybir.bialystok.pl\/en\/support-the-museum\/give-an-exhibit\/#primaryimage\",\"url\":\"https:\/\/sybir.bialystok.pl\/wp-content\/uploads\/2021\/02\/DSC_0358-scaled.jpg\",\"contentUrl\":\"https:\/\/sybir.bialystok.pl\/wp-content\/uploads\/2021\/02\/DSC_0358-scaled.jpg\",\"width\":2560,\"height\":1707},{\"@type\":\"BreadcrumbList\",\"@id\":\"https:\/\/sybir.bialystok.pl\/en\/support-the-museum\/give-an-exhibit\/#breadcrumb\",\"itemListElement\":[{\"@type\":\"ListItem\",\"position\":1,\"name\":\"Home page\",\"item\":\"https:\/\/sybir.bialystok.pl\/en\/\"},{\"@type\":\"ListItem\",\"position\":2,\"name\":\"Support the Museum\",\"item\":\"https:\/\/sybir.bialystok.pl\/en\/support-the-museum\/\"},{\"@type\":\"ListItem\",\"position\":3,\"name\":\"Give an exhibit\"}]},{\"@type\":\"WebSite\",\"@id\":\"https:\/\/sybir.bialystok.pl\/en\/#website\",\"url\":\"https:\/\/sybir.bialystok.pl\/en\/\",\"name\":\"Muzeum Pami\u0119ci Sybiru\",\"description\":\"Muzeum Pami\u0119ci Sybiru jest po\u015bwi\u0119cone ludziom, kt\u00f3rzy od ko\u0144ca XVI a\u017c do po\u0142owy XX wieku byli niewoleni i zsy\u0142ani w g\u0142\u0105b Rosji, a p\u00f3\u017aniej Zwi\u0105zku Sowieckiego, jak te\u017c tym, kt\u00f3rzy pod\u0105\u017cali tam dobrowolnie.\",\"potentialAction\":[{\"@type\":\"SearchAction\",\"target\":{\"@type\":\"EntryPoint\",\"urlTemplate\":\"https:\/\/sybir.bialystok.pl\/en\/?s={search_term_string}\"},\"query-input\":{\"@type\":\"PropertyValueSpecification\",\"valueRequired\":true,\"valueName\":\"search_term_string\"}}],\"inLanguage\":\"en-US\"}]}<\/script>\n<!-- \/ Yoast SEO plugin. -->","yoast_head_json":{"title":"Give an exhibit - Muzeum Pami\u0119ci Sybiru","description":"The Sybir Memorial Museum gathers collections documenting the fate of Polish citizens exiled and deported to Sybir and the settlement of Poles in Russia and the Union of Soviet Socialist Republics.","robots":{"index":"index","follow":"follow","max-snippet":"max-snippet:-1","max-image-preview":"max-image-preview:large","max-video-preview":"max-video-preview:-1"},"canonical":"https:\/\/sybir.bialystok.pl\/en\/support-the-museum\/give-an-exhibit\/","og_locale":"en_US","og_type":"article","og_title":"Give an exhibit - Muzeum Pami\u0119ci Sybiru","og_description":"The Sybir Memorial Museum gathers collections documenting the fate of Polish citizens exiled and deported to Sybir and the settlement of Poles in Russia and the Union of Soviet Socialist Republics.","og_url":"https:\/\/sybir.bialystok.pl\/en\/support-the-museum\/give-an-exhibit\/","og_site_name":"Muzeum Pami\u0119ci Sybiru","article_modified_time":"2024-07-10T11:55:56+00:00","og_image":[{"width":2560,"height":1707,"url":"https:\/\/sybir.bialystok.pl\/wp-content\/uploads\/2021\/02\/DSC_0358-scaled.jpg","type":"image\/jpeg"}],"twitter_card":"summary_large_image","twitter_misc":{"Est. reading time":"3 minutes"},"schema":{"@context":"https:\/\/schema.org","@graph":[{"@type":"WebPage","@id":"https:\/\/sybir.bialystok.pl\/en\/support-the-museum\/give-an-exhibit\/","url":"https:\/\/sybir.bialystok.pl\/en\/support-the-museum\/give-an-exhibit\/","name":"Give an exhibit - Muzeum Pami\u0119ci Sybiru","isPartOf":{"@id":"https:\/\/sybir.bialystok.pl\/en\/#website"},"primaryImageOfPage":{"@id":"https:\/\/sybir.bialystok.pl\/en\/support-the-museum\/give-an-exhibit\/#primaryimage"},"image":{"@id":"https:\/\/sybir.bialystok.pl\/en\/support-the-museum\/give-an-exhibit\/#primaryimage"},"thumbnailUrl":"https:\/\/sybir.bialystok.pl\/wp-content\/uploads\/2021\/02\/DSC_0358-scaled.jpg","datePublished":"2021-02-15T12:07:47+00:00","dateModified":"2024-07-10T11:55:56+00:00","description":"The Sybir Memorial Museum gathers collections documenting the fate of Polish citizens exiled and deported to Sybir and the settlement of Poles in Russia and the Union of Soviet Socialist Republics.","breadcrumb":{"@id":"https:\/\/sybir.bialystok.pl\/en\/support-the-museum\/give-an-exhibit\/#breadcrumb"},"inLanguage":"en-US","potentialAction":[{"@type":"ReadAction","target":["https:\/\/sybir.bialystok.pl\/en\/support-the-museum\/give-an-exhibit\/"]}]},{"@type":"ImageObject","inLanguage":"en-US","@id":"https:\/\/sybir.bialystok.pl\/en\/support-the-museum\/give-an-exhibit\/#primaryimage","url":"https:\/\/sybir.bialystok.pl\/wp-content\/uploads\/2021\/02\/DSC_0358-scaled.jpg","contentUrl":"https:\/\/sybir.bialystok.pl\/wp-content\/uploads\/2021\/02\/DSC_0358-scaled.jpg","width":2560,"height":1707},{"@type":"BreadcrumbList","@id":"https:\/\/sybir.bialystok.pl\/en\/support-the-museum\/give-an-exhibit\/#breadcrumb","itemListElement":[{"@type":"ListItem","position":1,"name":"Home page","item":"https:\/\/sybir.bialystok.pl\/en\/"},{"@type":"ListItem","position":2,"name":"Support the Museum","item":"https:\/\/sybir.bialystok.pl\/en\/support-the-museum\/"},{"@type":"ListItem","position":3,"name":"Give an exhibit"}]},{"@type":"WebSite","@id":"https:\/\/sybir.bialystok.pl\/en\/#website","url":"https:\/\/sybir.bialystok.pl\/en\/","name":"Muzeum Pami\u0119ci Sybiru","description":"Muzeum Pami\u0119ci Sybiru jest po\u015bwi\u0119cone ludziom, kt\u00f3rzy od ko\u0144ca XVI a\u017c do po\u0142owy XX wieku byli niewoleni i zsy\u0142ani w g\u0142\u0105b Rosji, a p\u00f3\u017aniej Zwi\u0105zku Sowieckiego, jak te\u017c tym, kt\u00f3rzy pod\u0105\u017cali tam dobrowolnie.","potentialAction":[{"@type":"SearchAction","target":{"@type":"EntryPoint","urlTemplate":"https:\/\/sybir.bialystok.pl\/en\/?s={search_term_string}"},"query-input":{"@type":"PropertyValueSpecification","valueRequired":true,"valueName":"search_term_string"}}],"inLanguage":"en-US"}]}},"_links":{"self":[{"href":"https:\/\/sybir.bialystok.pl\/en\/wp-json\/wp\/v2\/pages\/6240","targetHints":{"allow":["GET"]}}],"collection":[{"href":"https:\/\/sybir.bialystok.pl\/en\/wp-json\/wp\/v2\/pages"}],"about":[{"href":"https:\/\/sybir.bialystok.pl\/en\/wp-json\/wp\/v2\/types\/page"}],"author":[{"embeddable":true,"href":"https:\/\/sybir.bialystok.pl\/en\/wp-json\/wp\/v2\/users\/2"}],"replies":[{"embeddable":true,"href":"https:\/\/sybir.bialystok.pl\/en\/wp-json\/wp\/v2\/comments?post=6240"}],"version-history":[{"count":4,"href":"https:\/\/sybir.bialystok.pl\/en\/wp-json\/wp\/v2\/pages\/6240\/revisions"}],"predecessor-version":[{"id":30211,"href":"https:\/\/sybir.bialystok.pl\/en\/wp-json\/wp\/v2\/pages\/6240\/revisions\/30211"}],"up":[{"embeddable":true,"href":"https:\/\/sybir.bialystok.pl\/en\/wp-json\/wp\/v2\/pages\/229"}],"wp:featuredmedia":[{"embeddable":true,"href":"https:\/\/sybir.bialystok.pl\/en\/wp-json\/wp\/v2\/media\/1096"}],"wp:attachment":[{"href":"https:\/\/sybir.bialystok.pl\/en\/wp-json\/wp\/v2\/media?parent=6240"}],"curies":[{"name":"wp","href":"https:\/\/api.w.org\/{rel}","templated":true}]}}