{"id":6236,"date":"2021-02-15T13:07:06","date_gmt":"2021-02-15T12:07:06","guid":{"rendered":"https:\/\/sybir.bialystok.pl\/wesprzyj-muzeum\/zostan-fundatorem\/"},"modified":"2026-01-07T14:52:43","modified_gmt":"2026-01-07T13:52:43","slug":"become-a-donor","status":"publish","type":"page","link":"https:\/\/sybir.bialystok.pl\/en\/support-the-museum\/become-a-donor\/","title":{"rendered":"Become a donor"},"content":{"rendered":"\n<figure class=\"wp-block-gallery has-nested-images columns-default is-cropped wp-block-gallery-1 is-layout-flex wp-block-gallery-is-layout-flex\">\n<figure class=\"wp-block-image size-large\"><img loading=\"lazy\" decoding=\"async\" width=\"1024\" height=\"683\" data-id=\"5162\" src=\"https:\/\/sybir.bialystok.pl\/wp-content\/uploads\/2021\/05\/Darczyncy-3-1024x683.jpg\" alt=\"\" class=\"wp-image-5162\" srcset=\"https:\/\/sybir.bialystok.pl\/wp-content\/uploads\/2021\/05\/Darczyncy-3-1024x683.jpg 1024w, https:\/\/sybir.bialystok.pl\/wp-content\/uploads\/2021\/05\/Darczyncy-3-300x200.jpg 300w, https:\/\/sybir.bialystok.pl\/wp-content\/uploads\/2021\/05\/Darczyncy-3-768x512.jpg 768w, https:\/\/sybir.bialystok.pl\/wp-content\/uploads\/2021\/05\/Darczyncy-3.jpg 1151w\" sizes=\"auto, (max-width: 1024px) 100vw, 1024px\" \/><\/figure>\n<\/figure>\n\n\n\n<div style=\"height:20px\" aria-hidden=\"true\" class=\"wp-block-spacer\"><\/div>\n\n\n\n<p>Together, we create the Sybir Memorial Museum! It\u2019s not only a place, but most of all, the people, their memories and the memories related to it.<\/p>\n\n\n\n<p>Even the smallest amount of money allows the institution to keep developing and helps saving from oblivion the history of thousands of the <em>Sybiraks<\/em>.<\/p>\n\n\n\n<h2 class=\"wp-block-heading\"><strong>WE ARE THANKFUL FOR EACH SUPPORT!<\/strong><\/h2>\n\n\n\n<div style=\"height:20px\" aria-hidden=\"true\" class=\"wp-block-spacer\"><\/div>\n\n\n\n<figure class=\"wp-block-gallery has-nested-images columns-0 is-cropped wp-block-gallery-2 is-layout-flex wp-block-gallery-is-layout-flex\">\n<figure class=\"wp-block-image size-large\"><a href=\"https:\/\/sybir.bialystok.pl\/wp-content\/uploads\/2021\/05\/Darczyncy-1-1024x683.jpg\"><img loading=\"lazy\" decoding=\"async\" width=\"1024\" height=\"683\" data-id=\"5165\" src=\"https:\/\/sybir.bialystok.pl\/wp-content\/uploads\/2021\/05\/Darczyncy-1-1024x683.jpg\" alt=\"\" class=\"wp-image-5165\" srcset=\"https:\/\/sybir.bialystok.pl\/wp-content\/uploads\/2021\/05\/Darczyncy-1-1024x683.jpg 1024w, https:\/\/sybir.bialystok.pl\/wp-content\/uploads\/2021\/05\/Darczyncy-1-300x200.jpg 300w, https:\/\/sybir.bialystok.pl\/wp-content\/uploads\/2021\/05\/Darczyncy-1-768x512.jpg 768w, https:\/\/sybir.bialystok.pl\/wp-content\/uploads\/2021\/05\/Darczyncy-1.jpg 1151w\" sizes=\"auto, (max-width: 1024px) 100vw, 1024px\" \/><\/a><\/figure>\n\n\n\n<figure class=\"wp-block-image size-large\"><a href=\"https:\/\/sybir.bialystok.pl\/wp-content\/uploads\/2021\/05\/Darczyncy-2-1024x683.jpg\"><img loading=\"lazy\" decoding=\"async\" width=\"1024\" height=\"683\" data-id=\"5168\" src=\"https:\/\/sybir.bialystok.pl\/wp-content\/uploads\/2021\/05\/Darczyncy-2-1024x683.jpg\" alt=\"\" class=\"wp-image-5168\" srcset=\"https:\/\/sybir.bialystok.pl\/wp-content\/uploads\/2021\/05\/Darczyncy-2-1024x683.jpg 1024w, https:\/\/sybir.bialystok.pl\/wp-content\/uploads\/2021\/05\/Darczyncy-2-300x200.jpg 300w, https:\/\/sybir.bialystok.pl\/wp-content\/uploads\/2021\/05\/Darczyncy-2-768x512.jpg 768w, https:\/\/sybir.bialystok.pl\/wp-content\/uploads\/2021\/05\/Darczyncy-2.jpg 1151w\" sizes=\"auto, (max-width: 1024px) 100vw, 1024px\" \/><\/a><\/figure>\n<\/figure>\n\n\n\n<div style=\"height:25px\" aria-hidden=\"true\" class=\"wp-block-spacer\"><\/div>\n\n\n\n<p>Expressing our thankfulness to the Friends and the Donors of the Sybir Memorial Museum, we remember about them while praying during each Mass booked on Sunday proceeding the anniversary of the second deportation (April 13, 1940). A tribute to the people supporting the Museum is also Donor Day, organized in September within the International March of Remembrance of the Sybiraks.<\/p>\n\n\n\n<p>Well-deserved donors are honored with a statue and permanently remembered in the space of the Sybir Memorial Museum.<\/p>\n\n\n\n<p>Thank you!<\/p>\n\n\n\n<div style=\"height:10px\" aria-hidden=\"true\" class=\"wp-block-spacer\"><\/div>\n\n\n\n<figure class=\"wp-block-gallery has-nested-images columns-default is-cropped wp-block-gallery-3 is-layout-flex wp-block-gallery-is-layout-flex\">\n<figure class=\"wp-block-image size-large\"><a href=\"https:\/\/sybir.bialystok.pl\/wp-content\/uploads\/2021\/04\/Wesprzyh-Muzeum-1024x684.jpg\"><img loading=\"lazy\" decoding=\"async\" width=\"1024\" height=\"684\" data-id=\"4425\" src=\"https:\/\/sybir.bialystok.pl\/wp-content\/uploads\/2021\/04\/Wesprzyh-Muzeum-1024x684.jpg\" alt=\"\" class=\"wp-image-4425\" srcset=\"https:\/\/sybir.bialystok.pl\/wp-content\/uploads\/2021\/04\/Wesprzyh-Muzeum-1024x684.jpg 1024w, https:\/\/sybir.bialystok.pl\/wp-content\/uploads\/2021\/04\/Wesprzyh-Muzeum-300x201.jpg 300w, https:\/\/sybir.bialystok.pl\/wp-content\/uploads\/2021\/04\/Wesprzyh-Muzeum-768x513.jpg 768w, https:\/\/sybir.bialystok.pl\/wp-content\/uploads\/2021\/04\/Wesprzyh-Muzeum-1536x1027.jpg 1536w, https:\/\/sybir.bialystok.pl\/wp-content\/uploads\/2021\/04\/Wesprzyh-Muzeum-2048x1369.jpg 2048w\" sizes=\"auto, (max-width: 1024px) 100vw, 1024px\" \/><\/a><\/figure>\n<\/figure>\n\n\n\n<div style=\"height:20px\" aria-hidden=\"true\" class=\"wp-block-spacer\"><\/div>\n\n\n\n<h2 class=\"wp-block-heading\" id=\"block-697e10c3-8b37-4e18-ac17-662bcea3d868\">SUPPORT THE MUSEUM<\/h2>\n\n\n\n<p><strong>Support the Sybir Memorial Museum<\/strong><\/p>\n\n\n\n<ul class=\"wp-block-list\">\n<li>number of the bank account: <strong><strong>58 1240 2890 1111 0010 7275 1313<\/strong><\/strong> with the information: <em>Donation for statutory purposes of the Sybir Memorial Museum<\/em><\/li>\n\n\n\n<li>phone number: <strong>+48 85&nbsp;672 36 01<\/strong><\/li>\n\n\n\n<li>e-mail: <a href=\"mailto:sekretariat@sybir.bialystok.pl\"><strong>sekretariat@sybir.bialystok.pl<\/strong><\/a><\/li>\n<\/ul>\n\n\n\n<div style=\"height:40px\" aria-hidden=\"true\" class=\"wp-block-spacer\"><\/div>\n","protected":false},"excerpt":{"rendered":"<p>We care for the memories of Sybir for the next generations.<br \/>\nSupport us in the actions!<\/p>\n","protected":false},"author":2,"featured_media":2497,"parent":229,"menu_order":2,"comment_status":"closed","ping_status":"closed","template":"","meta":{"_acf_changed":false,"_editorskit_title_hidden":false,"_editorskit_reading_time":0,"_editorskit_is_block_options_detached":false,"_editorskit_block_options_position":"{}","footnotes":""},"class_list":["post-6236","page","type-page","status-publish","has-post-thumbnail","hentry"],"acf":[],"yoast_head":"<!-- This site is optimized with the Yoast SEO plugin v24.6 - https:\/\/yoast.com\/wordpress\/plugins\/seo\/ -->\n<title>Become a donor - Muzeum Pami\u0119ci Sybiru<\/title>\n<meta name=\"description\" content=\"We care for the memories of Sybir for the next generations.Support us in the actions!\" \/>\n<meta name=\"robots\" content=\"index, follow, max-snippet:-1, max-image-preview:large, max-video-preview:-1\" \/>\n<link rel=\"canonical\" href=\"https:\/\/sybir.bialystok.pl\/en\/support-the-museum\/become-a-donor\/\" \/>\n<meta property=\"og:locale\" content=\"en_US\" \/>\n<meta property=\"og:type\" content=\"article\" \/>\n<meta property=\"og:title\" content=\"Become a donor - Muzeum Pami\u0119ci Sybiru\" \/>\n<meta property=\"og:description\" content=\"We care for the memories of Sybir for the next generations.Support us in the actions!\" \/>\n<meta property=\"og:url\" content=\"https:\/\/sybir.bialystok.pl\/en\/support-the-museum\/become-a-donor\/\" \/>\n<meta property=\"og:site_name\" content=\"Muzeum Pami\u0119ci Sybiru\" \/>\n<meta property=\"article:modified_time\" content=\"2026-01-07T13:52:43+00:00\" \/>\n<meta property=\"og:image\" content=\"https:\/\/sybir.bialystok.pl\/wp-content\/uploads\/2021\/03\/Wesprzyj-Muzeum.png\" \/>\n\t<meta property=\"og:image:width\" content=\"1490\" \/>\n\t<meta property=\"og:image:height\" content=\"940\" \/>\n\t<meta property=\"og:image:type\" content=\"image\/png\" \/>\n<meta name=\"twitter:card\" content=\"summary_large_image\" \/>\n<meta name=\"twitter:label1\" content=\"Est. reading time\" \/>\n\t<meta name=\"twitter:data1\" content=\"2 minutes\" \/>\n<script type=\"application\/ld+json\" class=\"yoast-schema-graph\">{\"@context\":\"https:\/\/schema.org\",\"@graph\":[{\"@type\":\"WebPage\",\"@id\":\"https:\/\/sybir.bialystok.pl\/en\/support-the-museum\/become-a-donor\/\",\"url\":\"https:\/\/sybir.bialystok.pl\/en\/support-the-museum\/become-a-donor\/\",\"name\":\"Become a donor - Muzeum Pami\u0119ci Sybiru\",\"isPartOf\":{\"@id\":\"https:\/\/sybir.bialystok.pl\/en\/#website\"},\"primaryImageOfPage\":{\"@id\":\"https:\/\/sybir.bialystok.pl\/en\/support-the-museum\/become-a-donor\/#primaryimage\"},\"image\":{\"@id\":\"https:\/\/sybir.bialystok.pl\/en\/support-the-museum\/become-a-donor\/#primaryimage\"},\"thumbnailUrl\":\"https:\/\/sybir.bialystok.pl\/wp-content\/uploads\/2021\/03\/Wesprzyj-Muzeum.png\",\"datePublished\":\"2021-02-15T12:07:06+00:00\",\"dateModified\":\"2026-01-07T13:52:43+00:00\",\"description\":\"We care for the memories of Sybir for the next generations.Support us in the actions!\",\"breadcrumb\":{\"@id\":\"https:\/\/sybir.bialystok.pl\/en\/support-the-museum\/become-a-donor\/#breadcrumb\"},\"inLanguage\":\"en-US\",\"potentialAction\":[{\"@type\":\"ReadAction\",\"target\":[\"https:\/\/sybir.bialystok.pl\/en\/support-the-museum\/become-a-donor\/\"]}]},{\"@type\":\"ImageObject\",\"inLanguage\":\"en-US\",\"@id\":\"https:\/\/sybir.bialystok.pl\/en\/support-the-museum\/become-a-donor\/#primaryimage\",\"url\":\"https:\/\/sybir.bialystok.pl\/wp-content\/uploads\/2021\/03\/Wesprzyj-Muzeum.png\",\"contentUrl\":\"https:\/\/sybir.bialystok.pl\/wp-content\/uploads\/2021\/03\/Wesprzyj-Muzeum.png\",\"width\":1490,\"height\":940},{\"@type\":\"BreadcrumbList\",\"@id\":\"https:\/\/sybir.bialystok.pl\/en\/support-the-museum\/become-a-donor\/#breadcrumb\",\"itemListElement\":[{\"@type\":\"ListItem\",\"position\":1,\"name\":\"Home page\",\"item\":\"https:\/\/sybir.bialystok.pl\/en\/\"},{\"@type\":\"ListItem\",\"position\":2,\"name\":\"Support the Museum\",\"item\":\"https:\/\/sybir.bialystok.pl\/en\/support-the-museum\/\"},{\"@type\":\"ListItem\",\"position\":3,\"name\":\"Become a donor\"}]},{\"@type\":\"WebSite\",\"@id\":\"https:\/\/sybir.bialystok.pl\/en\/#website\",\"url\":\"https:\/\/sybir.bialystok.pl\/en\/\",\"name\":\"Muzeum Pami\u0119ci Sybiru\",\"description\":\"Muzeum Pami\u0119ci Sybiru jest po\u015bwi\u0119cone ludziom, kt\u00f3rzy od ko\u0144ca XVI a\u017c do po\u0142owy XX wieku byli niewoleni i zsy\u0142ani w g\u0142\u0105b Rosji, a p\u00f3\u017aniej Zwi\u0105zku Sowieckiego, jak te\u017c tym, kt\u00f3rzy pod\u0105\u017cali tam dobrowolnie.\",\"potentialAction\":[{\"@type\":\"SearchAction\",\"target\":{\"@type\":\"EntryPoint\",\"urlTemplate\":\"https:\/\/sybir.bialystok.pl\/en\/?s={search_term_string}\"},\"query-input\":{\"@type\":\"PropertyValueSpecification\",\"valueRequired\":true,\"valueName\":\"search_term_string\"}}],\"inLanguage\":\"en-US\"}]}<\/script>\n<!-- \/ Yoast SEO plugin. -->","yoast_head_json":{"title":"Become a donor - Muzeum Pami\u0119ci Sybiru","description":"We care for the memories of Sybir for the next generations.Support us in the actions!","robots":{"index":"index","follow":"follow","max-snippet":"max-snippet:-1","max-image-preview":"max-image-preview:large","max-video-preview":"max-video-preview:-1"},"canonical":"https:\/\/sybir.bialystok.pl\/en\/support-the-museum\/become-a-donor\/","og_locale":"en_US","og_type":"article","og_title":"Become a donor - Muzeum Pami\u0119ci Sybiru","og_description":"We care for the memories of Sybir for the next generations.Support us in the actions!","og_url":"https:\/\/sybir.bialystok.pl\/en\/support-the-museum\/become-a-donor\/","og_site_name":"Muzeum Pami\u0119ci Sybiru","article_modified_time":"2026-01-07T13:52:43+00:00","og_image":[{"width":1490,"height":940,"url":"https:\/\/sybir.bialystok.pl\/wp-content\/uploads\/2021\/03\/Wesprzyj-Muzeum.png","type":"image\/png"}],"twitter_card":"summary_large_image","twitter_misc":{"Est. reading time":"2 minutes"},"schema":{"@context":"https:\/\/schema.org","@graph":[{"@type":"WebPage","@id":"https:\/\/sybir.bialystok.pl\/en\/support-the-museum\/become-a-donor\/","url":"https:\/\/sybir.bialystok.pl\/en\/support-the-museum\/become-a-donor\/","name":"Become a donor - Muzeum Pami\u0119ci Sybiru","isPartOf":{"@id":"https:\/\/sybir.bialystok.pl\/en\/#website"},"primaryImageOfPage":{"@id":"https:\/\/sybir.bialystok.pl\/en\/support-the-museum\/become-a-donor\/#primaryimage"},"image":{"@id":"https:\/\/sybir.bialystok.pl\/en\/support-the-museum\/become-a-donor\/#primaryimage"},"thumbnailUrl":"https:\/\/sybir.bialystok.pl\/wp-content\/uploads\/2021\/03\/Wesprzyj-Muzeum.png","datePublished":"2021-02-15T12:07:06+00:00","dateModified":"2026-01-07T13:52:43+00:00","description":"We care for the memories of Sybir for the next generations.Support us in the actions!","breadcrumb":{"@id":"https:\/\/sybir.bialystok.pl\/en\/support-the-museum\/become-a-donor\/#breadcrumb"},"inLanguage":"en-US","potentialAction":[{"@type":"ReadAction","target":["https:\/\/sybir.bialystok.pl\/en\/support-the-museum\/become-a-donor\/"]}]},{"@type":"ImageObject","inLanguage":"en-US","@id":"https:\/\/sybir.bialystok.pl\/en\/support-the-museum\/become-a-donor\/#primaryimage","url":"https:\/\/sybir.bialystok.pl\/wp-content\/uploads\/2021\/03\/Wesprzyj-Muzeum.png","contentUrl":"https:\/\/sybir.bialystok.pl\/wp-content\/uploads\/2021\/03\/Wesprzyj-Muzeum.png","width":1490,"height":940},{"@type":"BreadcrumbList","@id":"https:\/\/sybir.bialystok.pl\/en\/support-the-museum\/become-a-donor\/#breadcrumb","itemListElement":[{"@type":"ListItem","position":1,"name":"Home page","item":"https:\/\/sybir.bialystok.pl\/en\/"},{"@type":"ListItem","position":2,"name":"Support the Museum","item":"https:\/\/sybir.bialystok.pl\/en\/support-the-museum\/"},{"@type":"ListItem","position":3,"name":"Become a donor"}]},{"@type":"WebSite","@id":"https:\/\/sybir.bialystok.pl\/en\/#website","url":"https:\/\/sybir.bialystok.pl\/en\/","name":"Muzeum Pami\u0119ci Sybiru","description":"Muzeum Pami\u0119ci Sybiru jest po\u015bwi\u0119cone ludziom, kt\u00f3rzy od ko\u0144ca XVI a\u017c do po\u0142owy XX wieku byli niewoleni i zsy\u0142ani w g\u0142\u0105b Rosji, a p\u00f3\u017aniej Zwi\u0105zku Sowieckiego, jak te\u017c tym, kt\u00f3rzy pod\u0105\u017cali tam dobrowolnie.","potentialAction":[{"@type":"SearchAction","target":{"@type":"EntryPoint","urlTemplate":"https:\/\/sybir.bialystok.pl\/en\/?s={search_term_string}"},"query-input":{"@type":"PropertyValueSpecification","valueRequired":true,"valueName":"search_term_string"}}],"inLanguage":"en-US"}]}},"_links":{"self":[{"href":"https:\/\/sybir.bialystok.pl\/en\/wp-json\/wp\/v2\/pages\/6236","targetHints":{"allow":["GET"]}}],"collection":[{"href":"https:\/\/sybir.bialystok.pl\/en\/wp-json\/wp\/v2\/pages"}],"about":[{"href":"https:\/\/sybir.bialystok.pl\/en\/wp-json\/wp\/v2\/types\/page"}],"author":[{"embeddable":true,"href":"https:\/\/sybir.bialystok.pl\/en\/wp-json\/wp\/v2\/users\/2"}],"replies":[{"embeddable":true,"href":"https:\/\/sybir.bialystok.pl\/en\/wp-json\/wp\/v2\/comments?post=6236"}],"version-history":[{"count":8,"href":"https:\/\/sybir.bialystok.pl\/en\/wp-json\/wp\/v2\/pages\/6236\/revisions"}],"predecessor-version":[{"id":42668,"href":"https:\/\/sybir.bialystok.pl\/en\/wp-json\/wp\/v2\/pages\/6236\/revisions\/42668"}],"up":[{"embeddable":true,"href":"https:\/\/sybir.bialystok.pl\/en\/wp-json\/wp\/v2\/pages\/229"}],"wp:featuredmedia":[{"embeddable":true,"href":"https:\/\/sybir.bialystok.pl\/en\/wp-json\/wp\/v2\/media\/2497"}],"wp:attachment":[{"href":"https:\/\/sybir.bialystok.pl\/en\/wp-json\/wp\/v2\/media?parent=6236"}],"curies":[{"name":"wp","href":"https:\/\/api.w.org\/{rel}","templated":true}]}}