{"id":6227,"date":"2021-02-15T12:31:32","date_gmt":"2021-02-15T11:31:32","guid":{"rendered":"https:\/\/sybir.bialystok.pl\/sklep-stacjonarny-mps\/"},"modified":"2024-02-02T16:01:41","modified_gmt":"2024-02-02T15:01:41","slug":"stationary-shop","status":"publish","type":"page","link":"https:\/\/sybir.bialystok.pl\/en\/plan-your-visit\/plan-your-time-in-the-museum\/stationary-shop\/","title":{"rendered":"Stationary shop"},"content":{"rendered":"\n<figure class=\"wp-block-gallery has-nested-images columns-default is-cropped wp-block-gallery-1 is-layout-flex wp-block-gallery-is-layout-flex\">\n<figure class=\"wp-block-image size-large\"><a href=\"https:\/\/sybir.bialystok.pl\/wp-content\/uploads\/2021\/07\/DSC09968-Sredni-1024x683.jpg\"><img loading=\"lazy\" decoding=\"async\" width=\"1024\" height=\"683\" data-id=\"6010\" src=\"https:\/\/sybir.bialystok.pl\/wp-content\/uploads\/2021\/07\/DSC09968-Sredni-1024x683.jpg\" alt=\"\" class=\"wp-image-6010\" srcset=\"https:\/\/sybir.bialystok.pl\/wp-content\/uploads\/2021\/07\/DSC09968-Sredni-1024x683.jpg 1024w, https:\/\/sybir.bialystok.pl\/wp-content\/uploads\/2021\/07\/DSC09968-Sredni-300x200.jpg 300w, https:\/\/sybir.bialystok.pl\/wp-content\/uploads\/2021\/07\/DSC09968-Sredni-768x512.jpg 768w, https:\/\/sybir.bialystok.pl\/wp-content\/uploads\/2021\/07\/DSC09968-Sredni.jpg 1152w\" sizes=\"auto, (max-width: 1024px) 100vw, 1024px\" \/><\/a><\/figure>\n<\/figure>\n\n\n\n<p>Our shop specializes in publications and historical souvenirs \u2014 Siberian and Sybir. The offer includes publishing series of the Sybir Memorial Museum, thematic publications, catalogs of exhibitions and collections, as well as books of numerous cooperating publishers. We also sell museum gadgets that will be a great souvenir or gift.<\/p>\n\n\n\n<p>All products can also be ordered online. We invite you to shop through the official website of the store \u2013 <a href=\"http:\/\/www.sklep-sybir.pl\">www.sklep-sybir.pl<\/a>. <\/p>\n\n\n\n<h2 class=\"wp-block-heading\">WORKING HOURS OF THE MUSEUM SHOP<\/h2>\n\n\n\n<ul class=\"wp-block-list\">\n<li>Monday \u2014 Closed<\/li>\n\n\n\n<li>Tuesday \u2014 10:00 a.m.\u22125:15 p.m.<\/li>\n\n\n\n<li>Wednesday \u2014 10:00 a.m.\u22125:15 p.m.<\/li>\n\n\n\n<li>Thursday \u2014 10:00 a.m.\u22125:15 p.m.<\/li>\n\n\n\n<li>Friday \u2014 10:00 a.m.\u22125:15 p.m.<\/li>\n\n\n\n<li>Saturday \u2014 11:00 a.m.\u22126:15 p.m.<\/li>\n\n\n\n<li>Sunday \u2014 10:00 a.m.\u22125:15 p.m.<\/li>\n<\/ul>\n","protected":false},"excerpt":{"rendered":"<p>The Sybir Memorial Museum stationary shop is located on the first floor, at the exit of the permanent exhibition.<\/p>\n","protected":false},"author":2,"featured_media":7185,"parent":6682,"menu_order":1,"comment_status":"closed","ping_status":"closed","template":"","meta":{"_acf_changed":false,"_editorskit_title_hidden":false,"_editorskit_reading_time":0,"_editorskit_is_block_options_detached":false,"_editorskit_block_options_position":"{}","footnotes":""},"class_list":["post-6227","page","type-page","status-publish","has-post-thumbnail","hentry"],"acf":[],"yoast_head":"<!-- This site is optimized with the Yoast SEO plugin v24.6 - https:\/\/yoast.com\/wordpress\/plugins\/seo\/ -->\n<title>Stationary shop - Muzeum Pami\u0119ci Sybiru<\/title>\n<meta name=\"description\" content=\"The museum&#039;s stationary shop is located on the first floor, at the exit of the permanent exhibition.\" \/>\n<meta name=\"robots\" content=\"index, follow, max-snippet:-1, max-image-preview:large, max-video-preview:-1\" \/>\n<link rel=\"canonical\" href=\"https:\/\/sybir.bialystok.pl\/en\/plan-your-visit\/plan-your-time-in-the-museum\/stationary-shop\/\" \/>\n<meta property=\"og:locale\" content=\"en_US\" \/>\n<meta property=\"og:type\" content=\"article\" \/>\n<meta property=\"og:title\" content=\"Stationary shop - Muzeum Pami\u0119ci Sybiru\" \/>\n<meta property=\"og:description\" content=\"The museum&#039;s stationary shop is located on the first floor, at the exit of the permanent exhibition.\" \/>\n<meta property=\"og:url\" content=\"https:\/\/sybir.bialystok.pl\/en\/plan-your-visit\/plan-your-time-in-the-museum\/stationary-shop\/\" \/>\n<meta property=\"og:site_name\" content=\"Muzeum Pami\u0119ci Sybiru\" \/>\n<meta property=\"article:modified_time\" content=\"2024-02-02T15:01:41+00:00\" \/>\n<meta property=\"og:image\" content=\"https:\/\/sybir.bialystok.pl\/wp-content\/uploads\/2021\/08\/sklepik-zmniejszone-2.jpg\" \/>\n\t<meta property=\"og:image:width\" content=\"1773\" \/>\n\t<meta property=\"og:image:height\" content=\"1182\" \/>\n\t<meta property=\"og:image:type\" content=\"image\/jpeg\" \/>\n<meta name=\"twitter:card\" content=\"summary_large_image\" \/>\n<meta name=\"twitter:label1\" content=\"Est. reading time\" \/>\n\t<meta name=\"twitter:data1\" content=\"1 minute\" \/>\n<script type=\"application\/ld+json\" class=\"yoast-schema-graph\">{\"@context\":\"https:\/\/schema.org\",\"@graph\":[{\"@type\":\"WebPage\",\"@id\":\"https:\/\/sybir.bialystok.pl\/en\/plan-your-visit\/plan-your-time-in-the-museum\/stationary-shop\/\",\"url\":\"https:\/\/sybir.bialystok.pl\/en\/plan-your-visit\/plan-your-time-in-the-museum\/stationary-shop\/\",\"name\":\"Stationary shop - Muzeum Pami\u0119ci Sybiru\",\"isPartOf\":{\"@id\":\"https:\/\/sybir.bialystok.pl\/en\/#website\"},\"primaryImageOfPage\":{\"@id\":\"https:\/\/sybir.bialystok.pl\/en\/plan-your-visit\/plan-your-time-in-the-museum\/stationary-shop\/#primaryimage\"},\"image\":{\"@id\":\"https:\/\/sybir.bialystok.pl\/en\/plan-your-visit\/plan-your-time-in-the-museum\/stationary-shop\/#primaryimage\"},\"thumbnailUrl\":\"https:\/\/sybir.bialystok.pl\/wp-content\/uploads\/2021\/08\/sklepik-zmniejszone-2.jpg\",\"datePublished\":\"2021-02-15T11:31:32+00:00\",\"dateModified\":\"2024-02-02T15:01:41+00:00\",\"description\":\"The museum's stationary shop is located on the first floor, at the exit of the permanent exhibition.\",\"breadcrumb\":{\"@id\":\"https:\/\/sybir.bialystok.pl\/en\/plan-your-visit\/plan-your-time-in-the-museum\/stationary-shop\/#breadcrumb\"},\"inLanguage\":\"en-US\",\"potentialAction\":[{\"@type\":\"ReadAction\",\"target\":[\"https:\/\/sybir.bialystok.pl\/en\/plan-your-visit\/plan-your-time-in-the-museum\/stationary-shop\/\"]}]},{\"@type\":\"ImageObject\",\"inLanguage\":\"en-US\",\"@id\":\"https:\/\/sybir.bialystok.pl\/en\/plan-your-visit\/plan-your-time-in-the-museum\/stationary-shop\/#primaryimage\",\"url\":\"https:\/\/sybir.bialystok.pl\/wp-content\/uploads\/2021\/08\/sklepik-zmniejszone-2.jpg\",\"contentUrl\":\"https:\/\/sybir.bialystok.pl\/wp-content\/uploads\/2021\/08\/sklepik-zmniejszone-2.jpg\",\"width\":1773,\"height\":1182},{\"@type\":\"BreadcrumbList\",\"@id\":\"https:\/\/sybir.bialystok.pl\/en\/plan-your-visit\/plan-your-time-in-the-museum\/stationary-shop\/#breadcrumb\",\"itemListElement\":[{\"@type\":\"ListItem\",\"position\":1,\"name\":\"Home page\",\"item\":\"https:\/\/sybir.bialystok.pl\/en\/\"},{\"@type\":\"ListItem\",\"position\":2,\"name\":\"Plan your visit\",\"item\":\"https:\/\/sybir.bialystok.pl\/en\/plan-your-visit\/\"},{\"@type\":\"ListItem\",\"position\":3,\"name\":\"Plan your time in the Museum\",\"item\":\"https:\/\/sybir.bialystok.pl\/en\/plan-your-visit\/plan-your-time-in-the-museum\/\"},{\"@type\":\"ListItem\",\"position\":4,\"name\":\"Stationary shop\"}]},{\"@type\":\"WebSite\",\"@id\":\"https:\/\/sybir.bialystok.pl\/en\/#website\",\"url\":\"https:\/\/sybir.bialystok.pl\/en\/\",\"name\":\"Muzeum Pami\u0119ci Sybiru\",\"description\":\"Muzeum Pami\u0119ci Sybiru jest po\u015bwi\u0119cone ludziom, kt\u00f3rzy od ko\u0144ca XVI a\u017c do po\u0142owy XX wieku byli niewoleni i zsy\u0142ani w g\u0142\u0105b Rosji, a p\u00f3\u017aniej Zwi\u0105zku Sowieckiego, jak te\u017c tym, kt\u00f3rzy pod\u0105\u017cali tam dobrowolnie.\",\"potentialAction\":[{\"@type\":\"SearchAction\",\"target\":{\"@type\":\"EntryPoint\",\"urlTemplate\":\"https:\/\/sybir.bialystok.pl\/en\/?s={search_term_string}\"},\"query-input\":{\"@type\":\"PropertyValueSpecification\",\"valueRequired\":true,\"valueName\":\"search_term_string\"}}],\"inLanguage\":\"en-US\"}]}<\/script>\n<!-- \/ Yoast SEO plugin. -->","yoast_head_json":{"title":"Stationary shop - Muzeum Pami\u0119ci Sybiru","description":"The museum's stationary shop is located on the first floor, at the exit of the permanent exhibition.","robots":{"index":"index","follow":"follow","max-snippet":"max-snippet:-1","max-image-preview":"max-image-preview:large","max-video-preview":"max-video-preview:-1"},"canonical":"https:\/\/sybir.bialystok.pl\/en\/plan-your-visit\/plan-your-time-in-the-museum\/stationary-shop\/","og_locale":"en_US","og_type":"article","og_title":"Stationary shop - Muzeum Pami\u0119ci Sybiru","og_description":"The museum's stationary shop is located on the first floor, at the exit of the permanent exhibition.","og_url":"https:\/\/sybir.bialystok.pl\/en\/plan-your-visit\/plan-your-time-in-the-museum\/stationary-shop\/","og_site_name":"Muzeum Pami\u0119ci Sybiru","article_modified_time":"2024-02-02T15:01:41+00:00","og_image":[{"width":1773,"height":1182,"url":"https:\/\/sybir.bialystok.pl\/wp-content\/uploads\/2021\/08\/sklepik-zmniejszone-2.jpg","type":"image\/jpeg"}],"twitter_card":"summary_large_image","twitter_misc":{"Est. reading time":"1 minute"},"schema":{"@context":"https:\/\/schema.org","@graph":[{"@type":"WebPage","@id":"https:\/\/sybir.bialystok.pl\/en\/plan-your-visit\/plan-your-time-in-the-museum\/stationary-shop\/","url":"https:\/\/sybir.bialystok.pl\/en\/plan-your-visit\/plan-your-time-in-the-museum\/stationary-shop\/","name":"Stationary shop - Muzeum Pami\u0119ci Sybiru","isPartOf":{"@id":"https:\/\/sybir.bialystok.pl\/en\/#website"},"primaryImageOfPage":{"@id":"https:\/\/sybir.bialystok.pl\/en\/plan-your-visit\/plan-your-time-in-the-museum\/stationary-shop\/#primaryimage"},"image":{"@id":"https:\/\/sybir.bialystok.pl\/en\/plan-your-visit\/plan-your-time-in-the-museum\/stationary-shop\/#primaryimage"},"thumbnailUrl":"https:\/\/sybir.bialystok.pl\/wp-content\/uploads\/2021\/08\/sklepik-zmniejszone-2.jpg","datePublished":"2021-02-15T11:31:32+00:00","dateModified":"2024-02-02T15:01:41+00:00","description":"The museum's stationary shop is located on the first floor, at the exit of the permanent exhibition.","breadcrumb":{"@id":"https:\/\/sybir.bialystok.pl\/en\/plan-your-visit\/plan-your-time-in-the-museum\/stationary-shop\/#breadcrumb"},"inLanguage":"en-US","potentialAction":[{"@type":"ReadAction","target":["https:\/\/sybir.bialystok.pl\/en\/plan-your-visit\/plan-your-time-in-the-museum\/stationary-shop\/"]}]},{"@type":"ImageObject","inLanguage":"en-US","@id":"https:\/\/sybir.bialystok.pl\/en\/plan-your-visit\/plan-your-time-in-the-museum\/stationary-shop\/#primaryimage","url":"https:\/\/sybir.bialystok.pl\/wp-content\/uploads\/2021\/08\/sklepik-zmniejszone-2.jpg","contentUrl":"https:\/\/sybir.bialystok.pl\/wp-content\/uploads\/2021\/08\/sklepik-zmniejszone-2.jpg","width":1773,"height":1182},{"@type":"BreadcrumbList","@id":"https:\/\/sybir.bialystok.pl\/en\/plan-your-visit\/plan-your-time-in-the-museum\/stationary-shop\/#breadcrumb","itemListElement":[{"@type":"ListItem","position":1,"name":"Home page","item":"https:\/\/sybir.bialystok.pl\/en\/"},{"@type":"ListItem","position":2,"name":"Plan your visit","item":"https:\/\/sybir.bialystok.pl\/en\/plan-your-visit\/"},{"@type":"ListItem","position":3,"name":"Plan your time in the Museum","item":"https:\/\/sybir.bialystok.pl\/en\/plan-your-visit\/plan-your-time-in-the-museum\/"},{"@type":"ListItem","position":4,"name":"Stationary shop"}]},{"@type":"WebSite","@id":"https:\/\/sybir.bialystok.pl\/en\/#website","url":"https:\/\/sybir.bialystok.pl\/en\/","name":"Muzeum Pami\u0119ci Sybiru","description":"Muzeum Pami\u0119ci Sybiru jest po\u015bwi\u0119cone ludziom, kt\u00f3rzy od ko\u0144ca XVI a\u017c do po\u0142owy XX wieku byli niewoleni i zsy\u0142ani w g\u0142\u0105b Rosji, a p\u00f3\u017aniej Zwi\u0105zku Sowieckiego, jak te\u017c tym, kt\u00f3rzy pod\u0105\u017cali tam dobrowolnie.","potentialAction":[{"@type":"SearchAction","target":{"@type":"EntryPoint","urlTemplate":"https:\/\/sybir.bialystok.pl\/en\/?s={search_term_string}"},"query-input":{"@type":"PropertyValueSpecification","valueRequired":true,"valueName":"search_term_string"}}],"inLanguage":"en-US"}]}},"_links":{"self":[{"href":"https:\/\/sybir.bialystok.pl\/en\/wp-json\/wp\/v2\/pages\/6227","targetHints":{"allow":["GET"]}}],"collection":[{"href":"https:\/\/sybir.bialystok.pl\/en\/wp-json\/wp\/v2\/pages"}],"about":[{"href":"https:\/\/sybir.bialystok.pl\/en\/wp-json\/wp\/v2\/types\/page"}],"author":[{"embeddable":true,"href":"https:\/\/sybir.bialystok.pl\/en\/wp-json\/wp\/v2\/users\/2"}],"replies":[{"embeddable":true,"href":"https:\/\/sybir.bialystok.pl\/en\/wp-json\/wp\/v2\/comments?post=6227"}],"version-history":[{"count":5,"href":"https:\/\/sybir.bialystok.pl\/en\/wp-json\/wp\/v2\/pages\/6227\/revisions"}],"predecessor-version":[{"id":24910,"href":"https:\/\/sybir.bialystok.pl\/en\/wp-json\/wp\/v2\/pages\/6227\/revisions\/24910"}],"up":[{"embeddable":true,"href":"https:\/\/sybir.bialystok.pl\/en\/wp-json\/wp\/v2\/pages\/6682"}],"wp:featuredmedia":[{"embeddable":true,"href":"https:\/\/sybir.bialystok.pl\/en\/wp-json\/wp\/v2\/media\/7185"}],"wp:attachment":[{"href":"https:\/\/sybir.bialystok.pl\/en\/wp-json\/wp\/v2\/media?parent=6227"}],"curies":[{"name":"wp","href":"https:\/\/api.w.org\/{rel}","templated":true}]}}