{"id":6223,"date":"2021-02-15T11:51:17","date_gmt":"2021-02-15T10:51:17","guid":{"rendered":"https:\/\/sybir.bialystok.pl\/muzeum-dostepne\/"},"modified":"2021-12-29T11:09:30","modified_gmt":"2021-12-29T10:09:30","slug":"the-accessible-museum","status":"publish","type":"page","link":"https:\/\/sybir.bialystok.pl\/en\/plan-your-visit\/the-accessible-museum\/","title":{"rendered":"The Accessible Museum"},"content":{"rendered":"\n<figure class=\"wp-block-embed is-type-video is-provider-youtube wp-block-embed-youtube wp-embed-aspect-16-9 wp-has-aspect-ratio\"><div class=\"wp-block-embed__wrapper\">\n<iframe loading=\"lazy\" title=\"Muzeum Pami\u0119ci Sybiru wideo PJM\" width=\"640\" height=\"360\" src=\"https:\/\/www.youtube.com\/embed\/qBeQTXyLbxI?feature=oembed\" frameborder=\"0\" allow=\"accelerometer; autoplay; clipboard-write; encrypted-media; gyroscope; picture-in-picture; web-share\" referrerpolicy=\"strict-origin-when-cross-origin\" allowfullscreen><\/iframe>\n<\/div><\/figure>\n\n\n\n<div class=\"wp-block-file\"><a href=\"https:\/\/sybir.bialystok.pl\/wp-content\/uploads\/2021\/10\/Muzeum_Pamieci_Sybiru_napisy.srt\" target=\"_blank\" rel=\"noreferrer noopener\"><strong>Muzeum Pami\u0119ci Sybiru napisy.srt<\/strong><\/a><a href=\"https:\/\/sybir.bialystok.pl\/wp-content\/uploads\/2021\/10\/Muzeum_Pamieci_Sybiru_napisy.srt\" class=\"wp-block-file__button\" download>Pobierz<\/a><\/div>\n\n\n\n<div class=\"wp-block-file\"><a href=\"https:\/\/sybir.bialystok.pl\/wp-content\/uploads\/2021\/10\/Muzeum-Pamieci-Sybiru.pdf\" target=\"_blank\" rel=\"noreferrer noopener\"><strong>Opis dzia\u0142alno\u015bci Muzeum Pami\u0119ci Sybiru w ETR<\/strong><\/a><a href=\"https:\/\/sybir.bialystok.pl\/wp-content\/uploads\/2021\/10\/Muzeum-Pamieci-Sybiru.pdf\" class=\"wp-block-file__button\" download>Pobierz<\/a><\/div>\n\n\n\n<p><a href=\"\"><\/a>We would like to invite you for a trip through the historical borderlands, the vastness of taiga and the Kazakh Steppe. We will be led by the memories of the departed people and the histories locked in the unique items belonging to the departed Poles.<\/p>\n\n\n\n<h2 class=\"wp-block-heading\">SPECIAL EQUIPMENT<\/h2>\n\n\n\n<p>We want those stories to get to as many visitors as possible, to be accessible. That is why we have prepared for instance: audio guides with PJM translator and audio description, a miniature model of a permanent exhibition and 3D exhibits models. For those, who want some relief, we have prepared the silent room.<\/p>\n\n\n\n<figure class=\"wp-block-gallery columns-1 is-cropped wp-block-gallery-1 is-layout-flex wp-block-gallery-is-layout-flex\"><ul class=\"blocks-gallery-grid\"><li class=\"blocks-gallery-item\"><figure><a href=\"https:\/\/sybir.bialystok.pl\/wp-content\/uploads\/2021\/05\/Dostepnosc.jpg\"><img loading=\"lazy\" decoding=\"async\" width=\"1024\" height=\"683\" src=\"https:\/\/sybir.bialystok.pl\/wp-content\/uploads\/2021\/05\/Dostepnosc-1024x683.jpg\" alt=\"\" data-id=\"5364\" data-full-url=\"https:\/\/sybir.bialystok.pl\/wp-content\/uploads\/2021\/05\/Dostepnosc.jpg\" data-link=\"https:\/\/sybir.bialystok.pl\/zaplanuj-wizyte\/muzeum-dostepne\/dostepnosc\/\" class=\"wp-image-5364\" srcset=\"https:\/\/sybir.bialystok.pl\/wp-content\/uploads\/2021\/05\/Dostepnosc-1024x683.jpg 1024w, https:\/\/sybir.bialystok.pl\/wp-content\/uploads\/2021\/05\/Dostepnosc-300x200.jpg 300w, https:\/\/sybir.bialystok.pl\/wp-content\/uploads\/2021\/05\/Dostepnosc-768x512.jpg 768w, https:\/\/sybir.bialystok.pl\/wp-content\/uploads\/2021\/05\/Dostepnosc.jpg 1152w\" sizes=\"auto, (max-width: 1024px) 100vw, 1024px\" \/><\/a><\/figure><\/li><\/ul><\/figure>\n\n\n\n<p>The conveniences related to the accessibility of the exhibition are not all. Also during the educational activities and workshops we remember about the needs of children and adults with different disabilities. <\/p>\n\n\n\n<figure class=\"wp-block-gallery columns-3 is-cropped wp-block-gallery-2 is-layout-flex wp-block-gallery-is-layout-flex\"><ul class=\"blocks-gallery-grid\"><li class=\"blocks-gallery-item\"><figure><a href=\"https:\/\/sybir.bialystok.pl\/wp-content\/uploads\/2021\/05\/Pokoj-wyciszen-MPS-2.jpg\"><img loading=\"lazy\" decoding=\"async\" width=\"1024\" height=\"683\" src=\"https:\/\/sybir.bialystok.pl\/wp-content\/uploads\/2021\/05\/Pokoj-wyciszen-MPS-2-1024x683.jpg\" alt=\"\" data-id=\"5355\" data-full-url=\"https:\/\/sybir.bialystok.pl\/wp-content\/uploads\/2021\/05\/Pokoj-wyciszen-MPS-2.jpg\" data-link=\"https:\/\/sybir.bialystok.pl\/zaplanuj-wizyte\/muzeum-dostepne\/pokoj-wyciszen-mps-2\/\" class=\"wp-image-5355\" srcset=\"https:\/\/sybir.bialystok.pl\/wp-content\/uploads\/2021\/05\/Pokoj-wyciszen-MPS-2-1024x683.jpg 1024w, https:\/\/sybir.bialystok.pl\/wp-content\/uploads\/2021\/05\/Pokoj-wyciszen-MPS-2-300x200.jpg 300w, https:\/\/sybir.bialystok.pl\/wp-content\/uploads\/2021\/05\/Pokoj-wyciszen-MPS-2-768x512.jpg 768w, https:\/\/sybir.bialystok.pl\/wp-content\/uploads\/2021\/05\/Pokoj-wyciszen-MPS-2.jpg 1152w\" sizes=\"auto, (max-width: 1024px) 100vw, 1024px\" \/><\/a><\/figure><\/li><li class=\"blocks-gallery-item\"><figure><a href=\"https:\/\/sybir.bialystok.pl\/wp-content\/uploads\/2021\/05\/Pokoj-wyciszen-MPS-4.jpg\"><img loading=\"lazy\" decoding=\"async\" width=\"512\" height=\"768\" src=\"https:\/\/sybir.bialystok.pl\/wp-content\/uploads\/2021\/05\/Pokoj-wyciszen-MPS-4.jpg\" alt=\"\" data-id=\"5358\" data-full-url=\"https:\/\/sybir.bialystok.pl\/wp-content\/uploads\/2021\/05\/Pokoj-wyciszen-MPS-4.jpg\" data-link=\"https:\/\/sybir.bialystok.pl\/zaplanuj-wizyte\/muzeum-dostepne\/pokoj-wyciszen-mps-4\/\" class=\"wp-image-5358\" srcset=\"https:\/\/sybir.bialystok.pl\/wp-content\/uploads\/2021\/05\/Pokoj-wyciszen-MPS-4.jpg 512w, https:\/\/sybir.bialystok.pl\/wp-content\/uploads\/2021\/05\/Pokoj-wyciszen-MPS-4-200x300.jpg 200w\" sizes=\"auto, (max-width: 512px) 100vw, 512px\" \/><\/a><\/figure><\/li><li class=\"blocks-gallery-item\"><figure><a href=\"https:\/\/sybir.bialystok.pl\/wp-content\/uploads\/2021\/05\/Pokoj-wyciszen-MPS-5.jpg\"><img loading=\"lazy\" decoding=\"async\" width=\"1024\" height=\"683\" src=\"https:\/\/sybir.bialystok.pl\/wp-content\/uploads\/2021\/05\/Pokoj-wyciszen-MPS-5-1024x683.jpg\" alt=\"\" data-id=\"5361\" data-full-url=\"https:\/\/sybir.bialystok.pl\/wp-content\/uploads\/2021\/05\/Pokoj-wyciszen-MPS-5.jpg\" data-link=\"https:\/\/sybir.bialystok.pl\/zaplanuj-wizyte\/muzeum-dostepne\/pokoj-wyciszen-mps-5\/\" class=\"wp-image-5361\" srcset=\"https:\/\/sybir.bialystok.pl\/wp-content\/uploads\/2021\/05\/Pokoj-wyciszen-MPS-5-1024x683.jpg 1024w, https:\/\/sybir.bialystok.pl\/wp-content\/uploads\/2021\/05\/Pokoj-wyciszen-MPS-5-300x200.jpg 300w, https:\/\/sybir.bialystok.pl\/wp-content\/uploads\/2021\/05\/Pokoj-wyciszen-MPS-5-768x512.jpg 768w, https:\/\/sybir.bialystok.pl\/wp-content\/uploads\/2021\/05\/Pokoj-wyciszen-MPS-5.jpg 1152w\" sizes=\"auto, (max-width: 1024px) 100vw, 1024px\" \/><\/a><\/figure><\/li><\/ul><\/figure>\n\n\n\n<h2 class=\"wp-block-heading\">THE MUSEUM ARCHITECTURALLY ACCESSIBLE<\/h2>\n\n\n\n<p>We also took care of the architectural accessibility. Visitors with disabilities can use additional parking spaces, adapted entrances to the building and the exhibition. There are elevators in the building taking into account the needs of people with disabilities. It is also possible to rent equipment for people with physical disabilities: walking frames and prams.<\/p>\n\n\n\n<figure class=\"wp-block-gallery columns-2 is-cropped wp-block-gallery-3 is-layout-flex wp-block-gallery-is-layout-flex\"><ul class=\"blocks-gallery-grid\"><li class=\"blocks-gallery-item\"><figure><a href=\"https:\/\/sybir.bialystok.pl\/wp-content\/uploads\/2021\/05\/MPS-3.jpg\"><img loading=\"lazy\" decoding=\"async\" width=\"1024\" height=\"683\" src=\"https:\/\/sybir.bialystok.pl\/wp-content\/uploads\/2021\/05\/MPS-3-1024x683.jpg\" alt=\"\" data-id=\"5052\" data-full-url=\"https:\/\/sybir.bialystok.pl\/wp-content\/uploads\/2021\/05\/MPS-3.jpg\" data-link=\"https:\/\/sybir.bialystok.pl\/otwarcie-muzeum-pamieci-sybiru\/mps-3\/\" class=\"wp-image-5052\" srcset=\"https:\/\/sybir.bialystok.pl\/wp-content\/uploads\/2021\/05\/MPS-3-1024x683.jpg 1024w, https:\/\/sybir.bialystok.pl\/wp-content\/uploads\/2021\/05\/MPS-3-300x200.jpg 300w, https:\/\/sybir.bialystok.pl\/wp-content\/uploads\/2021\/05\/MPS-3-768x512.jpg 768w, https:\/\/sybir.bialystok.pl\/wp-content\/uploads\/2021\/05\/MPS-3-1536x1024.jpg 1536w, https:\/\/sybir.bialystok.pl\/wp-content\/uploads\/2021\/05\/MPS-3.jpg 2048w\" sizes=\"auto, (max-width: 1024px) 100vw, 1024px\" \/><\/a><\/figure><\/li><li class=\"blocks-gallery-item\"><figure><a href=\"https:\/\/sybir.bialystok.pl\/wp-content\/uploads\/2021\/05\/parking-1.jpg\"><img loading=\"lazy\" decoding=\"async\" width=\"1024\" height=\"683\" src=\"https:\/\/sybir.bialystok.pl\/wp-content\/uploads\/2021\/05\/parking-1-1024x683.jpg\" alt=\"\" data-id=\"5028\" data-full-url=\"https:\/\/sybir.bialystok.pl\/wp-content\/uploads\/2021\/05\/parking-1.jpg\" data-link=\"https:\/\/sybir.bialystok.pl\/zaplanuj-wizyte\/jak-dojechac\/parking-2\/\" class=\"wp-image-5028\" srcset=\"https:\/\/sybir.bialystok.pl\/wp-content\/uploads\/2021\/05\/parking-1-1024x683.jpg 1024w, https:\/\/sybir.bialystok.pl\/wp-content\/uploads\/2021\/05\/parking-1-300x200.jpg 300w, https:\/\/sybir.bialystok.pl\/wp-content\/uploads\/2021\/05\/parking-1-768x512.jpg 768w, https:\/\/sybir.bialystok.pl\/wp-content\/uploads\/2021\/05\/parking-1-1536x1024.jpg 1536w, https:\/\/sybir.bialystok.pl\/wp-content\/uploads\/2021\/05\/parking-1.jpg 2048w\" sizes=\"auto, (max-width: 1024px) 100vw, 1024px\" \/><\/a><\/figure><\/li><\/ul><\/figure>\n\n\n\n<p>An assistance dog is always welcome.<\/p>\n\n\n\n<p>Everything is supervised by employees and disability coordinators. Necessary information and news are presented in a special tab \u201cMuzeum Dost\u0119pne\u201d (&#8220;Accessible Museum&#8221;) on our website, created in accordance with the rules of WCAG 2.1.<\/p>\n\n\n\n<h2 class=\"wp-block-heading\">RECOMMENDATIONS<\/h2>\n\n\n\n<p>The Sybir Memorial Museum has received recommendations as a place that provides accessibility to people with special needs. All thanks to the support and consultations of the reliable team of Fundacja Kultury bez Barier (the Culture Without Barriers Foundation).<\/p>\n\n\n\n<p>We invite you to familiarize yourself with the Foundation&#8217;s activities at <a href=\"http:\/\/www.kulturabezbarier.org\">www.kulturabezbarier.org<\/a>.<\/p>\n\n\n\n<figure class=\"wp-block-gallery columns-1 is-cropped wp-block-gallery-4 is-layout-flex wp-block-gallery-is-layout-flex\"><ul class=\"blocks-gallery-grid\"><li class=\"blocks-gallery-item\"><figure><a href=\"https:\/\/sybir.bialystok.pl\/wp-content\/uploads\/2021\/05\/logotyp_fkbb.png\"><img loading=\"lazy\" decoding=\"async\" width=\"1024\" height=\"253\" src=\"https:\/\/sybir.bialystok.pl\/wp-content\/uploads\/2021\/05\/logotyp_fkbb-1024x253.png\" alt=\"\" data-id=\"4735\" data-full-url=\"https:\/\/sybir.bialystok.pl\/wp-content\/uploads\/2021\/05\/logotyp_fkbb.png\" data-link=\"https:\/\/sybir.bialystok.pl\/zaplanuj-wizyte\/muzeum-dostepne\/logotyp_fkbb\/\" class=\"wp-image-4735\" srcset=\"https:\/\/sybir.bialystok.pl\/wp-content\/uploads\/2021\/05\/logotyp_fkbb-1024x253.png 1024w, https:\/\/sybir.bialystok.pl\/wp-content\/uploads\/2021\/05\/logotyp_fkbb-300x74.png 300w, https:\/\/sybir.bialystok.pl\/wp-content\/uploads\/2021\/05\/logotyp_fkbb-768x189.png 768w, https:\/\/sybir.bialystok.pl\/wp-content\/uploads\/2021\/05\/logotyp_fkbb.png 1508w\" sizes=\"auto, (max-width: 1024px) 100vw, 1024px\" \/><\/a><\/figure><\/li><\/ul><\/figure>\n\n\n\n<p><strong>In case of any questions about the accessibility please contact our coordinator:<\/strong><\/p>\n\n\n\n<ul class=\"wp-block-list\"><li>e-mail: <strong><a href=\"mailto:k.mosiej@sybi.bialystok.pl\">k.mosiej@sybir.bialystok.pl<\/a><\/strong><\/li><\/ul>\n\n\n\n<figure class=\"wp-block-video\"><video height=\"1080\" style=\"aspect-ratio: 1920 \/ 1080;\" width=\"1920\" controls src=\"https:\/\/sybir.bialystok.pl\/wp-content\/uploads\/2021\/03\/MPS_short_dostepne.mp4\"><\/video><\/figure>\n","protected":false},"excerpt":{"rendered":"<p>We want the prepared items to get to as many people as possible, that is why we have prepared the amount of solutions having the influence on accessibility.<\/p>\n","protected":false},"author":2,"featured_media":26862,"parent":6619,"menu_order":5,"comment_status":"closed","ping_status":"closed","template":"","meta":{"_acf_changed":false,"_editorskit_title_hidden":false,"_editorskit_reading_time":0,"_editorskit_is_block_options_detached":false,"_editorskit_block_options_position":"{}","footnotes":""},"class_list":["post-6223","page","type-page","status-publish","has-post-thumbnail","hentry"],"acf":[],"yoast_head":"<!-- This site is optimized with the Yoast SEO plugin v24.6 - https:\/\/yoast.com\/wordpress\/plugins\/seo\/ -->\n<title>The Accessible Museum - Muzeum Pami\u0119ci Sybiru<\/title>\n<meta name=\"description\" content=\"We want the prepared items to get to as many people as possible, that is why we have prepared the amount of solutions having the influence on accessibility.\" \/>\n<meta name=\"robots\" content=\"index, follow, max-snippet:-1, max-image-preview:large, max-video-preview:-1\" \/>\n<link rel=\"canonical\" href=\"https:\/\/sybir.bialystok.pl\/en\/plan-your-visit\/the-accessible-museum\/\" \/>\n<meta property=\"og:locale\" content=\"en_US\" \/>\n<meta property=\"og:type\" content=\"article\" \/>\n<meta property=\"og:title\" content=\"The Accessible Museum - Muzeum Pami\u0119ci Sybiru\" \/>\n<meta property=\"og:description\" content=\"We want the prepared items to get to as many people as possible, that is why we have prepared the amount of solutions having the influence on accessibility.\" \/>\n<meta property=\"og:url\" content=\"https:\/\/sybir.bialystok.pl\/en\/plan-your-visit\/the-accessible-museum\/\" \/>\n<meta property=\"og:site_name\" content=\"Muzeum Pami\u0119ci Sybiru\" \/>\n<meta property=\"article:modified_time\" content=\"2021-12-29T10:09:30+00:00\" \/>\n<meta property=\"og:image\" content=\"https:\/\/sybir.bialystok.pl\/wp-content\/uploads\/2021\/03\/pies-przewodnik-pomagajacy-niewidomemu-w-miescie-przystojny-slepy-facet-odpoczywa-z-golden-retriever-w-miescie_1157-40238.jpg\" \/>\n\t<meta property=\"og:image:width\" content=\"626\" \/>\n\t<meta property=\"og:image:height\" content=\"417\" \/>\n\t<meta property=\"og:image:type\" content=\"image\/jpeg\" \/>\n<meta name=\"twitter:card\" content=\"summary_large_image\" \/>\n<meta name=\"twitter:label1\" content=\"Est. reading time\" \/>\n\t<meta name=\"twitter:data1\" content=\"3 minutes\" \/>\n<script type=\"application\/ld+json\" class=\"yoast-schema-graph\">{\"@context\":\"https:\/\/schema.org\",\"@graph\":[{\"@type\":\"WebPage\",\"@id\":\"https:\/\/sybir.bialystok.pl\/en\/plan-your-visit\/the-accessible-museum\/\",\"url\":\"https:\/\/sybir.bialystok.pl\/en\/plan-your-visit\/the-accessible-museum\/\",\"name\":\"The Accessible Museum - Muzeum Pami\u0119ci Sybiru\",\"isPartOf\":{\"@id\":\"https:\/\/sybir.bialystok.pl\/en\/#website\"},\"primaryImageOfPage\":{\"@id\":\"https:\/\/sybir.bialystok.pl\/en\/plan-your-visit\/the-accessible-museum\/#primaryimage\"},\"image\":{\"@id\":\"https:\/\/sybir.bialystok.pl\/en\/plan-your-visit\/the-accessible-museum\/#primaryimage\"},\"thumbnailUrl\":\"https:\/\/sybir.bialystok.pl\/wp-content\/uploads\/2024\/04\/79_MPS_dostepnosc_makieta_wystawy.jpg\",\"datePublished\":\"2021-02-15T10:51:17+00:00\",\"dateModified\":\"2021-12-29T10:09:30+00:00\",\"description\":\"We want the prepared items to get to as many people as possible, that is why we have prepared the amount of solutions having the influence on accessibility.\",\"breadcrumb\":{\"@id\":\"https:\/\/sybir.bialystok.pl\/en\/plan-your-visit\/the-accessible-museum\/#breadcrumb\"},\"inLanguage\":\"en-US\",\"potentialAction\":[{\"@type\":\"ReadAction\",\"target\":[\"https:\/\/sybir.bialystok.pl\/en\/plan-your-visit\/the-accessible-museum\/\"]}]},{\"@type\":\"ImageObject\",\"inLanguage\":\"en-US\",\"@id\":\"https:\/\/sybir.bialystok.pl\/en\/plan-your-visit\/the-accessible-museum\/#primaryimage\",\"url\":\"https:\/\/sybir.bialystok.pl\/wp-content\/uploads\/2024\/04\/79_MPS_dostepnosc_makieta_wystawy.jpg\",\"contentUrl\":\"https:\/\/sybir.bialystok.pl\/wp-content\/uploads\/2024\/04\/79_MPS_dostepnosc_makieta_wystawy.jpg\",\"width\":2048,\"height\":1365,\"caption\":\"Zdj\u0119cie przedstawiaj\u0105ce makiet\u0119 obu pi\u0119ter budynku Muzeum Pami\u0119ci Sybiru oraz terenu wok\u00f3\u0142 budynku.\"},{\"@type\":\"BreadcrumbList\",\"@id\":\"https:\/\/sybir.bialystok.pl\/en\/plan-your-visit\/the-accessible-museum\/#breadcrumb\",\"itemListElement\":[{\"@type\":\"ListItem\",\"position\":1,\"name\":\"Home page\",\"item\":\"https:\/\/sybir.bialystok.pl\/en\/\"},{\"@type\":\"ListItem\",\"position\":2,\"name\":\"Plan your visit\",\"item\":\"https:\/\/sybir.bialystok.pl\/en\/plan-your-visit\/\"},{\"@type\":\"ListItem\",\"position\":3,\"name\":\"The Accessible Museum\"}]},{\"@type\":\"WebSite\",\"@id\":\"https:\/\/sybir.bialystok.pl\/en\/#website\",\"url\":\"https:\/\/sybir.bialystok.pl\/en\/\",\"name\":\"Muzeum Pami\u0119ci Sybiru\",\"description\":\"Muzeum Pami\u0119ci Sybiru jest po\u015bwi\u0119cone ludziom, kt\u00f3rzy od ko\u0144ca XVI a\u017c do po\u0142owy XX wieku byli niewoleni i zsy\u0142ani w g\u0142\u0105b Rosji, a p\u00f3\u017aniej Zwi\u0105zku Sowieckiego, jak te\u017c tym, kt\u00f3rzy pod\u0105\u017cali tam dobrowolnie.\",\"potentialAction\":[{\"@type\":\"SearchAction\",\"target\":{\"@type\":\"EntryPoint\",\"urlTemplate\":\"https:\/\/sybir.bialystok.pl\/en\/?s={search_term_string}\"},\"query-input\":{\"@type\":\"PropertyValueSpecification\",\"valueRequired\":true,\"valueName\":\"search_term_string\"}}],\"inLanguage\":\"en-US\"}]}<\/script>\n<!-- \/ Yoast SEO plugin. -->","yoast_head_json":{"title":"The Accessible Museum - Muzeum Pami\u0119ci Sybiru","description":"We want the prepared items to get to as many people as possible, that is why we have prepared the amount of solutions having the influence on accessibility.","robots":{"index":"index","follow":"follow","max-snippet":"max-snippet:-1","max-image-preview":"max-image-preview:large","max-video-preview":"max-video-preview:-1"},"canonical":"https:\/\/sybir.bialystok.pl\/en\/plan-your-visit\/the-accessible-museum\/","og_locale":"en_US","og_type":"article","og_title":"The Accessible Museum - Muzeum Pami\u0119ci Sybiru","og_description":"We want the prepared items to get to as many people as possible, that is why we have prepared the amount of solutions having the influence on accessibility.","og_url":"https:\/\/sybir.bialystok.pl\/en\/plan-your-visit\/the-accessible-museum\/","og_site_name":"Muzeum Pami\u0119ci Sybiru","article_modified_time":"2021-12-29T10:09:30+00:00","og_image":[{"width":626,"height":417,"url":"https:\/\/sybir.bialystok.pl\/wp-content\/uploads\/2021\/03\/pies-przewodnik-pomagajacy-niewidomemu-w-miescie-przystojny-slepy-facet-odpoczywa-z-golden-retriever-w-miescie_1157-40238.jpg","type":"image\/jpeg"}],"twitter_card":"summary_large_image","twitter_misc":{"Est. reading time":"3 minutes"},"schema":{"@context":"https:\/\/schema.org","@graph":[{"@type":"WebPage","@id":"https:\/\/sybir.bialystok.pl\/en\/plan-your-visit\/the-accessible-museum\/","url":"https:\/\/sybir.bialystok.pl\/en\/plan-your-visit\/the-accessible-museum\/","name":"The Accessible Museum - Muzeum Pami\u0119ci Sybiru","isPartOf":{"@id":"https:\/\/sybir.bialystok.pl\/en\/#website"},"primaryImageOfPage":{"@id":"https:\/\/sybir.bialystok.pl\/en\/plan-your-visit\/the-accessible-museum\/#primaryimage"},"image":{"@id":"https:\/\/sybir.bialystok.pl\/en\/plan-your-visit\/the-accessible-museum\/#primaryimage"},"thumbnailUrl":"https:\/\/sybir.bialystok.pl\/wp-content\/uploads\/2024\/04\/79_MPS_dostepnosc_makieta_wystawy.jpg","datePublished":"2021-02-15T10:51:17+00:00","dateModified":"2021-12-29T10:09:30+00:00","description":"We want the prepared items to get to as many people as possible, that is why we have prepared the amount of solutions having the influence on accessibility.","breadcrumb":{"@id":"https:\/\/sybir.bialystok.pl\/en\/plan-your-visit\/the-accessible-museum\/#breadcrumb"},"inLanguage":"en-US","potentialAction":[{"@type":"ReadAction","target":["https:\/\/sybir.bialystok.pl\/en\/plan-your-visit\/the-accessible-museum\/"]}]},{"@type":"ImageObject","inLanguage":"en-US","@id":"https:\/\/sybir.bialystok.pl\/en\/plan-your-visit\/the-accessible-museum\/#primaryimage","url":"https:\/\/sybir.bialystok.pl\/wp-content\/uploads\/2024\/04\/79_MPS_dostepnosc_makieta_wystawy.jpg","contentUrl":"https:\/\/sybir.bialystok.pl\/wp-content\/uploads\/2024\/04\/79_MPS_dostepnosc_makieta_wystawy.jpg","width":2048,"height":1365,"caption":"Zdj\u0119cie przedstawiaj\u0105ce makiet\u0119 obu pi\u0119ter budynku Muzeum Pami\u0119ci Sybiru oraz terenu wok\u00f3\u0142 budynku."},{"@type":"BreadcrumbList","@id":"https:\/\/sybir.bialystok.pl\/en\/plan-your-visit\/the-accessible-museum\/#breadcrumb","itemListElement":[{"@type":"ListItem","position":1,"name":"Home page","item":"https:\/\/sybir.bialystok.pl\/en\/"},{"@type":"ListItem","position":2,"name":"Plan your visit","item":"https:\/\/sybir.bialystok.pl\/en\/plan-your-visit\/"},{"@type":"ListItem","position":3,"name":"The Accessible Museum"}]},{"@type":"WebSite","@id":"https:\/\/sybir.bialystok.pl\/en\/#website","url":"https:\/\/sybir.bialystok.pl\/en\/","name":"Muzeum Pami\u0119ci Sybiru","description":"Muzeum Pami\u0119ci Sybiru jest po\u015bwi\u0119cone ludziom, kt\u00f3rzy od ko\u0144ca XVI a\u017c do po\u0142owy XX wieku byli niewoleni i zsy\u0142ani w g\u0142\u0105b Rosji, a p\u00f3\u017aniej Zwi\u0105zku Sowieckiego, jak te\u017c tym, kt\u00f3rzy pod\u0105\u017cali tam dobrowolnie.","potentialAction":[{"@type":"SearchAction","target":{"@type":"EntryPoint","urlTemplate":"https:\/\/sybir.bialystok.pl\/en\/?s={search_term_string}"},"query-input":{"@type":"PropertyValueSpecification","valueRequired":true,"valueName":"search_term_string"}}],"inLanguage":"en-US"}]}},"_links":{"self":[{"href":"https:\/\/sybir.bialystok.pl\/en\/wp-json\/wp\/v2\/pages\/6223","targetHints":{"allow":["GET"]}}],"collection":[{"href":"https:\/\/sybir.bialystok.pl\/en\/wp-json\/wp\/v2\/pages"}],"about":[{"href":"https:\/\/sybir.bialystok.pl\/en\/wp-json\/wp\/v2\/types\/page"}],"author":[{"embeddable":true,"href":"https:\/\/sybir.bialystok.pl\/en\/wp-json\/wp\/v2\/users\/2"}],"replies":[{"embeddable":true,"href":"https:\/\/sybir.bialystok.pl\/en\/wp-json\/wp\/v2\/comments?post=6223"}],"version-history":[{"count":4,"href":"https:\/\/sybir.bialystok.pl\/en\/wp-json\/wp\/v2\/pages\/6223\/revisions"}],"predecessor-version":[{"id":11226,"href":"https:\/\/sybir.bialystok.pl\/en\/wp-json\/wp\/v2\/pages\/6223\/revisions\/11226"}],"up":[{"embeddable":true,"href":"https:\/\/sybir.bialystok.pl\/en\/wp-json\/wp\/v2\/pages\/6619"}],"wp:featuredmedia":[{"embeddable":true,"href":"https:\/\/sybir.bialystok.pl\/en\/wp-json\/wp\/v2\/media\/26862"}],"wp:attachment":[{"href":"https:\/\/sybir.bialystok.pl\/en\/wp-json\/wp\/v2\/media?parent=6223"}],"curies":[{"name":"wp","href":"https:\/\/api.w.org\/{rel}","templated":true}]}}