{"id":6219,"date":"2021-02-15T11:50:58","date_gmt":"2021-02-15T10:50:58","guid":{"rendered":"https:\/\/sybir.bialystok.pl\/jak-dojechac\/"},"modified":"2022-03-02T11:01:55","modified_gmt":"2022-03-02T10:01:55","slug":"how-to-get","status":"publish","type":"page","link":"https:\/\/sybir.bialystok.pl\/en\/plan-your-visit\/how-to-get\/","title":{"rendered":"How to get to the Museum?"},"content":{"rendered":"\n<iframe src=\"https:\/\/www.google.com\/maps\/embed?pb=!1m18!1m12!1m3!1d2012.4183451819836!2d23.175707299396077!3d53.142824297191744!2m3!1f0!2f0!3f0!3m2!1i1024!2i768!4f13.1!3m3!1m2!1s0x471ffc1b7bb7de89%3A0xf8137d1a715eda20!2sMuzeum%20Pami%C4%99ci%20Sybiru!5e0!3m2!1spl!2spl!4v1614072265357!5m2!1spl!2spl\" width=\"600\" height=\"450\" style=\"border:0;\" allowfullscreen=\"\" loading=\"lazy\"><\/iframe>\n\n\n\n<p><\/p>\n\n\n\n<p>You can reach us by bus lines: 3, 6, 9, 13, 16, 100, 108.<\/p>\n\n\n\n<p>If you are coming from the city center, get off at the Wasilkowska\/Traugutta stop (No. 521). If you are going towards the city center, get off at the Wasilkowska\/Andersa stop (no. 524).<\/p>\n\n\n\n<p class=\"has-text-align-center\"><strong>Access from the Railway Station<\/strong><\/p>\n\n\n\n<p>You can reach us by bus lines: 18.<\/p>\n\n\n\n<p><a>If you are coming from the Railway Station, get off at the Wasilkowska\/Traugutta stop (No. 521).<\/a> If you are going towards the Railway Station, get off at the Sienkiewicza\/Ryska stop (No. 420).<\/p>\n\n\n\n<p><a><strong>Access from the Bus Station<\/strong><\/a><\/p>\n\n\n\n<p>You can reach us by bus lines: 100.<\/p>\n\n\n\n<p>If you are coming from the Bus Station, get off at the Wasilkowska\/Traugutta stop (No. 521). If you are going towards the Bus Station, get off at the Wasilkowska\/Andersa stop (No. 524).<\/p>\n\n\n\n<p class=\"has-text-align-center\"><strong>Access by car<\/strong><\/p>\n\n\n\n<p>We have a free car park, open to visitors during the Museum&#8217;s working hours. The entrance to the car park is from the side of Wac\u0142awa Siedleckiego Street.<\/p>\n\n\n\n<figure class=\"wp-block-gallery columns-2 is-cropped wp-block-gallery-1 is-layout-flex wp-block-gallery-is-layout-flex\"><ul class=\"blocks-gallery-grid\"><li class=\"blocks-gallery-item\"><figure><a href=\"https:\/\/sybir.bialystok.pl\/wp-content\/uploads\/2021\/05\/parking-1-1024x683.jpg\"><img loading=\"lazy\" decoding=\"async\" width=\"1024\" height=\"683\" src=\"https:\/\/sybir.bialystok.pl\/wp-content\/uploads\/2021\/05\/parking-1-1024x683.jpg\" alt=\"\" data-id=\"5028\" data-link=\"https:\/\/sybir.bialystok.pl\/zaplanuj-wizyte\/jak-dojechac\/parking-2\/\" class=\"wp-image-5028\" srcset=\"https:\/\/sybir.bialystok.pl\/wp-content\/uploads\/2021\/05\/parking-1-1024x683.jpg 1024w, https:\/\/sybir.bialystok.pl\/wp-content\/uploads\/2021\/05\/parking-1-300x200.jpg 300w, https:\/\/sybir.bialystok.pl\/wp-content\/uploads\/2021\/05\/parking-1-768x512.jpg 768w, https:\/\/sybir.bialystok.pl\/wp-content\/uploads\/2021\/05\/parking-1-1536x1024.jpg 1536w, https:\/\/sybir.bialystok.pl\/wp-content\/uploads\/2021\/05\/parking-1.jpg 2048w\" sizes=\"auto, (max-width: 1024px) 100vw, 1024px\" \/><\/a><\/figure><\/li><li class=\"blocks-gallery-item\"><figure><a href=\"https:\/\/sybir.bialystok.pl\/wp-content\/uploads\/2021\/07\/parking-Sredni.jpg\"><img loading=\"lazy\" decoding=\"async\" width=\"1024\" height=\"683\" src=\"https:\/\/sybir.bialystok.pl\/wp-content\/uploads\/2021\/07\/parking-Sredni-1024x683.jpg\" alt=\"\" data-id=\"6006\" data-full-url=\"https:\/\/sybir.bialystok.pl\/wp-content\/uploads\/2021\/07\/parking-Sredni.jpg\" data-link=\"https:\/\/sybir.bialystok.pl\/zaplanuj-wizyte\/jak-dojechac\/parking-sredni\/\" class=\"wp-image-6006\" srcset=\"https:\/\/sybir.bialystok.pl\/wp-content\/uploads\/2021\/07\/parking-Sredni-1024x683.jpg 1024w, https:\/\/sybir.bialystok.pl\/wp-content\/uploads\/2021\/07\/parking-Sredni-300x200.jpg 300w, https:\/\/sybir.bialystok.pl\/wp-content\/uploads\/2021\/07\/parking-Sredni-768x512.jpg 768w, https:\/\/sybir.bialystok.pl\/wp-content\/uploads\/2021\/07\/parking-Sredni.jpg 1152w\" sizes=\"auto, (max-width: 1024px) 100vw, 1024px\" \/><\/a><\/figure><\/li><\/ul><\/figure>\n\n\n\n<p class=\"has-text-align-center\"><strong>Access by bike<\/strong><\/p>\n\n\n\n<p>There are bicycle stands next to the building. The nearest station of Bialystok Bicycle Communication (BIKeR) \u2014 Wasilkowska\/Rondo, is located 650 m away.<\/p>\n\n\n\n<figure class=\"wp-block-gallery columns-1 is-cropped wp-block-gallery-2 is-layout-flex wp-block-gallery-is-layout-flex\"><ul class=\"blocks-gallery-grid\"><li class=\"blocks-gallery-item\"><figure><a href=\"https:\/\/sybir.bialystok.pl\/wp-content\/uploads\/2021\/05\/Parking-rowerowy.jpg\"><img loading=\"lazy\" decoding=\"async\" width=\"1024\" height=\"683\" src=\"https:\/\/sybir.bialystok.pl\/wp-content\/uploads\/2021\/05\/Parking-rowerowy-1024x683.jpg\" alt=\"\" data-id=\"4988\" data-full-url=\"https:\/\/sybir.bialystok.pl\/wp-content\/uploads\/2021\/05\/Parking-rowerowy.jpg\" data-link=\"https:\/\/sybir.bialystok.pl\/zaplanuj-wizyte\/jak-dojechac\/parking-rowerowy\/\" class=\"wp-image-4988\" srcset=\"https:\/\/sybir.bialystok.pl\/wp-content\/uploads\/2021\/05\/Parking-rowerowy-1024x683.jpg 1024w, https:\/\/sybir.bialystok.pl\/wp-content\/uploads\/2021\/05\/Parking-rowerowy-300x200.jpg 300w, https:\/\/sybir.bialystok.pl\/wp-content\/uploads\/2021\/05\/Parking-rowerowy-768x512.jpg 768w, https:\/\/sybir.bialystok.pl\/wp-content\/uploads\/2021\/05\/Parking-rowerowy-1536x1024.jpg 1536w, https:\/\/sybir.bialystok.pl\/wp-content\/uploads\/2021\/05\/Parking-rowerowy.jpg 2048w\" sizes=\"auto, (max-width: 1024px) 100vw, 1024px\" \/><\/a><\/figure><\/li><\/ul><\/figure>\n","protected":false},"excerpt":{"rendered":"<p>The Sybir Memorial Museum is located in a former military warehouse at W\u0119glowa Street 1, less than 2 kilometers from the center of Bialystok.<\/p>\n","protected":false},"author":2,"featured_media":9584,"parent":6619,"menu_order":4,"comment_status":"closed","ping_status":"closed","template":"","meta":{"_acf_changed":false,"_editorskit_title_hidden":false,"_editorskit_reading_time":0,"_editorskit_is_block_options_detached":false,"_editorskit_block_options_position":"{}","footnotes":""},"class_list":["post-6219","page","type-page","status-publish","has-post-thumbnail","hentry"],"acf":[],"yoast_head":"<!-- This site is optimized with the Yoast SEO plugin v24.6 - https:\/\/yoast.com\/wordpress\/plugins\/seo\/ -->\n<title>How to get to the Museum? - Muzeum Pami\u0119ci Sybiru<\/title>\n<meta name=\"robots\" content=\"index, follow, max-snippet:-1, max-image-preview:large, max-video-preview:-1\" \/>\n<link rel=\"canonical\" href=\"https:\/\/sybir.bialystok.pl\/en\/plan-your-visit\/how-to-get\/\" \/>\n<meta property=\"og:locale\" content=\"en_US\" \/>\n<meta property=\"og:type\" content=\"article\" \/>\n<meta property=\"og:title\" content=\"How to get to the Museum? - Muzeum Pami\u0119ci Sybiru\" \/>\n<meta property=\"og:description\" content=\"The Sybir Memorial Museum is located in a former military warehouse at W\u0119glowa Street 1, less than 2 kilometers from the center of Bialystok.\" \/>\n<meta property=\"og:url\" content=\"https:\/\/sybir.bialystok.pl\/en\/plan-your-visit\/how-to-get\/\" \/>\n<meta property=\"og:site_name\" content=\"Muzeum Pami\u0119ci Sybiru\" \/>\n<meta property=\"article:modified_time\" content=\"2022-03-02T10:01:55+00:00\" \/>\n<meta property=\"og:image\" content=\"https:\/\/sybir.bialystok.pl\/wp-content\/uploads\/2021\/10\/Budynek-MPS-1.jpg\" \/>\n\t<meta property=\"og:image:width\" content=\"1366\" \/>\n\t<meta property=\"og:image:height\" content=\"714\" \/>\n\t<meta property=\"og:image:type\" content=\"image\/jpeg\" \/>\n<meta name=\"twitter:card\" content=\"summary_large_image\" \/>\n<meta name=\"twitter:label1\" content=\"Est. reading time\" \/>\n\t<meta name=\"twitter:data1\" content=\"2 minutes\" \/>\n<script type=\"application\/ld+json\" class=\"yoast-schema-graph\">{\"@context\":\"https:\/\/schema.org\",\"@graph\":[{\"@type\":\"WebPage\",\"@id\":\"https:\/\/sybir.bialystok.pl\/en\/plan-your-visit\/how-to-get\/\",\"url\":\"https:\/\/sybir.bialystok.pl\/en\/plan-your-visit\/how-to-get\/\",\"name\":\"How to get to the Museum? - Muzeum Pami\u0119ci Sybiru\",\"isPartOf\":{\"@id\":\"https:\/\/sybir.bialystok.pl\/en\/#website\"},\"primaryImageOfPage\":{\"@id\":\"https:\/\/sybir.bialystok.pl\/en\/plan-your-visit\/how-to-get\/#primaryimage\"},\"image\":{\"@id\":\"https:\/\/sybir.bialystok.pl\/en\/plan-your-visit\/how-to-get\/#primaryimage\"},\"thumbnailUrl\":\"https:\/\/sybir.bialystok.pl\/wp-content\/uploads\/2021\/10\/Budynek-MPS-1.jpg\",\"datePublished\":\"2021-02-15T10:50:58+00:00\",\"dateModified\":\"2022-03-02T10:01:55+00:00\",\"breadcrumb\":{\"@id\":\"https:\/\/sybir.bialystok.pl\/en\/plan-your-visit\/how-to-get\/#breadcrumb\"},\"inLanguage\":\"en-US\",\"potentialAction\":[{\"@type\":\"ReadAction\",\"target\":[\"https:\/\/sybir.bialystok.pl\/en\/plan-your-visit\/how-to-get\/\"]}]},{\"@type\":\"ImageObject\",\"inLanguage\":\"en-US\",\"@id\":\"https:\/\/sybir.bialystok.pl\/en\/plan-your-visit\/how-to-get\/#primaryimage\",\"url\":\"https:\/\/sybir.bialystok.pl\/wp-content\/uploads\/2021\/10\/Budynek-MPS-1.jpg\",\"contentUrl\":\"https:\/\/sybir.bialystok.pl\/wp-content\/uploads\/2021\/10\/Budynek-MPS-1.jpg\",\"width\":1366,\"height\":714},{\"@type\":\"BreadcrumbList\",\"@id\":\"https:\/\/sybir.bialystok.pl\/en\/plan-your-visit\/how-to-get\/#breadcrumb\",\"itemListElement\":[{\"@type\":\"ListItem\",\"position\":1,\"name\":\"Home page\",\"item\":\"https:\/\/sybir.bialystok.pl\/en\/\"},{\"@type\":\"ListItem\",\"position\":2,\"name\":\"Plan your visit\",\"item\":\"https:\/\/sybir.bialystok.pl\/en\/plan-your-visit\/\"},{\"@type\":\"ListItem\",\"position\":3,\"name\":\"How to get to the Museum?\"}]},{\"@type\":\"WebSite\",\"@id\":\"https:\/\/sybir.bialystok.pl\/en\/#website\",\"url\":\"https:\/\/sybir.bialystok.pl\/en\/\",\"name\":\"Muzeum Pami\u0119ci Sybiru\",\"description\":\"Muzeum Pami\u0119ci Sybiru jest po\u015bwi\u0119cone ludziom, kt\u00f3rzy od ko\u0144ca XVI a\u017c do po\u0142owy XX wieku byli niewoleni i zsy\u0142ani w g\u0142\u0105b Rosji, a p\u00f3\u017aniej Zwi\u0105zku Sowieckiego, jak te\u017c tym, kt\u00f3rzy pod\u0105\u017cali tam dobrowolnie.\",\"potentialAction\":[{\"@type\":\"SearchAction\",\"target\":{\"@type\":\"EntryPoint\",\"urlTemplate\":\"https:\/\/sybir.bialystok.pl\/en\/?s={search_term_string}\"},\"query-input\":{\"@type\":\"PropertyValueSpecification\",\"valueRequired\":true,\"valueName\":\"search_term_string\"}}],\"inLanguage\":\"en-US\"}]}<\/script>\n<!-- \/ Yoast SEO plugin. -->","yoast_head_json":{"title":"How to get to the Museum? - Muzeum Pami\u0119ci Sybiru","robots":{"index":"index","follow":"follow","max-snippet":"max-snippet:-1","max-image-preview":"max-image-preview:large","max-video-preview":"max-video-preview:-1"},"canonical":"https:\/\/sybir.bialystok.pl\/en\/plan-your-visit\/how-to-get\/","og_locale":"en_US","og_type":"article","og_title":"How to get to the Museum? - Muzeum Pami\u0119ci Sybiru","og_description":"The Sybir Memorial Museum is located in a former military warehouse at W\u0119glowa Street 1, less than 2 kilometers from the center of Bialystok.","og_url":"https:\/\/sybir.bialystok.pl\/en\/plan-your-visit\/how-to-get\/","og_site_name":"Muzeum Pami\u0119ci Sybiru","article_modified_time":"2022-03-02T10:01:55+00:00","og_image":[{"width":1366,"height":714,"url":"https:\/\/sybir.bialystok.pl\/wp-content\/uploads\/2021\/10\/Budynek-MPS-1.jpg","type":"image\/jpeg"}],"twitter_card":"summary_large_image","twitter_misc":{"Est. reading time":"2 minutes"},"schema":{"@context":"https:\/\/schema.org","@graph":[{"@type":"WebPage","@id":"https:\/\/sybir.bialystok.pl\/en\/plan-your-visit\/how-to-get\/","url":"https:\/\/sybir.bialystok.pl\/en\/plan-your-visit\/how-to-get\/","name":"How to get to the Museum? - Muzeum Pami\u0119ci Sybiru","isPartOf":{"@id":"https:\/\/sybir.bialystok.pl\/en\/#website"},"primaryImageOfPage":{"@id":"https:\/\/sybir.bialystok.pl\/en\/plan-your-visit\/how-to-get\/#primaryimage"},"image":{"@id":"https:\/\/sybir.bialystok.pl\/en\/plan-your-visit\/how-to-get\/#primaryimage"},"thumbnailUrl":"https:\/\/sybir.bialystok.pl\/wp-content\/uploads\/2021\/10\/Budynek-MPS-1.jpg","datePublished":"2021-02-15T10:50:58+00:00","dateModified":"2022-03-02T10:01:55+00:00","breadcrumb":{"@id":"https:\/\/sybir.bialystok.pl\/en\/plan-your-visit\/how-to-get\/#breadcrumb"},"inLanguage":"en-US","potentialAction":[{"@type":"ReadAction","target":["https:\/\/sybir.bialystok.pl\/en\/plan-your-visit\/how-to-get\/"]}]},{"@type":"ImageObject","inLanguage":"en-US","@id":"https:\/\/sybir.bialystok.pl\/en\/plan-your-visit\/how-to-get\/#primaryimage","url":"https:\/\/sybir.bialystok.pl\/wp-content\/uploads\/2021\/10\/Budynek-MPS-1.jpg","contentUrl":"https:\/\/sybir.bialystok.pl\/wp-content\/uploads\/2021\/10\/Budynek-MPS-1.jpg","width":1366,"height":714},{"@type":"BreadcrumbList","@id":"https:\/\/sybir.bialystok.pl\/en\/plan-your-visit\/how-to-get\/#breadcrumb","itemListElement":[{"@type":"ListItem","position":1,"name":"Home page","item":"https:\/\/sybir.bialystok.pl\/en\/"},{"@type":"ListItem","position":2,"name":"Plan your visit","item":"https:\/\/sybir.bialystok.pl\/en\/plan-your-visit\/"},{"@type":"ListItem","position":3,"name":"How to get to the Museum?"}]},{"@type":"WebSite","@id":"https:\/\/sybir.bialystok.pl\/en\/#website","url":"https:\/\/sybir.bialystok.pl\/en\/","name":"Muzeum Pami\u0119ci Sybiru","description":"Muzeum Pami\u0119ci Sybiru jest po\u015bwi\u0119cone ludziom, kt\u00f3rzy od ko\u0144ca XVI a\u017c do po\u0142owy XX wieku byli niewoleni i zsy\u0142ani w g\u0142\u0105b Rosji, a p\u00f3\u017aniej Zwi\u0105zku Sowieckiego, jak te\u017c tym, kt\u00f3rzy pod\u0105\u017cali tam dobrowolnie.","potentialAction":[{"@type":"SearchAction","target":{"@type":"EntryPoint","urlTemplate":"https:\/\/sybir.bialystok.pl\/en\/?s={search_term_string}"},"query-input":{"@type":"PropertyValueSpecification","valueRequired":true,"valueName":"search_term_string"}}],"inLanguage":"en-US"}]}},"_links":{"self":[{"href":"https:\/\/sybir.bialystok.pl\/en\/wp-json\/wp\/v2\/pages\/6219","targetHints":{"allow":["GET"]}}],"collection":[{"href":"https:\/\/sybir.bialystok.pl\/en\/wp-json\/wp\/v2\/pages"}],"about":[{"href":"https:\/\/sybir.bialystok.pl\/en\/wp-json\/wp\/v2\/types\/page"}],"author":[{"embeddable":true,"href":"https:\/\/sybir.bialystok.pl\/en\/wp-json\/wp\/v2\/users\/2"}],"replies":[{"embeddable":true,"href":"https:\/\/sybir.bialystok.pl\/en\/wp-json\/wp\/v2\/comments?post=6219"}],"version-history":[{"count":5,"href":"https:\/\/sybir.bialystok.pl\/en\/wp-json\/wp\/v2\/pages\/6219\/revisions"}],"predecessor-version":[{"id":12318,"href":"https:\/\/sybir.bialystok.pl\/en\/wp-json\/wp\/v2\/pages\/6219\/revisions\/12318"}],"up":[{"embeddable":true,"href":"https:\/\/sybir.bialystok.pl\/en\/wp-json\/wp\/v2\/pages\/6619"}],"wp:featuredmedia":[{"embeddable":true,"href":"https:\/\/sybir.bialystok.pl\/en\/wp-json\/wp\/v2\/media\/9584"}],"wp:attachment":[{"href":"https:\/\/sybir.bialystok.pl\/en\/wp-json\/wp\/v2\/media?parent=6219"}],"curies":[{"name":"wp","href":"https:\/\/api.w.org\/{rel}","templated":true}]}}