{"id":6214,"date":"2021-02-15T11:47:54","date_gmt":"2021-02-15T10:47:54","guid":{"rendered":"https:\/\/sybir.bialystok.pl\/godziny-otwarcia\/"},"modified":"2026-01-08T14:52:23","modified_gmt":"2026-01-08T13:52:23","slug":"working-hours","status":"publish","type":"page","link":"https:\/\/sybir.bialystok.pl\/en\/plan-your-visit\/working-hours\/","title":{"rendered":"Opening hours"},"content":{"rendered":"\n<figure class=\"wp-block-gallery has-nested-images columns-default is-cropped wp-block-gallery-1 is-layout-flex wp-block-gallery-is-layout-flex\">\n<figure class=\"wp-block-image size-large\"><a href=\"https:\/\/sybir.bialystok.pl\/wp-content\/uploads\/2021\/09\/2021-MPS-zwiedzanie-Karpinski-3-Sredni.jpg\"><img loading=\"lazy\" decoding=\"async\" width=\"1024\" height=\"683\" data-id=\"9286\" src=\"https:\/\/sybir.bialystok.pl\/wp-content\/uploads\/2021\/09\/2021-MPS-zwiedzanie-Karpinski-3-Sredni-1024x683.jpg\" alt=\"\" class=\"wp-image-9286\" srcset=\"https:\/\/sybir.bialystok.pl\/wp-content\/uploads\/2021\/09\/2021-MPS-zwiedzanie-Karpinski-3-Sredni-1024x683.jpg 1024w, https:\/\/sybir.bialystok.pl\/wp-content\/uploads\/2021\/09\/2021-MPS-zwiedzanie-Karpinski-3-Sredni-300x200.jpg 300w, https:\/\/sybir.bialystok.pl\/wp-content\/uploads\/2021\/09\/2021-MPS-zwiedzanie-Karpinski-3-Sredni-768x512.jpg 768w, https:\/\/sybir.bialystok.pl\/wp-content\/uploads\/2021\/09\/2021-MPS-zwiedzanie-Karpinski-3-Sredni.jpg 1151w\" sizes=\"auto, (max-width: 1024px) 100vw, 1024px\" \/><\/a><\/figure>\n<\/figure>\n\n\n\n<p><strong>The opening hours of the permanent exhibition:<\/strong><\/p>\n\n\n\n<ul class=\"wp-block-list\">\n<li>Monday: Closed<\/li>\n\n\n\n<li>Tuesday: 9.30 a.m. \u2014 5.00 p.m.<\/li>\n\n\n\n<li>Wednesday: 9.30 a.m. \u2014 5.00 p.m.<\/li>\n\n\n\n<li>Thursday: 9.30 a.m. \u2014 5.00 p.m.<\/li>\n\n\n\n<li>Friday: 9.30 a.m. \u2014 5.00 p.m.<\/li>\n\n\n\n<li>Saturday: 10.30 a.m. \u2014 6.00 p.m.<\/li>\n\n\n\n<li>Sunday: 9.30 a.m. \u2014 5.00 p.m.<\/li>\n<\/ul>\n\n\n\n<p><strong>The opening hours of the ticket office:<\/strong><\/p>\n\n\n\n<ul class=\"wp-block-list\">\n<li>Monday: Closed<\/li>\n\n\n\n<li>Tuesday: 9.30 a.m. \u2014 4.30 p.m.<\/li>\n\n\n\n<li>Wednesday: 9.30 a.m. \u2014 4.30 p.m.<\/li>\n\n\n\n<li>Thursday: 9.30 a.m. \u2014 4.30 p.m.<\/li>\n\n\n\n<li>Friday: 9.00 a.m. \u2014 4.30 p.m.<\/li>\n\n\n\n<li>Saturday: 10.00 a.m. \u2014 5.30 p.m.<\/li>\n\n\n\n<li>Sunday: 9.00 a.m. \u2014 4.30 p.m.<\/li>\n<\/ul>\n\n\n\n<p>The office is open from Monday to Friday between the hours of 8.00 a.m. to 4.00 p.m.<\/p>\n\n\n\n<p><strong>The opening hours of the museum shop:<\/strong><\/p>\n\n\n\n<ul class=\"wp-block-list\">\n<li>Monday: Closed<\/li>\n\n\n\n<li>Tuesday: 10.00 a.m. \u2014 5.15 p.m.<\/li>\n\n\n\n<li>Wednesday: 10.00 a.m. \u2014 5.15 p.m.<\/li>\n\n\n\n<li>Thursday: 10.00 a.m. \u2014 5.15 p.m.<\/li>\n\n\n\n<li>Friday: 10.00 a.m. \u2014 5.15 p.m.<\/li>\n\n\n\n<li>Saturday: 11.00 a.m. \u2014 6.15 p.m.<\/li>\n\n\n\n<li>Sunday: 10.00 a.m. \u2014 5.15 p.m.<\/li>\n<\/ul>\n\n\n\n<p><strong>LIST OF DAYS WHEN THE SYBIR MEMORIAL MUSEUM IS CLOSED TO VISITORS IN 2026:<\/strong><\/p>\n\n\n\n<ul class=\"wp-block-list\">\n<li>January 1st \u2013 New Year\u2019s Day<\/li>\n\n\n\n<li>January 6th \u2013 Feast of the Epiphany<\/li>\n\n\n\n<li>April 4th \u2013 Holy Saturday<\/li>\n\n\n\n<li>April 5th \u2013 First Day of Easter<\/li>\n\n\n\n<li>April 6th \u2013 Easter Monday<\/li>\n\n\n\n<li>May 1st \u2013 Workers\u2019 Day<\/li>\n\n\n\n<li>May 3th \u2013 The Constitution of 3 May 1791<\/li>\n\n\n\n<li>May 16th \u2013 The Long Night of Museums<\/li>\n\n\n\n<li>May 24th \u2013 Pentecost<\/li>\n\n\n\n<li>June 4th \u2013 Corpus Christi<\/li>\n\n\n\n<li>August 15th \u2013 Feast of the Polish Armed Forces, Assumption Day<\/li>\n\n\n\n<li>September 17th \u2013 Anniversary celebrations<\/li>\n\n\n\n<li>November 1st \u2013 Feast of All Saints<\/li>\n\n\n\n<li>November 11th \u2013 National Independence Day<\/li>\n\n\n\n<li>December 24th \u2013 Christmas Eve<\/li>\n\n\n\n<li>December 25th \u2013 First Day of Christmas<\/li>\n\n\n\n<li>December 26th \u2013 Second Day of Christmas<\/li>\n\n\n\n<li>December 31th \u2013 New Year\u2019s Eve<\/li>\n<\/ul>\n\n\n\n<p>Time for a full tour of the permanent exhibition is approximately 120 minutes, so we recommend coming to the museum at least 2 hours before its closing.<\/p>\n\n\n\n<p><\/p>\n\n\n\n<p><strong>QUIET WEDNESDAYS at the Sybir Memorial Museum<\/strong><\/p>\n\n\n\n<p>We would like to inform you that every Wednesday at the Sybir Memorial Museum, so-called &#8220;quiet hours&#8221; are in force. This means that during the opening hours of the permanent exhibition, the music and multimedia displays are turned down.<\/p>\n\n\n\n<p>&#8220;Quiet Wednesday&#8221; is an initiative intended for individuals on the autism spectrum, highly sensitive visitors, and everyone looking for peace at the Museum.<\/p>\n","protected":false},"excerpt":{"rendered":"<p>Check, what are our opening hours. <\/p>\n","protected":false},"author":2,"featured_media":9564,"parent":6619,"menu_order":2,"comment_status":"closed","ping_status":"closed","template":"","meta":{"_acf_changed":false,"_editorskit_title_hidden":false,"_editorskit_reading_time":0,"_editorskit_is_block_options_detached":false,"_editorskit_block_options_position":"{}","footnotes":""},"class_list":["post-6214","page","type-page","status-publish","has-post-thumbnail","hentry"],"acf":[],"yoast_head":"<!-- This site is optimized with the Yoast SEO plugin v24.6 - https:\/\/yoast.com\/wordpress\/plugins\/seo\/ -->\n<title>Opening hours - Muzeum Pami\u0119ci Sybiru<\/title>\n<meta name=\"description\" content=\"Check, what are our working hours.\" \/>\n<meta name=\"robots\" content=\"index, follow, max-snippet:-1, max-image-preview:large, max-video-preview:-1\" \/>\n<link rel=\"canonical\" href=\"https:\/\/sybir.bialystok.pl\/en\/plan-your-visit\/working-hours\/\" \/>\n<meta property=\"og:locale\" content=\"en_US\" \/>\n<meta property=\"og:type\" content=\"article\" \/>\n<meta property=\"og:title\" content=\"Opening hours - Muzeum Pami\u0119ci Sybiru\" \/>\n<meta property=\"og:description\" content=\"Check, what are our working hours.\" \/>\n<meta property=\"og:url\" content=\"https:\/\/sybir.bialystok.pl\/en\/plan-your-visit\/working-hours\/\" \/>\n<meta property=\"og:site_name\" content=\"Muzeum Pami\u0119ci Sybiru\" \/>\n<meta property=\"article:modified_time\" content=\"2026-01-08T13:52:23+00:00\" \/>\n<meta property=\"og:image\" content=\"https:\/\/sybir.bialystok.pl\/wp-content\/uploads\/2021\/10\/2021-MPS-Otwarcie-Andrzej-Duda-by-Krzysztof-Karpinski-366-Sredni.jpg\" \/>\n\t<meta property=\"og:image:width\" content=\"1150\" \/>\n\t<meta property=\"og:image:height\" content=\"768\" \/>\n\t<meta property=\"og:image:type\" content=\"image\/jpeg\" \/>\n<meta name=\"twitter:card\" content=\"summary_large_image\" \/>\n<meta name=\"twitter:label1\" content=\"Est. reading time\" \/>\n\t<meta name=\"twitter:data1\" content=\"2 minutes\" \/>\n<script type=\"application\/ld+json\" class=\"yoast-schema-graph\">{\"@context\":\"https:\/\/schema.org\",\"@graph\":[{\"@type\":\"WebPage\",\"@id\":\"https:\/\/sybir.bialystok.pl\/en\/plan-your-visit\/working-hours\/\",\"url\":\"https:\/\/sybir.bialystok.pl\/en\/plan-your-visit\/working-hours\/\",\"name\":\"Opening hours - Muzeum Pami\u0119ci Sybiru\",\"isPartOf\":{\"@id\":\"https:\/\/sybir.bialystok.pl\/en\/#website\"},\"primaryImageOfPage\":{\"@id\":\"https:\/\/sybir.bialystok.pl\/en\/plan-your-visit\/working-hours\/#primaryimage\"},\"image\":{\"@id\":\"https:\/\/sybir.bialystok.pl\/en\/plan-your-visit\/working-hours\/#primaryimage\"},\"thumbnailUrl\":\"https:\/\/sybir.bialystok.pl\/wp-content\/uploads\/2021\/10\/2021-MPS-Otwarcie-Andrzej-Duda-by-Krzysztof-Karpinski-366-Sredni.jpg\",\"datePublished\":\"2021-02-15T10:47:54+00:00\",\"dateModified\":\"2026-01-08T13:52:23+00:00\",\"description\":\"Check, what are our working hours.\",\"breadcrumb\":{\"@id\":\"https:\/\/sybir.bialystok.pl\/en\/plan-your-visit\/working-hours\/#breadcrumb\"},\"inLanguage\":\"en-US\",\"potentialAction\":[{\"@type\":\"ReadAction\",\"target\":[\"https:\/\/sybir.bialystok.pl\/en\/plan-your-visit\/working-hours\/\"]}]},{\"@type\":\"ImageObject\",\"inLanguage\":\"en-US\",\"@id\":\"https:\/\/sybir.bialystok.pl\/en\/plan-your-visit\/working-hours\/#primaryimage\",\"url\":\"https:\/\/sybir.bialystok.pl\/wp-content\/uploads\/2021\/10\/2021-MPS-Otwarcie-Andrzej-Duda-by-Krzysztof-Karpinski-366-Sredni.jpg\",\"contentUrl\":\"https:\/\/sybir.bialystok.pl\/wp-content\/uploads\/2021\/10\/2021-MPS-Otwarcie-Andrzej-Duda-by-Krzysztof-Karpinski-366-Sredni.jpg\",\"width\":1150,\"height\":768},{\"@type\":\"BreadcrumbList\",\"@id\":\"https:\/\/sybir.bialystok.pl\/en\/plan-your-visit\/working-hours\/#breadcrumb\",\"itemListElement\":[{\"@type\":\"ListItem\",\"position\":1,\"name\":\"Home page\",\"item\":\"https:\/\/sybir.bialystok.pl\/en\/\"},{\"@type\":\"ListItem\",\"position\":2,\"name\":\"Plan your visit\",\"item\":\"https:\/\/sybir.bialystok.pl\/en\/plan-your-visit\/\"},{\"@type\":\"ListItem\",\"position\":3,\"name\":\"Opening hours\"}]},{\"@type\":\"WebSite\",\"@id\":\"https:\/\/sybir.bialystok.pl\/en\/#website\",\"url\":\"https:\/\/sybir.bialystok.pl\/en\/\",\"name\":\"Muzeum Pami\u0119ci Sybiru\",\"description\":\"Muzeum Pami\u0119ci Sybiru jest po\u015bwi\u0119cone ludziom, kt\u00f3rzy od ko\u0144ca XVI a\u017c do po\u0142owy XX wieku byli niewoleni i zsy\u0142ani w g\u0142\u0105b Rosji, a p\u00f3\u017aniej Zwi\u0105zku Sowieckiego, jak te\u017c tym, kt\u00f3rzy pod\u0105\u017cali tam dobrowolnie.\",\"potentialAction\":[{\"@type\":\"SearchAction\",\"target\":{\"@type\":\"EntryPoint\",\"urlTemplate\":\"https:\/\/sybir.bialystok.pl\/en\/?s={search_term_string}\"},\"query-input\":{\"@type\":\"PropertyValueSpecification\",\"valueRequired\":true,\"valueName\":\"search_term_string\"}}],\"inLanguage\":\"en-US\"}]}<\/script>\n<!-- \/ Yoast SEO plugin. -->","yoast_head_json":{"title":"Opening hours - Muzeum Pami\u0119ci Sybiru","description":"Check, what are our working hours.","robots":{"index":"index","follow":"follow","max-snippet":"max-snippet:-1","max-image-preview":"max-image-preview:large","max-video-preview":"max-video-preview:-1"},"canonical":"https:\/\/sybir.bialystok.pl\/en\/plan-your-visit\/working-hours\/","og_locale":"en_US","og_type":"article","og_title":"Opening hours - Muzeum Pami\u0119ci Sybiru","og_description":"Check, what are our working hours.","og_url":"https:\/\/sybir.bialystok.pl\/en\/plan-your-visit\/working-hours\/","og_site_name":"Muzeum Pami\u0119ci Sybiru","article_modified_time":"2026-01-08T13:52:23+00:00","og_image":[{"width":1150,"height":768,"url":"https:\/\/sybir.bialystok.pl\/wp-content\/uploads\/2021\/10\/2021-MPS-Otwarcie-Andrzej-Duda-by-Krzysztof-Karpinski-366-Sredni.jpg","type":"image\/jpeg"}],"twitter_card":"summary_large_image","twitter_misc":{"Est. reading time":"2 minutes"},"schema":{"@context":"https:\/\/schema.org","@graph":[{"@type":"WebPage","@id":"https:\/\/sybir.bialystok.pl\/en\/plan-your-visit\/working-hours\/","url":"https:\/\/sybir.bialystok.pl\/en\/plan-your-visit\/working-hours\/","name":"Opening hours - Muzeum Pami\u0119ci Sybiru","isPartOf":{"@id":"https:\/\/sybir.bialystok.pl\/en\/#website"},"primaryImageOfPage":{"@id":"https:\/\/sybir.bialystok.pl\/en\/plan-your-visit\/working-hours\/#primaryimage"},"image":{"@id":"https:\/\/sybir.bialystok.pl\/en\/plan-your-visit\/working-hours\/#primaryimage"},"thumbnailUrl":"https:\/\/sybir.bialystok.pl\/wp-content\/uploads\/2021\/10\/2021-MPS-Otwarcie-Andrzej-Duda-by-Krzysztof-Karpinski-366-Sredni.jpg","datePublished":"2021-02-15T10:47:54+00:00","dateModified":"2026-01-08T13:52:23+00:00","description":"Check, what are our working hours.","breadcrumb":{"@id":"https:\/\/sybir.bialystok.pl\/en\/plan-your-visit\/working-hours\/#breadcrumb"},"inLanguage":"en-US","potentialAction":[{"@type":"ReadAction","target":["https:\/\/sybir.bialystok.pl\/en\/plan-your-visit\/working-hours\/"]}]},{"@type":"ImageObject","inLanguage":"en-US","@id":"https:\/\/sybir.bialystok.pl\/en\/plan-your-visit\/working-hours\/#primaryimage","url":"https:\/\/sybir.bialystok.pl\/wp-content\/uploads\/2021\/10\/2021-MPS-Otwarcie-Andrzej-Duda-by-Krzysztof-Karpinski-366-Sredni.jpg","contentUrl":"https:\/\/sybir.bialystok.pl\/wp-content\/uploads\/2021\/10\/2021-MPS-Otwarcie-Andrzej-Duda-by-Krzysztof-Karpinski-366-Sredni.jpg","width":1150,"height":768},{"@type":"BreadcrumbList","@id":"https:\/\/sybir.bialystok.pl\/en\/plan-your-visit\/working-hours\/#breadcrumb","itemListElement":[{"@type":"ListItem","position":1,"name":"Home page","item":"https:\/\/sybir.bialystok.pl\/en\/"},{"@type":"ListItem","position":2,"name":"Plan your visit","item":"https:\/\/sybir.bialystok.pl\/en\/plan-your-visit\/"},{"@type":"ListItem","position":3,"name":"Opening hours"}]},{"@type":"WebSite","@id":"https:\/\/sybir.bialystok.pl\/en\/#website","url":"https:\/\/sybir.bialystok.pl\/en\/","name":"Muzeum Pami\u0119ci Sybiru","description":"Muzeum Pami\u0119ci Sybiru jest po\u015bwi\u0119cone ludziom, kt\u00f3rzy od ko\u0144ca XVI a\u017c do po\u0142owy XX wieku byli niewoleni i zsy\u0142ani w g\u0142\u0105b Rosji, a p\u00f3\u017aniej Zwi\u0105zku Sowieckiego, jak te\u017c tym, kt\u00f3rzy pod\u0105\u017cali tam dobrowolnie.","potentialAction":[{"@type":"SearchAction","target":{"@type":"EntryPoint","urlTemplate":"https:\/\/sybir.bialystok.pl\/en\/?s={search_term_string}"},"query-input":{"@type":"PropertyValueSpecification","valueRequired":true,"valueName":"search_term_string"}}],"inLanguage":"en-US"}]}},"_links":{"self":[{"href":"https:\/\/sybir.bialystok.pl\/en\/wp-json\/wp\/v2\/pages\/6214","targetHints":{"allow":["GET"]}}],"collection":[{"href":"https:\/\/sybir.bialystok.pl\/en\/wp-json\/wp\/v2\/pages"}],"about":[{"href":"https:\/\/sybir.bialystok.pl\/en\/wp-json\/wp\/v2\/types\/page"}],"author":[{"embeddable":true,"href":"https:\/\/sybir.bialystok.pl\/en\/wp-json\/wp\/v2\/users\/2"}],"replies":[{"embeddable":true,"href":"https:\/\/sybir.bialystok.pl\/en\/wp-json\/wp\/v2\/comments?post=6214"}],"version-history":[{"count":15,"href":"https:\/\/sybir.bialystok.pl\/en\/wp-json\/wp\/v2\/pages\/6214\/revisions"}],"predecessor-version":[{"id":42738,"href":"https:\/\/sybir.bialystok.pl\/en\/wp-json\/wp\/v2\/pages\/6214\/revisions\/42738"}],"up":[{"embeddable":true,"href":"https:\/\/sybir.bialystok.pl\/en\/wp-json\/wp\/v2\/pages\/6619"}],"wp:featuredmedia":[{"embeddable":true,"href":"https:\/\/sybir.bialystok.pl\/en\/wp-json\/wp\/v2\/media\/9564"}],"wp:attachment":[{"href":"https:\/\/sybir.bialystok.pl\/en\/wp-json\/wp\/v2\/media?parent=6214"}],"curies":[{"name":"wp","href":"https:\/\/api.w.org\/{rel}","templated":true}]}}