{"id":6209,"date":"2021-02-15T12:29:53","date_gmt":"2021-02-15T11:29:53","guid":{"rendered":"https:\/\/sybir.bialystok.pl\/zwiedzanie-z-przewodnikiem\/"},"modified":"2026-03-10T10:30:58","modified_gmt":"2026-03-10T09:30:58","slug":"guided-tours","status":"publish","type":"page","link":"https:\/\/sybir.bialystok.pl\/en\/plan-your-visit\/visiting\/guided-tours\/","title":{"rendered":"GUIDED TOURS (with certified external guides)"},"content":{"rendered":"\n<div class=\"wp-block-group\"><div class=\"wp-block-group__inner-container is-layout-constrained wp-block-group-is-layout-constrained\">\n<figure class=\"wp-block-gallery has-nested-images columns-default is-cropped wp-block-gallery-1 is-layout-flex wp-block-gallery-is-layout-flex\">\n<figure class=\"wp-block-image size-large\"><img loading=\"lazy\" decoding=\"async\" width=\"1024\" height=\"732\" data-id=\"14900\" src=\"https:\/\/sybir.bialystok.pl\/wp-content\/uploads\/2022\/09\/DSC08130_SMALL-1024x732.jpg\" alt=\"\" class=\"wp-image-14900\" srcset=\"https:\/\/sybir.bialystok.pl\/wp-content\/uploads\/2022\/09\/DSC08130_SMALL-1024x732.jpg 1024w, https:\/\/sybir.bialystok.pl\/wp-content\/uploads\/2022\/09\/DSC08130_SMALL-300x214.jpg 300w, https:\/\/sybir.bialystok.pl\/wp-content\/uploads\/2022\/09\/DSC08130_SMALL-768x549.jpg 768w, https:\/\/sybir.bialystok.pl\/wp-content\/uploads\/2022\/09\/DSC08130_SMALL-1536x1097.jpg 1536w, https:\/\/sybir.bialystok.pl\/wp-content\/uploads\/2022\/09\/DSC08130_SMALL.jpg 2048w\" sizes=\"auto, (max-width: 1024px) 100vw, 1024px\" \/><\/figure>\n\n\n\n<figure class=\"wp-block-image size-large\"><img loading=\"lazy\" decoding=\"async\" width=\"732\" height=\"1024\" data-id=\"14897\" src=\"https:\/\/sybir.bialystok.pl\/wp-content\/uploads\/2022\/09\/DSC08124_SMALL-732x1024.jpg\" alt=\"\" class=\"wp-image-14897\" srcset=\"https:\/\/sybir.bialystok.pl\/wp-content\/uploads\/2022\/09\/DSC08124_SMALL-732x1024.jpg 732w, https:\/\/sybir.bialystok.pl\/wp-content\/uploads\/2022\/09\/DSC08124_SMALL-214x300.jpg 214w, https:\/\/sybir.bialystok.pl\/wp-content\/uploads\/2022\/09\/DSC08124_SMALL-768x1075.jpg 768w, https:\/\/sybir.bialystok.pl\/wp-content\/uploads\/2022\/09\/DSC08124_SMALL-1097x1536.jpg 1097w, https:\/\/sybir.bialystok.pl\/wp-content\/uploads\/2022\/09\/DSC08124_SMALL.jpg 1463w\" sizes=\"auto, (max-width: 732px) 100vw, 732px\" \/><\/figure>\n\n\n\n<figure class=\"wp-block-image size-large\"><img loading=\"lazy\" decoding=\"async\" width=\"1024\" height=\"732\" data-id=\"14925\" src=\"https:\/\/sybir.bialystok.pl\/wp-content\/uploads\/2022\/09\/DSC08182-Edit_SMALL-1024x732.jpg\" alt=\"\" class=\"wp-image-14925\" srcset=\"https:\/\/sybir.bialystok.pl\/wp-content\/uploads\/2022\/09\/DSC08182-Edit_SMALL-1024x732.jpg 1024w, https:\/\/sybir.bialystok.pl\/wp-content\/uploads\/2022\/09\/DSC08182-Edit_SMALL-300x214.jpg 300w, https:\/\/sybir.bialystok.pl\/wp-content\/uploads\/2022\/09\/DSC08182-Edit_SMALL-768x549.jpg 768w, https:\/\/sybir.bialystok.pl\/wp-content\/uploads\/2022\/09\/DSC08182-Edit_SMALL-1536x1097.jpg 1536w, https:\/\/sybir.bialystok.pl\/wp-content\/uploads\/2022\/09\/DSC08182-Edit_SMALL.jpg 2048w\" sizes=\"auto, (max-width: 1024px) 100vw, 1024px\" \/><\/figure>\n<\/figure>\n<\/div><\/div>\n\n\n\n<p>Do you value direct contact with a mentor? Would you like to get answers to your questions and discover fascinating insights gathered over the years by knowledgeable guides? Such a tour is an excellent opportunity to deepen your knowledge about deportations and the presence of Poles in Siberia. Certified guides of the Sybir Memorial Museum will introduce you to our exhibition and the specifics of our activities, answer your questions, and provide useful information.<\/p>\n\n\n\n<h2 class=\"wp-block-heading\">STANDARD GUIDED TOUR<\/h2>\n\n\n\n<p>Do you enjoy efficient sightseeing with the support of someone who is thoroughly familiar with the museum space? We encourage you to visit the exhibition with a guide.<\/p>\n\n\n\n<p>The permanent exhibition is guided by certified guides cooperating with the Sybir Memorial Museum. If you are interested in such a tour, please contact the guide directly. Remember to contact the guide in advance. Please note that a maximum of 25 people may enter with one guide. If your group is larger, you will need two guides so that everyone can enter the exhibition at approximately the same time.<\/p>\n\n\n\n<p><strong>Guided tours are available every day of the week except Wednesday, which is a free admission day for individual visitors. The services of an external guide are particularly recommended at weekends.<\/strong><\/p>\n\n\n\n<p>Cost of a guided tour \u2014 <strong>admission ticket + guide\u2019s fee<\/strong> (the guide\u2019s fee is agreed individually with the guide).<\/p>\n\n\n\n<h2 class=\"wp-block-heading\"><strong>LIST OF CERTIFIED GUIDES:<\/strong><\/h2>\n\n\n\n<figure class=\"wp-block-gallery has-nested-images columns-default is-cropped wp-block-gallery-2 is-layout-flex wp-block-gallery-is-layout-flex\">\n<figure class=\"wp-block-image size-large\"><a href=\"https:\/\/sybir.bialystok.pl\/wp-content\/uploads\/2021\/10\/2021-MPS-Otwarcie-Andrzej-Duda-by-Krzysztof-Karpinski-333-Sredni.jpg\"><img loading=\"lazy\" decoding=\"async\" width=\"1024\" height=\"683\" data-id=\"9558\" src=\"https:\/\/sybir.bialystok.pl\/wp-content\/uploads\/2021\/10\/2021-MPS-Otwarcie-Andrzej-Duda-by-Krzysztof-Karpinski-333-Sredni-1024x683.jpg\" alt=\"\" class=\"wp-image-9558\" srcset=\"https:\/\/sybir.bialystok.pl\/wp-content\/uploads\/2021\/10\/2021-MPS-Otwarcie-Andrzej-Duda-by-Krzysztof-Karpinski-333-Sredni-1024x683.jpg 1024w, https:\/\/sybir.bialystok.pl\/wp-content\/uploads\/2021\/10\/2021-MPS-Otwarcie-Andrzej-Duda-by-Krzysztof-Karpinski-333-Sredni-300x200.jpg 300w, https:\/\/sybir.bialystok.pl\/wp-content\/uploads\/2021\/10\/2021-MPS-Otwarcie-Andrzej-Duda-by-Krzysztof-Karpinski-333-Sredni-768x512.jpg 768w, https:\/\/sybir.bialystok.pl\/wp-content\/uploads\/2021\/10\/2021-MPS-Otwarcie-Andrzej-Duda-by-Krzysztof-Karpinski-333-Sredni.jpg 1151w\" sizes=\"auto, (max-width: 1024px) 100vw, 1024px\" \/><\/a><\/figure>\n<\/figure>\n\n\n\n<div class=\"wp-block-columns is-layout-flex wp-container-core-columns-is-layout-9d6595d7 wp-block-columns-is-layout-flex\">\n<div class=\"wp-block-column is-layout-flow wp-block-column-is-layout-flow\" style=\"flex-basis:100%\"><\/div>\n<\/div>\n\n\n\n<div id=\"footable_parent_24135\"\n         class=\" footable_parent ninja_table_wrapper loading_ninja_table wp_table_data_press_parent bootstrap3 colored_table\">\n                <table data-ninja_table_instance=\"ninja_table_instance_0\" data-footable_id=\"24135\" data-filter-delay=\"1000\" aria-label=\"Tabela Przewodnicy ENG\"            id=\"footable_24135\"\n           data-unique_identifier=\"ninja_table_unique_id_1419152803_24135\"\n           class=\" foo-table ninja_footable foo_table_24135 ninja_table_unique_id_1419152803_24135 table  nt_type_ajax_table vertical_centered ninja_custom_color inverted footable-paging-right ninja_table_search_disabled ninja_table_pro\">\n                <colgroup>\n                            <col class=\"ninja_column_0 \">\n                            <col class=\"ninja_column_1 \">\n                            <col class=\"ninja_column_2 \">\n                            <col class=\"ninja_column_3 \">\n                            <col class=\"ninja_column_4 \">\n                    <\/colgroup>\n            <\/table>\n    \n    \n    \n<\/div>\n\n\n\n\n<figure class=\"wp-block-gallery has-nested-images columns-2 is-cropped wp-block-gallery-3 is-layout-flex wp-block-gallery-is-layout-flex\">\n<figure class=\"wp-block-image size-large\"><img loading=\"lazy\" decoding=\"async\" width=\"1024\" height=\"683\" data-id=\"16511\" src=\"https:\/\/sybir.bialystok.pl\/wp-content\/uploads\/2023\/01\/DSC04648_SMALL-1024x683.jpg\" alt=\"\" class=\"wp-image-16511\" srcset=\"https:\/\/sybir.bialystok.pl\/wp-content\/uploads\/2023\/01\/DSC04648_SMALL-1024x683.jpg 1024w, https:\/\/sybir.bialystok.pl\/wp-content\/uploads\/2023\/01\/DSC04648_SMALL-300x200.jpg 300w, https:\/\/sybir.bialystok.pl\/wp-content\/uploads\/2023\/01\/DSC04648_SMALL-768x512.jpg 768w, https:\/\/sybir.bialystok.pl\/wp-content\/uploads\/2023\/01\/DSC04648_SMALL-1536x1024.jpg 1536w, https:\/\/sybir.bialystok.pl\/wp-content\/uploads\/2023\/01\/DSC04648_SMALL.jpg 2048w\" sizes=\"auto, (max-width: 1024px) 100vw, 1024px\" \/><\/figure>\n\n\n\n<figure class=\"wp-block-image size-large\"><img loading=\"lazy\" decoding=\"async\" width=\"1024\" height=\"732\" data-id=\"16517\" src=\"https:\/\/sybir.bialystok.pl\/wp-content\/uploads\/2023\/01\/DSC04365-1024x732.jpg\" alt=\"\" class=\"wp-image-16517\" srcset=\"https:\/\/sybir.bialystok.pl\/wp-content\/uploads\/2023\/01\/DSC04365-1024x732.jpg 1024w, https:\/\/sybir.bialystok.pl\/wp-content\/uploads\/2023\/01\/DSC04365-300x214.jpg 300w, https:\/\/sybir.bialystok.pl\/wp-content\/uploads\/2023\/01\/DSC04365-768x549.jpg 768w, https:\/\/sybir.bialystok.pl\/wp-content\/uploads\/2023\/01\/DSC04365-1536x1097.jpg 1536w, https:\/\/sybir.bialystok.pl\/wp-content\/uploads\/2023\/01\/DSC04365.jpg 2048w\" sizes=\"auto, (max-width: 1024px) 100vw, 1024px\" \/><\/figure>\n\n\n\n<figure class=\"wp-block-image size-large\"><img loading=\"lazy\" decoding=\"async\" width=\"1024\" height=\"683\" data-id=\"16502\" src=\"https:\/\/sybir.bialystok.pl\/wp-content\/uploads\/2023\/01\/DSC00448-2048px-72dpi-podostrzane-1024x683.jpg\" alt=\"\" class=\"wp-image-16502\" srcset=\"https:\/\/sybir.bialystok.pl\/wp-content\/uploads\/2023\/01\/DSC00448-2048px-72dpi-podostrzane-1024x683.jpg 1024w, https:\/\/sybir.bialystok.pl\/wp-content\/uploads\/2023\/01\/DSC00448-2048px-72dpi-podostrzane-300x200.jpg 300w, https:\/\/sybir.bialystok.pl\/wp-content\/uploads\/2023\/01\/DSC00448-2048px-72dpi-podostrzane-768x512.jpg 768w, https:\/\/sybir.bialystok.pl\/wp-content\/uploads\/2023\/01\/DSC00448-2048px-72dpi-podostrzane-1536x1024.jpg 1536w, https:\/\/sybir.bialystok.pl\/wp-content\/uploads\/2023\/01\/DSC00448-2048px-72dpi-podostrzane.jpg 2048w\" sizes=\"auto, (max-width: 1024px) 100vw, 1024px\" \/><\/figure>\n<\/figure>\n","protected":false},"excerpt":{"rendered":"<p>We encourage you to get familiar with the possibilities of guided tours.<\/p>\n","protected":false},"author":2,"featured_media":9712,"parent":6677,"menu_order":4,"comment_status":"closed","ping_status":"closed","template":"","meta":{"_acf_changed":false,"_editorskit_title_hidden":false,"_editorskit_reading_time":0,"_editorskit_is_block_options_detached":false,"_editorskit_block_options_position":"{}","footnotes":""},"class_list":["post-6209","page","type-page","status-publish","has-post-thumbnail","hentry"],"acf":[],"yoast_head":"<!-- This site is optimized with the Yoast SEO plugin v24.6 - https:\/\/yoast.com\/wordpress\/plugins\/seo\/ -->\n<title>GUIDED TOURS (with certified external guides) - Muzeum Pami\u0119ci Sybiru<\/title>\n<meta name=\"description\" content=\"We encourage you to get familiar with the possibilities of guided tours.\" \/>\n<meta name=\"robots\" content=\"index, follow, max-snippet:-1, max-image-preview:large, max-video-preview:-1\" \/>\n<link rel=\"canonical\" href=\"https:\/\/sybir.bialystok.pl\/en\/plan-your-visit\/visiting\/guided-tours\/\" \/>\n<meta property=\"og:locale\" content=\"en_US\" \/>\n<meta property=\"og:type\" content=\"article\" \/>\n<meta property=\"og:title\" content=\"GUIDED TOURS (with certified external guides) - Muzeum Pami\u0119ci Sybiru\" \/>\n<meta property=\"og:description\" content=\"We encourage you to get familiar with the possibilities of guided tours.\" \/>\n<meta property=\"og:url\" content=\"https:\/\/sybir.bialystok.pl\/en\/plan-your-visit\/visiting\/guided-tours\/\" \/>\n<meta property=\"og:site_name\" content=\"Muzeum Pami\u0119ci Sybiru\" \/>\n<meta property=\"article:modified_time\" content=\"2026-03-10T09:30:58+00:00\" \/>\n<meta property=\"og:image\" content=\"https:\/\/sybir.bialystok.pl\/wp-content\/uploads\/2021\/10\/2021-MPS-Otwarcie-Andrzej-Duda-by-Krzysztof-Karpinski-390-Sredni-1.jpg\" \/>\n\t<meta property=\"og:image:width\" content=\"1150\" \/>\n\t<meta property=\"og:image:height\" content=\"768\" \/>\n\t<meta property=\"og:image:type\" content=\"image\/jpeg\" \/>\n<meta name=\"twitter:card\" content=\"summary_large_image\" \/>\n<meta name=\"twitter:label1\" content=\"Est. reading time\" \/>\n\t<meta name=\"twitter:data1\" content=\"3 minutes\" \/>\n<script type=\"application\/ld+json\" class=\"yoast-schema-graph\">{\"@context\":\"https:\/\/schema.org\",\"@graph\":[{\"@type\":\"WebPage\",\"@id\":\"https:\/\/sybir.bialystok.pl\/en\/plan-your-visit\/visiting\/guided-tours\/\",\"url\":\"https:\/\/sybir.bialystok.pl\/en\/plan-your-visit\/visiting\/guided-tours\/\",\"name\":\"GUIDED TOURS (with certified external guides) - Muzeum Pami\u0119ci Sybiru\",\"isPartOf\":{\"@id\":\"https:\/\/sybir.bialystok.pl\/en\/#website\"},\"primaryImageOfPage\":{\"@id\":\"https:\/\/sybir.bialystok.pl\/en\/plan-your-visit\/visiting\/guided-tours\/#primaryimage\"},\"image\":{\"@id\":\"https:\/\/sybir.bialystok.pl\/en\/plan-your-visit\/visiting\/guided-tours\/#primaryimage\"},\"thumbnailUrl\":\"https:\/\/sybir.bialystok.pl\/wp-content\/uploads\/2021\/10\/2021-MPS-Otwarcie-Andrzej-Duda-by-Krzysztof-Karpinski-390-Sredni-1.jpg\",\"datePublished\":\"2021-02-15T11:29:53+00:00\",\"dateModified\":\"2026-03-10T09:30:58+00:00\",\"description\":\"We encourage you to get familiar with the possibilities of guided tours.\",\"breadcrumb\":{\"@id\":\"https:\/\/sybir.bialystok.pl\/en\/plan-your-visit\/visiting\/guided-tours\/#breadcrumb\"},\"inLanguage\":\"en-US\",\"potentialAction\":[{\"@type\":\"ReadAction\",\"target\":[\"https:\/\/sybir.bialystok.pl\/en\/plan-your-visit\/visiting\/guided-tours\/\"]}]},{\"@type\":\"ImageObject\",\"inLanguage\":\"en-US\",\"@id\":\"https:\/\/sybir.bialystok.pl\/en\/plan-your-visit\/visiting\/guided-tours\/#primaryimage\",\"url\":\"https:\/\/sybir.bialystok.pl\/wp-content\/uploads\/2021\/10\/2021-MPS-Otwarcie-Andrzej-Duda-by-Krzysztof-Karpinski-390-Sredni-1.jpg\",\"contentUrl\":\"https:\/\/sybir.bialystok.pl\/wp-content\/uploads\/2021\/10\/2021-MPS-Otwarcie-Andrzej-Duda-by-Krzysztof-Karpinski-390-Sredni-1.jpg\",\"width\":1150,\"height\":768},{\"@type\":\"BreadcrumbList\",\"@id\":\"https:\/\/sybir.bialystok.pl\/en\/plan-your-visit\/visiting\/guided-tours\/#breadcrumb\",\"itemListElement\":[{\"@type\":\"ListItem\",\"position\":1,\"name\":\"Home page\",\"item\":\"https:\/\/sybir.bialystok.pl\/en\/\"},{\"@type\":\"ListItem\",\"position\":2,\"name\":\"Plan your visit\",\"item\":\"https:\/\/sybir.bialystok.pl\/en\/plan-your-visit\/\"},{\"@type\":\"ListItem\",\"position\":3,\"name\":\"Visiting\",\"item\":\"https:\/\/sybir.bialystok.pl\/en\/plan-your-visit\/visiting\/\"},{\"@type\":\"ListItem\",\"position\":4,\"name\":\"GUIDED TOURS (with certified external guides)\"}]},{\"@type\":\"WebSite\",\"@id\":\"https:\/\/sybir.bialystok.pl\/en\/#website\",\"url\":\"https:\/\/sybir.bialystok.pl\/en\/\",\"name\":\"Muzeum Pami\u0119ci Sybiru\",\"description\":\"Muzeum Pami\u0119ci Sybiru jest po\u015bwi\u0119cone ludziom, kt\u00f3rzy od ko\u0144ca XVI a\u017c do po\u0142owy XX wieku byli niewoleni i zsy\u0142ani w g\u0142\u0105b Rosji, a p\u00f3\u017aniej Zwi\u0105zku Sowieckiego, jak te\u017c tym, kt\u00f3rzy pod\u0105\u017cali tam dobrowolnie.\",\"potentialAction\":[{\"@type\":\"SearchAction\",\"target\":{\"@type\":\"EntryPoint\",\"urlTemplate\":\"https:\/\/sybir.bialystok.pl\/en\/?s={search_term_string}\"},\"query-input\":{\"@type\":\"PropertyValueSpecification\",\"valueRequired\":true,\"valueName\":\"search_term_string\"}}],\"inLanguage\":\"en-US\"}]}<\/script>\n<!-- \/ Yoast SEO plugin. -->","yoast_head_json":{"title":"GUIDED TOURS (with certified external guides) - Muzeum Pami\u0119ci Sybiru","description":"We encourage you to get familiar with the possibilities of guided tours.","robots":{"index":"index","follow":"follow","max-snippet":"max-snippet:-1","max-image-preview":"max-image-preview:large","max-video-preview":"max-video-preview:-1"},"canonical":"https:\/\/sybir.bialystok.pl\/en\/plan-your-visit\/visiting\/guided-tours\/","og_locale":"en_US","og_type":"article","og_title":"GUIDED TOURS (with certified external guides) - Muzeum Pami\u0119ci Sybiru","og_description":"We encourage you to get familiar with the possibilities of guided tours.","og_url":"https:\/\/sybir.bialystok.pl\/en\/plan-your-visit\/visiting\/guided-tours\/","og_site_name":"Muzeum Pami\u0119ci Sybiru","article_modified_time":"2026-03-10T09:30:58+00:00","og_image":[{"width":1150,"height":768,"url":"https:\/\/sybir.bialystok.pl\/wp-content\/uploads\/2021\/10\/2021-MPS-Otwarcie-Andrzej-Duda-by-Krzysztof-Karpinski-390-Sredni-1.jpg","type":"image\/jpeg"}],"twitter_card":"summary_large_image","twitter_misc":{"Est. reading time":"3 minutes"},"schema":{"@context":"https:\/\/schema.org","@graph":[{"@type":"WebPage","@id":"https:\/\/sybir.bialystok.pl\/en\/plan-your-visit\/visiting\/guided-tours\/","url":"https:\/\/sybir.bialystok.pl\/en\/plan-your-visit\/visiting\/guided-tours\/","name":"GUIDED TOURS (with certified external guides) - Muzeum Pami\u0119ci Sybiru","isPartOf":{"@id":"https:\/\/sybir.bialystok.pl\/en\/#website"},"primaryImageOfPage":{"@id":"https:\/\/sybir.bialystok.pl\/en\/plan-your-visit\/visiting\/guided-tours\/#primaryimage"},"image":{"@id":"https:\/\/sybir.bialystok.pl\/en\/plan-your-visit\/visiting\/guided-tours\/#primaryimage"},"thumbnailUrl":"https:\/\/sybir.bialystok.pl\/wp-content\/uploads\/2021\/10\/2021-MPS-Otwarcie-Andrzej-Duda-by-Krzysztof-Karpinski-390-Sredni-1.jpg","datePublished":"2021-02-15T11:29:53+00:00","dateModified":"2026-03-10T09:30:58+00:00","description":"We encourage you to get familiar with the possibilities of guided tours.","breadcrumb":{"@id":"https:\/\/sybir.bialystok.pl\/en\/plan-your-visit\/visiting\/guided-tours\/#breadcrumb"},"inLanguage":"en-US","potentialAction":[{"@type":"ReadAction","target":["https:\/\/sybir.bialystok.pl\/en\/plan-your-visit\/visiting\/guided-tours\/"]}]},{"@type":"ImageObject","inLanguage":"en-US","@id":"https:\/\/sybir.bialystok.pl\/en\/plan-your-visit\/visiting\/guided-tours\/#primaryimage","url":"https:\/\/sybir.bialystok.pl\/wp-content\/uploads\/2021\/10\/2021-MPS-Otwarcie-Andrzej-Duda-by-Krzysztof-Karpinski-390-Sredni-1.jpg","contentUrl":"https:\/\/sybir.bialystok.pl\/wp-content\/uploads\/2021\/10\/2021-MPS-Otwarcie-Andrzej-Duda-by-Krzysztof-Karpinski-390-Sredni-1.jpg","width":1150,"height":768},{"@type":"BreadcrumbList","@id":"https:\/\/sybir.bialystok.pl\/en\/plan-your-visit\/visiting\/guided-tours\/#breadcrumb","itemListElement":[{"@type":"ListItem","position":1,"name":"Home page","item":"https:\/\/sybir.bialystok.pl\/en\/"},{"@type":"ListItem","position":2,"name":"Plan your visit","item":"https:\/\/sybir.bialystok.pl\/en\/plan-your-visit\/"},{"@type":"ListItem","position":3,"name":"Visiting","item":"https:\/\/sybir.bialystok.pl\/en\/plan-your-visit\/visiting\/"},{"@type":"ListItem","position":4,"name":"GUIDED TOURS (with certified external guides)"}]},{"@type":"WebSite","@id":"https:\/\/sybir.bialystok.pl\/en\/#website","url":"https:\/\/sybir.bialystok.pl\/en\/","name":"Muzeum Pami\u0119ci Sybiru","description":"Muzeum Pami\u0119ci Sybiru jest po\u015bwi\u0119cone ludziom, kt\u00f3rzy od ko\u0144ca XVI a\u017c do po\u0142owy XX wieku byli niewoleni i zsy\u0142ani w g\u0142\u0105b Rosji, a p\u00f3\u017aniej Zwi\u0105zku Sowieckiego, jak te\u017c tym, kt\u00f3rzy pod\u0105\u017cali tam dobrowolnie.","potentialAction":[{"@type":"SearchAction","target":{"@type":"EntryPoint","urlTemplate":"https:\/\/sybir.bialystok.pl\/en\/?s={search_term_string}"},"query-input":{"@type":"PropertyValueSpecification","valueRequired":true,"valueName":"search_term_string"}}],"inLanguage":"en-US"}]}},"_links":{"self":[{"href":"https:\/\/sybir.bialystok.pl\/en\/wp-json\/wp\/v2\/pages\/6209","targetHints":{"allow":["GET"]}}],"collection":[{"href":"https:\/\/sybir.bialystok.pl\/en\/wp-json\/wp\/v2\/pages"}],"about":[{"href":"https:\/\/sybir.bialystok.pl\/en\/wp-json\/wp\/v2\/types\/page"}],"author":[{"embeddable":true,"href":"https:\/\/sybir.bialystok.pl\/en\/wp-json\/wp\/v2\/users\/2"}],"replies":[{"embeddable":true,"href":"https:\/\/sybir.bialystok.pl\/en\/wp-json\/wp\/v2\/comments?post=6209"}],"version-history":[{"count":10,"href":"https:\/\/sybir.bialystok.pl\/en\/wp-json\/wp\/v2\/pages\/6209\/revisions"}],"predecessor-version":[{"id":44358,"href":"https:\/\/sybir.bialystok.pl\/en\/wp-json\/wp\/v2\/pages\/6209\/revisions\/44358"}],"up":[{"embeddable":true,"href":"https:\/\/sybir.bialystok.pl\/en\/wp-json\/wp\/v2\/pages\/6677"}],"wp:featuredmedia":[{"embeddable":true,"href":"https:\/\/sybir.bialystok.pl\/en\/wp-json\/wp\/v2\/media\/9712"}],"wp:attachment":[{"href":"https:\/\/sybir.bialystok.pl\/en\/wp-json\/wp\/v2\/media?parent=6209"}],"curies":[{"name":"wp","href":"https:\/\/api.w.org\/{rel}","templated":true}]}}