{"id":6205,"date":"2021-02-15T12:29:34","date_gmt":"2021-02-15T11:29:34","guid":{"rendered":"https:\/\/sybir.bialystok.pl\/zwiedzanie-samodzielne\/"},"modified":"2026-03-10T11:03:58","modified_gmt":"2026-03-10T10:03:58","slug":"independent-tours","status":"publish","type":"page","link":"https:\/\/sybir.bialystok.pl\/en\/plan-your-visit\/visiting\/independent-tours\/","title":{"rendered":"Individual tours"},"content":{"rendered":"\n<figure class=\"wp-block-gallery has-nested-images columns-0 is-cropped wp-block-gallery-1 is-layout-flex wp-block-gallery-is-layout-flex\">\n<figure class=\"wp-block-image size-large\"><a href=\"https:\/\/sybir.bialystok.pl\/wp-content\/uploads\/2022\/09\/DSC08182-Edit_SMALL.jpg\"><img loading=\"lazy\" decoding=\"async\" width=\"1024\" height=\"732\" data-id=\"14925\" src=\"https:\/\/sybir.bialystok.pl\/wp-content\/uploads\/2022\/09\/DSC08182-Edit_SMALL-1024x732.jpg\" alt=\"\" class=\"wp-image-14925\" srcset=\"https:\/\/sybir.bialystok.pl\/wp-content\/uploads\/2022\/09\/DSC08182-Edit_SMALL-1024x732.jpg 1024w, https:\/\/sybir.bialystok.pl\/wp-content\/uploads\/2022\/09\/DSC08182-Edit_SMALL-300x214.jpg 300w, https:\/\/sybir.bialystok.pl\/wp-content\/uploads\/2022\/09\/DSC08182-Edit_SMALL-768x549.jpg 768w, https:\/\/sybir.bialystok.pl\/wp-content\/uploads\/2022\/09\/DSC08182-Edit_SMALL-1536x1097.jpg 1536w, https:\/\/sybir.bialystok.pl\/wp-content\/uploads\/2022\/09\/DSC08182-Edit_SMALL.jpg 2048w\" sizes=\"auto, (max-width: 1024px) 100vw, 1024px\" \/><\/a><\/figure>\n<\/figure>\n\n\n\n<p><strong>The tour of the permanent exhibition takes approximately 120 minutes, so we recommend arriving at the museum at least two hours before closing time.<\/strong><\/p>\n\n\n\n<p>The permanent exhibition at the Sybir Memorial Museum is an ideal place for independent exploration. Clear wayfinding and narrative descriptions ensure a comfortable and engaging visit. Visitors may also purchase an audio guide or rent a tablet with a multimedia guide application at the ticket office, making it even easier to discover the history of Siberia.<\/p>\n\n\n\n<p><strong>Types and the prices of individual tickets:<\/strong><\/p>\n\n\n\n<ul class=\"wp-block-list\">\n<li>regular ticket to the permanent exhibition: 25 PLN<\/li>\n\n\n\n<li>reduced price ticket to the permanent exhibition: 20 PLN<\/li>\n<\/ul>\n\n\n\n<p><strong>Independent tours with an audio guide<\/strong><\/p>\n\n\n\n<p>Our audio guide makes it possible to visit the exhibition in an attractive formula. The elements of the radio play woven into the guide path make it easier to feel the atmosphere of the museum story, and optionally, additional accounts of the witnesses of the story give the opportunity to develop more interesting threads.<\/p>\n\n\n\n<div class=\"wp-block-group\"><div class=\"wp-block-group__inner-container is-layout-constrained wp-block-group-is-layout-constrained\">\n<figure class=\"wp-block-gallery has-nested-images columns-2 is-cropped wp-block-gallery-2 is-layout-flex wp-block-gallery-is-layout-flex\">\n<figure class=\"wp-block-image size-large\"><a href=\"https:\/\/sybir.bialystok.pl\/wp-content\/uploads\/2023\/01\/DSC02050.jpg\"><img loading=\"lazy\" decoding=\"async\" width=\"1024\" height=\"683\" data-id=\"16521\" src=\"https:\/\/sybir.bialystok.pl\/wp-content\/uploads\/2023\/01\/DSC02050-1024x683.jpg\" alt=\"\" class=\"wp-image-16521\" srcset=\"https:\/\/sybir.bialystok.pl\/wp-content\/uploads\/2023\/01\/DSC02050-1024x683.jpg 1024w, https:\/\/sybir.bialystok.pl\/wp-content\/uploads\/2023\/01\/DSC02050-300x200.jpg 300w, https:\/\/sybir.bialystok.pl\/wp-content\/uploads\/2023\/01\/DSC02050-768x512.jpg 768w, https:\/\/sybir.bialystok.pl\/wp-content\/uploads\/2023\/01\/DSC02050-1536x1024.jpg 1536w, https:\/\/sybir.bialystok.pl\/wp-content\/uploads\/2023\/01\/DSC02050.jpg 2048w\" sizes=\"auto, (max-width: 1024px) 100vw, 1024px\" \/><\/a><\/figure>\n\n\n\n<figure class=\"wp-block-image size-large\"><img loading=\"lazy\" decoding=\"async\" width=\"1024\" height=\"683\" data-id=\"16525\" src=\"https:\/\/sybir.bialystok.pl\/wp-content\/uploads\/2023\/01\/DSC02058-1024x683.jpg\" alt=\"\" class=\"wp-image-16525\" srcset=\"https:\/\/sybir.bialystok.pl\/wp-content\/uploads\/2023\/01\/DSC02058-1024x683.jpg 1024w, https:\/\/sybir.bialystok.pl\/wp-content\/uploads\/2023\/01\/DSC02058-300x200.jpg 300w, https:\/\/sybir.bialystok.pl\/wp-content\/uploads\/2023\/01\/DSC02058-768x512.jpg 768w, https:\/\/sybir.bialystok.pl\/wp-content\/uploads\/2023\/01\/DSC02058-1536x1024.jpg 1536w, https:\/\/sybir.bialystok.pl\/wp-content\/uploads\/2023\/01\/DSC02058.jpg 2048w\" sizes=\"auto, (max-width: 1024px) 100vw, 1024px\" \/><\/figure>\n\n\n\n<figure class=\"wp-block-image size-large\"><img loading=\"lazy\" decoding=\"async\" width=\"1024\" height=\"683\" data-id=\"16524\" src=\"https:\/\/sybir.bialystok.pl\/wp-content\/uploads\/2023\/01\/DSC00399-1024x683.jpg\" alt=\"\" class=\"wp-image-16524\" srcset=\"https:\/\/sybir.bialystok.pl\/wp-content\/uploads\/2023\/01\/DSC00399-1024x683.jpg 1024w, https:\/\/sybir.bialystok.pl\/wp-content\/uploads\/2023\/01\/DSC00399-300x200.jpg 300w, https:\/\/sybir.bialystok.pl\/wp-content\/uploads\/2023\/01\/DSC00399-768x512.jpg 768w, https:\/\/sybir.bialystok.pl\/wp-content\/uploads\/2023\/01\/DSC00399-1536x1024.jpg 1536w, https:\/\/sybir.bialystok.pl\/wp-content\/uploads\/2023\/01\/DSC00399.jpg 2048w\" sizes=\"auto, (max-width: 1024px) 100vw, 1024px\" \/><\/figure>\n<\/figure>\n<\/div><\/div>\n\n\n\n<h2 class=\"wp-block-heading\">Available languages<\/h2>\n\n\n\n<ul class=\"wp-block-list\">\n<li>Polish<\/li>\n\n\n\n<li>English<\/li>\n\n\n\n<li>Russian<\/li>\n\n\n\n<li>Belarusian<\/li>\n\n\n\n<li>Ukrainian<\/li>\n\n\n\n<li>Lithuanian<\/li>\n\n\n\n<li>Latvian<\/li>\n\n\n\n<li>Spanish<\/li>\n\n\n\n<li>Estonian<\/li>\n\n\n\n<li>Italian<\/li>\n\n\n\n<li>German<\/li>\n\n\n\n<li>French<\/li>\n\n\n\n<li>audio description track for the blind and visually impaired<\/li>\n\n\n\n<li>track for deaf people with a sign language teacher<\/li>\n<\/ul>\n\n\n\n<p>Audio guides are available in the checkout counter. The terms of reservation and you can find in the&nbsp;<strong>regulation of using audio guides in the Sybir Memorial Museum<\/strong>.<\/p>\n\n\n\n<p>Cost if individual tour with an audio guide \u2014&nbsp;<strong>ticket price + the price of an audio guide 10 PLN<\/strong><\/p>\n\n\n\n<figure class=\"wp-block-gallery has-nested-images columns-default is-cropped wp-block-gallery-3 is-layout-flex wp-block-gallery-is-layout-flex\">\n<figure class=\"wp-block-image size-large\"><a href=\"https:\/\/sybir.bialystok.pl\/wp-content\/uploads\/2021\/11\/MPS-wystawa-4-Sredni.jpg\"><img loading=\"lazy\" decoding=\"async\" width=\"1024\" height=\"683\" data-id=\"10395\" src=\"https:\/\/sybir.bialystok.pl\/wp-content\/uploads\/2021\/11\/MPS-wystawa-4-Sredni-1024x683.jpg\" alt=\"\" class=\"wp-image-10395\" srcset=\"https:\/\/sybir.bialystok.pl\/wp-content\/uploads\/2021\/11\/MPS-wystawa-4-Sredni-1024x683.jpg 1024w, https:\/\/sybir.bialystok.pl\/wp-content\/uploads\/2021\/11\/MPS-wystawa-4-Sredni-300x200.jpg 300w, https:\/\/sybir.bialystok.pl\/wp-content\/uploads\/2021\/11\/MPS-wystawa-4-Sredni-768x512.jpg 768w, https:\/\/sybir.bialystok.pl\/wp-content\/uploads\/2021\/11\/MPS-wystawa-4-Sredni.jpg 1151w\" sizes=\"auto, (max-width: 1024px) 100vw, 1024px\" \/><\/a><\/figure>\n<\/figure>\n\n\n\n<p><\/p>\n\n\n\n<h2 class=\"wp-block-heading\">INDIVIDUAL TOURS WITH THE MULTIMEDIA GUIDE APPLICATION<\/h2>\n\n\n\n<p>Do you like interactive museums? We have prepared the option of sightseeing with the support of additional, specially prepared multimedia. A tablet rented at the ticket office or a free application downloaded to your own device will allow you to immerse yourself in unique animations not available anywhere else. Fans of educational games will be able to try their hand at quizzes and games, for example by playing the role of a defender of a Polish city attacked by armored units of the Red Army. The multimedia guide application also makes it possible to see in detail how the exhibits locked in a glass case look like and even how they work.<\/p>\n\n\n\n<p><strong>The conditions for booking and renting tablets with the multimedia guide application can be found in the instructions:<\/strong><\/p>\n\n\n\n<p>Cost of self-guided tour with a multimedia guide &#8211; <strong>ticket price + multimedia guide cost PLN 20<\/strong><\/p>\n\n\n\n<div class=\"wp-block-file\"><a id=\"wp-block-file--media-405ada77-023a-46a5-a76e-6c9de64fc892\" href=\"https:\/\/sybir.bialystok.pl\/wp-content\/uploads\/2023\/01\/instrukcja_ENG.pdf\">The multimedia guide application user manual<\/a><a href=\"https:\/\/sybir.bialystok.pl\/wp-content\/uploads\/2023\/01\/instrukcja_ENG.pdf\" class=\"wp-block-file__button wp-element-button\" download aria-describedby=\"wp-block-file--media-405ada77-023a-46a5-a76e-6c9de64fc892\">Download<\/a><\/div>\n\n\n\n<div class=\"wp-block-file\"><a id=\"wp-block-file--media-508f522f-3691-4ff5-ae6b-d5d1d57f8306\" href=\"https:\/\/sybir.bialystok.pl\/wp-content\/uploads\/2023\/12\/REGULAMIN-ZWIEDZANIA-MUZEUM-PAMIECI-SYBIRU-1.pdf\">Regulations of visiting the Sybir Memorial Museum<\/a><a href=\"https:\/\/sybir.bialystok.pl\/wp-content\/uploads\/2023\/12\/REGULAMIN-ZWIEDZANIA-MUZEUM-PAMIECI-SYBIRU-1.pdf\" class=\"wp-block-file__button wp-element-button\" download aria-describedby=\"wp-block-file--media-508f522f-3691-4ff5-ae6b-d5d1d57f8306\">Download<\/a><\/div>\n","protected":false},"excerpt":{"rendered":"<p>Check our offer about the individual tours!<\/p>\n","protected":false},"author":2,"featured_media":9559,"parent":6677,"menu_order":1,"comment_status":"closed","ping_status":"closed","template":"","meta":{"_acf_changed":false,"_editorskit_title_hidden":false,"_editorskit_reading_time":0,"_editorskit_is_block_options_detached":false,"_editorskit_block_options_position":"{}","footnotes":""},"class_list":["post-6205","page","type-page","status-publish","has-post-thumbnail","hentry"],"acf":[],"yoast_head":"<!-- This site is optimized with the Yoast SEO plugin v24.6 - https:\/\/yoast.com\/wordpress\/plugins\/seo\/ -->\n<title>Individual tours - Muzeum Pami\u0119ci Sybiru<\/title>\n<meta name=\"description\" content=\"Check our offer about the individual tours!\" \/>\n<meta name=\"robots\" content=\"index, follow, max-snippet:-1, max-image-preview:large, max-video-preview:-1\" \/>\n<link rel=\"canonical\" href=\"https:\/\/sybir.bialystok.pl\/en\/plan-your-visit\/visiting\/independent-tours\/\" \/>\n<meta property=\"og:locale\" content=\"en_US\" \/>\n<meta property=\"og:type\" content=\"article\" \/>\n<meta property=\"og:title\" content=\"Individual tours - Muzeum Pami\u0119ci Sybiru\" \/>\n<meta property=\"og:description\" content=\"Check our offer about the individual tours!\" \/>\n<meta property=\"og:url\" content=\"https:\/\/sybir.bialystok.pl\/en\/plan-your-visit\/visiting\/independent-tours\/\" \/>\n<meta property=\"og:site_name\" content=\"Muzeum Pami\u0119ci Sybiru\" \/>\n<meta property=\"article:modified_time\" content=\"2026-03-10T10:03:58+00:00\" \/>\n<meta property=\"og:image\" content=\"https:\/\/sybir.bialystok.pl\/wp-content\/uploads\/2021\/10\/2021-MPS-Otwarcie-Andrzej-Duda-by-Krzysztof-Karpinski-333-Sredni.jpg\" \/>\n\t<meta property=\"og:image:width\" content=\"1151\" \/>\n\t<meta property=\"og:image:height\" content=\"768\" \/>\n\t<meta property=\"og:image:type\" content=\"image\/jpeg\" \/>\n<meta name=\"twitter:card\" content=\"summary_large_image\" \/>\n<meta name=\"twitter:label1\" content=\"Est. reading time\" \/>\n\t<meta name=\"twitter:data1\" content=\"3 minutes\" \/>\n<script type=\"application\/ld+json\" class=\"yoast-schema-graph\">{\"@context\":\"https:\/\/schema.org\",\"@graph\":[{\"@type\":\"WebPage\",\"@id\":\"https:\/\/sybir.bialystok.pl\/en\/plan-your-visit\/visiting\/independent-tours\/\",\"url\":\"https:\/\/sybir.bialystok.pl\/en\/plan-your-visit\/visiting\/independent-tours\/\",\"name\":\"Individual tours - Muzeum Pami\u0119ci Sybiru\",\"isPartOf\":{\"@id\":\"https:\/\/sybir.bialystok.pl\/en\/#website\"},\"primaryImageOfPage\":{\"@id\":\"https:\/\/sybir.bialystok.pl\/en\/plan-your-visit\/visiting\/independent-tours\/#primaryimage\"},\"image\":{\"@id\":\"https:\/\/sybir.bialystok.pl\/en\/plan-your-visit\/visiting\/independent-tours\/#primaryimage\"},\"thumbnailUrl\":\"https:\/\/sybir.bialystok.pl\/wp-content\/uploads\/2021\/10\/2021-MPS-Otwarcie-Andrzej-Duda-by-Krzysztof-Karpinski-333-Sredni.jpg\",\"datePublished\":\"2021-02-15T11:29:34+00:00\",\"dateModified\":\"2026-03-10T10:03:58+00:00\",\"description\":\"Check our offer about the individual tours!\",\"breadcrumb\":{\"@id\":\"https:\/\/sybir.bialystok.pl\/en\/plan-your-visit\/visiting\/independent-tours\/#breadcrumb\"},\"inLanguage\":\"en-US\",\"potentialAction\":[{\"@type\":\"ReadAction\",\"target\":[\"https:\/\/sybir.bialystok.pl\/en\/plan-your-visit\/visiting\/independent-tours\/\"]}]},{\"@type\":\"ImageObject\",\"inLanguage\":\"en-US\",\"@id\":\"https:\/\/sybir.bialystok.pl\/en\/plan-your-visit\/visiting\/independent-tours\/#primaryimage\",\"url\":\"https:\/\/sybir.bialystok.pl\/wp-content\/uploads\/2021\/10\/2021-MPS-Otwarcie-Andrzej-Duda-by-Krzysztof-Karpinski-333-Sredni.jpg\",\"contentUrl\":\"https:\/\/sybir.bialystok.pl\/wp-content\/uploads\/2021\/10\/2021-MPS-Otwarcie-Andrzej-Duda-by-Krzysztof-Karpinski-333-Sredni.jpg\",\"width\":1151,\"height\":768},{\"@type\":\"BreadcrumbList\",\"@id\":\"https:\/\/sybir.bialystok.pl\/en\/plan-your-visit\/visiting\/independent-tours\/#breadcrumb\",\"itemListElement\":[{\"@type\":\"ListItem\",\"position\":1,\"name\":\"Home page\",\"item\":\"https:\/\/sybir.bialystok.pl\/en\/\"},{\"@type\":\"ListItem\",\"position\":2,\"name\":\"Plan your visit\",\"item\":\"https:\/\/sybir.bialystok.pl\/en\/plan-your-visit\/\"},{\"@type\":\"ListItem\",\"position\":3,\"name\":\"Visiting\",\"item\":\"https:\/\/sybir.bialystok.pl\/en\/plan-your-visit\/visiting\/\"},{\"@type\":\"ListItem\",\"position\":4,\"name\":\"Individual tours\"}]},{\"@type\":\"WebSite\",\"@id\":\"https:\/\/sybir.bialystok.pl\/en\/#website\",\"url\":\"https:\/\/sybir.bialystok.pl\/en\/\",\"name\":\"Muzeum Pami\u0119ci Sybiru\",\"description\":\"Muzeum Pami\u0119ci Sybiru jest po\u015bwi\u0119cone ludziom, kt\u00f3rzy od ko\u0144ca XVI a\u017c do po\u0142owy XX wieku byli niewoleni i zsy\u0142ani w g\u0142\u0105b Rosji, a p\u00f3\u017aniej Zwi\u0105zku Sowieckiego, jak te\u017c tym, kt\u00f3rzy pod\u0105\u017cali tam dobrowolnie.\",\"potentialAction\":[{\"@type\":\"SearchAction\",\"target\":{\"@type\":\"EntryPoint\",\"urlTemplate\":\"https:\/\/sybir.bialystok.pl\/en\/?s={search_term_string}\"},\"query-input\":{\"@type\":\"PropertyValueSpecification\",\"valueRequired\":true,\"valueName\":\"search_term_string\"}}],\"inLanguage\":\"en-US\"}]}<\/script>\n<!-- \/ Yoast SEO plugin. -->","yoast_head_json":{"title":"Individual tours - Muzeum Pami\u0119ci Sybiru","description":"Check our offer about the individual tours!","robots":{"index":"index","follow":"follow","max-snippet":"max-snippet:-1","max-image-preview":"max-image-preview:large","max-video-preview":"max-video-preview:-1"},"canonical":"https:\/\/sybir.bialystok.pl\/en\/plan-your-visit\/visiting\/independent-tours\/","og_locale":"en_US","og_type":"article","og_title":"Individual tours - Muzeum Pami\u0119ci Sybiru","og_description":"Check our offer about the individual tours!","og_url":"https:\/\/sybir.bialystok.pl\/en\/plan-your-visit\/visiting\/independent-tours\/","og_site_name":"Muzeum Pami\u0119ci Sybiru","article_modified_time":"2026-03-10T10:03:58+00:00","og_image":[{"width":1151,"height":768,"url":"https:\/\/sybir.bialystok.pl\/wp-content\/uploads\/2021\/10\/2021-MPS-Otwarcie-Andrzej-Duda-by-Krzysztof-Karpinski-333-Sredni.jpg","type":"image\/jpeg"}],"twitter_card":"summary_large_image","twitter_misc":{"Est. reading time":"3 minutes"},"schema":{"@context":"https:\/\/schema.org","@graph":[{"@type":"WebPage","@id":"https:\/\/sybir.bialystok.pl\/en\/plan-your-visit\/visiting\/independent-tours\/","url":"https:\/\/sybir.bialystok.pl\/en\/plan-your-visit\/visiting\/independent-tours\/","name":"Individual tours - Muzeum Pami\u0119ci Sybiru","isPartOf":{"@id":"https:\/\/sybir.bialystok.pl\/en\/#website"},"primaryImageOfPage":{"@id":"https:\/\/sybir.bialystok.pl\/en\/plan-your-visit\/visiting\/independent-tours\/#primaryimage"},"image":{"@id":"https:\/\/sybir.bialystok.pl\/en\/plan-your-visit\/visiting\/independent-tours\/#primaryimage"},"thumbnailUrl":"https:\/\/sybir.bialystok.pl\/wp-content\/uploads\/2021\/10\/2021-MPS-Otwarcie-Andrzej-Duda-by-Krzysztof-Karpinski-333-Sredni.jpg","datePublished":"2021-02-15T11:29:34+00:00","dateModified":"2026-03-10T10:03:58+00:00","description":"Check our offer about the individual tours!","breadcrumb":{"@id":"https:\/\/sybir.bialystok.pl\/en\/plan-your-visit\/visiting\/independent-tours\/#breadcrumb"},"inLanguage":"en-US","potentialAction":[{"@type":"ReadAction","target":["https:\/\/sybir.bialystok.pl\/en\/plan-your-visit\/visiting\/independent-tours\/"]}]},{"@type":"ImageObject","inLanguage":"en-US","@id":"https:\/\/sybir.bialystok.pl\/en\/plan-your-visit\/visiting\/independent-tours\/#primaryimage","url":"https:\/\/sybir.bialystok.pl\/wp-content\/uploads\/2021\/10\/2021-MPS-Otwarcie-Andrzej-Duda-by-Krzysztof-Karpinski-333-Sredni.jpg","contentUrl":"https:\/\/sybir.bialystok.pl\/wp-content\/uploads\/2021\/10\/2021-MPS-Otwarcie-Andrzej-Duda-by-Krzysztof-Karpinski-333-Sredni.jpg","width":1151,"height":768},{"@type":"BreadcrumbList","@id":"https:\/\/sybir.bialystok.pl\/en\/plan-your-visit\/visiting\/independent-tours\/#breadcrumb","itemListElement":[{"@type":"ListItem","position":1,"name":"Home page","item":"https:\/\/sybir.bialystok.pl\/en\/"},{"@type":"ListItem","position":2,"name":"Plan your visit","item":"https:\/\/sybir.bialystok.pl\/en\/plan-your-visit\/"},{"@type":"ListItem","position":3,"name":"Visiting","item":"https:\/\/sybir.bialystok.pl\/en\/plan-your-visit\/visiting\/"},{"@type":"ListItem","position":4,"name":"Individual tours"}]},{"@type":"WebSite","@id":"https:\/\/sybir.bialystok.pl\/en\/#website","url":"https:\/\/sybir.bialystok.pl\/en\/","name":"Muzeum Pami\u0119ci Sybiru","description":"Muzeum Pami\u0119ci Sybiru jest po\u015bwi\u0119cone ludziom, kt\u00f3rzy od ko\u0144ca XVI a\u017c do po\u0142owy XX wieku byli niewoleni i zsy\u0142ani w g\u0142\u0105b Rosji, a p\u00f3\u017aniej Zwi\u0105zku Sowieckiego, jak te\u017c tym, kt\u00f3rzy pod\u0105\u017cali tam dobrowolnie.","potentialAction":[{"@type":"SearchAction","target":{"@type":"EntryPoint","urlTemplate":"https:\/\/sybir.bialystok.pl\/en\/?s={search_term_string}"},"query-input":{"@type":"PropertyValueSpecification","valueRequired":true,"valueName":"search_term_string"}}],"inLanguage":"en-US"}]}},"_links":{"self":[{"href":"https:\/\/sybir.bialystok.pl\/en\/wp-json\/wp\/v2\/pages\/6205","targetHints":{"allow":["GET"]}}],"collection":[{"href":"https:\/\/sybir.bialystok.pl\/en\/wp-json\/wp\/v2\/pages"}],"about":[{"href":"https:\/\/sybir.bialystok.pl\/en\/wp-json\/wp\/v2\/types\/page"}],"author":[{"embeddable":true,"href":"https:\/\/sybir.bialystok.pl\/en\/wp-json\/wp\/v2\/users\/2"}],"replies":[{"embeddable":true,"href":"https:\/\/sybir.bialystok.pl\/en\/wp-json\/wp\/v2\/comments?post=6205"}],"version-history":[{"count":8,"href":"https:\/\/sybir.bialystok.pl\/en\/wp-json\/wp\/v2\/pages\/6205\/revisions"}],"predecessor-version":[{"id":44360,"href":"https:\/\/sybir.bialystok.pl\/en\/wp-json\/wp\/v2\/pages\/6205\/revisions\/44360"}],"up":[{"embeddable":true,"href":"https:\/\/sybir.bialystok.pl\/en\/wp-json\/wp\/v2\/pages\/6677"}],"wp:featuredmedia":[{"embeddable":true,"href":"https:\/\/sybir.bialystok.pl\/en\/wp-json\/wp\/v2\/media\/9559"}],"wp:attachment":[{"href":"https:\/\/sybir.bialystok.pl\/en\/wp-json\/wp\/v2\/media?parent=6205"}],"curies":[{"name":"wp","href":"https:\/\/api.w.org\/{rel}","templated":true}]}}