{"id":6196,"date":"2021-03-18T10:03:35","date_gmt":"2021-03-18T09:03:35","guid":{"rendered":"https:\/\/sybir.bialystok.pl\/wystawa-na-stulecie-odzyskania-niepodleglosci-przez-sybir-do-niepodleglej-za-niepodlegla-na-sybir\/"},"modified":"2023-04-04T13:22:05","modified_gmt":"2023-04-04T11:22:05","slug":"exhibition-through-sybir-to-the-independent","status":"publish","type":"page","link":"https:\/\/sybir.bialystok.pl\/en\/exhibition-through-sybir-to-the-independent\/","title":{"rendered":"Exhibition \u201cThrough Sybir to the Independent \u2013 Following the Independent to Sybir\u201d"},"content":{"rendered":"\n<p>This exterior exposition shows the histories of a few families. By the example of them it speaks about the fate of Poles deported during the times of tsardom, their returns to the Second Polish Republic and other deportations \u2013 the Soviet ones.<\/p>\n\n\n\n<h2 class=\"wp-block-heading\">TECHNICAL DATA<\/h2>\n\n\n\n<p>The exhibition consists of 8 tubond boards with dimensions of 200 cm x 50 cm.<\/p>\n\n\n\n<figure class=\"wp-block-gallery columns-3 is-cropped wp-block-gallery-1 is-layout-flex wp-block-gallery-is-layout-flex\"><ul class=\"blocks-gallery-grid\"><li class=\"blocks-gallery-item\"><figure><a href=\"https:\/\/sybir.bialystok.pl\/muzeum\/wspolpraca\/wypozycz-wystawe\/0x0-7\/?lang=en\"><img loading=\"lazy\" decoding=\"async\" width=\"1024\" height=\"683\" src=\"https:\/\/sybir.bialystok.pl\/wp-content\/uploads\/2021\/03\/0x0-1024x683.jpg\" alt=\"\" data-id=\"1651\" data-full-url=\"https:\/\/sybir.bialystok.pl\/wp-content\/uploads\/2021\/03\/0x0-scaled.jpg\" data-link=\"https:\/\/sybir.bialystok.pl\/muzeum\/wspolpraca\/wypozycz-wystawe\/0x0-7\/\" class=\"wp-image-1651\" srcset=\"https:\/\/sybir.bialystok.pl\/wp-content\/uploads\/2021\/03\/0x0-1024x683.jpg 1024w, https:\/\/sybir.bialystok.pl\/wp-content\/uploads\/2021\/03\/0x0-300x200.jpg 300w, https:\/\/sybir.bialystok.pl\/wp-content\/uploads\/2021\/03\/0x0-768x512.jpg 768w, https:\/\/sybir.bialystok.pl\/wp-content\/uploads\/2021\/03\/0x0-1536x1024.jpg 1536w, https:\/\/sybir.bialystok.pl\/wp-content\/uploads\/2021\/03\/0x0-2048x1366.jpg 2048w\" sizes=\"auto, (max-width: 1024px) 100vw, 1024px\" \/><\/a><\/figure><\/li><li class=\"blocks-gallery-item\"><figure><a href=\"https:\/\/sybir.bialystok.pl\/muzeum\/wspolpraca\/wypozycz-wystawe\/odzyskanie-niepodleglosci-wystawa-1\/?lang=en\"><img loading=\"lazy\" decoding=\"async\" width=\"1024\" height=\"683\" src=\"https:\/\/sybir.bialystok.pl\/wp-content\/uploads\/2021\/03\/Odzyskanie-niepodleglosci-wystawa-1-1024x683.jpg\" alt=\"\" data-id=\"1654\" data-full-url=\"https:\/\/sybir.bialystok.pl\/wp-content\/uploads\/2021\/03\/Odzyskanie-niepodleglosci-wystawa-1-scaled.jpg\" data-link=\"https:\/\/sybir.bialystok.pl\/muzeum\/wspolpraca\/wypozycz-wystawe\/odzyskanie-niepodleglosci-wystawa-1\/\" class=\"wp-image-1654\" srcset=\"https:\/\/sybir.bialystok.pl\/wp-content\/uploads\/2021\/03\/Odzyskanie-niepodleglosci-wystawa-1-1024x683.jpg 1024w, https:\/\/sybir.bialystok.pl\/wp-content\/uploads\/2021\/03\/Odzyskanie-niepodleglosci-wystawa-1-300x200.jpg 300w, https:\/\/sybir.bialystok.pl\/wp-content\/uploads\/2021\/03\/Odzyskanie-niepodleglosci-wystawa-1-768x512.jpg 768w, https:\/\/sybir.bialystok.pl\/wp-content\/uploads\/2021\/03\/Odzyskanie-niepodleglosci-wystawa-1-1536x1024.jpg 1536w, https:\/\/sybir.bialystok.pl\/wp-content\/uploads\/2021\/03\/Odzyskanie-niepodleglosci-wystawa-1-2048x1365.jpg 2048w\" sizes=\"auto, (max-width: 1024px) 100vw, 1024px\" \/><\/a><\/figure><\/li><li class=\"blocks-gallery-item\"><figure><a href=\"https:\/\/sybir.bialystok.pl\/muzeum\/wspolpraca\/wypozycz-wystawe\/odzyskanie-niepodleglosci-wystawa-2\/?lang=en\"><img loading=\"lazy\" decoding=\"async\" width=\"1024\" height=\"683\" src=\"https:\/\/sybir.bialystok.pl\/wp-content\/uploads\/2021\/03\/Odzyskanie-niepodleglosci-wystawa-2-1024x683.jpg\" alt=\"\" data-id=\"1660\" data-full-url=\"https:\/\/sybir.bialystok.pl\/wp-content\/uploads\/2021\/03\/Odzyskanie-niepodleglosci-wystawa-2-scaled.jpg\" data-link=\"https:\/\/sybir.bialystok.pl\/muzeum\/wspolpraca\/wypozycz-wystawe\/odzyskanie-niepodleglosci-wystawa-2\/\" class=\"wp-image-1660\" srcset=\"https:\/\/sybir.bialystok.pl\/wp-content\/uploads\/2021\/03\/Odzyskanie-niepodleglosci-wystawa-2-1024x683.jpg 1024w, https:\/\/sybir.bialystok.pl\/wp-content\/uploads\/2021\/03\/Odzyskanie-niepodleglosci-wystawa-2-300x200.jpg 300w, https:\/\/sybir.bialystok.pl\/wp-content\/uploads\/2021\/03\/Odzyskanie-niepodleglosci-wystawa-2-768x512.jpg 768w, https:\/\/sybir.bialystok.pl\/wp-content\/uploads\/2021\/03\/Odzyskanie-niepodleglosci-wystawa-2-1536x1024.jpg 1536w, https:\/\/sybir.bialystok.pl\/wp-content\/uploads\/2021\/03\/Odzyskanie-niepodleglosci-wystawa-2-2048x1365.jpg 2048w\" sizes=\"auto, (max-width: 1024px) 100vw, 1024px\" \/><\/a><\/figure><\/li><\/ul><\/figure>\n\n\n\n<p>Detailed information about the terms of renting the exhibition provides the Permanent Exhibition Department:<\/p>\n\n\n\n<ul class=\"wp-block-list\" id=\"block-96e7e532-4d32-4925-bfaa-60be45e6e2ad\">\n<li>phone number: <strong><strong><strong>85 672 36 06, 85 672 35 81<\/strong><\/strong><\/strong><\/li>\n\n\n\n<li>e-mail: <strong><a href=\"mailto:m.szarejko@sybir.bialystok.pl\"><strong><strong>wystawa@sybir.bialystok.pl<\/strong><\/strong><\/a><\/strong><\/li>\n<\/ul>\n\n\n\n<p><\/p>\n","protected":false},"excerpt":{"rendered":"<p>The history of a few families, or the history of the generations? Fights for independence were through the centuries related to departures to Sybir.<\/p>\n","protected":false},"author":1,"featured_media":1658,"parent":0,"menu_order":0,"comment_status":"closed","ping_status":"closed","template":"","meta":{"_acf_changed":false,"_editorskit_title_hidden":false,"_editorskit_reading_time":0,"_editorskit_is_block_options_detached":false,"_editorskit_block_options_position":"{}","footnotes":""},"class_list":["post-6196","page","type-page","status-publish","has-post-thumbnail","hentry"],"acf":[],"yoast_head":"<!-- This site is optimized with the Yoast SEO plugin v24.6 - https:\/\/yoast.com\/wordpress\/plugins\/seo\/ -->\n<title>Exhibition \u201cThrough Sybir to the Independent \u2013 Following the Independent to Sybir\u201d - Muzeum Pami\u0119ci Sybiru<\/title>\n<meta name=\"description\" content=\"The history of a few families, or the history of the generations? Fights for independence were through the centuries related to departures to Sybir.\" \/>\n<meta name=\"robots\" content=\"index, follow, max-snippet:-1, max-image-preview:large, max-video-preview:-1\" \/>\n<link rel=\"canonical\" href=\"https:\/\/sybir.bialystok.pl\/en\/exhibition-through-sybir-to-the-independent\/\" \/>\n<meta property=\"og:locale\" content=\"en_US\" \/>\n<meta property=\"og:type\" content=\"article\" \/>\n<meta property=\"og:title\" content=\"Exhibition \u201cThrough Sybir to the Independent \u2013 Following the Independent to Sybir\u201d - Muzeum Pami\u0119ci Sybiru\" \/>\n<meta property=\"og:description\" content=\"The history of a few families, or the history of the generations? Fights for independence were through the centuries related to departures to Sybir.\" \/>\n<meta property=\"og:url\" content=\"https:\/\/sybir.bialystok.pl\/en\/exhibition-through-sybir-to-the-independent\/\" \/>\n<meta property=\"og:site_name\" content=\"Muzeum Pami\u0119ci Sybiru\" \/>\n<meta property=\"article:modified_time\" content=\"2023-04-04T11:22:05+00:00\" \/>\n<meta property=\"og:image\" content=\"https:\/\/sybir.bialystok.pl\/wp-content\/uploads\/2021\/03\/Odzyskanie-niepodleglosci-wystawa-scaled.jpg\" \/>\n\t<meta property=\"og:image:width\" content=\"2560\" \/>\n\t<meta property=\"og:image:height\" content=\"1707\" \/>\n\t<meta property=\"og:image:type\" content=\"image\/jpeg\" \/>\n<meta name=\"twitter:card\" content=\"summary_large_image\" \/>\n<meta name=\"twitter:label1\" content=\"Est. reading time\" \/>\n\t<meta name=\"twitter:data1\" content=\"1 minute\" \/>\n<script type=\"application\/ld+json\" class=\"yoast-schema-graph\">{\"@context\":\"https:\/\/schema.org\",\"@graph\":[{\"@type\":\"WebPage\",\"@id\":\"https:\/\/sybir.bialystok.pl\/en\/exhibition-through-sybir-to-the-independent\/\",\"url\":\"https:\/\/sybir.bialystok.pl\/en\/exhibition-through-sybir-to-the-independent\/\",\"name\":\"Exhibition \u201cThrough Sybir to the Independent \u2013 Following the Independent to Sybir\u201d - Muzeum Pami\u0119ci Sybiru\",\"isPartOf\":{\"@id\":\"https:\/\/sybir.bialystok.pl\/en\/#website\"},\"primaryImageOfPage\":{\"@id\":\"https:\/\/sybir.bialystok.pl\/en\/exhibition-through-sybir-to-the-independent\/#primaryimage\"},\"image\":{\"@id\":\"https:\/\/sybir.bialystok.pl\/en\/exhibition-through-sybir-to-the-independent\/#primaryimage\"},\"thumbnailUrl\":\"https:\/\/sybir.bialystok.pl\/wp-content\/uploads\/2021\/03\/Odzyskanie-niepodleglosci-wystawa-scaled.jpg\",\"datePublished\":\"2021-03-18T09:03:35+00:00\",\"dateModified\":\"2023-04-04T11:22:05+00:00\",\"description\":\"The history of a few families, or the history of the generations? Fights for independence were through the centuries related to departures to Sybir.\",\"breadcrumb\":{\"@id\":\"https:\/\/sybir.bialystok.pl\/en\/exhibition-through-sybir-to-the-independent\/#breadcrumb\"},\"inLanguage\":\"en-US\",\"potentialAction\":[{\"@type\":\"ReadAction\",\"target\":[\"https:\/\/sybir.bialystok.pl\/en\/exhibition-through-sybir-to-the-independent\/\"]}]},{\"@type\":\"ImageObject\",\"inLanguage\":\"en-US\",\"@id\":\"https:\/\/sybir.bialystok.pl\/en\/exhibition-through-sybir-to-the-independent\/#primaryimage\",\"url\":\"https:\/\/sybir.bialystok.pl\/wp-content\/uploads\/2021\/03\/Odzyskanie-niepodleglosci-wystawa-scaled.jpg\",\"contentUrl\":\"https:\/\/sybir.bialystok.pl\/wp-content\/uploads\/2021\/03\/Odzyskanie-niepodleglosci-wystawa-scaled.jpg\",\"width\":2560,\"height\":1707},{\"@type\":\"BreadcrumbList\",\"@id\":\"https:\/\/sybir.bialystok.pl\/en\/exhibition-through-sybir-to-the-independent\/#breadcrumb\",\"itemListElement\":[{\"@type\":\"ListItem\",\"position\":1,\"name\":\"Home page\",\"item\":\"https:\/\/sybir.bialystok.pl\/en\/\"},{\"@type\":\"ListItem\",\"position\":2,\"name\":\"Exhibition \u201cThrough Sybir to the Independent \u2013 Following the Independent to Sybir\u201d\"}]},{\"@type\":\"WebSite\",\"@id\":\"https:\/\/sybir.bialystok.pl\/en\/#website\",\"url\":\"https:\/\/sybir.bialystok.pl\/en\/\",\"name\":\"Muzeum Pami\u0119ci Sybiru\",\"description\":\"Muzeum Pami\u0119ci Sybiru jest po\u015bwi\u0119cone ludziom, kt\u00f3rzy od ko\u0144ca XVI a\u017c do po\u0142owy XX wieku byli niewoleni i zsy\u0142ani w g\u0142\u0105b Rosji, a p\u00f3\u017aniej Zwi\u0105zku Sowieckiego, jak te\u017c tym, kt\u00f3rzy pod\u0105\u017cali tam dobrowolnie.\",\"potentialAction\":[{\"@type\":\"SearchAction\",\"target\":{\"@type\":\"EntryPoint\",\"urlTemplate\":\"https:\/\/sybir.bialystok.pl\/en\/?s={search_term_string}\"},\"query-input\":{\"@type\":\"PropertyValueSpecification\",\"valueRequired\":true,\"valueName\":\"search_term_string\"}}],\"inLanguage\":\"en-US\"}]}<\/script>\n<!-- \/ Yoast SEO plugin. -->","yoast_head_json":{"title":"Exhibition \u201cThrough Sybir to the Independent \u2013 Following the Independent to Sybir\u201d - Muzeum Pami\u0119ci Sybiru","description":"The history of a few families, or the history of the generations? Fights for independence were through the centuries related to departures to Sybir.","robots":{"index":"index","follow":"follow","max-snippet":"max-snippet:-1","max-image-preview":"max-image-preview:large","max-video-preview":"max-video-preview:-1"},"canonical":"https:\/\/sybir.bialystok.pl\/en\/exhibition-through-sybir-to-the-independent\/","og_locale":"en_US","og_type":"article","og_title":"Exhibition \u201cThrough Sybir to the Independent \u2013 Following the Independent to Sybir\u201d - Muzeum Pami\u0119ci Sybiru","og_description":"The history of a few families, or the history of the generations? Fights for independence were through the centuries related to departures to Sybir.","og_url":"https:\/\/sybir.bialystok.pl\/en\/exhibition-through-sybir-to-the-independent\/","og_site_name":"Muzeum Pami\u0119ci Sybiru","article_modified_time":"2023-04-04T11:22:05+00:00","og_image":[{"width":2560,"height":1707,"url":"https:\/\/sybir.bialystok.pl\/wp-content\/uploads\/2021\/03\/Odzyskanie-niepodleglosci-wystawa-scaled.jpg","type":"image\/jpeg"}],"twitter_card":"summary_large_image","twitter_misc":{"Est. reading time":"1 minute"},"schema":{"@context":"https:\/\/schema.org","@graph":[{"@type":"WebPage","@id":"https:\/\/sybir.bialystok.pl\/en\/exhibition-through-sybir-to-the-independent\/","url":"https:\/\/sybir.bialystok.pl\/en\/exhibition-through-sybir-to-the-independent\/","name":"Exhibition \u201cThrough Sybir to the Independent \u2013 Following the Independent to Sybir\u201d - Muzeum Pami\u0119ci Sybiru","isPartOf":{"@id":"https:\/\/sybir.bialystok.pl\/en\/#website"},"primaryImageOfPage":{"@id":"https:\/\/sybir.bialystok.pl\/en\/exhibition-through-sybir-to-the-independent\/#primaryimage"},"image":{"@id":"https:\/\/sybir.bialystok.pl\/en\/exhibition-through-sybir-to-the-independent\/#primaryimage"},"thumbnailUrl":"https:\/\/sybir.bialystok.pl\/wp-content\/uploads\/2021\/03\/Odzyskanie-niepodleglosci-wystawa-scaled.jpg","datePublished":"2021-03-18T09:03:35+00:00","dateModified":"2023-04-04T11:22:05+00:00","description":"The history of a few families, or the history of the generations? Fights for independence were through the centuries related to departures to Sybir.","breadcrumb":{"@id":"https:\/\/sybir.bialystok.pl\/en\/exhibition-through-sybir-to-the-independent\/#breadcrumb"},"inLanguage":"en-US","potentialAction":[{"@type":"ReadAction","target":["https:\/\/sybir.bialystok.pl\/en\/exhibition-through-sybir-to-the-independent\/"]}]},{"@type":"ImageObject","inLanguage":"en-US","@id":"https:\/\/sybir.bialystok.pl\/en\/exhibition-through-sybir-to-the-independent\/#primaryimage","url":"https:\/\/sybir.bialystok.pl\/wp-content\/uploads\/2021\/03\/Odzyskanie-niepodleglosci-wystawa-scaled.jpg","contentUrl":"https:\/\/sybir.bialystok.pl\/wp-content\/uploads\/2021\/03\/Odzyskanie-niepodleglosci-wystawa-scaled.jpg","width":2560,"height":1707},{"@type":"BreadcrumbList","@id":"https:\/\/sybir.bialystok.pl\/en\/exhibition-through-sybir-to-the-independent\/#breadcrumb","itemListElement":[{"@type":"ListItem","position":1,"name":"Home page","item":"https:\/\/sybir.bialystok.pl\/en\/"},{"@type":"ListItem","position":2,"name":"Exhibition \u201cThrough Sybir to the Independent \u2013 Following the Independent to Sybir\u201d"}]},{"@type":"WebSite","@id":"https:\/\/sybir.bialystok.pl\/en\/#website","url":"https:\/\/sybir.bialystok.pl\/en\/","name":"Muzeum Pami\u0119ci Sybiru","description":"Muzeum Pami\u0119ci Sybiru jest po\u015bwi\u0119cone ludziom, kt\u00f3rzy od ko\u0144ca XVI a\u017c do po\u0142owy XX wieku byli niewoleni i zsy\u0142ani w g\u0142\u0105b Rosji, a p\u00f3\u017aniej Zwi\u0105zku Sowieckiego, jak te\u017c tym, kt\u00f3rzy pod\u0105\u017cali tam dobrowolnie.","potentialAction":[{"@type":"SearchAction","target":{"@type":"EntryPoint","urlTemplate":"https:\/\/sybir.bialystok.pl\/en\/?s={search_term_string}"},"query-input":{"@type":"PropertyValueSpecification","valueRequired":true,"valueName":"search_term_string"}}],"inLanguage":"en-US"}]}},"_links":{"self":[{"href":"https:\/\/sybir.bialystok.pl\/en\/wp-json\/wp\/v2\/pages\/6196","targetHints":{"allow":["GET"]}}],"collection":[{"href":"https:\/\/sybir.bialystok.pl\/en\/wp-json\/wp\/v2\/pages"}],"about":[{"href":"https:\/\/sybir.bialystok.pl\/en\/wp-json\/wp\/v2\/types\/page"}],"author":[{"embeddable":true,"href":"https:\/\/sybir.bialystok.pl\/en\/wp-json\/wp\/v2\/users\/1"}],"replies":[{"embeddable":true,"href":"https:\/\/sybir.bialystok.pl\/en\/wp-json\/wp\/v2\/comments?post=6196"}],"version-history":[{"count":5,"href":"https:\/\/sybir.bialystok.pl\/en\/wp-json\/wp\/v2\/pages\/6196\/revisions"}],"predecessor-version":[{"id":18459,"href":"https:\/\/sybir.bialystok.pl\/en\/wp-json\/wp\/v2\/pages\/6196\/revisions\/18459"}],"wp:featuredmedia":[{"embeddable":true,"href":"https:\/\/sybir.bialystok.pl\/en\/wp-json\/wp\/v2\/media\/1658"}],"wp:attachment":[{"href":"https:\/\/sybir.bialystok.pl\/en\/wp-json\/wp\/v2\/media?parent=6196"}],"curies":[{"name":"wp","href":"https:\/\/api.w.org\/{rel}","templated":true}]}}