{"id":6192,"date":"2021-03-18T10:38:12","date_gmt":"2021-03-18T09:38:12","guid":{"rendered":"https:\/\/sybir.bialystok.pl\/wystawa-pilsudski-niepodlegla-sybir-pamiec-sybiru-w-niepodleglej\/"},"modified":"2022-06-09T15:52:02","modified_gmt":"2022-06-09T13:52:02","slug":"exhibition-pilsudski-independent","status":"publish","type":"page","link":"https:\/\/sybir.bialystok.pl\/en\/exhibition-pilsudski-independent\/","title":{"rendered":"Exhibition &#8220;Pi\u0142sudski \u2013 Independent \u2013 Sybir. The Sybir Memorial in the Independent&#8221;"},"content":{"rendered":"\n<figure class=\"wp-block-gallery columns-1 is-cropped wp-block-gallery-1 is-layout-flex wp-block-gallery-is-layout-flex\"><ul class=\"blocks-gallery-grid\"><li class=\"blocks-gallery-item\"><figure><img loading=\"lazy\" decoding=\"async\" width=\"1024\" height=\"768\" src=\"https:\/\/sybir.bialystok.pl\/wp-content\/uploads\/2021\/03\/Pilsudski-1-1024x768.jpg\" alt=\"\" data-id=\"1701\" data-full-url=\"https:\/\/sybir.bialystok.pl\/wp-content\/uploads\/2021\/03\/Pilsudski-1-scaled.jpg\" data-link=\"https:\/\/sybir.bialystok.pl\/wystawa-pilsudski-niepodlegla-sybir-pamiec-sybiru-w-niepodleglej\/pilsudski-1\/\" class=\"wp-image-1701\" srcset=\"https:\/\/sybir.bialystok.pl\/wp-content\/uploads\/2021\/03\/Pilsudski-1-1024x768.jpg 1024w, https:\/\/sybir.bialystok.pl\/wp-content\/uploads\/2021\/03\/Pilsudski-1-300x225.jpg 300w, https:\/\/sybir.bialystok.pl\/wp-content\/uploads\/2021\/03\/Pilsudski-1-768x576.jpg 768w, https:\/\/sybir.bialystok.pl\/wp-content\/uploads\/2021\/03\/Pilsudski-1-1536x1152.jpg 1536w, https:\/\/sybir.bialystok.pl\/wp-content\/uploads\/2021\/03\/Pilsudski-1-2048x1536.jpg 2048w\" sizes=\"auto, (max-width: 1024px) 100vw, 1024px\" \/><\/figure><\/li><\/ul><\/figure>\n\n\n\n<p>The exhibition combines the themes of independence and Sybir, presenting the fate of Poles exiled to the depths of the Russian Empire. Among them, an important place was occupied by young J\u00f3zef Pi\u0142sudski, for whom his stay in Sybir was a forge of character.<\/p>\n\n\n\n<h2 class=\"wp-block-heading\">TECHNICAL DATA<\/h2>\n\n\n\n<p>The exhibition consists of 8 boarders in the size of 100 cm x 200 cm. It is possible to lend a license for the digital version of the exhibition with files in TIFF format.<\/p>\n\n\n\n<figure class=\"wp-block-gallery columns-2 is-cropped wp-block-gallery-2 is-layout-flex wp-block-gallery-is-layout-flex\"><ul class=\"blocks-gallery-grid\"><li class=\"blocks-gallery-item\"><figure><img loading=\"lazy\" decoding=\"async\" width=\"1024\" height=\"768\" src=\"https:\/\/sybir.bialystok.pl\/wp-content\/uploads\/2021\/03\/Pilsudski-2-1024x768.jpg\" alt=\"\" data-id=\"1704\" data-full-url=\"https:\/\/sybir.bialystok.pl\/wp-content\/uploads\/2021\/03\/Pilsudski-2-scaled.jpg\" data-link=\"https:\/\/sybir.bialystok.pl\/wystawa-pilsudski-niepodlegla-sybir-pamiec-sybiru-w-niepodleglej\/pilsudski-2\/\" class=\"wp-image-1704\" srcset=\"https:\/\/sybir.bialystok.pl\/wp-content\/uploads\/2021\/03\/Pilsudski-2-1024x768.jpg 1024w, https:\/\/sybir.bialystok.pl\/wp-content\/uploads\/2021\/03\/Pilsudski-2-300x225.jpg 300w, https:\/\/sybir.bialystok.pl\/wp-content\/uploads\/2021\/03\/Pilsudski-2-768x576.jpg 768w, https:\/\/sybir.bialystok.pl\/wp-content\/uploads\/2021\/03\/Pilsudski-2-1536x1152.jpg 1536w, https:\/\/sybir.bialystok.pl\/wp-content\/uploads\/2021\/03\/Pilsudski-2-2048x1536.jpg 2048w\" sizes=\"auto, (max-width: 1024px) 100vw, 1024px\" \/><\/figure><\/li><li class=\"blocks-gallery-item\"><figure><img loading=\"lazy\" decoding=\"async\" width=\"1024\" height=\"768\" src=\"https:\/\/sybir.bialystok.pl\/wp-content\/uploads\/2021\/03\/Pilsudski-1024x768.jpg\" alt=\"\" data-id=\"1710\" data-full-url=\"https:\/\/sybir.bialystok.pl\/wp-content\/uploads\/2021\/03\/Pilsudski-scaled.jpg\" data-link=\"https:\/\/sybir.bialystok.pl\/wystawa-pilsudski-niepodlegla-sybir-pamiec-sybiru-w-niepodleglej\/pilsudski\/\" class=\"wp-image-1710\" srcset=\"https:\/\/sybir.bialystok.pl\/wp-content\/uploads\/2021\/03\/Pilsudski-1024x768.jpg 1024w, https:\/\/sybir.bialystok.pl\/wp-content\/uploads\/2021\/03\/Pilsudski-300x225.jpg 300w, https:\/\/sybir.bialystok.pl\/wp-content\/uploads\/2021\/03\/Pilsudski-768x576.jpg 768w, https:\/\/sybir.bialystok.pl\/wp-content\/uploads\/2021\/03\/Pilsudski-1536x1152.jpg 1536w, https:\/\/sybir.bialystok.pl\/wp-content\/uploads\/2021\/03\/Pilsudski-2048x1536.jpg 2048w\" sizes=\"auto, (max-width: 1024px) 100vw, 1024px\" \/><\/figure><\/li><\/ul><\/figure>\n\n\n\n<p>Detailed information about the terms of renting the exhibition provides the Permanent Exhibition Department:<\/p>\n\n\n\n<ul class=\"wp-block-list\" id=\"block-96e7e532-4d32-4925-bfaa-60be45e6e2ad\"><li>phone number:<strong> <strong><strong>85 672 36 06, 85 672 35 81<\/strong><\/strong><\/strong><\/li><li>e-mail:<strong> <strong><a href=\"mailto:m.szarejko@sybir.bialystok.pl\"><strong>wystawa@sybir.bialystok.pl<\/strong><\/a><\/strong><\/strong><\/li><\/ul>\n","protected":false},"excerpt":{"rendered":"<p>Would J\u00f3zef Pi\u0142sudski become the marshal and resurrector of Poland if it had not been for the difficult experience of Sybir?<\/p>\n","protected":false},"author":1,"featured_media":1702,"parent":0,"menu_order":0,"comment_status":"closed","ping_status":"closed","template":"","meta":{"_acf_changed":false,"_editorskit_title_hidden":false,"_editorskit_reading_time":0,"_editorskit_is_block_options_detached":false,"_editorskit_block_options_position":"{}","footnotes":""},"class_list":["post-6192","page","type-page","status-publish","has-post-thumbnail","hentry"],"acf":[],"yoast_head":"<!-- This site is optimized with the Yoast SEO plugin v24.6 - https:\/\/yoast.com\/wordpress\/plugins\/seo\/ -->\n<title>Exhibition &quot;Pi\u0142sudski \u2013 Independent \u2013 Sybir. The Sybir Memorial in the Independent&quot; - Muzeum Pami\u0119ci Sybiru<\/title>\n<meta name=\"description\" content=\"Would J\u00f3zef Pi\u0142sudski become the marshal and resurrector of Poland if it had not been for the difficult experience of Sybir?\" \/>\n<meta name=\"robots\" content=\"index, follow, max-snippet:-1, max-image-preview:large, max-video-preview:-1\" \/>\n<link rel=\"canonical\" href=\"https:\/\/sybir.bialystok.pl\/en\/exhibition-pilsudski-independent\/\" \/>\n<meta property=\"og:locale\" content=\"en_US\" \/>\n<meta property=\"og:type\" content=\"article\" \/>\n<meta property=\"og:title\" content=\"Exhibition &quot;Pi\u0142sudski \u2013 Independent \u2013 Sybir. The Sybir Memorial in the Independent&quot; - Muzeum Pami\u0119ci Sybiru\" \/>\n<meta property=\"og:description\" content=\"Would J\u00f3zef Pi\u0142sudski become the marshal and resurrector of Poland if it had not been for the difficult experience of Sybir?\" \/>\n<meta property=\"og:url\" content=\"https:\/\/sybir.bialystok.pl\/en\/exhibition-pilsudski-independent\/\" \/>\n<meta property=\"og:site_name\" content=\"Muzeum Pami\u0119ci Sybiru\" \/>\n<meta property=\"article:modified_time\" content=\"2022-06-09T13:52:02+00:00\" \/>\n<meta property=\"og:image\" content=\"https:\/\/sybir.bialystok.pl\/wp-content\/uploads\/2021\/03\/Pilsudski-1-scaled.jpg\" \/>\n\t<meta property=\"og:image:width\" content=\"2560\" \/>\n\t<meta property=\"og:image:height\" content=\"1920\" \/>\n\t<meta property=\"og:image:type\" content=\"image\/jpeg\" \/>\n<meta name=\"twitter:card\" content=\"summary_large_image\" \/>\n<meta name=\"twitter:label1\" content=\"Est. reading time\" \/>\n\t<meta name=\"twitter:data1\" content=\"2 minutes\" \/>\n<script type=\"application\/ld+json\" class=\"yoast-schema-graph\">{\"@context\":\"https:\/\/schema.org\",\"@graph\":[{\"@type\":\"WebPage\",\"@id\":\"https:\/\/sybir.bialystok.pl\/en\/exhibition-pilsudski-independent\/\",\"url\":\"https:\/\/sybir.bialystok.pl\/en\/exhibition-pilsudski-independent\/\",\"name\":\"Exhibition \\\"Pi\u0142sudski \u2013 Independent \u2013 Sybir. The Sybir Memorial in the Independent\\\" - Muzeum Pami\u0119ci Sybiru\",\"isPartOf\":{\"@id\":\"https:\/\/sybir.bialystok.pl\/en\/#website\"},\"primaryImageOfPage\":{\"@id\":\"https:\/\/sybir.bialystok.pl\/en\/exhibition-pilsudski-independent\/#primaryimage\"},\"image\":{\"@id\":\"https:\/\/sybir.bialystok.pl\/en\/exhibition-pilsudski-independent\/#primaryimage\"},\"thumbnailUrl\":\"https:\/\/sybir.bialystok.pl\/wp-content\/uploads\/2021\/03\/Pilsudski-1-scaled.jpg\",\"datePublished\":\"2021-03-18T09:38:12+00:00\",\"dateModified\":\"2022-06-09T13:52:02+00:00\",\"description\":\"Would J\u00f3zef Pi\u0142sudski become the marshal and resurrector of Poland if it had not been for the difficult experience of Sybir?\",\"breadcrumb\":{\"@id\":\"https:\/\/sybir.bialystok.pl\/en\/exhibition-pilsudski-independent\/#breadcrumb\"},\"inLanguage\":\"en-US\",\"potentialAction\":[{\"@type\":\"ReadAction\",\"target\":[\"https:\/\/sybir.bialystok.pl\/en\/exhibition-pilsudski-independent\/\"]}]},{\"@type\":\"ImageObject\",\"inLanguage\":\"en-US\",\"@id\":\"https:\/\/sybir.bialystok.pl\/en\/exhibition-pilsudski-independent\/#primaryimage\",\"url\":\"https:\/\/sybir.bialystok.pl\/wp-content\/uploads\/2021\/03\/Pilsudski-1-scaled.jpg\",\"contentUrl\":\"https:\/\/sybir.bialystok.pl\/wp-content\/uploads\/2021\/03\/Pilsudski-1-scaled.jpg\",\"width\":2560,\"height\":1920},{\"@type\":\"BreadcrumbList\",\"@id\":\"https:\/\/sybir.bialystok.pl\/en\/exhibition-pilsudski-independent\/#breadcrumb\",\"itemListElement\":[{\"@type\":\"ListItem\",\"position\":1,\"name\":\"Home page\",\"item\":\"https:\/\/sybir.bialystok.pl\/en\/\"},{\"@type\":\"ListItem\",\"position\":2,\"name\":\"Exhibition &#8220;Pi\u0142sudski \u2013 Independent \u2013 Sybir. The Sybir Memorial in the Independent&#8221;\"}]},{\"@type\":\"WebSite\",\"@id\":\"https:\/\/sybir.bialystok.pl\/en\/#website\",\"url\":\"https:\/\/sybir.bialystok.pl\/en\/\",\"name\":\"Muzeum Pami\u0119ci Sybiru\",\"description\":\"Muzeum Pami\u0119ci Sybiru jest po\u015bwi\u0119cone ludziom, kt\u00f3rzy od ko\u0144ca XVI a\u017c do po\u0142owy XX wieku byli niewoleni i zsy\u0142ani w g\u0142\u0105b Rosji, a p\u00f3\u017aniej Zwi\u0105zku Sowieckiego, jak te\u017c tym, kt\u00f3rzy pod\u0105\u017cali tam dobrowolnie.\",\"potentialAction\":[{\"@type\":\"SearchAction\",\"target\":{\"@type\":\"EntryPoint\",\"urlTemplate\":\"https:\/\/sybir.bialystok.pl\/en\/?s={search_term_string}\"},\"query-input\":{\"@type\":\"PropertyValueSpecification\",\"valueRequired\":true,\"valueName\":\"search_term_string\"}}],\"inLanguage\":\"en-US\"}]}<\/script>\n<!-- \/ Yoast SEO plugin. -->","yoast_head_json":{"title":"Exhibition \"Pi\u0142sudski \u2013 Independent \u2013 Sybir. The Sybir Memorial in the Independent\" - Muzeum Pami\u0119ci Sybiru","description":"Would J\u00f3zef Pi\u0142sudski become the marshal and resurrector of Poland if it had not been for the difficult experience of Sybir?","robots":{"index":"index","follow":"follow","max-snippet":"max-snippet:-1","max-image-preview":"max-image-preview:large","max-video-preview":"max-video-preview:-1"},"canonical":"https:\/\/sybir.bialystok.pl\/en\/exhibition-pilsudski-independent\/","og_locale":"en_US","og_type":"article","og_title":"Exhibition \"Pi\u0142sudski \u2013 Independent \u2013 Sybir. The Sybir Memorial in the Independent\" - Muzeum Pami\u0119ci Sybiru","og_description":"Would J\u00f3zef Pi\u0142sudski become the marshal and resurrector of Poland if it had not been for the difficult experience of Sybir?","og_url":"https:\/\/sybir.bialystok.pl\/en\/exhibition-pilsudski-independent\/","og_site_name":"Muzeum Pami\u0119ci Sybiru","article_modified_time":"2022-06-09T13:52:02+00:00","og_image":[{"width":2560,"height":1920,"url":"https:\/\/sybir.bialystok.pl\/wp-content\/uploads\/2021\/03\/Pilsudski-1-scaled.jpg","type":"image\/jpeg"}],"twitter_card":"summary_large_image","twitter_misc":{"Est. reading time":"2 minutes"},"schema":{"@context":"https:\/\/schema.org","@graph":[{"@type":"WebPage","@id":"https:\/\/sybir.bialystok.pl\/en\/exhibition-pilsudski-independent\/","url":"https:\/\/sybir.bialystok.pl\/en\/exhibition-pilsudski-independent\/","name":"Exhibition \"Pi\u0142sudski \u2013 Independent \u2013 Sybir. The Sybir Memorial in the Independent\" - Muzeum Pami\u0119ci Sybiru","isPartOf":{"@id":"https:\/\/sybir.bialystok.pl\/en\/#website"},"primaryImageOfPage":{"@id":"https:\/\/sybir.bialystok.pl\/en\/exhibition-pilsudski-independent\/#primaryimage"},"image":{"@id":"https:\/\/sybir.bialystok.pl\/en\/exhibition-pilsudski-independent\/#primaryimage"},"thumbnailUrl":"https:\/\/sybir.bialystok.pl\/wp-content\/uploads\/2021\/03\/Pilsudski-1-scaled.jpg","datePublished":"2021-03-18T09:38:12+00:00","dateModified":"2022-06-09T13:52:02+00:00","description":"Would J\u00f3zef Pi\u0142sudski become the marshal and resurrector of Poland if it had not been for the difficult experience of Sybir?","breadcrumb":{"@id":"https:\/\/sybir.bialystok.pl\/en\/exhibition-pilsudski-independent\/#breadcrumb"},"inLanguage":"en-US","potentialAction":[{"@type":"ReadAction","target":["https:\/\/sybir.bialystok.pl\/en\/exhibition-pilsudski-independent\/"]}]},{"@type":"ImageObject","inLanguage":"en-US","@id":"https:\/\/sybir.bialystok.pl\/en\/exhibition-pilsudski-independent\/#primaryimage","url":"https:\/\/sybir.bialystok.pl\/wp-content\/uploads\/2021\/03\/Pilsudski-1-scaled.jpg","contentUrl":"https:\/\/sybir.bialystok.pl\/wp-content\/uploads\/2021\/03\/Pilsudski-1-scaled.jpg","width":2560,"height":1920},{"@type":"BreadcrumbList","@id":"https:\/\/sybir.bialystok.pl\/en\/exhibition-pilsudski-independent\/#breadcrumb","itemListElement":[{"@type":"ListItem","position":1,"name":"Home page","item":"https:\/\/sybir.bialystok.pl\/en\/"},{"@type":"ListItem","position":2,"name":"Exhibition &#8220;Pi\u0142sudski \u2013 Independent \u2013 Sybir. The Sybir Memorial in the Independent&#8221;"}]},{"@type":"WebSite","@id":"https:\/\/sybir.bialystok.pl\/en\/#website","url":"https:\/\/sybir.bialystok.pl\/en\/","name":"Muzeum Pami\u0119ci Sybiru","description":"Muzeum Pami\u0119ci Sybiru jest po\u015bwi\u0119cone ludziom, kt\u00f3rzy od ko\u0144ca XVI a\u017c do po\u0142owy XX wieku byli niewoleni i zsy\u0142ani w g\u0142\u0105b Rosji, a p\u00f3\u017aniej Zwi\u0105zku Sowieckiego, jak te\u017c tym, kt\u00f3rzy pod\u0105\u017cali tam dobrowolnie.","potentialAction":[{"@type":"SearchAction","target":{"@type":"EntryPoint","urlTemplate":"https:\/\/sybir.bialystok.pl\/en\/?s={search_term_string}"},"query-input":{"@type":"PropertyValueSpecification","valueRequired":true,"valueName":"search_term_string"}}],"inLanguage":"en-US"}]}},"_links":{"self":[{"href":"https:\/\/sybir.bialystok.pl\/en\/wp-json\/wp\/v2\/pages\/6192","targetHints":{"allow":["GET"]}}],"collection":[{"href":"https:\/\/sybir.bialystok.pl\/en\/wp-json\/wp\/v2\/pages"}],"about":[{"href":"https:\/\/sybir.bialystok.pl\/en\/wp-json\/wp\/v2\/types\/page"}],"author":[{"embeddable":true,"href":"https:\/\/sybir.bialystok.pl\/en\/wp-json\/wp\/v2\/users\/1"}],"replies":[{"embeddable":true,"href":"https:\/\/sybir.bialystok.pl\/en\/wp-json\/wp\/v2\/comments?post=6192"}],"version-history":[{"count":5,"href":"https:\/\/sybir.bialystok.pl\/en\/wp-json\/wp\/v2\/pages\/6192\/revisions"}],"predecessor-version":[{"id":13482,"href":"https:\/\/sybir.bialystok.pl\/en\/wp-json\/wp\/v2\/pages\/6192\/revisions\/13482"}],"wp:featuredmedia":[{"embeddable":true,"href":"https:\/\/sybir.bialystok.pl\/en\/wp-json\/wp\/v2\/media\/1702"}],"wp:attachment":[{"href":"https:\/\/sybir.bialystok.pl\/en\/wp-json\/wp\/v2\/media?parent=6192"}],"curies":[{"name":"wp","href":"https:\/\/api.w.org\/{rel}","templated":true}]}}