{"id":6184,"date":"2021-03-18T10:14:21","date_gmt":"2021-03-18T09:14:21","guid":{"rendered":"https:\/\/sybir.bialystok.pl\/wystawa-operacja-polska-nkwd-1937-1938\/"},"modified":"2022-06-09T15:51:07","modified_gmt":"2022-06-09T13:51:07","slug":"exhibition-polish-operation","status":"publish","type":"page","link":"https:\/\/sybir.bialystok.pl\/en\/exhibition-polish-operation\/","title":{"rendered":"Exhibition  \u201cPolish Operation&#8221; of the NKVD 1937-1938"},"content":{"rendered":"\n<figure class=\"wp-block-gallery columns-1 is-cropped wp-block-gallery-1 is-layout-flex wp-block-gallery-is-layout-flex\"><ul class=\"blocks-gallery-grid\"><li class=\"blocks-gallery-item\"><figure><img loading=\"lazy\" decoding=\"async\" width=\"1024\" height=\"645\" src=\"https:\/\/sybir.bialystok.pl\/wp-content\/uploads\/2021\/03\/Operacja-Polska-NKWD-1-1024x645.jpg\" alt=\"\" data-id=\"1667\" data-full-url=\"https:\/\/sybir.bialystok.pl\/wp-content\/uploads\/2021\/03\/Operacja-Polska-NKWD-1-scaled.jpg\" data-link=\"https:\/\/sybir.bialystok.pl\/wystawa-operacja-polska-nkwd-1937-1938\/operacja-polska-nkwd-1\/\" class=\"wp-image-1667\" srcset=\"https:\/\/sybir.bialystok.pl\/wp-content\/uploads\/2021\/03\/Operacja-Polska-NKWD-1-1024x645.jpg 1024w, https:\/\/sybir.bialystok.pl\/wp-content\/uploads\/2021\/03\/Operacja-Polska-NKWD-1-300x189.jpg 300w, https:\/\/sybir.bialystok.pl\/wp-content\/uploads\/2021\/03\/Operacja-Polska-NKWD-1-768x484.jpg 768w, https:\/\/sybir.bialystok.pl\/wp-content\/uploads\/2021\/03\/Operacja-Polska-NKWD-1-1536x968.jpg 1536w, https:\/\/sybir.bialystok.pl\/wp-content\/uploads\/2021\/03\/Operacja-Polska-NKWD-1-2048x1290.jpg 2048w\" sizes=\"auto, (max-width: 1024px) 100vw, 1024px\" \/><\/figure><\/li><\/ul><\/figure>\n\n\n\n<p>\u201cPolish Operation\u201d was the biggest of so-called ethnic operations unleashed by the NKVD during the time of the Great Terror. In 1937\u20141938 the absolute officers murdered over 1000 Polish people living in the Soviet Union.<\/p>\n\n\n\n<h2 class=\"wp-block-heading\">TECHNICAL DATA<\/h2>\n\n\n\n<p>The exhibition consists of 12 boards in the size of 150 cm x 100 cm and 4 boards in the size of 100 cm x 100 cm. All boards were printed on one side on 3 mm thick PVC plates.<\/p>\n\n\n\n<p>There is a possibility of lending a license to print charts in digital TIFF format (saving on a CD).<\/p>\n\n\n\n<figure class=\"wp-block-gallery columns-3 is-cropped wp-block-gallery-2 is-layout-flex wp-block-gallery-is-layout-flex\"><ul class=\"blocks-gallery-grid\"><li class=\"blocks-gallery-item\"><figure><a href=\"https:\/\/sybir.bialystok.pl\/?attachment_id=1670\"><img loading=\"lazy\" decoding=\"async\" width=\"1024\" height=\"1024\" src=\"https:\/\/sybir.bialystok.pl\/wp-content\/uploads\/2021\/03\/Operacja-Polska-NKWD-2-1024x1024.jpg\" alt=\"\" data-id=\"1670\" data-full-url=\"https:\/\/sybir.bialystok.pl\/wp-content\/uploads\/2021\/03\/Operacja-Polska-NKWD-2-scaled.jpg\" data-link=\"https:\/\/sybir.bialystok.pl\/?attachment_id=1670\" class=\"wp-image-1670\" srcset=\"https:\/\/sybir.bialystok.pl\/wp-content\/uploads\/2021\/03\/Operacja-Polska-NKWD-2-1024x1024.jpg 1024w, https:\/\/sybir.bialystok.pl\/wp-content\/uploads\/2021\/03\/Operacja-Polska-NKWD-2-300x300.jpg 300w, https:\/\/sybir.bialystok.pl\/wp-content\/uploads\/2021\/03\/Operacja-Polska-NKWD-2-150x150.jpg 150w, https:\/\/sybir.bialystok.pl\/wp-content\/uploads\/2021\/03\/Operacja-Polska-NKWD-2-768x768.jpg 768w, https:\/\/sybir.bialystok.pl\/wp-content\/uploads\/2021\/03\/Operacja-Polska-NKWD-2-1536x1536.jpg 1536w, https:\/\/sybir.bialystok.pl\/wp-content\/uploads\/2021\/03\/Operacja-Polska-NKWD-2-2048x2048.jpg 2048w\" sizes=\"auto, (max-width: 1024px) 100vw, 1024px\" \/><\/a><\/figure><\/li><li class=\"blocks-gallery-item\"><figure><a href=\"https:\/\/sybir.bialystok.pl\/?attachment_id=1673\"><img loading=\"lazy\" decoding=\"async\" width=\"1024\" height=\"683\" src=\"https:\/\/sybir.bialystok.pl\/wp-content\/uploads\/2021\/03\/Operacja-Polska-NKWD-3-1024x683.jpg\" alt=\"\" data-id=\"1673\" data-full-url=\"https:\/\/sybir.bialystok.pl\/wp-content\/uploads\/2021\/03\/Operacja-Polska-NKWD-3-scaled.jpg\" data-link=\"https:\/\/sybir.bialystok.pl\/?attachment_id=1673\" class=\"wp-image-1673\" srcset=\"https:\/\/sybir.bialystok.pl\/wp-content\/uploads\/2021\/03\/Operacja-Polska-NKWD-3-1024x683.jpg 1024w, https:\/\/sybir.bialystok.pl\/wp-content\/uploads\/2021\/03\/Operacja-Polska-NKWD-3-300x200.jpg 300w, https:\/\/sybir.bialystok.pl\/wp-content\/uploads\/2021\/03\/Operacja-Polska-NKWD-3-768x512.jpg 768w, https:\/\/sybir.bialystok.pl\/wp-content\/uploads\/2021\/03\/Operacja-Polska-NKWD-3-1536x1024.jpg 1536w, https:\/\/sybir.bialystok.pl\/wp-content\/uploads\/2021\/03\/Operacja-Polska-NKWD-3-2048x1365.jpg 2048w\" sizes=\"auto, (max-width: 1024px) 100vw, 1024px\" \/><\/a><\/figure><\/li><li class=\"blocks-gallery-item\"><figure><a href=\"https:\/\/sybir.bialystok.pl\/?attachment_id=1676\"><img loading=\"lazy\" decoding=\"async\" width=\"1024\" height=\"1024\" src=\"https:\/\/sybir.bialystok.pl\/wp-content\/uploads\/2021\/03\/Operacja-Polska-NKWD-1024x1024.jpg\" alt=\"\" data-id=\"1676\" data-full-url=\"https:\/\/sybir.bialystok.pl\/wp-content\/uploads\/2021\/03\/Operacja-Polska-NKWD-scaled.jpg\" data-link=\"https:\/\/sybir.bialystok.pl\/?attachment_id=1676\" class=\"wp-image-1676\" srcset=\"https:\/\/sybir.bialystok.pl\/wp-content\/uploads\/2021\/03\/Operacja-Polska-NKWD-1024x1024.jpg 1024w, https:\/\/sybir.bialystok.pl\/wp-content\/uploads\/2021\/03\/Operacja-Polska-NKWD-300x300.jpg 300w, https:\/\/sybir.bialystok.pl\/wp-content\/uploads\/2021\/03\/Operacja-Polska-NKWD-150x150.jpg 150w, https:\/\/sybir.bialystok.pl\/wp-content\/uploads\/2021\/03\/Operacja-Polska-NKWD-768x768.jpg 768w, https:\/\/sybir.bialystok.pl\/wp-content\/uploads\/2021\/03\/Operacja-Polska-NKWD-1536x1536.jpg 1536w, https:\/\/sybir.bialystok.pl\/wp-content\/uploads\/2021\/03\/Operacja-Polska-NKWD-2048x2048.jpg 2048w\" sizes=\"auto, (max-width: 1024px) 100vw, 1024px\" \/><\/a><\/figure><\/li><\/ul><\/figure>\n\n\n\n<p>Detailed information about the terms of renting the exhibition provides the Permanent Exhibition Department:<\/p>\n\n\n\n<ul class=\"wp-block-list\" id=\"block-96e7e532-4d32-4925-bfaa-60be45e6e2ad\"><li>phone number:<strong> <strong><strong>85 672 36 06, 85 672 35 81<\/strong><\/strong><\/strong><\/li><li>e-mail: <strong><strong><a href=\"mailto:m.szarejko@sybir.bialystok.pl\"><strong>wystawa@sybir.bialystok.pl<\/strong><\/a><\/strong><\/strong><\/li><\/ul>\n","protected":false},"excerpt":{"rendered":"<p>The Great Terror unleashed by Stalin in the late 1930s did not bypass the Poles living in the Soviet Union.<\/p>\n","protected":false},"author":1,"featured_media":1668,"parent":0,"menu_order":0,"comment_status":"closed","ping_status":"closed","template":"","meta":{"_acf_changed":false,"_editorskit_title_hidden":false,"_editorskit_reading_time":0,"_editorskit_is_block_options_detached":false,"_editorskit_block_options_position":"{}","footnotes":""},"class_list":["post-6184","page","type-page","status-publish","has-post-thumbnail","hentry"],"acf":[],"yoast_head":"<!-- This site is optimized with the Yoast SEO plugin v24.6 - https:\/\/yoast.com\/wordpress\/plugins\/seo\/ -->\n<title>Exhibition \u201cPolish Operation&quot; of the NKVD 1937-1938 - Muzeum Pami\u0119ci Sybiru<\/title>\n<meta name=\"description\" content=\"The Great Terror unleashed by Stalin in the late 1930s did not bypass the Poles living in the Soviet Union.\" \/>\n<meta name=\"robots\" content=\"index, follow, max-snippet:-1, max-image-preview:large, max-video-preview:-1\" \/>\n<link rel=\"canonical\" href=\"https:\/\/sybir.bialystok.pl\/en\/exhibition-polish-operation\/\" \/>\n<meta property=\"og:locale\" content=\"en_US\" \/>\n<meta property=\"og:type\" content=\"article\" \/>\n<meta property=\"og:title\" content=\"Exhibition \u201cPolish Operation&quot; of the NKVD 1937-1938 - Muzeum Pami\u0119ci Sybiru\" \/>\n<meta property=\"og:description\" content=\"The Great Terror unleashed by Stalin in the late 1930s did not bypass the Poles living in the Soviet Union.\" \/>\n<meta property=\"og:url\" content=\"https:\/\/sybir.bialystok.pl\/en\/exhibition-polish-operation\/\" \/>\n<meta property=\"og:site_name\" content=\"Muzeum Pami\u0119ci Sybiru\" \/>\n<meta property=\"article:modified_time\" content=\"2022-06-09T13:51:07+00:00\" \/>\n<meta property=\"og:image\" content=\"https:\/\/sybir.bialystok.pl\/wp-content\/uploads\/2021\/03\/Operacja-Polska-NKWD-1-scaled.jpg\" \/>\n\t<meta property=\"og:image:width\" content=\"2560\" \/>\n\t<meta property=\"og:image:height\" content=\"1613\" \/>\n\t<meta property=\"og:image:type\" content=\"image\/jpeg\" \/>\n<meta name=\"twitter:card\" content=\"summary_large_image\" \/>\n<meta name=\"twitter:label1\" content=\"Est. reading time\" \/>\n\t<meta name=\"twitter:data1\" content=\"2 minutes\" \/>\n<script type=\"application\/ld+json\" class=\"yoast-schema-graph\">{\"@context\":\"https:\/\/schema.org\",\"@graph\":[{\"@type\":\"WebPage\",\"@id\":\"https:\/\/sybir.bialystok.pl\/en\/exhibition-polish-operation\/\",\"url\":\"https:\/\/sybir.bialystok.pl\/en\/exhibition-polish-operation\/\",\"name\":\"Exhibition \u201cPolish Operation\\\" of the NKVD 1937-1938 - Muzeum Pami\u0119ci Sybiru\",\"isPartOf\":{\"@id\":\"https:\/\/sybir.bialystok.pl\/en\/#website\"},\"primaryImageOfPage\":{\"@id\":\"https:\/\/sybir.bialystok.pl\/en\/exhibition-polish-operation\/#primaryimage\"},\"image\":{\"@id\":\"https:\/\/sybir.bialystok.pl\/en\/exhibition-polish-operation\/#primaryimage\"},\"thumbnailUrl\":\"https:\/\/sybir.bialystok.pl\/wp-content\/uploads\/2021\/03\/Operacja-Polska-NKWD-1-scaled.jpg\",\"datePublished\":\"2021-03-18T09:14:21+00:00\",\"dateModified\":\"2022-06-09T13:51:07+00:00\",\"description\":\"The Great Terror unleashed by Stalin in the late 1930s did not bypass the Poles living in the Soviet Union.\",\"breadcrumb\":{\"@id\":\"https:\/\/sybir.bialystok.pl\/en\/exhibition-polish-operation\/#breadcrumb\"},\"inLanguage\":\"en-US\",\"potentialAction\":[{\"@type\":\"ReadAction\",\"target\":[\"https:\/\/sybir.bialystok.pl\/en\/exhibition-polish-operation\/\"]}]},{\"@type\":\"ImageObject\",\"inLanguage\":\"en-US\",\"@id\":\"https:\/\/sybir.bialystok.pl\/en\/exhibition-polish-operation\/#primaryimage\",\"url\":\"https:\/\/sybir.bialystok.pl\/wp-content\/uploads\/2021\/03\/Operacja-Polska-NKWD-1-scaled.jpg\",\"contentUrl\":\"https:\/\/sybir.bialystok.pl\/wp-content\/uploads\/2021\/03\/Operacja-Polska-NKWD-1-scaled.jpg\",\"width\":2560,\"height\":1613},{\"@type\":\"BreadcrumbList\",\"@id\":\"https:\/\/sybir.bialystok.pl\/en\/exhibition-polish-operation\/#breadcrumb\",\"itemListElement\":[{\"@type\":\"ListItem\",\"position\":1,\"name\":\"Home page\",\"item\":\"https:\/\/sybir.bialystok.pl\/en\/\"},{\"@type\":\"ListItem\",\"position\":2,\"name\":\"Exhibition \u201cPolish Operation&#8221; of the NKVD 1937-1938\"}]},{\"@type\":\"WebSite\",\"@id\":\"https:\/\/sybir.bialystok.pl\/en\/#website\",\"url\":\"https:\/\/sybir.bialystok.pl\/en\/\",\"name\":\"Muzeum Pami\u0119ci Sybiru\",\"description\":\"Muzeum Pami\u0119ci Sybiru jest po\u015bwi\u0119cone ludziom, kt\u00f3rzy od ko\u0144ca XVI a\u017c do po\u0142owy XX wieku byli niewoleni i zsy\u0142ani w g\u0142\u0105b Rosji, a p\u00f3\u017aniej Zwi\u0105zku Sowieckiego, jak te\u017c tym, kt\u00f3rzy pod\u0105\u017cali tam dobrowolnie.\",\"potentialAction\":[{\"@type\":\"SearchAction\",\"target\":{\"@type\":\"EntryPoint\",\"urlTemplate\":\"https:\/\/sybir.bialystok.pl\/en\/?s={search_term_string}\"},\"query-input\":{\"@type\":\"PropertyValueSpecification\",\"valueRequired\":true,\"valueName\":\"search_term_string\"}}],\"inLanguage\":\"en-US\"}]}<\/script>\n<!-- \/ Yoast SEO plugin. -->","yoast_head_json":{"title":"Exhibition \u201cPolish Operation\" of the NKVD 1937-1938 - Muzeum Pami\u0119ci Sybiru","description":"The Great Terror unleashed by Stalin in the late 1930s did not bypass the Poles living in the Soviet Union.","robots":{"index":"index","follow":"follow","max-snippet":"max-snippet:-1","max-image-preview":"max-image-preview:large","max-video-preview":"max-video-preview:-1"},"canonical":"https:\/\/sybir.bialystok.pl\/en\/exhibition-polish-operation\/","og_locale":"en_US","og_type":"article","og_title":"Exhibition \u201cPolish Operation\" of the NKVD 1937-1938 - Muzeum Pami\u0119ci Sybiru","og_description":"The Great Terror unleashed by Stalin in the late 1930s did not bypass the Poles living in the Soviet Union.","og_url":"https:\/\/sybir.bialystok.pl\/en\/exhibition-polish-operation\/","og_site_name":"Muzeum Pami\u0119ci Sybiru","article_modified_time":"2022-06-09T13:51:07+00:00","og_image":[{"width":2560,"height":1613,"url":"https:\/\/sybir.bialystok.pl\/wp-content\/uploads\/2021\/03\/Operacja-Polska-NKWD-1-scaled.jpg","type":"image\/jpeg"}],"twitter_card":"summary_large_image","twitter_misc":{"Est. reading time":"2 minutes"},"schema":{"@context":"https:\/\/schema.org","@graph":[{"@type":"WebPage","@id":"https:\/\/sybir.bialystok.pl\/en\/exhibition-polish-operation\/","url":"https:\/\/sybir.bialystok.pl\/en\/exhibition-polish-operation\/","name":"Exhibition \u201cPolish Operation\" of the NKVD 1937-1938 - Muzeum Pami\u0119ci Sybiru","isPartOf":{"@id":"https:\/\/sybir.bialystok.pl\/en\/#website"},"primaryImageOfPage":{"@id":"https:\/\/sybir.bialystok.pl\/en\/exhibition-polish-operation\/#primaryimage"},"image":{"@id":"https:\/\/sybir.bialystok.pl\/en\/exhibition-polish-operation\/#primaryimage"},"thumbnailUrl":"https:\/\/sybir.bialystok.pl\/wp-content\/uploads\/2021\/03\/Operacja-Polska-NKWD-1-scaled.jpg","datePublished":"2021-03-18T09:14:21+00:00","dateModified":"2022-06-09T13:51:07+00:00","description":"The Great Terror unleashed by Stalin in the late 1930s did not bypass the Poles living in the Soviet Union.","breadcrumb":{"@id":"https:\/\/sybir.bialystok.pl\/en\/exhibition-polish-operation\/#breadcrumb"},"inLanguage":"en-US","potentialAction":[{"@type":"ReadAction","target":["https:\/\/sybir.bialystok.pl\/en\/exhibition-polish-operation\/"]}]},{"@type":"ImageObject","inLanguage":"en-US","@id":"https:\/\/sybir.bialystok.pl\/en\/exhibition-polish-operation\/#primaryimage","url":"https:\/\/sybir.bialystok.pl\/wp-content\/uploads\/2021\/03\/Operacja-Polska-NKWD-1-scaled.jpg","contentUrl":"https:\/\/sybir.bialystok.pl\/wp-content\/uploads\/2021\/03\/Operacja-Polska-NKWD-1-scaled.jpg","width":2560,"height":1613},{"@type":"BreadcrumbList","@id":"https:\/\/sybir.bialystok.pl\/en\/exhibition-polish-operation\/#breadcrumb","itemListElement":[{"@type":"ListItem","position":1,"name":"Home page","item":"https:\/\/sybir.bialystok.pl\/en\/"},{"@type":"ListItem","position":2,"name":"Exhibition \u201cPolish Operation&#8221; of the NKVD 1937-1938"}]},{"@type":"WebSite","@id":"https:\/\/sybir.bialystok.pl\/en\/#website","url":"https:\/\/sybir.bialystok.pl\/en\/","name":"Muzeum Pami\u0119ci Sybiru","description":"Muzeum Pami\u0119ci Sybiru jest po\u015bwi\u0119cone ludziom, kt\u00f3rzy od ko\u0144ca XVI a\u017c do po\u0142owy XX wieku byli niewoleni i zsy\u0142ani w g\u0142\u0105b Rosji, a p\u00f3\u017aniej Zwi\u0105zku Sowieckiego, jak te\u017c tym, kt\u00f3rzy pod\u0105\u017cali tam dobrowolnie.","potentialAction":[{"@type":"SearchAction","target":{"@type":"EntryPoint","urlTemplate":"https:\/\/sybir.bialystok.pl\/en\/?s={search_term_string}"},"query-input":{"@type":"PropertyValueSpecification","valueRequired":true,"valueName":"search_term_string"}}],"inLanguage":"en-US"}]}},"_links":{"self":[{"href":"https:\/\/sybir.bialystok.pl\/en\/wp-json\/wp\/v2\/pages\/6184","targetHints":{"allow":["GET"]}}],"collection":[{"href":"https:\/\/sybir.bialystok.pl\/en\/wp-json\/wp\/v2\/pages"}],"about":[{"href":"https:\/\/sybir.bialystok.pl\/en\/wp-json\/wp\/v2\/types\/page"}],"author":[{"embeddable":true,"href":"https:\/\/sybir.bialystok.pl\/en\/wp-json\/wp\/v2\/users\/1"}],"replies":[{"embeddable":true,"href":"https:\/\/sybir.bialystok.pl\/en\/wp-json\/wp\/v2\/comments?post=6184"}],"version-history":[{"count":4,"href":"https:\/\/sybir.bialystok.pl\/en\/wp-json\/wp\/v2\/pages\/6184\/revisions"}],"predecessor-version":[{"id":13481,"href":"https:\/\/sybir.bialystok.pl\/en\/wp-json\/wp\/v2\/pages\/6184\/revisions\/13481"}],"wp:featuredmedia":[{"embeddable":true,"href":"https:\/\/sybir.bialystok.pl\/en\/wp-json\/wp\/v2\/media\/1668"}],"wp:attachment":[{"href":"https:\/\/sybir.bialystok.pl\/en\/wp-json\/wp\/v2\/media?parent=6184"}],"curies":[{"name":"wp","href":"https:\/\/api.w.org\/{rel}","templated":true}]}}