{"id":6176,"date":"2021-02-11T13:46:25","date_gmt":"2021-02-11T12:46:25","guid":{"rendered":"https:\/\/sybir.bialystok.pl\/wspolpraca\/wypozycz-wystawe\/"},"modified":"2026-02-03T16:51:44","modified_gmt":"2026-02-03T15:51:44","slug":"rent-an-exhibition","status":"publish","type":"page","link":"https:\/\/sybir.bialystok.pl\/en\/cooperation\/rent-an-exhibition\/","title":{"rendered":"Rent an exhibition"},"content":{"rendered":"\n<p>We offer an amount of exhibitions to rent, we also give license to copy them. Get familiar with the whole offer. <\/p>\n\n\n\n<p>Detailed information about the terms of renting the exhibition provides the Permanent Exhibition Department of the Sybir Memorial Museum, W\u0119glowa 1 Street, Bialystok. <\/p>\n\n\n\n<ul id=\"block-96e7e532-4d32-4925-bfaa-60be45e6e2ad\" class=\"wp-block-list\">\n<li>phone number: <strong><strong>85 672 36 06, 85 672 35 81<\/strong><\/strong><\/li>\n\n\n\n<li>e-mail: <strong><a href=\"mailto:m.szarejko@sybir.bialystok.pl\"><strong>wystawa@sybir.bialystok.pl<\/strong><\/a><\/strong><\/li>\n<\/ul>\n\n\n\n<!--more-->\n\n\n\n<div style=\"height:20px\" aria-hidden=\"true\" class=\"wp-block-spacer\"><\/div>\n\n\n\n<p><a href=\"https:\/\/sybir.bialystok.pl\/en\/syberyjskie-zeslania-i-droga-wyjscia-z-armia-andersa-a-mysmy-szli-i-szli-dziesiatkowani\/\"><strong>Great deportations and ways out of the \u2018soviet hell\u2019. <\/strong><\/a><strong><a href=\"https:\/\/sybir.bialystok.pl\/en\/syberyjskie-zeslania-i-droga-wyjscia-z-armia-andersa-a-mysmy-szli-i-szli-dziesiatkowani\/\">\u201cAnd we were walking, walking \u2013 undefeated\u201d<\/a><\/strong><\/p>\n\n\n\n<figure class=\"wp-block-gallery has-nested-images columns-default is-cropped wp-block-gallery-1 is-layout-flex wp-block-gallery-is-layout-flex\">\n<figure class=\"wp-block-image size-large\"><a href=\"https:\/\/sybir.bialystok.pl\/wp-content\/uploads\/2022\/06\/Armia-Andersa-Duzy.png\"><img loading=\"lazy\" decoding=\"async\" width=\"1024\" height=\"1024\" data-id=\"13358\" src=\"https:\/\/sybir.bialystok.pl\/wp-content\/uploads\/2022\/06\/Armia-Andersa-Duzy-1024x1024.png\" alt=\"\" class=\"wp-image-13358\" srcset=\"https:\/\/sybir.bialystok.pl\/wp-content\/uploads\/2022\/06\/Armia-Andersa-Duzy-1024x1024.png 1024w, https:\/\/sybir.bialystok.pl\/wp-content\/uploads\/2022\/06\/Armia-Andersa-Duzy-300x300.png 300w, https:\/\/sybir.bialystok.pl\/wp-content\/uploads\/2022\/06\/Armia-Andersa-Duzy-150x150.png 150w, https:\/\/sybir.bialystok.pl\/wp-content\/uploads\/2022\/06\/Armia-Andersa-Duzy-768x768.png 768w, https:\/\/sybir.bialystok.pl\/wp-content\/uploads\/2022\/06\/Armia-Andersa-Duzy-467x467.png 467w, https:\/\/sybir.bialystok.pl\/wp-content\/uploads\/2022\/06\/Armia-Andersa-Duzy.png 1080w\" sizes=\"auto, (max-width: 1024px) 100vw, 1024px\" \/><\/a><\/figure>\n\n\n\n<figure class=\"wp-block-image size-large\"><a href=\"https:\/\/sybir.bialystok.pl\/wp-content\/uploads\/2022\/06\/Armia-Berlinga-Duzy.png\"><img loading=\"lazy\" decoding=\"async\" width=\"1024\" height=\"1024\" data-id=\"13361\" src=\"https:\/\/sybir.bialystok.pl\/wp-content\/uploads\/2022\/06\/Armia-Berlinga-Duzy-1024x1024.png\" alt=\"\" class=\"wp-image-13361\" srcset=\"https:\/\/sybir.bialystok.pl\/wp-content\/uploads\/2022\/06\/Armia-Berlinga-Duzy-1024x1024.png 1024w, https:\/\/sybir.bialystok.pl\/wp-content\/uploads\/2022\/06\/Armia-Berlinga-Duzy-300x300.png 300w, https:\/\/sybir.bialystok.pl\/wp-content\/uploads\/2022\/06\/Armia-Berlinga-Duzy-150x150.png 150w, https:\/\/sybir.bialystok.pl\/wp-content\/uploads\/2022\/06\/Armia-Berlinga-Duzy-768x768.png 768w, https:\/\/sybir.bialystok.pl\/wp-content\/uploads\/2022\/06\/Armia-Berlinga-Duzy-467x467.png 467w, https:\/\/sybir.bialystok.pl\/wp-content\/uploads\/2022\/06\/Armia-Berlinga-Duzy.png 1080w\" sizes=\"auto, (max-width: 1024px) 100vw, 1024px\" \/><\/a><\/figure>\n\n\n\n<figure class=\"wp-block-image size-large\"><a href=\"https:\/\/sybir.bialystok.pl\/wp-content\/uploads\/2022\/06\/wstep-Duzy.png\"><img loading=\"lazy\" decoding=\"async\" width=\"1024\" height=\"1024\" data-id=\"13364\" src=\"https:\/\/sybir.bialystok.pl\/wp-content\/uploads\/2022\/06\/wstep-Duzy-1024x1024.png\" alt=\"\" class=\"wp-image-13364\" srcset=\"https:\/\/sybir.bialystok.pl\/wp-content\/uploads\/2022\/06\/wstep-Duzy-1024x1024.png 1024w, https:\/\/sybir.bialystok.pl\/wp-content\/uploads\/2022\/06\/wstep-Duzy-300x300.png 300w, https:\/\/sybir.bialystok.pl\/wp-content\/uploads\/2022\/06\/wstep-Duzy-150x150.png 150w, https:\/\/sybir.bialystok.pl\/wp-content\/uploads\/2022\/06\/wstep-Duzy-768x768.png 768w, https:\/\/sybir.bialystok.pl\/wp-content\/uploads\/2022\/06\/wstep-Duzy-467x467.png 467w, https:\/\/sybir.bialystok.pl\/wp-content\/uploads\/2022\/06\/wstep-Duzy.png 1080w\" sizes=\"auto, (max-width: 1024px) 100vw, 1024px\" \/><\/a><\/figure>\n<\/figure>\n\n\n\n<p><\/p>\n\n\n\n<p><a href=\"https:\/\/sybir.bialystok.pl\/en\/powstancy-zeslancy-syberyjska-sztafeta-pokolen-powstanie-listopadowe-i-zsylki-popowstaniowe\/\"><strong>\u201cInsurgents\u2014Exiles. Siberian relay race of generations. The November Uprising and the exiles after the uprising.\u201d<\/strong><\/a><\/p>\n\n\n\n<figure class=\"wp-block-gallery has-nested-images columns-default is-cropped wp-block-gallery-2 is-layout-flex wp-block-gallery-is-layout-flex\">\n<figure class=\"wp-block-image size-large\"><a href=\"https:\/\/sybir.bialystok.pl\/wp-content\/uploads\/2022\/06\/powstancy_plansza-1-Duzy.jpg\"><img loading=\"lazy\" decoding=\"async\" width=\"720\" height=\"1024\" data-id=\"13388\" src=\"https:\/\/sybir.bialystok.pl\/wp-content\/uploads\/2022\/06\/powstancy_plansza-1-Duzy-720x1024.jpg\" alt=\"\" class=\"wp-image-13388\" srcset=\"https:\/\/sybir.bialystok.pl\/wp-content\/uploads\/2022\/06\/powstancy_plansza-1-Duzy-720x1024.jpg 720w, https:\/\/sybir.bialystok.pl\/wp-content\/uploads\/2022\/06\/powstancy_plansza-1-Duzy-211x300.jpg 211w, https:\/\/sybir.bialystok.pl\/wp-content\/uploads\/2022\/06\/powstancy_plansza-1-Duzy.jpg 759w\" sizes=\"auto, (max-width: 720px) 100vw, 720px\" \/><\/a><\/figure>\n\n\n\n<figure class=\"wp-block-image size-large\"><a href=\"https:\/\/sybir.bialystok.pl\/wp-content\/uploads\/2022\/06\/powstancy_plansza-2-Duzy.jpg\"><img loading=\"lazy\" decoding=\"async\" width=\"720\" height=\"1024\" data-id=\"13391\" src=\"https:\/\/sybir.bialystok.pl\/wp-content\/uploads\/2022\/06\/powstancy_plansza-2-Duzy-720x1024.jpg\" alt=\"\" class=\"wp-image-13391\" srcset=\"https:\/\/sybir.bialystok.pl\/wp-content\/uploads\/2022\/06\/powstancy_plansza-2-Duzy-720x1024.jpg 720w, https:\/\/sybir.bialystok.pl\/wp-content\/uploads\/2022\/06\/powstancy_plansza-2-Duzy-211x300.jpg 211w, https:\/\/sybir.bialystok.pl\/wp-content\/uploads\/2022\/06\/powstancy_plansza-2-Duzy.jpg 759w\" sizes=\"auto, (max-width: 720px) 100vw, 720px\" \/><\/a><\/figure>\n\n\n\n<figure class=\"wp-block-image size-large\"><a href=\"https:\/\/sybir.bialystok.pl\/wp-content\/uploads\/2022\/06\/powstancy_plansza-3-Duzy.jpg\"><img loading=\"lazy\" decoding=\"async\" width=\"720\" height=\"1024\" data-id=\"13394\" src=\"https:\/\/sybir.bialystok.pl\/wp-content\/uploads\/2022\/06\/powstancy_plansza-3-Duzy-720x1024.jpg\" alt=\"\" class=\"wp-image-13394\" srcset=\"https:\/\/sybir.bialystok.pl\/wp-content\/uploads\/2022\/06\/powstancy_plansza-3-Duzy-720x1024.jpg 720w, https:\/\/sybir.bialystok.pl\/wp-content\/uploads\/2022\/06\/powstancy_plansza-3-Duzy-211x300.jpg 211w, https:\/\/sybir.bialystok.pl\/wp-content\/uploads\/2022\/06\/powstancy_plansza-3-Duzy.jpg 759w\" sizes=\"auto, (max-width: 720px) 100vw, 720px\" \/><\/a><\/figure>\n<\/figure>\n\n\n\n<p><\/p>\n\n\n\n<h4 class=\"wp-block-heading\"><a href=\"https:\/\/sybir.bialystok.pl\/en\/exhibition-sybir-in-pencil\/\" target=\"_blank\" rel=\"noreferrer noopener\">Exhibition &#8220;Sybir in pencil of Alina Maliszewska\u201d<\/a><\/h4>\n\n\n\n<figure class=\"wp-block-gallery has-nested-images columns-0 wp-block-gallery-3 is-layout-flex wp-block-gallery-is-layout-flex\">\n<figure class=\"wp-block-image size-large\"><a href=\"https:\/\/sybir.bialystok.pl\/wp-content\/uploads\/2021\/03\/Sybir-olowkiem-Aliny-Maliszewskiej-1024x390.png\"><img loading=\"lazy\" decoding=\"async\" width=\"1024\" height=\"390\" data-id=\"1775\" src=\"https:\/\/sybir.bialystok.pl\/wp-content\/uploads\/2021\/03\/Sybir-olowkiem-Aliny-Maliszewskiej-1024x390.png\" alt=\"\" class=\"wp-image-1775\" srcset=\"https:\/\/sybir.bialystok.pl\/wp-content\/uploads\/2021\/03\/Sybir-olowkiem-Aliny-Maliszewskiej-1024x390.png 1024w, https:\/\/sybir.bialystok.pl\/wp-content\/uploads\/2021\/03\/Sybir-olowkiem-Aliny-Maliszewskiej-300x114.png 300w, https:\/\/sybir.bialystok.pl\/wp-content\/uploads\/2021\/03\/Sybir-olowkiem-Aliny-Maliszewskiej-768x292.png 768w, https:\/\/sybir.bialystok.pl\/wp-content\/uploads\/2021\/03\/Sybir-olowkiem-Aliny-Maliszewskiej-1536x584.png 1536w, https:\/\/sybir.bialystok.pl\/wp-content\/uploads\/2021\/03\/Sybir-olowkiem-Aliny-Maliszewskiej-2048x779.png 2048w\" sizes=\"auto, (max-width: 1024px) 100vw, 1024px\" \/><\/a><\/figure>\n<\/figure>\n\n\n\n<div style=\"height:20px\" aria-hidden=\"true\" class=\"wp-block-spacer\"><\/div>\n\n\n\n<h4 class=\"wp-block-heading\"><a href=\"https:\/\/sybir.bialystok.pl\/en\/exhibition-polish-operation\/\" target=\"_blank\" rel=\"noreferrer noopener\">Exhibition &#8220;Polish Operation\u201d of NKVD 1937-1938<\/a><\/h4>\n\n\n\n<figure class=\"wp-block-gallery has-nested-images columns-default wp-block-gallery-4 is-layout-flex wp-block-gallery-is-layout-flex\">\n<figure class=\"wp-block-image size-large\"><a href=\"https:\/\/sybir.bialystok.pl\/wp-content\/uploads\/2021\/03\/Projekt-bez-tytulu-8-1024x390.png\"><img loading=\"lazy\" decoding=\"async\" width=\"1024\" height=\"390\" data-id=\"1766\" src=\"https:\/\/sybir.bialystok.pl\/wp-content\/uploads\/2021\/03\/Projekt-bez-tytulu-8-1024x390.png\" alt=\"\" class=\"wp-image-1766\" srcset=\"https:\/\/sybir.bialystok.pl\/wp-content\/uploads\/2021\/03\/Projekt-bez-tytulu-8-1024x390.png 1024w, https:\/\/sybir.bialystok.pl\/wp-content\/uploads\/2021\/03\/Projekt-bez-tytulu-8-300x114.png 300w, https:\/\/sybir.bialystok.pl\/wp-content\/uploads\/2021\/03\/Projekt-bez-tytulu-8-768x292.png 768w, https:\/\/sybir.bialystok.pl\/wp-content\/uploads\/2021\/03\/Projekt-bez-tytulu-8-1536x584.png 1536w, https:\/\/sybir.bialystok.pl\/wp-content\/uploads\/2021\/03\/Projekt-bez-tytulu-8-2048x779.png 2048w\" sizes=\"auto, (max-width: 1024px) 100vw, 1024px\" \/><\/a><\/figure>\n<\/figure>\n\n\n\n<div style=\"height:20px\" aria-hidden=\"true\" class=\"wp-block-spacer\"><\/div>\n\n\n\n<h4 class=\"wp-block-heading\"><a href=\"https:\/\/sybir.bialystok.pl\/en\/exhibition-from-deportation\/\" target=\"_blank\" rel=\"noreferrer noopener\">Exhibition &#8220;From deportation to the uplands of science. Polish explorers of Syberia\u201d<\/a><\/h4>\n\n\n\n<figure class=\"wp-block-gallery has-nested-images columns-default wp-block-gallery-5 is-layout-flex wp-block-gallery-is-layout-flex\">\n<figure class=\"wp-block-image size-large\"><a href=\"https:\/\/sybir.bialystok.pl\/wp-content\/uploads\/2021\/03\/Projekt-bez-tytulu-9-1024x390.png\"><img loading=\"lazy\" decoding=\"async\" width=\"1024\" height=\"390\" data-id=\"1772\" src=\"https:\/\/sybir.bialystok.pl\/wp-content\/uploads\/2021\/03\/Projekt-bez-tytulu-9-1024x390.png\" alt=\"\" class=\"wp-image-1772\" srcset=\"https:\/\/sybir.bialystok.pl\/wp-content\/uploads\/2021\/03\/Projekt-bez-tytulu-9-1024x390.png 1024w, https:\/\/sybir.bialystok.pl\/wp-content\/uploads\/2021\/03\/Projekt-bez-tytulu-9-300x114.png 300w, https:\/\/sybir.bialystok.pl\/wp-content\/uploads\/2021\/03\/Projekt-bez-tytulu-9-768x292.png 768w, https:\/\/sybir.bialystok.pl\/wp-content\/uploads\/2021\/03\/Projekt-bez-tytulu-9-1536x584.png 1536w, https:\/\/sybir.bialystok.pl\/wp-content\/uploads\/2021\/03\/Projekt-bez-tytulu-9-2048x779.png 2048w\" sizes=\"auto, (max-width: 1024px) 100vw, 1024px\" \/><\/a><\/figure>\n<\/figure>\n\n\n\n<div style=\"height:20px\" aria-hidden=\"true\" class=\"wp-block-spacer\"><\/div>\n\n\n\n<h4 class=\"wp-block-heading\"><a href=\"https:\/\/sybir.bialystok.pl\/en\/exhibition-pilsudski-independent\/\" target=\"_blank\" rel=\"noreferrer noopener\">Exhibition &#8220;Pi\u0142sudski \u2013 Independent \u2013 Sybir. The Sybir Memorial in the Independent\u201d<\/a><\/h4>\n\n\n\n<figure class=\"wp-block-gallery has-nested-images columns-default wp-block-gallery-6 is-layout-flex wp-block-gallery-is-layout-flex\">\n<figure class=\"wp-block-image size-large\"><a href=\"https:\/\/sybir.bialystok.pl\/wp-content\/uploads\/2021\/03\/Wystwa-Pilsudski-1024x390.png\"><img loading=\"lazy\" decoding=\"async\" width=\"1024\" height=\"390\" data-id=\"1769\" src=\"https:\/\/sybir.bialystok.pl\/wp-content\/uploads\/2021\/03\/Wystwa-Pilsudski-1024x390.png\" alt=\"\" class=\"wp-image-1769\" srcset=\"https:\/\/sybir.bialystok.pl\/wp-content\/uploads\/2021\/03\/Wystwa-Pilsudski-1024x390.png 1024w, https:\/\/sybir.bialystok.pl\/wp-content\/uploads\/2021\/03\/Wystwa-Pilsudski-300x114.png 300w, https:\/\/sybir.bialystok.pl\/wp-content\/uploads\/2021\/03\/Wystwa-Pilsudski-768x292.png 768w, https:\/\/sybir.bialystok.pl\/wp-content\/uploads\/2021\/03\/Wystwa-Pilsudski-1536x584.png 1536w, https:\/\/sybir.bialystok.pl\/wp-content\/uploads\/2021\/03\/Wystwa-Pilsudski-2048x779.png 2048w\" sizes=\"auto, (max-width: 1024px) 100vw, 1024px\" \/><\/a><\/figure>\n<\/figure>\n\n\n\n<div style=\"height:20px\" aria-hidden=\"true\" class=\"wp-block-spacer\"><\/div>\n\n\n\n<h4 class=\"wp-block-heading\"><a href=\"https:\/\/sybir.bialystok.pl\/en\/exhibition-through-sybir-to-the-independent\/\" target=\"_blank\" rel=\"noreferrer noopener\">Exhibition marking the 100th anniversary of regaining the independence: &#8220;Through Sybir to Independent \u2013 following Independent to Sybir\u201d<\/a><\/h4>\n\n\n\n<figure class=\"wp-block-gallery has-nested-images columns-default wp-block-gallery-7 is-layout-flex wp-block-gallery-is-layout-flex\">\n<figure class=\"wp-block-image size-large\"><a href=\"https:\/\/sybir.bialystok.pl\/wp-content\/uploads\/2021\/03\/Projekt-bez-tytulu-7-1024x390.png\"><img loading=\"lazy\" decoding=\"async\" width=\"1024\" height=\"390\" data-id=\"1763\" src=\"https:\/\/sybir.bialystok.pl\/wp-content\/uploads\/2021\/03\/Projekt-bez-tytulu-7-1024x390.png\" alt=\"\" class=\"wp-image-1763\" srcset=\"https:\/\/sybir.bialystok.pl\/wp-content\/uploads\/2021\/03\/Projekt-bez-tytulu-7-1024x390.png 1024w, https:\/\/sybir.bialystok.pl\/wp-content\/uploads\/2021\/03\/Projekt-bez-tytulu-7-300x114.png 300w, https:\/\/sybir.bialystok.pl\/wp-content\/uploads\/2021\/03\/Projekt-bez-tytulu-7-768x292.png 768w, https:\/\/sybir.bialystok.pl\/wp-content\/uploads\/2021\/03\/Projekt-bez-tytulu-7-1536x584.png 1536w, https:\/\/sybir.bialystok.pl\/wp-content\/uploads\/2021\/03\/Projekt-bez-tytulu-7-2048x779.png 2048w\" sizes=\"auto, (max-width: 1024px) 100vw, 1024px\" \/><\/a><\/figure>\n<\/figure>\n","protected":false},"excerpt":{"rendered":"<p>Do you want to spread the knowledge about the important events from the history of Poland? Rent one of our temporary exhibitions.<\/p>\n","protected":false},"author":1,"featured_media":1719,"parent":6154,"menu_order":1,"comment_status":"closed","ping_status":"closed","template":"","meta":{"_acf_changed":false,"_editorskit_title_hidden":false,"_editorskit_reading_time":0,"_editorskit_is_block_options_detached":false,"_editorskit_block_options_position":"{}","footnotes":""},"class_list":["post-6176","page","type-page","status-publish","has-post-thumbnail","hentry"],"acf":[],"yoast_head":"<!-- This site is optimized with the Yoast SEO plugin v24.6 - https:\/\/yoast.com\/wordpress\/plugins\/seo\/ -->\n<title>Rent an exhibition - Muzeum Pami\u0119ci Sybiru<\/title>\n<meta name=\"description\" content=\"Do you want to spread the knowledge about the important events from the history of Poland? Rent one of our temporary exhibitions.\" \/>\n<meta name=\"robots\" content=\"index, follow, max-snippet:-1, max-image-preview:large, max-video-preview:-1\" \/>\n<link rel=\"canonical\" href=\"https:\/\/sybir.bialystok.pl\/en\/cooperation\/rent-an-exhibition\/\" \/>\n<meta property=\"og:locale\" content=\"en_US\" \/>\n<meta property=\"og:type\" content=\"article\" \/>\n<meta property=\"og:title\" content=\"Rent an exhibition - Muzeum Pami\u0119ci Sybiru\" \/>\n<meta property=\"og:description\" content=\"Do you want to spread the knowledge about the important events from the history of Poland? Rent one of our temporary exhibitions.\" \/>\n<meta property=\"og:url\" content=\"https:\/\/sybir.bialystok.pl\/en\/cooperation\/rent-an-exhibition\/\" \/>\n<meta property=\"og:site_name\" content=\"Muzeum Pami\u0119ci Sybiru\" \/>\n<meta property=\"article:modified_time\" content=\"2026-02-03T15:51:44+00:00\" \/>\n<meta property=\"og:image\" content=\"https:\/\/sybir.bialystok.pl\/wp-content\/uploads\/2021\/03\/Sybir-olowkiem-Aliny-Maliszewskiej-1.jpg\" \/>\n\t<meta property=\"og:image:width\" content=\"1616\" \/>\n\t<meta property=\"og:image:height\" content=\"1080\" \/>\n\t<meta property=\"og:image:type\" content=\"image\/jpeg\" \/>\n<meta name=\"twitter:card\" content=\"summary_large_image\" \/>\n<meta name=\"twitter:label1\" content=\"Est. reading time\" \/>\n\t<meta name=\"twitter:data1\" content=\"3 minutes\" \/>\n<script type=\"application\/ld+json\" class=\"yoast-schema-graph\">{\"@context\":\"https:\/\/schema.org\",\"@graph\":[{\"@type\":\"WebPage\",\"@id\":\"https:\/\/sybir.bialystok.pl\/en\/cooperation\/rent-an-exhibition\/\",\"url\":\"https:\/\/sybir.bialystok.pl\/en\/cooperation\/rent-an-exhibition\/\",\"name\":\"Rent an exhibition - Muzeum Pami\u0119ci Sybiru\",\"isPartOf\":{\"@id\":\"https:\/\/sybir.bialystok.pl\/en\/#website\"},\"primaryImageOfPage\":{\"@id\":\"https:\/\/sybir.bialystok.pl\/en\/cooperation\/rent-an-exhibition\/#primaryimage\"},\"image\":{\"@id\":\"https:\/\/sybir.bialystok.pl\/en\/cooperation\/rent-an-exhibition\/#primaryimage\"},\"thumbnailUrl\":\"https:\/\/sybir.bialystok.pl\/wp-content\/uploads\/2021\/03\/Sybir-olowkiem-Aliny-Maliszewskiej-1.jpg\",\"datePublished\":\"2021-02-11T12:46:25+00:00\",\"dateModified\":\"2026-02-03T15:51:44+00:00\",\"description\":\"Do you want to spread the knowledge about the important events from the history of Poland? Rent one of our temporary exhibitions.\",\"breadcrumb\":{\"@id\":\"https:\/\/sybir.bialystok.pl\/en\/cooperation\/rent-an-exhibition\/#breadcrumb\"},\"inLanguage\":\"en-US\",\"potentialAction\":[{\"@type\":\"ReadAction\",\"target\":[\"https:\/\/sybir.bialystok.pl\/en\/cooperation\/rent-an-exhibition\/\"]}]},{\"@type\":\"ImageObject\",\"inLanguage\":\"en-US\",\"@id\":\"https:\/\/sybir.bialystok.pl\/en\/cooperation\/rent-an-exhibition\/#primaryimage\",\"url\":\"https:\/\/sybir.bialystok.pl\/wp-content\/uploads\/2021\/03\/Sybir-olowkiem-Aliny-Maliszewskiej-1.jpg\",\"contentUrl\":\"https:\/\/sybir.bialystok.pl\/wp-content\/uploads\/2021\/03\/Sybir-olowkiem-Aliny-Maliszewskiej-1.jpg\",\"width\":1616,\"height\":1080},{\"@type\":\"BreadcrumbList\",\"@id\":\"https:\/\/sybir.bialystok.pl\/en\/cooperation\/rent-an-exhibition\/#breadcrumb\",\"itemListElement\":[{\"@type\":\"ListItem\",\"position\":1,\"name\":\"Home page\",\"item\":\"https:\/\/sybir.bialystok.pl\/en\/\"},{\"@type\":\"ListItem\",\"position\":2,\"name\":\"Cooperation\",\"item\":\"https:\/\/sybir.bialystok.pl\/en\/cooperation\/\"},{\"@type\":\"ListItem\",\"position\":3,\"name\":\"Rent an exhibition\"}]},{\"@type\":\"WebSite\",\"@id\":\"https:\/\/sybir.bialystok.pl\/en\/#website\",\"url\":\"https:\/\/sybir.bialystok.pl\/en\/\",\"name\":\"Muzeum Pami\u0119ci Sybiru\",\"description\":\"Muzeum Pami\u0119ci Sybiru jest po\u015bwi\u0119cone ludziom, kt\u00f3rzy od ko\u0144ca XVI a\u017c do po\u0142owy XX wieku byli niewoleni i zsy\u0142ani w g\u0142\u0105b Rosji, a p\u00f3\u017aniej Zwi\u0105zku Sowieckiego, jak te\u017c tym, kt\u00f3rzy pod\u0105\u017cali tam dobrowolnie.\",\"potentialAction\":[{\"@type\":\"SearchAction\",\"target\":{\"@type\":\"EntryPoint\",\"urlTemplate\":\"https:\/\/sybir.bialystok.pl\/en\/?s={search_term_string}\"},\"query-input\":{\"@type\":\"PropertyValueSpecification\",\"valueRequired\":true,\"valueName\":\"search_term_string\"}}],\"inLanguage\":\"en-US\"}]}<\/script>\n<!-- \/ Yoast SEO plugin. -->","yoast_head_json":{"title":"Rent an exhibition - Muzeum Pami\u0119ci Sybiru","description":"Do you want to spread the knowledge about the important events from the history of Poland? Rent one of our temporary exhibitions.","robots":{"index":"index","follow":"follow","max-snippet":"max-snippet:-1","max-image-preview":"max-image-preview:large","max-video-preview":"max-video-preview:-1"},"canonical":"https:\/\/sybir.bialystok.pl\/en\/cooperation\/rent-an-exhibition\/","og_locale":"en_US","og_type":"article","og_title":"Rent an exhibition - Muzeum Pami\u0119ci Sybiru","og_description":"Do you want to spread the knowledge about the important events from the history of Poland? Rent one of our temporary exhibitions.","og_url":"https:\/\/sybir.bialystok.pl\/en\/cooperation\/rent-an-exhibition\/","og_site_name":"Muzeum Pami\u0119ci Sybiru","article_modified_time":"2026-02-03T15:51:44+00:00","og_image":[{"width":1616,"height":1080,"url":"https:\/\/sybir.bialystok.pl\/wp-content\/uploads\/2021\/03\/Sybir-olowkiem-Aliny-Maliszewskiej-1.jpg","type":"image\/jpeg"}],"twitter_card":"summary_large_image","twitter_misc":{"Est. reading time":"3 minutes"},"schema":{"@context":"https:\/\/schema.org","@graph":[{"@type":"WebPage","@id":"https:\/\/sybir.bialystok.pl\/en\/cooperation\/rent-an-exhibition\/","url":"https:\/\/sybir.bialystok.pl\/en\/cooperation\/rent-an-exhibition\/","name":"Rent an exhibition - Muzeum Pami\u0119ci Sybiru","isPartOf":{"@id":"https:\/\/sybir.bialystok.pl\/en\/#website"},"primaryImageOfPage":{"@id":"https:\/\/sybir.bialystok.pl\/en\/cooperation\/rent-an-exhibition\/#primaryimage"},"image":{"@id":"https:\/\/sybir.bialystok.pl\/en\/cooperation\/rent-an-exhibition\/#primaryimage"},"thumbnailUrl":"https:\/\/sybir.bialystok.pl\/wp-content\/uploads\/2021\/03\/Sybir-olowkiem-Aliny-Maliszewskiej-1.jpg","datePublished":"2021-02-11T12:46:25+00:00","dateModified":"2026-02-03T15:51:44+00:00","description":"Do you want to spread the knowledge about the important events from the history of Poland? Rent one of our temporary exhibitions.","breadcrumb":{"@id":"https:\/\/sybir.bialystok.pl\/en\/cooperation\/rent-an-exhibition\/#breadcrumb"},"inLanguage":"en-US","potentialAction":[{"@type":"ReadAction","target":["https:\/\/sybir.bialystok.pl\/en\/cooperation\/rent-an-exhibition\/"]}]},{"@type":"ImageObject","inLanguage":"en-US","@id":"https:\/\/sybir.bialystok.pl\/en\/cooperation\/rent-an-exhibition\/#primaryimage","url":"https:\/\/sybir.bialystok.pl\/wp-content\/uploads\/2021\/03\/Sybir-olowkiem-Aliny-Maliszewskiej-1.jpg","contentUrl":"https:\/\/sybir.bialystok.pl\/wp-content\/uploads\/2021\/03\/Sybir-olowkiem-Aliny-Maliszewskiej-1.jpg","width":1616,"height":1080},{"@type":"BreadcrumbList","@id":"https:\/\/sybir.bialystok.pl\/en\/cooperation\/rent-an-exhibition\/#breadcrumb","itemListElement":[{"@type":"ListItem","position":1,"name":"Home page","item":"https:\/\/sybir.bialystok.pl\/en\/"},{"@type":"ListItem","position":2,"name":"Cooperation","item":"https:\/\/sybir.bialystok.pl\/en\/cooperation\/"},{"@type":"ListItem","position":3,"name":"Rent an exhibition"}]},{"@type":"WebSite","@id":"https:\/\/sybir.bialystok.pl\/en\/#website","url":"https:\/\/sybir.bialystok.pl\/en\/","name":"Muzeum Pami\u0119ci Sybiru","description":"Muzeum Pami\u0119ci Sybiru jest po\u015bwi\u0119cone ludziom, kt\u00f3rzy od ko\u0144ca XVI a\u017c do po\u0142owy XX wieku byli niewoleni i zsy\u0142ani w g\u0142\u0105b Rosji, a p\u00f3\u017aniej Zwi\u0105zku Sowieckiego, jak te\u017c tym, kt\u00f3rzy pod\u0105\u017cali tam dobrowolnie.","potentialAction":[{"@type":"SearchAction","target":{"@type":"EntryPoint","urlTemplate":"https:\/\/sybir.bialystok.pl\/en\/?s={search_term_string}"},"query-input":{"@type":"PropertyValueSpecification","valueRequired":true,"valueName":"search_term_string"}}],"inLanguage":"en-US"}]}},"_links":{"self":[{"href":"https:\/\/sybir.bialystok.pl\/en\/wp-json\/wp\/v2\/pages\/6176","targetHints":{"allow":["GET"]}}],"collection":[{"href":"https:\/\/sybir.bialystok.pl\/en\/wp-json\/wp\/v2\/pages"}],"about":[{"href":"https:\/\/sybir.bialystok.pl\/en\/wp-json\/wp\/v2\/types\/page"}],"author":[{"embeddable":true,"href":"https:\/\/sybir.bialystok.pl\/en\/wp-json\/wp\/v2\/users\/1"}],"replies":[{"embeddable":true,"href":"https:\/\/sybir.bialystok.pl\/en\/wp-json\/wp\/v2\/comments?post=6176"}],"version-history":[{"count":7,"href":"https:\/\/sybir.bialystok.pl\/en\/wp-json\/wp\/v2\/pages\/6176\/revisions"}],"predecessor-version":[{"id":43723,"href":"https:\/\/sybir.bialystok.pl\/en\/wp-json\/wp\/v2\/pages\/6176\/revisions\/43723"}],"up":[{"embeddable":true,"href":"https:\/\/sybir.bialystok.pl\/en\/wp-json\/wp\/v2\/pages\/6154"}],"wp:featuredmedia":[{"embeddable":true,"href":"https:\/\/sybir.bialystok.pl\/en\/wp-json\/wp\/v2\/media\/1719"}],"wp:attachment":[{"href":"https:\/\/sybir.bialystok.pl\/en\/wp-json\/wp\/v2\/media?parent=6176"}],"curies":[{"name":"wp","href":"https:\/\/api.w.org\/{rel}","templated":true}]}}