{"id":6172,"date":"2021-02-11T14:02:50","date_gmt":"2021-02-11T13:02:50","guid":{"rendered":"https:\/\/sybir.bialystok.pl\/wspolpraca\/wynajem-sal-i-powierzchni\/"},"modified":"2021-08-06T14:12:31","modified_gmt":"2021-08-06T12:12:31","slug":"rooms-and-space-for-rent","status":"publish","type":"page","link":"https:\/\/sybir.bialystok.pl\/en\/cooperation\/rooms-and-space-for-rent\/","title":{"rendered":"Rooms and space for rent"},"content":{"rendered":"\n<h2 class=\"wp-block-heading\"><\/h2>\n\n\n\n<figure class=\"wp-block-gallery columns-1 is-cropped wp-block-gallery-1 is-layout-flex wp-block-gallery-is-layout-flex\"><ul class=\"blocks-gallery-grid\"><li class=\"blocks-gallery-item\"><figure><a href=\"https:\/\/sybir.bialystok.pl\/muzeum\/wspolpraca\/wynajem-sal-i-powierzchni\/wynajem-sal-i-powierzchni\/?lang=en\"><img loading=\"lazy\" decoding=\"async\" width=\"1024\" height=\"683\" src=\"https:\/\/sybir.bialystok.pl\/wp-content\/uploads\/2021\/05\/wynajem-sal-i-powierzchni-1024x683.jpg\" alt=\"\" data-id=\"5588\" data-full-url=\"https:\/\/sybir.bialystok.pl\/wp-content\/uploads\/2021\/05\/wynajem-sal-i-powierzchni.jpg\" data-link=\"https:\/\/sybir.bialystok.pl\/muzeum\/wspolpraca\/wynajem-sal-i-powierzchni\/wynajem-sal-i-powierzchni\/\" class=\"wp-image-5588\" srcset=\"https:\/\/sybir.bialystok.pl\/wp-content\/uploads\/2021\/05\/wynajem-sal-i-powierzchni-1024x683.jpg 1024w, https:\/\/sybir.bialystok.pl\/wp-content\/uploads\/2021\/05\/wynajem-sal-i-powierzchni-300x200.jpg 300w, https:\/\/sybir.bialystok.pl\/wp-content\/uploads\/2021\/05\/wynajem-sal-i-powierzchni-768x512.jpg 768w, https:\/\/sybir.bialystok.pl\/wp-content\/uploads\/2021\/05\/wynajem-sal-i-powierzchni.jpg 1152w\" sizes=\"auto, (max-width: 1024px) 100vw, 1024px\" \/><\/a><\/figure><\/li><\/ul><\/figure>\n\n\n\n<p>In the Sybir Memorial Museum there is a modern audiovisual room equipped with multimedia equipment, such as: professional sound system, high-quality projector, standing and wireless microphones and head microphones.<\/p>\n\n\n\n<p>The equipment also includes a simultaneous translation booth, which will allow you to organize an event also for foreign guests. The intelligent room management system allows you to adjust the type and intensity of lighting or the volume to the specificity of the event.<br><br>We also offer intimate educational rooms where you can organize, among others school workshops, workshops for individual organized groups or classes on Sybir for adult audiences.<\/p>\n\n\n\n<p>The high standard of equipment, attractive decor and numerous arrangement options will allow you to organize a professional bespoke event.<\/p>\n\n\n\n<h2 class=\"wp-block-heading\">INFORMATION ABOUT ROOM RENTAL POSSIBILITIES COMING SOON!<\/h2>\n","protected":false},"excerpt":{"rendered":"<p>The high standard of equipment, attractive decor and numerous arrangement options will allow you to organize a professional event.<\/p>\n","protected":false},"author":2,"featured_media":10226,"parent":6154,"menu_order":3,"comment_status":"closed","ping_status":"closed","template":"","meta":{"_acf_changed":false,"_editorskit_title_hidden":false,"_editorskit_reading_time":0,"_editorskit_is_block_options_detached":false,"_editorskit_block_options_position":"{}","footnotes":""},"class_list":["post-6172","page","type-page","status-publish","has-post-thumbnail","hentry"],"acf":[],"yoast_head":"<!-- This site is optimized with the Yoast SEO plugin v24.6 - https:\/\/yoast.com\/wordpress\/plugins\/seo\/ -->\n<title>Rooms and space for rent - Muzeum Pami\u0119ci Sybiru<\/title>\n<meta name=\"description\" content=\"The high standard of equipment, attractive decor and numerous arrangement options will allow you to organize a professional event.\" \/>\n<meta name=\"robots\" content=\"index, follow, max-snippet:-1, max-image-preview:large, max-video-preview:-1\" \/>\n<link rel=\"canonical\" href=\"https:\/\/sybir.bialystok.pl\/en\/cooperation\/rooms-and-space-for-rent\/\" \/>\n<meta property=\"og:locale\" content=\"en_US\" \/>\n<meta property=\"og:type\" content=\"article\" \/>\n<meta property=\"og:title\" content=\"Rooms and space for rent - Muzeum Pami\u0119ci Sybiru\" \/>\n<meta property=\"og:description\" content=\"The high standard of equipment, attractive decor and numerous arrangement options will allow you to organize a professional event.\" \/>\n<meta property=\"og:url\" content=\"https:\/\/sybir.bialystok.pl\/en\/cooperation\/rooms-and-space-for-rent\/\" \/>\n<meta property=\"og:site_name\" content=\"Muzeum Pami\u0119ci Sybiru\" \/>\n<meta property=\"article:modified_time\" content=\"2021-08-06T12:12:31+00:00\" \/>\n<meta property=\"og:image\" content=\"https:\/\/sybir.bialystok.pl\/wp-content\/uploads\/2021\/10\/SALA-AUDIO.jpg\" \/>\n\t<meta property=\"og:image:width\" content=\"1152\" \/>\n\t<meta property=\"og:image:height\" content=\"768\" \/>\n\t<meta property=\"og:image:type\" content=\"image\/jpeg\" \/>\n<meta name=\"twitter:card\" content=\"summary_large_image\" \/>\n<meta name=\"twitter:label1\" content=\"Est. reading time\" \/>\n\t<meta name=\"twitter:data1\" content=\"1 minute\" \/>\n<script type=\"application\/ld+json\" class=\"yoast-schema-graph\">{\"@context\":\"https:\/\/schema.org\",\"@graph\":[{\"@type\":\"WebPage\",\"@id\":\"https:\/\/sybir.bialystok.pl\/en\/cooperation\/rooms-and-space-for-rent\/\",\"url\":\"https:\/\/sybir.bialystok.pl\/en\/cooperation\/rooms-and-space-for-rent\/\",\"name\":\"Rooms and space for rent - Muzeum Pami\u0119ci Sybiru\",\"isPartOf\":{\"@id\":\"https:\/\/sybir.bialystok.pl\/en\/#website\"},\"primaryImageOfPage\":{\"@id\":\"https:\/\/sybir.bialystok.pl\/en\/cooperation\/rooms-and-space-for-rent\/#primaryimage\"},\"image\":{\"@id\":\"https:\/\/sybir.bialystok.pl\/en\/cooperation\/rooms-and-space-for-rent\/#primaryimage\"},\"thumbnailUrl\":\"https:\/\/sybir.bialystok.pl\/wp-content\/uploads\/2021\/10\/SALA-AUDIO.jpg\",\"datePublished\":\"2021-02-11T13:02:50+00:00\",\"dateModified\":\"2021-08-06T12:12:31+00:00\",\"description\":\"The high standard of equipment, attractive decor and numerous arrangement options will allow you to organize a professional event.\",\"breadcrumb\":{\"@id\":\"https:\/\/sybir.bialystok.pl\/en\/cooperation\/rooms-and-space-for-rent\/#breadcrumb\"},\"inLanguage\":\"en-US\",\"potentialAction\":[{\"@type\":\"ReadAction\",\"target\":[\"https:\/\/sybir.bialystok.pl\/en\/cooperation\/rooms-and-space-for-rent\/\"]}]},{\"@type\":\"ImageObject\",\"inLanguage\":\"en-US\",\"@id\":\"https:\/\/sybir.bialystok.pl\/en\/cooperation\/rooms-and-space-for-rent\/#primaryimage\",\"url\":\"https:\/\/sybir.bialystok.pl\/wp-content\/uploads\/2021\/10\/SALA-AUDIO.jpg\",\"contentUrl\":\"https:\/\/sybir.bialystok.pl\/wp-content\/uploads\/2021\/10\/SALA-AUDIO.jpg\",\"width\":1152,\"height\":768},{\"@type\":\"BreadcrumbList\",\"@id\":\"https:\/\/sybir.bialystok.pl\/en\/cooperation\/rooms-and-space-for-rent\/#breadcrumb\",\"itemListElement\":[{\"@type\":\"ListItem\",\"position\":1,\"name\":\"Home page\",\"item\":\"https:\/\/sybir.bialystok.pl\/en\/\"},{\"@type\":\"ListItem\",\"position\":2,\"name\":\"Cooperation\",\"item\":\"https:\/\/sybir.bialystok.pl\/en\/cooperation\/\"},{\"@type\":\"ListItem\",\"position\":3,\"name\":\"Rooms and space for rent\"}]},{\"@type\":\"WebSite\",\"@id\":\"https:\/\/sybir.bialystok.pl\/en\/#website\",\"url\":\"https:\/\/sybir.bialystok.pl\/en\/\",\"name\":\"Muzeum Pami\u0119ci Sybiru\",\"description\":\"Muzeum Pami\u0119ci Sybiru jest po\u015bwi\u0119cone ludziom, kt\u00f3rzy od ko\u0144ca XVI a\u017c do po\u0142owy XX wieku byli niewoleni i zsy\u0142ani w g\u0142\u0105b Rosji, a p\u00f3\u017aniej Zwi\u0105zku Sowieckiego, jak te\u017c tym, kt\u00f3rzy pod\u0105\u017cali tam dobrowolnie.\",\"potentialAction\":[{\"@type\":\"SearchAction\",\"target\":{\"@type\":\"EntryPoint\",\"urlTemplate\":\"https:\/\/sybir.bialystok.pl\/en\/?s={search_term_string}\"},\"query-input\":{\"@type\":\"PropertyValueSpecification\",\"valueRequired\":true,\"valueName\":\"search_term_string\"}}],\"inLanguage\":\"en-US\"}]}<\/script>\n<!-- \/ Yoast SEO plugin. -->","yoast_head_json":{"title":"Rooms and space for rent - Muzeum Pami\u0119ci Sybiru","description":"The high standard of equipment, attractive decor and numerous arrangement options will allow you to organize a professional event.","robots":{"index":"index","follow":"follow","max-snippet":"max-snippet:-1","max-image-preview":"max-image-preview:large","max-video-preview":"max-video-preview:-1"},"canonical":"https:\/\/sybir.bialystok.pl\/en\/cooperation\/rooms-and-space-for-rent\/","og_locale":"en_US","og_type":"article","og_title":"Rooms and space for rent - Muzeum Pami\u0119ci Sybiru","og_description":"The high standard of equipment, attractive decor and numerous arrangement options will allow you to organize a professional event.","og_url":"https:\/\/sybir.bialystok.pl\/en\/cooperation\/rooms-and-space-for-rent\/","og_site_name":"Muzeum Pami\u0119ci Sybiru","article_modified_time":"2021-08-06T12:12:31+00:00","og_image":[{"width":1152,"height":768,"url":"https:\/\/sybir.bialystok.pl\/wp-content\/uploads\/2021\/10\/SALA-AUDIO.jpg","type":"image\/jpeg"}],"twitter_card":"summary_large_image","twitter_misc":{"Est. reading time":"1 minute"},"schema":{"@context":"https:\/\/schema.org","@graph":[{"@type":"WebPage","@id":"https:\/\/sybir.bialystok.pl\/en\/cooperation\/rooms-and-space-for-rent\/","url":"https:\/\/sybir.bialystok.pl\/en\/cooperation\/rooms-and-space-for-rent\/","name":"Rooms and space for rent - Muzeum Pami\u0119ci Sybiru","isPartOf":{"@id":"https:\/\/sybir.bialystok.pl\/en\/#website"},"primaryImageOfPage":{"@id":"https:\/\/sybir.bialystok.pl\/en\/cooperation\/rooms-and-space-for-rent\/#primaryimage"},"image":{"@id":"https:\/\/sybir.bialystok.pl\/en\/cooperation\/rooms-and-space-for-rent\/#primaryimage"},"thumbnailUrl":"https:\/\/sybir.bialystok.pl\/wp-content\/uploads\/2021\/10\/SALA-AUDIO.jpg","datePublished":"2021-02-11T13:02:50+00:00","dateModified":"2021-08-06T12:12:31+00:00","description":"The high standard of equipment, attractive decor and numerous arrangement options will allow you to organize a professional event.","breadcrumb":{"@id":"https:\/\/sybir.bialystok.pl\/en\/cooperation\/rooms-and-space-for-rent\/#breadcrumb"},"inLanguage":"en-US","potentialAction":[{"@type":"ReadAction","target":["https:\/\/sybir.bialystok.pl\/en\/cooperation\/rooms-and-space-for-rent\/"]}]},{"@type":"ImageObject","inLanguage":"en-US","@id":"https:\/\/sybir.bialystok.pl\/en\/cooperation\/rooms-and-space-for-rent\/#primaryimage","url":"https:\/\/sybir.bialystok.pl\/wp-content\/uploads\/2021\/10\/SALA-AUDIO.jpg","contentUrl":"https:\/\/sybir.bialystok.pl\/wp-content\/uploads\/2021\/10\/SALA-AUDIO.jpg","width":1152,"height":768},{"@type":"BreadcrumbList","@id":"https:\/\/sybir.bialystok.pl\/en\/cooperation\/rooms-and-space-for-rent\/#breadcrumb","itemListElement":[{"@type":"ListItem","position":1,"name":"Home page","item":"https:\/\/sybir.bialystok.pl\/en\/"},{"@type":"ListItem","position":2,"name":"Cooperation","item":"https:\/\/sybir.bialystok.pl\/en\/cooperation\/"},{"@type":"ListItem","position":3,"name":"Rooms and space for rent"}]},{"@type":"WebSite","@id":"https:\/\/sybir.bialystok.pl\/en\/#website","url":"https:\/\/sybir.bialystok.pl\/en\/","name":"Muzeum Pami\u0119ci Sybiru","description":"Muzeum Pami\u0119ci Sybiru jest po\u015bwi\u0119cone ludziom, kt\u00f3rzy od ko\u0144ca XVI a\u017c do po\u0142owy XX wieku byli niewoleni i zsy\u0142ani w g\u0142\u0105b Rosji, a p\u00f3\u017aniej Zwi\u0105zku Sowieckiego, jak te\u017c tym, kt\u00f3rzy pod\u0105\u017cali tam dobrowolnie.","potentialAction":[{"@type":"SearchAction","target":{"@type":"EntryPoint","urlTemplate":"https:\/\/sybir.bialystok.pl\/en\/?s={search_term_string}"},"query-input":{"@type":"PropertyValueSpecification","valueRequired":true,"valueName":"search_term_string"}}],"inLanguage":"en-US"}]}},"_links":{"self":[{"href":"https:\/\/sybir.bialystok.pl\/en\/wp-json\/wp\/v2\/pages\/6172","targetHints":{"allow":["GET"]}}],"collection":[{"href":"https:\/\/sybir.bialystok.pl\/en\/wp-json\/wp\/v2\/pages"}],"about":[{"href":"https:\/\/sybir.bialystok.pl\/en\/wp-json\/wp\/v2\/types\/page"}],"author":[{"embeddable":true,"href":"https:\/\/sybir.bialystok.pl\/en\/wp-json\/wp\/v2\/users\/2"}],"replies":[{"embeddable":true,"href":"https:\/\/sybir.bialystok.pl\/en\/wp-json\/wp\/v2\/comments?post=6172"}],"version-history":[{"count":2,"href":"https:\/\/sybir.bialystok.pl\/en\/wp-json\/wp\/v2\/pages\/6172\/revisions"}],"predecessor-version":[{"id":6643,"href":"https:\/\/sybir.bialystok.pl\/en\/wp-json\/wp\/v2\/pages\/6172\/revisions\/6643"}],"up":[{"embeddable":true,"href":"https:\/\/sybir.bialystok.pl\/en\/wp-json\/wp\/v2\/pages\/6154"}],"wp:featuredmedia":[{"embeddable":true,"href":"https:\/\/sybir.bialystok.pl\/en\/wp-json\/wp\/v2\/media\/10226"}],"wp:attachment":[{"href":"https:\/\/sybir.bialystok.pl\/en\/wp-json\/wp\/v2\/media?parent=6172"}],"curies":[{"name":"wp","href":"https:\/\/api.w.org\/{rel}","templated":true}]}}