{"id":6163,"date":"2021-04-07T09:22:40","date_gmt":"2021-04-07T07:22:40","guid":{"rendered":"https:\/\/sybir.bialystok.pl\/wspolpraca\/udostepnianie-zbiorow\/"},"modified":"2021-08-06T14:13:17","modified_gmt":"2021-08-06T12:13:17","slug":"sharing-collections","status":"publish","type":"page","link":"https:\/\/sybir.bialystok.pl\/en\/cooperation\/sharing-collections\/","title":{"rendered":"Sharing collections"},"content":{"rendered":"\n<figure class=\"wp-block-gallery columns-3 is-cropped wp-block-gallery-1 is-layout-flex wp-block-gallery-is-layout-flex\"><ul class=\"blocks-gallery-grid\"><li class=\"blocks-gallery-item\"><figure><a href=\"https:\/\/sybir.bialystok.pl\/exhibit\/maszyna-do-szycia-rodziny-sitarskich\/maszyna-do-szycia-anny-sitarskiej_mps_171\/\"><img loading=\"lazy\" decoding=\"async\" width=\"590\" height=\"376\" src=\"https:\/\/sybir.bialystok.pl\/wp-content\/uploads\/2020\/11\/maszyna-do-szycia-Anny-Sitarskiej_MPS_171.png\" alt=\"\" data-id=\"1444\" data-full-url=\"https:\/\/sybir.bialystok.pl\/wp-content\/uploads\/2020\/11\/maszyna-do-szycia-Anny-Sitarskiej_MPS_171.png\" data-link=\"https:\/\/sybir.bialystok.pl\/exhibit\/maszyna-do-szycia-rodziny-sitarskich\/maszyna-do-szycia-anny-sitarskiej_mps_171\/\" class=\"wp-image-1444\" srcset=\"https:\/\/sybir.bialystok.pl\/wp-content\/uploads\/2020\/11\/maszyna-do-szycia-Anny-Sitarskiej_MPS_171.png 590w, https:\/\/sybir.bialystok.pl\/wp-content\/uploads\/2020\/11\/maszyna-do-szycia-Anny-Sitarskiej_MPS_171-300x191.png 300w\" sizes=\"auto, (max-width: 590px) 100vw, 590px\" \/><\/a><\/figure><\/li><li class=\"blocks-gallery-item\"><figure><a href=\"https:\/\/sybir.bialystok.pl\/wesprzyj-muzeum\/przekaz-eksponat\/dsc_0123\/?lang=en\"><img loading=\"lazy\" decoding=\"async\" width=\"1024\" height=\"683\" src=\"https:\/\/sybir.bialystok.pl\/wp-content\/uploads\/2021\/02\/DSC_0123-1024x683.jpg\" alt=\"\" data-id=\"1340\" data-full-url=\"https:\/\/sybir.bialystok.pl\/wp-content\/uploads\/2021\/02\/DSC_0123-scaled.jpg\" data-link=\"https:\/\/sybir.bialystok.pl\/wesprzyj-muzeum\/przekaz-eksponat\/dsc_0123\/\" class=\"wp-image-1340\" srcset=\"https:\/\/sybir.bialystok.pl\/wp-content\/uploads\/2021\/02\/DSC_0123-1024x683.jpg 1024w, https:\/\/sybir.bialystok.pl\/wp-content\/uploads\/2021\/02\/DSC_0123-300x200.jpg 300w, https:\/\/sybir.bialystok.pl\/wp-content\/uploads\/2021\/02\/DSC_0123-768x512.jpg 768w, https:\/\/sybir.bialystok.pl\/wp-content\/uploads\/2021\/02\/DSC_0123-1536x1024.jpg 1536w, https:\/\/sybir.bialystok.pl\/wp-content\/uploads\/2021\/02\/DSC_0123-2048x1365.jpg 2048w\" sizes=\"auto, (max-width: 1024px) 100vw, 1024px\" \/><\/a><\/figure><\/li><li class=\"blocks-gallery-item\"><figure><a href=\"https:\/\/sybir.bialystok.pl\/exhibit\/chusta-prof-smulkowej\/papierosnica_jana_gordona_mps_16\/\"><img loading=\"lazy\" decoding=\"async\" width=\"590\" height=\"376\" src=\"https:\/\/sybir.bialystok.pl\/wp-content\/uploads\/2020\/11\/Papierosnica_Jana_Gordona_MPS_16.png\" alt=\"\" data-id=\"1374\" data-full-url=\"https:\/\/sybir.bialystok.pl\/wp-content\/uploads\/2020\/11\/Papierosnica_Jana_Gordona_MPS_16.png\" data-link=\"https:\/\/sybir.bialystok.pl\/exhibit\/chusta-prof-smulkowej\/papierosnica_jana_gordona_mps_16\/\" class=\"wp-image-1374\" srcset=\"https:\/\/sybir.bialystok.pl\/wp-content\/uploads\/2020\/11\/Papierosnica_Jana_Gordona_MPS_16.png 590w, https:\/\/sybir.bialystok.pl\/wp-content\/uploads\/2020\/11\/Papierosnica_Jana_Gordona_MPS_16-300x191.png 300w\" sizes=\"auto, (max-width: 590px) 100vw, 590px\" \/><\/a><\/figure><\/li><\/ul><\/figure>\n\n\n\n<div style=\"height:20px\" aria-hidden=\"true\" class=\"wp-block-spacer\"><\/div>\n\n\n\n<p>We offer the possibility of conducting a query in our collections. After meeting certain conditions (see them below), we will provide you with digital images of the collections, and we will also borrow items from the museum collection.<\/p>\n\n\n\n<p><strong>Materials to download:<\/strong><\/p>\n\n\n\n<p>Regulations for querying and sharing digital images of the collections of the Sybir Memorial Museum.<\/p>\n\n\n\n<p>Regulations for sharing the collections of the Sybir Memorial Museum.<\/p>\n\n\n\n<figure class=\"wp-block-gallery columns-3 is-cropped wp-block-gallery-2 is-layout-flex wp-block-gallery-is-layout-flex\"><ul class=\"blocks-gallery-grid\"><li class=\"blocks-gallery-item\"><figure><a href=\"https:\/\/sybir.bialystok.pl\/?attachment_id=3434\"><img loading=\"lazy\" decoding=\"async\" width=\"1024\" height=\"683\" src=\"https:\/\/sybir.bialystok.pl\/wp-content\/uploads\/2021\/04\/DSC_0171-1-1024x683.jpg\" alt=\"\" data-id=\"3434\" data-full-url=\"https:\/\/sybir.bialystok.pl\/wp-content\/uploads\/2021\/04\/DSC_0171-1-scaled.jpg\" data-link=\"https:\/\/sybir.bialystok.pl\/?attachment_id=3434\" class=\"wp-image-3434\" srcset=\"https:\/\/sybir.bialystok.pl\/wp-content\/uploads\/2021\/04\/DSC_0171-1-1024x683.jpg 1024w, https:\/\/sybir.bialystok.pl\/wp-content\/uploads\/2021\/04\/DSC_0171-1-300x200.jpg 300w, https:\/\/sybir.bialystok.pl\/wp-content\/uploads\/2021\/04\/DSC_0171-1-768x512.jpg 768w, https:\/\/sybir.bialystok.pl\/wp-content\/uploads\/2021\/04\/DSC_0171-1-1536x1024.jpg 1536w, https:\/\/sybir.bialystok.pl\/wp-content\/uploads\/2021\/04\/DSC_0171-1-2048x1365.jpg 2048w\" sizes=\"auto, (max-width: 1024px) 100vw, 1024px\" \/><\/a><\/figure><\/li><li class=\"blocks-gallery-item\"><figure><a href=\"https:\/\/sybir.bialystok.pl\/?attachment_id=3412\"><img loading=\"lazy\" decoding=\"async\" width=\"1024\" height=\"683\" src=\"https:\/\/sybir.bialystok.pl\/wp-content\/uploads\/2021\/04\/DSC_0479-1024x683.jpg\" alt=\"\" data-id=\"3412\" data-full-url=\"https:\/\/sybir.bialystok.pl\/wp-content\/uploads\/2021\/04\/DSC_0479-scaled.jpg\" data-link=\"https:\/\/sybir.bialystok.pl\/?attachment_id=3412\" class=\"wp-image-3412\" srcset=\"https:\/\/sybir.bialystok.pl\/wp-content\/uploads\/2021\/04\/DSC_0479-1024x683.jpg 1024w, https:\/\/sybir.bialystok.pl\/wp-content\/uploads\/2021\/04\/DSC_0479-300x200.jpg 300w, https:\/\/sybir.bialystok.pl\/wp-content\/uploads\/2021\/04\/DSC_0479-768x512.jpg 768w, https:\/\/sybir.bialystok.pl\/wp-content\/uploads\/2021\/04\/DSC_0479-1536x1024.jpg 1536w, https:\/\/sybir.bialystok.pl\/wp-content\/uploads\/2021\/04\/DSC_0479-2048x1365.jpg 2048w\" sizes=\"auto, (max-width: 1024px) 100vw, 1024px\" \/><\/a><\/figure><\/li><li class=\"blocks-gallery-item\"><figure><a href=\"https:\/\/sybir.bialystok.pl\/?attachment_id=3428\"><img loading=\"lazy\" decoding=\"async\" width=\"1024\" height=\"683\" src=\"https:\/\/sybir.bialystok.pl\/wp-content\/uploads\/2021\/04\/DSC_0616-1024x683.jpg\" alt=\"\" data-id=\"3428\" data-full-url=\"https:\/\/sybir.bialystok.pl\/wp-content\/uploads\/2021\/04\/DSC_0616-scaled.jpg\" data-link=\"https:\/\/sybir.bialystok.pl\/?attachment_id=3428\" class=\"wp-image-3428\" srcset=\"https:\/\/sybir.bialystok.pl\/wp-content\/uploads\/2021\/04\/DSC_0616-1024x683.jpg 1024w, https:\/\/sybir.bialystok.pl\/wp-content\/uploads\/2021\/04\/DSC_0616-300x200.jpg 300w, https:\/\/sybir.bialystok.pl\/wp-content\/uploads\/2021\/04\/DSC_0616-768x512.jpg 768w, https:\/\/sybir.bialystok.pl\/wp-content\/uploads\/2021\/04\/DSC_0616-1536x1024.jpg 1536w, https:\/\/sybir.bialystok.pl\/wp-content\/uploads\/2021\/04\/DSC_0616-2048x1365.jpg 2048w\" sizes=\"auto, (max-width: 1024px) 100vw, 1024px\" \/><\/a><\/figure><\/li><li class=\"blocks-gallery-item\"><figure><a href=\"https:\/\/sybir.bialystok.pl\/?attachment_id=3409\"><img loading=\"lazy\" decoding=\"async\" width=\"1024\" height=\"683\" src=\"https:\/\/sybir.bialystok.pl\/wp-content\/uploads\/2021\/04\/DSC_0208-1024x683.jpg\" alt=\"\" data-id=\"3409\" data-full-url=\"https:\/\/sybir.bialystok.pl\/wp-content\/uploads\/2021\/04\/DSC_0208-scaled.jpg\" data-link=\"https:\/\/sybir.bialystok.pl\/?attachment_id=3409\" class=\"wp-image-3409\" srcset=\"https:\/\/sybir.bialystok.pl\/wp-content\/uploads\/2021\/04\/DSC_0208-1024x683.jpg 1024w, https:\/\/sybir.bialystok.pl\/wp-content\/uploads\/2021\/04\/DSC_0208-300x200.jpg 300w, https:\/\/sybir.bialystok.pl\/wp-content\/uploads\/2021\/04\/DSC_0208-768x512.jpg 768w, https:\/\/sybir.bialystok.pl\/wp-content\/uploads\/2021\/04\/DSC_0208-1536x1024.jpg 1536w, https:\/\/sybir.bialystok.pl\/wp-content\/uploads\/2021\/04\/DSC_0208-2048x1365.jpg 2048w\" sizes=\"auto, (max-width: 1024px) 100vw, 1024px\" \/><\/a><\/figure><\/li><li class=\"blocks-gallery-item\"><figure><a href=\"https:\/\/sybir.bialystok.pl\/exhibit\/fajka-jana-cieplaka\/fajka-jana-cieplaka-2\/\"><img loading=\"lazy\" decoding=\"async\" width=\"1024\" height=\"683\" src=\"https:\/\/sybir.bialystok.pl\/wp-content\/uploads\/2021\/03\/Fajka-Jana-Cieplaka-2-1024x683.jpg\" alt=\"\" data-id=\"2431\" data-full-url=\"https:\/\/sybir.bialystok.pl\/wp-content\/uploads\/2021\/03\/Fajka-Jana-Cieplaka-2.jpg\" data-link=\"https:\/\/sybir.bialystok.pl\/exhibit\/fajka-jana-cieplaka\/fajka-jana-cieplaka-2\/\" class=\"wp-image-2431\" srcset=\"https:\/\/sybir.bialystok.pl\/wp-content\/uploads\/2021\/03\/Fajka-Jana-Cieplaka-2-1024x683.jpg 1024w, https:\/\/sybir.bialystok.pl\/wp-content\/uploads\/2021\/03\/Fajka-Jana-Cieplaka-2-300x200.jpg 300w, https:\/\/sybir.bialystok.pl\/wp-content\/uploads\/2021\/03\/Fajka-Jana-Cieplaka-2-768x512.jpg 768w, https:\/\/sybir.bialystok.pl\/wp-content\/uploads\/2021\/03\/Fajka-Jana-Cieplaka-2.jpg 1152w\" sizes=\"auto, (max-width: 1024px) 100vw, 1024px\" \/><\/a><\/figure><\/li><li class=\"blocks-gallery-item\"><figure><a href=\"https:\/\/sybir.bialystok.pl\/exhibit\/zofia-gacinska-i-jan-gacinski-z-rodzina\/medalik-dwuczesciowy-z-wizerunkiem-matki-boskiej-loretanskiej_mps_285\/\"><img loading=\"lazy\" decoding=\"async\" width=\"590\" height=\"376\" src=\"https:\/\/sybir.bialystok.pl\/wp-content\/uploads\/2020\/11\/Medalik-dwuczesciowy-z-wizerunkiem-Matki-Boskiej-Loretanskiej_MPS_285.png\" alt=\"\" data-id=\"1408\" data-full-url=\"https:\/\/sybir.bialystok.pl\/wp-content\/uploads\/2020\/11\/Medalik-dwuczesciowy-z-wizerunkiem-Matki-Boskiej-Loretanskiej_MPS_285.png\" data-link=\"https:\/\/sybir.bialystok.pl\/exhibit\/zofia-gacinska-i-jan-gacinski-z-rodzina\/medalik-dwuczesciowy-z-wizerunkiem-matki-boskiej-loretanskiej_mps_285\/\" class=\"wp-image-1408\" srcset=\"https:\/\/sybir.bialystok.pl\/wp-content\/uploads\/2020\/11\/Medalik-dwuczesciowy-z-wizerunkiem-Matki-Boskiej-Loretanskiej_MPS_285.png 590w, https:\/\/sybir.bialystok.pl\/wp-content\/uploads\/2020\/11\/Medalik-dwuczesciowy-z-wizerunkiem-Matki-Boskiej-Loretanskiej_MPS_285-300x191.png 300w\" sizes=\"auto, (max-width: 590px) 100vw, 590px\" \/><\/a><\/figure><\/li><\/ul><\/figure>\n\n\n\n<p><\/p>\n","protected":false},"excerpt":{"rendered":"<p>Our exhibits are accessible. Use them online, order a digital copy or rent them.<\/p>\n","protected":false},"author":1,"featured_media":4309,"parent":6154,"menu_order":3,"comment_status":"closed","ping_status":"closed","template":"","meta":{"_acf_changed":false,"_editorskit_title_hidden":false,"_editorskit_reading_time":0,"_editorskit_is_block_options_detached":false,"_editorskit_block_options_position":"{}","footnotes":""},"class_list":["post-6163","page","type-page","status-publish","has-post-thumbnail","hentry"],"acf":[],"yoast_head":"<!-- This site is optimized with the Yoast SEO plugin v24.6 - https:\/\/yoast.com\/wordpress\/plugins\/seo\/ -->\n<title>Sharing collections - Muzeum Pami\u0119ci Sybiru<\/title>\n<meta name=\"description\" content=\"Our exhibits are accessible. Use them online, order a digital copy or rent them.\" \/>\n<meta name=\"robots\" content=\"index, follow, max-snippet:-1, max-image-preview:large, max-video-preview:-1\" \/>\n<link rel=\"canonical\" href=\"https:\/\/sybir.bialystok.pl\/en\/cooperation\/sharing-collections\/\" \/>\n<meta property=\"og:locale\" content=\"en_US\" \/>\n<meta property=\"og:type\" content=\"article\" \/>\n<meta property=\"og:title\" content=\"Sharing collections - Muzeum Pami\u0119ci Sybiru\" \/>\n<meta property=\"og:description\" content=\"Our exhibits are accessible. Use them online, order a digital copy or rent them.\" \/>\n<meta property=\"og:url\" content=\"https:\/\/sybir.bialystok.pl\/en\/cooperation\/sharing-collections\/\" \/>\n<meta property=\"og:site_name\" content=\"Muzeum Pami\u0119ci Sybiru\" \/>\n<meta property=\"article:modified_time\" content=\"2021-08-06T12:13:17+00:00\" \/>\n<meta property=\"og:image\" content=\"https:\/\/sybir.bialystok.pl\/wp-content\/uploads\/2021\/04\/Eksponat-7-2-Sredni.jpg\" \/>\n\t<meta property=\"og:image:width\" content=\"1154\" \/>\n\t<meta property=\"og:image:height\" content=\"768\" \/>\n\t<meta property=\"og:image:type\" content=\"image\/jpeg\" \/>\n<meta name=\"twitter:card\" content=\"summary_large_image\" \/>\n<meta name=\"twitter:label1\" content=\"Est. reading time\" \/>\n\t<meta name=\"twitter:data1\" content=\"3 minutes\" \/>\n<script type=\"application\/ld+json\" class=\"yoast-schema-graph\">{\"@context\":\"https:\/\/schema.org\",\"@graph\":[{\"@type\":\"WebPage\",\"@id\":\"https:\/\/sybir.bialystok.pl\/en\/cooperation\/sharing-collections\/\",\"url\":\"https:\/\/sybir.bialystok.pl\/en\/cooperation\/sharing-collections\/\",\"name\":\"Sharing collections - Muzeum Pami\u0119ci Sybiru\",\"isPartOf\":{\"@id\":\"https:\/\/sybir.bialystok.pl\/en\/#website\"},\"primaryImageOfPage\":{\"@id\":\"https:\/\/sybir.bialystok.pl\/en\/cooperation\/sharing-collections\/#primaryimage\"},\"image\":{\"@id\":\"https:\/\/sybir.bialystok.pl\/en\/cooperation\/sharing-collections\/#primaryimage\"},\"thumbnailUrl\":\"https:\/\/sybir.bialystok.pl\/wp-content\/uploads\/2021\/04\/Eksponat-7-2-Sredni.jpg\",\"datePublished\":\"2021-04-07T07:22:40+00:00\",\"dateModified\":\"2021-08-06T12:13:17+00:00\",\"description\":\"Our exhibits are accessible. Use them online, order a digital copy or rent them.\",\"breadcrumb\":{\"@id\":\"https:\/\/sybir.bialystok.pl\/en\/cooperation\/sharing-collections\/#breadcrumb\"},\"inLanguage\":\"en-US\",\"potentialAction\":[{\"@type\":\"ReadAction\",\"target\":[\"https:\/\/sybir.bialystok.pl\/en\/cooperation\/sharing-collections\/\"]}]},{\"@type\":\"ImageObject\",\"inLanguage\":\"en-US\",\"@id\":\"https:\/\/sybir.bialystok.pl\/en\/cooperation\/sharing-collections\/#primaryimage\",\"url\":\"https:\/\/sybir.bialystok.pl\/wp-content\/uploads\/2021\/04\/Eksponat-7-2-Sredni.jpg\",\"contentUrl\":\"https:\/\/sybir.bialystok.pl\/wp-content\/uploads\/2021\/04\/Eksponat-7-2-Sredni.jpg\",\"width\":1154,\"height\":768},{\"@type\":\"BreadcrumbList\",\"@id\":\"https:\/\/sybir.bialystok.pl\/en\/cooperation\/sharing-collections\/#breadcrumb\",\"itemListElement\":[{\"@type\":\"ListItem\",\"position\":1,\"name\":\"Home page\",\"item\":\"https:\/\/sybir.bialystok.pl\/en\/\"},{\"@type\":\"ListItem\",\"position\":2,\"name\":\"Cooperation\",\"item\":\"https:\/\/sybir.bialystok.pl\/en\/cooperation\/\"},{\"@type\":\"ListItem\",\"position\":3,\"name\":\"Sharing collections\"}]},{\"@type\":\"WebSite\",\"@id\":\"https:\/\/sybir.bialystok.pl\/en\/#website\",\"url\":\"https:\/\/sybir.bialystok.pl\/en\/\",\"name\":\"Muzeum Pami\u0119ci Sybiru\",\"description\":\"Muzeum Pami\u0119ci Sybiru jest po\u015bwi\u0119cone ludziom, kt\u00f3rzy od ko\u0144ca XVI a\u017c do po\u0142owy XX wieku byli niewoleni i zsy\u0142ani w g\u0142\u0105b Rosji, a p\u00f3\u017aniej Zwi\u0105zku Sowieckiego, jak te\u017c tym, kt\u00f3rzy pod\u0105\u017cali tam dobrowolnie.\",\"potentialAction\":[{\"@type\":\"SearchAction\",\"target\":{\"@type\":\"EntryPoint\",\"urlTemplate\":\"https:\/\/sybir.bialystok.pl\/en\/?s={search_term_string}\"},\"query-input\":{\"@type\":\"PropertyValueSpecification\",\"valueRequired\":true,\"valueName\":\"search_term_string\"}}],\"inLanguage\":\"en-US\"}]}<\/script>\n<!-- \/ Yoast SEO plugin. -->","yoast_head_json":{"title":"Sharing collections - Muzeum Pami\u0119ci Sybiru","description":"Our exhibits are accessible. Use them online, order a digital copy or rent them.","robots":{"index":"index","follow":"follow","max-snippet":"max-snippet:-1","max-image-preview":"max-image-preview:large","max-video-preview":"max-video-preview:-1"},"canonical":"https:\/\/sybir.bialystok.pl\/en\/cooperation\/sharing-collections\/","og_locale":"en_US","og_type":"article","og_title":"Sharing collections - Muzeum Pami\u0119ci Sybiru","og_description":"Our exhibits are accessible. Use them online, order a digital copy or rent them.","og_url":"https:\/\/sybir.bialystok.pl\/en\/cooperation\/sharing-collections\/","og_site_name":"Muzeum Pami\u0119ci Sybiru","article_modified_time":"2021-08-06T12:13:17+00:00","og_image":[{"width":1154,"height":768,"url":"https:\/\/sybir.bialystok.pl\/wp-content\/uploads\/2021\/04\/Eksponat-7-2-Sredni.jpg","type":"image\/jpeg"}],"twitter_card":"summary_large_image","twitter_misc":{"Est. reading time":"3 minutes"},"schema":{"@context":"https:\/\/schema.org","@graph":[{"@type":"WebPage","@id":"https:\/\/sybir.bialystok.pl\/en\/cooperation\/sharing-collections\/","url":"https:\/\/sybir.bialystok.pl\/en\/cooperation\/sharing-collections\/","name":"Sharing collections - Muzeum Pami\u0119ci Sybiru","isPartOf":{"@id":"https:\/\/sybir.bialystok.pl\/en\/#website"},"primaryImageOfPage":{"@id":"https:\/\/sybir.bialystok.pl\/en\/cooperation\/sharing-collections\/#primaryimage"},"image":{"@id":"https:\/\/sybir.bialystok.pl\/en\/cooperation\/sharing-collections\/#primaryimage"},"thumbnailUrl":"https:\/\/sybir.bialystok.pl\/wp-content\/uploads\/2021\/04\/Eksponat-7-2-Sredni.jpg","datePublished":"2021-04-07T07:22:40+00:00","dateModified":"2021-08-06T12:13:17+00:00","description":"Our exhibits are accessible. Use them online, order a digital copy or rent them.","breadcrumb":{"@id":"https:\/\/sybir.bialystok.pl\/en\/cooperation\/sharing-collections\/#breadcrumb"},"inLanguage":"en-US","potentialAction":[{"@type":"ReadAction","target":["https:\/\/sybir.bialystok.pl\/en\/cooperation\/sharing-collections\/"]}]},{"@type":"ImageObject","inLanguage":"en-US","@id":"https:\/\/sybir.bialystok.pl\/en\/cooperation\/sharing-collections\/#primaryimage","url":"https:\/\/sybir.bialystok.pl\/wp-content\/uploads\/2021\/04\/Eksponat-7-2-Sredni.jpg","contentUrl":"https:\/\/sybir.bialystok.pl\/wp-content\/uploads\/2021\/04\/Eksponat-7-2-Sredni.jpg","width":1154,"height":768},{"@type":"BreadcrumbList","@id":"https:\/\/sybir.bialystok.pl\/en\/cooperation\/sharing-collections\/#breadcrumb","itemListElement":[{"@type":"ListItem","position":1,"name":"Home page","item":"https:\/\/sybir.bialystok.pl\/en\/"},{"@type":"ListItem","position":2,"name":"Cooperation","item":"https:\/\/sybir.bialystok.pl\/en\/cooperation\/"},{"@type":"ListItem","position":3,"name":"Sharing collections"}]},{"@type":"WebSite","@id":"https:\/\/sybir.bialystok.pl\/en\/#website","url":"https:\/\/sybir.bialystok.pl\/en\/","name":"Muzeum Pami\u0119ci Sybiru","description":"Muzeum Pami\u0119ci Sybiru jest po\u015bwi\u0119cone ludziom, kt\u00f3rzy od ko\u0144ca XVI a\u017c do po\u0142owy XX wieku byli niewoleni i zsy\u0142ani w g\u0142\u0105b Rosji, a p\u00f3\u017aniej Zwi\u0105zku Sowieckiego, jak te\u017c tym, kt\u00f3rzy pod\u0105\u017cali tam dobrowolnie.","potentialAction":[{"@type":"SearchAction","target":{"@type":"EntryPoint","urlTemplate":"https:\/\/sybir.bialystok.pl\/en\/?s={search_term_string}"},"query-input":{"@type":"PropertyValueSpecification","valueRequired":true,"valueName":"search_term_string"}}],"inLanguage":"en-US"}]}},"_links":{"self":[{"href":"https:\/\/sybir.bialystok.pl\/en\/wp-json\/wp\/v2\/pages\/6163","targetHints":{"allow":["GET"]}}],"collection":[{"href":"https:\/\/sybir.bialystok.pl\/en\/wp-json\/wp\/v2\/pages"}],"about":[{"href":"https:\/\/sybir.bialystok.pl\/en\/wp-json\/wp\/v2\/types\/page"}],"author":[{"embeddable":true,"href":"https:\/\/sybir.bialystok.pl\/en\/wp-json\/wp\/v2\/users\/1"}],"replies":[{"embeddable":true,"href":"https:\/\/sybir.bialystok.pl\/en\/wp-json\/wp\/v2\/comments?post=6163"}],"version-history":[{"count":3,"href":"https:\/\/sybir.bialystok.pl\/en\/wp-json\/wp\/v2\/pages\/6163\/revisions"}],"predecessor-version":[{"id":6731,"href":"https:\/\/sybir.bialystok.pl\/en\/wp-json\/wp\/v2\/pages\/6163\/revisions\/6731"}],"up":[{"embeddable":true,"href":"https:\/\/sybir.bialystok.pl\/en\/wp-json\/wp\/v2\/pages\/6154"}],"wp:featuredmedia":[{"embeddable":true,"href":"https:\/\/sybir.bialystok.pl\/en\/wp-json\/wp\/v2\/media\/4309"}],"wp:attachment":[{"href":"https:\/\/sybir.bialystok.pl\/en\/wp-json\/wp\/v2\/media?parent=6163"}],"curies":[{"name":"wp","href":"https:\/\/api.w.org\/{rel}","templated":true}]}}