{"id":6159,"date":"2021-02-11T14:03:29","date_gmt":"2021-02-11T13:03:29","guid":{"rendered":"https:\/\/sybir.bialystok.pl\/wspolpraca\/patronat-muzeum-pamieci-sybiru\/"},"modified":"2024-01-17T11:16:37","modified_gmt":"2024-01-17T10:16:37","slug":"official-patronage","status":"publish","type":"page","link":"https:\/\/sybir.bialystok.pl\/en\/cooperation\/official-patronage\/","title":{"rendered":"The Sybir Memorial Museum\u2019s Patronage"},"content":{"rendered":"\n<div style=\"height:20px\" aria-hidden=\"true\" class=\"wp-block-spacer\"><\/div>\n\n\n\n<figure class=\"wp-block-gallery has-nested-images columns-default is-cropped wp-block-gallery-1 is-layout-flex wp-block-gallery-is-layout-flex\">\n<figure class=\"wp-block-image size-large\"><a href=\"https:\/\/sybir.bialystok.pl\/wp-content\/uploads\/2022\/10\/DSC00792-Pano_SMALL.jpg\"><img loading=\"lazy\" decoding=\"async\" width=\"1024\" height=\"512\" data-id=\"15633\" src=\"https:\/\/sybir.bialystok.pl\/wp-content\/uploads\/2022\/10\/DSC00792-Pano_SMALL-1024x512.jpg\" alt=\"\" class=\"wp-image-15633\" srcset=\"https:\/\/sybir.bialystok.pl\/wp-content\/uploads\/2022\/10\/DSC00792-Pano_SMALL-1024x512.jpg 1024w, https:\/\/sybir.bialystok.pl\/wp-content\/uploads\/2022\/10\/DSC00792-Pano_SMALL-300x150.jpg 300w, https:\/\/sybir.bialystok.pl\/wp-content\/uploads\/2022\/10\/DSC00792-Pano_SMALL-768x384.jpg 768w, https:\/\/sybir.bialystok.pl\/wp-content\/uploads\/2022\/10\/DSC00792-Pano_SMALL-1536x768.jpg 1536w, https:\/\/sybir.bialystok.pl\/wp-content\/uploads\/2022\/10\/DSC00792-Pano_SMALL.jpg 2048w\" sizes=\"auto, (max-width: 1024px) 100vw, 1024px\" \/><\/a><\/figure>\n<\/figure>\n\n\n\n<p>The Sybir Memorial Museum offers its patronage to the cultural, educational and scientific events, that have special social meaning, directed to the wide public. They have to relate to the Museum\u2019s activity.<\/p>\n\n\n\n<p>If you want your event to get the Sybir Memorial Museum\u2019s patronage, please write to sekretariat@sybir.bialystok.pl.<\/p>\n\n\n\n<figure class=\"wp-block-gallery has-nested-images columns-2 is-cropped wp-block-gallery-2 is-layout-flex wp-block-gallery-is-layout-flex\">\n<figure class=\"wp-block-image size-large\"><a href=\"https:\/\/sybir.bialystok.pl\/wp-content\/uploads\/2022\/12\/DSC09700_SMALL.jpg\"><img loading=\"lazy\" decoding=\"async\" width=\"1024\" height=\"732\" data-id=\"16090\" src=\"https:\/\/sybir.bialystok.pl\/wp-content\/uploads\/2022\/12\/DSC09700_SMALL-1024x732.jpg\" alt=\"\" class=\"wp-image-16090\" srcset=\"https:\/\/sybir.bialystok.pl\/wp-content\/uploads\/2022\/12\/DSC09700_SMALL-1024x732.jpg 1024w, https:\/\/sybir.bialystok.pl\/wp-content\/uploads\/2022\/12\/DSC09700_SMALL-300x214.jpg 300w, https:\/\/sybir.bialystok.pl\/wp-content\/uploads\/2022\/12\/DSC09700_SMALL-768x549.jpg 768w, https:\/\/sybir.bialystok.pl\/wp-content\/uploads\/2022\/12\/DSC09700_SMALL-1536x1097.jpg 1536w, https:\/\/sybir.bialystok.pl\/wp-content\/uploads\/2022\/12\/DSC09700_SMALL.jpg 2048w\" sizes=\"auto, (max-width: 1024px) 100vw, 1024px\" \/><\/a><\/figure>\n\n\n\n<figure class=\"wp-block-image size-large\"><a href=\"https:\/\/sybir.bialystok.pl\/wp-content\/uploads\/2022\/12\/DSC09693_SMALL.jpg\"><img loading=\"lazy\" decoding=\"async\" width=\"1024\" height=\"732\" data-id=\"16084\" src=\"https:\/\/sybir.bialystok.pl\/wp-content\/uploads\/2022\/12\/DSC09693_SMALL-1024x732.jpg\" alt=\"\" class=\"wp-image-16084\" srcset=\"https:\/\/sybir.bialystok.pl\/wp-content\/uploads\/2022\/12\/DSC09693_SMALL-1024x732.jpg 1024w, https:\/\/sybir.bialystok.pl\/wp-content\/uploads\/2022\/12\/DSC09693_SMALL-300x214.jpg 300w, https:\/\/sybir.bialystok.pl\/wp-content\/uploads\/2022\/12\/DSC09693_SMALL-768x549.jpg 768w, https:\/\/sybir.bialystok.pl\/wp-content\/uploads\/2022\/12\/DSC09693_SMALL-1536x1097.jpg 1536w, https:\/\/sybir.bialystok.pl\/wp-content\/uploads\/2022\/12\/DSC09693_SMALL.jpg 2048w\" sizes=\"auto, (max-width: 1024px) 100vw, 1024px\" \/><\/a><\/figure>\n\n\n\n<figure class=\"wp-block-image size-large\"><a href=\"https:\/\/sybir.bialystok.pl\/wp-content\/uploads\/2022\/12\/DSC09684_SMALL.jpg\"><img loading=\"lazy\" decoding=\"async\" width=\"1024\" height=\"732\" data-id=\"16075\" src=\"https:\/\/sybir.bialystok.pl\/wp-content\/uploads\/2022\/12\/DSC09684_SMALL-1024x732.jpg\" alt=\"\" class=\"wp-image-16075\" srcset=\"https:\/\/sybir.bialystok.pl\/wp-content\/uploads\/2022\/12\/DSC09684_SMALL-1024x732.jpg 1024w, https:\/\/sybir.bialystok.pl\/wp-content\/uploads\/2022\/12\/DSC09684_SMALL-300x214.jpg 300w, https:\/\/sybir.bialystok.pl\/wp-content\/uploads\/2022\/12\/DSC09684_SMALL-768x549.jpg 768w, https:\/\/sybir.bialystok.pl\/wp-content\/uploads\/2022\/12\/DSC09684_SMALL-1536x1097.jpg 1536w, https:\/\/sybir.bialystok.pl\/wp-content\/uploads\/2022\/12\/DSC09684_SMALL.jpg 2048w\" sizes=\"auto, (max-width: 1024px) 100vw, 1024px\" \/><\/a><\/figure>\n\n\n\n<figure class=\"wp-block-image size-large\"><a href=\"https:\/\/sybir.bialystok.pl\/wp-content\/uploads\/2022\/11\/zaduszki2-1024x732-1.jpg\"><img loading=\"lazy\" decoding=\"async\" width=\"1024\" height=\"732\" data-id=\"15814\" src=\"https:\/\/sybir.bialystok.pl\/wp-content\/uploads\/2022\/11\/zaduszki2-1024x732-1.jpg\" alt=\"\" class=\"wp-image-15814\" srcset=\"https:\/\/sybir.bialystok.pl\/wp-content\/uploads\/2022\/11\/zaduszki2-1024x732-1.jpg 1024w, https:\/\/sybir.bialystok.pl\/wp-content\/uploads\/2022\/11\/zaduszki2-1024x732-1-300x214.jpg 300w, https:\/\/sybir.bialystok.pl\/wp-content\/uploads\/2022\/11\/zaduszki2-1024x732-1-768x549.jpg 768w\" sizes=\"auto, (max-width: 1024px) 100vw, 1024px\" \/><\/a><\/figure>\n<\/figure>\n\n\n\n<p class=\"has-medium-font-size\"><\/p>\n","protected":false},"excerpt":{"rendered":"<p>Are you organizing an event related to the Sybir Memorial Museum\u2019s activity? You can gain our official patronage.<\/p>\n","protected":false},"author":1,"featured_media":654,"parent":6154,"menu_order":4,"comment_status":"closed","ping_status":"closed","template":"","meta":{"_acf_changed":false,"_editorskit_title_hidden":false,"_editorskit_reading_time":0,"_editorskit_is_block_options_detached":false,"_editorskit_block_options_position":"{}","footnotes":""},"class_list":["post-6159","page","type-page","status-publish","has-post-thumbnail","hentry"],"acf":[],"yoast_head":"<!-- This site is optimized with the Yoast SEO plugin v24.6 - https:\/\/yoast.com\/wordpress\/plugins\/seo\/ -->\n<title>The Sybir Memorial Museum\u2019s Patronage - Muzeum Pami\u0119ci Sybiru<\/title>\n<meta name=\"description\" content=\"Are you organizing an event related to the Sybir Memorial Museum\u2019s activity? You can gain our official patronage.\" \/>\n<meta name=\"robots\" content=\"index, follow, max-snippet:-1, max-image-preview:large, max-video-preview:-1\" \/>\n<link rel=\"canonical\" href=\"https:\/\/sybir.bialystok.pl\/en\/cooperation\/official-patronage\/\" \/>\n<meta property=\"og:locale\" content=\"en_US\" \/>\n<meta property=\"og:type\" content=\"article\" \/>\n<meta property=\"og:title\" content=\"The Sybir Memorial Museum\u2019s Patronage - Muzeum Pami\u0119ci Sybiru\" \/>\n<meta property=\"og:description\" content=\"Are you organizing an event related to the Sybir Memorial Museum\u2019s activity? You can gain our official patronage.\" \/>\n<meta property=\"og:url\" content=\"https:\/\/sybir.bialystok.pl\/en\/cooperation\/official-patronage\/\" \/>\n<meta property=\"og:site_name\" content=\"Muzeum Pami\u0119ci Sybiru\" \/>\n<meta property=\"article:modified_time\" content=\"2024-01-17T10:16:37+00:00\" \/>\n<meta property=\"og:image\" content=\"https:\/\/sybir.bialystok.pl\/wp-content\/uploads\/2021\/02\/Panel-Dyskusyjny-26_11_2018-63-\u015aredni.jpg\" \/>\n\t<meta property=\"og:image:width\" content=\"1151\" \/>\n\t<meta property=\"og:image:height\" content=\"768\" \/>\n\t<meta property=\"og:image:type\" content=\"image\/jpeg\" \/>\n<meta name=\"twitter:card\" content=\"summary_large_image\" \/>\n<meta name=\"twitter:label1\" content=\"Est. reading time\" \/>\n\t<meta name=\"twitter:data1\" content=\"2 minutes\" \/>\n<script type=\"application\/ld+json\" class=\"yoast-schema-graph\">{\"@context\":\"https:\/\/schema.org\",\"@graph\":[{\"@type\":\"WebPage\",\"@id\":\"https:\/\/sybir.bialystok.pl\/en\/cooperation\/official-patronage\/\",\"url\":\"https:\/\/sybir.bialystok.pl\/en\/cooperation\/official-patronage\/\",\"name\":\"The Sybir Memorial Museum\u2019s Patronage - Muzeum Pami\u0119ci Sybiru\",\"isPartOf\":{\"@id\":\"https:\/\/sybir.bialystok.pl\/en\/#website\"},\"primaryImageOfPage\":{\"@id\":\"https:\/\/sybir.bialystok.pl\/en\/cooperation\/official-patronage\/#primaryimage\"},\"image\":{\"@id\":\"https:\/\/sybir.bialystok.pl\/en\/cooperation\/official-patronage\/#primaryimage\"},\"thumbnailUrl\":\"https:\/\/sybir.bialystok.pl\/wp-content\/uploads\/2021\/02\/Panel-Dyskusyjny-26_11_2018-63-\u015aredni.jpg\",\"datePublished\":\"2021-02-11T13:03:29+00:00\",\"dateModified\":\"2024-01-17T10:16:37+00:00\",\"description\":\"Are you organizing an event related to the Sybir Memorial Museum\u2019s activity? You can gain our official patronage.\",\"breadcrumb\":{\"@id\":\"https:\/\/sybir.bialystok.pl\/en\/cooperation\/official-patronage\/#breadcrumb\"},\"inLanguage\":\"en-US\",\"potentialAction\":[{\"@type\":\"ReadAction\",\"target\":[\"https:\/\/sybir.bialystok.pl\/en\/cooperation\/official-patronage\/\"]}]},{\"@type\":\"ImageObject\",\"inLanguage\":\"en-US\",\"@id\":\"https:\/\/sybir.bialystok.pl\/en\/cooperation\/official-patronage\/#primaryimage\",\"url\":\"https:\/\/sybir.bialystok.pl\/wp-content\/uploads\/2021\/02\/Panel-Dyskusyjny-26_11_2018-63-\u015aredni.jpg\",\"contentUrl\":\"https:\/\/sybir.bialystok.pl\/wp-content\/uploads\/2021\/02\/Panel-Dyskusyjny-26_11_2018-63-\u015aredni.jpg\",\"width\":1151,\"height\":768},{\"@type\":\"BreadcrumbList\",\"@id\":\"https:\/\/sybir.bialystok.pl\/en\/cooperation\/official-patronage\/#breadcrumb\",\"itemListElement\":[{\"@type\":\"ListItem\",\"position\":1,\"name\":\"Home page\",\"item\":\"https:\/\/sybir.bialystok.pl\/en\/\"},{\"@type\":\"ListItem\",\"position\":2,\"name\":\"Cooperation\",\"item\":\"https:\/\/sybir.bialystok.pl\/en\/cooperation\/\"},{\"@type\":\"ListItem\",\"position\":3,\"name\":\"The Sybir Memorial Museum\u2019s Patronage\"}]},{\"@type\":\"WebSite\",\"@id\":\"https:\/\/sybir.bialystok.pl\/en\/#website\",\"url\":\"https:\/\/sybir.bialystok.pl\/en\/\",\"name\":\"Muzeum Pami\u0119ci Sybiru\",\"description\":\"Muzeum Pami\u0119ci Sybiru jest po\u015bwi\u0119cone ludziom, kt\u00f3rzy od ko\u0144ca XVI a\u017c do po\u0142owy XX wieku byli niewoleni i zsy\u0142ani w g\u0142\u0105b Rosji, a p\u00f3\u017aniej Zwi\u0105zku Sowieckiego, jak te\u017c tym, kt\u00f3rzy pod\u0105\u017cali tam dobrowolnie.\",\"potentialAction\":[{\"@type\":\"SearchAction\",\"target\":{\"@type\":\"EntryPoint\",\"urlTemplate\":\"https:\/\/sybir.bialystok.pl\/en\/?s={search_term_string}\"},\"query-input\":{\"@type\":\"PropertyValueSpecification\",\"valueRequired\":true,\"valueName\":\"search_term_string\"}}],\"inLanguage\":\"en-US\"}]}<\/script>\n<!-- \/ Yoast SEO plugin. -->","yoast_head_json":{"title":"The Sybir Memorial Museum\u2019s Patronage - Muzeum Pami\u0119ci Sybiru","description":"Are you organizing an event related to the Sybir Memorial Museum\u2019s activity? You can gain our official patronage.","robots":{"index":"index","follow":"follow","max-snippet":"max-snippet:-1","max-image-preview":"max-image-preview:large","max-video-preview":"max-video-preview:-1"},"canonical":"https:\/\/sybir.bialystok.pl\/en\/cooperation\/official-patronage\/","og_locale":"en_US","og_type":"article","og_title":"The Sybir Memorial Museum\u2019s Patronage - Muzeum Pami\u0119ci Sybiru","og_description":"Are you organizing an event related to the Sybir Memorial Museum\u2019s activity? You can gain our official patronage.","og_url":"https:\/\/sybir.bialystok.pl\/en\/cooperation\/official-patronage\/","og_site_name":"Muzeum Pami\u0119ci Sybiru","article_modified_time":"2024-01-17T10:16:37+00:00","og_image":[{"width":1151,"height":768,"url":"https:\/\/sybir.bialystok.pl\/wp-content\/uploads\/2021\/02\/Panel-Dyskusyjny-26_11_2018-63-\u015aredni.jpg","type":"image\/jpeg"}],"twitter_card":"summary_large_image","twitter_misc":{"Est. reading time":"2 minutes"},"schema":{"@context":"https:\/\/schema.org","@graph":[{"@type":"WebPage","@id":"https:\/\/sybir.bialystok.pl\/en\/cooperation\/official-patronage\/","url":"https:\/\/sybir.bialystok.pl\/en\/cooperation\/official-patronage\/","name":"The Sybir Memorial Museum\u2019s Patronage - Muzeum Pami\u0119ci Sybiru","isPartOf":{"@id":"https:\/\/sybir.bialystok.pl\/en\/#website"},"primaryImageOfPage":{"@id":"https:\/\/sybir.bialystok.pl\/en\/cooperation\/official-patronage\/#primaryimage"},"image":{"@id":"https:\/\/sybir.bialystok.pl\/en\/cooperation\/official-patronage\/#primaryimage"},"thumbnailUrl":"https:\/\/sybir.bialystok.pl\/wp-content\/uploads\/2021\/02\/Panel-Dyskusyjny-26_11_2018-63-\u015aredni.jpg","datePublished":"2021-02-11T13:03:29+00:00","dateModified":"2024-01-17T10:16:37+00:00","description":"Are you organizing an event related to the Sybir Memorial Museum\u2019s activity? You can gain our official patronage.","breadcrumb":{"@id":"https:\/\/sybir.bialystok.pl\/en\/cooperation\/official-patronage\/#breadcrumb"},"inLanguage":"en-US","potentialAction":[{"@type":"ReadAction","target":["https:\/\/sybir.bialystok.pl\/en\/cooperation\/official-patronage\/"]}]},{"@type":"ImageObject","inLanguage":"en-US","@id":"https:\/\/sybir.bialystok.pl\/en\/cooperation\/official-patronage\/#primaryimage","url":"https:\/\/sybir.bialystok.pl\/wp-content\/uploads\/2021\/02\/Panel-Dyskusyjny-26_11_2018-63-\u015aredni.jpg","contentUrl":"https:\/\/sybir.bialystok.pl\/wp-content\/uploads\/2021\/02\/Panel-Dyskusyjny-26_11_2018-63-\u015aredni.jpg","width":1151,"height":768},{"@type":"BreadcrumbList","@id":"https:\/\/sybir.bialystok.pl\/en\/cooperation\/official-patronage\/#breadcrumb","itemListElement":[{"@type":"ListItem","position":1,"name":"Home page","item":"https:\/\/sybir.bialystok.pl\/en\/"},{"@type":"ListItem","position":2,"name":"Cooperation","item":"https:\/\/sybir.bialystok.pl\/en\/cooperation\/"},{"@type":"ListItem","position":3,"name":"The Sybir Memorial Museum\u2019s Patronage"}]},{"@type":"WebSite","@id":"https:\/\/sybir.bialystok.pl\/en\/#website","url":"https:\/\/sybir.bialystok.pl\/en\/","name":"Muzeum Pami\u0119ci Sybiru","description":"Muzeum Pami\u0119ci Sybiru jest po\u015bwi\u0119cone ludziom, kt\u00f3rzy od ko\u0144ca XVI a\u017c do po\u0142owy XX wieku byli niewoleni i zsy\u0142ani w g\u0142\u0105b Rosji, a p\u00f3\u017aniej Zwi\u0105zku Sowieckiego, jak te\u017c tym, kt\u00f3rzy pod\u0105\u017cali tam dobrowolnie.","potentialAction":[{"@type":"SearchAction","target":{"@type":"EntryPoint","urlTemplate":"https:\/\/sybir.bialystok.pl\/en\/?s={search_term_string}"},"query-input":{"@type":"PropertyValueSpecification","valueRequired":true,"valueName":"search_term_string"}}],"inLanguage":"en-US"}]}},"_links":{"self":[{"href":"https:\/\/sybir.bialystok.pl\/en\/wp-json\/wp\/v2\/pages\/6159","targetHints":{"allow":["GET"]}}],"collection":[{"href":"https:\/\/sybir.bialystok.pl\/en\/wp-json\/wp\/v2\/pages"}],"about":[{"href":"https:\/\/sybir.bialystok.pl\/en\/wp-json\/wp\/v2\/types\/page"}],"author":[{"embeddable":true,"href":"https:\/\/sybir.bialystok.pl\/en\/wp-json\/wp\/v2\/users\/1"}],"replies":[{"embeddable":true,"href":"https:\/\/sybir.bialystok.pl\/en\/wp-json\/wp\/v2\/comments?post=6159"}],"version-history":[{"count":5,"href":"https:\/\/sybir.bialystok.pl\/en\/wp-json\/wp\/v2\/pages\/6159\/revisions"}],"predecessor-version":[{"id":24378,"href":"https:\/\/sybir.bialystok.pl\/en\/wp-json\/wp\/v2\/pages\/6159\/revisions\/24378"}],"up":[{"embeddable":true,"href":"https:\/\/sybir.bialystok.pl\/en\/wp-json\/wp\/v2\/pages\/6154"}],"wp:featuredmedia":[{"embeddable":true,"href":"https:\/\/sybir.bialystok.pl\/en\/wp-json\/wp\/v2\/media\/654"}],"wp:attachment":[{"href":"https:\/\/sybir.bialystok.pl\/en\/wp-json\/wp\/v2\/media?parent=6159"}],"curies":[{"name":"wp","href":"https:\/\/api.w.org\/{rel}","templated":true}]}}