{"id":6154,"date":"2021-02-11T13:41:44","date_gmt":"2021-02-11T12:41:44","guid":{"rendered":"https:\/\/sybir.bialystok.pl\/wspolpraca\/"},"modified":"2021-08-06T14:13:02","modified_gmt":"2021-08-06T12:13:02","slug":"cooperation","status":"publish","type":"page","link":"https:\/\/sybir.bialystok.pl\/en\/cooperation\/","title":{"rendered":"Cooperation"},"content":{"rendered":"\n<p>We invite all people passionate about Sybir and the history of people who were living there to cooperate with us. We are open to cooperation with individuals institutions, whose aim is to popularize the knowledge and memory about Sybir.<\/p>\n\n\n\n<p><br><\/p>\n\n\n\n<figure class=\"wp-block-gallery columns-3 is-cropped wp-block-gallery-1 is-layout-flex wp-block-gallery-is-layout-flex\"><ul class=\"blocks-gallery-grid\"><li class=\"blocks-gallery-item\"><figure><a href=\"https:\/\/sybir.bialystok.pl\/wp-content\/uploads\/2021\/04\/Wspolpraca-0-1024x683.jpg\"><img loading=\"lazy\" decoding=\"async\" width=\"1024\" height=\"683\" src=\"https:\/\/sybir.bialystok.pl\/wp-content\/uploads\/2021\/04\/Wspolpraca-0-1024x683.jpg\" alt=\"\" data-id=\"3921\" data-link=\"https:\/\/sybir.bialystok.pl\/muzeum\/wspolpraca\/wspolpraca-0\/\" class=\"wp-image-3921\" srcset=\"https:\/\/sybir.bialystok.pl\/wp-content\/uploads\/2021\/04\/Wspolpraca-0-1024x683.jpg 1024w, https:\/\/sybir.bialystok.pl\/wp-content\/uploads\/2021\/04\/Wspolpraca-0-300x200.jpg 300w, https:\/\/sybir.bialystok.pl\/wp-content\/uploads\/2021\/04\/Wspolpraca-0-768x512.jpg 768w, https:\/\/sybir.bialystok.pl\/wp-content\/uploads\/2021\/04\/Wspolpraca-0.jpg 1152w\" sizes=\"auto, (max-width: 1024px) 100vw, 1024px\" \/><\/a><\/figure><\/li><li class=\"blocks-gallery-item\"><figure><a href=\"https:\/\/sybir.bialystok.pl\/wp-content\/uploads\/2021\/04\/Wspolpraca-3-1-1024x683.jpg\"><img loading=\"lazy\" decoding=\"async\" width=\"1024\" height=\"683\" src=\"https:\/\/sybir.bialystok.pl\/wp-content\/uploads\/2021\/04\/Wspolpraca-3-1-1024x683.jpg\" alt=\"\" data-id=\"3903\" data-link=\"https:\/\/sybir.bialystok.pl\/muzeum\/wspolpraca\/wspolpraca-3\/\" class=\"wp-image-3903\" srcset=\"https:\/\/sybir.bialystok.pl\/wp-content\/uploads\/2021\/04\/Wspolpraca-3-1-1024x683.jpg 1024w, https:\/\/sybir.bialystok.pl\/wp-content\/uploads\/2021\/04\/Wspolpraca-3-1-300x200.jpg 300w, https:\/\/sybir.bialystok.pl\/wp-content\/uploads\/2021\/04\/Wspolpraca-3-1-768x512.jpg 768w, https:\/\/sybir.bialystok.pl\/wp-content\/uploads\/2021\/04\/Wspolpraca-3-1.jpg 1152w\" sizes=\"auto, (max-width: 1024px) 100vw, 1024px\" \/><\/a><\/figure><\/li><li class=\"blocks-gallery-item\"><figure><a href=\"https:\/\/sybir.bialystok.pl\/wp-content\/uploads\/2021\/04\/Wspolpraca-4-1-1024x683.jpg\"><img loading=\"lazy\" decoding=\"async\" width=\"1024\" height=\"683\" src=\"https:\/\/sybir.bialystok.pl\/wp-content\/uploads\/2021\/04\/Wspolpraca-4-1-1024x683.jpg\" alt=\"\" data-id=\"3906\" data-link=\"https:\/\/sybir.bialystok.pl\/muzeum\/wspolpraca\/wspolpraca-4\/\" class=\"wp-image-3906\" srcset=\"https:\/\/sybir.bialystok.pl\/wp-content\/uploads\/2021\/04\/Wspolpraca-4-1-1024x683.jpg 1024w, https:\/\/sybir.bialystok.pl\/wp-content\/uploads\/2021\/04\/Wspolpraca-4-1-300x200.jpg 300w, https:\/\/sybir.bialystok.pl\/wp-content\/uploads\/2021\/04\/Wspolpraca-4-1-768x512.jpg 768w, https:\/\/sybir.bialystok.pl\/wp-content\/uploads\/2021\/04\/Wspolpraca-4-1.jpg 1152w\" sizes=\"auto, (max-width: 1024px) 100vw, 1024px\" \/><\/a><\/figure><\/li><li class=\"blocks-gallery-item\"><figure><a href=\"https:\/\/sybir.bialystok.pl\/wp-content\/uploads\/2021\/04\/Wspolpraca-1024x683.jpg\"><img loading=\"lazy\" decoding=\"async\" width=\"1024\" height=\"683\" src=\"https:\/\/sybir.bialystok.pl\/wp-content\/uploads\/2021\/04\/Wspolpraca-1024x683.jpg\" alt=\"\" data-id=\"3924\" data-link=\"https:\/\/sybir.bialystok.pl\/muzeum\/wspolpraca\/wspolpraca\/\" class=\"wp-image-3924\" srcset=\"https:\/\/sybir.bialystok.pl\/wp-content\/uploads\/2021\/04\/Wspolpraca-1024x683.jpg 1024w, https:\/\/sybir.bialystok.pl\/wp-content\/uploads\/2021\/04\/Wspolpraca-300x200.jpg 300w, https:\/\/sybir.bialystok.pl\/wp-content\/uploads\/2021\/04\/Wspolpraca-768x512.jpg 768w, https:\/\/sybir.bialystok.pl\/wp-content\/uploads\/2021\/04\/Wspolpraca.jpg 1152w\" sizes=\"auto, (max-width: 1024px) 100vw, 1024px\" \/><\/a><\/figure><\/li><li class=\"blocks-gallery-item\"><figure><a href=\"https:\/\/sybir.bialystok.pl\/wp-content\/uploads\/2021\/04\/Wspolpraca-8-1-1024x768.jpg\"><img loading=\"lazy\" decoding=\"async\" width=\"1024\" height=\"768\" src=\"https:\/\/sybir.bialystok.pl\/wp-content\/uploads\/2021\/04\/Wspolpraca-8-1-1024x768.jpg\" alt=\"\" data-id=\"3915\" data-link=\"https:\/\/sybir.bialystok.pl\/muzeum\/wspolpraca\/wspolpraca-8\/\" class=\"wp-image-3915\" srcset=\"https:\/\/sybir.bialystok.pl\/wp-content\/uploads\/2021\/04\/Wspolpraca-8-1-1024x768.jpg 1024w, https:\/\/sybir.bialystok.pl\/wp-content\/uploads\/2021\/04\/Wspolpraca-8-1-300x225.jpg 300w, https:\/\/sybir.bialystok.pl\/wp-content\/uploads\/2021\/04\/Wspolpraca-8-1-768x576.jpg 768w, https:\/\/sybir.bialystok.pl\/wp-content\/uploads\/2021\/04\/Wspolpraca-8-1-1536x1152.jpg 1536w, https:\/\/sybir.bialystok.pl\/wp-content\/uploads\/2021\/04\/Wspolpraca-8-1-2048x1536.jpg 2048w\" sizes=\"auto, (max-width: 1024px) 100vw, 1024px\" \/><\/a><\/figure><\/li><li class=\"blocks-gallery-item\"><figure><a href=\"https:\/\/sybir.bialystok.pl\/wp-content\/uploads\/2021\/04\/Wspolpraca-6-1-1024x683.jpg\"><img loading=\"lazy\" decoding=\"async\" width=\"1024\" height=\"683\" src=\"https:\/\/sybir.bialystok.pl\/wp-content\/uploads\/2021\/04\/Wspolpraca-6-1-1024x683.jpg\" alt=\"\" data-id=\"3894\" data-link=\"https:\/\/sybir.bialystok.pl\/muzeum\/wspolpraca\/wspolpraca-6\/\" class=\"wp-image-3894\" srcset=\"https:\/\/sybir.bialystok.pl\/wp-content\/uploads\/2021\/04\/Wspolpraca-6-1-1024x683.jpg 1024w, https:\/\/sybir.bialystok.pl\/wp-content\/uploads\/2021\/04\/Wspolpraca-6-1-300x200.jpg 300w, https:\/\/sybir.bialystok.pl\/wp-content\/uploads\/2021\/04\/Wspolpraca-6-1-768x512.jpg 768w, https:\/\/sybir.bialystok.pl\/wp-content\/uploads\/2021\/04\/Wspolpraca-6-1.jpg 1152w\" sizes=\"auto, (max-width: 1024px) 100vw, 1024px\" \/><\/a><\/figure><\/li><li class=\"blocks-gallery-item\"><figure><a href=\"https:\/\/sybir.bialystok.pl\/wp-content\/uploads\/2021\/04\/2019-11-Kierunek-muzeum-Karpinski-14.jpg\"><img loading=\"lazy\" decoding=\"async\" width=\"1024\" height=\"684\" src=\"https:\/\/sybir.bialystok.pl\/wp-content\/uploads\/2021\/04\/2019-11-Kierunek-muzeum-Karpinski-14-1024x684.jpg\" alt=\"\" data-id=\"3933\" data-full-url=\"https:\/\/sybir.bialystok.pl\/wp-content\/uploads\/2021\/04\/2019-11-Kierunek-muzeum-Karpinski-14.jpg\" data-link=\"https:\/\/sybir.bialystok.pl\/muzeum\/wspolpraca\/2019-11-kierunek-muzeum-karpinski-14-2\/\" class=\"wp-image-3933\" srcset=\"https:\/\/sybir.bialystok.pl\/wp-content\/uploads\/2021\/04\/2019-11-Kierunek-muzeum-Karpinski-14-1024x684.jpg 1024w, https:\/\/sybir.bialystok.pl\/wp-content\/uploads\/2021\/04\/2019-11-Kierunek-muzeum-Karpinski-14-300x200.jpg 300w, https:\/\/sybir.bialystok.pl\/wp-content\/uploads\/2021\/04\/2019-11-Kierunek-muzeum-Karpinski-14-768x513.jpg 768w, https:\/\/sybir.bialystok.pl\/wp-content\/uploads\/2021\/04\/2019-11-Kierunek-muzeum-Karpinski-14-1536x1025.jpg 1536w, https:\/\/sybir.bialystok.pl\/wp-content\/uploads\/2021\/04\/2019-11-Kierunek-muzeum-Karpinski-14.jpg 2048w\" sizes=\"auto, (max-width: 1024px) 100vw, 1024px\" \/><\/a><\/figure><\/li><li class=\"blocks-gallery-item\"><figure><a href=\"https:\/\/sybir.bialystok.pl\/wp-content\/uploads\/2021\/04\/2019-11-Kierunek-muzeum-Karpinski-261.jpg\"><img loading=\"lazy\" decoding=\"async\" width=\"1024\" height=\"684\" src=\"https:\/\/sybir.bialystok.pl\/wp-content\/uploads\/2021\/04\/2019-11-Kierunek-muzeum-Karpinski-261-1024x684.jpg\" alt=\"\" data-id=\"3937\" data-full-url=\"https:\/\/sybir.bialystok.pl\/wp-content\/uploads\/2021\/04\/2019-11-Kierunek-muzeum-Karpinski-261.jpg\" data-link=\"https:\/\/sybir.bialystok.pl\/muzeum\/wspolpraca\/2019-11-kierunek-muzeum-karpinski-261\/\" class=\"wp-image-3937\" srcset=\"https:\/\/sybir.bialystok.pl\/wp-content\/uploads\/2021\/04\/2019-11-Kierunek-muzeum-Karpinski-261-1024x684.jpg 1024w, https:\/\/sybir.bialystok.pl\/wp-content\/uploads\/2021\/04\/2019-11-Kierunek-muzeum-Karpinski-261-300x200.jpg 300w, https:\/\/sybir.bialystok.pl\/wp-content\/uploads\/2021\/04\/2019-11-Kierunek-muzeum-Karpinski-261-768x513.jpg 768w, https:\/\/sybir.bialystok.pl\/wp-content\/uploads\/2021\/04\/2019-11-Kierunek-muzeum-Karpinski-261-1536x1025.jpg 1536w, https:\/\/sybir.bialystok.pl\/wp-content\/uploads\/2021\/04\/2019-11-Kierunek-muzeum-Karpinski-261.jpg 2048w\" sizes=\"auto, (max-width: 1024px) 100vw, 1024px\" \/><\/a><\/figure><\/li><li class=\"blocks-gallery-item\"><figure><a href=\"https:\/\/sybir.bialystok.pl\/wp-content\/uploads\/2021\/04\/Wspolpraca-7-1-1024x683.jpg\"><img loading=\"lazy\" decoding=\"async\" width=\"1024\" height=\"683\" src=\"https:\/\/sybir.bialystok.pl\/wp-content\/uploads\/2021\/04\/Wspolpraca-7-1-1024x683.jpg\" alt=\"\" data-id=\"3909\" data-link=\"https:\/\/sybir.bialystok.pl\/muzeum\/wspolpraca\/wspolpraca-7\/\" class=\"wp-image-3909\" srcset=\"https:\/\/sybir.bialystok.pl\/wp-content\/uploads\/2021\/04\/Wspolpraca-7-1-1024x683.jpg 1024w, https:\/\/sybir.bialystok.pl\/wp-content\/uploads\/2021\/04\/Wspolpraca-7-1-300x200.jpg 300w, https:\/\/sybir.bialystok.pl\/wp-content\/uploads\/2021\/04\/Wspolpraca-7-1-768x512.jpg 768w, https:\/\/sybir.bialystok.pl\/wp-content\/uploads\/2021\/04\/Wspolpraca-7-1.jpg 1152w\" sizes=\"auto, (max-width: 1024px) 100vw, 1024px\" \/><\/a><\/figure><\/li><li class=\"blocks-gallery-item\"><figure><a href=\"https:\/\/sybir.bialystok.pl\/wp-content\/uploads\/2021\/04\/2019-11-Kierunek-muzeum-Karpinski-266.jpg\"><img loading=\"lazy\" decoding=\"async\" width=\"1024\" height=\"684\" src=\"https:\/\/sybir.bialystok.pl\/wp-content\/uploads\/2021\/04\/2019-11-Kierunek-muzeum-Karpinski-266-1024x684.jpg\" alt=\"\" data-id=\"3940\" data-full-url=\"https:\/\/sybir.bialystok.pl\/wp-content\/uploads\/2021\/04\/2019-11-Kierunek-muzeum-Karpinski-266.jpg\" data-link=\"https:\/\/sybir.bialystok.pl\/muzeum\/wspolpraca\/2019-11-kierunek-muzeum-karpinski-266\/\" class=\"wp-image-3940\" srcset=\"https:\/\/sybir.bialystok.pl\/wp-content\/uploads\/2021\/04\/2019-11-Kierunek-muzeum-Karpinski-266-1024x684.jpg 1024w, https:\/\/sybir.bialystok.pl\/wp-content\/uploads\/2021\/04\/2019-11-Kierunek-muzeum-Karpinski-266-300x200.jpg 300w, https:\/\/sybir.bialystok.pl\/wp-content\/uploads\/2021\/04\/2019-11-Kierunek-muzeum-Karpinski-266-768x513.jpg 768w, https:\/\/sybir.bialystok.pl\/wp-content\/uploads\/2021\/04\/2019-11-Kierunek-muzeum-Karpinski-266-1536x1025.jpg 1536w, https:\/\/sybir.bialystok.pl\/wp-content\/uploads\/2021\/04\/2019-11-Kierunek-muzeum-Karpinski-266.jpg 2048w\" sizes=\"auto, (max-width: 1024px) 100vw, 1024px\" \/><\/a><\/figure><\/li><\/ul><\/figure>\n","protected":false},"excerpt":{"rendered":"<p>Let&#8217;s develop Sybir Memorial Museum together!<\/p>\n","protected":false},"author":2,"featured_media":0,"parent":0,"menu_order":2,"comment_status":"closed","ping_status":"closed","template":"","meta":{"_acf_changed":false,"_editorskit_title_hidden":false,"_editorskit_reading_time":0,"_editorskit_is_block_options_detached":false,"_editorskit_block_options_position":"{}","footnotes":""},"class_list":["post-6154","page","type-page","status-publish","hentry"],"acf":[],"yoast_head":"<!-- This site is optimized with the Yoast SEO plugin v24.6 - https:\/\/yoast.com\/wordpress\/plugins\/seo\/ -->\n<title>Cooperation - Muzeum Pami\u0119ci Sybiru<\/title>\n<meta name=\"description\" content=\"Let&#039;s develop Sybir Memorial Museum together!\" \/>\n<meta name=\"robots\" content=\"index, follow, max-snippet:-1, max-image-preview:large, max-video-preview:-1\" \/>\n<link rel=\"canonical\" href=\"https:\/\/sybir.bialystok.pl\/en\/cooperation\/\" \/>\n<meta property=\"og:locale\" content=\"en_US\" \/>\n<meta property=\"og:type\" content=\"article\" \/>\n<meta property=\"og:title\" content=\"Cooperation - Muzeum Pami\u0119ci Sybiru\" \/>\n<meta property=\"og:description\" content=\"Let&#039;s develop Sybir Memorial Museum together!\" \/>\n<meta property=\"og:url\" content=\"https:\/\/sybir.bialystok.pl\/en\/cooperation\/\" \/>\n<meta property=\"og:site_name\" content=\"Muzeum Pami\u0119ci Sybiru\" \/>\n<meta property=\"article:modified_time\" content=\"2021-08-06T12:13:02+00:00\" \/>\n<meta property=\"og:image\" content=\"https:\/\/sybir.bialystok.pl\/wp-content\/uploads\/2021\/04\/Wspolpraca-0-1024x683.jpg\" \/>\n<meta name=\"twitter:card\" content=\"summary_large_image\" \/>\n<meta name=\"twitter:label1\" content=\"Est. reading time\" \/>\n\t<meta name=\"twitter:data1\" content=\"3 minutes\" \/>\n<script type=\"application\/ld+json\" class=\"yoast-schema-graph\">{\"@context\":\"https:\/\/schema.org\",\"@graph\":[{\"@type\":\"WebPage\",\"@id\":\"https:\/\/sybir.bialystok.pl\/en\/cooperation\/\",\"url\":\"https:\/\/sybir.bialystok.pl\/en\/cooperation\/\",\"name\":\"Cooperation - Muzeum Pami\u0119ci Sybiru\",\"isPartOf\":{\"@id\":\"https:\/\/sybir.bialystok.pl\/en\/#website\"},\"primaryImageOfPage\":{\"@id\":\"https:\/\/sybir.bialystok.pl\/en\/cooperation\/#primaryimage\"},\"image\":{\"@id\":\"https:\/\/sybir.bialystok.pl\/en\/cooperation\/#primaryimage\"},\"thumbnailUrl\":\"https:\/\/sybir.bialystok.pl\/wp-content\/uploads\/2021\/04\/Wspolpraca-0-1024x683.jpg\",\"datePublished\":\"2021-02-11T12:41:44+00:00\",\"dateModified\":\"2021-08-06T12:13:02+00:00\",\"description\":\"Let's develop Sybir Memorial Museum together!\",\"breadcrumb\":{\"@id\":\"https:\/\/sybir.bialystok.pl\/en\/cooperation\/#breadcrumb\"},\"inLanguage\":\"en-US\",\"potentialAction\":[{\"@type\":\"ReadAction\",\"target\":[\"https:\/\/sybir.bialystok.pl\/en\/cooperation\/\"]}]},{\"@type\":\"ImageObject\",\"inLanguage\":\"en-US\",\"@id\":\"https:\/\/sybir.bialystok.pl\/en\/cooperation\/#primaryimage\",\"url\":\"https:\/\/sybir.bialystok.pl\/wp-content\/uploads\/2021\/04\/Wspolpraca-0-1024x683.jpg\",\"contentUrl\":\"https:\/\/sybir.bialystok.pl\/wp-content\/uploads\/2021\/04\/Wspolpraca-0-1024x683.jpg\"},{\"@type\":\"BreadcrumbList\",\"@id\":\"https:\/\/sybir.bialystok.pl\/en\/cooperation\/#breadcrumb\",\"itemListElement\":[{\"@type\":\"ListItem\",\"position\":1,\"name\":\"Home page\",\"item\":\"https:\/\/sybir.bialystok.pl\/en\/\"},{\"@type\":\"ListItem\",\"position\":2,\"name\":\"Cooperation\"}]},{\"@type\":\"WebSite\",\"@id\":\"https:\/\/sybir.bialystok.pl\/en\/#website\",\"url\":\"https:\/\/sybir.bialystok.pl\/en\/\",\"name\":\"Muzeum Pami\u0119ci Sybiru\",\"description\":\"Muzeum Pami\u0119ci Sybiru jest po\u015bwi\u0119cone ludziom, kt\u00f3rzy od ko\u0144ca XVI a\u017c do po\u0142owy XX wieku byli niewoleni i zsy\u0142ani w g\u0142\u0105b Rosji, a p\u00f3\u017aniej Zwi\u0105zku Sowieckiego, jak te\u017c tym, kt\u00f3rzy pod\u0105\u017cali tam dobrowolnie.\",\"potentialAction\":[{\"@type\":\"SearchAction\",\"target\":{\"@type\":\"EntryPoint\",\"urlTemplate\":\"https:\/\/sybir.bialystok.pl\/en\/?s={search_term_string}\"},\"query-input\":{\"@type\":\"PropertyValueSpecification\",\"valueRequired\":true,\"valueName\":\"search_term_string\"}}],\"inLanguage\":\"en-US\"}]}<\/script>\n<!-- \/ Yoast SEO plugin. -->","yoast_head_json":{"title":"Cooperation - Muzeum Pami\u0119ci Sybiru","description":"Let's develop Sybir Memorial Museum together!","robots":{"index":"index","follow":"follow","max-snippet":"max-snippet:-1","max-image-preview":"max-image-preview:large","max-video-preview":"max-video-preview:-1"},"canonical":"https:\/\/sybir.bialystok.pl\/en\/cooperation\/","og_locale":"en_US","og_type":"article","og_title":"Cooperation - Muzeum Pami\u0119ci Sybiru","og_description":"Let's develop Sybir Memorial Museum together!","og_url":"https:\/\/sybir.bialystok.pl\/en\/cooperation\/","og_site_name":"Muzeum Pami\u0119ci Sybiru","article_modified_time":"2021-08-06T12:13:02+00:00","og_image":[{"url":"https:\/\/sybir.bialystok.pl\/wp-content\/uploads\/2021\/04\/Wspolpraca-0-1024x683.jpg","type":"","width":"","height":""}],"twitter_card":"summary_large_image","twitter_misc":{"Est. reading time":"3 minutes"},"schema":{"@context":"https:\/\/schema.org","@graph":[{"@type":"WebPage","@id":"https:\/\/sybir.bialystok.pl\/en\/cooperation\/","url":"https:\/\/sybir.bialystok.pl\/en\/cooperation\/","name":"Cooperation - Muzeum Pami\u0119ci Sybiru","isPartOf":{"@id":"https:\/\/sybir.bialystok.pl\/en\/#website"},"primaryImageOfPage":{"@id":"https:\/\/sybir.bialystok.pl\/en\/cooperation\/#primaryimage"},"image":{"@id":"https:\/\/sybir.bialystok.pl\/en\/cooperation\/#primaryimage"},"thumbnailUrl":"https:\/\/sybir.bialystok.pl\/wp-content\/uploads\/2021\/04\/Wspolpraca-0-1024x683.jpg","datePublished":"2021-02-11T12:41:44+00:00","dateModified":"2021-08-06T12:13:02+00:00","description":"Let's develop Sybir Memorial Museum together!","breadcrumb":{"@id":"https:\/\/sybir.bialystok.pl\/en\/cooperation\/#breadcrumb"},"inLanguage":"en-US","potentialAction":[{"@type":"ReadAction","target":["https:\/\/sybir.bialystok.pl\/en\/cooperation\/"]}]},{"@type":"ImageObject","inLanguage":"en-US","@id":"https:\/\/sybir.bialystok.pl\/en\/cooperation\/#primaryimage","url":"https:\/\/sybir.bialystok.pl\/wp-content\/uploads\/2021\/04\/Wspolpraca-0-1024x683.jpg","contentUrl":"https:\/\/sybir.bialystok.pl\/wp-content\/uploads\/2021\/04\/Wspolpraca-0-1024x683.jpg"},{"@type":"BreadcrumbList","@id":"https:\/\/sybir.bialystok.pl\/en\/cooperation\/#breadcrumb","itemListElement":[{"@type":"ListItem","position":1,"name":"Home page","item":"https:\/\/sybir.bialystok.pl\/en\/"},{"@type":"ListItem","position":2,"name":"Cooperation"}]},{"@type":"WebSite","@id":"https:\/\/sybir.bialystok.pl\/en\/#website","url":"https:\/\/sybir.bialystok.pl\/en\/","name":"Muzeum Pami\u0119ci Sybiru","description":"Muzeum Pami\u0119ci Sybiru jest po\u015bwi\u0119cone ludziom, kt\u00f3rzy od ko\u0144ca XVI a\u017c do po\u0142owy XX wieku byli niewoleni i zsy\u0142ani w g\u0142\u0105b Rosji, a p\u00f3\u017aniej Zwi\u0105zku Sowieckiego, jak te\u017c tym, kt\u00f3rzy pod\u0105\u017cali tam dobrowolnie.","potentialAction":[{"@type":"SearchAction","target":{"@type":"EntryPoint","urlTemplate":"https:\/\/sybir.bialystok.pl\/en\/?s={search_term_string}"},"query-input":{"@type":"PropertyValueSpecification","valueRequired":true,"valueName":"search_term_string"}}],"inLanguage":"en-US"}]}},"_links":{"self":[{"href":"https:\/\/sybir.bialystok.pl\/en\/wp-json\/wp\/v2\/pages\/6154","targetHints":{"allow":["GET"]}}],"collection":[{"href":"https:\/\/sybir.bialystok.pl\/en\/wp-json\/wp\/v2\/pages"}],"about":[{"href":"https:\/\/sybir.bialystok.pl\/en\/wp-json\/wp\/v2\/types\/page"}],"author":[{"embeddable":true,"href":"https:\/\/sybir.bialystok.pl\/en\/wp-json\/wp\/v2\/users\/2"}],"replies":[{"embeddable":true,"href":"https:\/\/sybir.bialystok.pl\/en\/wp-json\/wp\/v2\/comments?post=6154"}],"version-history":[{"count":2,"href":"https:\/\/sybir.bialystok.pl\/en\/wp-json\/wp\/v2\/pages\/6154\/revisions"}],"predecessor-version":[{"id":6641,"href":"https:\/\/sybir.bialystok.pl\/en\/wp-json\/wp\/v2\/pages\/6154\/revisions\/6641"}],"wp:attachment":[{"href":"https:\/\/sybir.bialystok.pl\/en\/wp-json\/wp\/v2\/media?parent=6154"}],"curies":[{"name":"wp","href":"https:\/\/api.w.org\/{rel}","templated":true}]}}