{"id":6150,"date":"2021-02-11T15:29:15","date_gmt":"2021-02-11T14:29:15","guid":{"rendered":"https:\/\/sybir.bialystok.pl\/o-nas\/struktura-organizacyjna\/"},"modified":"2025-02-06T13:55:56","modified_gmt":"2025-02-06T12:55:56","slug":"organizational-structure","status":"publish","type":"page","link":"https:\/\/sybir.bialystok.pl\/en\/about-us\/organizational-structure\/","title":{"rendered":"Organizational Structure"},"content":{"rendered":"\n<!--more-->\n\n\n\n<ul class=\"wp-block-list\">\n<li><strong>Director of the Sybir Memorial Museum<\/strong><\/li>\n<\/ul>\n\n\n\n<p>Wojciech \u015aleszy\u0144ski, PhD, DSc, Professor (<span class=\"has-inline-color has-vivid-cyan-blue-color\"><span style=\"text-decoration: underline;\"><a href=\"https:\/\/sybir.bialystok.pl\/en\/wojciech-sleszynski\/\">biography<\/a><\/span><\/span>)<\/p>\n\n\n\n<ul class=\"wp-block-list\">\n<li><strong>Chief Accountant<\/strong><\/li>\n<\/ul>\n\n\n\n<p>Ewa Edyta Jacewicz<\/p>\n\n\n\n<p>e-mail: <a href=\"mailto:ksiegowosc@sybir.bialystok.pl\">ksiegowosc@sybir.bialystok.pl<\/a><\/p>\n\n\n\n<p>phone: +48 85 672 36 08<\/p>\n\n\n\n<ul class=\"wp-block-list\">\n<li><strong>Museum Office <\/strong><\/li>\n<\/ul>\n\n\n\n<p>Joanna Nierodzik \u2013 Manager<\/p>\n\n\n\n<p>e-mail: <a href=\"mailto:j.nierodzik@sybir.bialystok.pl\">j.nierodzik@sybir.bialystok.pl<\/a><\/p>\n\n\n\n<p>phone: +48 <a href=\"tel:85 672 36 08\"><\/a>85 672 35 73<\/p>\n\n\n\n<ul class=\"wp-block-list\">\n<li><strong>Contact for media<\/strong><\/li>\n<\/ul>\n\n\n\n<p>e-mail: media@sybir.bialystok.pl<\/p>\n\n\n\n<p>phone: +48 85 672 36 05<\/p>\n\n\n\n<ul class=\"wp-block-list\">\n<li><strong>Administration Department<\/strong><\/li>\n<\/ul>\n\n\n\n<p>Angelika Ejchler \u2013 Manager<\/p>\n\n\n\n<p>e-mail: <a href=\"mailto:a.ejchler@sybir.bialystok.pl\">a.ejchler@sybir.bialystok.pl<\/a><\/p>\n\n\n\n<p>phone: +48 85 672 36 02<\/p>\n\n\n\n<ul class=\"wp-block-list\">\n<li><strong>Permanent Exhibition Department<\/strong><\/li>\n<\/ul>\n\n\n\n<p>Monika Szarejko \u2013 Manager<\/p>\n\n\n\n<p>e-mail: <a href=\"mailto:m.szarejko@sybir.bialystok.pl\">m.szarejko@sybir.bialystok.pl<\/a><\/p>\n\n\n\n<p>phone: +48 85 672 36 06<\/p>\n\n\n\n<ul class=\"wp-block-list\">\n<li><strong>Department of Educational and Cultural Projects<\/strong><\/li>\n<\/ul>\n\n\n\n<p>Piotr Pop\u0142awski, PhD \u2013 Manager<\/p>\n\n\n\n<p>e-mail: <a href=\"mailto:p.poplawski@sybir.bialystok.pl\">p.poplawski@sybir.bialystok.pl<\/a> <\/p>\n\n\n\n<p>phone: +48 85 672 36 03<\/p>\n\n\n\n<ul class=\"wp-block-list\">\n<li><strong>Scientific Department &#8211; Research Institute of President Seweryn Nowakowski<\/strong><\/li>\n<\/ul>\n\n\n\n<p>Marcin Zwolski, PhD \u2013 Manager<\/p>\n\n\n\n<p>e-mail: <a href=\"mailto:m.zwolski@sybir.bialystok.pl\">m.zwolski@sybir.bialystok.pl<\/a><\/p>\n\n\n\n<p>phone: +48 85 672 36 04<\/p>\n\n\n\n<ul class=\"wp-block-list\">\n<li><strong>Collection Department<\/strong><\/li>\n<\/ul>\n\n\n\n<p>Katarzyna \u015aliwowska \u2013 Manager<\/p>\n\n\n\n<p>e-mail: <a href=\"mailto:k.sliwowska@sybir.bialystok.pl\">k.sliwowska@sybir.bialystok.pl<\/a><\/p>\n\n\n\n<p>phone: +48 85 672 36 07<\/p>\n\n\n\n<ul class=\"wp-block-list\">\n<li><strong>Graphic Design Department<\/strong><\/li>\n<\/ul>\n\n\n\n<p>Magdalena Zi\u0119ckowska-Tuchli\u0144ska \u2013 Manager<\/p>\n\n\n\n<p>e-mail: <a href=\"mailto:m.tuchlinska@sybir.bialystok.pl\">m.tuchlinska@sybir.bialystok.pl<\/a><\/p>\n\n\n\n<p>phone: +48 85 672 35 82<\/p>\n","protected":false},"excerpt":{"rendered":"<p>Meet the team of the Sybir Memorial Museum!<\/p>\n","protected":false},"author":1,"featured_media":0,"parent":6145,"menu_order":2,"comment_status":"closed","ping_status":"closed","template":"","meta":{"_acf_changed":false,"_editorskit_title_hidden":false,"_editorskit_reading_time":0,"_editorskit_is_block_options_detached":false,"_editorskit_block_options_position":"{}","footnotes":""},"class_list":["post-6150","page","type-page","status-publish","hentry"],"acf":[],"yoast_head":"<!-- This site is optimized with the Yoast SEO plugin v24.6 - https:\/\/yoast.com\/wordpress\/plugins\/seo\/ -->\n<title>Organizational Structure - Muzeum Pami\u0119ci Sybiru<\/title>\n<meta name=\"description\" content=\"Meet the team of the Sybir Memorial Museum!\" \/>\n<meta name=\"robots\" content=\"index, follow, max-snippet:-1, max-image-preview:large, max-video-preview:-1\" \/>\n<link rel=\"canonical\" href=\"https:\/\/sybir.bialystok.pl\/en\/about-us\/organizational-structure\/\" \/>\n<meta property=\"og:locale\" content=\"en_US\" \/>\n<meta property=\"og:type\" content=\"article\" \/>\n<meta property=\"og:title\" content=\"Organizational Structure - Muzeum Pami\u0119ci Sybiru\" \/>\n<meta property=\"og:description\" content=\"Meet the team of the Sybir Memorial Museum!\" \/>\n<meta property=\"og:url\" content=\"https:\/\/sybir.bialystok.pl\/en\/about-us\/organizational-structure\/\" \/>\n<meta property=\"og:site_name\" content=\"Muzeum Pami\u0119ci Sybiru\" \/>\n<meta property=\"article:modified_time\" content=\"2025-02-06T12:55:56+00:00\" \/>\n<meta name=\"twitter:card\" content=\"summary_large_image\" \/>\n<meta name=\"twitter:label1\" content=\"Est. reading time\" \/>\n\t<meta name=\"twitter:data1\" content=\"1 minute\" \/>\n<script type=\"application\/ld+json\" class=\"yoast-schema-graph\">{\"@context\":\"https:\/\/schema.org\",\"@graph\":[{\"@type\":\"WebPage\",\"@id\":\"https:\/\/sybir.bialystok.pl\/en\/about-us\/organizational-structure\/\",\"url\":\"https:\/\/sybir.bialystok.pl\/en\/about-us\/organizational-structure\/\",\"name\":\"Organizational Structure - Muzeum Pami\u0119ci Sybiru\",\"isPartOf\":{\"@id\":\"https:\/\/sybir.bialystok.pl\/en\/#website\"},\"datePublished\":\"2021-02-11T14:29:15+00:00\",\"dateModified\":\"2025-02-06T12:55:56+00:00\",\"description\":\"Meet the team of the Sybir Memorial Museum!\",\"breadcrumb\":{\"@id\":\"https:\/\/sybir.bialystok.pl\/en\/about-us\/organizational-structure\/#breadcrumb\"},\"inLanguage\":\"en-US\",\"potentialAction\":[{\"@type\":\"ReadAction\",\"target\":[\"https:\/\/sybir.bialystok.pl\/en\/about-us\/organizational-structure\/\"]}]},{\"@type\":\"BreadcrumbList\",\"@id\":\"https:\/\/sybir.bialystok.pl\/en\/about-us\/organizational-structure\/#breadcrumb\",\"itemListElement\":[{\"@type\":\"ListItem\",\"position\":1,\"name\":\"Home page\",\"item\":\"https:\/\/sybir.bialystok.pl\/en\/\"},{\"@type\":\"ListItem\",\"position\":2,\"name\":\"About us\",\"item\":\"https:\/\/sybir.bialystok.pl\/en\/about-us\/\"},{\"@type\":\"ListItem\",\"position\":3,\"name\":\"Organizational Structure\"}]},{\"@type\":\"WebSite\",\"@id\":\"https:\/\/sybir.bialystok.pl\/en\/#website\",\"url\":\"https:\/\/sybir.bialystok.pl\/en\/\",\"name\":\"Muzeum Pami\u0119ci Sybiru\",\"description\":\"Muzeum Pami\u0119ci Sybiru jest po\u015bwi\u0119cone ludziom, kt\u00f3rzy od ko\u0144ca XVI a\u017c do po\u0142owy XX wieku byli niewoleni i zsy\u0142ani w g\u0142\u0105b Rosji, a p\u00f3\u017aniej Zwi\u0105zku Sowieckiego, jak te\u017c tym, kt\u00f3rzy pod\u0105\u017cali tam dobrowolnie.\",\"potentialAction\":[{\"@type\":\"SearchAction\",\"target\":{\"@type\":\"EntryPoint\",\"urlTemplate\":\"https:\/\/sybir.bialystok.pl\/en\/?s={search_term_string}\"},\"query-input\":{\"@type\":\"PropertyValueSpecification\",\"valueRequired\":true,\"valueName\":\"search_term_string\"}}],\"inLanguage\":\"en-US\"}]}<\/script>\n<!-- \/ Yoast SEO plugin. -->","yoast_head_json":{"title":"Organizational Structure - Muzeum Pami\u0119ci Sybiru","description":"Meet the team of the Sybir Memorial Museum!","robots":{"index":"index","follow":"follow","max-snippet":"max-snippet:-1","max-image-preview":"max-image-preview:large","max-video-preview":"max-video-preview:-1"},"canonical":"https:\/\/sybir.bialystok.pl\/en\/about-us\/organizational-structure\/","og_locale":"en_US","og_type":"article","og_title":"Organizational Structure - Muzeum Pami\u0119ci Sybiru","og_description":"Meet the team of the Sybir Memorial Museum!","og_url":"https:\/\/sybir.bialystok.pl\/en\/about-us\/organizational-structure\/","og_site_name":"Muzeum Pami\u0119ci Sybiru","article_modified_time":"2025-02-06T12:55:56+00:00","twitter_card":"summary_large_image","twitter_misc":{"Est. reading time":"1 minute"},"schema":{"@context":"https:\/\/schema.org","@graph":[{"@type":"WebPage","@id":"https:\/\/sybir.bialystok.pl\/en\/about-us\/organizational-structure\/","url":"https:\/\/sybir.bialystok.pl\/en\/about-us\/organizational-structure\/","name":"Organizational Structure - Muzeum Pami\u0119ci Sybiru","isPartOf":{"@id":"https:\/\/sybir.bialystok.pl\/en\/#website"},"datePublished":"2021-02-11T14:29:15+00:00","dateModified":"2025-02-06T12:55:56+00:00","description":"Meet the team of the Sybir Memorial Museum!","breadcrumb":{"@id":"https:\/\/sybir.bialystok.pl\/en\/about-us\/organizational-structure\/#breadcrumb"},"inLanguage":"en-US","potentialAction":[{"@type":"ReadAction","target":["https:\/\/sybir.bialystok.pl\/en\/about-us\/organizational-structure\/"]}]},{"@type":"BreadcrumbList","@id":"https:\/\/sybir.bialystok.pl\/en\/about-us\/organizational-structure\/#breadcrumb","itemListElement":[{"@type":"ListItem","position":1,"name":"Home page","item":"https:\/\/sybir.bialystok.pl\/en\/"},{"@type":"ListItem","position":2,"name":"About us","item":"https:\/\/sybir.bialystok.pl\/en\/about-us\/"},{"@type":"ListItem","position":3,"name":"Organizational Structure"}]},{"@type":"WebSite","@id":"https:\/\/sybir.bialystok.pl\/en\/#website","url":"https:\/\/sybir.bialystok.pl\/en\/","name":"Muzeum Pami\u0119ci Sybiru","description":"Muzeum Pami\u0119ci Sybiru jest po\u015bwi\u0119cone ludziom, kt\u00f3rzy od ko\u0144ca XVI a\u017c do po\u0142owy XX wieku byli niewoleni i zsy\u0142ani w g\u0142\u0105b Rosji, a p\u00f3\u017aniej Zwi\u0105zku Sowieckiego, jak te\u017c tym, kt\u00f3rzy pod\u0105\u017cali tam dobrowolnie.","potentialAction":[{"@type":"SearchAction","target":{"@type":"EntryPoint","urlTemplate":"https:\/\/sybir.bialystok.pl\/en\/?s={search_term_string}"},"query-input":{"@type":"PropertyValueSpecification","valueRequired":true,"valueName":"search_term_string"}}],"inLanguage":"en-US"}]}},"_links":{"self":[{"href":"https:\/\/sybir.bialystok.pl\/en\/wp-json\/wp\/v2\/pages\/6150","targetHints":{"allow":["GET"]}}],"collection":[{"href":"https:\/\/sybir.bialystok.pl\/en\/wp-json\/wp\/v2\/pages"}],"about":[{"href":"https:\/\/sybir.bialystok.pl\/en\/wp-json\/wp\/v2\/types\/page"}],"author":[{"embeddable":true,"href":"https:\/\/sybir.bialystok.pl\/en\/wp-json\/wp\/v2\/users\/1"}],"replies":[{"embeddable":true,"href":"https:\/\/sybir.bialystok.pl\/en\/wp-json\/wp\/v2\/comments?post=6150"}],"version-history":[{"count":6,"href":"https:\/\/sybir.bialystok.pl\/en\/wp-json\/wp\/v2\/pages\/6150\/revisions"}],"predecessor-version":[{"id":34913,"href":"https:\/\/sybir.bialystok.pl\/en\/wp-json\/wp\/v2\/pages\/6150\/revisions\/34913"}],"up":[{"embeddable":true,"href":"https:\/\/sybir.bialystok.pl\/en\/wp-json\/wp\/v2\/pages\/6145"}],"wp:attachment":[{"href":"https:\/\/sybir.bialystok.pl\/en\/wp-json\/wp\/v2\/media?parent=6150"}],"curies":[{"name":"wp","href":"https:\/\/api.w.org\/{rel}","templated":true}]}}