{"id":6145,"date":"2021-02-11T15:18:03","date_gmt":"2021-02-11T14:18:03","guid":{"rendered":"https:\/\/sybir.bialystok.pl\/o-nas\/"},"modified":"2021-08-06T14:16:19","modified_gmt":"2021-08-06T12:16:19","slug":"about-us","status":"publish","type":"page","link":"https:\/\/sybir.bialystok.pl\/en\/about-us\/","title":{"rendered":"About us"},"content":{"rendered":"\n<p>The Sybir Memorial Museum is a narrative museum presenting the history of the Polish presence in <em>Sybir<\/em> from the 18<sup>th<\/sup> century, the tsarist deportations of Poles into Russia as well as the Soviet repressions and crimes, including deportations to <em>Sybir<\/em> and Kazakhstan. The word <em>Sybir<\/em> was used in the name of the museum not by accident. Siberia is a geographical region in Asia. <em>Sybir<\/em> means those areas of the Russian Empire or the Soviet Union to which Poles \u2014 caprives of war, prisoners and civilians were sent for centuries. It was not only Syberia, but also the lands of European Russia, Kazakhstan and the Far East. <\/p>\n\n\n\n<p>Many people were involved in the construction of the exhibition at the Sybir Memorial Museum. A team of professional historians worked on it substantively. Its visual side was taken care of by scenographers and visual artists. Nevertheless, everyone&#8217;s efforts might not have been successful if it was not for the Administration Department.<\/p>\n\n\n\n<figure class=\"wp-block-gallery columns-1 is-cropped wp-block-gallery-1 is-layout-flex wp-block-gallery-is-layout-flex\"><ul class=\"blocks-gallery-grid\"><li class=\"blocks-gallery-item\"><figure><a href=\"https:\/\/sybir.bialystok.pl\/wp-content\/uploads\/2021\/04\/MPS_poleska-scaled.jpg\"><img loading=\"lazy\" decoding=\"async\" width=\"1024\" height=\"431\" src=\"https:\/\/sybir.bialystok.pl\/wp-content\/uploads\/2021\/04\/MPS_poleska-1024x431.jpg\" alt=\"\" data-id=\"3946\" data-full-url=\"https:\/\/sybir.bialystok.pl\/wp-content\/uploads\/2021\/04\/MPS_poleska-scaled.jpg\" data-link=\"https:\/\/sybir.bialystok.pl\/muzeum\/o-nas\/mps_poleska\/\" class=\"wp-image-3946\" srcset=\"https:\/\/sybir.bialystok.pl\/wp-content\/uploads\/2021\/04\/MPS_poleska-1024x431.jpg 1024w, https:\/\/sybir.bialystok.pl\/wp-content\/uploads\/2021\/04\/MPS_poleska-300x126.jpg 300w, https:\/\/sybir.bialystok.pl\/wp-content\/uploads\/2021\/04\/MPS_poleska-768x323.jpg 768w, https:\/\/sybir.bialystok.pl\/wp-content\/uploads\/2021\/04\/MPS_poleska-1536x646.jpg 1536w, https:\/\/sybir.bialystok.pl\/wp-content\/uploads\/2021\/04\/MPS_poleska-2048x862.jpg 2048w\" sizes=\"auto, (max-width: 1024px) 100vw, 1024px\" \/><\/a><\/figure><\/li><\/ul><\/figure>\n","protected":false},"excerpt":{"rendered":"<p>The Sybir Memorial Museum is a team of professionals, who are close to the subject of Sybir.<\/p>\n","protected":false},"author":2,"featured_media":2237,"parent":0,"menu_order":3,"comment_status":"closed","ping_status":"closed","template":"","meta":{"_acf_changed":false,"_editorskit_title_hidden":false,"_editorskit_reading_time":0,"_editorskit_is_block_options_detached":false,"_editorskit_block_options_position":"{}","footnotes":""},"class_list":["post-6145","page","type-page","status-publish","has-post-thumbnail","hentry"],"acf":[],"yoast_head":"<!-- This site is optimized with the Yoast SEO plugin v24.6 - https:\/\/yoast.com\/wordpress\/plugins\/seo\/ -->\n<title>About us - Muzeum Pami\u0119ci Sybiru<\/title>\n<meta name=\"robots\" content=\"index, follow, max-snippet:-1, max-image-preview:large, max-video-preview:-1\" \/>\n<link rel=\"canonical\" href=\"https:\/\/sybir.bialystok.pl\/en\/about-us\/\" \/>\n<meta property=\"og:locale\" content=\"en_US\" \/>\n<meta property=\"og:type\" content=\"article\" \/>\n<meta property=\"og:title\" content=\"About us - Muzeum Pami\u0119ci Sybiru\" \/>\n<meta property=\"og:description\" content=\"The Sybir Memorial Museum is a team of professionals, who are close to the subject of Sybir.\" \/>\n<meta property=\"og:url\" content=\"https:\/\/sybir.bialystok.pl\/en\/about-us\/\" \/>\n<meta property=\"og:site_name\" content=\"Muzeum Pami\u0119ci Sybiru\" \/>\n<meta property=\"article:modified_time\" content=\"2021-08-06T12:16:19+00:00\" \/>\n<meta property=\"og:image\" content=\"https:\/\/sybir.bialystok.pl\/wp-content\/uploads\/2021\/03\/DSC6748-scaled.jpg\" \/>\n\t<meta property=\"og:image:width\" content=\"2560\" \/>\n\t<meta property=\"og:image:height\" content=\"1707\" \/>\n\t<meta property=\"og:image:type\" content=\"image\/jpeg\" \/>\n<meta name=\"twitter:card\" content=\"summary_large_image\" \/>\n<meta name=\"twitter:label1\" content=\"Est. reading time\" \/>\n\t<meta name=\"twitter:data1\" content=\"1 minute\" \/>\n<script type=\"application\/ld+json\" class=\"yoast-schema-graph\">{\"@context\":\"https:\/\/schema.org\",\"@graph\":[{\"@type\":\"WebPage\",\"@id\":\"https:\/\/sybir.bialystok.pl\/en\/about-us\/\",\"url\":\"https:\/\/sybir.bialystok.pl\/en\/about-us\/\",\"name\":\"About us - Muzeum Pami\u0119ci Sybiru\",\"isPartOf\":{\"@id\":\"https:\/\/sybir.bialystok.pl\/en\/#website\"},\"primaryImageOfPage\":{\"@id\":\"https:\/\/sybir.bialystok.pl\/en\/about-us\/#primaryimage\"},\"image\":{\"@id\":\"https:\/\/sybir.bialystok.pl\/en\/about-us\/#primaryimage\"},\"thumbnailUrl\":\"https:\/\/sybir.bialystok.pl\/wp-content\/uploads\/2021\/03\/DSC6748-scaled.jpg\",\"datePublished\":\"2021-02-11T14:18:03+00:00\",\"dateModified\":\"2021-08-06T12:16:19+00:00\",\"breadcrumb\":{\"@id\":\"https:\/\/sybir.bialystok.pl\/en\/about-us\/#breadcrumb\"},\"inLanguage\":\"en-US\",\"potentialAction\":[{\"@type\":\"ReadAction\",\"target\":[\"https:\/\/sybir.bialystok.pl\/en\/about-us\/\"]}]},{\"@type\":\"ImageObject\",\"inLanguage\":\"en-US\",\"@id\":\"https:\/\/sybir.bialystok.pl\/en\/about-us\/#primaryimage\",\"url\":\"https:\/\/sybir.bialystok.pl\/wp-content\/uploads\/2021\/03\/DSC6748-scaled.jpg\",\"contentUrl\":\"https:\/\/sybir.bialystok.pl\/wp-content\/uploads\/2021\/03\/DSC6748-scaled.jpg\",\"width\":2560,\"height\":1707},{\"@type\":\"BreadcrumbList\",\"@id\":\"https:\/\/sybir.bialystok.pl\/en\/about-us\/#breadcrumb\",\"itemListElement\":[{\"@type\":\"ListItem\",\"position\":1,\"name\":\"Home page\",\"item\":\"https:\/\/sybir.bialystok.pl\/en\/\"},{\"@type\":\"ListItem\",\"position\":2,\"name\":\"About us\"}]},{\"@type\":\"WebSite\",\"@id\":\"https:\/\/sybir.bialystok.pl\/en\/#website\",\"url\":\"https:\/\/sybir.bialystok.pl\/en\/\",\"name\":\"Muzeum Pami\u0119ci Sybiru\",\"description\":\"Muzeum Pami\u0119ci Sybiru jest po\u015bwi\u0119cone ludziom, kt\u00f3rzy od ko\u0144ca XVI a\u017c do po\u0142owy XX wieku byli niewoleni i zsy\u0142ani w g\u0142\u0105b Rosji, a p\u00f3\u017aniej Zwi\u0105zku Sowieckiego, jak te\u017c tym, kt\u00f3rzy pod\u0105\u017cali tam dobrowolnie.\",\"potentialAction\":[{\"@type\":\"SearchAction\",\"target\":{\"@type\":\"EntryPoint\",\"urlTemplate\":\"https:\/\/sybir.bialystok.pl\/en\/?s={search_term_string}\"},\"query-input\":{\"@type\":\"PropertyValueSpecification\",\"valueRequired\":true,\"valueName\":\"search_term_string\"}}],\"inLanguage\":\"en-US\"}]}<\/script>\n<!-- \/ Yoast SEO plugin. -->","yoast_head_json":{"title":"About us - Muzeum Pami\u0119ci Sybiru","robots":{"index":"index","follow":"follow","max-snippet":"max-snippet:-1","max-image-preview":"max-image-preview:large","max-video-preview":"max-video-preview:-1"},"canonical":"https:\/\/sybir.bialystok.pl\/en\/about-us\/","og_locale":"en_US","og_type":"article","og_title":"About us - Muzeum Pami\u0119ci Sybiru","og_description":"The Sybir Memorial Museum is a team of professionals, who are close to the subject of Sybir.","og_url":"https:\/\/sybir.bialystok.pl\/en\/about-us\/","og_site_name":"Muzeum Pami\u0119ci Sybiru","article_modified_time":"2021-08-06T12:16:19+00:00","og_image":[{"width":2560,"height":1707,"url":"https:\/\/sybir.bialystok.pl\/wp-content\/uploads\/2021\/03\/DSC6748-scaled.jpg","type":"image\/jpeg"}],"twitter_card":"summary_large_image","twitter_misc":{"Est. reading time":"1 minute"},"schema":{"@context":"https:\/\/schema.org","@graph":[{"@type":"WebPage","@id":"https:\/\/sybir.bialystok.pl\/en\/about-us\/","url":"https:\/\/sybir.bialystok.pl\/en\/about-us\/","name":"About us - Muzeum Pami\u0119ci Sybiru","isPartOf":{"@id":"https:\/\/sybir.bialystok.pl\/en\/#website"},"primaryImageOfPage":{"@id":"https:\/\/sybir.bialystok.pl\/en\/about-us\/#primaryimage"},"image":{"@id":"https:\/\/sybir.bialystok.pl\/en\/about-us\/#primaryimage"},"thumbnailUrl":"https:\/\/sybir.bialystok.pl\/wp-content\/uploads\/2021\/03\/DSC6748-scaled.jpg","datePublished":"2021-02-11T14:18:03+00:00","dateModified":"2021-08-06T12:16:19+00:00","breadcrumb":{"@id":"https:\/\/sybir.bialystok.pl\/en\/about-us\/#breadcrumb"},"inLanguage":"en-US","potentialAction":[{"@type":"ReadAction","target":["https:\/\/sybir.bialystok.pl\/en\/about-us\/"]}]},{"@type":"ImageObject","inLanguage":"en-US","@id":"https:\/\/sybir.bialystok.pl\/en\/about-us\/#primaryimage","url":"https:\/\/sybir.bialystok.pl\/wp-content\/uploads\/2021\/03\/DSC6748-scaled.jpg","contentUrl":"https:\/\/sybir.bialystok.pl\/wp-content\/uploads\/2021\/03\/DSC6748-scaled.jpg","width":2560,"height":1707},{"@type":"BreadcrumbList","@id":"https:\/\/sybir.bialystok.pl\/en\/about-us\/#breadcrumb","itemListElement":[{"@type":"ListItem","position":1,"name":"Home page","item":"https:\/\/sybir.bialystok.pl\/en\/"},{"@type":"ListItem","position":2,"name":"About us"}]},{"@type":"WebSite","@id":"https:\/\/sybir.bialystok.pl\/en\/#website","url":"https:\/\/sybir.bialystok.pl\/en\/","name":"Muzeum Pami\u0119ci Sybiru","description":"Muzeum Pami\u0119ci Sybiru jest po\u015bwi\u0119cone ludziom, kt\u00f3rzy od ko\u0144ca XVI a\u017c do po\u0142owy XX wieku byli niewoleni i zsy\u0142ani w g\u0142\u0105b Rosji, a p\u00f3\u017aniej Zwi\u0105zku Sowieckiego, jak te\u017c tym, kt\u00f3rzy pod\u0105\u017cali tam dobrowolnie.","potentialAction":[{"@type":"SearchAction","target":{"@type":"EntryPoint","urlTemplate":"https:\/\/sybir.bialystok.pl\/en\/?s={search_term_string}"},"query-input":{"@type":"PropertyValueSpecification","valueRequired":true,"valueName":"search_term_string"}}],"inLanguage":"en-US"}]}},"_links":{"self":[{"href":"https:\/\/sybir.bialystok.pl\/en\/wp-json\/wp\/v2\/pages\/6145","targetHints":{"allow":["GET"]}}],"collection":[{"href":"https:\/\/sybir.bialystok.pl\/en\/wp-json\/wp\/v2\/pages"}],"about":[{"href":"https:\/\/sybir.bialystok.pl\/en\/wp-json\/wp\/v2\/types\/page"}],"author":[{"embeddable":true,"href":"https:\/\/sybir.bialystok.pl\/en\/wp-json\/wp\/v2\/users\/2"}],"replies":[{"embeddable":true,"href":"https:\/\/sybir.bialystok.pl\/en\/wp-json\/wp\/v2\/comments?post=6145"}],"version-history":[{"count":2,"href":"https:\/\/sybir.bialystok.pl\/en\/wp-json\/wp\/v2\/pages\/6145\/revisions"}],"predecessor-version":[{"id":6845,"href":"https:\/\/sybir.bialystok.pl\/en\/wp-json\/wp\/v2\/pages\/6145\/revisions\/6845"}],"wp:featuredmedia":[{"embeddable":true,"href":"https:\/\/sybir.bialystok.pl\/en\/wp-json\/wp\/v2\/media\/2237"}],"wp:attachment":[{"href":"https:\/\/sybir.bialystok.pl\/en\/wp-json\/wp\/v2\/media?parent=6145"}],"curies":[{"name":"wp","href":"https:\/\/api.w.org\/{rel}","templated":true}]}}