{"id":6123,"date":"2021-05-06T11:36:58","date_gmt":"2021-05-06T09:36:58","guid":{"rendered":"https:\/\/sybir.bialystok.pl\/noc-muzeow-2021\/"},"modified":"2022-05-15T15:56:14","modified_gmt":"2022-05-15T13:56:14","slug":"the-night-of-the-museums","status":"publish","type":"page","link":"https:\/\/sybir.bialystok.pl\/en\/the-night-of-the-museums\/","title":{"rendered":"The Long Night of Museums 2021"},"content":{"rendered":"\n<p>The Long&nbsp;Night of Museums 2021 in the Sybir Memorial Museum are three films that have been made inside the building at W\u0119glowa Street 1 in Bialystok. The first one was filmed in front of the fright car so-called <em>Teplushka<\/em> which is the main entrance to the exhibition. The next two have been filmed on the ground floor of the exposition.<\/p>\n\n\n\n<h2 class=\"wp-block-heading\">#1 BRAND-NEW WEBSITE <\/h2>\n\n\n\n<p>In the first film, Wojciech \u015aleszy\u0144ski, the director of the Sybir Memorial Museum, invites for the Museum\u2019s opening ceremony and tells about our new webpage.<\/p>\n\n\n\n<figure class=\"wp-block-embed is-type-video is-provider-youtube wp-block-embed-youtube wp-embed-aspect-16-9 wp-has-aspect-ratio\"><div class=\"wp-block-embed__wrapper\">\n<iframe loading=\"lazy\" title=\"Muzeum Pami\u0119ci Sybiru \u2013 Noc Muze\u00f3w 2021\" width=\"640\" height=\"360\" src=\"https:\/\/www.youtube.com\/embed\/kfWYFXc38cE?feature=oembed\" frameborder=\"0\" allow=\"accelerometer; autoplay; clipboard-write; encrypted-media; gyroscope; picture-in-picture; web-share\" referrerpolicy=\"strict-origin-when-cross-origin\" allowfullscreen><\/iframe>\n<\/div><\/figure>\n\n\n\n<h2 class=\"wp-block-heading\">#2 AN UNUSUAL EXHIBIT AT THE PERMANENT EXHIBITION<\/h2>\n\n\n\n<p>Next video has been made at the permanent exhibition. This time Katarzyna \u015aliwowska \u2212 the Manager of the Collection Department, tells about our unusual exhibit \u2212 a book of prayers.<\/p>\n\n\n\n<p>What is the history of the item? See the video to find out:<\/p>\n\n\n\n<figure class=\"wp-block-embed is-type-video is-provider-youtube wp-block-embed-youtube wp-embed-aspect-16-9 wp-has-aspect-ratio\"><div class=\"wp-block-embed__wrapper\">\n<iframe loading=\"lazy\" title=\"Muzeum Pami\u0119ci Sybiru \u2013 eksponaty na wystawie sta\u0142ej.\" width=\"640\" height=\"360\" src=\"https:\/\/www.youtube.com\/embed\/iv1xWD7f6Tg?feature=oembed\" frameborder=\"0\" allow=\"accelerometer; autoplay; clipboard-write; encrypted-media; gyroscope; picture-in-picture; web-share\" referrerpolicy=\"strict-origin-when-cross-origin\" allowfullscreen><\/iframe>\n<\/div><\/figure>\n\n\n\n<h2 class=\"wp-block-heading\"><strong>#3 BUILDING THE SCENOGRAPHY AT THE PERMANENT EXHIBITION \u2013 THE FREIGHT CAR<\/strong><\/h2>\n\n\n\n<p>Do you want to know, how did the process of preparing the scenography to one of the Museum\u2019s niche\u2212 the freight car look like? This is what the video below tells about.<\/p>\n\n\n\n<figure class=\"wp-block-embed is-type-video is-provider-youtube wp-block-embed-youtube wp-embed-aspect-16-9 wp-has-aspect-ratio\"><div class=\"wp-block-embed__wrapper\">\n<iframe loading=\"lazy\" title=\"Muzeum Pami\u0119ci Sybiru \u2013 budowa jednej z niszy \u2013 wagonu.\" width=\"640\" height=\"360\" src=\"https:\/\/www.youtube.com\/embed\/xocBfyNH6Co?feature=oembed\" frameborder=\"0\" allow=\"accelerometer; autoplay; clipboard-write; encrypted-media; gyroscope; picture-in-picture; web-share\" referrerpolicy=\"strict-origin-when-cross-origin\" allowfullscreen><\/iframe>\n<\/div><\/figure>\n\n\n\n<p><\/p>\n","protected":false},"excerpt":{"rendered":"<p>This year\u2019s Long Night of Museums was given the online formula. As part of the event two films have been made in the permanent exhibition.<\/p>\n","protected":false},"author":1,"featured_media":4793,"parent":0,"menu_order":0,"comment_status":"closed","ping_status":"closed","template":"","meta":{"_acf_changed":false,"_editorskit_title_hidden":false,"_editorskit_reading_time":0,"_editorskit_is_block_options_detached":false,"_editorskit_block_options_position":"{}","footnotes":""},"class_list":["post-6123","page","type-page","status-publish","has-post-thumbnail","hentry"],"acf":[],"yoast_head":"<!-- This site is optimized with the Yoast SEO plugin v24.6 - https:\/\/yoast.com\/wordpress\/plugins\/seo\/ -->\n<title>The Long Night of Museums 2021 - Muzeum Pami\u0119ci Sybiru<\/title>\n<meta name=\"description\" content=\"This year\u2019s Night of the Museums was given the online formula. As part of the event two films have been made in the permanent exhibition.\" \/>\n<meta name=\"robots\" content=\"index, follow, max-snippet:-1, max-image-preview:large, max-video-preview:-1\" \/>\n<link rel=\"canonical\" href=\"https:\/\/sybir.bialystok.pl\/en\/the-night-of-the-museums\/\" \/>\n<meta property=\"og:locale\" content=\"en_US\" \/>\n<meta property=\"og:type\" content=\"article\" \/>\n<meta property=\"og:title\" content=\"The Long Night of Museums 2021 - Muzeum Pami\u0119ci Sybiru\" \/>\n<meta property=\"og:description\" content=\"This year\u2019s Night of the Museums was given the online formula. As part of the event two films have been made in the permanent exhibition.\" \/>\n<meta property=\"og:url\" content=\"https:\/\/sybir.bialystok.pl\/en\/the-night-of-the-museums\/\" \/>\n<meta property=\"og:site_name\" content=\"Muzeum Pami\u0119ci Sybiru\" \/>\n<meta property=\"article:modified_time\" content=\"2022-05-15T13:56:14+00:00\" \/>\n<meta property=\"og:image\" content=\"https:\/\/sybir.bialystok.pl\/wp-content\/uploads\/2021\/05\/Bez-nazwy-2.jpg_.jpg\" \/>\n\t<meta property=\"og:image:width\" content=\"1216\" \/>\n\t<meta property=\"og:image:height\" content=\"580\" \/>\n\t<meta property=\"og:image:type\" content=\"image\/jpeg\" \/>\n<meta name=\"twitter:card\" content=\"summary_large_image\" \/>\n<meta name=\"twitter:label1\" content=\"Est. reading time\" \/>\n\t<meta name=\"twitter:data1\" content=\"1 minute\" \/>\n<script type=\"application\/ld+json\" class=\"yoast-schema-graph\">{\"@context\":\"https:\/\/schema.org\",\"@graph\":[{\"@type\":\"WebPage\",\"@id\":\"https:\/\/sybir.bialystok.pl\/en\/the-night-of-the-museums\/\",\"url\":\"https:\/\/sybir.bialystok.pl\/en\/the-night-of-the-museums\/\",\"name\":\"The Long Night of Museums 2021 - Muzeum Pami\u0119ci Sybiru\",\"isPartOf\":{\"@id\":\"https:\/\/sybir.bialystok.pl\/en\/#website\"},\"primaryImageOfPage\":{\"@id\":\"https:\/\/sybir.bialystok.pl\/en\/the-night-of-the-museums\/#primaryimage\"},\"image\":{\"@id\":\"https:\/\/sybir.bialystok.pl\/en\/the-night-of-the-museums\/#primaryimage\"},\"thumbnailUrl\":\"https:\/\/sybir.bialystok.pl\/wp-content\/uploads\/2021\/05\/Bez-nazwy-2.jpg_.jpg\",\"datePublished\":\"2021-05-06T09:36:58+00:00\",\"dateModified\":\"2022-05-15T13:56:14+00:00\",\"description\":\"This year\u2019s Night of the Museums was given the online formula. As part of the event two films have been made in the permanent exhibition.\",\"breadcrumb\":{\"@id\":\"https:\/\/sybir.bialystok.pl\/en\/the-night-of-the-museums\/#breadcrumb\"},\"inLanguage\":\"en-US\",\"potentialAction\":[{\"@type\":\"ReadAction\",\"target\":[\"https:\/\/sybir.bialystok.pl\/en\/the-night-of-the-museums\/\"]}]},{\"@type\":\"ImageObject\",\"inLanguage\":\"en-US\",\"@id\":\"https:\/\/sybir.bialystok.pl\/en\/the-night-of-the-museums\/#primaryimage\",\"url\":\"https:\/\/sybir.bialystok.pl\/wp-content\/uploads\/2021\/05\/Bez-nazwy-2.jpg_.jpg\",\"contentUrl\":\"https:\/\/sybir.bialystok.pl\/wp-content\/uploads\/2021\/05\/Bez-nazwy-2.jpg_.jpg\",\"width\":1216,\"height\":580},{\"@type\":\"BreadcrumbList\",\"@id\":\"https:\/\/sybir.bialystok.pl\/en\/the-night-of-the-museums\/#breadcrumb\",\"itemListElement\":[{\"@type\":\"ListItem\",\"position\":1,\"name\":\"Home page\",\"item\":\"https:\/\/sybir.bialystok.pl\/en\/\"},{\"@type\":\"ListItem\",\"position\":2,\"name\":\"The Long Night of Museums 2021\"}]},{\"@type\":\"WebSite\",\"@id\":\"https:\/\/sybir.bialystok.pl\/en\/#website\",\"url\":\"https:\/\/sybir.bialystok.pl\/en\/\",\"name\":\"Muzeum Pami\u0119ci Sybiru\",\"description\":\"Muzeum Pami\u0119ci Sybiru jest po\u015bwi\u0119cone ludziom, kt\u00f3rzy od ko\u0144ca XVI a\u017c do po\u0142owy XX wieku byli niewoleni i zsy\u0142ani w g\u0142\u0105b Rosji, a p\u00f3\u017aniej Zwi\u0105zku Sowieckiego, jak te\u017c tym, kt\u00f3rzy pod\u0105\u017cali tam dobrowolnie.\",\"potentialAction\":[{\"@type\":\"SearchAction\",\"target\":{\"@type\":\"EntryPoint\",\"urlTemplate\":\"https:\/\/sybir.bialystok.pl\/en\/?s={search_term_string}\"},\"query-input\":{\"@type\":\"PropertyValueSpecification\",\"valueRequired\":true,\"valueName\":\"search_term_string\"}}],\"inLanguage\":\"en-US\"}]}<\/script>\n<!-- \/ Yoast SEO plugin. -->","yoast_head_json":{"title":"The Long Night of Museums 2021 - Muzeum Pami\u0119ci Sybiru","description":"This year\u2019s Night of the Museums was given the online formula. As part of the event two films have been made in the permanent exhibition.","robots":{"index":"index","follow":"follow","max-snippet":"max-snippet:-1","max-image-preview":"max-image-preview:large","max-video-preview":"max-video-preview:-1"},"canonical":"https:\/\/sybir.bialystok.pl\/en\/the-night-of-the-museums\/","og_locale":"en_US","og_type":"article","og_title":"The Long Night of Museums 2021 - Muzeum Pami\u0119ci Sybiru","og_description":"This year\u2019s Night of the Museums was given the online formula. As part of the event two films have been made in the permanent exhibition.","og_url":"https:\/\/sybir.bialystok.pl\/en\/the-night-of-the-museums\/","og_site_name":"Muzeum Pami\u0119ci Sybiru","article_modified_time":"2022-05-15T13:56:14+00:00","og_image":[{"width":1216,"height":580,"url":"https:\/\/sybir.bialystok.pl\/wp-content\/uploads\/2021\/05\/Bez-nazwy-2.jpg_.jpg","type":"image\/jpeg"}],"twitter_card":"summary_large_image","twitter_misc":{"Est. reading time":"1 minute"},"schema":{"@context":"https:\/\/schema.org","@graph":[{"@type":"WebPage","@id":"https:\/\/sybir.bialystok.pl\/en\/the-night-of-the-museums\/","url":"https:\/\/sybir.bialystok.pl\/en\/the-night-of-the-museums\/","name":"The Long Night of Museums 2021 - Muzeum Pami\u0119ci Sybiru","isPartOf":{"@id":"https:\/\/sybir.bialystok.pl\/en\/#website"},"primaryImageOfPage":{"@id":"https:\/\/sybir.bialystok.pl\/en\/the-night-of-the-museums\/#primaryimage"},"image":{"@id":"https:\/\/sybir.bialystok.pl\/en\/the-night-of-the-museums\/#primaryimage"},"thumbnailUrl":"https:\/\/sybir.bialystok.pl\/wp-content\/uploads\/2021\/05\/Bez-nazwy-2.jpg_.jpg","datePublished":"2021-05-06T09:36:58+00:00","dateModified":"2022-05-15T13:56:14+00:00","description":"This year\u2019s Night of the Museums was given the online formula. As part of the event two films have been made in the permanent exhibition.","breadcrumb":{"@id":"https:\/\/sybir.bialystok.pl\/en\/the-night-of-the-museums\/#breadcrumb"},"inLanguage":"en-US","potentialAction":[{"@type":"ReadAction","target":["https:\/\/sybir.bialystok.pl\/en\/the-night-of-the-museums\/"]}]},{"@type":"ImageObject","inLanguage":"en-US","@id":"https:\/\/sybir.bialystok.pl\/en\/the-night-of-the-museums\/#primaryimage","url":"https:\/\/sybir.bialystok.pl\/wp-content\/uploads\/2021\/05\/Bez-nazwy-2.jpg_.jpg","contentUrl":"https:\/\/sybir.bialystok.pl\/wp-content\/uploads\/2021\/05\/Bez-nazwy-2.jpg_.jpg","width":1216,"height":580},{"@type":"BreadcrumbList","@id":"https:\/\/sybir.bialystok.pl\/en\/the-night-of-the-museums\/#breadcrumb","itemListElement":[{"@type":"ListItem","position":1,"name":"Home page","item":"https:\/\/sybir.bialystok.pl\/en\/"},{"@type":"ListItem","position":2,"name":"The Long Night of Museums 2021"}]},{"@type":"WebSite","@id":"https:\/\/sybir.bialystok.pl\/en\/#website","url":"https:\/\/sybir.bialystok.pl\/en\/","name":"Muzeum Pami\u0119ci Sybiru","description":"Muzeum Pami\u0119ci Sybiru jest po\u015bwi\u0119cone ludziom, kt\u00f3rzy od ko\u0144ca XVI a\u017c do po\u0142owy XX wieku byli niewoleni i zsy\u0142ani w g\u0142\u0105b Rosji, a p\u00f3\u017aniej Zwi\u0105zku Sowieckiego, jak te\u017c tym, kt\u00f3rzy pod\u0105\u017cali tam dobrowolnie.","potentialAction":[{"@type":"SearchAction","target":{"@type":"EntryPoint","urlTemplate":"https:\/\/sybir.bialystok.pl\/en\/?s={search_term_string}"},"query-input":{"@type":"PropertyValueSpecification","valueRequired":true,"valueName":"search_term_string"}}],"inLanguage":"en-US"}]}},"_links":{"self":[{"href":"https:\/\/sybir.bialystok.pl\/en\/wp-json\/wp\/v2\/pages\/6123","targetHints":{"allow":["GET"]}}],"collection":[{"href":"https:\/\/sybir.bialystok.pl\/en\/wp-json\/wp\/v2\/pages"}],"about":[{"href":"https:\/\/sybir.bialystok.pl\/en\/wp-json\/wp\/v2\/types\/page"}],"author":[{"embeddable":true,"href":"https:\/\/sybir.bialystok.pl\/en\/wp-json\/wp\/v2\/users\/1"}],"replies":[{"embeddable":true,"href":"https:\/\/sybir.bialystok.pl\/en\/wp-json\/wp\/v2\/comments?post=6123"}],"version-history":[{"count":5,"href":"https:\/\/sybir.bialystok.pl\/en\/wp-json\/wp\/v2\/pages\/6123\/revisions"}],"predecessor-version":[{"id":13019,"href":"https:\/\/sybir.bialystok.pl\/en\/wp-json\/wp\/v2\/pages\/6123\/revisions\/13019"}],"wp:featuredmedia":[{"embeddable":true,"href":"https:\/\/sybir.bialystok.pl\/en\/wp-json\/wp\/v2\/media\/4793"}],"wp:attachment":[{"href":"https:\/\/sybir.bialystok.pl\/en\/wp-json\/wp\/v2\/media?parent=6123"}],"curies":[{"name":"wp","href":"https:\/\/api.w.org\/{rel}","templated":true}]}}