{"id":34053,"date":"2025-01-08T13:48:05","date_gmt":"2025-01-08T12:48:05","guid":{"rendered":"https:\/\/sybir.bialystok.pl\/?page_id=34053"},"modified":"2025-05-23T14:44:05","modified_gmt":"2025-05-23T12:44:05","slug":"boundlessness-in-sybir-new-temporary-exhibition","status":"publish","type":"page","link":"https:\/\/sybir.bialystok.pl\/en\/boundlessness-in-sybir-new-temporary-exhibition\/","title":{"rendered":"&#8220;Boundlessness in Sybir&#8221; \u2013 new temporary exhibition"},"content":{"rendered":"\n<p>The fate of Sybiraks, their challenging experiences, and the suffering they had to face each day encourage reflection on the limits of human ability. Where the boundary of strength, will to survive, or humanity appear, there also exists the boundlessness of hope and faith.<\/p>\n\n\n\n<p>The exhibition &#8220;Boundlessness in Sybir&#8221; presents the theme of deportations to Siberia through the lens of contemporary art and philosophical reflection. The overriding idea of the exhibition is to create a space where artists can contemplate the concepts of boundlessness and boundary and express using\u00a0 different artistic techniques. The exhibition addresses the significance of both physical and symbolic boundaries.<\/p>\n\n\n\n<p>A crucial element for preparing the exhibition &#8216;Boundlessness in Sybir&#8217; involved face-to-face meetings between artists and Sybiraks, who shared their personal experiences. They talked about how they understand the concept of boundlessness, relating it to their own experiences. As a result, the works displayed at the exhibition are not only expressions of artistic creativity but also profound reflections on human experience and resilience. The heart of this project lies in the voices and the stories of the Sybiraks, which give it authenticity and emotional depth. The exhibition &#8220;Boundlessness in Sybir&#8221; is another action taken by the Sybir Memorial Museum, which will contribute to commemorating the fate of people exiled to Siberia and passing on their stories to future generations.<\/p>\n\n\n\n<p>While preparing this exhibition, the Sybir Memorial Museum collaborated with the Institute of Arts at the Faculty of Architecture, Bialystok University of Technology. The art curator is Kamil Kopania, and the substantive curator is Ewelina Kamie\u0144ska.<\/p>\n\n\n\n<p><strong>The exhibition is open until June 29th, 2025.<\/strong><\/p>\n\n\n\n<p><strong>Authors of the works:<\/strong><br>Anna Ci\u017cewska \u2013 Czarnecka<br>Andrzej Dworakowski<br>Jan Godlewski<br>Aleksandra Jaku\u0107<br>Tatiana Misijuk<br>Jaros\u0142aw Perszko<br>Waldemar Regucki<br>Justyna So\u0142omianko<br>Katarzyna Zab\u0142ocka<\/p>\n\n\n\n<p><strong>Witnesses to history:<\/strong><br>Teresa Borowska<br>Tadeusz Borowski &#8211; Beszta<br>Wanda Ko\u015bciuczuk<br>Jolanta Hryniewicka<br>Zenon Puchalski<br>Janina Rutkowska<br>Barbara Sok\u00f3lska<br>Stanis\u0142awa Tankiewicz<\/p>\n\n\n\n<!--more-->\n\n\n\n<p><\/p>\n\n\n\n<p><\/p>\n\n\n\n<p><\/p>\n","protected":false},"excerpt":{"rendered":"<p>We invite you to a new temporary exhibition, which will be presented until June 29th, 2025.<\/p>\n","protected":false},"author":8,"featured_media":32919,"parent":0,"menu_order":0,"comment_status":"closed","ping_status":"closed","template":"","meta":{"_acf_changed":false,"_editorskit_title_hidden":false,"_editorskit_reading_time":0,"_editorskit_is_block_options_detached":false,"_editorskit_block_options_position":"{}","footnotes":""},"class_list":["post-34053","page","type-page","status-publish","has-post-thumbnail","hentry"],"acf":[],"yoast_head":"<!-- This site is optimized with the Yoast SEO plugin v24.6 - https:\/\/yoast.com\/wordpress\/plugins\/seo\/ -->\n<title>&quot;Boundlessness in Sybir&quot; \u2013 new temporary exhibition - Muzeum Pami\u0119ci Sybiru<\/title>\n<meta name=\"robots\" content=\"index, follow, max-snippet:-1, max-image-preview:large, max-video-preview:-1\" \/>\n<link rel=\"canonical\" href=\"https:\/\/sybir.bialystok.pl\/en\/boundlessness-in-sybir-new-temporary-exhibition\/\" \/>\n<meta property=\"og:locale\" content=\"en_US\" \/>\n<meta property=\"og:type\" content=\"article\" \/>\n<meta property=\"og:title\" content=\"&quot;Boundlessness in Sybir&quot; \u2013 new temporary exhibition - Muzeum Pami\u0119ci Sybiru\" \/>\n<meta property=\"og:description\" content=\"We invite you to a new temporary exhibition, which will be presented until June 29th, 2025.\" \/>\n<meta property=\"og:url\" content=\"https:\/\/sybir.bialystok.pl\/en\/boundlessness-in-sybir-new-temporary-exhibition\/\" \/>\n<meta property=\"og:site_name\" content=\"Muzeum Pami\u0119ci Sybiru\" \/>\n<meta property=\"article:modified_time\" content=\"2025-05-23T12:44:05+00:00\" \/>\n<meta property=\"og:image\" content=\"https:\/\/sybir.bialystok.pl\/wp-content\/uploads\/2024\/11\/Okladka_Solomianko-1-edited-1.jpg\" \/>\n\t<meta property=\"og:image:width\" content=\"1365\" \/>\n\t<meta property=\"og:image:height\" content=\"768\" \/>\n\t<meta property=\"og:image:type\" content=\"image\/jpeg\" \/>\n<meta name=\"twitter:card\" content=\"summary_large_image\" \/>\n<meta name=\"twitter:label1\" content=\"Est. reading time\" \/>\n\t<meta name=\"twitter:data1\" content=\"2 minutes\" \/>\n<script type=\"application\/ld+json\" class=\"yoast-schema-graph\">{\"@context\":\"https:\/\/schema.org\",\"@graph\":[{\"@type\":\"WebPage\",\"@id\":\"https:\/\/sybir.bialystok.pl\/en\/boundlessness-in-sybir-new-temporary-exhibition\/\",\"url\":\"https:\/\/sybir.bialystok.pl\/en\/boundlessness-in-sybir-new-temporary-exhibition\/\",\"name\":\"\\\"Boundlessness in Sybir\\\" \u2013 new temporary exhibition - Muzeum Pami\u0119ci Sybiru\",\"isPartOf\":{\"@id\":\"https:\/\/sybir.bialystok.pl\/en\/#website\"},\"primaryImageOfPage\":{\"@id\":\"https:\/\/sybir.bialystok.pl\/en\/boundlessness-in-sybir-new-temporary-exhibition\/#primaryimage\"},\"image\":{\"@id\":\"https:\/\/sybir.bialystok.pl\/en\/boundlessness-in-sybir-new-temporary-exhibition\/#primaryimage\"},\"thumbnailUrl\":\"https:\/\/sybir.bialystok.pl\/wp-content\/uploads\/2024\/11\/Okladka_Solomianko-1-edited-1.jpg\",\"datePublished\":\"2025-01-08T12:48:05+00:00\",\"dateModified\":\"2025-05-23T12:44:05+00:00\",\"breadcrumb\":{\"@id\":\"https:\/\/sybir.bialystok.pl\/en\/boundlessness-in-sybir-new-temporary-exhibition\/#breadcrumb\"},\"inLanguage\":\"en-US\",\"potentialAction\":[{\"@type\":\"ReadAction\",\"target\":[\"https:\/\/sybir.bialystok.pl\/en\/boundlessness-in-sybir-new-temporary-exhibition\/\"]}]},{\"@type\":\"ImageObject\",\"inLanguage\":\"en-US\",\"@id\":\"https:\/\/sybir.bialystok.pl\/en\/boundlessness-in-sybir-new-temporary-exhibition\/#primaryimage\",\"url\":\"https:\/\/sybir.bialystok.pl\/wp-content\/uploads\/2024\/11\/Okladka_Solomianko-1-edited-1.jpg\",\"contentUrl\":\"https:\/\/sybir.bialystok.pl\/wp-content\/uploads\/2024\/11\/Okladka_Solomianko-1-edited-1.jpg\",\"width\":1365,\"height\":768},{\"@type\":\"BreadcrumbList\",\"@id\":\"https:\/\/sybir.bialystok.pl\/en\/boundlessness-in-sybir-new-temporary-exhibition\/#breadcrumb\",\"itemListElement\":[{\"@type\":\"ListItem\",\"position\":1,\"name\":\"Home page\",\"item\":\"https:\/\/sybir.bialystok.pl\/en\/\"},{\"@type\":\"ListItem\",\"position\":2,\"name\":\"&#8222;Boundlessness in Sybir&#8221; \u2013 new temporary exhibition\"}]},{\"@type\":\"WebSite\",\"@id\":\"https:\/\/sybir.bialystok.pl\/en\/#website\",\"url\":\"https:\/\/sybir.bialystok.pl\/en\/\",\"name\":\"Muzeum Pami\u0119ci Sybiru\",\"description\":\"Muzeum Pami\u0119ci Sybiru jest po\u015bwi\u0119cone ludziom, kt\u00f3rzy od ko\u0144ca XVI a\u017c do po\u0142owy XX wieku byli niewoleni i zsy\u0142ani w g\u0142\u0105b Rosji, a p\u00f3\u017aniej Zwi\u0105zku Sowieckiego, jak te\u017c tym, kt\u00f3rzy pod\u0105\u017cali tam dobrowolnie.\",\"potentialAction\":[{\"@type\":\"SearchAction\",\"target\":{\"@type\":\"EntryPoint\",\"urlTemplate\":\"https:\/\/sybir.bialystok.pl\/en\/?s={search_term_string}\"},\"query-input\":{\"@type\":\"PropertyValueSpecification\",\"valueRequired\":true,\"valueName\":\"search_term_string\"}}],\"inLanguage\":\"en-US\"}]}<\/script>\n<!-- \/ Yoast SEO plugin. -->","yoast_head_json":{"title":"\"Boundlessness in Sybir\" \u2013 new temporary exhibition - Muzeum Pami\u0119ci Sybiru","robots":{"index":"index","follow":"follow","max-snippet":"max-snippet:-1","max-image-preview":"max-image-preview:large","max-video-preview":"max-video-preview:-1"},"canonical":"https:\/\/sybir.bialystok.pl\/en\/boundlessness-in-sybir-new-temporary-exhibition\/","og_locale":"en_US","og_type":"article","og_title":"\"Boundlessness in Sybir\" \u2013 new temporary exhibition - Muzeum Pami\u0119ci Sybiru","og_description":"We invite you to a new temporary exhibition, which will be presented until June 29th, 2025.","og_url":"https:\/\/sybir.bialystok.pl\/en\/boundlessness-in-sybir-new-temporary-exhibition\/","og_site_name":"Muzeum Pami\u0119ci Sybiru","article_modified_time":"2025-05-23T12:44:05+00:00","og_image":[{"width":1365,"height":768,"url":"https:\/\/sybir.bialystok.pl\/wp-content\/uploads\/2024\/11\/Okladka_Solomianko-1-edited-1.jpg","type":"image\/jpeg"}],"twitter_card":"summary_large_image","twitter_misc":{"Est. reading time":"2 minutes"},"schema":{"@context":"https:\/\/schema.org","@graph":[{"@type":"WebPage","@id":"https:\/\/sybir.bialystok.pl\/en\/boundlessness-in-sybir-new-temporary-exhibition\/","url":"https:\/\/sybir.bialystok.pl\/en\/boundlessness-in-sybir-new-temporary-exhibition\/","name":"\"Boundlessness in Sybir\" \u2013 new temporary exhibition - Muzeum Pami\u0119ci Sybiru","isPartOf":{"@id":"https:\/\/sybir.bialystok.pl\/en\/#website"},"primaryImageOfPage":{"@id":"https:\/\/sybir.bialystok.pl\/en\/boundlessness-in-sybir-new-temporary-exhibition\/#primaryimage"},"image":{"@id":"https:\/\/sybir.bialystok.pl\/en\/boundlessness-in-sybir-new-temporary-exhibition\/#primaryimage"},"thumbnailUrl":"https:\/\/sybir.bialystok.pl\/wp-content\/uploads\/2024\/11\/Okladka_Solomianko-1-edited-1.jpg","datePublished":"2025-01-08T12:48:05+00:00","dateModified":"2025-05-23T12:44:05+00:00","breadcrumb":{"@id":"https:\/\/sybir.bialystok.pl\/en\/boundlessness-in-sybir-new-temporary-exhibition\/#breadcrumb"},"inLanguage":"en-US","potentialAction":[{"@type":"ReadAction","target":["https:\/\/sybir.bialystok.pl\/en\/boundlessness-in-sybir-new-temporary-exhibition\/"]}]},{"@type":"ImageObject","inLanguage":"en-US","@id":"https:\/\/sybir.bialystok.pl\/en\/boundlessness-in-sybir-new-temporary-exhibition\/#primaryimage","url":"https:\/\/sybir.bialystok.pl\/wp-content\/uploads\/2024\/11\/Okladka_Solomianko-1-edited-1.jpg","contentUrl":"https:\/\/sybir.bialystok.pl\/wp-content\/uploads\/2024\/11\/Okladka_Solomianko-1-edited-1.jpg","width":1365,"height":768},{"@type":"BreadcrumbList","@id":"https:\/\/sybir.bialystok.pl\/en\/boundlessness-in-sybir-new-temporary-exhibition\/#breadcrumb","itemListElement":[{"@type":"ListItem","position":1,"name":"Home page","item":"https:\/\/sybir.bialystok.pl\/en\/"},{"@type":"ListItem","position":2,"name":"&#8222;Boundlessness in Sybir&#8221; \u2013 new temporary exhibition"}]},{"@type":"WebSite","@id":"https:\/\/sybir.bialystok.pl\/en\/#website","url":"https:\/\/sybir.bialystok.pl\/en\/","name":"Muzeum Pami\u0119ci Sybiru","description":"Muzeum Pami\u0119ci Sybiru jest po\u015bwi\u0119cone ludziom, kt\u00f3rzy od ko\u0144ca XVI a\u017c do po\u0142owy XX wieku byli niewoleni i zsy\u0142ani w g\u0142\u0105b Rosji, a p\u00f3\u017aniej Zwi\u0105zku Sowieckiego, jak te\u017c tym, kt\u00f3rzy pod\u0105\u017cali tam dobrowolnie.","potentialAction":[{"@type":"SearchAction","target":{"@type":"EntryPoint","urlTemplate":"https:\/\/sybir.bialystok.pl\/en\/?s={search_term_string}"},"query-input":{"@type":"PropertyValueSpecification","valueRequired":true,"valueName":"search_term_string"}}],"inLanguage":"en-US"}]}},"_links":{"self":[{"href":"https:\/\/sybir.bialystok.pl\/en\/wp-json\/wp\/v2\/pages\/34053","targetHints":{"allow":["GET"]}}],"collection":[{"href":"https:\/\/sybir.bialystok.pl\/en\/wp-json\/wp\/v2\/pages"}],"about":[{"href":"https:\/\/sybir.bialystok.pl\/en\/wp-json\/wp\/v2\/types\/page"}],"author":[{"embeddable":true,"href":"https:\/\/sybir.bialystok.pl\/en\/wp-json\/wp\/v2\/users\/8"}],"replies":[{"embeddable":true,"href":"https:\/\/sybir.bialystok.pl\/en\/wp-json\/wp\/v2\/comments?post=34053"}],"version-history":[{"count":5,"href":"https:\/\/sybir.bialystok.pl\/en\/wp-json\/wp\/v2\/pages\/34053\/revisions"}],"predecessor-version":[{"id":37495,"href":"https:\/\/sybir.bialystok.pl\/en\/wp-json\/wp\/v2\/pages\/34053\/revisions\/37495"}],"wp:featuredmedia":[{"embeddable":true,"href":"https:\/\/sybir.bialystok.pl\/en\/wp-json\/wp\/v2\/media\/32919"}],"wp:attachment":[{"href":"https:\/\/sybir.bialystok.pl\/en\/wp-json\/wp\/v2\/media?parent=34053"}],"curies":[{"name":"wp","href":"https:\/\/api.w.org\/{rel}","templated":true}]}}