{"id":33851,"date":"2024-12-19T15:22:14","date_gmt":"2024-12-19T14:22:14","guid":{"rendered":"https:\/\/sybir.bialystok.pl\/?page_id=33851"},"modified":"2025-01-10T10:24:35","modified_gmt":"2025-01-10T09:24:35","slug":"the-council-of-the-sybir-memorial-museum","status":"publish","type":"page","link":"https:\/\/sybir.bialystok.pl\/en\/the-council-of-the-sybir-memorial-museum\/","title":{"rendered":"The Council of the Sybir Memorial Museum"},"content":{"rendered":"\n<p>The Council of the Sybir Memorial Museum consists of:<\/p>\n\n\n\n<ul class=\"wp-block-list\">\n<li>Krzysztof Truskolaski \u2013 chairman<\/li>\n\n\n\n<li>professor&nbsp;Albin G\u0142owacki \u2013 vice-chairman<\/li>\n\n\n\n<li>Przemys\u0142aw Tuchli\u0144ski \u2013 vice-chairman<\/li>\n\n\n\n<li>Kordian Borejko<\/li>\n\n\n\n<li>Jacek Brzozowski, PhD<\/li>\n\n\n\n<li>Ar\u016bnas Bubnys, PhD<\/li>\n\n\n\n<li>Wasyl Haniewicz<\/li>\n\n\n\n<li>professor&nbsp;Niko\u0142aj Iwanow<\/li>\n\n\n\n<li>Witold Karczewski<\/li>\n\n\n\n<li>Edyta Marzena Mozyrska<\/li>\n\n\n\n<li>Pietro Rogacie\u0144<\/li>\n\n\n\n<li>Rafa\u0142 Rudnicki<\/li>\n\n\n\n<li>Robert Jerzy Sadowski<\/li>\n\n\n\n<li>Jan Snopko, PhD, Professor of the University of Bia\u0142ystok<\/li>\n\n\n\n<li>Waldemar Franciszek Wilczewski, PhD<\/li>\n<\/ul>\n\n\n\n<figure class=\"wp-block-gallery has-nested-images columns-default is-cropped wp-block-gallery-1 is-layout-flex wp-block-gallery-is-layout-flex\">\n<figure class=\"wp-block-image size-large\"><img loading=\"lazy\" decoding=\"async\" width=\"1024\" height=\"683\" data-id=\"34092\" src=\"https:\/\/sybir.bialystok.pl\/wp-content\/uploads\/2025\/01\/DSC_0027-1024x683.jpg\" alt=\"\" class=\"wp-image-34092\" srcset=\"https:\/\/sybir.bialystok.pl\/wp-content\/uploads\/2025\/01\/DSC_0027-1024x683.jpg 1024w, https:\/\/sybir.bialystok.pl\/wp-content\/uploads\/2025\/01\/DSC_0027-300x200.jpg 300w, https:\/\/sybir.bialystok.pl\/wp-content\/uploads\/2025\/01\/DSC_0027-768x512.jpg 768w, https:\/\/sybir.bialystok.pl\/wp-content\/uploads\/2025\/01\/DSC_0027-1536x1024.jpg 1536w, https:\/\/sybir.bialystok.pl\/wp-content\/uploads\/2025\/01\/DSC_0027-2048x1365.jpg 2048w\" sizes=\"auto, (max-width: 1024px) 100vw, 1024px\" \/><\/figure>\n\n\n\n<figure class=\"wp-block-image size-large\"><img loading=\"lazy\" decoding=\"async\" width=\"1024\" height=\"683\" data-id=\"33992\" src=\"https:\/\/sybir.bialystok.pl\/wp-content\/uploads\/2025\/01\/DSC_0077-1024x683.jpg\" alt=\"\" class=\"wp-image-33992\" srcset=\"https:\/\/sybir.bialystok.pl\/wp-content\/uploads\/2025\/01\/DSC_0077-1024x683.jpg 1024w, https:\/\/sybir.bialystok.pl\/wp-content\/uploads\/2025\/01\/DSC_0077-300x200.jpg 300w, https:\/\/sybir.bialystok.pl\/wp-content\/uploads\/2025\/01\/DSC_0077-768x512.jpg 768w, https:\/\/sybir.bialystok.pl\/wp-content\/uploads\/2025\/01\/DSC_0077-1536x1024.jpg 1536w, https:\/\/sybir.bialystok.pl\/wp-content\/uploads\/2025\/01\/DSC_0077-2048x1366.jpg 2048w\" sizes=\"auto, (max-width: 1024px) 100vw, 1024px\" \/><\/figure>\n\n\n\n<figure class=\"wp-block-image size-large\"><img loading=\"lazy\" decoding=\"async\" width=\"1024\" height=\"683\" data-id=\"34082\" src=\"https:\/\/sybir.bialystok.pl\/wp-content\/uploads\/2025\/01\/DSC_0079-1-1024x683.jpg\" alt=\"\" class=\"wp-image-34082\" srcset=\"https:\/\/sybir.bialystok.pl\/wp-content\/uploads\/2025\/01\/DSC_0079-1-1024x683.jpg 1024w, https:\/\/sybir.bialystok.pl\/wp-content\/uploads\/2025\/01\/DSC_0079-1-300x200.jpg 300w, https:\/\/sybir.bialystok.pl\/wp-content\/uploads\/2025\/01\/DSC_0079-1-768x512.jpg 768w, https:\/\/sybir.bialystok.pl\/wp-content\/uploads\/2025\/01\/DSC_0079-1-1536x1024.jpg 1536w, https:\/\/sybir.bialystok.pl\/wp-content\/uploads\/2025\/01\/DSC_0079-1-2048x1366.jpg 2048w\" sizes=\"auto, (max-width: 1024px) 100vw, 1024px\" \/><\/figure>\n\n\n\n<figure class=\"wp-block-image size-large\"><img loading=\"lazy\" decoding=\"async\" width=\"1024\" height=\"683\" data-id=\"33971\" src=\"https:\/\/sybir.bialystok.pl\/wp-content\/uploads\/2025\/01\/DSC_0053-1024x683.jpg\" alt=\"\" class=\"wp-image-33971\" srcset=\"https:\/\/sybir.bialystok.pl\/wp-content\/uploads\/2025\/01\/DSC_0053-1024x683.jpg 1024w, https:\/\/sybir.bialystok.pl\/wp-content\/uploads\/2025\/01\/DSC_0053-300x200.jpg 300w, https:\/\/sybir.bialystok.pl\/wp-content\/uploads\/2025\/01\/DSC_0053-768x512.jpg 768w, https:\/\/sybir.bialystok.pl\/wp-content\/uploads\/2025\/01\/DSC_0053-1536x1024.jpg 1536w, https:\/\/sybir.bialystok.pl\/wp-content\/uploads\/2025\/01\/DSC_0053-2048x1365.jpg 2048w\" sizes=\"auto, (max-width: 1024px) 100vw, 1024px\" \/><\/figure>\n\n\n\n<figure class=\"wp-block-image size-large\"><img loading=\"lazy\" decoding=\"async\" width=\"1024\" height=\"683\" data-id=\"34089\" src=\"https:\/\/sybir.bialystok.pl\/wp-content\/uploads\/2025\/01\/DSC_0012-1024x683.jpg\" alt=\"\" class=\"wp-image-34089\" srcset=\"https:\/\/sybir.bialystok.pl\/wp-content\/uploads\/2025\/01\/DSC_0012-1024x683.jpg 1024w, https:\/\/sybir.bialystok.pl\/wp-content\/uploads\/2025\/01\/DSC_0012-300x200.jpg 300w, https:\/\/sybir.bialystok.pl\/wp-content\/uploads\/2025\/01\/DSC_0012-768x512.jpg 768w, https:\/\/sybir.bialystok.pl\/wp-content\/uploads\/2025\/01\/DSC_0012-1536x1024.jpg 1536w, https:\/\/sybir.bialystok.pl\/wp-content\/uploads\/2025\/01\/DSC_0012-2048x1365.jpg 2048w\" sizes=\"auto, (max-width: 1024px) 100vw, 1024px\" \/><\/figure>\n\n\n\n<figure class=\"wp-block-image size-large\"><img loading=\"lazy\" decoding=\"async\" width=\"1024\" height=\"683\" data-id=\"34085\" src=\"https:\/\/sybir.bialystok.pl\/wp-content\/uploads\/2025\/01\/DSC_0050-1024x683.jpg\" alt=\"\" class=\"wp-image-34085\" srcset=\"https:\/\/sybir.bialystok.pl\/wp-content\/uploads\/2025\/01\/DSC_0050-1024x683.jpg 1024w, https:\/\/sybir.bialystok.pl\/wp-content\/uploads\/2025\/01\/DSC_0050-300x200.jpg 300w, https:\/\/sybir.bialystok.pl\/wp-content\/uploads\/2025\/01\/DSC_0050-768x512.jpg 768w, https:\/\/sybir.bialystok.pl\/wp-content\/uploads\/2025\/01\/DSC_0050-1536x1024.jpg 1536w, https:\/\/sybir.bialystok.pl\/wp-content\/uploads\/2025\/01\/DSC_0050-2048x1365.jpg 2048w\" sizes=\"auto, (max-width: 1024px) 100vw, 1024px\" \/><\/figure>\n\n\n\n<figure class=\"wp-block-image size-large\"><img loading=\"lazy\" decoding=\"async\" width=\"1024\" height=\"683\" data-id=\"34079\" src=\"https:\/\/sybir.bialystok.pl\/wp-content\/uploads\/2025\/01\/DSC_0068-1024x683.jpg\" alt=\"\" class=\"wp-image-34079\" srcset=\"https:\/\/sybir.bialystok.pl\/wp-content\/uploads\/2025\/01\/DSC_0068-1024x683.jpg 1024w, https:\/\/sybir.bialystok.pl\/wp-content\/uploads\/2025\/01\/DSC_0068-300x200.jpg 300w, https:\/\/sybir.bialystok.pl\/wp-content\/uploads\/2025\/01\/DSC_0068-768x512.jpg 768w, https:\/\/sybir.bialystok.pl\/wp-content\/uploads\/2025\/01\/DSC_0068-1536x1024.jpg 1536w, https:\/\/sybir.bialystok.pl\/wp-content\/uploads\/2025\/01\/DSC_0068-2048x1365.jpg 2048w\" sizes=\"auto, (max-width: 1024px) 100vw, 1024px\" \/><\/figure>\n\n\n\n<figure class=\"wp-block-image size-large\"><img loading=\"lazy\" decoding=\"async\" width=\"1024\" height=\"683\" data-id=\"33977\" src=\"https:\/\/sybir.bialystok.pl\/wp-content\/uploads\/2025\/01\/DSC_0016-1024x683.jpg\" alt=\"\" class=\"wp-image-33977\" srcset=\"https:\/\/sybir.bialystok.pl\/wp-content\/uploads\/2025\/01\/DSC_0016-1024x683.jpg 1024w, https:\/\/sybir.bialystok.pl\/wp-content\/uploads\/2025\/01\/DSC_0016-300x200.jpg 300w, https:\/\/sybir.bialystok.pl\/wp-content\/uploads\/2025\/01\/DSC_0016-768x512.jpg 768w, https:\/\/sybir.bialystok.pl\/wp-content\/uploads\/2025\/01\/DSC_0016-1536x1024.jpg 1536w, https:\/\/sybir.bialystok.pl\/wp-content\/uploads\/2025\/01\/DSC_0016-2048x1365.jpg 2048w\" sizes=\"auto, (max-width: 1024px) 100vw, 1024px\" \/><\/figure>\n<\/figure>\n\n\n\n<!--more-->\n","protected":false},"excerpt":{"rendered":"<p>The Museum Council\u2019s task is to supervise the implementation of the goals and to provide opinions on the operation of the institution. The term of office of the Council lasts four years.<\/p>\n","protected":false},"author":22,"featured_media":23314,"parent":0,"menu_order":0,"comment_status":"closed","ping_status":"closed","template":"","meta":{"_acf_changed":false,"_editorskit_title_hidden":false,"_editorskit_reading_time":0,"_editorskit_is_block_options_detached":false,"_editorskit_block_options_position":"{}","footnotes":""},"class_list":["post-33851","page","type-page","status-publish","has-post-thumbnail","hentry"],"acf":[],"yoast_head":"<!-- This site is optimized with the Yoast SEO plugin v24.6 - https:\/\/yoast.com\/wordpress\/plugins\/seo\/ -->\n<title>The Council of the Sybir Memorial Museum - Muzeum Pami\u0119ci Sybiru<\/title>\n<meta name=\"robots\" content=\"index, follow, max-snippet:-1, max-image-preview:large, max-video-preview:-1\" \/>\n<link rel=\"canonical\" href=\"https:\/\/sybir.bialystok.pl\/en\/the-council-of-the-sybir-memorial-museum\/\" \/>\n<meta property=\"og:locale\" content=\"en_US\" \/>\n<meta property=\"og:type\" content=\"article\" \/>\n<meta property=\"og:title\" content=\"The Council of the Sybir Memorial Museum - Muzeum Pami\u0119ci Sybiru\" \/>\n<meta property=\"og:description\" content=\"The Museum Council\u2019s task is to supervise the implementation of the goals and to provide opinions on the operation of the institution. The term of office of the Council lasts four years.\" \/>\n<meta property=\"og:url\" content=\"https:\/\/sybir.bialystok.pl\/en\/the-council-of-the-sybir-memorial-museum\/\" \/>\n<meta property=\"og:site_name\" content=\"Muzeum Pami\u0119ci Sybiru\" \/>\n<meta property=\"article:modified_time\" content=\"2025-01-10T09:24:35+00:00\" \/>\n<meta property=\"og:image\" content=\"https:\/\/sybir.bialystok.pl\/wp-content\/uploads\/2023\/12\/2023-MPS-Syberia-i-Polska-miejsca-wspolne-by-Krzysztof-Karpinski-110.jpg\" \/>\n\t<meta property=\"og:image:width\" content=\"2048\" \/>\n\t<meta property=\"og:image:height\" content=\"1367\" \/>\n\t<meta property=\"og:image:type\" content=\"image\/jpeg\" \/>\n<meta name=\"twitter:card\" content=\"summary_large_image\" \/>\n<script type=\"application\/ld+json\" class=\"yoast-schema-graph\">{\"@context\":\"https:\/\/schema.org\",\"@graph\":[{\"@type\":\"WebPage\",\"@id\":\"https:\/\/sybir.bialystok.pl\/en\/the-council-of-the-sybir-memorial-museum\/\",\"url\":\"https:\/\/sybir.bialystok.pl\/en\/the-council-of-the-sybir-memorial-museum\/\",\"name\":\"The Council of the Sybir Memorial Museum - Muzeum Pami\u0119ci Sybiru\",\"isPartOf\":{\"@id\":\"https:\/\/sybir.bialystok.pl\/en\/#website\"},\"primaryImageOfPage\":{\"@id\":\"https:\/\/sybir.bialystok.pl\/en\/the-council-of-the-sybir-memorial-museum\/#primaryimage\"},\"image\":{\"@id\":\"https:\/\/sybir.bialystok.pl\/en\/the-council-of-the-sybir-memorial-museum\/#primaryimage\"},\"thumbnailUrl\":\"https:\/\/sybir.bialystok.pl\/wp-content\/uploads\/2023\/12\/2023-MPS-Syberia-i-Polska-miejsca-wspolne-by-Krzysztof-Karpinski-110.jpg\",\"datePublished\":\"2024-12-19T14:22:14+00:00\",\"dateModified\":\"2025-01-10T09:24:35+00:00\",\"breadcrumb\":{\"@id\":\"https:\/\/sybir.bialystok.pl\/en\/the-council-of-the-sybir-memorial-museum\/#breadcrumb\"},\"inLanguage\":\"en-US\",\"potentialAction\":[{\"@type\":\"ReadAction\",\"target\":[\"https:\/\/sybir.bialystok.pl\/en\/the-council-of-the-sybir-memorial-museum\/\"]}]},{\"@type\":\"ImageObject\",\"inLanguage\":\"en-US\",\"@id\":\"https:\/\/sybir.bialystok.pl\/en\/the-council-of-the-sybir-memorial-museum\/#primaryimage\",\"url\":\"https:\/\/sybir.bialystok.pl\/wp-content\/uploads\/2023\/12\/2023-MPS-Syberia-i-Polska-miejsca-wspolne-by-Krzysztof-Karpinski-110.jpg\",\"contentUrl\":\"https:\/\/sybir.bialystok.pl\/wp-content\/uploads\/2023\/12\/2023-MPS-Syberia-i-Polska-miejsca-wspolne-by-Krzysztof-Karpinski-110.jpg\",\"width\":2048,\"height\":1367},{\"@type\":\"BreadcrumbList\",\"@id\":\"https:\/\/sybir.bialystok.pl\/en\/the-council-of-the-sybir-memorial-museum\/#breadcrumb\",\"itemListElement\":[{\"@type\":\"ListItem\",\"position\":1,\"name\":\"Home page\",\"item\":\"https:\/\/sybir.bialystok.pl\/en\/\"},{\"@type\":\"ListItem\",\"position\":2,\"name\":\"The Council of the Sybir Memorial Museum\"}]},{\"@type\":\"WebSite\",\"@id\":\"https:\/\/sybir.bialystok.pl\/en\/#website\",\"url\":\"https:\/\/sybir.bialystok.pl\/en\/\",\"name\":\"Muzeum Pami\u0119ci Sybiru\",\"description\":\"Muzeum Pami\u0119ci Sybiru jest po\u015bwi\u0119cone ludziom, kt\u00f3rzy od ko\u0144ca XVI a\u017c do po\u0142owy XX wieku byli niewoleni i zsy\u0142ani w g\u0142\u0105b Rosji, a p\u00f3\u017aniej Zwi\u0105zku Sowieckiego, jak te\u017c tym, kt\u00f3rzy pod\u0105\u017cali tam dobrowolnie.\",\"potentialAction\":[{\"@type\":\"SearchAction\",\"target\":{\"@type\":\"EntryPoint\",\"urlTemplate\":\"https:\/\/sybir.bialystok.pl\/en\/?s={search_term_string}\"},\"query-input\":{\"@type\":\"PropertyValueSpecification\",\"valueRequired\":true,\"valueName\":\"search_term_string\"}}],\"inLanguage\":\"en-US\"}]}<\/script>\n<!-- \/ Yoast SEO plugin. -->","yoast_head_json":{"title":"The Council of the Sybir Memorial Museum - Muzeum Pami\u0119ci Sybiru","robots":{"index":"index","follow":"follow","max-snippet":"max-snippet:-1","max-image-preview":"max-image-preview:large","max-video-preview":"max-video-preview:-1"},"canonical":"https:\/\/sybir.bialystok.pl\/en\/the-council-of-the-sybir-memorial-museum\/","og_locale":"en_US","og_type":"article","og_title":"The Council of the Sybir Memorial Museum - Muzeum Pami\u0119ci Sybiru","og_description":"The Museum Council\u2019s task is to supervise the implementation of the goals and to provide opinions on the operation of the institution. The term of office of the Council lasts four years.","og_url":"https:\/\/sybir.bialystok.pl\/en\/the-council-of-the-sybir-memorial-museum\/","og_site_name":"Muzeum Pami\u0119ci Sybiru","article_modified_time":"2025-01-10T09:24:35+00:00","og_image":[{"width":2048,"height":1367,"url":"https:\/\/sybir.bialystok.pl\/wp-content\/uploads\/2023\/12\/2023-MPS-Syberia-i-Polska-miejsca-wspolne-by-Krzysztof-Karpinski-110.jpg","type":"image\/jpeg"}],"twitter_card":"summary_large_image","schema":{"@context":"https:\/\/schema.org","@graph":[{"@type":"WebPage","@id":"https:\/\/sybir.bialystok.pl\/en\/the-council-of-the-sybir-memorial-museum\/","url":"https:\/\/sybir.bialystok.pl\/en\/the-council-of-the-sybir-memorial-museum\/","name":"The Council of the Sybir Memorial Museum - Muzeum Pami\u0119ci Sybiru","isPartOf":{"@id":"https:\/\/sybir.bialystok.pl\/en\/#website"},"primaryImageOfPage":{"@id":"https:\/\/sybir.bialystok.pl\/en\/the-council-of-the-sybir-memorial-museum\/#primaryimage"},"image":{"@id":"https:\/\/sybir.bialystok.pl\/en\/the-council-of-the-sybir-memorial-museum\/#primaryimage"},"thumbnailUrl":"https:\/\/sybir.bialystok.pl\/wp-content\/uploads\/2023\/12\/2023-MPS-Syberia-i-Polska-miejsca-wspolne-by-Krzysztof-Karpinski-110.jpg","datePublished":"2024-12-19T14:22:14+00:00","dateModified":"2025-01-10T09:24:35+00:00","breadcrumb":{"@id":"https:\/\/sybir.bialystok.pl\/en\/the-council-of-the-sybir-memorial-museum\/#breadcrumb"},"inLanguage":"en-US","potentialAction":[{"@type":"ReadAction","target":["https:\/\/sybir.bialystok.pl\/en\/the-council-of-the-sybir-memorial-museum\/"]}]},{"@type":"ImageObject","inLanguage":"en-US","@id":"https:\/\/sybir.bialystok.pl\/en\/the-council-of-the-sybir-memorial-museum\/#primaryimage","url":"https:\/\/sybir.bialystok.pl\/wp-content\/uploads\/2023\/12\/2023-MPS-Syberia-i-Polska-miejsca-wspolne-by-Krzysztof-Karpinski-110.jpg","contentUrl":"https:\/\/sybir.bialystok.pl\/wp-content\/uploads\/2023\/12\/2023-MPS-Syberia-i-Polska-miejsca-wspolne-by-Krzysztof-Karpinski-110.jpg","width":2048,"height":1367},{"@type":"BreadcrumbList","@id":"https:\/\/sybir.bialystok.pl\/en\/the-council-of-the-sybir-memorial-museum\/#breadcrumb","itemListElement":[{"@type":"ListItem","position":1,"name":"Home page","item":"https:\/\/sybir.bialystok.pl\/en\/"},{"@type":"ListItem","position":2,"name":"The Council of the Sybir Memorial Museum"}]},{"@type":"WebSite","@id":"https:\/\/sybir.bialystok.pl\/en\/#website","url":"https:\/\/sybir.bialystok.pl\/en\/","name":"Muzeum Pami\u0119ci Sybiru","description":"Muzeum Pami\u0119ci Sybiru jest po\u015bwi\u0119cone ludziom, kt\u00f3rzy od ko\u0144ca XVI a\u017c do po\u0142owy XX wieku byli niewoleni i zsy\u0142ani w g\u0142\u0105b Rosji, a p\u00f3\u017aniej Zwi\u0105zku Sowieckiego, jak te\u017c tym, kt\u00f3rzy pod\u0105\u017cali tam dobrowolnie.","potentialAction":[{"@type":"SearchAction","target":{"@type":"EntryPoint","urlTemplate":"https:\/\/sybir.bialystok.pl\/en\/?s={search_term_string}"},"query-input":{"@type":"PropertyValueSpecification","valueRequired":true,"valueName":"search_term_string"}}],"inLanguage":"en-US"}]}},"_links":{"self":[{"href":"https:\/\/sybir.bialystok.pl\/en\/wp-json\/wp\/v2\/pages\/33851","targetHints":{"allow":["GET"]}}],"collection":[{"href":"https:\/\/sybir.bialystok.pl\/en\/wp-json\/wp\/v2\/pages"}],"about":[{"href":"https:\/\/sybir.bialystok.pl\/en\/wp-json\/wp\/v2\/types\/page"}],"author":[{"embeddable":true,"href":"https:\/\/sybir.bialystok.pl\/en\/wp-json\/wp\/v2\/users\/22"}],"replies":[{"embeddable":true,"href":"https:\/\/sybir.bialystok.pl\/en\/wp-json\/wp\/v2\/comments?post=33851"}],"version-history":[{"count":4,"href":"https:\/\/sybir.bialystok.pl\/en\/wp-json\/wp\/v2\/pages\/33851\/revisions"}],"predecessor-version":[{"id":34100,"href":"https:\/\/sybir.bialystok.pl\/en\/wp-json\/wp\/v2\/pages\/33851\/revisions\/34100"}],"wp:featuredmedia":[{"embeddable":true,"href":"https:\/\/sybir.bialystok.pl\/en\/wp-json\/wp\/v2\/media\/23314"}],"wp:attachment":[{"href":"https:\/\/sybir.bialystok.pl\/en\/wp-json\/wp\/v2\/media?parent=33851"}],"curies":[{"name":"wp","href":"https:\/\/api.w.org\/{rel}","templated":true}]}}