{"id":229,"date":"2020-11-28T18:05:01","date_gmt":"2020-11-28T17:05:01","guid":{"rendered":"http:\/\/nowy.sybir.bialystok.pl\/wesprzyj-nas\/"},"modified":"2021-09-03T09:32:56","modified_gmt":"2021-09-03T07:32:56","slug":"support-the-museum","status":"publish","type":"page","link":"https:\/\/sybir.bialystok.pl\/en\/support-the-museum\/","title":{"rendered":"Support the Museum"},"content":{"rendered":"\n<figure class=\"wp-block-gallery columns-1 is-cropped wp-block-gallery-1 is-layout-flex wp-block-gallery-is-layout-flex\"><ul class=\"blocks-gallery-grid\"><li class=\"blocks-gallery-item\"><figure><a href=\"https:\/\/sybir.bialystok.pl\/wp-content\/uploads\/2021\/05\/Darczyncy-3.jpg\"><img loading=\"lazy\" decoding=\"async\" width=\"1024\" height=\"683\" src=\"https:\/\/sybir.bialystok.pl\/wp-content\/uploads\/2021\/05\/Darczyncy-3-1024x683.jpg\" alt=\"\" data-id=\"5162\" data-full-url=\"https:\/\/sybir.bialystok.pl\/wp-content\/uploads\/2021\/05\/Darczyncy-3.jpg\" data-link=\"https:\/\/sybir.bialystok.pl\/wesprzyj-muzeum\/darczyncy-3\/\" class=\"wp-image-5162\" srcset=\"https:\/\/sybir.bialystok.pl\/wp-content\/uploads\/2021\/05\/Darczyncy-3-1024x683.jpg 1024w, https:\/\/sybir.bialystok.pl\/wp-content\/uploads\/2021\/05\/Darczyncy-3-300x200.jpg 300w, https:\/\/sybir.bialystok.pl\/wp-content\/uploads\/2021\/05\/Darczyncy-3-768x512.jpg 768w, https:\/\/sybir.bialystok.pl\/wp-content\/uploads\/2021\/05\/Darczyncy-3.jpg 1151w\" sizes=\"auto, (max-width: 1024px) 100vw, 1024px\" \/><\/a><\/figure><\/li><\/ul><\/figure>\n\n\n\n<div style=\"height:20px\" aria-hidden=\"true\" class=\"wp-block-spacer\"><\/div>\n\n\n\n<p>Together, we create the Sybir Memorial Museum! It\u2019s not only a place, but most of all, the people, their memories and the memories related to it.<\/p>\n\n\n\n<p>Even the smallest amount of money allows the institution to keep developing and helps saving from oblivion the history of thousands of the <em>Sybiraks<\/em>.<\/p>\n\n\n\n<h2 class=\"wp-block-heading\"><strong>WE ARE THANKFUL FOR EACH SUPPORT!<\/strong><\/h2>\n\n\n\n<div style=\"height:20px\" aria-hidden=\"true\" class=\"wp-block-spacer\"><\/div>\n\n\n\n<figure class=\"wp-block-gallery columns-0 is-cropped wp-block-gallery-2 is-layout-flex wp-block-gallery-is-layout-flex\"><ul class=\"blocks-gallery-grid\"><li class=\"blocks-gallery-item\"><figure><a href=\"https:\/\/sybir.bialystok.pl\/wp-content\/uploads\/2021\/05\/Darczyncy-1.jpg\"><img loading=\"lazy\" decoding=\"async\" width=\"1024\" height=\"683\" src=\"https:\/\/sybir.bialystok.pl\/wp-content\/uploads\/2021\/05\/Darczyncy-1-1024x683.jpg\" alt=\"\" data-id=\"5165\" data-full-url=\"https:\/\/sybir.bialystok.pl\/wp-content\/uploads\/2021\/05\/Darczyncy-1.jpg\" data-link=\"https:\/\/sybir.bialystok.pl\/wesprzyj-muzeum\/darczyncy-1\/\" class=\"wp-image-5165\" srcset=\"https:\/\/sybir.bialystok.pl\/wp-content\/uploads\/2021\/05\/Darczyncy-1-1024x683.jpg 1024w, https:\/\/sybir.bialystok.pl\/wp-content\/uploads\/2021\/05\/Darczyncy-1-300x200.jpg 300w, https:\/\/sybir.bialystok.pl\/wp-content\/uploads\/2021\/05\/Darczyncy-1-768x512.jpg 768w, https:\/\/sybir.bialystok.pl\/wp-content\/uploads\/2021\/05\/Darczyncy-1.jpg 1151w\" sizes=\"auto, (max-width: 1024px) 100vw, 1024px\" \/><\/a><\/figure><\/li><li class=\"blocks-gallery-item\"><figure><a href=\"https:\/\/sybir.bialystok.pl\/wp-content\/uploads\/2021\/05\/Darczyncy-2.jpg\"><img loading=\"lazy\" decoding=\"async\" width=\"1024\" height=\"683\" src=\"https:\/\/sybir.bialystok.pl\/wp-content\/uploads\/2021\/05\/Darczyncy-2-1024x683.jpg\" alt=\"\" data-id=\"5168\" data-full-url=\"https:\/\/sybir.bialystok.pl\/wp-content\/uploads\/2021\/05\/Darczyncy-2.jpg\" data-link=\"https:\/\/sybir.bialystok.pl\/wesprzyj-muzeum\/darczyncy-2\/\" class=\"wp-image-5168\" srcset=\"https:\/\/sybir.bialystok.pl\/wp-content\/uploads\/2021\/05\/Darczyncy-2-1024x683.jpg 1024w, https:\/\/sybir.bialystok.pl\/wp-content\/uploads\/2021\/05\/Darczyncy-2-300x200.jpg 300w, https:\/\/sybir.bialystok.pl\/wp-content\/uploads\/2021\/05\/Darczyncy-2-768x512.jpg 768w, https:\/\/sybir.bialystok.pl\/wp-content\/uploads\/2021\/05\/Darczyncy-2.jpg 1151w\" sizes=\"auto, (max-width: 1024px) 100vw, 1024px\" \/><\/a><\/figure><\/li><\/ul><\/figure>\n\n\n\n<div style=\"height:25px\" aria-hidden=\"true\" class=\"wp-block-spacer\"><\/div>\n\n\n\n<p>Expressing our thankfulness to the Friends and the Donors of the Sybir Memorial Museum, we remember about them while praying during each Mass booked on Sunday proceeding the anniversary of the second deportation (April 13, 1940). A tribute to the people supporting the Museum is also Donor Day, organized in September within the International March of Remembrance of the Siberian Deportees.<\/p>\n\n\n\n<p>Well-deserved donors are honored with a statue and permanently remembered in the space of the Sybir Memorial Museum.<\/p>\n\n\n\n<p>Thank you!<\/p>\n\n\n\n<div style=\"height:10px\" aria-hidden=\"true\" class=\"wp-block-spacer\"><\/div>\n\n\n\n<figure class=\"wp-block-gallery columns-1 is-cropped wp-block-gallery-3 is-layout-flex wp-block-gallery-is-layout-flex\"><ul class=\"blocks-gallery-grid\"><li class=\"blocks-gallery-item\"><figure><a href=\"https:\/\/sybir.bialystok.pl\/wp-content\/uploads\/2021\/04\/Wesprzyh-Muzeum-scaled.jpg\"><img loading=\"lazy\" decoding=\"async\" width=\"1024\" height=\"684\" src=\"https:\/\/sybir.bialystok.pl\/wp-content\/uploads\/2021\/04\/Wesprzyh-Muzeum-1024x684.jpg\" alt=\"\" data-id=\"4425\" data-full-url=\"https:\/\/sybir.bialystok.pl\/wp-content\/uploads\/2021\/04\/Wesprzyh-Muzeum-scaled.jpg\" data-link=\"https:\/\/sybir.bialystok.pl\/wesprzyj-muzeum\/wesprzyh-muzeum\/\" class=\"wp-image-4425\" srcset=\"https:\/\/sybir.bialystok.pl\/wp-content\/uploads\/2021\/04\/Wesprzyh-Muzeum-1024x684.jpg 1024w, https:\/\/sybir.bialystok.pl\/wp-content\/uploads\/2021\/04\/Wesprzyh-Muzeum-300x201.jpg 300w, https:\/\/sybir.bialystok.pl\/wp-content\/uploads\/2021\/04\/Wesprzyh-Muzeum-768x513.jpg 768w, https:\/\/sybir.bialystok.pl\/wp-content\/uploads\/2021\/04\/Wesprzyh-Muzeum-1536x1027.jpg 1536w, https:\/\/sybir.bialystok.pl\/wp-content\/uploads\/2021\/04\/Wesprzyh-Muzeum-2048x1369.jpg 2048w\" sizes=\"auto, (max-width: 1024px) 100vw, 1024px\" \/><\/a><\/figure><\/li><\/ul><\/figure>\n\n\n\n<div style=\"height:20px\" aria-hidden=\"true\" class=\"wp-block-spacer\"><\/div>\n\n\n\n<h2 class=\"wp-block-heading\">SUPPORT THE MUSEUM<\/h2>\n\n\n\n<p><strong>Support the Sybir Memorial Museum<\/strong><\/p>\n\n\n\n<ul class=\"wp-block-list\"><li>number of the bank account: <strong>30 1240 5211 1111 0010 7179 4667<\/strong>,with the information: <em>payment of donor for the statutory aims of the Sybir Memorial Museum<\/em><\/li><li>phone number: <strong>+48 795 650\u00a0800<\/strong><\/li><li>e-mail: <a href=\"mailto:sekretariat@sybir.bialystok.pl\"><strong>sekretariat@sybir.bialystok.pl<\/strong><\/a><\/li><\/ul>\n\n\n\n<div style=\"height:40px\" aria-hidden=\"true\" class=\"wp-block-spacer\"><\/div>\n","protected":false},"excerpt":{"rendered":"<p>We care and pass the memory of Sybir to future generations. Support us in our activities!<\/p>\n","protected":false},"author":1,"featured_media":2497,"parent":0,"menu_order":0,"comment_status":"closed","ping_status":"closed","template":"page-templates\/donate.php","meta":{"_acf_changed":false,"_editorskit_title_hidden":false,"_editorskit_reading_time":0,"_editorskit_is_block_options_detached":false,"_editorskit_block_options_position":"{}","footnotes":""},"class_list":["post-229","page","type-page","status-publish","has-post-thumbnail","hentry"],"acf":[],"yoast_head":"<!-- This site is optimized with the Yoast SEO plugin v24.6 - https:\/\/yoast.com\/wordpress\/plugins\/seo\/ -->\n<title>Support the Museum - Muzeum Pami\u0119ci Sybiru<\/title>\n<meta name=\"description\" content=\"We care and pass the memory of Sybir to future generations. Support us in our activities!\" \/>\n<meta name=\"robots\" content=\"index, follow, max-snippet:-1, max-image-preview:large, max-video-preview:-1\" \/>\n<link rel=\"canonical\" href=\"https:\/\/sybir.bialystok.pl\/en\/support-the-museum\/\" \/>\n<meta property=\"og:locale\" content=\"en_US\" \/>\n<meta property=\"og:type\" content=\"article\" \/>\n<meta property=\"og:title\" content=\"Support the Museum - Muzeum Pami\u0119ci Sybiru\" \/>\n<meta property=\"og:description\" content=\"We care and pass the memory of Sybir to future generations. Support us in our activities!\" \/>\n<meta property=\"og:url\" content=\"https:\/\/sybir.bialystok.pl\/en\/support-the-museum\/\" \/>\n<meta property=\"og:site_name\" content=\"Muzeum Pami\u0119ci Sybiru\" \/>\n<meta property=\"article:modified_time\" content=\"2021-09-03T07:32:56+00:00\" \/>\n<meta property=\"og:image\" content=\"https:\/\/sybir.bialystok.pl\/wp-content\/uploads\/2021\/03\/Wesprzyj-Muzeum.png\" \/>\n\t<meta property=\"og:image:width\" content=\"1490\" \/>\n\t<meta property=\"og:image:height\" content=\"940\" \/>\n\t<meta property=\"og:image:type\" content=\"image\/png\" \/>\n<meta name=\"twitter:card\" content=\"summary_large_image\" \/>\n<meta name=\"twitter:label1\" content=\"Est. reading time\" \/>\n\t<meta name=\"twitter:data1\" content=\"2 minutes\" \/>\n<script type=\"application\/ld+json\" class=\"yoast-schema-graph\">{\"@context\":\"https:\/\/schema.org\",\"@graph\":[{\"@type\":\"WebPage\",\"@id\":\"https:\/\/sybir.bialystok.pl\/en\/support-the-museum\/\",\"url\":\"https:\/\/sybir.bialystok.pl\/en\/support-the-museum\/\",\"name\":\"Support the Museum - Muzeum Pami\u0119ci Sybiru\",\"isPartOf\":{\"@id\":\"https:\/\/sybir.bialystok.pl\/en\/#website\"},\"primaryImageOfPage\":{\"@id\":\"https:\/\/sybir.bialystok.pl\/en\/support-the-museum\/#primaryimage\"},\"image\":{\"@id\":\"https:\/\/sybir.bialystok.pl\/en\/support-the-museum\/#primaryimage\"},\"thumbnailUrl\":\"https:\/\/sybir.bialystok.pl\/wp-content\/uploads\/2021\/03\/Wesprzyj-Muzeum.png\",\"datePublished\":\"2020-11-28T17:05:01+00:00\",\"dateModified\":\"2021-09-03T07:32:56+00:00\",\"description\":\"We care and pass the memory of Sybir to future generations. Support us in our activities!\",\"breadcrumb\":{\"@id\":\"https:\/\/sybir.bialystok.pl\/en\/support-the-museum\/#breadcrumb\"},\"inLanguage\":\"en-US\",\"potentialAction\":[{\"@type\":\"ReadAction\",\"target\":[\"https:\/\/sybir.bialystok.pl\/en\/support-the-museum\/\"]}]},{\"@type\":\"ImageObject\",\"inLanguage\":\"en-US\",\"@id\":\"https:\/\/sybir.bialystok.pl\/en\/support-the-museum\/#primaryimage\",\"url\":\"https:\/\/sybir.bialystok.pl\/wp-content\/uploads\/2021\/03\/Wesprzyj-Muzeum.png\",\"contentUrl\":\"https:\/\/sybir.bialystok.pl\/wp-content\/uploads\/2021\/03\/Wesprzyj-Muzeum.png\",\"width\":1490,\"height\":940},{\"@type\":\"BreadcrumbList\",\"@id\":\"https:\/\/sybir.bialystok.pl\/en\/support-the-museum\/#breadcrumb\",\"itemListElement\":[{\"@type\":\"ListItem\",\"position\":1,\"name\":\"Home page\",\"item\":\"https:\/\/sybir.bialystok.pl\/en\/\"},{\"@type\":\"ListItem\",\"position\":2,\"name\":\"Support the Museum\"}]},{\"@type\":\"WebSite\",\"@id\":\"https:\/\/sybir.bialystok.pl\/en\/#website\",\"url\":\"https:\/\/sybir.bialystok.pl\/en\/\",\"name\":\"Muzeum Pami\u0119ci Sybiru\",\"description\":\"Muzeum Pami\u0119ci Sybiru jest po\u015bwi\u0119cone ludziom, kt\u00f3rzy od ko\u0144ca XVI a\u017c do po\u0142owy XX wieku byli niewoleni i zsy\u0142ani w g\u0142\u0105b Rosji, a p\u00f3\u017aniej Zwi\u0105zku Sowieckiego, jak te\u017c tym, kt\u00f3rzy pod\u0105\u017cali tam dobrowolnie.\",\"potentialAction\":[{\"@type\":\"SearchAction\",\"target\":{\"@type\":\"EntryPoint\",\"urlTemplate\":\"https:\/\/sybir.bialystok.pl\/en\/?s={search_term_string}\"},\"query-input\":{\"@type\":\"PropertyValueSpecification\",\"valueRequired\":true,\"valueName\":\"search_term_string\"}}],\"inLanguage\":\"en-US\"}]}<\/script>\n<!-- \/ Yoast SEO plugin. -->","yoast_head_json":{"title":"Support the Museum - Muzeum Pami\u0119ci Sybiru","description":"We care and pass the memory of Sybir to future generations. Support us in our activities!","robots":{"index":"index","follow":"follow","max-snippet":"max-snippet:-1","max-image-preview":"max-image-preview:large","max-video-preview":"max-video-preview:-1"},"canonical":"https:\/\/sybir.bialystok.pl\/en\/support-the-museum\/","og_locale":"en_US","og_type":"article","og_title":"Support the Museum - Muzeum Pami\u0119ci Sybiru","og_description":"We care and pass the memory of Sybir to future generations. Support us in our activities!","og_url":"https:\/\/sybir.bialystok.pl\/en\/support-the-museum\/","og_site_name":"Muzeum Pami\u0119ci Sybiru","article_modified_time":"2021-09-03T07:32:56+00:00","og_image":[{"width":1490,"height":940,"url":"https:\/\/sybir.bialystok.pl\/wp-content\/uploads\/2021\/03\/Wesprzyj-Muzeum.png","type":"image\/png"}],"twitter_card":"summary_large_image","twitter_misc":{"Est. reading time":"2 minutes"},"schema":{"@context":"https:\/\/schema.org","@graph":[{"@type":"WebPage","@id":"https:\/\/sybir.bialystok.pl\/en\/support-the-museum\/","url":"https:\/\/sybir.bialystok.pl\/en\/support-the-museum\/","name":"Support the Museum - Muzeum Pami\u0119ci Sybiru","isPartOf":{"@id":"https:\/\/sybir.bialystok.pl\/en\/#website"},"primaryImageOfPage":{"@id":"https:\/\/sybir.bialystok.pl\/en\/support-the-museum\/#primaryimage"},"image":{"@id":"https:\/\/sybir.bialystok.pl\/en\/support-the-museum\/#primaryimage"},"thumbnailUrl":"https:\/\/sybir.bialystok.pl\/wp-content\/uploads\/2021\/03\/Wesprzyj-Muzeum.png","datePublished":"2020-11-28T17:05:01+00:00","dateModified":"2021-09-03T07:32:56+00:00","description":"We care and pass the memory of Sybir to future generations. Support us in our activities!","breadcrumb":{"@id":"https:\/\/sybir.bialystok.pl\/en\/support-the-museum\/#breadcrumb"},"inLanguage":"en-US","potentialAction":[{"@type":"ReadAction","target":["https:\/\/sybir.bialystok.pl\/en\/support-the-museum\/"]}]},{"@type":"ImageObject","inLanguage":"en-US","@id":"https:\/\/sybir.bialystok.pl\/en\/support-the-museum\/#primaryimage","url":"https:\/\/sybir.bialystok.pl\/wp-content\/uploads\/2021\/03\/Wesprzyj-Muzeum.png","contentUrl":"https:\/\/sybir.bialystok.pl\/wp-content\/uploads\/2021\/03\/Wesprzyj-Muzeum.png","width":1490,"height":940},{"@type":"BreadcrumbList","@id":"https:\/\/sybir.bialystok.pl\/en\/support-the-museum\/#breadcrumb","itemListElement":[{"@type":"ListItem","position":1,"name":"Home page","item":"https:\/\/sybir.bialystok.pl\/en\/"},{"@type":"ListItem","position":2,"name":"Support the Museum"}]},{"@type":"WebSite","@id":"https:\/\/sybir.bialystok.pl\/en\/#website","url":"https:\/\/sybir.bialystok.pl\/en\/","name":"Muzeum Pami\u0119ci Sybiru","description":"Muzeum Pami\u0119ci Sybiru jest po\u015bwi\u0119cone ludziom, kt\u00f3rzy od ko\u0144ca XVI a\u017c do po\u0142owy XX wieku byli niewoleni i zsy\u0142ani w g\u0142\u0105b Rosji, a p\u00f3\u017aniej Zwi\u0105zku Sowieckiego, jak te\u017c tym, kt\u00f3rzy pod\u0105\u017cali tam dobrowolnie.","potentialAction":[{"@type":"SearchAction","target":{"@type":"EntryPoint","urlTemplate":"https:\/\/sybir.bialystok.pl\/en\/?s={search_term_string}"},"query-input":{"@type":"PropertyValueSpecification","valueRequired":true,"valueName":"search_term_string"}}],"inLanguage":"en-US"}]}},"_links":{"self":[{"href":"https:\/\/sybir.bialystok.pl\/en\/wp-json\/wp\/v2\/pages\/229","targetHints":{"allow":["GET"]}}],"collection":[{"href":"https:\/\/sybir.bialystok.pl\/en\/wp-json\/wp\/v2\/pages"}],"about":[{"href":"https:\/\/sybir.bialystok.pl\/en\/wp-json\/wp\/v2\/types\/page"}],"author":[{"embeddable":true,"href":"https:\/\/sybir.bialystok.pl\/en\/wp-json\/wp\/v2\/users\/1"}],"replies":[{"embeddable":true,"href":"https:\/\/sybir.bialystok.pl\/en\/wp-json\/wp\/v2\/comments?post=229"}],"version-history":[{"count":5,"href":"https:\/\/sybir.bialystok.pl\/en\/wp-json\/wp\/v2\/pages\/229\/revisions"}],"predecessor-version":[{"id":16705,"href":"https:\/\/sybir.bialystok.pl\/en\/wp-json\/wp\/v2\/pages\/229\/revisions\/16705"}],"wp:featuredmedia":[{"embeddable":true,"href":"https:\/\/sybir.bialystok.pl\/en\/wp-json\/wp\/v2\/media\/2497"}],"wp:attachment":[{"href":"https:\/\/sybir.bialystok.pl\/en\/wp-json\/wp\/v2\/media?parent=229"}],"curies":[{"name":"wp","href":"https:\/\/api.w.org\/{rel}","templated":true}]}}