{"id":13470,"date":"2022-06-08T10:32:05","date_gmt":"2022-06-08T08:32:05","guid":{"rendered":"https:\/\/sybir.bialystok.pl\/powstancy-zeslancy-syberyjska-sztafeta-pokolen-powstanie-listopadowe-i-zsylki-popowstaniowe\/"},"modified":"2023-04-04T13:17:29","modified_gmt":"2023-04-04T11:17:29","slug":"powstancy-zeslancy-syberyjska-sztafeta-pokolen-powstanie-listopadowe-i-zsylki-popowstaniowe","status":"publish","type":"page","link":"https:\/\/sybir.bialystok.pl\/en\/powstancy-zeslancy-syberyjska-sztafeta-pokolen-powstanie-listopadowe-i-zsylki-popowstaniowe\/","title":{"rendered":"&#8220;Insurgents\u2014Exiles. Siberian relay race of generations. The November Uprising and the exiles after the uprising.&#8221;"},"content":{"rendered":"\n<p>The exhibition presents the exile fates of Poles between XVIII and XIX century with the attention to their uprising fates. It also contains the information regarding tough life on exile and interesting scientific and financial careers of some of the exiles. <\/p>\n\n\n\n<h2 class=\"wp-block-heading\"><strong><strong>TECHNICAL DATA<\/strong><\/strong><\/h2>\n\n\n\n<p>The exhibition consists of 8 PVC boards (including the title board) with dimensions of 100 cm x 70 cm. There is also a possibility of designating a license for the digital version with the TIFF format files. The boards are adapted to be displayed on easels or in Omega-type exhibition systems.<\/p>\n\n\n\n<figure class=\"wp-block-gallery has-nested-images columns-default is-cropped wp-block-gallery-1 is-layout-flex wp-block-gallery-is-layout-flex\">\n<figure class=\"wp-block-image size-large\"><a href=\"https:\/\/sybir.bialystok.pl\/wp-content\/uploads\/2022\/06\/powstancy_plansza-1-Duzy-720x1024.jpg\"><img loading=\"lazy\" decoding=\"async\" width=\"720\" height=\"1024\" data-id=\"13387\" src=\"https:\/\/sybir.bialystok.pl\/wp-content\/uploads\/2022\/06\/powstancy_plansza-1-Duzy-720x1024.jpg\" alt=\"\" class=\"wp-image-13387\" srcset=\"https:\/\/sybir.bialystok.pl\/wp-content\/uploads\/2022\/06\/powstancy_plansza-1-Duzy-720x1024.jpg 720w, https:\/\/sybir.bialystok.pl\/wp-content\/uploads\/2022\/06\/powstancy_plansza-1-Duzy-211x300.jpg 211w, https:\/\/sybir.bialystok.pl\/wp-content\/uploads\/2022\/06\/powstancy_plansza-1-Duzy.jpg 759w\" sizes=\"auto, (max-width: 720px) 100vw, 720px\" \/><\/a><\/figure>\n\n\n\n<figure class=\"wp-block-image size-large\"><a href=\"https:\/\/sybir.bialystok.pl\/wp-content\/uploads\/2022\/06\/powstancy_plansza-2-Duzy-720x1024.jpg\"><img loading=\"lazy\" decoding=\"async\" width=\"720\" height=\"1024\" data-id=\"13390\" src=\"https:\/\/sybir.bialystok.pl\/wp-content\/uploads\/2022\/06\/powstancy_plansza-2-Duzy-720x1024.jpg\" alt=\"\" class=\"wp-image-13390\" srcset=\"https:\/\/sybir.bialystok.pl\/wp-content\/uploads\/2022\/06\/powstancy_plansza-2-Duzy-720x1024.jpg 720w, https:\/\/sybir.bialystok.pl\/wp-content\/uploads\/2022\/06\/powstancy_plansza-2-Duzy-211x300.jpg 211w, https:\/\/sybir.bialystok.pl\/wp-content\/uploads\/2022\/06\/powstancy_plansza-2-Duzy.jpg 759w\" sizes=\"auto, (max-width: 720px) 100vw, 720px\" \/><\/a><\/figure>\n\n\n\n<figure class=\"wp-block-image size-large\"><a href=\"https:\/\/sybir.bialystok.pl\/wp-content\/uploads\/2022\/06\/powstancy_plansza-3-Duzy-720x1024.jpg\"><img loading=\"lazy\" decoding=\"async\" width=\"720\" height=\"1024\" data-id=\"13393\" src=\"https:\/\/sybir.bialystok.pl\/wp-content\/uploads\/2022\/06\/powstancy_plansza-3-Duzy-720x1024.jpg\" alt=\"\" class=\"wp-image-13393\" srcset=\"https:\/\/sybir.bialystok.pl\/wp-content\/uploads\/2022\/06\/powstancy_plansza-3-Duzy-720x1024.jpg 720w, https:\/\/sybir.bialystok.pl\/wp-content\/uploads\/2022\/06\/powstancy_plansza-3-Duzy-211x300.jpg 211w, https:\/\/sybir.bialystok.pl\/wp-content\/uploads\/2022\/06\/powstancy_plansza-3-Duzy.jpg 759w\" sizes=\"auto, (max-width: 720px) 100vw, 720px\" \/><\/a><\/figure>\n<\/figure>\n\n\n\n<p>Detailed information about the terms of renting the exhibition provides the Permanent Exhibition Department:<\/p>\n\n\n\n<ul class=\"wp-block-list\" id=\"block-96e7e532-4d32-4925-bfaa-60be45e6e2ad\">\n<li>phone number:&nbsp;<strong><strong>85 672 36 06, 85 672 35 81<\/strong><\/strong><\/li>\n\n\n\n<li>e-mail:&nbsp;<strong><a href=\"mailto:marketing@sybir.bialystok.pl\"><\/a><a href=\"mailto:m.szarejko@sybir.bialystok.pl,\">wystawa@sybir.bialystok.pl<\/a><\/strong><\/li>\n<\/ul>\n","protected":false},"excerpt":{"rendered":"<p>The aim of the exhibition is to pay attention to still little known aspects of living in far Siberia.<\/p>\n","protected":false},"author":8,"featured_media":13388,"parent":0,"menu_order":0,"comment_status":"closed","ping_status":"closed","template":"","meta":{"_acf_changed":false,"_editorskit_title_hidden":false,"_editorskit_reading_time":0,"_editorskit_is_block_options_detached":false,"_editorskit_block_options_position":"{}","footnotes":""},"class_list":["post-13470","page","type-page","status-publish","has-post-thumbnail","hentry"],"acf":[],"yoast_head":"<!-- This site is optimized with the Yoast SEO plugin v24.6 - https:\/\/yoast.com\/wordpress\/plugins\/seo\/ -->\n<title>&quot;Insurgents\u2014Exiles. Siberian relay race of generations. The November Uprising and the exiles after the uprising.&quot; - Muzeum Pami\u0119ci Sybiru<\/title>\n<meta name=\"robots\" content=\"index, follow, max-snippet:-1, max-image-preview:large, max-video-preview:-1\" \/>\n<link rel=\"canonical\" href=\"https:\/\/sybir.bialystok.pl\/en\/powstancy-zeslancy-syberyjska-sztafeta-pokolen-powstanie-listopadowe-i-zsylki-popowstaniowe\/\" \/>\n<meta property=\"og:locale\" content=\"en_US\" \/>\n<meta property=\"og:type\" content=\"article\" \/>\n<meta property=\"og:title\" content=\"&quot;Insurgents\u2014Exiles. Siberian relay race of generations. The November Uprising and the exiles after the uprising.&quot; - Muzeum Pami\u0119ci Sybiru\" \/>\n<meta property=\"og:description\" content=\"The aim of the exhibition is to pay attention to still little known aspects of living in far Siberia.\" \/>\n<meta property=\"og:url\" content=\"https:\/\/sybir.bialystok.pl\/en\/powstancy-zeslancy-syberyjska-sztafeta-pokolen-powstanie-listopadowe-i-zsylki-popowstaniowe\/\" \/>\n<meta property=\"og:site_name\" content=\"Muzeum Pami\u0119ci Sybiru\" \/>\n<meta property=\"article:modified_time\" content=\"2023-04-04T11:17:29+00:00\" \/>\n<meta property=\"og:image\" content=\"https:\/\/sybir.bialystok.pl\/wp-content\/uploads\/2022\/06\/powstancy_plansza-1-Duzy.jpg\" \/>\n\t<meta property=\"og:image:width\" content=\"759\" \/>\n\t<meta property=\"og:image:height\" content=\"1080\" \/>\n\t<meta property=\"og:image:type\" content=\"image\/jpeg\" \/>\n<meta name=\"twitter:card\" content=\"summary_large_image\" \/>\n<meta name=\"twitter:label1\" content=\"Est. reading time\" \/>\n\t<meta name=\"twitter:data1\" content=\"2 minutes\" \/>\n<script type=\"application\/ld+json\" class=\"yoast-schema-graph\">{\"@context\":\"https:\/\/schema.org\",\"@graph\":[{\"@type\":\"WebPage\",\"@id\":\"https:\/\/sybir.bialystok.pl\/en\/powstancy-zeslancy-syberyjska-sztafeta-pokolen-powstanie-listopadowe-i-zsylki-popowstaniowe\/\",\"url\":\"https:\/\/sybir.bialystok.pl\/en\/powstancy-zeslancy-syberyjska-sztafeta-pokolen-powstanie-listopadowe-i-zsylki-popowstaniowe\/\",\"name\":\"\\\"Insurgents\u2014Exiles. Siberian relay race of generations. The November Uprising and the exiles after the uprising.\\\" - Muzeum Pami\u0119ci Sybiru\",\"isPartOf\":{\"@id\":\"https:\/\/sybir.bialystok.pl\/en\/#website\"},\"primaryImageOfPage\":{\"@id\":\"https:\/\/sybir.bialystok.pl\/en\/powstancy-zeslancy-syberyjska-sztafeta-pokolen-powstanie-listopadowe-i-zsylki-popowstaniowe\/#primaryimage\"},\"image\":{\"@id\":\"https:\/\/sybir.bialystok.pl\/en\/powstancy-zeslancy-syberyjska-sztafeta-pokolen-powstanie-listopadowe-i-zsylki-popowstaniowe\/#primaryimage\"},\"thumbnailUrl\":\"https:\/\/sybir.bialystok.pl\/wp-content\/uploads\/2022\/06\/powstancy_plansza-1-Duzy.jpg\",\"datePublished\":\"2022-06-08T08:32:05+00:00\",\"dateModified\":\"2023-04-04T11:17:29+00:00\",\"breadcrumb\":{\"@id\":\"https:\/\/sybir.bialystok.pl\/en\/powstancy-zeslancy-syberyjska-sztafeta-pokolen-powstanie-listopadowe-i-zsylki-popowstaniowe\/#breadcrumb\"},\"inLanguage\":\"en-US\",\"potentialAction\":[{\"@type\":\"ReadAction\",\"target\":[\"https:\/\/sybir.bialystok.pl\/en\/powstancy-zeslancy-syberyjska-sztafeta-pokolen-powstanie-listopadowe-i-zsylki-popowstaniowe\/\"]}]},{\"@type\":\"ImageObject\",\"inLanguage\":\"en-US\",\"@id\":\"https:\/\/sybir.bialystok.pl\/en\/powstancy-zeslancy-syberyjska-sztafeta-pokolen-powstanie-listopadowe-i-zsylki-popowstaniowe\/#primaryimage\",\"url\":\"https:\/\/sybir.bialystok.pl\/wp-content\/uploads\/2022\/06\/powstancy_plansza-1-Duzy.jpg\",\"contentUrl\":\"https:\/\/sybir.bialystok.pl\/wp-content\/uploads\/2022\/06\/powstancy_plansza-1-Duzy.jpg\",\"width\":759,\"height\":1080},{\"@type\":\"BreadcrumbList\",\"@id\":\"https:\/\/sybir.bialystok.pl\/en\/powstancy-zeslancy-syberyjska-sztafeta-pokolen-powstanie-listopadowe-i-zsylki-popowstaniowe\/#breadcrumb\",\"itemListElement\":[{\"@type\":\"ListItem\",\"position\":1,\"name\":\"Home page\",\"item\":\"https:\/\/sybir.bialystok.pl\/en\/\"},{\"@type\":\"ListItem\",\"position\":2,\"name\":\"&#8222;Insurgents\u2014Exiles. Siberian relay race of generations. The November Uprising and the exiles after the uprising.&#8221;\"}]},{\"@type\":\"WebSite\",\"@id\":\"https:\/\/sybir.bialystok.pl\/en\/#website\",\"url\":\"https:\/\/sybir.bialystok.pl\/en\/\",\"name\":\"Muzeum Pami\u0119ci Sybiru\",\"description\":\"Muzeum Pami\u0119ci Sybiru jest po\u015bwi\u0119cone ludziom, kt\u00f3rzy od ko\u0144ca XVI a\u017c do po\u0142owy XX wieku byli niewoleni i zsy\u0142ani w g\u0142\u0105b Rosji, a p\u00f3\u017aniej Zwi\u0105zku Sowieckiego, jak te\u017c tym, kt\u00f3rzy pod\u0105\u017cali tam dobrowolnie.\",\"potentialAction\":[{\"@type\":\"SearchAction\",\"target\":{\"@type\":\"EntryPoint\",\"urlTemplate\":\"https:\/\/sybir.bialystok.pl\/en\/?s={search_term_string}\"},\"query-input\":{\"@type\":\"PropertyValueSpecification\",\"valueRequired\":true,\"valueName\":\"search_term_string\"}}],\"inLanguage\":\"en-US\"}]}<\/script>\n<!-- \/ Yoast SEO plugin. -->","yoast_head_json":{"title":"\"Insurgents\u2014Exiles. Siberian relay race of generations. The November Uprising and the exiles after the uprising.\" - Muzeum Pami\u0119ci Sybiru","robots":{"index":"index","follow":"follow","max-snippet":"max-snippet:-1","max-image-preview":"max-image-preview:large","max-video-preview":"max-video-preview:-1"},"canonical":"https:\/\/sybir.bialystok.pl\/en\/powstancy-zeslancy-syberyjska-sztafeta-pokolen-powstanie-listopadowe-i-zsylki-popowstaniowe\/","og_locale":"en_US","og_type":"article","og_title":"\"Insurgents\u2014Exiles. Siberian relay race of generations. The November Uprising and the exiles after the uprising.\" - Muzeum Pami\u0119ci Sybiru","og_description":"The aim of the exhibition is to pay attention to still little known aspects of living in far Siberia.","og_url":"https:\/\/sybir.bialystok.pl\/en\/powstancy-zeslancy-syberyjska-sztafeta-pokolen-powstanie-listopadowe-i-zsylki-popowstaniowe\/","og_site_name":"Muzeum Pami\u0119ci Sybiru","article_modified_time":"2023-04-04T11:17:29+00:00","og_image":[{"width":759,"height":1080,"url":"https:\/\/sybir.bialystok.pl\/wp-content\/uploads\/2022\/06\/powstancy_plansza-1-Duzy.jpg","type":"image\/jpeg"}],"twitter_card":"summary_large_image","twitter_misc":{"Est. reading time":"2 minutes"},"schema":{"@context":"https:\/\/schema.org","@graph":[{"@type":"WebPage","@id":"https:\/\/sybir.bialystok.pl\/en\/powstancy-zeslancy-syberyjska-sztafeta-pokolen-powstanie-listopadowe-i-zsylki-popowstaniowe\/","url":"https:\/\/sybir.bialystok.pl\/en\/powstancy-zeslancy-syberyjska-sztafeta-pokolen-powstanie-listopadowe-i-zsylki-popowstaniowe\/","name":"\"Insurgents\u2014Exiles. Siberian relay race of generations. The November Uprising and the exiles after the uprising.\" - Muzeum Pami\u0119ci Sybiru","isPartOf":{"@id":"https:\/\/sybir.bialystok.pl\/en\/#website"},"primaryImageOfPage":{"@id":"https:\/\/sybir.bialystok.pl\/en\/powstancy-zeslancy-syberyjska-sztafeta-pokolen-powstanie-listopadowe-i-zsylki-popowstaniowe\/#primaryimage"},"image":{"@id":"https:\/\/sybir.bialystok.pl\/en\/powstancy-zeslancy-syberyjska-sztafeta-pokolen-powstanie-listopadowe-i-zsylki-popowstaniowe\/#primaryimage"},"thumbnailUrl":"https:\/\/sybir.bialystok.pl\/wp-content\/uploads\/2022\/06\/powstancy_plansza-1-Duzy.jpg","datePublished":"2022-06-08T08:32:05+00:00","dateModified":"2023-04-04T11:17:29+00:00","breadcrumb":{"@id":"https:\/\/sybir.bialystok.pl\/en\/powstancy-zeslancy-syberyjska-sztafeta-pokolen-powstanie-listopadowe-i-zsylki-popowstaniowe\/#breadcrumb"},"inLanguage":"en-US","potentialAction":[{"@type":"ReadAction","target":["https:\/\/sybir.bialystok.pl\/en\/powstancy-zeslancy-syberyjska-sztafeta-pokolen-powstanie-listopadowe-i-zsylki-popowstaniowe\/"]}]},{"@type":"ImageObject","inLanguage":"en-US","@id":"https:\/\/sybir.bialystok.pl\/en\/powstancy-zeslancy-syberyjska-sztafeta-pokolen-powstanie-listopadowe-i-zsylki-popowstaniowe\/#primaryimage","url":"https:\/\/sybir.bialystok.pl\/wp-content\/uploads\/2022\/06\/powstancy_plansza-1-Duzy.jpg","contentUrl":"https:\/\/sybir.bialystok.pl\/wp-content\/uploads\/2022\/06\/powstancy_plansza-1-Duzy.jpg","width":759,"height":1080},{"@type":"BreadcrumbList","@id":"https:\/\/sybir.bialystok.pl\/en\/powstancy-zeslancy-syberyjska-sztafeta-pokolen-powstanie-listopadowe-i-zsylki-popowstaniowe\/#breadcrumb","itemListElement":[{"@type":"ListItem","position":1,"name":"Home page","item":"https:\/\/sybir.bialystok.pl\/en\/"},{"@type":"ListItem","position":2,"name":"&#8222;Insurgents\u2014Exiles. Siberian relay race of generations. The November Uprising and the exiles after the uprising.&#8221;"}]},{"@type":"WebSite","@id":"https:\/\/sybir.bialystok.pl\/en\/#website","url":"https:\/\/sybir.bialystok.pl\/en\/","name":"Muzeum Pami\u0119ci Sybiru","description":"Muzeum Pami\u0119ci Sybiru jest po\u015bwi\u0119cone ludziom, kt\u00f3rzy od ko\u0144ca XVI a\u017c do po\u0142owy XX wieku byli niewoleni i zsy\u0142ani w g\u0142\u0105b Rosji, a p\u00f3\u017aniej Zwi\u0105zku Sowieckiego, jak te\u017c tym, kt\u00f3rzy pod\u0105\u017cali tam dobrowolnie.","potentialAction":[{"@type":"SearchAction","target":{"@type":"EntryPoint","urlTemplate":"https:\/\/sybir.bialystok.pl\/en\/?s={search_term_string}"},"query-input":{"@type":"PropertyValueSpecification","valueRequired":true,"valueName":"search_term_string"}}],"inLanguage":"en-US"}]}},"_links":{"self":[{"href":"https:\/\/sybir.bialystok.pl\/en\/wp-json\/wp\/v2\/pages\/13470","targetHints":{"allow":["GET"]}}],"collection":[{"href":"https:\/\/sybir.bialystok.pl\/en\/wp-json\/wp\/v2\/pages"}],"about":[{"href":"https:\/\/sybir.bialystok.pl\/en\/wp-json\/wp\/v2\/types\/page"}],"author":[{"embeddable":true,"href":"https:\/\/sybir.bialystok.pl\/en\/wp-json\/wp\/v2\/users\/8"}],"replies":[{"embeddable":true,"href":"https:\/\/sybir.bialystok.pl\/en\/wp-json\/wp\/v2\/comments?post=13470"}],"version-history":[{"count":4,"href":"https:\/\/sybir.bialystok.pl\/en\/wp-json\/wp\/v2\/pages\/13470\/revisions"}],"predecessor-version":[{"id":18456,"href":"https:\/\/sybir.bialystok.pl\/en\/wp-json\/wp\/v2\/pages\/13470\/revisions\/18456"}],"wp:featuredmedia":[{"embeddable":true,"href":"https:\/\/sybir.bialystok.pl\/en\/wp-json\/wp\/v2\/media\/13388"}],"wp:attachment":[{"href":"https:\/\/sybir.bialystok.pl\/en\/wp-json\/wp\/v2\/media?parent=13470"}],"curies":[{"name":"wp","href":"https:\/\/api.w.org\/{rel}","templated":true}]}}